{"id":10267,"date":"2014-08-11T15:48:12","date_gmt":"2014-08-11T15:48:12","guid":{"rendered":"http:\/\/ceric.org\/?page_id=10267"},"modified":"2023-05-24T14:28:41","modified_gmt":"2023-05-24T18:28:41","slug":"contactez","status":"publish","type":"page","link":"https:\/\/ceric.ca\/fr\/contactez\/","title":{"rendered":"Contactez"},"content":{"rendered":"<div class=\"wpb-content-wrapper\"><p>[vc_row][vc_column width=\u00a0\u00bb1\/2&Prime;][vc_column_text]<\/p>\n<h3>Contactez :<\/h3>\n<p>Pour toute demande concernant les information suivantes :<\/p>\n<p>Abonnements : envoyez un courriel \u00e0 <a class=\"c-link\" href=\"mailto:souscriptions@ceric.ca\" target=\"_blank\" rel=\"noopener noreferrer\" data-sk=\"tooltip_parent\" aria-describedby=\"sk-tooltip-4914db1d-cc24-4626-8734-cabeef988c35\">souscriptions@ceric.ca<\/a><br \/>\nApprentissage : envoyez un courriel \u00e0 <a href=\"mailto:apprentissage@ceric.ca\">apprentissage@ceric.ca<\/a><br \/>\nCannexus : envoyez un courriel \u00e0 <a href=\"mailto:cannexus@ceric.ca\">cannexus@ceric.ca<\/a><br \/>\nCareerWise : envoyez un courriel \u00e0 <a href=\"mailto:careerwise@ceric.ca\">careerwise@ceric.ca<\/a><br \/>\nOrientAction : envoyez un courriel \u00e0 courriel <a href=\"mailto:orientaction@ceric.ca\">orientaction@ceric.ca<\/a><\/p>\n<p>Pour toutes autres demandes, envoyez un courriel \u00e0 <a href=\"mailto:admin@ceric.ca\">admin@ceric.ca<\/a><\/p>\n<p>Consultez la <a href=\"\/?page_id=10610\" target=\"_blank\" rel=\"noopener noreferrer\">liste du personnel<\/a> afin de savoir qui contacter \u00e0 propos de quoi.<\/p>\n<p>T\u00e9l\u00e9phone: 416.929.2510<\/p>\n<h3>Adresse postale :<\/h3>\n<p>CERIC<br \/>\nFoundation House<br \/>\n2, avenue St. Clair Est, bureau 300<br \/>\nToronto (Ontario)<br \/>\nM4T 2T5[\/vc_column_text][\/vc_column][vc_column width=\u00a0\u00bb1\/2&Prime;][vc_column_text]<iframe style=\"border: 0;\" src=\"https:\/\/www.google.com\/maps\/embed?pb=!1m18!1m12!1m3!1d2885.0623580193387!2d-79.39599504845995!3d43.688466979017605!2m3!1f0!2f0!3f0!3m2!1i1024!2i768!4f13.1!3m3!1m2!1s0x882b334533a615f9%3A0x26ccc259694e9c0b!2s2+St+Clair+Ave+E%2C+Toronto%2C+ON+M4T+2T5%2C+Canada!5e0!3m2!1sen!2sus!4v1450715023322\" width=\"400\" height=\"300\" frameborder=\"0\" allowfullscreen=\"allowfullscreen\"><\/iframe>[\/vc_column_text][\/vc_column][\/vc_row][vc_row][vc_column][vc_column_text]<\/p>\n<h1><\/h1>\n<h1><strong>Notre engagement \u00e0 fournir des services accessibles<\/strong><\/h1>\n<p>Le CERIC s&rsquo;engage \u00e0 fournir un service \u00e0 la client\u00e8le de premier ordre, incluant aux personnes handicap\u00e9es.<\/p>\n<p>Sur demande, nous fournirons de l&rsquo;information et du mat\u00e9riel de communication dans un format qui tient compte du handicap d&rsquo;une personne, ou encore avec des supports de communication.<\/p>\n<p>Nous aimerions recevoir vos commentaires concernant les services que nous donnons aux personnes handicap\u00e9es. Faites-nous parvenir vos commentaires par courriel, par la poste ou par t\u00e9l\u00e9phone. Nous r\u00e9pondrons aux commentaires dans un d\u00e9lai de deux semaines.[\/vc_column_text][\/vc_column][\/vc_row]<\/p>\n<\/div>","protected":false},"excerpt":{"rendered":"<p>[vc_row][vc_column width=\u00a0\u00bb1\/2&Prime;][vc_column_text] Contactez : Pour toute demande concernant les information suivantes : Abonnements : envoyez un courriel \u00e0 souscriptions@ceric.ca Apprentissage : envoyez un courriel \u00e0 apprentissage@ceric.ca<span class=\"excerpt-hellip\"> [\u2026]<\/span><\/p>\n","protected":false},"author":1,"featured_media":0,"parent":0,"menu_order":0,"comment_status":"closed","ping_status":"closed","template":"","meta":{"h5ap_radio_sources":[],"footnotes":""},"class_list":["post-10267","page","type-page","status-publish","hentry"],"yoast_head":"<!-- This site is optimized with the Yoast SEO Premium plugin v27.3 (Yoast SEO v27.3) - https:\/\/yoast.com\/product\/yoast-seo-premium-wordpress\/ -->\n<title>Contactez - CERIC<\/title>\n<meta name=\"robots\" content=\"index, follow, max-snippet:-1, max-image-preview:large, max-video-preview:-1\" \/>\n<link rel=\"canonical\" href=\"https:\/\/ceric.ca\/fr\/contactez\/\" \/>\n<meta property=\"og:locale\" content=\"fr_FR\" \/>\n<meta property=\"og:type\" content=\"article\" \/>\n<meta property=\"og:title\" content=\"Contactez\" \/>\n<meta property=\"og:description\" content=\"[vc_row][vc_column width=\u00a0\u00bb1\/2&Prime;][vc_column_text] Contactez : Pour toute demande concernant les information suivantes : Abonnements : envoyez un courriel \u00e0 souscriptions@ceric.ca Apprentissage : envoyez un courriel \u00e0 apprentissage@ceric.ca [\u2026]\" \/>\n<meta property=\"og:url\" content=\"https:\/\/ceric.ca\/fr\/contactez\/\" \/>\n<meta property=\"og:site_name\" content=\"CERIC\" \/>\n<meta property=\"article:modified_time\" content=\"2023-05-24T18:28:41+00:00\" \/>\n<meta name=\"twitter:card\" content=\"summary_large_image\" \/>\n<meta name=\"twitter:label1\" content=\"Dur\u00e9e de lecture estim\u00e9e\" \/>\n\t<meta name=\"twitter:data1\" content=\"1 minute\" \/>\n<script type=\"application\/ld+json\" class=\"yoast-schema-graph\">{\"@context\":\"https:\\\/\\\/schema.org\",\"@graph\":[{\"@type\":\"WebPage\",\"@id\":\"https:\\\/\\\/ceric.ca\\\/fr\\\/contactez\\\/\",\"url\":\"https:\\\/\\\/ceric.ca\\\/fr\\\/contactez\\\/\",\"name\":\"Contactez - CERIC\",\"isPartOf\":{\"@id\":\"https:\\\/\\\/ceric.ca\\\/#website\"},\"datePublished\":\"2014-08-11T15:48:12+00:00\",\"dateModified\":\"2023-05-24T18:28:41+00:00\",\"breadcrumb\":{\"@id\":\"https:\\\/\\\/ceric.ca\\\/fr\\\/contactez\\\/#breadcrumb\"},\"inLanguage\":\"fr-FR\",\"potentialAction\":[{\"@type\":\"ReadAction\",\"target\":[\"https:\\\/\\\/ceric.ca\\\/fr\\\/contactez\\\/\"]}]},{\"@type\":\"BreadcrumbList\",\"@id\":\"https:\\\/\\\/ceric.ca\\\/fr\\\/contactez\\\/#breadcrumb\",\"itemListElement\":[{\"@type\":\"ListItem\",\"position\":1,\"name\":\"Home\",\"item\":\"https:\\\/\\\/ceric.ca\\\/fr\\\/ceric-homepage-2025\\\/\"},{\"@type\":\"ListItem\",\"position\":2,\"name\":\"Contactez\"}]},{\"@type\":\"WebSite\",\"@id\":\"https:\\\/\\\/ceric.ca\\\/#website\",\"url\":\"https:\\\/\\\/ceric.ca\\\/\",\"name\":\"CERIC\",\"description\":\"\",\"publisher\":{\"@id\":\"https:\\\/\\\/ceric.ca\\\/#organization\"},\"potentialAction\":[{\"@type\":\"SearchAction\",\"target\":{\"@type\":\"EntryPoint\",\"urlTemplate\":\"https:\\\/\\\/ceric.ca\\\/?s={search_term_string}\"},\"query-input\":{\"@type\":\"PropertyValueSpecification\",\"valueRequired\":true,\"valueName\":\"search_term_string\"}}],\"inLanguage\":\"fr-FR\"},{\"@type\":\"Organization\",\"@id\":\"https:\\\/\\\/ceric.ca\\\/#organization\",\"name\":\"CERIC\",\"url\":\"https:\\\/\\\/ceric.ca\\\/\",\"logo\":{\"@type\":\"ImageObject\",\"inLanguage\":\"fr-FR\",\"@id\":\"https:\\\/\\\/ceric.ca\\\/#\\\/schema\\\/logo\\\/image\\\/\",\"url\":\"\",\"contentUrl\":\"\",\"caption\":\"CERIC\"},\"image\":{\"@id\":\"https:\\\/\\\/ceric.ca\\\/#\\\/schema\\\/logo\\\/image\\\/\"}}]}<\/script>\n<!-- \/ Yoast SEO Premium plugin. -->","yoast_head_json":{"title":"Contactez - CERIC","robots":{"index":"index","follow":"follow","max-snippet":"max-snippet:-1","max-image-preview":"max-image-preview:large","max-video-preview":"max-video-preview:-1"},"canonical":"https:\/\/ceric.ca\/fr\/contactez\/","og_locale":"fr_FR","og_type":"article","og_title":"Contactez","og_description":"[vc_row][vc_column width=\u00a0\u00bb1\/2&Prime;][vc_column_text] Contactez : Pour toute demande concernant les information suivantes : Abonnements : envoyez un courriel \u00e0 souscriptions@ceric.ca Apprentissage : envoyez un courriel \u00e0 apprentissage@ceric.ca [\u2026]","og_url":"https:\/\/ceric.ca\/fr\/contactez\/","og_site_name":"CERIC","article_modified_time":"2023-05-24T18:28:41+00:00","twitter_card":"summary_large_image","twitter_misc":{"Dur\u00e9e de lecture estim\u00e9e":"1 minute"},"schema":{"@context":"https:\/\/schema.org","@graph":[{"@type":"WebPage","@id":"https:\/\/ceric.ca\/fr\/contactez\/","url":"https:\/\/ceric.ca\/fr\/contactez\/","name":"Contactez - CERIC","isPartOf":{"@id":"https:\/\/ceric.ca\/#website"},"datePublished":"2014-08-11T15:48:12+00:00","dateModified":"2023-05-24T18:28:41+00:00","breadcrumb":{"@id":"https:\/\/ceric.ca\/fr\/contactez\/#breadcrumb"},"inLanguage":"fr-FR","potentialAction":[{"@type":"ReadAction","target":["https:\/\/ceric.ca\/fr\/contactez\/"]}]},{"@type":"BreadcrumbList","@id":"https:\/\/ceric.ca\/fr\/contactez\/#breadcrumb","itemListElement":[{"@type":"ListItem","position":1,"name":"Home","item":"https:\/\/ceric.ca\/fr\/ceric-homepage-2025\/"},{"@type":"ListItem","position":2,"name":"Contactez"}]},{"@type":"WebSite","@id":"https:\/\/ceric.ca\/#website","url":"https:\/\/ceric.ca\/","name":"CERIC","description":"","publisher":{"@id":"https:\/\/ceric.ca\/#organization"},"potentialAction":[{"@type":"SearchAction","target":{"@type":"EntryPoint","urlTemplate":"https:\/\/ceric.ca\/?s={search_term_string}"},"query-input":{"@type":"PropertyValueSpecification","valueRequired":true,"valueName":"search_term_string"}}],"inLanguage":"fr-FR"},{"@type":"Organization","@id":"https:\/\/ceric.ca\/#organization","name":"CERIC","url":"https:\/\/ceric.ca\/","logo":{"@type":"ImageObject","inLanguage":"fr-FR","@id":"https:\/\/ceric.ca\/#\/schema\/logo\/image\/","url":"","contentUrl":"","caption":"CERIC"},"image":{"@id":"https:\/\/ceric.ca\/#\/schema\/logo\/image\/"}}]}},"_links":{"self":[{"href":"https:\/\/ceric.ca\/fr\/wp-json\/wp\/v2\/pages\/10267","targetHints":{"allow":["GET"]}}],"collection":[{"href":"https:\/\/ceric.ca\/fr\/wp-json\/wp\/v2\/pages"}],"about":[{"href":"https:\/\/ceric.ca\/fr\/wp-json\/wp\/v2\/types\/page"}],"author":[{"embeddable":true,"href":"https:\/\/ceric.ca\/fr\/wp-json\/wp\/v2\/users\/1"}],"replies":[{"embeddable":true,"href":"https:\/\/ceric.ca\/fr\/wp-json\/wp\/v2\/comments?post=10267"}],"version-history":[{"count":0,"href":"https:\/\/ceric.ca\/fr\/wp-json\/wp\/v2\/pages\/10267\/revisions"}],"wp:attachment":[{"href":"https:\/\/ceric.ca\/fr\/wp-json\/wp\/v2\/media?parent=10267"}],"curies":[{"name":"wp","href":"https:\/\/api.w.org\/{rel}","templated":true}]}}