{"id":10417,"date":"2014-08-18T14:18:37","date_gmt":"2014-08-18T14:18:37","guid":{"rendered":"http:\/\/ceric.org\/?page_id=10417"},"modified":"2022-08-26T11:35:43","modified_gmt":"2022-08-26T15:35:43","slug":"modalites-dutilisation","status":"publish","type":"page","link":"https:\/\/ceric.ca\/fr\/modalites-dutilisation\/","title":{"rendered":"MODALIT\u00c9S D&rsquo;UTILISATION"},"content":{"rendered":"<pre>Derni\u00e8re mise \u00e0 jour le 5 avril 2022<\/pre>\n<p>ACCEPTATION DES MODALIT\u00c9S<\/p>\n<p>VOTRE UTILISATION DE CE SITE WEB (\u00ab\u00a0SITE\u00a0\u00bb) ET DE TOUS LES SERVICES OU PRODUITS (COLLECTIVEMENT, \u00ab\u00a0SERVICES\u00a0\u00bb) DISPONIBLES SUR CE SITE EST SUBORDONN\u00c9E \u00c0 VOTRE ACCEPTATION DES MODALIT\u00c9S ET CONDITIONS D\u2019UTILISATION PR\u00c9SENT\u00c9ES CI-DESSOUS (\u00ab\u00a0ENTENTE\u00a0\u00bb).<\/p>\n<p>En utilisant ce site, y compris sans s\u2019y limiter, en consultant, visionnant, obtenant, acc\u00e9dant ou t\u00e9l\u00e9chargeant les informations qu\u2019il contient, vous acceptez de respecter les dispositions pr\u00e9sent\u00e9es dans cette entente lors de chaque visite du site ou usage des services. Si vous n\u2019\u00eates pas d\u2019accord avec la totalit\u00e9 de cette entente, vous ne devriez pas acc\u00e9der au site ou utiliser les services.<\/p>\n<p>Cette entente est conclue entre vous et le Canadian Education and Research Institute for Counselling (\u00ab\u00a0CERIC\u00a0\u00bb), une soci\u00e9t\u00e9 sans capital social, incorpor\u00e9e en vertu des lois du Canada.<\/p>\n<p>Vous garantissez que vous avez le droit, l\u2019autorit\u00e9 et la capacit\u00e9 de participer l\u00e9galement \u00e0 cette entente et de vous conformer \u00e0 toutes ses modalit\u00e9s et conditions.<\/p>\n<p>Votre utilisation du site peut \u00eatre assujettie aux lois et r\u00e8glements locaux, et vous acceptez de vous conformer \u00e0 l\u2019ensemble des lois et r\u00e8glements applicables. Votre utilisation du site peut \u00eatre influenc\u00e9e par d\u2019autres ententes entre vous et nous, ou vous et des tiers, et aucune utilisation de ce site ne saurait modifier les modalit\u00e9s de ces autres ententes.<\/p>\n<p>PROTECTION DES RENSEIGNEMENTS PERSONNELS<\/p>\n<p>Veuillez prendre connaissance de notre <a href=\"https:\/\/ceric.ca\/fr\/politique-sur-la-protection-des-renseignements-personnels\/\">politique sur la protection des renseignements personnels<\/a>, qui r\u00e9git \u00e9galement votre visite sur le site. Quand nous recueillons, utilisons ou communiquons des renseignements personnels, nous le faisons conform\u00e9ment \u00e0 la politique sur la protection des renseignements personnels; en nous fournissant des renseignements personnels ou en utilisant ce site, vous consentez \u00e0 ce qu\u2019ils soient recueillis, utilis\u00e9s ou communiqu\u00e9s conform\u00e9ment \u00e0 cette politique sur la protection des renseignements personnels.<\/p>\n<p>MODIFICATIONS DES MODALIT\u00c9S D\u2019UTILISATION ET DU SITE<\/p>\n<p>Nous pouvons modifier les modalit\u00e9s et conditions d\u2019utilisation en tout temps et sans avis pr\u00e9alable. Vous acceptez de revoir p\u00e9riodiquement ces modalit\u00e9s d\u2019utilisation pour prendre connaissance des modifications pouvant y \u00eatre apport\u00e9es.<\/p>\n<p>ACC\u00c8S ET UTILISATION DU SITE<\/p>\n<p>CETTE ENTENTE ET N\u2019IMPORTE QUELLE LICENCE ACCORD\u00c9E POUR UTILISER LE SITE ET POUR UTILISER DES SERVICES PRENDRONT IMM\u00c9DIATEMENT FIN DANS LE CAS D\u2019UNE UTILISATION NON AUTORIS\u00c9E DU SITE OU DE L\u2019INOBSERVATION DES DISPOSITIONS DE CETTE ENTENTE.<\/p>\n<p>POLITIQUE D\u2019UTILISATION ET INTERDICTIONS<\/p>\n<p>Outre les autres limitations sp\u00e9cifi\u00e9es dans cette entente, vous ne pouvez, ni ne laisserez d\u2019autres personnes, directement ou indirectement\u00a0:<\/p>\n<p>(1) t\u00e9l\u00e9charger ou afficher un contenu sur ce site qui pourrait constituer une offense criminelle ou donner lieu \u00e0 une responsabilit\u00e9 civile, ou encore encouragerait ou favoriserait une telle conduite;<br \/>\n(2) utiliser ce site d\u2019une mani\u00e8re contraire \u00e0 la loi en vigueur ou \u00e0 l\u2019\u00e9tiquette \u00e9lectronique, qui serait nocive, mena\u00e7ante, abusive, harcelante ou diffamatoire, ou qui pourrait empi\u00e9ter sur les droits de la protection des renseignements personnels, ou qui pourrait \u00eatre n\u00e9faste pour les mineurs d\u2019une fa\u00e7on ou d\u2019une autre, ou qui pourrait avoir des r\u00e9percussions d\u00e9favorables sur l\u2019utilisation du site ou d\u2019Internet par d\u2019autres utilisateurs;<br \/>\n(3) t\u00e9l\u00e9charger ou utiliser l\u2019information du site \u00e0 des fins autres que non commerciales;<br \/>\n(4) modifier, copier, afficher ou traduire le site ou n\u2019importe quelle de ses parties;<br \/>\n(5) d\u00e9compiler, d\u00e9sosser ou d\u00e9sassembler le site;<br \/>\n(6) cadrer ou utiliser des techniques de cadrage pour isoler n\u2019importe quel \u00e9l\u00e9ment du site, y compris n\u2019importe quelle partie de son contenu, sans notre consentement \u00e9crit expr\u00e8s;<br \/>\n(7) utiliser les m\u00e9tar\u00e9f\u00e9rences ou tout autre \u00ab texte cach\u00e9 \u00bb contenant notre nom ou marques d\u00e9pos\u00e9es sans notre consentement \u00e9crit expr\u00e8s;<br \/>\n(8) m\u00e9tarechercher le site;<br \/>\n(9) utiliser ou tenter d\u2019utiliser le compte, le mot de passe, le service, le syst\u00e8me ou toute autre information d\u2019une autre personne sans notre autorisation \u00e9crite pr\u00e9alable, ou cr\u00e9er ou utiliser une fausse identit\u00e9 sur ce site, ou contourner les mesures servant \u00e0 limiter l\u2019acc\u00e8s au site;<br \/>\n(10) transmettre au moyen, \u00e0 destination ou en provenance de ce site des pourriels, des cha\u00eenes de lettres, des publicit\u00e9s ou tout autre type de courriel de masse non sollicit\u00e9;<br \/>\n(11) t\u00e9l\u00e9charger, distribuer ou diss\u00e9miner autrement par l\u2019interm\u00e9diaire de ce site ou l\u2019utilisation des services, tout contenu ou information qui soit diffamatoire, obsc\u00e8ne, pornographique ou abusif, ou qui enfreint toute loi en vigueur, ou qui porte atteinte aux droits de n\u2019importe quelle autre personne;<br \/>\n(12) perturber ou entraver l\u2019utilisation ou la jouissance par une autre personne de ce site ou des sites associ\u00e9s ou apparent\u00e9s;<br \/>\n(13) utiliser ce site d\u2019une mani\u00e8re qui pourrait endommager, neutraliser, surcharger ou alt\u00e9rer ce site; ou<br \/>\n(14) utiliser le site ou les services d\u2019une mani\u00e8re qui enfreint la loi en vigueur.<\/p>\n<p>UTILISATEURS INSCRITS<\/p>\n<p>Si vous vous inscrivez pour assister \u00e0 une conf\u00e9rence de <a href=\"https:\/\/cannexus.ceric.ca\/fr\/\" target=\"_blank\" rel=\"noopener\">Cannexus<\/a>, \u00e0 un webinaire ou \u00e0 d\u2019autres \u00e9v\u00e9nements d\u2019apprentissage, ou pour acc\u00e9der \u00e0 pour une publication de <a href=\"https:\/\/careerwise.ceric.ca\/\" target=\"_blank\" rel=\"noopener\">CareerWise<\/a> ou <a href=\"https:\/\/orientaction.ceric.ca\/\" target=\"_blank\" rel=\"noopener\">OrientAction<\/a> ou si vous cherchez \u00e0 participer \u00e0 certaines activit\u00e9s offertes par le CERIC ou \u00e0 recevoir un produit ou un service du CERIC, vous pouvez \u00eatre amen\u00e9 \u00e0 fournir certains renseignements relatifs \u00e0 l\u2019inscription (\u00ab information d\u2019inscription \u00bb), y compris, mais sans s\u2019y limiter, votre nom, adresse \u00e9lectronique, emploi, titre, adresse postale ou num\u00e9ro de t\u00e9l\u00e9phone, coordonn\u00e9es d\u2019urgence et information sp\u00e9ciale sur l\u2019alimentation ou la pr\u00e9sence.<\/p>\n<p>Vous nous garantissez l\u2019exactitude de l\u2019information d\u2019inscription que vous fournissez.<\/p>\n<p>SOUMISSION DE L\u2019INFORMATION<\/p>\n<p>Nous fournirons une certaine s\u00e9curit\u00e9 dans un effort pour prot\u00e9ger la transmission \u00e9lectronique des num\u00e9ros de carte de cr\u00e9dit ou des autres renseignements financiers que vous nous soumettez ou soumettez \u00e0 nos services de paiement. Toutefois, nous ne garantissons pas la s\u00e9curit\u00e9 de toute information, financi\u00e8re ou autre, transmise \u00e0 destination ou en provenance de ce site. La transmission de renseignements sur Internet, y compris par courriel, n\u2019est pas s\u00e9curis\u00e9e et est susceptible d\u2019\u00eatre perdue, intercept\u00e9e ou alt\u00e9r\u00e9e.<\/p>\n<p>Outre l\u2019information financi\u00e8re demand\u00e9e par nous ou notre service de paiement, ou de tout autre renseignement sp\u00e9cifiquement demand\u00e9 par nous, comme lorsque nous traitons certaines demandes ou propositions (discut\u00e9es ci-dessous), vous n\u2019\u00eates pas autoris\u00e9 \u00e0 nous envoyer ou \u00e0 transmettre des renseignements confidentiels ou exclusifs par l\u2019interm\u00e9diaire de ce site.<\/p>\n<p>Notre processus de traitement des demandes ou des propositions soumises par l\u2019interm\u00e9diaire du site sera g\u00e9n\u00e9ralement pr\u00e9cis\u00e9 dans les directives accompagnant l\u2019invitation \u00e0 soumettre.<\/p>\n<p>Nous ne r\u00e9clamons pas la propri\u00e9t\u00e9 du contenu que vous pouvez nous soumettre. Toutefois, en nous soumettant un contenu, vous nous accordez, ainsi qu\u2019\u00e0 nos filiales, nos sous-licenci\u00e9s n\u00e9cessaires et (si applicable, en fonction des directives particuli\u00e8res) d\u2019autres tierces parties, la permission de reproduire et d\u2019utiliser le contenu soumis dans l\u2019optique d\u2019examiner ou d\u2019\u00e9valuer la soumission et les fins pour lesquelles vous avez fait la soumission. Les soumissions ne seront pas divulgu\u00e9es \u00e0 des tierces parties ni utilis\u00e9es \u00e0 des fins commerciales sans votre autorisation \u00e9crite pr\u00e9alable, sauf dans les cas pr\u00e9vus par les directives, sous r\u00e9serve de ce qui suit\u00a0: il se peut que le CERIC ait d\u00e9j\u00e0 \u00e9labor\u00e9 un contenu similaire ou qu\u2019il ait re\u00e7u d\u2019une autre source un contenu similaire \u00e0 votre soumission, auquel cas tous les droits de propri\u00e9t\u00e9 intellectuelle sur ce contenu demeurent la propri\u00e9t\u00e9 du CERIC et aucune permission de votre part pour utiliser ce contenu n\u2019est . Aucune compensation ne sera pay\u00e9e \u00e0 l\u2019\u00e9gard de n\u2019importe quelle soumission, \u00e0 moins d\u2019une entente \u00e9crite s\u00e9par\u00e9e conclue avec vous. Nous ne sommes nullement oblig\u00e9s d\u2019utiliser ou d\u2019afficher une soumission quelconque.<\/p>\n<p>En faisant une soumission, vous garantissez que vous poss\u00e9dez ou contr\u00f4lez autrement tous les droits se rapportant \u00e0 votre soumission, y compris, s\u2019il y a lieu, les droits n\u00e9cessaires pour que vous puissiez faire la soumission.<\/p>\n<p>LIENS<\/p>\n<p>Nous pouvons fournir des liens vers des sites exploit\u00e9s par des tiers, y compris sans s\u2019y limiter, les sites de services de paiement ind\u00e9pendants. Ces liens ne sauraient constituer une affiliation, une approbation, un parrainage ou une recommandation de notre part \u00e0 l\u2019\u00e9gard de ces tierces parties, du site li\u00e9, du contenu, des services ou des produits disponibles sur ou par l\u2019interm\u00e9diaire de tels sites ind\u00e9pendants.<\/p>\n<p>En acc\u00e9dant ou utilisant autrement les sites des tiers, ou en ayant n\u2019importe quel rapport d\u2019affaires avec les tiers, y compris les annonceurs trouv\u00e9s sur le site, vous reconnaissez \u00eatre assujetti \u00e0 toutes les modalit\u00e9s, conditions et politiques sur la protection des renseignements personnels applicables \u00e0 ces sites et que vous agissez \u00e0 vos propres risques. Nous ne sommes pas responsables de la disponibilit\u00e9 des sites li\u00e9s ou de leur contenu, services, produits, actions ou inactions.<\/p>\n<p>LIENS VERS NOTRE CONTENU<\/p>\n<p>Si vous exploitez le site Web d\u2019un tiers et souhaitez \u00e9tablir un lien avec le pr\u00e9sent site, le CERIC ne s\u2019y oppose pas, \u00e0 condition que vous ne sugg\u00e9riez pas de quelque mani\u00e8re que ce soit que vous \u00eates affili\u00e9 au CERIC ou que celui-ci vous soutient. Vous ne devez pas recourir au \u00ab\u00a0cadrage\u00a0\u00bb ou \u00e0 des pratiques similaires, et vous devez veiller \u00e0 ce que le lien vers notre site s\u2019ouvre dans une nouvelle fen\u00eatre.<\/p>\n<p>PROPRI\u00c9T\u00c9 INTELLECTUELLE<\/p>\n<p>Tout le contenu du site, y compris le texte, les graphiques, les ic\u00f4nes, les images, les clips audio ou vid\u00e9o, et le logiciel, est notre propri\u00e9t\u00e9 ou la propri\u00e9t\u00e9 de nos donneurs de licence, et est soumis au droit d\u2019auteur, \u00e0 la marque de commerce et aux autres lois sur la propri\u00e9t\u00e9 intellectuelle.<\/p>\n<p>MARQUES DE COMMERCE<\/p>\n<p>Toutes les marques qui figurent sur le site sont des marques de commerce ou des marques de commerce d\u00e9pos\u00e9es qui nous appartiennent ou appartiennent \u00e0 nos filiales ou donneurs de licence. Le concept esth\u00e9tique, la pr\u00e9sentation, les graphiques, les ic\u00f4nes et les images du site constituent des marques de commerce et des \u0153uvres prot\u00e9g\u00e9es par droit d\u2019auteur qui nous appartiennent. Nos marques de commerce et notre contenu ne peuvent \u00eatre reproduits ou utilis\u00e9s en association avec tout autre produit ou service sans notre autorisation. Toutes les marques de commerce qui figurent sur le site, et qui ne sont pas exploit\u00e9es par nous ou nos filiales, appartiennent \u00e0 leurs propri\u00e9taires respectifs.<\/p>\n<p>LIMITATION DE RESPONSABILIT\u00c9<\/p>\n<p>Bien que nous ayons fait tous les efforts commerciaux raisonnables pour fournir l\u2019information la plus pr\u00e9cise et la plus opportune qui existe, y compris l\u2019information sur tout projet de recherche financ\u00e9, sur les chercheurs et les pr\u00e9sentateurs, les renseignements sur les conf\u00e9rences (qui sont toujours susceptibles d\u2019\u00eatre modifi\u00e9s), l\u2019information sur l\u2019emploi, nous ne sommes pas responsables de toute information inexacte ou de tout \u00e9v\u00e9nement qui pourrait vous causer des dommages, soit directement (par exemple, une panne d\u2019ordinateur), soit indirectement (par exemple, une perte de profit). Toute d\u00e9cision bas\u00e9e sur les documents de ce site est \u00e0 vos propres risques.<\/p>\n<p>IL N\u2019Y A AUCUNE REPR\u00c9SENTATION, CONDITION OU GARANTIE EXPLICITE OU IMPLICITE CONCERNANT LE SITE OU LES SERVICES, OU LEUR UTILISATION, Y COMPRIS SANS S\u2019Y LIMITER, TOUTE REPR\u00c9SENTATION, CONDITION OU GARANTIE SUR LA DISPONIBILIT\u00c9, NON-INTERRUPTION, ABSENCE DE D\u00c9FAUT DU SITE, DESCRIPTION, VIRUS, INFRACTION \u00c0 LA S\u00c9CURIT\u00c9, DOMMAGES \u00c0 VOTRE SYST\u00c8ME INFORMATIQUE OU PERTE DE DONN\u00c9ES, CONDITIONS, APTITUDE \u00c0 L\u2019USAGE, QUALIT\u00c9, QUANTIT\u00c9 OU VALEUR MARCHANDE, OU TOUT AUTRE SUJET QUEL QU\u2019IL SOIT.<\/p>\n<p>VOUS RENONCEZ EXPRESS\u00c9MENT \u00c0 TOUTES REPR\u00c9SENTATIONS, CONDITIONS ET GARANTIES EXPLICITES OU IMPLICITES.<\/p>\n<p>NI NOUS, NI NOS FILIALES, NI TOUTE ENTIT\u00c9 COLLABORANT AVEC NOUS (SI APPLICABLE), NI LEURS EMPLOY\u00c9S RESPECTIFS, DIRECTEURS, ACTIONNAIRES, AGENTS, REPR\u00c9SENTANTS, FOURNISSEURS IND\u00c9PENDANTS DE CONTENU OU DONNEURS DE LICENCE, LE CAS \u00c9CH\u00c9ANT, NE POURRONT \u00caTRE TENUS RESPONSABLES DES DOMMAGES POUVANT D\u00c9COULER DE L\u2019UTILISATION DU SITE. CETTE LIMITATION S\u2019APPLIQUERA IND\u00c9PENDAMMENT DE LA NATURE DE LA CAUSE D\u2019ACTION, DEMANDE OU MESURE, Y COMPRIS SANS S\u2019Y LIMITER, LA RUPTURE DE CONTRAT, N\u00c9GLIGENCE, ACTE D\u00c9LICTUEL OU TOUTE AUTRE TH\u00c9ORIE JURIDIQUE, ET SURVIVRA \u00c0 TOUTE INEX\u00c9CUTION FONDAMENTALE DE CETTE ENTENTE, OU TOUT RECOURS CONTENU DANS CETTE ENTENTE. CE QUI PR\u00c9C\u00c8DE NE SAURAIT EN AUCUN CAS \u00caTRE RESPONSABLE DES PERTES, D\u00c9PENSES OU DOMMAGES INDIRECTS, SP\u00c9CIAUX, CONS\u00c9CUTIFS, ACCESSOIRES, PUNITIFS OU EXEMPLAIRES (Y COMPRIS SANS S\u2019Y LIMITER, L\u2019INTERRUPTION DES AFFAIRES, LE MANQUE \u00c0 GAGNER, LES AFFAIRES OU LES \u00c9CONOMIES PERDUES), M\u00caME SI LEUR EXISTENCE \u00c9VENTUELLE \u00c9TAIT CONNUE. LES RESPONSABILIT\u00c9S ATTRIBU\u00c9ES DANS CETTE ENTENTE ONT \u00c9T\u00c9 CONVENUES PAR LES PARTIES.<\/p>\n<p>VOTRE UTILISATION DE CE SITE EST \u00c0 VOS PROPRES RISQUES.<\/p>\n<p>G\u00c9N\u00c9RALIT\u00c9S<\/p>\n<p><em>Ces modalit\u00e9s et conditions d\u2019utilisation et la politique affich\u00e9e sur la protection des renseignements personnels forment la totalit\u00e9 de l\u2019entente entre nous. Toute demande, notification ou autre communication \u00e0 donner en lien avec cette entente doit nous \u00eatre adress\u00e9e par voie \u00e9lectronique \u00e0 <\/em><a href=\"mailto:admin@ceric.ca\"><em>admin@ceric.ca<\/em><\/a><em>\u00a0ou \u00e0 toute autre adresse ou num\u00e9ro personnel ou \u00e9lectronique que nous pouvons vous indiquer, et sera consid\u00e9r\u00e9e avoir \u00e9t\u00e9 donn\u00e9e le jour de la transmission si elle est re\u00e7ue durant les heures d\u2019ouverture normales du destinataire, et le jour ouvrable suivant si elle est re\u00e7ue en dehors de ces heures. Ces modalit\u00e9s et conditions sont r\u00e9gies et interpr\u00e9tables selon les lois de la province de l\u2019Ontario et les lois du Canada applicables en Ontario. Aux fins judiciaires, cette entente sera consid\u00e9r\u00e9e avoir \u00e9t\u00e9 ex\u00e9cut\u00e9e dans la province de l\u2019Ontario et les tribunaux de la province de l\u2019Ontario auront juridiction pour recevoir toute poursuite intent\u00e9e en vertu de cette entente, \u00e0 l\u2019exception des sujets qui ne peuvent \u00eatre entendus que dans un tribunal f\u00e9d\u00e9ral, auquel cas la juridiction et le lieu seront en Ontario. Les parties \u00e0 la pr\u00e9sente entente reconnaissent la juridiction des tribunaux de la province de l\u2019Ontario et du tribunal f\u00e9d\u00e9ral, conform\u00e9ment \u00e0 ce qui pr\u00e9c\u00e8de, et renoncent \u00e0 toute objection de lieu ou r\u00e9clamation pour tribunal inopportun.<\/em><\/p>\n<p>POUR COMMUNIQUER AVEC NOUS<\/p>\n<p>Ce site est exploit\u00e9 par le CERIC \u00e0 la , 2\u00a0avenue St.\u00a0Clair Est, bureau\u00a0300, Toronto, Ontario, M4T\u00a02T5. Si vous avez des questions ou des commentaires au sujet du site, n\u2019h\u00e9sitez pas \u00e0\u00a0<a href=\"https:\/\/ceric.ca\/fr\/contactez\/\">communiquer avec nous<\/a>.<\/p>\n<p>&nbsp;<\/p>\n<p>&nbsp;<\/p>\n","protected":false},"excerpt":{"rendered":"<p>Derni\u00e8re mise \u00e0 jour le 5 avril 2022 ACCEPTATION DES MODALIT\u00c9S VOTRE UTILISATION DE CE SITE WEB (\u00ab\u00a0SITE\u00a0\u00bb) ET DE TOUS LES SERVICES OU PRODUITS (COLLECTIVEMENT,<span class=\"excerpt-hellip\"> [\u2026]<\/span><\/p>\n","protected":false},"author":1,"featured_media":0,"parent":0,"menu_order":0,"comment_status":"closed","ping_status":"closed","template":"","meta":{"h5ap_radio_sources":[],"footnotes":""},"class_list":["post-10417","page","type-page","status-publish","hentry"],"yoast_head":"<!-- This site is optimized with the Yoast SEO Premium plugin v27.3 (Yoast SEO v27.3) - https:\/\/yoast.com\/product\/yoast-seo-premium-wordpress\/ -->\n<title>MODALIT\u00c9S D&#039;UTILISATION - CERIC<\/title>\n<meta name=\"robots\" content=\"index, follow, max-snippet:-1, max-image-preview:large, max-video-preview:-1\" \/>\n<link rel=\"canonical\" href=\"https:\/\/ceric.ca\/fr\/modalites-dutilisation\/\" \/>\n<meta property=\"og:locale\" content=\"fr_FR\" \/>\n<meta property=\"og:type\" content=\"article\" \/>\n<meta property=\"og:title\" content=\"MODALIT\u00c9S D&#039;UTILISATION\" \/>\n<meta property=\"og:description\" content=\"Derni\u00e8re mise \u00e0 jour le 5 avril 2022 ACCEPTATION DES MODALIT\u00c9S VOTRE UTILISATION DE CE SITE WEB (\u00ab\u00a0SITE\u00a0\u00bb) ET DE TOUS LES SERVICES OU PRODUITS (COLLECTIVEMENT, [\u2026]\" \/>\n<meta property=\"og:url\" content=\"https:\/\/ceric.ca\/fr\/modalites-dutilisation\/\" \/>\n<meta property=\"og:site_name\" content=\"CERIC\" \/>\n<meta property=\"article:modified_time\" content=\"2022-08-26T15:35:43+00:00\" \/>\n<meta name=\"twitter:card\" content=\"summary_large_image\" \/>\n<meta name=\"twitter:label1\" content=\"Dur\u00e9e de lecture estim\u00e9e\" \/>\n\t<meta name=\"twitter:data1\" content=\"10 minutes\" \/>\n<script type=\"application\/ld+json\" class=\"yoast-schema-graph\">{\"@context\":\"https:\\\/\\\/schema.org\",\"@graph\":[{\"@type\":\"WebPage\",\"@id\":\"https:\\\/\\\/ceric.ca\\\/fr\\\/modalites-dutilisation\\\/\",\"url\":\"https:\\\/\\\/ceric.ca\\\/fr\\\/modalites-dutilisation\\\/\",\"name\":\"MODALIT\u00c9S D'UTILISATION - CERIC\",\"isPartOf\":{\"@id\":\"https:\\\/\\\/ceric.ca\\\/#website\"},\"datePublished\":\"2014-08-18T14:18:37+00:00\",\"dateModified\":\"2022-08-26T15:35:43+00:00\",\"breadcrumb\":{\"@id\":\"https:\\\/\\\/ceric.ca\\\/fr\\\/modalites-dutilisation\\\/#breadcrumb\"},\"inLanguage\":\"fr-FR\",\"potentialAction\":[{\"@type\":\"ReadAction\",\"target\":[\"https:\\\/\\\/ceric.ca\\\/fr\\\/modalites-dutilisation\\\/\"]}]},{\"@type\":\"BreadcrumbList\",\"@id\":\"https:\\\/\\\/ceric.ca\\\/fr\\\/modalites-dutilisation\\\/#breadcrumb\",\"itemListElement\":[{\"@type\":\"ListItem\",\"position\":1,\"name\":\"Home\",\"item\":\"https:\\\/\\\/ceric.ca\\\/fr\\\/ceric-homepage-2025\\\/\"},{\"@type\":\"ListItem\",\"position\":2,\"name\":\"MODALIT\u00c9S D&#8217;UTILISATION\"}]},{\"@type\":\"WebSite\",\"@id\":\"https:\\\/\\\/ceric.ca\\\/#website\",\"url\":\"https:\\\/\\\/ceric.ca\\\/\",\"name\":\"CERIC\",\"description\":\"\",\"publisher\":{\"@id\":\"https:\\\/\\\/ceric.ca\\\/#organization\"},\"potentialAction\":[{\"@type\":\"SearchAction\",\"target\":{\"@type\":\"EntryPoint\",\"urlTemplate\":\"https:\\\/\\\/ceric.ca\\\/?s={search_term_string}\"},\"query-input\":{\"@type\":\"PropertyValueSpecification\",\"valueRequired\":true,\"valueName\":\"search_term_string\"}}],\"inLanguage\":\"fr-FR\"},{\"@type\":\"Organization\",\"@id\":\"https:\\\/\\\/ceric.ca\\\/#organization\",\"name\":\"CERIC\",\"url\":\"https:\\\/\\\/ceric.ca\\\/\",\"logo\":{\"@type\":\"ImageObject\",\"inLanguage\":\"fr-FR\",\"@id\":\"https:\\\/\\\/ceric.ca\\\/#\\\/schema\\\/logo\\\/image\\\/\",\"url\":\"\",\"contentUrl\":\"\",\"caption\":\"CERIC\"},\"image\":{\"@id\":\"https:\\\/\\\/ceric.ca\\\/#\\\/schema\\\/logo\\\/image\\\/\"}}]}<\/script>\n<!-- \/ Yoast SEO Premium plugin. -->","yoast_head_json":{"title":"MODALIT\u00c9S D'UTILISATION - CERIC","robots":{"index":"index","follow":"follow","max-snippet":"max-snippet:-1","max-image-preview":"max-image-preview:large","max-video-preview":"max-video-preview:-1"},"canonical":"https:\/\/ceric.ca\/fr\/modalites-dutilisation\/","og_locale":"fr_FR","og_type":"article","og_title":"MODALIT\u00c9S D'UTILISATION","og_description":"Derni\u00e8re mise \u00e0 jour le 5 avril 2022 ACCEPTATION DES MODALIT\u00c9S VOTRE UTILISATION DE CE SITE WEB (\u00ab\u00a0SITE\u00a0\u00bb) ET DE TOUS LES SERVICES OU PRODUITS (COLLECTIVEMENT, [\u2026]","og_url":"https:\/\/ceric.ca\/fr\/modalites-dutilisation\/","og_site_name":"CERIC","article_modified_time":"2022-08-26T15:35:43+00:00","twitter_card":"summary_large_image","twitter_misc":{"Dur\u00e9e de lecture estim\u00e9e":"10 minutes"},"schema":{"@context":"https:\/\/schema.org","@graph":[{"@type":"WebPage","@id":"https:\/\/ceric.ca\/fr\/modalites-dutilisation\/","url":"https:\/\/ceric.ca\/fr\/modalites-dutilisation\/","name":"MODALIT\u00c9S D'UTILISATION - CERIC","isPartOf":{"@id":"https:\/\/ceric.ca\/#website"},"datePublished":"2014-08-18T14:18:37+00:00","dateModified":"2022-08-26T15:35:43+00:00","breadcrumb":{"@id":"https:\/\/ceric.ca\/fr\/modalites-dutilisation\/#breadcrumb"},"inLanguage":"fr-FR","potentialAction":[{"@type":"ReadAction","target":["https:\/\/ceric.ca\/fr\/modalites-dutilisation\/"]}]},{"@type":"BreadcrumbList","@id":"https:\/\/ceric.ca\/fr\/modalites-dutilisation\/#breadcrumb","itemListElement":[{"@type":"ListItem","position":1,"name":"Home","item":"https:\/\/ceric.ca\/fr\/ceric-homepage-2025\/"},{"@type":"ListItem","position":2,"name":"MODALIT\u00c9S D&#8217;UTILISATION"}]},{"@type":"WebSite","@id":"https:\/\/ceric.ca\/#website","url":"https:\/\/ceric.ca\/","name":"CERIC","description":"","publisher":{"@id":"https:\/\/ceric.ca\/#organization"},"potentialAction":[{"@type":"SearchAction","target":{"@type":"EntryPoint","urlTemplate":"https:\/\/ceric.ca\/?s={search_term_string}"},"query-input":{"@type":"PropertyValueSpecification","valueRequired":true,"valueName":"search_term_string"}}],"inLanguage":"fr-FR"},{"@type":"Organization","@id":"https:\/\/ceric.ca\/#organization","name":"CERIC","url":"https:\/\/ceric.ca\/","logo":{"@type":"ImageObject","inLanguage":"fr-FR","@id":"https:\/\/ceric.ca\/#\/schema\/logo\/image\/","url":"","contentUrl":"","caption":"CERIC"},"image":{"@id":"https:\/\/ceric.ca\/#\/schema\/logo\/image\/"}}]}},"_links":{"self":[{"href":"https:\/\/ceric.ca\/fr\/wp-json\/wp\/v2\/pages\/10417","targetHints":{"allow":["GET"]}}],"collection":[{"href":"https:\/\/ceric.ca\/fr\/wp-json\/wp\/v2\/pages"}],"about":[{"href":"https:\/\/ceric.ca\/fr\/wp-json\/wp\/v2\/types\/page"}],"author":[{"embeddable":true,"href":"https:\/\/ceric.ca\/fr\/wp-json\/wp\/v2\/users\/1"}],"replies":[{"embeddable":true,"href":"https:\/\/ceric.ca\/fr\/wp-json\/wp\/v2\/comments?post=10417"}],"version-history":[{"count":0,"href":"https:\/\/ceric.ca\/fr\/wp-json\/wp\/v2\/pages\/10417\/revisions"}],"wp:attachment":[{"href":"https:\/\/ceric.ca\/fr\/wp-json\/wp\/v2\/media?parent=10417"}],"curies":[{"name":"wp","href":"https:\/\/api.w.org\/{rel}","templated":true}]}}