{"id":10423,"date":"2014-08-18T14:30:10","date_gmt":"2014-08-18T14:30:10","guid":{"rendered":"http:\/\/ceric.org\/?page_id=10423"},"modified":"2022-03-02T16:48:45","modified_gmt":"2022-03-02T21:48:45","slug":"politique-concernant-les-medias-sociaux","status":"publish","type":"page","link":"https:\/\/ceric.ca\/fr\/politique-concernant-les-medias-sociaux\/","title":{"rendered":"POLITIQUE CONCERNANT LES M\u00c9DIAS SOCIAUX"},"content":{"rendered":"<pre>Date d'entr\u00e9e en vigueur : 29\u202fnovembre\u202f2021<\/pre>\n<h3 style=\"text-transform: uppercase;\">\u00c9nonc\u00e9 de politique<\/h3>\n<p><span data-contrast=\"none\">La communication par les m\u00e9dias sociaux est un \u00e9l\u00e9ment cl\u00e9 de la strat\u00e9gie de communication permanente du CERIC. Le CERIC s\u2019engage \u00e0 veiller \u00e0 ce que les m\u00e9dias sociaux soient utilis\u00e9s de mani\u00e8re appropri\u00e9e et \u00e0 ce que leur contenu renforce et concr\u00e9tise notre mission et notre vision et soit conforme \u00e0 nos valeurs.\u00a0<\/span><span data-ccp-props=\"{&quot;201341983&quot;:1,&quot;335559740&quot;:280}\">\u00a0<\/span><\/p>\n<h3 style=\"text-transform: uppercase;\">Port\u00e9e de la politique relative aux m\u00e9dias sociaux<\/h3>\n<p><span data-contrast=\"none\">Cette politique r\u00e9git la publication et les commentaires sur les m\u00e9dias sociaux par le personnel du CERIC concernant ses priorit\u00e9s, projets, programmes et services.\u00a0<\/span><span data-ccp-props=\"{&quot;201341983&quot;:1,&quot;335559740&quot;:280}\">\u00a0<\/span><\/p>\n<p><span data-contrast=\"none\">Le personnel du CERIC comprend des employ\u00e9s salari\u00e9s, des contractuels et des \u00e9tudiants en stage pour des \u00e9v\u00e9nements et des projets, et plus encore.\u00a0<\/span><span data-ccp-props=\"{&quot;201341983&quot;:1,&quot;335559740&quot;:280}\">\u00a0<\/span><\/p>\n<p><span data-contrast=\"none\">Les m\u00e9dias sociaux d\u00e9signent tout outil permettant les publications et les commentaires en ligne, y compris, mais sans s\u2019y limiter, les blogues, les sites de r\u00e9seaux sociaux tels que Twitter, Instagram, Facebook, LinkedIn et YouTube.<\/span><span data-ccp-props=\"{&quot;201341983&quot;:1,&quot;335559740&quot;:280}\">\u00a0<\/span><\/p>\n<p><span data-contrast=\"none\">Cette politique s\u2019applique \u00e0 tous les travaux du CERIC\u202f: programmes, projets, publications, partenariats et \u00e9v\u00e9nements.<\/span><span data-ccp-props=\"{&quot;201341983&quot;:1,&quot;335559740&quot;:280}\">\u00a0<\/span><\/p>\n<p><span data-contrast=\"none\">Cette politique ne remplace ni ne modifie les engagements et les politiques d\u2019emploi du CERIC, ni les obligations des employ\u00e9s du CERIC en vertu de la politique des ressources humaines du CERIC ou de la d\u00e9claration de confidentialit\u00e9 du CERIC.<\/span><span data-ccp-props=\"{&quot;201341983&quot;:1,&quot;335559740&quot;:280}\">\u00a0<\/span><\/p>\n<h3 style=\"text-transform: uppercase;\">Processus li\u00e9s aux m\u00e9dias sociaux<\/h3>\n<p><span data-contrast=\"none\">Les comptes de m\u00e9dias sociaux du CERIC sont g\u00e9r\u00e9s par le sp\u00e9cialiste, Num\u00e9rique, Marketing et communications du CERIC, sous la supervision du chef, Technologie et conception. Les comptes de m\u00e9dias sociaux du CERIC ne doivent pas \u00eatre consult\u00e9s ou utilis\u00e9s par le personnel sans l\u2019autorisation et la coordination du chef.\u00a0<\/span><span data-ccp-props=\"{&quot;201341983&quot;:1,&quot;335559740&quot;:280}\">\u00a0<\/span><\/p>\n<h3 style=\"text-transform: uppercase;\">Contenu<\/h3>\n<p><span data-contrast=\"none\">Le personnel du CERIC ne peut pas publier sur les comptes du CERIC des contenus \u00e0 caract\u00e8re offensant, harcelant, abusif, raciste, sexiste, homophobe ou x\u00e9nophobe. La politique des ressources humaines du CERIC servira de guide pour d\u00e9terminer les contenus et comportements inappropri\u00e9s. Le personnel du CERIC ne peut pas publier de contenu jug\u00e9 confidentiel, comme le pr\u00e9voit la d\u00e9claration de confidentialit\u00e9 du CERIC.<\/span><span data-ccp-props=\"{&quot;201341983&quot;:1,&quot;335559740&quot;:280}\">\u00a0<\/span><\/p>\n<p><span data-contrast=\"none\">Les membres du personnel ne peuvent pas se pr\u00e9senter sur leurs comptes personnels de m\u00e9dias sociaux comme des porte-parole officiels du CERIC. Ceci inclut les images; les employ\u00e9s ne peuvent pas utiliser le logo du CERIC ou la famille des logos du CERIC comme avatar. Ils ne peuvent pas non plus utiliser des images qui incluent le logo du CERIC ou la famille des logos du CERIC comme avatar sur leurs comptes personnels.<\/span><span data-ccp-props=\"{&quot;201341983&quot;:1,&quot;335559740&quot;:280}\">\u00a0<\/span><\/p>\n<p><span data-contrast=\"none\">Le contenu des m\u00e9dias sociaux du CERIC est d\u00e9termin\u00e9 par le plan strat\u00e9gique du CERIC, tel qu\u2019il est approuv\u00e9 par le conseil d\u2019administration. Les publications personnelles des employ\u00e9s sur les m\u00e9dias sociaux ne doivent pas donner l\u2019impression que le CERIC prend position sur des sujets ext\u00e9rieurs aux priorit\u00e9s et au plan. Pour en savoir plus sur les mandats strat\u00e9giques du CERIC, consultez le site https:\/\/ceric.ca\/fr\/a-propos\/.<\/span><span data-ccp-props=\"{&quot;201341983&quot;:1,&quot;335559740&quot;:280}\">\u00a0<\/span><\/p>\n<p><span data-contrast=\"none\">Le contenu des m\u00e9dias sociaux du CERIC est non partisan, car le CERIC est un organisme caritatif non partisan et travaille avec toutes les parties prenantes. Le personnel ne peut pas lier un contenu politiquement partisan aux messages du CERIC, que ce soit en r\u00e9pondant directement aux messages du compte ou en nommant ou en \u00e9tiquetant le CERIC dans des messages personnels.<\/span><span data-ccp-props=\"{&quot;201341983&quot;:1,&quot;335559740&quot;:280}\">\u00a0<\/span><\/p>\n<h3 style=\"text-transform: uppercase;\">R\u00e9vision p\u00e9riodique<\/h3>\n<p><span data-contrast=\"none\">Le CERIC r\u00e9visera sa politique relative aux m\u00e9dias sociaux tous les trois ans. Tous les employ\u00e9s en recevront une copie.<\/span><span data-ccp-props=\"{&quot;201341983&quot;:1,&quot;335559740&quot;:280}\">\u00a0<\/span><\/p>\n<p><span data-contrast=\"none\">La pr\u00e9sente politique relative aux m\u00e9dias sociaux a \u00e9t\u00e9 \u00e9labor\u00e9e et est en place pour aider le personnel \u00e0 s\u2019y conformer. Le contenu de cette politique sera mis \u00e0 jour p\u00e9riodiquement, selon les besoins.<\/span><span data-ccp-props=\"{&quot;201341983&quot;:1,&quot;335559740&quot;:280}\">\u00a0<\/span><\/p>\n","protected":false},"excerpt":{"rendered":"<p>Date d&rsquo;entr\u00e9e en vigueur : 29\u202fnovembre\u202f2021 \u00c9nonc\u00e9 de politique La communication par les m\u00e9dias sociaux est un \u00e9l\u00e9ment cl\u00e9 de la strat\u00e9gie de communication permanente du<span class=\"excerpt-hellip\"> [\u2026]<\/span><\/p>\n","protected":false},"author":1,"featured_media":0,"parent":0,"menu_order":0,"comment_status":"closed","ping_status":"closed","template":"","meta":{"h5ap_radio_sources":[],"footnotes":""},"class_list":["post-10423","page","type-page","status-publish","hentry"],"yoast_head":"<!-- This site is optimized with the Yoast SEO Premium plugin v27.3 (Yoast SEO v27.3) - https:\/\/yoast.com\/product\/yoast-seo-premium-wordpress\/ -->\n<title>POLITIQUE CONCERNANT LES M\u00c9DIAS SOCIAUX - CERIC<\/title>\n<meta name=\"robots\" content=\"index, follow, max-snippet:-1, max-image-preview:large, max-video-preview:-1\" \/>\n<link rel=\"canonical\" href=\"https:\/\/ceric.ca\/fr\/politique-concernant-les-medias-sociaux\/\" \/>\n<meta property=\"og:locale\" content=\"fr_FR\" \/>\n<meta property=\"og:type\" content=\"article\" \/>\n<meta property=\"og:title\" content=\"POLITIQUE CONCERNANT LES M\u00c9DIAS SOCIAUX\" \/>\n<meta property=\"og:description\" content=\"Date d&#039;entr\u00e9e en vigueur : 29\u202fnovembre\u202f2021 \u00c9nonc\u00e9 de politique La communication par les m\u00e9dias sociaux est un \u00e9l\u00e9ment cl\u00e9 de la strat\u00e9gie de communication permanente du [\u2026]\" \/>\n<meta property=\"og:url\" content=\"https:\/\/ceric.ca\/fr\/politique-concernant-les-medias-sociaux\/\" \/>\n<meta property=\"og:site_name\" content=\"CERIC\" \/>\n<meta property=\"article:modified_time\" content=\"2022-03-02T21:48:45+00:00\" \/>\n<meta name=\"twitter:card\" content=\"summary_large_image\" \/>\n<meta name=\"twitter:label1\" content=\"Dur\u00e9e de lecture estim\u00e9e\" \/>\n\t<meta name=\"twitter:data1\" content=\"3 minutes\" \/>\n<script type=\"application\/ld+json\" class=\"yoast-schema-graph\">{\"@context\":\"https:\\\/\\\/schema.org\",\"@graph\":[{\"@type\":\"WebPage\",\"@id\":\"https:\\\/\\\/ceric.ca\\\/fr\\\/politique-concernant-les-medias-sociaux\\\/\",\"url\":\"https:\\\/\\\/ceric.ca\\\/fr\\\/politique-concernant-les-medias-sociaux\\\/\",\"name\":\"POLITIQUE CONCERNANT LES M\u00c9DIAS SOCIAUX - CERIC\",\"isPartOf\":{\"@id\":\"https:\\\/\\\/ceric.ca\\\/#website\"},\"datePublished\":\"2014-08-18T14:30:10+00:00\",\"dateModified\":\"2022-03-02T21:48:45+00:00\",\"breadcrumb\":{\"@id\":\"https:\\\/\\\/ceric.ca\\\/fr\\\/politique-concernant-les-medias-sociaux\\\/#breadcrumb\"},\"inLanguage\":\"fr-FR\",\"potentialAction\":[{\"@type\":\"ReadAction\",\"target\":[\"https:\\\/\\\/ceric.ca\\\/fr\\\/politique-concernant-les-medias-sociaux\\\/\"]}]},{\"@type\":\"BreadcrumbList\",\"@id\":\"https:\\\/\\\/ceric.ca\\\/fr\\\/politique-concernant-les-medias-sociaux\\\/#breadcrumb\",\"itemListElement\":[{\"@type\":\"ListItem\",\"position\":1,\"name\":\"Home\",\"item\":\"https:\\\/\\\/ceric.ca\\\/fr\\\/ceric-homepage-2025\\\/\"},{\"@type\":\"ListItem\",\"position\":2,\"name\":\"POLITIQUE CONCERNANT LES M\u00c9DIAS SOCIAUX\"}]},{\"@type\":\"WebSite\",\"@id\":\"https:\\\/\\\/ceric.ca\\\/#website\",\"url\":\"https:\\\/\\\/ceric.ca\\\/\",\"name\":\"CERIC\",\"description\":\"\",\"publisher\":{\"@id\":\"https:\\\/\\\/ceric.ca\\\/#organization\"},\"potentialAction\":[{\"@type\":\"SearchAction\",\"target\":{\"@type\":\"EntryPoint\",\"urlTemplate\":\"https:\\\/\\\/ceric.ca\\\/?s={search_term_string}\"},\"query-input\":{\"@type\":\"PropertyValueSpecification\",\"valueRequired\":true,\"valueName\":\"search_term_string\"}}],\"inLanguage\":\"fr-FR\"},{\"@type\":\"Organization\",\"@id\":\"https:\\\/\\\/ceric.ca\\\/#organization\",\"name\":\"CERIC\",\"url\":\"https:\\\/\\\/ceric.ca\\\/\",\"logo\":{\"@type\":\"ImageObject\",\"inLanguage\":\"fr-FR\",\"@id\":\"https:\\\/\\\/ceric.ca\\\/#\\\/schema\\\/logo\\\/image\\\/\",\"url\":\"\",\"contentUrl\":\"\",\"caption\":\"CERIC\"},\"image\":{\"@id\":\"https:\\\/\\\/ceric.ca\\\/#\\\/schema\\\/logo\\\/image\\\/\"}}]}<\/script>\n<!-- \/ Yoast SEO Premium plugin. -->","yoast_head_json":{"title":"POLITIQUE CONCERNANT LES M\u00c9DIAS SOCIAUX - CERIC","robots":{"index":"index","follow":"follow","max-snippet":"max-snippet:-1","max-image-preview":"max-image-preview:large","max-video-preview":"max-video-preview:-1"},"canonical":"https:\/\/ceric.ca\/fr\/politique-concernant-les-medias-sociaux\/","og_locale":"fr_FR","og_type":"article","og_title":"POLITIQUE CONCERNANT LES M\u00c9DIAS SOCIAUX","og_description":"Date d'entr\u00e9e en vigueur : 29\u202fnovembre\u202f2021 \u00c9nonc\u00e9 de politique La communication par les m\u00e9dias sociaux est un \u00e9l\u00e9ment cl\u00e9 de la strat\u00e9gie de communication permanente du [\u2026]","og_url":"https:\/\/ceric.ca\/fr\/politique-concernant-les-medias-sociaux\/","og_site_name":"CERIC","article_modified_time":"2022-03-02T21:48:45+00:00","twitter_card":"summary_large_image","twitter_misc":{"Dur\u00e9e de lecture estim\u00e9e":"3 minutes"},"schema":{"@context":"https:\/\/schema.org","@graph":[{"@type":"WebPage","@id":"https:\/\/ceric.ca\/fr\/politique-concernant-les-medias-sociaux\/","url":"https:\/\/ceric.ca\/fr\/politique-concernant-les-medias-sociaux\/","name":"POLITIQUE CONCERNANT LES M\u00c9DIAS SOCIAUX - CERIC","isPartOf":{"@id":"https:\/\/ceric.ca\/#website"},"datePublished":"2014-08-18T14:30:10+00:00","dateModified":"2022-03-02T21:48:45+00:00","breadcrumb":{"@id":"https:\/\/ceric.ca\/fr\/politique-concernant-les-medias-sociaux\/#breadcrumb"},"inLanguage":"fr-FR","potentialAction":[{"@type":"ReadAction","target":["https:\/\/ceric.ca\/fr\/politique-concernant-les-medias-sociaux\/"]}]},{"@type":"BreadcrumbList","@id":"https:\/\/ceric.ca\/fr\/politique-concernant-les-medias-sociaux\/#breadcrumb","itemListElement":[{"@type":"ListItem","position":1,"name":"Home","item":"https:\/\/ceric.ca\/fr\/ceric-homepage-2025\/"},{"@type":"ListItem","position":2,"name":"POLITIQUE CONCERNANT LES M\u00c9DIAS SOCIAUX"}]},{"@type":"WebSite","@id":"https:\/\/ceric.ca\/#website","url":"https:\/\/ceric.ca\/","name":"CERIC","description":"","publisher":{"@id":"https:\/\/ceric.ca\/#organization"},"potentialAction":[{"@type":"SearchAction","target":{"@type":"EntryPoint","urlTemplate":"https:\/\/ceric.ca\/?s={search_term_string}"},"query-input":{"@type":"PropertyValueSpecification","valueRequired":true,"valueName":"search_term_string"}}],"inLanguage":"fr-FR"},{"@type":"Organization","@id":"https:\/\/ceric.ca\/#organization","name":"CERIC","url":"https:\/\/ceric.ca\/","logo":{"@type":"ImageObject","inLanguage":"fr-FR","@id":"https:\/\/ceric.ca\/#\/schema\/logo\/image\/","url":"","contentUrl":"","caption":"CERIC"},"image":{"@id":"https:\/\/ceric.ca\/#\/schema\/logo\/image\/"}}]}},"_links":{"self":[{"href":"https:\/\/ceric.ca\/fr\/wp-json\/wp\/v2\/pages\/10423","targetHints":{"allow":["GET"]}}],"collection":[{"href":"https:\/\/ceric.ca\/fr\/wp-json\/wp\/v2\/pages"}],"about":[{"href":"https:\/\/ceric.ca\/fr\/wp-json\/wp\/v2\/types\/page"}],"author":[{"embeddable":true,"href":"https:\/\/ceric.ca\/fr\/wp-json\/wp\/v2\/users\/1"}],"replies":[{"embeddable":true,"href":"https:\/\/ceric.ca\/fr\/wp-json\/wp\/v2\/comments?post=10423"}],"version-history":[{"count":0,"href":"https:\/\/ceric.ca\/fr\/wp-json\/wp\/v2\/pages\/10423\/revisions"}],"wp:attachment":[{"href":"https:\/\/ceric.ca\/fr\/wp-json\/wp\/v2\/media?parent=10423"}],"curies":[{"name":"wp","href":"https:\/\/api.w.org\/{rel}","templated":true}]}}