{"id":10545,"date":"2014-09-30T19:45:39","date_gmt":"2014-09-30T19:45:39","guid":{"rendered":"http:\/\/ceric.org\/?page_id=10545"},"modified":"2018-03-27T15:50:37","modified_gmt":"2018-03-27T19:50:37","slug":"homepage-ceric-fr","status":"publish","type":"page","link":"https:\/\/ceric.ca\/fr\/homepage-ceric-fr\/","title":{"rendered":"Homepage &#8211; CERIC &#8211; FR"},"content":{"rendered":"<div class=\"wpb-content-wrapper\"><p>[vc_row][vc_column width=\u00a0\u00bb3\/4&Prime;][vc_column_text]<\/p>\n<div style=\"margin-top: -10px;\">[layerslider id=\u00a0\u00bb7&Prime;]<\/div>\n<p>[\/vc_column_text][\/vc_column][vc_column width=\u00a0\u00bb1\/4&Prime;][vc_column_text]<\/p>\n<div style=\"padding-bottom: -20px;\">\n<h4 style=\"color: #f26522;\">Nouvelles<\/h4>\n<p>[pt_view id=\u00a0\u00bb18f2051ebd\u00a0\u00bb]<\/p>\n<\/div>\n<p>[\/vc_column_text][vc_button title=\u00a0\u00bbVoir les autres nouvelles\u00a0\u00bb color=\u00a0\u00bbbtn-warning\u00a0\u00bb size=\u00a0\u00bbbtn-mini\u00a0\u00bb href=\u00a0\u00bb\/fr\/category\/nouvelles\/\u00a0\u00bb][\/vc_column][\/vc_row][vc_row][vc_column width=\u00a0\u00bb1\/3&Prime;][vc_column_text]<\/p>\n<p style=\"color: #fff; line-height: 5px;\">CERIC<\/p>\n<p>[\/vc_column_text][vc_column_text]<\/p>\n<div style=\"border: 1px solid #cf5a21; border-radius: 2px; width: 280px; height: 50px; padding: 10px; background-color: #f26522;\"><a href=\"\/?page_id=10548\"><img decoding=\"async\" style=\"margin-right: 10px;\" src=\"\/wp-content\/uploads\/2012\/10\/research-icon.png\" alt=\"\" align=\"left\" \/><span style=\"font-size: 20px; font-weight: normal; color: #fff;\">Recherche et apprentissage<\/span><\/a><\/div>\n<p>[\/vc_column_text][\/vc_column][vc_column width=\u00a0\u00bb1\/3&Prime;][vc_column_text]<\/p>\n<p style=\"color: #fff; line-height: 5px;\">CERIC<\/p>\n<p>[\/vc_column_text][vc_column_text]<\/p>\n<div style=\"border: 1px solid #621661; border-radius: 2px; width: 280px; height: 50px; padding: 10px; background-color: #91278f;\"><a href=\"\/?page_id=10552\"><img decoding=\"async\" style=\"margin-right: 10px;\" src=\"\/wp-content\/uploads\/2012\/10\/community-icon.png\" alt=\"\" align=\"left\" \/><span style=\"font-size: 20px; font-weight: normal; color: #fff;\">Communaut\u00e9 et collaboration<\/span><\/a><\/div>\n<p>[\/vc_column_text][\/vc_column][vc_column width=\u00a0\u00bb1\/3&Prime;][vc_column_text]<\/p>\n<p style=\"color: #fff; line-height: 5px;\">CERIC<\/p>\n<p>[\/vc_column_text][vc_column_text]<\/p>\n<div style=\"border: 1px solid #627229; border-radius: 2px; width: 280px; height: 50px; padding: 10px; background-color: #8ba628;\"><a href=\"\/?page_id=10556\"><img decoding=\"async\" style=\"margin-right: 10px;\" src=\"\/wp-content\/uploads\/2012\/10\/advocacy-icon.png\" alt=\"\" align=\"left\" \/><span style=\"font-size: 20px; font-weight: normal; color: #fff;\">Repr\u00e9sentation et sensibilisation<\/span><\/a><\/div>\n<p>[\/vc_column_text][\/vc_column][\/vc_row][vc_row][vc_column][vc_row_inner padding_top=\u00a0\u00bb10&Prime; padding_bottom=\u00a0\u00bb10&Prime;][vc_column_inner width=\u00a0\u00bb2\/3&Prime;][vc_column_text]<\/p>\n<p style=\"color: #fff; line-height: 45px;\">CERIC<\/p>\n<p>[\/vc_column_text][vc_column_text]<\/p>\n<h4 style=\"text-align: center;\">Publi\u00e9 par le CERIC, le magazine <em><a href=\"http:\/\/orientaction.ca\/careering\/\" target=\"_blank\" rel=\"noopener noreferrer\">Careering<\/a><\/em> est pr\u00e9par\u00e9 par des professionnels du d\u00e9veloppement de carri\u00e8re au Canada \u00e0 l\u2019intention de leurs pairs.<\/h4>\n<p>[\/vc_column_text][\/vc_column_inner][vc_column_inner width=\u00a0\u00bb1\/3&Prime;][vc_column_text]<\/p>\n<div align=\"center\"><img decoding=\"async\" class=\"size-full wp-image-21851 aligncenter\" src=\"http:\/\/ceric.ca\/wp-content\/uploads\/2018\/02\/Careering-cover.png\" alt=\"\" width=\"179\" height=\"178\" srcset=\"https:\/\/ceric.ca\/wp-content\/uploads\/2018\/02\/Careering-cover.png 179w, https:\/\/ceric.ca\/wp-content\/uploads\/2018\/02\/Careering-cover-100x100.png 100w, https:\/\/ceric.ca\/wp-content\/uploads\/2018\/02\/Careering-cover-150x150.png 150w, https:\/\/ceric.ca\/wp-content\/uploads\/2018\/02\/Careering-cover-108x107.png 108w, https:\/\/ceric.ca\/wp-content\/uploads\/2018\/02\/Careering-cover-160x160.png 160w\" sizes=\"(max-width:767px) 179px, 179px\" \/><\/div>\n<p>[\/vc_column_text][\/vc_column_inner][\/vc_row_inner][vc_text_separator title=\u00a0\u00bbORGANISATIONS COLLABORATIVES\u00a0\u00bb][vc_column_text]<\/p>\n<p style=\"text-align: center;\">Le CERIC collabore avec un vaste r\u00e9seau d\u2019organisations collaboratives, de commanditaires et de partenaires de projet :<\/p>\n<p>[\/vc_column_text][vc_column_text]<\/p>\n<div align=\"center\">[show-logos orderby=&rsquo;none&rsquo; category=&rsquo;supporting-organizations&rsquo; activeurl=&rsquo;new&rsquo; style=&rsquo;hgrayscale&rsquo; interface=&rsquo;hcarousel&rsquo; tooltip=&rsquo;false&rsquo; description=&rsquo;false&rsquo; limit=&rsquo;0&prime; ]<\/div>\n<p>[\/vc_column_text][\/vc_column][\/vc_row]<\/p>\n<\/div>","protected":false},"excerpt":{"rendered":"<p>[vc_row][vc_column width=\u00a0\u00bb3\/4&Prime;][vc_column_text] [layerslider id=\u00a0\u00bb7&Prime;] [\/vc_column_text][\/vc_column][vc_column width=\u00a0\u00bb1\/4&Prime;][vc_column_text] Nouvelles [pt_view id=\u00a0\u00bb18f2051ebd\u00a0\u00bb] [\/vc_column_text][vc_button title=\u00a0\u00bbVoir les autres nouvelles\u00a0\u00bb color=\u00a0\u00bbbtn-warning\u00a0\u00bb size=\u00a0\u00bbbtn-mini\u00a0\u00bb href=\u00a0\u00bb\/fr\/category\/nouvelles\/\u00a0\u00bb][\/vc_column][\/vc_row][vc_row][vc_column width=\u00a0\u00bb1\/3&Prime;][vc_column_text] CERIC [\/vc_column_text][vc_column_text] Recherche et apprentissage [\/vc_column_text][\/vc_column][vc_column width=\u00a0\u00bb1\/3&Prime;][vc_column_text] CERIC<span class=\"excerpt-hellip\"> [\u2026]<\/span><\/p>\n","protected":false},"author":1,"featured_media":0,"parent":0,"menu_order":0,"comment_status":"closed","ping_status":"open","template":"","meta":{"h5ap_radio_sources":[],"footnotes":""},"class_list":["post-10545","page","type-page","status-publish","hentry"],"yoast_head":"<!-- This site is optimized with the Yoast SEO Premium plugin v27.3 (Yoast SEO v27.3) - https:\/\/yoast.com\/product\/yoast-seo-premium-wordpress\/ -->\n<title>CERIC<\/title>\n<meta name=\"description\" content=\"CERIC est un organisme caritatif vou\u00e9 \u00e0 la progression de l\u2019\u00e9ducation et de la recherche en mati\u00e8re d\u2019orientation professionnelle et de d\u00e9veloppement de carri\u00e8re dans le but d\u2019accro\u00eetre le bien-\u00eatre \u00e9conomique et social des Canadiennes et Canadiens.\" \/>\n<meta name=\"robots\" content=\"index, follow, max-snippet:-1, max-image-preview:large, max-video-preview:-1\" \/>\n<link rel=\"canonical\" href=\"https:\/\/ceric.ca\/fr\/homepage-ceric-fr\/\" \/>\n<meta property=\"og:locale\" content=\"fr_FR\" \/>\n<meta property=\"og:type\" content=\"article\" \/>\n<meta property=\"og:title\" content=\"CERIC \u2014 L\u2019Institut canadien d\u2019\u00e9ducation et de recherche en orientation\" \/>\n<meta property=\"og:description\" content=\"CERIC est un organisme caritatif vou\u00e9 \u00e0 la progression de l\u2019\u00e9ducation et de la recherche en mati\u00e8re d\u2019orientation professionnelle et de d\u00e9veloppement de carri\u00e8re dans le but d\u2019accro\u00eetre le bien-\u00eatre \u00e9conomique et social des Canadiennes et Canadiens.\" \/>\n<meta property=\"og:url\" content=\"https:\/\/ceric.ca\/fr\/homepage-ceric-fr\/\" \/>\n<meta property=\"og:site_name\" content=\"CERIC\" \/>\n<meta property=\"article:modified_time\" content=\"2018-03-27T19:50:37+00:00\" \/>\n<meta property=\"og:image\" content=\"https:\/\/ceric.ca\/wp-content\/uploads\/2014\/05\/ceric-screenshot.png\" \/>\n\t<meta property=\"og:image:width\" content=\"700\" \/>\n\t<meta property=\"og:image:height\" content=\"639\" \/>\n\t<meta property=\"og:image:type\" content=\"image\/png\" \/>\n<meta name=\"twitter:card\" content=\"summary_large_image\" \/>\n<meta name=\"twitter:title\" content=\"CERIC \u2014 L\u2019Institut canadien d\u2019\u00e9ducation et de recherche en orientation\" \/>\n<meta name=\"twitter:description\" content=\"CERIC est un organisme caritatif vou\u00e9 \u00e0 la progression de l\u2019\u00e9ducation et de la recherche en mati\u00e8re d\u2019orientation professionnelle et de d\u00e9veloppement de carri\u00e8re dans le but d\u2019accro\u00eetre le bien-\u00eatre \u00e9conomique et social des Canadiennes et Canadiens.\" \/>\n<meta name=\"twitter:image\" content=\"http:\/\/ceric.ca\/wp-content\/uploads\/2014\/05\/ceric-screenshot.png\" \/>\n<meta name=\"twitter:label1\" content=\"Dur\u00e9e de lecture estim\u00e9e\" \/>\n\t<meta name=\"twitter:data1\" content=\"1 minute\" \/>\n<script type=\"application\/ld+json\" class=\"yoast-schema-graph\">{\"@context\":\"https:\\\/\\\/schema.org\",\"@graph\":[{\"@type\":\"WebPage\",\"@id\":\"https:\\\/\\\/ceric.ca\\\/fr\\\/homepage-ceric-fr\\\/\",\"url\":\"https:\\\/\\\/ceric.ca\\\/fr\\\/homepage-ceric-fr\\\/\",\"name\":\"CERIC\",\"isPartOf\":{\"@id\":\"https:\\\/\\\/ceric.ca\\\/#website\"},\"primaryImageOfPage\":{\"@id\":\"https:\\\/\\\/ceric.ca\\\/fr\\\/homepage-ceric-fr\\\/#primaryimage\"},\"image\":{\"@id\":\"https:\\\/\\\/ceric.ca\\\/fr\\\/homepage-ceric-fr\\\/#primaryimage\"},\"thumbnailUrl\":\"http:\\\/\\\/ceric.ca\\\/wp-content\\\/uploads\\\/2018\\\/02\\\/Careering-cover.png\",\"datePublished\":\"2014-09-30T19:45:39+00:00\",\"dateModified\":\"2018-03-27T19:50:37+00:00\",\"description\":\"CERIC est un organisme caritatif vou\u00e9 \u00e0 la progression de l\u2019\u00e9ducation et de la recherche en mati\u00e8re d\u2019orientation professionnelle et de d\u00e9veloppement de carri\u00e8re dans le but d\u2019accro\u00eetre le bien-\u00eatre \u00e9conomique et social des Canadiennes et Canadiens.\",\"breadcrumb\":{\"@id\":\"https:\\\/\\\/ceric.ca\\\/fr\\\/homepage-ceric-fr\\\/#breadcrumb\"},\"inLanguage\":\"fr-FR\",\"potentialAction\":[{\"@type\":\"ReadAction\",\"target\":[\"https:\\\/\\\/ceric.ca\\\/fr\\\/homepage-ceric-fr\\\/\"]}]},{\"@type\":\"ImageObject\",\"inLanguage\":\"fr-FR\",\"@id\":\"https:\\\/\\\/ceric.ca\\\/fr\\\/homepage-ceric-fr\\\/#primaryimage\",\"url\":\"http:\\\/\\\/ceric.ca\\\/wp-content\\\/uploads\\\/2018\\\/02\\\/Careering-cover.png\",\"contentUrl\":\"http:\\\/\\\/ceric.ca\\\/wp-content\\\/uploads\\\/2018\\\/02\\\/Careering-cover.png\"},{\"@type\":\"BreadcrumbList\",\"@id\":\"https:\\\/\\\/ceric.ca\\\/fr\\\/homepage-ceric-fr\\\/#breadcrumb\",\"itemListElement\":[{\"@type\":\"ListItem\",\"position\":1,\"name\":\"Home\",\"item\":\"https:\\\/\\\/ceric.ca\\\/fr\\\/ceric-homepage-2025\\\/\"},{\"@type\":\"ListItem\",\"position\":2,\"name\":\"Homepage &#8211; CERIC &#8211; FR\"}]},{\"@type\":\"WebSite\",\"@id\":\"https:\\\/\\\/ceric.ca\\\/#website\",\"url\":\"https:\\\/\\\/ceric.ca\\\/\",\"name\":\"CERIC\",\"description\":\"\",\"publisher\":{\"@id\":\"https:\\\/\\\/ceric.ca\\\/#organization\"},\"potentialAction\":[{\"@type\":\"SearchAction\",\"target\":{\"@type\":\"EntryPoint\",\"urlTemplate\":\"https:\\\/\\\/ceric.ca\\\/?s={search_term_string}\"},\"query-input\":{\"@type\":\"PropertyValueSpecification\",\"valueRequired\":true,\"valueName\":\"search_term_string\"}}],\"inLanguage\":\"fr-FR\"},{\"@type\":\"Organization\",\"@id\":\"https:\\\/\\\/ceric.ca\\\/#organization\",\"name\":\"CERIC\",\"url\":\"https:\\\/\\\/ceric.ca\\\/\",\"logo\":{\"@type\":\"ImageObject\",\"inLanguage\":\"fr-FR\",\"@id\":\"https:\\\/\\\/ceric.ca\\\/#\\\/schema\\\/logo\\\/image\\\/\",\"url\":\"\",\"contentUrl\":\"\",\"caption\":\"CERIC\"},\"image\":{\"@id\":\"https:\\\/\\\/ceric.ca\\\/#\\\/schema\\\/logo\\\/image\\\/\"}}]}<\/script>\n<!-- \/ Yoast SEO Premium plugin. -->","yoast_head_json":{"title":"CERIC","description":"CERIC est un organisme caritatif vou\u00e9 \u00e0 la progression de l\u2019\u00e9ducation et de la recherche en mati\u00e8re d\u2019orientation professionnelle et de d\u00e9veloppement de carri\u00e8re dans le but d\u2019accro\u00eetre le bien-\u00eatre \u00e9conomique et social des Canadiennes et Canadiens.","robots":{"index":"index","follow":"follow","max-snippet":"max-snippet:-1","max-image-preview":"max-image-preview:large","max-video-preview":"max-video-preview:-1"},"canonical":"https:\/\/ceric.ca\/fr\/homepage-ceric-fr\/","og_locale":"fr_FR","og_type":"article","og_title":"CERIC \u2014 L\u2019Institut canadien d\u2019\u00e9ducation et de recherche en orientation","og_description":"CERIC est un organisme caritatif vou\u00e9 \u00e0 la progression de l\u2019\u00e9ducation et de la recherche en mati\u00e8re d\u2019orientation professionnelle et de d\u00e9veloppement de carri\u00e8re dans le but d\u2019accro\u00eetre le bien-\u00eatre \u00e9conomique et social des Canadiennes et Canadiens.","og_url":"https:\/\/ceric.ca\/fr\/homepage-ceric-fr\/","og_site_name":"CERIC","article_modified_time":"2018-03-27T19:50:37+00:00","og_image":[{"width":700,"height":639,"url":"https:\/\/ceric.ca\/wp-content\/uploads\/2014\/05\/ceric-screenshot.png","type":"image\/png"}],"twitter_card":"summary_large_image","twitter_title":"CERIC \u2014 L\u2019Institut canadien d\u2019\u00e9ducation et de recherche en orientation","twitter_description":"CERIC est un organisme caritatif vou\u00e9 \u00e0 la progression de l\u2019\u00e9ducation et de la recherche en mati\u00e8re d\u2019orientation professionnelle et de d\u00e9veloppement de carri\u00e8re dans le but d\u2019accro\u00eetre le bien-\u00eatre \u00e9conomique et social des Canadiennes et Canadiens.","twitter_image":"http:\/\/ceric.ca\/wp-content\/uploads\/2014\/05\/ceric-screenshot.png","twitter_misc":{"Dur\u00e9e de lecture estim\u00e9e":"1 minute"},"schema":{"@context":"https:\/\/schema.org","@graph":[{"@type":"WebPage","@id":"https:\/\/ceric.ca\/fr\/homepage-ceric-fr\/","url":"https:\/\/ceric.ca\/fr\/homepage-ceric-fr\/","name":"CERIC","isPartOf":{"@id":"https:\/\/ceric.ca\/#website"},"primaryImageOfPage":{"@id":"https:\/\/ceric.ca\/fr\/homepage-ceric-fr\/#primaryimage"},"image":{"@id":"https:\/\/ceric.ca\/fr\/homepage-ceric-fr\/#primaryimage"},"thumbnailUrl":"http:\/\/ceric.ca\/wp-content\/uploads\/2018\/02\/Careering-cover.png","datePublished":"2014-09-30T19:45:39+00:00","dateModified":"2018-03-27T19:50:37+00:00","description":"CERIC est un organisme caritatif vou\u00e9 \u00e0 la progression de l\u2019\u00e9ducation et de la recherche en mati\u00e8re d\u2019orientation professionnelle et de d\u00e9veloppement de carri\u00e8re dans le but d\u2019accro\u00eetre le bien-\u00eatre \u00e9conomique et social des Canadiennes et Canadiens.","breadcrumb":{"@id":"https:\/\/ceric.ca\/fr\/homepage-ceric-fr\/#breadcrumb"},"inLanguage":"fr-FR","potentialAction":[{"@type":"ReadAction","target":["https:\/\/ceric.ca\/fr\/homepage-ceric-fr\/"]}]},{"@type":"ImageObject","inLanguage":"fr-FR","@id":"https:\/\/ceric.ca\/fr\/homepage-ceric-fr\/#primaryimage","url":"http:\/\/ceric.ca\/wp-content\/uploads\/2018\/02\/Careering-cover.png","contentUrl":"http:\/\/ceric.ca\/wp-content\/uploads\/2018\/02\/Careering-cover.png"},{"@type":"BreadcrumbList","@id":"https:\/\/ceric.ca\/fr\/homepage-ceric-fr\/#breadcrumb","itemListElement":[{"@type":"ListItem","position":1,"name":"Home","item":"https:\/\/ceric.ca\/fr\/ceric-homepage-2025\/"},{"@type":"ListItem","position":2,"name":"Homepage &#8211; CERIC &#8211; FR"}]},{"@type":"WebSite","@id":"https:\/\/ceric.ca\/#website","url":"https:\/\/ceric.ca\/","name":"CERIC","description":"","publisher":{"@id":"https:\/\/ceric.ca\/#organization"},"potentialAction":[{"@type":"SearchAction","target":{"@type":"EntryPoint","urlTemplate":"https:\/\/ceric.ca\/?s={search_term_string}"},"query-input":{"@type":"PropertyValueSpecification","valueRequired":true,"valueName":"search_term_string"}}],"inLanguage":"fr-FR"},{"@type":"Organization","@id":"https:\/\/ceric.ca\/#organization","name":"CERIC","url":"https:\/\/ceric.ca\/","logo":{"@type":"ImageObject","inLanguage":"fr-FR","@id":"https:\/\/ceric.ca\/#\/schema\/logo\/image\/","url":"","contentUrl":"","caption":"CERIC"},"image":{"@id":"https:\/\/ceric.ca\/#\/schema\/logo\/image\/"}}]}},"_links":{"self":[{"href":"https:\/\/ceric.ca\/fr\/wp-json\/wp\/v2\/pages\/10545","targetHints":{"allow":["GET"]}}],"collection":[{"href":"https:\/\/ceric.ca\/fr\/wp-json\/wp\/v2\/pages"}],"about":[{"href":"https:\/\/ceric.ca\/fr\/wp-json\/wp\/v2\/types\/page"}],"author":[{"embeddable":true,"href":"https:\/\/ceric.ca\/fr\/wp-json\/wp\/v2\/users\/1"}],"replies":[{"embeddable":true,"href":"https:\/\/ceric.ca\/fr\/wp-json\/wp\/v2\/comments?post=10545"}],"version-history":[{"count":0,"href":"https:\/\/ceric.ca\/fr\/wp-json\/wp\/v2\/pages\/10545\/revisions"}],"wp:attachment":[{"href":"https:\/\/ceric.ca\/fr\/wp-json\/wp\/v2\/media?parent=10545"}],"curies":[{"name":"wp","href":"https:\/\/api.w.org\/{rel}","templated":true}]}}