{"id":10875,"date":"2014-12-04T16:09:34","date_gmt":"2014-12-04T16:09:34","guid":{"rendered":"http:\/\/ceric.org\/?page_id=10875"},"modified":"2015-06-17T11:47:19","modified_gmt":"2015-06-17T15:47:19","slug":"candy-ho-2","status":"publish","type":"page","link":"https:\/\/ceric.ca\/fr\/candy-ho-2\/","title":{"rendered":"Candy Ho"},"content":{"rendered":"<p><img decoding=\"async\" class=\"alignleft size-full wp-image-12865\" src=\"http:\/\/ceric.org\/wp-content\/uploads\/2015\/06\/Candy_H.png\" alt=\"Candy_H\" width=\"128\" height=\"140\" srcset=\"https:\/\/ceric.ca\/wp-content\/uploads\/2015\/06\/Candy_H.png 128w, https:\/\/ceric.ca\/wp-content\/uploads\/2015\/06\/Candy_H-98x107.png 98w\" sizes=\"(max-width:767px) 128px, 128px\" \/>Candy Ho est une \u00e9tudiante dipl\u00f4m\u00e9e qui fait des \u00e9tudes de troisi\u00e8me cycle \u00e0 la facult\u00e9 d\u2019\u00e9ducation de l\u2019Universit\u00e9 Simon Fraser. Elle est passionn\u00e9e par le d\u00e9veloppement de carri\u00e8re des nouveaux professionnels en affaires \u00e9tudiantes et s\u2019int\u00e9resse \u00e0 la notion d\u2019intrapreneurship dans le milieu de l\u2019enseignement sup\u00e9rieur. Elle occupe actuellement des postes en tant que membre de la facult\u00e9 et de chercheuse \u00e0 l\u2019Universit\u00e9 polytechnique Kwantlen et \u00e0 l\u2019Universit\u00e9 Simon Fraser. En dehors du cadre institutionnel de l\u2019enseignement postsecondaire, elle joue le r\u00f4le de philanthrope de connaissances en tant que directrice du conseil d\u2019administration et pr\u00e9sidente du comit\u00e9 de Vantage Point (anciennement \u00ab Volunteer Vancouver \u00bb).<\/p>\n","protected":false},"excerpt":{"rendered":"<p>Candy Ho est une \u00e9tudiante dipl\u00f4m\u00e9e qui fait des \u00e9tudes de troisi\u00e8me cycle \u00e0 la facult\u00e9 d\u2019\u00e9ducation de l\u2019Universit\u00e9 Simon Fraser. Elle est passionn\u00e9e par le<span class=\"excerpt-hellip\"> [\u2026]<\/span><\/p>\n","protected":false},"author":1,"featured_media":0,"parent":0,"menu_order":0,"comment_status":"closed","ping_status":"closed","template":"","meta":{"h5ap_radio_sources":[],"footnotes":""},"class_list":["post-10875","page","type-page","status-publish","hentry"],"yoast_head":"<!-- This site is optimized with the Yoast SEO Premium plugin v27.3 (Yoast SEO v27.3) - https:\/\/yoast.com\/product\/yoast-seo-premium-wordpress\/ -->\n<title>Candy Ho - CERIC<\/title>\n<meta name=\"robots\" content=\"noindex, nofollow\" \/>\n<meta property=\"og:locale\" content=\"fr_FR\" \/>\n<meta property=\"og:type\" content=\"article\" \/>\n<meta property=\"og:title\" content=\"Candy Ho\" \/>\n<meta property=\"og:description\" content=\"Candy Ho est une \u00e9tudiante dipl\u00f4m\u00e9e qui fait des \u00e9tudes de troisi\u00e8me cycle \u00e0 la facult\u00e9 d\u2019\u00e9ducation de l\u2019Universit\u00e9 Simon Fraser. Elle est passionn\u00e9e par le [\u2026]\" \/>\n<meta property=\"og:url\" content=\"https:\/\/ceric.ca\/fr\/candy-ho-2\/\" \/>\n<meta property=\"og:site_name\" content=\"CERIC\" \/>\n<meta property=\"article:modified_time\" content=\"2015-06-17T15:47:19+00:00\" \/>\n<meta property=\"og:image\" content=\"http:\/\/ceric.org\/wp-content\/uploads\/2015\/06\/Candy_H.png\" \/>\n<meta name=\"twitter:card\" content=\"summary_large_image\" \/>\n<meta name=\"twitter:label1\" content=\"Dur\u00e9e de lecture estim\u00e9e\" \/>\n\t<meta name=\"twitter:data1\" content=\"1 minute\" \/>\n<script type=\"application\/ld+json\" class=\"yoast-schema-graph\">{\"@context\":\"https:\\\/\\\/schema.org\",\"@graph\":[{\"@type\":\"WebPage\",\"@id\":\"https:\\\/\\\/ceric.ca\\\/fr\\\/candy-ho-2\\\/\",\"url\":\"https:\\\/\\\/ceric.ca\\\/fr\\\/candy-ho-2\\\/\",\"name\":\"Candy Ho - CERIC\",\"isPartOf\":{\"@id\":\"https:\\\/\\\/ceric.ca\\\/#website\"},\"primaryImageOfPage\":{\"@id\":\"https:\\\/\\\/ceric.ca\\\/fr\\\/candy-ho-2\\\/#primaryimage\"},\"image\":{\"@id\":\"https:\\\/\\\/ceric.ca\\\/fr\\\/candy-ho-2\\\/#primaryimage\"},\"thumbnailUrl\":\"http:\\\/\\\/ceric.org\\\/wp-content\\\/uploads\\\/2015\\\/06\\\/Candy_H.png\",\"datePublished\":\"2014-12-04T16:09:34+00:00\",\"dateModified\":\"2015-06-17T15:47:19+00:00\",\"breadcrumb\":{\"@id\":\"https:\\\/\\\/ceric.ca\\\/fr\\\/candy-ho-2\\\/#breadcrumb\"},\"inLanguage\":\"fr-FR\",\"potentialAction\":[{\"@type\":\"ReadAction\",\"target\":[\"https:\\\/\\\/ceric.ca\\\/fr\\\/candy-ho-2\\\/\"]}]},{\"@type\":\"ImageObject\",\"inLanguage\":\"fr-FR\",\"@id\":\"https:\\\/\\\/ceric.ca\\\/fr\\\/candy-ho-2\\\/#primaryimage\",\"url\":\"http:\\\/\\\/ceric.org\\\/wp-content\\\/uploads\\\/2015\\\/06\\\/Candy_H.png\",\"contentUrl\":\"http:\\\/\\\/ceric.org\\\/wp-content\\\/uploads\\\/2015\\\/06\\\/Candy_H.png\"},{\"@type\":\"BreadcrumbList\",\"@id\":\"https:\\\/\\\/ceric.ca\\\/fr\\\/candy-ho-2\\\/#breadcrumb\",\"itemListElement\":[{\"@type\":\"ListItem\",\"position\":1,\"name\":\"Home\",\"item\":\"https:\\\/\\\/ceric.ca\\\/fr\\\/ceric-homepage-2025\\\/\"},{\"@type\":\"ListItem\",\"position\":2,\"name\":\"Candy Ho\"}]},{\"@type\":\"WebSite\",\"@id\":\"https:\\\/\\\/ceric.ca\\\/#website\",\"url\":\"https:\\\/\\\/ceric.ca\\\/\",\"name\":\"CERIC\",\"description\":\"\",\"publisher\":{\"@id\":\"https:\\\/\\\/ceric.ca\\\/#organization\"},\"potentialAction\":[{\"@type\":\"SearchAction\",\"target\":{\"@type\":\"EntryPoint\",\"urlTemplate\":\"https:\\\/\\\/ceric.ca\\\/?s={search_term_string}\"},\"query-input\":{\"@type\":\"PropertyValueSpecification\",\"valueRequired\":true,\"valueName\":\"search_term_string\"}}],\"inLanguage\":\"fr-FR\"},{\"@type\":\"Organization\",\"@id\":\"https:\\\/\\\/ceric.ca\\\/#organization\",\"name\":\"CERIC\",\"url\":\"https:\\\/\\\/ceric.ca\\\/\",\"logo\":{\"@type\":\"ImageObject\",\"inLanguage\":\"fr-FR\",\"@id\":\"https:\\\/\\\/ceric.ca\\\/#\\\/schema\\\/logo\\\/image\\\/\",\"url\":\"\",\"contentUrl\":\"\",\"caption\":\"CERIC\"},\"image\":{\"@id\":\"https:\\\/\\\/ceric.ca\\\/#\\\/schema\\\/logo\\\/image\\\/\"}}]}<\/script>\n<!-- \/ Yoast SEO Premium plugin. -->","yoast_head_json":{"title":"Candy Ho - CERIC","robots":{"index":"noindex","follow":"nofollow"},"og_locale":"fr_FR","og_type":"article","og_title":"Candy Ho","og_description":"Candy Ho est une \u00e9tudiante dipl\u00f4m\u00e9e qui fait des \u00e9tudes de troisi\u00e8me cycle \u00e0 la facult\u00e9 d\u2019\u00e9ducation de l\u2019Universit\u00e9 Simon Fraser. Elle est passionn\u00e9e par le [\u2026]","og_url":"https:\/\/ceric.ca\/fr\/candy-ho-2\/","og_site_name":"CERIC","article_modified_time":"2015-06-17T15:47:19+00:00","og_image":[{"url":"http:\/\/ceric.org\/wp-content\/uploads\/2015\/06\/Candy_H.png","type":"","width":"","height":""}],"twitter_card":"summary_large_image","twitter_misc":{"Dur\u00e9e de lecture estim\u00e9e":"1 minute"},"schema":{"@context":"https:\/\/schema.org","@graph":[{"@type":"WebPage","@id":"https:\/\/ceric.ca\/fr\/candy-ho-2\/","url":"https:\/\/ceric.ca\/fr\/candy-ho-2\/","name":"Candy Ho - CERIC","isPartOf":{"@id":"https:\/\/ceric.ca\/#website"},"primaryImageOfPage":{"@id":"https:\/\/ceric.ca\/fr\/candy-ho-2\/#primaryimage"},"image":{"@id":"https:\/\/ceric.ca\/fr\/candy-ho-2\/#primaryimage"},"thumbnailUrl":"http:\/\/ceric.org\/wp-content\/uploads\/2015\/06\/Candy_H.png","datePublished":"2014-12-04T16:09:34+00:00","dateModified":"2015-06-17T15:47:19+00:00","breadcrumb":{"@id":"https:\/\/ceric.ca\/fr\/candy-ho-2\/#breadcrumb"},"inLanguage":"fr-FR","potentialAction":[{"@type":"ReadAction","target":["https:\/\/ceric.ca\/fr\/candy-ho-2\/"]}]},{"@type":"ImageObject","inLanguage":"fr-FR","@id":"https:\/\/ceric.ca\/fr\/candy-ho-2\/#primaryimage","url":"http:\/\/ceric.org\/wp-content\/uploads\/2015\/06\/Candy_H.png","contentUrl":"http:\/\/ceric.org\/wp-content\/uploads\/2015\/06\/Candy_H.png"},{"@type":"BreadcrumbList","@id":"https:\/\/ceric.ca\/fr\/candy-ho-2\/#breadcrumb","itemListElement":[{"@type":"ListItem","position":1,"name":"Home","item":"https:\/\/ceric.ca\/fr\/ceric-homepage-2025\/"},{"@type":"ListItem","position":2,"name":"Candy Ho"}]},{"@type":"WebSite","@id":"https:\/\/ceric.ca\/#website","url":"https:\/\/ceric.ca\/","name":"CERIC","description":"","publisher":{"@id":"https:\/\/ceric.ca\/#organization"},"potentialAction":[{"@type":"SearchAction","target":{"@type":"EntryPoint","urlTemplate":"https:\/\/ceric.ca\/?s={search_term_string}"},"query-input":{"@type":"PropertyValueSpecification","valueRequired":true,"valueName":"search_term_string"}}],"inLanguage":"fr-FR"},{"@type":"Organization","@id":"https:\/\/ceric.ca\/#organization","name":"CERIC","url":"https:\/\/ceric.ca\/","logo":{"@type":"ImageObject","inLanguage":"fr-FR","@id":"https:\/\/ceric.ca\/#\/schema\/logo\/image\/","url":"","contentUrl":"","caption":"CERIC"},"image":{"@id":"https:\/\/ceric.ca\/#\/schema\/logo\/image\/"}}]}},"_links":{"self":[{"href":"https:\/\/ceric.ca\/fr\/wp-json\/wp\/v2\/pages\/10875","targetHints":{"allow":["GET"]}}],"collection":[{"href":"https:\/\/ceric.ca\/fr\/wp-json\/wp\/v2\/pages"}],"about":[{"href":"https:\/\/ceric.ca\/fr\/wp-json\/wp\/v2\/types\/page"}],"author":[{"embeddable":true,"href":"https:\/\/ceric.ca\/fr\/wp-json\/wp\/v2\/users\/1"}],"replies":[{"embeddable":true,"href":"https:\/\/ceric.ca\/fr\/wp-json\/wp\/v2\/comments?post=10875"}],"version-history":[{"count":0,"href":"https:\/\/ceric.ca\/fr\/wp-json\/wp\/v2\/pages\/10875\/revisions"}],"wp:attachment":[{"href":"https:\/\/ceric.ca\/fr\/wp-json\/wp\/v2\/media?parent=10875"}],"curies":[{"name":"wp","href":"https:\/\/api.w.org\/{rel}","templated":true}]}}