{"id":10887,"date":"2014-12-04T16:24:25","date_gmt":"2014-12-04T16:24:25","guid":{"rendered":"http:\/\/ceric.org\/?page_id=10887"},"modified":"2017-06-30T12:38:23","modified_gmt":"2017-06-30T16:38:23","slug":"madelaine-currelly-2","status":"publish","type":"page","link":"https:\/\/ceric.ca\/fr\/madelaine-currelly-2\/","title":{"rendered":"Madelaine Currelly"},"content":{"rendered":"<p><img decoding=\"async\" class=\"alignleft size-full wp-image-10884\" src=\"http:\/\/ceric.org\/wp-content\/uploads\/2014\/08\/madelaine.png\" alt=\"madelaine\" width=\"128\" height=\"140\" srcset=\"https:\/\/ceric.ca\/wp-content\/uploads\/2014\/08\/madelaine.png 128w, https:\/\/ceric.ca\/wp-content\/uploads\/2014\/08\/madelaine-98x107.png 98w\" sizes=\"(max-width:767px) 128px, 128px\" \/>Madelaine Currelly occupe le poste de pr\u00e9sidente et chef de la direction du Community Training and Development Centre (CTDC) depuis environ 20\u00a0ans. Au cours de ces 20\u00a0ann\u00e9es, le CTDC a fourni \u00e0 plus de 35\u00a0000\u00a0personnes des renseignements sur le d\u00e9veloppement de carri\u00e8re, en plus d\u2019\u00e9tablir des ressources de soutien qui ont contribu\u00e9 \u00e0 la s\u00e9curit\u00e9 \u00e9conomique des membres de la collectivit\u00e9. Le CTDC collabore avec des organismes gouvernementaux de tous les paliers et forme des partenariats avec des organismes locaux afin d\u2019offrir des services en mati\u00e8re d\u2019innovation et de d\u00e9veloppement communautaire. Tous les membres de la collectivit\u00e9, quels que soient leur milieu social et leur \u00e2ge, ont pu tirer parti des ressources et des programmes uniques du CTDC.<\/p>\n<p>Les projets de recherche que le CTDC a entrepris avec des partenaires communautaires comprennent notamment le programme de d\u00e9veloppement \u00e9conomique des collectivit\u00e9s rurales\u00a0\u2013 Northumberland, le programme Plan pour une collectivit\u00e9-amie des a\u00een\u00e9s\u00a0\u2013 Northumberland et l\u2019initiative \u00ab\u00a0Status of Women: Economic Prosperity for Rural Women\u00a0\u00bb. Tous ces projets sont associ\u00e9s au d\u00e9veloppement de carri\u00e8re et \u00e0 l\u2019acquisition de connaissances en la mati\u00e8re.<\/p>\n<p>Le CTDC a gagn\u00e9 deux prix prestigieux dans le domaine du d\u00e9veloppement de carri\u00e8re\u00a0: le prix du m\u00e9rite en d\u00e9veloppement \u00e9conomique de l\u2019Ontario, en\u00a02010, et le Prix mondial d\u2019excellence de l\u2019Am\u00e9rique du Nord, en\u00a02016, pour son programme de d\u00e9veloppement de carri\u00e8re destin\u00e9 aux jeunes et aux adultes.<\/p>\n<p>Madelaine si\u00e8ge au conseil d\u2019administration d\u2019Habitat pour l\u2019humanit\u00e9 Northumberland et est membre du Community Employment Resource Partnership et du comit\u00e9 consultatif sur l\u2019apprentissage de Northumberland.<\/p>\n<p>Elle a d\u00e9j\u00e0 accompli deux mandats \u00e0 titre de commissaire au conseil scolaire public local.<\/p>\n","protected":false},"excerpt":{"rendered":"<p>Madelaine Currelly occupe le poste de pr\u00e9sidente et chef de la direction du Community Training and Development Centre (CTDC) depuis environ 20\u00a0ans. Au cours de ces<span class=\"excerpt-hellip\"> [\u2026]<\/span><\/p>\n","protected":false},"author":1,"featured_media":0,"parent":0,"menu_order":0,"comment_status":"closed","ping_status":"open","template":"","meta":{"h5ap_radio_sources":[],"footnotes":""},"class_list":["post-10887","page","type-page","status-publish","hentry"],"yoast_head":"<!-- This site is optimized with the Yoast SEO Premium plugin v27.3 (Yoast SEO v27.3) - https:\/\/yoast.com\/product\/yoast-seo-premium-wordpress\/ -->\n<title>Madelaine Currelly - CERIC<\/title>\n<meta name=\"robots\" content=\"index, follow, max-snippet:-1, max-image-preview:large, max-video-preview:-1\" \/>\n<link rel=\"canonical\" href=\"https:\/\/ceric.ca\/fr\/madelaine-currelly-2\/\" \/>\n<meta property=\"og:locale\" content=\"fr_FR\" \/>\n<meta property=\"og:type\" content=\"article\" \/>\n<meta property=\"og:title\" content=\"Madelaine Currelly\" \/>\n<meta property=\"og:description\" content=\"Madelaine Currelly occupe le poste de pr\u00e9sidente et chef de la direction du Community Training and Development Centre (CTDC) depuis environ 20\u00a0ans. Au cours de ces [\u2026]\" \/>\n<meta property=\"og:url\" content=\"https:\/\/ceric.ca\/fr\/madelaine-currelly-2\/\" \/>\n<meta property=\"og:site_name\" content=\"CERIC\" \/>\n<meta property=\"article:modified_time\" content=\"2017-06-30T16:38:23+00:00\" \/>\n<meta property=\"og:image\" content=\"http:\/\/ceric.org\/wp-content\/uploads\/2014\/08\/madelaine.png\" \/>\n<meta name=\"twitter:card\" content=\"summary_large_image\" \/>\n<meta name=\"twitter:label1\" content=\"Dur\u00e9e de lecture estim\u00e9e\" \/>\n\t<meta name=\"twitter:data1\" content=\"1 minute\" \/>\n<script type=\"application\/ld+json\" class=\"yoast-schema-graph\">{\"@context\":\"https:\\\/\\\/schema.org\",\"@graph\":[{\"@type\":\"WebPage\",\"@id\":\"https:\\\/\\\/ceric.ca\\\/fr\\\/madelaine-currelly-2\\\/\",\"url\":\"https:\\\/\\\/ceric.ca\\\/fr\\\/madelaine-currelly-2\\\/\",\"name\":\"Madelaine Currelly - CERIC\",\"isPartOf\":{\"@id\":\"https:\\\/\\\/ceric.ca\\\/#website\"},\"primaryImageOfPage\":{\"@id\":\"https:\\\/\\\/ceric.ca\\\/fr\\\/madelaine-currelly-2\\\/#primaryimage\"},\"image\":{\"@id\":\"https:\\\/\\\/ceric.ca\\\/fr\\\/madelaine-currelly-2\\\/#primaryimage\"},\"thumbnailUrl\":\"http:\\\/\\\/ceric.org\\\/wp-content\\\/uploads\\\/2014\\\/08\\\/madelaine.png\",\"datePublished\":\"2014-12-04T16:24:25+00:00\",\"dateModified\":\"2017-06-30T16:38:23+00:00\",\"breadcrumb\":{\"@id\":\"https:\\\/\\\/ceric.ca\\\/fr\\\/madelaine-currelly-2\\\/#breadcrumb\"},\"inLanguage\":\"fr-FR\",\"potentialAction\":[{\"@type\":\"ReadAction\",\"target\":[\"https:\\\/\\\/ceric.ca\\\/fr\\\/madelaine-currelly-2\\\/\"]}]},{\"@type\":\"ImageObject\",\"inLanguage\":\"fr-FR\",\"@id\":\"https:\\\/\\\/ceric.ca\\\/fr\\\/madelaine-currelly-2\\\/#primaryimage\",\"url\":\"http:\\\/\\\/ceric.org\\\/wp-content\\\/uploads\\\/2014\\\/08\\\/madelaine.png\",\"contentUrl\":\"http:\\\/\\\/ceric.org\\\/wp-content\\\/uploads\\\/2014\\\/08\\\/madelaine.png\"},{\"@type\":\"BreadcrumbList\",\"@id\":\"https:\\\/\\\/ceric.ca\\\/fr\\\/madelaine-currelly-2\\\/#breadcrumb\",\"itemListElement\":[{\"@type\":\"ListItem\",\"position\":1,\"name\":\"Home\",\"item\":\"https:\\\/\\\/ceric.ca\\\/fr\\\/ceric-homepage-2025\\\/\"},{\"@type\":\"ListItem\",\"position\":2,\"name\":\"Madelaine Currelly\"}]},{\"@type\":\"WebSite\",\"@id\":\"https:\\\/\\\/ceric.ca\\\/#website\",\"url\":\"https:\\\/\\\/ceric.ca\\\/\",\"name\":\"CERIC\",\"description\":\"\",\"publisher\":{\"@id\":\"https:\\\/\\\/ceric.ca\\\/#organization\"},\"potentialAction\":[{\"@type\":\"SearchAction\",\"target\":{\"@type\":\"EntryPoint\",\"urlTemplate\":\"https:\\\/\\\/ceric.ca\\\/?s={search_term_string}\"},\"query-input\":{\"@type\":\"PropertyValueSpecification\",\"valueRequired\":true,\"valueName\":\"search_term_string\"}}],\"inLanguage\":\"fr-FR\"},{\"@type\":\"Organization\",\"@id\":\"https:\\\/\\\/ceric.ca\\\/#organization\",\"name\":\"CERIC\",\"url\":\"https:\\\/\\\/ceric.ca\\\/\",\"logo\":{\"@type\":\"ImageObject\",\"inLanguage\":\"fr-FR\",\"@id\":\"https:\\\/\\\/ceric.ca\\\/#\\\/schema\\\/logo\\\/image\\\/\",\"url\":\"\",\"contentUrl\":\"\",\"caption\":\"CERIC\"},\"image\":{\"@id\":\"https:\\\/\\\/ceric.ca\\\/#\\\/schema\\\/logo\\\/image\\\/\"}}]}<\/script>\n<!-- \/ Yoast SEO Premium plugin. -->","yoast_head_json":{"title":"Madelaine Currelly - CERIC","robots":{"index":"index","follow":"follow","max-snippet":"max-snippet:-1","max-image-preview":"max-image-preview:large","max-video-preview":"max-video-preview:-1"},"canonical":"https:\/\/ceric.ca\/fr\/madelaine-currelly-2\/","og_locale":"fr_FR","og_type":"article","og_title":"Madelaine Currelly","og_description":"Madelaine Currelly occupe le poste de pr\u00e9sidente et chef de la direction du Community Training and Development Centre (CTDC) depuis environ 20\u00a0ans. Au cours de ces [\u2026]","og_url":"https:\/\/ceric.ca\/fr\/madelaine-currelly-2\/","og_site_name":"CERIC","article_modified_time":"2017-06-30T16:38:23+00:00","og_image":[{"url":"http:\/\/ceric.org\/wp-content\/uploads\/2014\/08\/madelaine.png","type":"","width":"","height":""}],"twitter_card":"summary_large_image","twitter_misc":{"Dur\u00e9e de lecture estim\u00e9e":"1 minute"},"schema":{"@context":"https:\/\/schema.org","@graph":[{"@type":"WebPage","@id":"https:\/\/ceric.ca\/fr\/madelaine-currelly-2\/","url":"https:\/\/ceric.ca\/fr\/madelaine-currelly-2\/","name":"Madelaine Currelly - CERIC","isPartOf":{"@id":"https:\/\/ceric.ca\/#website"},"primaryImageOfPage":{"@id":"https:\/\/ceric.ca\/fr\/madelaine-currelly-2\/#primaryimage"},"image":{"@id":"https:\/\/ceric.ca\/fr\/madelaine-currelly-2\/#primaryimage"},"thumbnailUrl":"http:\/\/ceric.org\/wp-content\/uploads\/2014\/08\/madelaine.png","datePublished":"2014-12-04T16:24:25+00:00","dateModified":"2017-06-30T16:38:23+00:00","breadcrumb":{"@id":"https:\/\/ceric.ca\/fr\/madelaine-currelly-2\/#breadcrumb"},"inLanguage":"fr-FR","potentialAction":[{"@type":"ReadAction","target":["https:\/\/ceric.ca\/fr\/madelaine-currelly-2\/"]}]},{"@type":"ImageObject","inLanguage":"fr-FR","@id":"https:\/\/ceric.ca\/fr\/madelaine-currelly-2\/#primaryimage","url":"http:\/\/ceric.org\/wp-content\/uploads\/2014\/08\/madelaine.png","contentUrl":"http:\/\/ceric.org\/wp-content\/uploads\/2014\/08\/madelaine.png"},{"@type":"BreadcrumbList","@id":"https:\/\/ceric.ca\/fr\/madelaine-currelly-2\/#breadcrumb","itemListElement":[{"@type":"ListItem","position":1,"name":"Home","item":"https:\/\/ceric.ca\/fr\/ceric-homepage-2025\/"},{"@type":"ListItem","position":2,"name":"Madelaine Currelly"}]},{"@type":"WebSite","@id":"https:\/\/ceric.ca\/#website","url":"https:\/\/ceric.ca\/","name":"CERIC","description":"","publisher":{"@id":"https:\/\/ceric.ca\/#organization"},"potentialAction":[{"@type":"SearchAction","target":{"@type":"EntryPoint","urlTemplate":"https:\/\/ceric.ca\/?s={search_term_string}"},"query-input":{"@type":"PropertyValueSpecification","valueRequired":true,"valueName":"search_term_string"}}],"inLanguage":"fr-FR"},{"@type":"Organization","@id":"https:\/\/ceric.ca\/#organization","name":"CERIC","url":"https:\/\/ceric.ca\/","logo":{"@type":"ImageObject","inLanguage":"fr-FR","@id":"https:\/\/ceric.ca\/#\/schema\/logo\/image\/","url":"","contentUrl":"","caption":"CERIC"},"image":{"@id":"https:\/\/ceric.ca\/#\/schema\/logo\/image\/"}}]}},"_links":{"self":[{"href":"https:\/\/ceric.ca\/fr\/wp-json\/wp\/v2\/pages\/10887","targetHints":{"allow":["GET"]}}],"collection":[{"href":"https:\/\/ceric.ca\/fr\/wp-json\/wp\/v2\/pages"}],"about":[{"href":"https:\/\/ceric.ca\/fr\/wp-json\/wp\/v2\/types\/page"}],"author":[{"embeddable":true,"href":"https:\/\/ceric.ca\/fr\/wp-json\/wp\/v2\/users\/1"}],"replies":[{"embeddable":true,"href":"https:\/\/ceric.ca\/fr\/wp-json\/wp\/v2\/comments?post=10887"}],"version-history":[{"count":0,"href":"https:\/\/ceric.ca\/fr\/wp-json\/wp\/v2\/pages\/10887\/revisions"}],"wp:attachment":[{"href":"https:\/\/ceric.ca\/fr\/wp-json\/wp\/v2\/media?parent=10887"}],"curies":[{"name":"wp","href":"https:\/\/api.w.org\/{rel}","templated":true}]}}