{"id":10894,"date":"2014-12-04T16:29:10","date_gmt":"2014-12-04T16:29:10","guid":{"rendered":"http:\/\/ceric.org\/?page_id=10894"},"modified":"2015-06-17T13:16:42","modified_gmt":"2015-06-17T17:16:42","slug":"barbara-gustafson","status":"publish","type":"page","link":"https:\/\/ceric.ca\/fr\/barbara-gustafson\/","title":{"rendered":"Barbara Gustafson"},"content":{"rendered":"<p><a href=\"http:\/\/ceric.org\/wp-content\/uploads\/2014\/08\/Barb_Gustafson.png\"><img decoding=\"async\" class=\"alignleft size-full wp-image-10949\" src=\"http:\/\/ceric.org\/wp-content\/uploads\/2014\/08\/Barb_Gustafson.png\" alt=\"Barb_Gustafson\" width=\"128\" height=\"140\" srcset=\"https:\/\/ceric.ca\/wp-content\/uploads\/2014\/08\/Barb_Gustafson.png 128w, https:\/\/ceric.ca\/wp-content\/uploads\/2014\/08\/Barb_Gustafson-98x107.png 98w\" sizes=\"(max-width:767px) 128px, 128px\" \/><\/a>Barbara Gustafson est une \u00e9tudiante de troisi\u00e8me cycle en administration scolaire \u00e0 l\u2019Universit\u00e9 de la Saskatchewan qui m\u00e8ne des recherches sur la r\u00e9orientation professionnelle des gens de m\u00e9tier qui deviennent enseignants dans des milieux professionnels postsecondaires. Elle est dipl\u00f4m\u00e9e en enseignement et en anglais et d\u00e9tient une ma\u00eetrise en administration des affaires. Elle est aussi membre du corps enseignant de Saskatchewan Polytechnic, animant des cours sur la reconnaissance des acquis. Son travail consiste notamment \u00e0 cr\u00e9er des voies d\u2019acc\u00e8s pour les \u00e9tudiants qui viennent de l\u2019\u00e9cole secondaire par l\u2019interm\u00e9diaire des cr\u00e9dits doubles et \u00e0 \u00e9tablir des passerelles vers les \u00e9tudes postsecondaires pour les b\u00e9n\u00e9voles et les personnes qui poss\u00e8dent une exp\u00e9rience professionnelle, gr\u00e2ce \u00e0 l\u2019\u00e9valuation et \u00e0 la reconnaissance des acquis, et entre les \u00e9tablissements postsecondaires, par l\u2019interm\u00e9diaire des transferts de cr\u00e9dits.<\/p>\n","protected":false},"excerpt":{"rendered":"<p>Barbara Gustafson est une \u00e9tudiante de troisi\u00e8me cycle en administration scolaire \u00e0 l\u2019Universit\u00e9 de la Saskatchewan qui m\u00e8ne des recherches sur la r\u00e9orientation professionnelle des gens<span class=\"excerpt-hellip\"> [\u2026]<\/span><\/p>\n","protected":false},"author":1,"featured_media":0,"parent":0,"menu_order":0,"comment_status":"closed","ping_status":"open","template":"","meta":{"h5ap_radio_sources":[],"footnotes":""},"class_list":["post-10894","page","type-page","status-publish","hentry"],"yoast_head":"<!-- This site is optimized with the Yoast SEO Premium plugin v27.3 (Yoast SEO v27.3) - https:\/\/yoast.com\/product\/yoast-seo-premium-wordpress\/ -->\n<title>Barbara Gustafson - CERIC<\/title>\n<meta name=\"robots\" content=\"index, follow, max-snippet:-1, max-image-preview:large, max-video-preview:-1\" \/>\n<link rel=\"canonical\" href=\"https:\/\/ceric.ca\/fr\/barbara-gustafson\/\" \/>\n<meta property=\"og:locale\" content=\"fr_FR\" \/>\n<meta property=\"og:type\" content=\"article\" \/>\n<meta property=\"og:title\" content=\"Barbara Gustafson\" \/>\n<meta property=\"og:description\" content=\"Barbara Gustafson est une \u00e9tudiante de troisi\u00e8me cycle en administration scolaire \u00e0 l\u2019Universit\u00e9 de la Saskatchewan qui m\u00e8ne des recherches sur la r\u00e9orientation professionnelle des gens [\u2026]\" \/>\n<meta property=\"og:url\" content=\"https:\/\/ceric.ca\/fr\/barbara-gustafson\/\" \/>\n<meta property=\"og:site_name\" content=\"CERIC\" \/>\n<meta property=\"article:modified_time\" content=\"2015-06-17T17:16:42+00:00\" \/>\n<meta property=\"og:image\" content=\"http:\/\/ceric.org\/wp-content\/uploads\/2014\/08\/Barb_Gustafson.png\" \/>\n<meta name=\"twitter:card\" content=\"summary_large_image\" \/>\n<meta name=\"twitter:label1\" content=\"Dur\u00e9e de lecture estim\u00e9e\" \/>\n\t<meta name=\"twitter:data1\" content=\"1 minute\" \/>\n<script type=\"application\/ld+json\" class=\"yoast-schema-graph\">{\"@context\":\"https:\\\/\\\/schema.org\",\"@graph\":[{\"@type\":\"WebPage\",\"@id\":\"https:\\\/\\\/ceric.ca\\\/fr\\\/barbara-gustafson\\\/\",\"url\":\"https:\\\/\\\/ceric.ca\\\/fr\\\/barbara-gustafson\\\/\",\"name\":\"Barbara Gustafson - CERIC\",\"isPartOf\":{\"@id\":\"https:\\\/\\\/ceric.ca\\\/#website\"},\"primaryImageOfPage\":{\"@id\":\"https:\\\/\\\/ceric.ca\\\/fr\\\/barbara-gustafson\\\/#primaryimage\"},\"image\":{\"@id\":\"https:\\\/\\\/ceric.ca\\\/fr\\\/barbara-gustafson\\\/#primaryimage\"},\"thumbnailUrl\":\"http:\\\/\\\/ceric.org\\\/wp-content\\\/uploads\\\/2014\\\/08\\\/Barb_Gustafson.png\",\"datePublished\":\"2014-12-04T16:29:10+00:00\",\"dateModified\":\"2015-06-17T17:16:42+00:00\",\"breadcrumb\":{\"@id\":\"https:\\\/\\\/ceric.ca\\\/fr\\\/barbara-gustafson\\\/#breadcrumb\"},\"inLanguage\":\"fr-FR\",\"potentialAction\":[{\"@type\":\"ReadAction\",\"target\":[\"https:\\\/\\\/ceric.ca\\\/fr\\\/barbara-gustafson\\\/\"]}]},{\"@type\":\"ImageObject\",\"inLanguage\":\"fr-FR\",\"@id\":\"https:\\\/\\\/ceric.ca\\\/fr\\\/barbara-gustafson\\\/#primaryimage\",\"url\":\"http:\\\/\\\/ceric.org\\\/wp-content\\\/uploads\\\/2014\\\/08\\\/Barb_Gustafson.png\",\"contentUrl\":\"http:\\\/\\\/ceric.org\\\/wp-content\\\/uploads\\\/2014\\\/08\\\/Barb_Gustafson.png\"},{\"@type\":\"BreadcrumbList\",\"@id\":\"https:\\\/\\\/ceric.ca\\\/fr\\\/barbara-gustafson\\\/#breadcrumb\",\"itemListElement\":[{\"@type\":\"ListItem\",\"position\":1,\"name\":\"Home\",\"item\":\"https:\\\/\\\/ceric.ca\\\/fr\\\/ceric-homepage-2025\\\/\"},{\"@type\":\"ListItem\",\"position\":2,\"name\":\"Barbara Gustafson\"}]},{\"@type\":\"WebSite\",\"@id\":\"https:\\\/\\\/ceric.ca\\\/#website\",\"url\":\"https:\\\/\\\/ceric.ca\\\/\",\"name\":\"CERIC\",\"description\":\"\",\"publisher\":{\"@id\":\"https:\\\/\\\/ceric.ca\\\/#organization\"},\"potentialAction\":[{\"@type\":\"SearchAction\",\"target\":{\"@type\":\"EntryPoint\",\"urlTemplate\":\"https:\\\/\\\/ceric.ca\\\/?s={search_term_string}\"},\"query-input\":{\"@type\":\"PropertyValueSpecification\",\"valueRequired\":true,\"valueName\":\"search_term_string\"}}],\"inLanguage\":\"fr-FR\"},{\"@type\":\"Organization\",\"@id\":\"https:\\\/\\\/ceric.ca\\\/#organization\",\"name\":\"CERIC\",\"url\":\"https:\\\/\\\/ceric.ca\\\/\",\"logo\":{\"@type\":\"ImageObject\",\"inLanguage\":\"fr-FR\",\"@id\":\"https:\\\/\\\/ceric.ca\\\/#\\\/schema\\\/logo\\\/image\\\/\",\"url\":\"\",\"contentUrl\":\"\",\"caption\":\"CERIC\"},\"image\":{\"@id\":\"https:\\\/\\\/ceric.ca\\\/#\\\/schema\\\/logo\\\/image\\\/\"}}]}<\/script>\n<!-- \/ Yoast SEO Premium plugin. -->","yoast_head_json":{"title":"Barbara Gustafson - CERIC","robots":{"index":"index","follow":"follow","max-snippet":"max-snippet:-1","max-image-preview":"max-image-preview:large","max-video-preview":"max-video-preview:-1"},"canonical":"https:\/\/ceric.ca\/fr\/barbara-gustafson\/","og_locale":"fr_FR","og_type":"article","og_title":"Barbara Gustafson","og_description":"Barbara Gustafson est une \u00e9tudiante de troisi\u00e8me cycle en administration scolaire \u00e0 l\u2019Universit\u00e9 de la Saskatchewan qui m\u00e8ne des recherches sur la r\u00e9orientation professionnelle des gens [\u2026]","og_url":"https:\/\/ceric.ca\/fr\/barbara-gustafson\/","og_site_name":"CERIC","article_modified_time":"2015-06-17T17:16:42+00:00","og_image":[{"url":"http:\/\/ceric.org\/wp-content\/uploads\/2014\/08\/Barb_Gustafson.png","type":"","width":"","height":""}],"twitter_card":"summary_large_image","twitter_misc":{"Dur\u00e9e de lecture estim\u00e9e":"1 minute"},"schema":{"@context":"https:\/\/schema.org","@graph":[{"@type":"WebPage","@id":"https:\/\/ceric.ca\/fr\/barbara-gustafson\/","url":"https:\/\/ceric.ca\/fr\/barbara-gustafson\/","name":"Barbara Gustafson - CERIC","isPartOf":{"@id":"https:\/\/ceric.ca\/#website"},"primaryImageOfPage":{"@id":"https:\/\/ceric.ca\/fr\/barbara-gustafson\/#primaryimage"},"image":{"@id":"https:\/\/ceric.ca\/fr\/barbara-gustafson\/#primaryimage"},"thumbnailUrl":"http:\/\/ceric.org\/wp-content\/uploads\/2014\/08\/Barb_Gustafson.png","datePublished":"2014-12-04T16:29:10+00:00","dateModified":"2015-06-17T17:16:42+00:00","breadcrumb":{"@id":"https:\/\/ceric.ca\/fr\/barbara-gustafson\/#breadcrumb"},"inLanguage":"fr-FR","potentialAction":[{"@type":"ReadAction","target":["https:\/\/ceric.ca\/fr\/barbara-gustafson\/"]}]},{"@type":"ImageObject","inLanguage":"fr-FR","@id":"https:\/\/ceric.ca\/fr\/barbara-gustafson\/#primaryimage","url":"http:\/\/ceric.org\/wp-content\/uploads\/2014\/08\/Barb_Gustafson.png","contentUrl":"http:\/\/ceric.org\/wp-content\/uploads\/2014\/08\/Barb_Gustafson.png"},{"@type":"BreadcrumbList","@id":"https:\/\/ceric.ca\/fr\/barbara-gustafson\/#breadcrumb","itemListElement":[{"@type":"ListItem","position":1,"name":"Home","item":"https:\/\/ceric.ca\/fr\/ceric-homepage-2025\/"},{"@type":"ListItem","position":2,"name":"Barbara Gustafson"}]},{"@type":"WebSite","@id":"https:\/\/ceric.ca\/#website","url":"https:\/\/ceric.ca\/","name":"CERIC","description":"","publisher":{"@id":"https:\/\/ceric.ca\/#organization"},"potentialAction":[{"@type":"SearchAction","target":{"@type":"EntryPoint","urlTemplate":"https:\/\/ceric.ca\/?s={search_term_string}"},"query-input":{"@type":"PropertyValueSpecification","valueRequired":true,"valueName":"search_term_string"}}],"inLanguage":"fr-FR"},{"@type":"Organization","@id":"https:\/\/ceric.ca\/#organization","name":"CERIC","url":"https:\/\/ceric.ca\/","logo":{"@type":"ImageObject","inLanguage":"fr-FR","@id":"https:\/\/ceric.ca\/#\/schema\/logo\/image\/","url":"","contentUrl":"","caption":"CERIC"},"image":{"@id":"https:\/\/ceric.ca\/#\/schema\/logo\/image\/"}}]}},"_links":{"self":[{"href":"https:\/\/ceric.ca\/fr\/wp-json\/wp\/v2\/pages\/10894","targetHints":{"allow":["GET"]}}],"collection":[{"href":"https:\/\/ceric.ca\/fr\/wp-json\/wp\/v2\/pages"}],"about":[{"href":"https:\/\/ceric.ca\/fr\/wp-json\/wp\/v2\/types\/page"}],"author":[{"embeddable":true,"href":"https:\/\/ceric.ca\/fr\/wp-json\/wp\/v2\/users\/1"}],"replies":[{"embeddable":true,"href":"https:\/\/ceric.ca\/fr\/wp-json\/wp\/v2\/comments?post=10894"}],"version-history":[{"count":0,"href":"https:\/\/ceric.ca\/fr\/wp-json\/wp\/v2\/pages\/10894\/revisions"}],"wp:attachment":[{"href":"https:\/\/ceric.ca\/fr\/wp-json\/wp\/v2\/media?parent=10894"}],"curies":[{"name":"wp","href":"https:\/\/api.w.org\/{rel}","templated":true}]}}