{"id":10910,"date":"2014-12-04T17:52:33","date_gmt":"2014-12-04T17:52:33","guid":{"rendered":"http:\/\/ceric.org\/?page_id=10910"},"modified":"2015-06-17T11:53:25","modified_gmt":"2015-06-17T15:53:25","slug":"jacquie-latham-2","status":"publish","type":"page","link":"https:\/\/ceric.ca\/fr\/jacquie-latham-2\/","title":{"rendered":"Jacquie Latham"},"content":{"rendered":"<p><img decoding=\"async\" class=\"alignleft wp-image-12989 size-full\" src=\"http:\/\/ceric.org\/wp-content\/uploads\/2014\/12\/Jacquie_L.png\" alt=\"\" width=\"128\" height=\"140\" srcset=\"https:\/\/ceric.ca\/wp-content\/uploads\/2014\/12\/Jacquie_L.png 128w, https:\/\/ceric.ca\/wp-content\/uploads\/2014\/12\/Jacquie_L-98x107.png 98w\" sizes=\"(max-width:767px) 128px, 128px\" \/>Jacquie Latham est conseill\u00e8re attitr\u00e9e \u00e0 l\u2019Association des conseill\u00e8res et conseillers d&rsquo;orientation scolaire de l\u2019Ontario (ACOSO). Elle fait carri\u00e8re depuis plus de 30\u00a0ans \u00e0 divers titres en orientation et en \u00e9ducation. Elle poss\u00e8de des qualifications en tant que sp\u00e9cialiste en orientation et en information scolaire et professionnelle, \u00e9laboration et r\u00e9daction de curriculums, et directrice d\u2019\u00e9cole. Au cours de sa carri\u00e8re, Jacquie a exerc\u00e9 les fonctions de conseill\u00e8re scolaire, de chef de d\u00e9partement, de conseill\u00e8re aupr\u00e8s de conseils d\u2019administration et de directrice adjointe d\u2019\u00e9cole dans une \u00e9quipe responsable de la r\u00e9ussite des \u00e9l\u00e8ves. Elle a \u00e9t\u00e9 la principale r\u00e9dactrice, formatrice et animatrice du programme de cours de qualifications de l\u2019ACOSO, offert aux enseignants du Canada et d\u2019autres pays du monde.<\/p>\n","protected":false},"excerpt":{"rendered":"<p>Jacquie Latham est conseill\u00e8re attitr\u00e9e \u00e0 l\u2019Association des conseill\u00e8res et conseillers d&rsquo;orientation scolaire de l\u2019Ontario (ACOSO). Elle fait carri\u00e8re depuis plus de 30\u00a0ans \u00e0 divers titres<span class=\"excerpt-hellip\"> [\u2026]<\/span><\/p>\n","protected":false},"author":1,"featured_media":0,"parent":0,"menu_order":0,"comment_status":"closed","ping_status":"open","template":"","meta":{"h5ap_radio_sources":[],"footnotes":""},"class_list":["post-10910","page","type-page","status-publish","hentry"],"yoast_head":"<!-- This site is optimized with the Yoast SEO Premium plugin v27.3 (Yoast SEO v27.3) - https:\/\/yoast.com\/product\/yoast-seo-premium-wordpress\/ -->\n<title>Jacquie Latham - CERIC<\/title>\n<meta name=\"robots\" content=\"index, follow, max-snippet:-1, max-image-preview:large, max-video-preview:-1\" \/>\n<link rel=\"canonical\" href=\"https:\/\/ceric.ca\/fr\/jacquie-latham-2\/\" \/>\n<meta property=\"og:locale\" content=\"fr_FR\" \/>\n<meta property=\"og:type\" content=\"article\" \/>\n<meta property=\"og:title\" content=\"Jacquie Latham\" \/>\n<meta property=\"og:description\" content=\"Jacquie Latham est conseill\u00e8re attitr\u00e9e \u00e0 l\u2019Association des conseill\u00e8res et conseillers d&rsquo;orientation scolaire de l\u2019Ontario (ACOSO). Elle fait carri\u00e8re depuis plus de 30\u00a0ans \u00e0 divers titres [\u2026]\" \/>\n<meta property=\"og:url\" content=\"https:\/\/ceric.ca\/fr\/jacquie-latham-2\/\" \/>\n<meta property=\"og:site_name\" content=\"CERIC\" \/>\n<meta property=\"article:modified_time\" content=\"2015-06-17T15:53:25+00:00\" \/>\n<meta property=\"og:image\" content=\"http:\/\/ceric.org\/wp-content\/uploads\/2014\/12\/Jacquie_L.png\" \/>\n<meta name=\"twitter:card\" content=\"summary_large_image\" \/>\n<meta name=\"twitter:label1\" content=\"Dur\u00e9e de lecture estim\u00e9e\" \/>\n\t<meta name=\"twitter:data1\" content=\"1 minute\" \/>\n<script type=\"application\/ld+json\" class=\"yoast-schema-graph\">{\"@context\":\"https:\\\/\\\/schema.org\",\"@graph\":[{\"@type\":\"WebPage\",\"@id\":\"https:\\\/\\\/ceric.ca\\\/fr\\\/jacquie-latham-2\\\/\",\"url\":\"https:\\\/\\\/ceric.ca\\\/fr\\\/jacquie-latham-2\\\/\",\"name\":\"Jacquie Latham - CERIC\",\"isPartOf\":{\"@id\":\"https:\\\/\\\/ceric.ca\\\/#website\"},\"primaryImageOfPage\":{\"@id\":\"https:\\\/\\\/ceric.ca\\\/fr\\\/jacquie-latham-2\\\/#primaryimage\"},\"image\":{\"@id\":\"https:\\\/\\\/ceric.ca\\\/fr\\\/jacquie-latham-2\\\/#primaryimage\"},\"thumbnailUrl\":\"http:\\\/\\\/ceric.org\\\/wp-content\\\/uploads\\\/2014\\\/12\\\/Jacquie_L.png\",\"datePublished\":\"2014-12-04T17:52:33+00:00\",\"dateModified\":\"2015-06-17T15:53:25+00:00\",\"breadcrumb\":{\"@id\":\"https:\\\/\\\/ceric.ca\\\/fr\\\/jacquie-latham-2\\\/#breadcrumb\"},\"inLanguage\":\"fr-FR\",\"potentialAction\":[{\"@type\":\"ReadAction\",\"target\":[\"https:\\\/\\\/ceric.ca\\\/fr\\\/jacquie-latham-2\\\/\"]}]},{\"@type\":\"ImageObject\",\"inLanguage\":\"fr-FR\",\"@id\":\"https:\\\/\\\/ceric.ca\\\/fr\\\/jacquie-latham-2\\\/#primaryimage\",\"url\":\"http:\\\/\\\/ceric.org\\\/wp-content\\\/uploads\\\/2014\\\/12\\\/Jacquie_L.png\",\"contentUrl\":\"http:\\\/\\\/ceric.org\\\/wp-content\\\/uploads\\\/2014\\\/12\\\/Jacquie_L.png\"},{\"@type\":\"BreadcrumbList\",\"@id\":\"https:\\\/\\\/ceric.ca\\\/fr\\\/jacquie-latham-2\\\/#breadcrumb\",\"itemListElement\":[{\"@type\":\"ListItem\",\"position\":1,\"name\":\"Home\",\"item\":\"https:\\\/\\\/ceric.ca\\\/fr\\\/ceric-homepage-2025\\\/\"},{\"@type\":\"ListItem\",\"position\":2,\"name\":\"Jacquie Latham\"}]},{\"@type\":\"WebSite\",\"@id\":\"https:\\\/\\\/ceric.ca\\\/#website\",\"url\":\"https:\\\/\\\/ceric.ca\\\/\",\"name\":\"CERIC\",\"description\":\"\",\"publisher\":{\"@id\":\"https:\\\/\\\/ceric.ca\\\/#organization\"},\"potentialAction\":[{\"@type\":\"SearchAction\",\"target\":{\"@type\":\"EntryPoint\",\"urlTemplate\":\"https:\\\/\\\/ceric.ca\\\/?s={search_term_string}\"},\"query-input\":{\"@type\":\"PropertyValueSpecification\",\"valueRequired\":true,\"valueName\":\"search_term_string\"}}],\"inLanguage\":\"fr-FR\"},{\"@type\":\"Organization\",\"@id\":\"https:\\\/\\\/ceric.ca\\\/#organization\",\"name\":\"CERIC\",\"url\":\"https:\\\/\\\/ceric.ca\\\/\",\"logo\":{\"@type\":\"ImageObject\",\"inLanguage\":\"fr-FR\",\"@id\":\"https:\\\/\\\/ceric.ca\\\/#\\\/schema\\\/logo\\\/image\\\/\",\"url\":\"\",\"contentUrl\":\"\",\"caption\":\"CERIC\"},\"image\":{\"@id\":\"https:\\\/\\\/ceric.ca\\\/#\\\/schema\\\/logo\\\/image\\\/\"}}]}<\/script>\n<!-- \/ Yoast SEO Premium plugin. -->","yoast_head_json":{"title":"Jacquie Latham - CERIC","robots":{"index":"index","follow":"follow","max-snippet":"max-snippet:-1","max-image-preview":"max-image-preview:large","max-video-preview":"max-video-preview:-1"},"canonical":"https:\/\/ceric.ca\/fr\/jacquie-latham-2\/","og_locale":"fr_FR","og_type":"article","og_title":"Jacquie Latham","og_description":"Jacquie Latham est conseill\u00e8re attitr\u00e9e \u00e0 l\u2019Association des conseill\u00e8res et conseillers d&rsquo;orientation scolaire de l\u2019Ontario (ACOSO). Elle fait carri\u00e8re depuis plus de 30\u00a0ans \u00e0 divers titres [\u2026]","og_url":"https:\/\/ceric.ca\/fr\/jacquie-latham-2\/","og_site_name":"CERIC","article_modified_time":"2015-06-17T15:53:25+00:00","og_image":[{"url":"http:\/\/ceric.org\/wp-content\/uploads\/2014\/12\/Jacquie_L.png","type":"","width":"","height":""}],"twitter_card":"summary_large_image","twitter_misc":{"Dur\u00e9e de lecture estim\u00e9e":"1 minute"},"schema":{"@context":"https:\/\/schema.org","@graph":[{"@type":"WebPage","@id":"https:\/\/ceric.ca\/fr\/jacquie-latham-2\/","url":"https:\/\/ceric.ca\/fr\/jacquie-latham-2\/","name":"Jacquie Latham - CERIC","isPartOf":{"@id":"https:\/\/ceric.ca\/#website"},"primaryImageOfPage":{"@id":"https:\/\/ceric.ca\/fr\/jacquie-latham-2\/#primaryimage"},"image":{"@id":"https:\/\/ceric.ca\/fr\/jacquie-latham-2\/#primaryimage"},"thumbnailUrl":"http:\/\/ceric.org\/wp-content\/uploads\/2014\/12\/Jacquie_L.png","datePublished":"2014-12-04T17:52:33+00:00","dateModified":"2015-06-17T15:53:25+00:00","breadcrumb":{"@id":"https:\/\/ceric.ca\/fr\/jacquie-latham-2\/#breadcrumb"},"inLanguage":"fr-FR","potentialAction":[{"@type":"ReadAction","target":["https:\/\/ceric.ca\/fr\/jacquie-latham-2\/"]}]},{"@type":"ImageObject","inLanguage":"fr-FR","@id":"https:\/\/ceric.ca\/fr\/jacquie-latham-2\/#primaryimage","url":"http:\/\/ceric.org\/wp-content\/uploads\/2014\/12\/Jacquie_L.png","contentUrl":"http:\/\/ceric.org\/wp-content\/uploads\/2014\/12\/Jacquie_L.png"},{"@type":"BreadcrumbList","@id":"https:\/\/ceric.ca\/fr\/jacquie-latham-2\/#breadcrumb","itemListElement":[{"@type":"ListItem","position":1,"name":"Home","item":"https:\/\/ceric.ca\/fr\/ceric-homepage-2025\/"},{"@type":"ListItem","position":2,"name":"Jacquie Latham"}]},{"@type":"WebSite","@id":"https:\/\/ceric.ca\/#website","url":"https:\/\/ceric.ca\/","name":"CERIC","description":"","publisher":{"@id":"https:\/\/ceric.ca\/#organization"},"potentialAction":[{"@type":"SearchAction","target":{"@type":"EntryPoint","urlTemplate":"https:\/\/ceric.ca\/?s={search_term_string}"},"query-input":{"@type":"PropertyValueSpecification","valueRequired":true,"valueName":"search_term_string"}}],"inLanguage":"fr-FR"},{"@type":"Organization","@id":"https:\/\/ceric.ca\/#organization","name":"CERIC","url":"https:\/\/ceric.ca\/","logo":{"@type":"ImageObject","inLanguage":"fr-FR","@id":"https:\/\/ceric.ca\/#\/schema\/logo\/image\/","url":"","contentUrl":"","caption":"CERIC"},"image":{"@id":"https:\/\/ceric.ca\/#\/schema\/logo\/image\/"}}]}},"_links":{"self":[{"href":"https:\/\/ceric.ca\/fr\/wp-json\/wp\/v2\/pages\/10910","targetHints":{"allow":["GET"]}}],"collection":[{"href":"https:\/\/ceric.ca\/fr\/wp-json\/wp\/v2\/pages"}],"about":[{"href":"https:\/\/ceric.ca\/fr\/wp-json\/wp\/v2\/types\/page"}],"author":[{"embeddable":true,"href":"https:\/\/ceric.ca\/fr\/wp-json\/wp\/v2\/users\/1"}],"replies":[{"embeddable":true,"href":"https:\/\/ceric.ca\/fr\/wp-json\/wp\/v2\/comments?post=10910"}],"version-history":[{"count":0,"href":"https:\/\/ceric.ca\/fr\/wp-json\/wp\/v2\/pages\/10910\/revisions"}],"wp:attachment":[{"href":"https:\/\/ceric.ca\/fr\/wp-json\/wp\/v2\/media?parent=10910"}],"curies":[{"name":"wp","href":"https:\/\/api.w.org\/{rel}","templated":true}]}}