{"id":10913,"date":"2014-12-04T17:54:41","date_gmt":"2014-12-04T17:54:41","guid":{"rendered":"http:\/\/ceric.org\/?page_id=10913"},"modified":"2017-05-31T15:49:05","modified_gmt":"2017-05-31T19:49:05","slug":"blessie-mathew-2","status":"publish","type":"page","link":"https:\/\/ceric.ca\/fr\/blessie-mathew-2\/","title":{"rendered":"Blessie Mathew"},"content":{"rendered":"<p><img decoding=\"async\" class=\"alignleft size-full wp-image-10963\" src=\"http:\/\/ceric.org\/wp-content\/uploads\/2014\/12\/Matthew_Blessie.png\" alt=\"Matthew_Blessie\" width=\"128\" height=\"140\" srcset=\"https:\/\/ceric.ca\/wp-content\/uploads\/2014\/12\/Matthew_Blessie.png 128w, https:\/\/ceric.ca\/wp-content\/uploads\/2014\/12\/Matthew_Blessie-98x107.png 98w\" sizes=\"(max-width:767px) 128px, 128px\" \/>Blessie Mathew est directrice de l&rsquo;information scolaire et professionnelle au centre de carri\u00e8res de l&rsquo;Universit\u00e9 de l&rsquo;Alberta. Elle supervise le d\u00e9veloppement, la mise en \u0153uvre et l&rsquo;\u00e9valuation de programmes d&rsquo;information scolaire et professionnelle et d&rsquo;apprentissage exp\u00e9rientiel et de services qui sont fournis en personne ainsi qu&rsquo;en ligne. Elle a pr\u00e9c\u00e9demment pass\u00e9 13 ans \u00e0 conseiller des \u00e9tudiants de niveau postsecondaire, des chercheurs postdoctoraux, des professionnels exp\u00e9riment\u00e9s et des nouveaux arrivants au Canada.<\/p>\n","protected":false},"excerpt":{"rendered":"<p>Blessie Mathew est directrice de l&rsquo;information scolaire et professionnelle au centre de carri\u00e8res de l&rsquo;Universit\u00e9 de l&rsquo;Alberta. Elle supervise le d\u00e9veloppement, la mise en \u0153uvre et<span class=\"excerpt-hellip\"> [\u2026]<\/span><\/p>\n","protected":false},"author":1,"featured_media":0,"parent":0,"menu_order":0,"comment_status":"closed","ping_status":"open","template":"","meta":{"h5ap_radio_sources":[],"footnotes":""},"class_list":["post-10913","page","type-page","status-publish","hentry"],"yoast_head":"<!-- This site is optimized with the Yoast SEO Premium plugin v27.3 (Yoast SEO v27.3) - https:\/\/yoast.com\/product\/yoast-seo-premium-wordpress\/ -->\n<title>Blessie Mathew - CERIC<\/title>\n<meta name=\"robots\" content=\"index, follow, max-snippet:-1, max-image-preview:large, max-video-preview:-1\" \/>\n<link rel=\"canonical\" href=\"https:\/\/ceric.ca\/fr\/blessie-mathew-2\/\" \/>\n<meta property=\"og:locale\" content=\"fr_FR\" \/>\n<meta property=\"og:type\" content=\"article\" \/>\n<meta property=\"og:title\" content=\"Blessie Mathew\" \/>\n<meta property=\"og:description\" content=\"Blessie Mathew est directrice de l&rsquo;information scolaire et professionnelle au centre de carri\u00e8res de l&rsquo;Universit\u00e9 de l&rsquo;Alberta. Elle supervise le d\u00e9veloppement, la mise en \u0153uvre et [\u2026]\" \/>\n<meta property=\"og:url\" content=\"https:\/\/ceric.ca\/fr\/blessie-mathew-2\/\" \/>\n<meta property=\"og:site_name\" content=\"CERIC\" \/>\n<meta property=\"article:modified_time\" content=\"2017-05-31T19:49:05+00:00\" \/>\n<meta property=\"og:image\" content=\"http:\/\/ceric.org\/wp-content\/uploads\/2014\/12\/Matthew_Blessie.png\" \/>\n<meta name=\"twitter:card\" content=\"summary_large_image\" \/>\n<script type=\"application\/ld+json\" class=\"yoast-schema-graph\">{\"@context\":\"https:\\\/\\\/schema.org\",\"@graph\":[{\"@type\":\"WebPage\",\"@id\":\"https:\\\/\\\/ceric.ca\\\/fr\\\/blessie-mathew-2\\\/\",\"url\":\"https:\\\/\\\/ceric.ca\\\/fr\\\/blessie-mathew-2\\\/\",\"name\":\"Blessie Mathew - CERIC\",\"isPartOf\":{\"@id\":\"https:\\\/\\\/ceric.ca\\\/#website\"},\"primaryImageOfPage\":{\"@id\":\"https:\\\/\\\/ceric.ca\\\/fr\\\/blessie-mathew-2\\\/#primaryimage\"},\"image\":{\"@id\":\"https:\\\/\\\/ceric.ca\\\/fr\\\/blessie-mathew-2\\\/#primaryimage\"},\"thumbnailUrl\":\"http:\\\/\\\/ceric.org\\\/wp-content\\\/uploads\\\/2014\\\/12\\\/Matthew_Blessie.png\",\"datePublished\":\"2014-12-04T17:54:41+00:00\",\"dateModified\":\"2017-05-31T19:49:05+00:00\",\"breadcrumb\":{\"@id\":\"https:\\\/\\\/ceric.ca\\\/fr\\\/blessie-mathew-2\\\/#breadcrumb\"},\"inLanguage\":\"fr-FR\",\"potentialAction\":[{\"@type\":\"ReadAction\",\"target\":[\"https:\\\/\\\/ceric.ca\\\/fr\\\/blessie-mathew-2\\\/\"]}]},{\"@type\":\"ImageObject\",\"inLanguage\":\"fr-FR\",\"@id\":\"https:\\\/\\\/ceric.ca\\\/fr\\\/blessie-mathew-2\\\/#primaryimage\",\"url\":\"http:\\\/\\\/ceric.org\\\/wp-content\\\/uploads\\\/2014\\\/12\\\/Matthew_Blessie.png\",\"contentUrl\":\"http:\\\/\\\/ceric.org\\\/wp-content\\\/uploads\\\/2014\\\/12\\\/Matthew_Blessie.png\"},{\"@type\":\"BreadcrumbList\",\"@id\":\"https:\\\/\\\/ceric.ca\\\/fr\\\/blessie-mathew-2\\\/#breadcrumb\",\"itemListElement\":[{\"@type\":\"ListItem\",\"position\":1,\"name\":\"Home\",\"item\":\"https:\\\/\\\/ceric.ca\\\/fr\\\/ceric-homepage-2025\\\/\"},{\"@type\":\"ListItem\",\"position\":2,\"name\":\"Blessie Mathew\"}]},{\"@type\":\"WebSite\",\"@id\":\"https:\\\/\\\/ceric.ca\\\/#website\",\"url\":\"https:\\\/\\\/ceric.ca\\\/\",\"name\":\"CERIC\",\"description\":\"\",\"publisher\":{\"@id\":\"https:\\\/\\\/ceric.ca\\\/#organization\"},\"potentialAction\":[{\"@type\":\"SearchAction\",\"target\":{\"@type\":\"EntryPoint\",\"urlTemplate\":\"https:\\\/\\\/ceric.ca\\\/?s={search_term_string}\"},\"query-input\":{\"@type\":\"PropertyValueSpecification\",\"valueRequired\":true,\"valueName\":\"search_term_string\"}}],\"inLanguage\":\"fr-FR\"},{\"@type\":\"Organization\",\"@id\":\"https:\\\/\\\/ceric.ca\\\/#organization\",\"name\":\"CERIC\",\"url\":\"https:\\\/\\\/ceric.ca\\\/\",\"logo\":{\"@type\":\"ImageObject\",\"inLanguage\":\"fr-FR\",\"@id\":\"https:\\\/\\\/ceric.ca\\\/#\\\/schema\\\/logo\\\/image\\\/\",\"url\":\"\",\"contentUrl\":\"\",\"caption\":\"CERIC\"},\"image\":{\"@id\":\"https:\\\/\\\/ceric.ca\\\/#\\\/schema\\\/logo\\\/image\\\/\"}}]}<\/script>\n<!-- \/ Yoast SEO Premium plugin. -->","yoast_head_json":{"title":"Blessie Mathew - CERIC","robots":{"index":"index","follow":"follow","max-snippet":"max-snippet:-1","max-image-preview":"max-image-preview:large","max-video-preview":"max-video-preview:-1"},"canonical":"https:\/\/ceric.ca\/fr\/blessie-mathew-2\/","og_locale":"fr_FR","og_type":"article","og_title":"Blessie Mathew","og_description":"Blessie Mathew est directrice de l&rsquo;information scolaire et professionnelle au centre de carri\u00e8res de l&rsquo;Universit\u00e9 de l&rsquo;Alberta. Elle supervise le d\u00e9veloppement, la mise en \u0153uvre et [\u2026]","og_url":"https:\/\/ceric.ca\/fr\/blessie-mathew-2\/","og_site_name":"CERIC","article_modified_time":"2017-05-31T19:49:05+00:00","og_image":[{"url":"http:\/\/ceric.org\/wp-content\/uploads\/2014\/12\/Matthew_Blessie.png","type":"","width":"","height":""}],"twitter_card":"summary_large_image","schema":{"@context":"https:\/\/schema.org","@graph":[{"@type":"WebPage","@id":"https:\/\/ceric.ca\/fr\/blessie-mathew-2\/","url":"https:\/\/ceric.ca\/fr\/blessie-mathew-2\/","name":"Blessie Mathew - CERIC","isPartOf":{"@id":"https:\/\/ceric.ca\/#website"},"primaryImageOfPage":{"@id":"https:\/\/ceric.ca\/fr\/blessie-mathew-2\/#primaryimage"},"image":{"@id":"https:\/\/ceric.ca\/fr\/blessie-mathew-2\/#primaryimage"},"thumbnailUrl":"http:\/\/ceric.org\/wp-content\/uploads\/2014\/12\/Matthew_Blessie.png","datePublished":"2014-12-04T17:54:41+00:00","dateModified":"2017-05-31T19:49:05+00:00","breadcrumb":{"@id":"https:\/\/ceric.ca\/fr\/blessie-mathew-2\/#breadcrumb"},"inLanguage":"fr-FR","potentialAction":[{"@type":"ReadAction","target":["https:\/\/ceric.ca\/fr\/blessie-mathew-2\/"]}]},{"@type":"ImageObject","inLanguage":"fr-FR","@id":"https:\/\/ceric.ca\/fr\/blessie-mathew-2\/#primaryimage","url":"http:\/\/ceric.org\/wp-content\/uploads\/2014\/12\/Matthew_Blessie.png","contentUrl":"http:\/\/ceric.org\/wp-content\/uploads\/2014\/12\/Matthew_Blessie.png"},{"@type":"BreadcrumbList","@id":"https:\/\/ceric.ca\/fr\/blessie-mathew-2\/#breadcrumb","itemListElement":[{"@type":"ListItem","position":1,"name":"Home","item":"https:\/\/ceric.ca\/fr\/ceric-homepage-2025\/"},{"@type":"ListItem","position":2,"name":"Blessie Mathew"}]},{"@type":"WebSite","@id":"https:\/\/ceric.ca\/#website","url":"https:\/\/ceric.ca\/","name":"CERIC","description":"","publisher":{"@id":"https:\/\/ceric.ca\/#organization"},"potentialAction":[{"@type":"SearchAction","target":{"@type":"EntryPoint","urlTemplate":"https:\/\/ceric.ca\/?s={search_term_string}"},"query-input":{"@type":"PropertyValueSpecification","valueRequired":true,"valueName":"search_term_string"}}],"inLanguage":"fr-FR"},{"@type":"Organization","@id":"https:\/\/ceric.ca\/#organization","name":"CERIC","url":"https:\/\/ceric.ca\/","logo":{"@type":"ImageObject","inLanguage":"fr-FR","@id":"https:\/\/ceric.ca\/#\/schema\/logo\/image\/","url":"","contentUrl":"","caption":"CERIC"},"image":{"@id":"https:\/\/ceric.ca\/#\/schema\/logo\/image\/"}}]}},"_links":{"self":[{"href":"https:\/\/ceric.ca\/fr\/wp-json\/wp\/v2\/pages\/10913","targetHints":{"allow":["GET"]}}],"collection":[{"href":"https:\/\/ceric.ca\/fr\/wp-json\/wp\/v2\/pages"}],"about":[{"href":"https:\/\/ceric.ca\/fr\/wp-json\/wp\/v2\/types\/page"}],"author":[{"embeddable":true,"href":"https:\/\/ceric.ca\/fr\/wp-json\/wp\/v2\/users\/1"}],"replies":[{"embeddable":true,"href":"https:\/\/ceric.ca\/fr\/wp-json\/wp\/v2\/comments?post=10913"}],"version-history":[{"count":0,"href":"https:\/\/ceric.ca\/fr\/wp-json\/wp\/v2\/pages\/10913\/revisions"}],"wp:attachment":[{"href":"https:\/\/ceric.ca\/fr\/wp-json\/wp\/v2\/media?parent=10913"}],"curies":[{"name":"wp","href":"https:\/\/api.w.org\/{rel}","templated":true}]}}