{"id":10929,"date":"2014-12-04T19:00:43","date_gmt":"2014-12-04T19:00:43","guid":{"rendered":"http:\/\/ceric.org\/?page_id=10929"},"modified":"2020-02-28T16:04:40","modified_gmt":"2020-02-28T21:04:40","slug":"ilia-esopos","status":"publish","type":"page","link":"https:\/\/ceric.ca\/fr\/ilia-esopos\/","title":{"rendered":"Ilia Esopos"},"content":{"rendered":"<p><strong><img decoding=\"async\" class=\"alignleft size-full wp-image-10889\" src=\"http:\/\/ceric.org\/wp-content\/uploads\/2014\/08\/ilia.png\" alt=\"ilia\" width=\"128\" height=\"140\" srcset=\"https:\/\/ceric.ca\/wp-content\/uploads\/2014\/08\/ilia.png 128w, https:\/\/ceric.ca\/wp-content\/uploads\/2014\/08\/ilia-98x107.png 98w\" sizes=\"(max-width:767px) 128px, 128px\" \/>Nom\u00a0:<\/strong> Ilia Esopos<\/p>\n<p><strong>\u00c9ducation :<\/strong> docteure en \u00e9ducation, dipl\u00f4m\u00e9e en d\u00e9veloppement de carri\u00e8re, en ressources humaines et en psychosociologie de la communication<\/p>\n<p><strong>Emploi actuel :<\/strong> charg\u00e9e de cours dans les programmes de d\u00e9veloppement de carri\u00e8re et d&rsquo;enseignement en formation professionnelle et technique \u00e0 l&rsquo;Universit\u00e9 du Qu\u00e9bec \u00e0 Montr\u00e9al; conseill\u00e8re d&rsquo;orientation en pratique priv\u00e9e<\/p>\n<p>&nbsp;<\/p>\n<ul>\n<li>\n<h4><strong>Enfant, que voulais-tu devenir quand tu serais grande? <\/strong><\/h4>\n<p>Je ne me suis jamais vraiment pos\u00e9 la question, quand j&rsquo;\u00e9tais enfant. Je crois que j&rsquo;ai eu un \u00e9pisode o\u00f9 je voulais devenir danseuse de ballet, mais finalement, c&rsquo;\u00e9tait parce que je trouvais les costumes beaux. J&rsquo;en ai gard\u00e9 un go\u00fbt pour l&rsquo;esth\u00e9tisme. J&rsquo;ai aussi voulu \u00eatre v\u00e9t\u00e9rinaire et j&rsquo;aime toujours les animaux, peu importe leur grosseur et leur allure. Mon plus grand r\u00eave \u00e9tait le suivant : lire. Lire, encore et encore, toute la journ\u00e9e, bien install\u00e9e dans un fauteuil. Je ne savais pas ce que je ferais exactement, ni comment je serais pay\u00e9e, mais je trouvais que gagner sa vie en lisant serait extraordinaire. J&rsquo;ai toujours \u00e9t\u00e9 extr\u00eamement curieuse et la lecture m&rsquo;a permis d&rsquo;\u00e9largir mes horizons et d&rsquo;enrichir mes connaissances.<\/li>\n<\/ul>\n<ul>\n<li>\n<h4><strong>Comment t\u2019es-tu int\u00e9ress\u00e9e au d\u00e9veloppement de carri\u00e8re?<\/strong><\/h4>\n<p>Apr\u00e8s mon baccalaur\u00e9at, j&rsquo;ai travaill\u00e9 dans le domaine culturel. J&rsquo;avais une mission \u00e9ducative large aupr\u00e8s des enfants. Sauf qu&rsquo;apr\u00e8s quelques ann\u00e9es, je me suis aper\u00e7ue que je voulais aider plus concr\u00e8tement, une personne \u00e0 la fois. Je me suis toujours int\u00e9ress\u00e9e \u00e0 la carri\u00e8re, \u00e0 la relation d&rsquo;aide, au march\u00e9 du travail. Et voil\u00e0, la voie \u00e9tait toute trac\u00e9e.<\/li>\n<\/ul>\n<ul>\n<li>\n<h4><strong>Que fais-tu maintenant que tu n\u2019es plus \u00e9tudiante? <\/strong><\/h4>\n<p>Ma premi\u00e8re r\u00e9ponse spontan\u00e9e : je jardine et je dors. Je peux avoir des loisirs ! Enfin, j&rsquo;ai du temps pour faire autre chose ! Blague \u00e0 part, aujourd&rsquo;hui il y a un meilleur \u00e9quilibre entre ma vie personnelle et professionnelle. Justement, au niveau professionnel, je suis charg\u00e9e de cours en d\u00e9veloppement de carri\u00e8re \u00e0 l&rsquo;Universit\u00e9 du Qu\u00e9bec \u00e0 Montr\u00e9al, je re\u00e7ois des clients en pratique priv\u00e9e, je fais du coaching d&rsquo;\u00e9quipes de professionnels en employabilit\u00e9, je m&rsquo;occupe de reconnaissance des acquis pour des organismes de formation en milieu de travail et je participe \u00e0 des projets de recherche captivants. C&rsquo;est vari\u00e9 et stimulant.<\/li>\n<\/ul>\n<ul>\n<li>\n<h4><strong>Comment est-ce que ta participation au programme GSEP a aid\u00e9 ta carri\u00e8re?<\/strong><\/h4>\n<p>Ma participation au GSEP et l&rsquo;obtention de la bourse m&rsquo;ont aid\u00e9e de plusieurs fa\u00e7ons. Cela m&rsquo;a permis de m&rsquo;int\u00e9resser de pr\u00e8s au CERIC, de d\u00e9couvrir ses activit\u00e9s, sa port\u00e9e dans l&rsquo;ensemble du Canada. Au Qu\u00e9bec, les pratiques et les conditions d&rsquo;exercice sont diff\u00e9rentes du reste du Canada, alors c&rsquo;est extr\u00eamement riche comme fa\u00e7on de d\u00e9couvrir les r\u00e9alit\u00e9s des autres provinces. Je me suis beaucoup int\u00e9ress\u00e9e aux comit\u00e9s du CERIC et maintenant j&rsquo;ai la chance de si\u00e9ger au comit\u00e9 Apprentissage et contenu. Ma participation \u00e0 Cannexus dans le cadre de ce programme m&rsquo;a permis de faire des liens avec des praticiens et des chercheurs du Canada. Je travaille d&rsquo;ailleurs \u00e0 traduire en fran\u00e7ais les excellents ouvrages de Norm Amundson, si pertinents au domaine du d\u00e9veloppement de carri\u00e8re. Avec la bourse, j&rsquo;ai pu embaucher une assistante de recherche qui m&rsquo;a aid\u00e9e pour avancer mon doctorat. Aujourd&rsquo;hui, je constate que le programme m&rsquo;a servi de lien pour aller plus loin, pour nouer de nouvelles alliances professionnelles.<\/li>\n<\/ul>\n<ul>\n<li>\n<h4><strong>Dis-nous quelque chose de surprenant que tu as appris depuis que tu travailles dans le domaine du d\u00e9veloppement de carri\u00e8re.<\/strong><\/h4>\n<p>C&rsquo;est simple, il faut redonner aux gens la possibilit\u00e9 de r\u00eaver. Quand on a des r\u00eaves, on a de l&rsquo;espoir et on peut se projeter dans l&rsquo;avenir. Tout devient plus facile quand on a l&rsquo;assurance que quelque chose d&rsquo;heureux, de positif nous attend en cours de chemin.<\/li>\n<\/ul>\n","protected":false},"excerpt":{"rendered":"<p>Nom\u00a0: Ilia Esopos \u00c9ducation : docteure en \u00e9ducation, dipl\u00f4m\u00e9e en d\u00e9veloppement de carri\u00e8re, en ressources humaines et en psychosociologie de la communication Emploi actuel : charg\u00e9e<span class=\"excerpt-hellip\"> [\u2026]<\/span><\/p>\n","protected":false},"author":1,"featured_media":0,"parent":0,"menu_order":0,"comment_status":"closed","ping_status":"open","template":"","meta":{"h5ap_radio_sources":[],"footnotes":""},"class_list":["post-10929","page","type-page","status-publish","hentry"],"yoast_head":"<!-- This site is optimized with the Yoast SEO Premium plugin v27.5 (Yoast SEO v27.5) - https:\/\/yoast.com\/product\/yoast-seo-premium-wordpress\/ -->\n<title>Ilia Esopos - CERIC<\/title>\n<meta name=\"robots\" content=\"index, follow, max-snippet:-1, max-image-preview:large, max-video-preview:-1\" \/>\n<link rel=\"canonical\" href=\"https:\/\/ceric.ca\/fr\/ilia-esopos\/\" \/>\n<meta property=\"og:locale\" content=\"fr_FR\" \/>\n<meta property=\"og:type\" content=\"article\" \/>\n<meta property=\"og:title\" content=\"Ilia Esopos\" \/>\n<meta property=\"og:description\" content=\"Nom\u00a0: Ilia Esopos \u00c9ducation : docteure en \u00e9ducation, dipl\u00f4m\u00e9e en d\u00e9veloppement de carri\u00e8re, en ressources humaines et en psychosociologie de la communication Emploi actuel : charg\u00e9e [\u2026]\" \/>\n<meta property=\"og:url\" content=\"https:\/\/ceric.ca\/fr\/ilia-esopos\/\" \/>\n<meta property=\"og:site_name\" content=\"CERIC\" \/>\n<meta property=\"article:modified_time\" content=\"2020-02-28T21:04:40+00:00\" \/>\n<meta property=\"og:image\" content=\"http:\/\/ceric.org\/wp-content\/uploads\/2014\/08\/ilia.png\" \/>\n<meta name=\"twitter:card\" content=\"summary_large_image\" \/>\n<meta name=\"twitter:label1\" content=\"Dur\u00e9e de lecture estim\u00e9e\" \/>\n\t<meta name=\"twitter:data1\" content=\"3 minutes\" \/>\n<script type=\"application\/ld+json\" class=\"yoast-schema-graph\">{\"@context\":\"https:\\\/\\\/schema.org\",\"@graph\":[{\"@type\":\"WebPage\",\"@id\":\"https:\\\/\\\/ceric.ca\\\/fr\\\/ilia-esopos\\\/\",\"url\":\"https:\\\/\\\/ceric.ca\\\/fr\\\/ilia-esopos\\\/\",\"name\":\"Ilia Esopos - CERIC\",\"isPartOf\":{\"@id\":\"https:\\\/\\\/ceric.ca\\\/#website\"},\"primaryImageOfPage\":{\"@id\":\"https:\\\/\\\/ceric.ca\\\/fr\\\/ilia-esopos\\\/#primaryimage\"},\"image\":{\"@id\":\"https:\\\/\\\/ceric.ca\\\/fr\\\/ilia-esopos\\\/#primaryimage\"},\"thumbnailUrl\":\"http:\\\/\\\/ceric.org\\\/wp-content\\\/uploads\\\/2014\\\/08\\\/ilia.png\",\"datePublished\":\"2014-12-04T19:00:43+00:00\",\"dateModified\":\"2020-02-28T21:04:40+00:00\",\"breadcrumb\":{\"@id\":\"https:\\\/\\\/ceric.ca\\\/fr\\\/ilia-esopos\\\/#breadcrumb\"},\"inLanguage\":\"fr-FR\",\"potentialAction\":[{\"@type\":\"ReadAction\",\"target\":[\"https:\\\/\\\/ceric.ca\\\/fr\\\/ilia-esopos\\\/\"]}]},{\"@type\":\"ImageObject\",\"inLanguage\":\"fr-FR\",\"@id\":\"https:\\\/\\\/ceric.ca\\\/fr\\\/ilia-esopos\\\/#primaryimage\",\"url\":\"http:\\\/\\\/ceric.org\\\/wp-content\\\/uploads\\\/2014\\\/08\\\/ilia.png\",\"contentUrl\":\"http:\\\/\\\/ceric.org\\\/wp-content\\\/uploads\\\/2014\\\/08\\\/ilia.png\"},{\"@type\":\"BreadcrumbList\",\"@id\":\"https:\\\/\\\/ceric.ca\\\/fr\\\/ilia-esopos\\\/#breadcrumb\",\"itemListElement\":[{\"@type\":\"ListItem\",\"position\":1,\"name\":\"Home\",\"item\":\"https:\\\/\\\/ceric.ca\\\/fr\\\/ceric-homepage-2025\\\/\"},{\"@type\":\"ListItem\",\"position\":2,\"name\":\"Ilia Esopos\"}]},{\"@type\":\"WebSite\",\"@id\":\"https:\\\/\\\/ceric.ca\\\/#website\",\"url\":\"https:\\\/\\\/ceric.ca\\\/\",\"name\":\"CERIC\",\"description\":\"\",\"publisher\":{\"@id\":\"https:\\\/\\\/ceric.ca\\\/#organization\"},\"potentialAction\":[{\"@type\":\"SearchAction\",\"target\":{\"@type\":\"EntryPoint\",\"urlTemplate\":\"https:\\\/\\\/ceric.ca\\\/?s={search_term_string}\"},\"query-input\":{\"@type\":\"PropertyValueSpecification\",\"valueRequired\":true,\"valueName\":\"search_term_string\"}}],\"inLanguage\":\"fr-FR\"},{\"@type\":\"Organization\",\"@id\":\"https:\\\/\\\/ceric.ca\\\/#organization\",\"name\":\"CERIC\",\"url\":\"https:\\\/\\\/ceric.ca\\\/\",\"logo\":{\"@type\":\"ImageObject\",\"inLanguage\":\"fr-FR\",\"@id\":\"https:\\\/\\\/ceric.ca\\\/#\\\/schema\\\/logo\\\/image\\\/\",\"url\":\"\",\"contentUrl\":\"\",\"caption\":\"CERIC\"},\"image\":{\"@id\":\"https:\\\/\\\/ceric.ca\\\/#\\\/schema\\\/logo\\\/image\\\/\"}}]}<\/script>\n<!-- \/ Yoast SEO Premium plugin. -->","yoast_head_json":{"title":"Ilia Esopos - CERIC","robots":{"index":"index","follow":"follow","max-snippet":"max-snippet:-1","max-image-preview":"max-image-preview:large","max-video-preview":"max-video-preview:-1"},"canonical":"https:\/\/ceric.ca\/fr\/ilia-esopos\/","og_locale":"fr_FR","og_type":"article","og_title":"Ilia Esopos","og_description":"Nom\u00a0: Ilia Esopos \u00c9ducation : docteure en \u00e9ducation, dipl\u00f4m\u00e9e en d\u00e9veloppement de carri\u00e8re, en ressources humaines et en psychosociologie de la communication Emploi actuel : charg\u00e9e [\u2026]","og_url":"https:\/\/ceric.ca\/fr\/ilia-esopos\/","og_site_name":"CERIC","article_modified_time":"2020-02-28T21:04:40+00:00","og_image":[{"url":"http:\/\/ceric.org\/wp-content\/uploads\/2014\/08\/ilia.png","type":"","width":"","height":""}],"twitter_card":"summary_large_image","twitter_misc":{"Dur\u00e9e de lecture estim\u00e9e":"3 minutes"},"schema":{"@context":"https:\/\/schema.org","@graph":[{"@type":"WebPage","@id":"https:\/\/ceric.ca\/fr\/ilia-esopos\/","url":"https:\/\/ceric.ca\/fr\/ilia-esopos\/","name":"Ilia Esopos - CERIC","isPartOf":{"@id":"https:\/\/ceric.ca\/#website"},"primaryImageOfPage":{"@id":"https:\/\/ceric.ca\/fr\/ilia-esopos\/#primaryimage"},"image":{"@id":"https:\/\/ceric.ca\/fr\/ilia-esopos\/#primaryimage"},"thumbnailUrl":"http:\/\/ceric.org\/wp-content\/uploads\/2014\/08\/ilia.png","datePublished":"2014-12-04T19:00:43+00:00","dateModified":"2020-02-28T21:04:40+00:00","breadcrumb":{"@id":"https:\/\/ceric.ca\/fr\/ilia-esopos\/#breadcrumb"},"inLanguage":"fr-FR","potentialAction":[{"@type":"ReadAction","target":["https:\/\/ceric.ca\/fr\/ilia-esopos\/"]}]},{"@type":"ImageObject","inLanguage":"fr-FR","@id":"https:\/\/ceric.ca\/fr\/ilia-esopos\/#primaryimage","url":"http:\/\/ceric.org\/wp-content\/uploads\/2014\/08\/ilia.png","contentUrl":"http:\/\/ceric.org\/wp-content\/uploads\/2014\/08\/ilia.png"},{"@type":"BreadcrumbList","@id":"https:\/\/ceric.ca\/fr\/ilia-esopos\/#breadcrumb","itemListElement":[{"@type":"ListItem","position":1,"name":"Home","item":"https:\/\/ceric.ca\/fr\/ceric-homepage-2025\/"},{"@type":"ListItem","position":2,"name":"Ilia Esopos"}]},{"@type":"WebSite","@id":"https:\/\/ceric.ca\/#website","url":"https:\/\/ceric.ca\/","name":"CERIC","description":"","publisher":{"@id":"https:\/\/ceric.ca\/#organization"},"potentialAction":[{"@type":"SearchAction","target":{"@type":"EntryPoint","urlTemplate":"https:\/\/ceric.ca\/?s={search_term_string}"},"query-input":{"@type":"PropertyValueSpecification","valueRequired":true,"valueName":"search_term_string"}}],"inLanguage":"fr-FR"},{"@type":"Organization","@id":"https:\/\/ceric.ca\/#organization","name":"CERIC","url":"https:\/\/ceric.ca\/","logo":{"@type":"ImageObject","inLanguage":"fr-FR","@id":"https:\/\/ceric.ca\/#\/schema\/logo\/image\/","url":"","contentUrl":"","caption":"CERIC"},"image":{"@id":"https:\/\/ceric.ca\/#\/schema\/logo\/image\/"}}]}},"_links":{"self":[{"href":"https:\/\/ceric.ca\/fr\/wp-json\/wp\/v2\/pages\/10929","targetHints":{"allow":["GET"]}}],"collection":[{"href":"https:\/\/ceric.ca\/fr\/wp-json\/wp\/v2\/pages"}],"about":[{"href":"https:\/\/ceric.ca\/fr\/wp-json\/wp\/v2\/types\/page"}],"author":[{"embeddable":true,"href":"https:\/\/ceric.ca\/fr\/wp-json\/wp\/v2\/users\/1"}],"replies":[{"embeddable":true,"href":"https:\/\/ceric.ca\/fr\/wp-json\/wp\/v2\/comments?post=10929"}],"version-history":[{"count":0,"href":"https:\/\/ceric.ca\/fr\/wp-json\/wp\/v2\/pages\/10929\/revisions"}],"wp:attachment":[{"href":"https:\/\/ceric.ca\/fr\/wp-json\/wp\/v2\/media?parent=10929"}],"curies":[{"name":"wp","href":"https:\/\/api.w.org\/{rel}","templated":true}]}}