{"id":12867,"date":"2015-06-03T15:09:58","date_gmt":"2015-06-03T15:09:58","guid":{"rendered":"http:\/\/ceric.org\/?page_id=12867"},"modified":"2017-06-30T12:47:32","modified_gmt":"2017-06-30T16:47:32","slug":"candy-ho","status":"publish","type":"page","link":"https:\/\/ceric.ca\/fr\/candy-ho\/","title":{"rendered":"Candy Ho"},"content":{"rendered":"<p><img decoding=\"async\" class=\"alignleft size-full wp-image-12865\" src=\"http:\/\/ceric.org\/wp-content\/uploads\/2015\/06\/Candy_H.png\" alt=\"Candy_H\" width=\"128\" height=\"140\" srcset=\"https:\/\/ceric.ca\/wp-content\/uploads\/2015\/06\/Candy_H.png 128w, https:\/\/ceric.ca\/wp-content\/uploads\/2015\/06\/Candy_H-98x107.png 98w\" sizes=\"(max-width:767px) 128px, 128px\" \/>Candy Ho enseigne actuellement au d\u00e9partement de l\u2019enseignement coop\u00e9ratif et au d\u00e9partement des \u00e9tudes p\u00e9dagogiques de la facult\u00e9 des arts, \u00e0 l\u2019Universit\u00e9 polytechnique Kwantlen. Doctorante \u00e0 la facult\u00e9 d\u2019\u00e9ducation de l\u2019Universit\u00e9 Simon Fraser, elle est passionn\u00e9e par le leadership \u00e9ducatif, en particulier le r\u00f4le des professionnels du d\u00e9veloppement de carri\u00e8re des \u00e9tudiants au postsecondaire. Elle consid\u00e8re la recherche comme une fen\u00eatre sur l\u2019apprentissage sur les personnes et les organismes, et comme un moyen d\u2019am\u00e9liorer les processus, les politiques et les pratiques.<\/p>\n","protected":false},"excerpt":{"rendered":"<p>Candy Ho enseigne actuellement au d\u00e9partement de l\u2019enseignement coop\u00e9ratif et au d\u00e9partement des \u00e9tudes p\u00e9dagogiques de la facult\u00e9 des arts, \u00e0 l\u2019Universit\u00e9 polytechnique Kwantlen. Doctorante \u00e0<span class=\"excerpt-hellip\"> [\u2026]<\/span><\/p>\n","protected":false},"author":30,"featured_media":0,"parent":0,"menu_order":0,"comment_status":"closed","ping_status":"closed","template":"","meta":{"h5ap_radio_sources":[],"footnotes":""},"class_list":["post-12867","page","type-page","status-publish","hentry"],"yoast_head":"<!-- This site is optimized with the Yoast SEO Premium plugin v27.3 (Yoast SEO v27.3) - https:\/\/yoast.com\/product\/yoast-seo-premium-wordpress\/ -->\n<title>Candy Ho - CERIC<\/title>\n<meta name=\"robots\" content=\"noindex, nofollow\" \/>\n<meta property=\"og:locale\" content=\"fr_FR\" \/>\n<meta property=\"og:type\" content=\"article\" \/>\n<meta property=\"og:title\" content=\"Candy Ho\" \/>\n<meta property=\"og:description\" content=\"Candy Ho enseigne actuellement au d\u00e9partement de l\u2019enseignement coop\u00e9ratif et au d\u00e9partement des \u00e9tudes p\u00e9dagogiques de la facult\u00e9 des arts, \u00e0 l\u2019Universit\u00e9 polytechnique Kwantlen. Doctorante \u00e0 [\u2026]\" \/>\n<meta property=\"og:url\" content=\"https:\/\/ceric.ca\/fr\/candy-ho\/\" \/>\n<meta property=\"og:site_name\" content=\"CERIC\" \/>\n<meta property=\"article:modified_time\" content=\"2017-06-30T16:47:32+00:00\" \/>\n<meta property=\"og:image\" content=\"http:\/\/ceric.org\/wp-content\/uploads\/2015\/06\/Candy_H.png\" \/>\n<meta name=\"twitter:card\" content=\"summary_large_image\" \/>\n<script type=\"application\/ld+json\" class=\"yoast-schema-graph\">{\"@context\":\"https:\\\/\\\/schema.org\",\"@graph\":[{\"@type\":\"WebPage\",\"@id\":\"https:\\\/\\\/ceric.ca\\\/fr\\\/candy-ho\\\/\",\"url\":\"https:\\\/\\\/ceric.ca\\\/fr\\\/candy-ho\\\/\",\"name\":\"Candy Ho - CERIC\",\"isPartOf\":{\"@id\":\"https:\\\/\\\/ceric.ca\\\/#website\"},\"primaryImageOfPage\":{\"@id\":\"https:\\\/\\\/ceric.ca\\\/fr\\\/candy-ho\\\/#primaryimage\"},\"image\":{\"@id\":\"https:\\\/\\\/ceric.ca\\\/fr\\\/candy-ho\\\/#primaryimage\"},\"thumbnailUrl\":\"http:\\\/\\\/ceric.org\\\/wp-content\\\/uploads\\\/2015\\\/06\\\/Candy_H.png\",\"datePublished\":\"2015-06-03T15:09:58+00:00\",\"dateModified\":\"2017-06-30T16:47:32+00:00\",\"breadcrumb\":{\"@id\":\"https:\\\/\\\/ceric.ca\\\/fr\\\/candy-ho\\\/#breadcrumb\"},\"inLanguage\":\"fr-FR\",\"potentialAction\":[{\"@type\":\"ReadAction\",\"target\":[\"https:\\\/\\\/ceric.ca\\\/fr\\\/candy-ho\\\/\"]}]},{\"@type\":\"ImageObject\",\"inLanguage\":\"fr-FR\",\"@id\":\"https:\\\/\\\/ceric.ca\\\/fr\\\/candy-ho\\\/#primaryimage\",\"url\":\"http:\\\/\\\/ceric.org\\\/wp-content\\\/uploads\\\/2015\\\/06\\\/Candy_H.png\",\"contentUrl\":\"http:\\\/\\\/ceric.org\\\/wp-content\\\/uploads\\\/2015\\\/06\\\/Candy_H.png\"},{\"@type\":\"BreadcrumbList\",\"@id\":\"https:\\\/\\\/ceric.ca\\\/fr\\\/candy-ho\\\/#breadcrumb\",\"itemListElement\":[{\"@type\":\"ListItem\",\"position\":1,\"name\":\"Home\",\"item\":\"https:\\\/\\\/ceric.ca\\\/fr\\\/ceric-homepage-2025\\\/\"},{\"@type\":\"ListItem\",\"position\":2,\"name\":\"Candy Ho\"}]},{\"@type\":\"WebSite\",\"@id\":\"https:\\\/\\\/ceric.ca\\\/#website\",\"url\":\"https:\\\/\\\/ceric.ca\\\/\",\"name\":\"CERIC\",\"description\":\"\",\"publisher\":{\"@id\":\"https:\\\/\\\/ceric.ca\\\/#organization\"},\"potentialAction\":[{\"@type\":\"SearchAction\",\"target\":{\"@type\":\"EntryPoint\",\"urlTemplate\":\"https:\\\/\\\/ceric.ca\\\/?s={search_term_string}\"},\"query-input\":{\"@type\":\"PropertyValueSpecification\",\"valueRequired\":true,\"valueName\":\"search_term_string\"}}],\"inLanguage\":\"fr-FR\"},{\"@type\":\"Organization\",\"@id\":\"https:\\\/\\\/ceric.ca\\\/#organization\",\"name\":\"CERIC\",\"url\":\"https:\\\/\\\/ceric.ca\\\/\",\"logo\":{\"@type\":\"ImageObject\",\"inLanguage\":\"fr-FR\",\"@id\":\"https:\\\/\\\/ceric.ca\\\/#\\\/schema\\\/logo\\\/image\\\/\",\"url\":\"\",\"contentUrl\":\"\",\"caption\":\"CERIC\"},\"image\":{\"@id\":\"https:\\\/\\\/ceric.ca\\\/#\\\/schema\\\/logo\\\/image\\\/\"}}]}<\/script>\n<!-- \/ Yoast SEO Premium plugin. -->","yoast_head_json":{"title":"Candy Ho - CERIC","robots":{"index":"noindex","follow":"nofollow"},"og_locale":"fr_FR","og_type":"article","og_title":"Candy Ho","og_description":"Candy Ho enseigne actuellement au d\u00e9partement de l\u2019enseignement coop\u00e9ratif et au d\u00e9partement des \u00e9tudes p\u00e9dagogiques de la facult\u00e9 des arts, \u00e0 l\u2019Universit\u00e9 polytechnique Kwantlen. Doctorante \u00e0 [\u2026]","og_url":"https:\/\/ceric.ca\/fr\/candy-ho\/","og_site_name":"CERIC","article_modified_time":"2017-06-30T16:47:32+00:00","og_image":[{"url":"http:\/\/ceric.org\/wp-content\/uploads\/2015\/06\/Candy_H.png","type":"","width":"","height":""}],"twitter_card":"summary_large_image","schema":{"@context":"https:\/\/schema.org","@graph":[{"@type":"WebPage","@id":"https:\/\/ceric.ca\/fr\/candy-ho\/","url":"https:\/\/ceric.ca\/fr\/candy-ho\/","name":"Candy Ho - CERIC","isPartOf":{"@id":"https:\/\/ceric.ca\/#website"},"primaryImageOfPage":{"@id":"https:\/\/ceric.ca\/fr\/candy-ho\/#primaryimage"},"image":{"@id":"https:\/\/ceric.ca\/fr\/candy-ho\/#primaryimage"},"thumbnailUrl":"http:\/\/ceric.org\/wp-content\/uploads\/2015\/06\/Candy_H.png","datePublished":"2015-06-03T15:09:58+00:00","dateModified":"2017-06-30T16:47:32+00:00","breadcrumb":{"@id":"https:\/\/ceric.ca\/fr\/candy-ho\/#breadcrumb"},"inLanguage":"fr-FR","potentialAction":[{"@type":"ReadAction","target":["https:\/\/ceric.ca\/fr\/candy-ho\/"]}]},{"@type":"ImageObject","inLanguage":"fr-FR","@id":"https:\/\/ceric.ca\/fr\/candy-ho\/#primaryimage","url":"http:\/\/ceric.org\/wp-content\/uploads\/2015\/06\/Candy_H.png","contentUrl":"http:\/\/ceric.org\/wp-content\/uploads\/2015\/06\/Candy_H.png"},{"@type":"BreadcrumbList","@id":"https:\/\/ceric.ca\/fr\/candy-ho\/#breadcrumb","itemListElement":[{"@type":"ListItem","position":1,"name":"Home","item":"https:\/\/ceric.ca\/fr\/ceric-homepage-2025\/"},{"@type":"ListItem","position":2,"name":"Candy Ho"}]},{"@type":"WebSite","@id":"https:\/\/ceric.ca\/#website","url":"https:\/\/ceric.ca\/","name":"CERIC","description":"","publisher":{"@id":"https:\/\/ceric.ca\/#organization"},"potentialAction":[{"@type":"SearchAction","target":{"@type":"EntryPoint","urlTemplate":"https:\/\/ceric.ca\/?s={search_term_string}"},"query-input":{"@type":"PropertyValueSpecification","valueRequired":true,"valueName":"search_term_string"}}],"inLanguage":"fr-FR"},{"@type":"Organization","@id":"https:\/\/ceric.ca\/#organization","name":"CERIC","url":"https:\/\/ceric.ca\/","logo":{"@type":"ImageObject","inLanguage":"fr-FR","@id":"https:\/\/ceric.ca\/#\/schema\/logo\/image\/","url":"","contentUrl":"","caption":"CERIC"},"image":{"@id":"https:\/\/ceric.ca\/#\/schema\/logo\/image\/"}}]}},"_links":{"self":[{"href":"https:\/\/ceric.ca\/fr\/wp-json\/wp\/v2\/pages\/12867","targetHints":{"allow":["GET"]}}],"collection":[{"href":"https:\/\/ceric.ca\/fr\/wp-json\/wp\/v2\/pages"}],"about":[{"href":"https:\/\/ceric.ca\/fr\/wp-json\/wp\/v2\/types\/page"}],"author":[{"embeddable":true,"href":"https:\/\/ceric.ca\/fr\/wp-json\/wp\/v2\/users\/30"}],"replies":[{"embeddable":true,"href":"https:\/\/ceric.ca\/fr\/wp-json\/wp\/v2\/comments?post=12867"}],"version-history":[{"count":0,"href":"https:\/\/ceric.ca\/fr\/wp-json\/wp\/v2\/pages\/12867\/revisions"}],"wp:attachment":[{"href":"https:\/\/ceric.ca\/fr\/wp-json\/wp\/v2\/media?parent=12867"}],"curies":[{"name":"wp","href":"https:\/\/api.w.org\/{rel}","templated":true}]}}