{"id":12878,"date":"2015-06-03T15:24:06","date_gmt":"2015-06-03T15:24:06","guid":{"rendered":"http:\/\/ceric.org\/?page_id=12878"},"modified":"2015-06-17T11:56:51","modified_gmt":"2015-06-17T15:56:51","slug":"patricia-polischuk","status":"publish","type":"page","link":"https:\/\/ceric.ca\/fr\/patricia-polischuk\/","title":{"rendered":"Patricia Polischuk"},"content":{"rendered":"<p><img decoding=\"async\" class=\"alignleft size-full wp-image-12874\" src=\"http:\/\/ceric.org\/wp-content\/uploads\/2015\/06\/Patricia_P.png\" alt=\"Patricia_P\" width=\"128\" height=\"140\" srcset=\"https:\/\/ceric.ca\/wp-content\/uploads\/2015\/06\/Patricia_P.png 128w, https:\/\/ceric.ca\/wp-content\/uploads\/2015\/06\/Patricia_P-98x107.png 98w\" sizes=\"(max-width:767px) 128px, 128px\" \/>Patricia Polischuk est la directrice r\u00e9gionale de Career Solutions pour le sud-ouest de l\u2019Ontario o\u00f9 elle se sp\u00e9cialise dans la r\u00e9orientation professionnelle, l\u2019assistance professionnelle et la gestion de la carri\u00e8re des cadres interm\u00e9diaires et sup\u00e9rieurs. Elle aide ses clients \u00e0 comprendre qu\u2019il est important d\u2019\u00e9tablir sa marque personnelle. Avant de rejoindre Knightsbridge, elle a travaill\u00e9 dans les domaines de la communication, des relations publiques et du marketing pour une soci\u00e9t\u00e9 internationale d\u2019am\u00e9nagement immobilier et une grande entreprise de t\u00e9l\u00e9communication. Elle a aussi travaill\u00e9 dans le secteur de l\u2019enseignement postsecondaire o\u00f9 elle a mis en place un programme d\u2019accompagnement de carri\u00e8re \u00e0 l\u2019intention des dipl\u00f4m\u00e9s de l\u2019Universit\u00e9 McMaster.<\/p>\n<p>Gr\u00e2ce \u00e0 ses interactions personnelles et aux m\u00e9dias sociaux, Patricia Polischuk est une experte reconnue en cr\u00e9ation et en entretien de r\u00e9seaux efficaces. Elle a donn\u00e9 des pr\u00e9sentations sur la gestion de la carri\u00e8re et la recherche d\u2019emploi lors de nombreux \u00e9v\u00e9nements de l\u2019industrie et de conf\u00e9rences sur le perfectionnement professionnel. Elle a \u00e9galement fait des apparitions \u00e0 la t\u00e9l\u00e9vision et a publi\u00e9 des articles sur ce sujet.<\/p>\n<p>Elle d\u00e9tient un baccalaur\u00e9at \u00e8s arts de l\u2019Universit\u00e9 Wilfrid Laurier ainsi qu\u2019un certificat d\u2019\u00e9tudes sup\u00e9rieures en relations publiques du Humber College. Elle a suivi des cours sur les principes de base de l\u2019accompagnement et poursuit actuellement une formation en vue d\u2019obtenir la certification dans ce domaine. Elle a \u00e9galement suivi des cours sur l\u2019accompagnement de carri\u00e8re en ligne donn\u00e9s par l\u2019Universit\u00e9 Capilano.<\/p>\n","protected":false},"excerpt":{"rendered":"<p>Patricia Polischuk est la directrice r\u00e9gionale de Career Solutions pour le sud-ouest de l\u2019Ontario o\u00f9 elle se sp\u00e9cialise dans la r\u00e9orientation professionnelle, l\u2019assistance professionnelle et la<span class=\"excerpt-hellip\"> [\u2026]<\/span><\/p>\n","protected":false},"author":30,"featured_media":0,"parent":0,"menu_order":0,"comment_status":"closed","ping_status":"closed","template":"","meta":{"h5ap_radio_sources":[],"footnotes":""},"class_list":["post-12878","page","type-page","status-publish","hentry"],"yoast_head":"<!-- This site is optimized with the Yoast SEO Premium plugin v27.3 (Yoast SEO v27.3) - https:\/\/yoast.com\/product\/yoast-seo-premium-wordpress\/ -->\n<title>Patricia Polischuk - CERIC<\/title>\n<meta name=\"robots\" content=\"index, follow, max-snippet:-1, max-image-preview:large, max-video-preview:-1\" \/>\n<link rel=\"canonical\" href=\"https:\/\/ceric.ca\/fr\/patricia-polischuk\/\" \/>\n<meta property=\"og:locale\" content=\"fr_FR\" \/>\n<meta property=\"og:type\" content=\"article\" \/>\n<meta property=\"og:title\" content=\"Patricia Polischuk\" \/>\n<meta property=\"og:description\" content=\"Patricia Polischuk est la directrice r\u00e9gionale de Career Solutions pour le sud-ouest de l\u2019Ontario o\u00f9 elle se sp\u00e9cialise dans la r\u00e9orientation professionnelle, l\u2019assistance professionnelle et la [\u2026]\" \/>\n<meta property=\"og:url\" content=\"https:\/\/ceric.ca\/fr\/patricia-polischuk\/\" \/>\n<meta property=\"og:site_name\" content=\"CERIC\" \/>\n<meta property=\"article:modified_time\" content=\"2015-06-17T15:56:51+00:00\" \/>\n<meta property=\"og:image\" content=\"http:\/\/ceric.org\/wp-content\/uploads\/2015\/06\/Patricia_P.png\" \/>\n<meta name=\"twitter:card\" content=\"summary_large_image\" \/>\n<meta name=\"twitter:label1\" content=\"Dur\u00e9e de lecture estim\u00e9e\" \/>\n\t<meta name=\"twitter:data1\" content=\"1 minute\" \/>\n<script type=\"application\/ld+json\" class=\"yoast-schema-graph\">{\"@context\":\"https:\\\/\\\/schema.org\",\"@graph\":[{\"@type\":\"WebPage\",\"@id\":\"https:\\\/\\\/ceric.ca\\\/fr\\\/patricia-polischuk\\\/\",\"url\":\"https:\\\/\\\/ceric.ca\\\/fr\\\/patricia-polischuk\\\/\",\"name\":\"Patricia Polischuk - CERIC\",\"isPartOf\":{\"@id\":\"https:\\\/\\\/ceric.ca\\\/#website\"},\"primaryImageOfPage\":{\"@id\":\"https:\\\/\\\/ceric.ca\\\/fr\\\/patricia-polischuk\\\/#primaryimage\"},\"image\":{\"@id\":\"https:\\\/\\\/ceric.ca\\\/fr\\\/patricia-polischuk\\\/#primaryimage\"},\"thumbnailUrl\":\"http:\\\/\\\/ceric.org\\\/wp-content\\\/uploads\\\/2015\\\/06\\\/Patricia_P.png\",\"datePublished\":\"2015-06-03T15:24:06+00:00\",\"dateModified\":\"2015-06-17T15:56:51+00:00\",\"breadcrumb\":{\"@id\":\"https:\\\/\\\/ceric.ca\\\/fr\\\/patricia-polischuk\\\/#breadcrumb\"},\"inLanguage\":\"fr-FR\",\"potentialAction\":[{\"@type\":\"ReadAction\",\"target\":[\"https:\\\/\\\/ceric.ca\\\/fr\\\/patricia-polischuk\\\/\"]}]},{\"@type\":\"ImageObject\",\"inLanguage\":\"fr-FR\",\"@id\":\"https:\\\/\\\/ceric.ca\\\/fr\\\/patricia-polischuk\\\/#primaryimage\",\"url\":\"http:\\\/\\\/ceric.org\\\/wp-content\\\/uploads\\\/2015\\\/06\\\/Patricia_P.png\",\"contentUrl\":\"http:\\\/\\\/ceric.org\\\/wp-content\\\/uploads\\\/2015\\\/06\\\/Patricia_P.png\"},{\"@type\":\"BreadcrumbList\",\"@id\":\"https:\\\/\\\/ceric.ca\\\/fr\\\/patricia-polischuk\\\/#breadcrumb\",\"itemListElement\":[{\"@type\":\"ListItem\",\"position\":1,\"name\":\"Home\",\"item\":\"https:\\\/\\\/ceric.ca\\\/fr\\\/ceric-homepage-2025\\\/\"},{\"@type\":\"ListItem\",\"position\":2,\"name\":\"Patricia Polischuk\"}]},{\"@type\":\"WebSite\",\"@id\":\"https:\\\/\\\/ceric.ca\\\/#website\",\"url\":\"https:\\\/\\\/ceric.ca\\\/\",\"name\":\"CERIC\",\"description\":\"\",\"publisher\":{\"@id\":\"https:\\\/\\\/ceric.ca\\\/#organization\"},\"potentialAction\":[{\"@type\":\"SearchAction\",\"target\":{\"@type\":\"EntryPoint\",\"urlTemplate\":\"https:\\\/\\\/ceric.ca\\\/?s={search_term_string}\"},\"query-input\":{\"@type\":\"PropertyValueSpecification\",\"valueRequired\":true,\"valueName\":\"search_term_string\"}}],\"inLanguage\":\"fr-FR\"},{\"@type\":\"Organization\",\"@id\":\"https:\\\/\\\/ceric.ca\\\/#organization\",\"name\":\"CERIC\",\"url\":\"https:\\\/\\\/ceric.ca\\\/\",\"logo\":{\"@type\":\"ImageObject\",\"inLanguage\":\"fr-FR\",\"@id\":\"https:\\\/\\\/ceric.ca\\\/#\\\/schema\\\/logo\\\/image\\\/\",\"url\":\"\",\"contentUrl\":\"\",\"caption\":\"CERIC\"},\"image\":{\"@id\":\"https:\\\/\\\/ceric.ca\\\/#\\\/schema\\\/logo\\\/image\\\/\"}}]}<\/script>\n<!-- \/ Yoast SEO Premium plugin. -->","yoast_head_json":{"title":"Patricia Polischuk - CERIC","robots":{"index":"index","follow":"follow","max-snippet":"max-snippet:-1","max-image-preview":"max-image-preview:large","max-video-preview":"max-video-preview:-1"},"canonical":"https:\/\/ceric.ca\/fr\/patricia-polischuk\/","og_locale":"fr_FR","og_type":"article","og_title":"Patricia Polischuk","og_description":"Patricia Polischuk est la directrice r\u00e9gionale de Career Solutions pour le sud-ouest de l\u2019Ontario o\u00f9 elle se sp\u00e9cialise dans la r\u00e9orientation professionnelle, l\u2019assistance professionnelle et la [\u2026]","og_url":"https:\/\/ceric.ca\/fr\/patricia-polischuk\/","og_site_name":"CERIC","article_modified_time":"2015-06-17T15:56:51+00:00","og_image":[{"url":"http:\/\/ceric.org\/wp-content\/uploads\/2015\/06\/Patricia_P.png","type":"","width":"","height":""}],"twitter_card":"summary_large_image","twitter_misc":{"Dur\u00e9e de lecture estim\u00e9e":"1 minute"},"schema":{"@context":"https:\/\/schema.org","@graph":[{"@type":"WebPage","@id":"https:\/\/ceric.ca\/fr\/patricia-polischuk\/","url":"https:\/\/ceric.ca\/fr\/patricia-polischuk\/","name":"Patricia Polischuk - CERIC","isPartOf":{"@id":"https:\/\/ceric.ca\/#website"},"primaryImageOfPage":{"@id":"https:\/\/ceric.ca\/fr\/patricia-polischuk\/#primaryimage"},"image":{"@id":"https:\/\/ceric.ca\/fr\/patricia-polischuk\/#primaryimage"},"thumbnailUrl":"http:\/\/ceric.org\/wp-content\/uploads\/2015\/06\/Patricia_P.png","datePublished":"2015-06-03T15:24:06+00:00","dateModified":"2015-06-17T15:56:51+00:00","breadcrumb":{"@id":"https:\/\/ceric.ca\/fr\/patricia-polischuk\/#breadcrumb"},"inLanguage":"fr-FR","potentialAction":[{"@type":"ReadAction","target":["https:\/\/ceric.ca\/fr\/patricia-polischuk\/"]}]},{"@type":"ImageObject","inLanguage":"fr-FR","@id":"https:\/\/ceric.ca\/fr\/patricia-polischuk\/#primaryimage","url":"http:\/\/ceric.org\/wp-content\/uploads\/2015\/06\/Patricia_P.png","contentUrl":"http:\/\/ceric.org\/wp-content\/uploads\/2015\/06\/Patricia_P.png"},{"@type":"BreadcrumbList","@id":"https:\/\/ceric.ca\/fr\/patricia-polischuk\/#breadcrumb","itemListElement":[{"@type":"ListItem","position":1,"name":"Home","item":"https:\/\/ceric.ca\/fr\/ceric-homepage-2025\/"},{"@type":"ListItem","position":2,"name":"Patricia Polischuk"}]},{"@type":"WebSite","@id":"https:\/\/ceric.ca\/#website","url":"https:\/\/ceric.ca\/","name":"CERIC","description":"","publisher":{"@id":"https:\/\/ceric.ca\/#organization"},"potentialAction":[{"@type":"SearchAction","target":{"@type":"EntryPoint","urlTemplate":"https:\/\/ceric.ca\/?s={search_term_string}"},"query-input":{"@type":"PropertyValueSpecification","valueRequired":true,"valueName":"search_term_string"}}],"inLanguage":"fr-FR"},{"@type":"Organization","@id":"https:\/\/ceric.ca\/#organization","name":"CERIC","url":"https:\/\/ceric.ca\/","logo":{"@type":"ImageObject","inLanguage":"fr-FR","@id":"https:\/\/ceric.ca\/#\/schema\/logo\/image\/","url":"","contentUrl":"","caption":"CERIC"},"image":{"@id":"https:\/\/ceric.ca\/#\/schema\/logo\/image\/"}}]}},"_links":{"self":[{"href":"https:\/\/ceric.ca\/fr\/wp-json\/wp\/v2\/pages\/12878","targetHints":{"allow":["GET"]}}],"collection":[{"href":"https:\/\/ceric.ca\/fr\/wp-json\/wp\/v2\/pages"}],"about":[{"href":"https:\/\/ceric.ca\/fr\/wp-json\/wp\/v2\/types\/page"}],"author":[{"embeddable":true,"href":"https:\/\/ceric.ca\/fr\/wp-json\/wp\/v2\/users\/30"}],"replies":[{"embeddable":true,"href":"https:\/\/ceric.ca\/fr\/wp-json\/wp\/v2\/comments?post=12878"}],"version-history":[{"count":0,"href":"https:\/\/ceric.ca\/fr\/wp-json\/wp\/v2\/pages\/12878\/revisions"}],"wp:attachment":[{"href":"https:\/\/ceric.ca\/fr\/wp-json\/wp\/v2\/media?parent=12878"}],"curies":[{"name":"wp","href":"https:\/\/api.w.org\/{rel}","templated":true}]}}