{"id":13908,"date":"2015-06-24T15:41:29","date_gmt":"2015-06-24T19:41:29","guid":{"rendered":"http:\/\/ceric.org\/fr\/?page_id=13908"},"modified":"2015-08-13T17:57:29","modified_gmt":"2015-08-13T21:57:29","slug":"ceric-10th-anniversary","status":"publish","type":"page","link":"https:\/\/ceric.ca\/fr\/ceric-10th-anniversary\/","title":{"rendered":"Dixi\u00e8me anniversaire du CERIC"},"content":{"rendered":"<div class=\"wpb-content-wrapper\"><p>[vc_row full_width=\u00a0\u00bb\u00a0\u00bb parallax=\u00a0\u00bb\u00a0\u00bb parallax_image=\u00a0\u00bb\u00a0\u00bb row_type=\u00a0\u00bbrow\u00a0\u00bb type=\u00a0\u00bbgrid\u00a0\u00bb text_align=\u00a0\u00bbleft\u00a0\u00bb background_image=\u00a0\u00bb\u00a0\u00bb background_image_as_pattern=\u00a0\u00bbwithout_pattern\u00a0\u00bb section_height=\u00a0\u00bb\u00a0\u00bb parallax_speed=\u00a0\u00bb\u00a0\u00bb background_color=\u00a0\u00bb\u00a0\u00bb border_color=\u00a0\u00bb\u00a0\u00bb side_padding=\u00a0\u00bb\u00a0\u00bb padding_top=\u00a0\u00bb40&Prime; padding_bottom=\u00a0\u00bb40&Prime; color=\u00a0\u00bb\u00a0\u00bb hover_color=\u00a0\u00bb\u00a0\u00bb more_button_label=\u00a0\u00bb\u00a0\u00bb less_button_label=\u00a0\u00bb\u00a0\u00bb button_position=\u00a0\u00bb\u00a0\u00bb][vc_column width=\u00a0\u00bb1\/1&Prime;][vc_column_text]<img decoding=\"async\" class=\"size-full wp-image-14714 aligncenter\" src=\"http:\/\/ceric.org\/wp-content\/uploads\/2015\/06\/Untitled-11.png\" alt=\"Untitled-1\" width=\"360\" height=\"118\" srcset=\"https:\/\/ceric.ca\/wp-content\/uploads\/2015\/06\/Untitled-11.png 360w, https:\/\/ceric.ca\/wp-content\/uploads\/2015\/06\/Untitled-11-300x98.png 300w, https:\/\/ceric.ca\/wp-content\/uploads\/2015\/06\/Untitled-11-156x51.png 156w\" sizes=\"(max-width:767px) 360px, 360px\" \/>[\/vc_column_text][\/vc_column][\/vc_row][vc_row][vc_column][vc_column_text]En 2014, le CERIC a c\u00e9l\u00e9br\u00e9 une d\u00e9cennie \u00e0 soutenir le d\u00e9veloppement des connaissances et des comp\u00e9tences, le leadership intellectuel et la collaboration communautaire, en plus de mieux faire conna\u00eetre le d\u00e9veloppement de carri\u00e8re au Canada.<\/p>\n<p>Tout au long de l&rsquo;ann\u00e9e, nous avons entrepris une s\u00e9rie d&rsquo;initiatives sp\u00e9ciales pour marquer cet anniversaire important, incluant :<\/p>\n<ol>\n<li>La cr\u00e9ation d&rsquo;une page sur l&rsquo;<a href=\"http:\/\/ceric.org\/fr\/histoire\/\">histoire du CERIC<\/a> sur notre site Web<\/li>\n<li>Le <a href=\"http:\/\/ceric.org\/fr\/le-defi-national-du-ceric-pour-promouvoir-le-developpement-de-carriere-une-competition-en-ligne\/\">D\u00e9fi national<\/a> pour promouvoir le d\u00e9veloppement de carri\u00e8re<\/li>\n<li>Une consultation des employeurs pour le <a href=\"http:\/\/ceric.org\/fr\/le-developpement-de-carriere-en-milieu-de-travail-sondage-des-entreprises-canadiennes\/\">sondage Environics des entreprises canadiennes<\/a> sur le d\u00e9veloppement de carri\u00e8re en milieu de travail<\/li>\n<li>La publication du manuel scolaire <a href=\"http:\/\/ceric.org\/fr\/resource\/le-developpement-de-carriere-au-canada-perspectives-principes-et-professionnalisme\/\"><em>Le d\u00e9veloppement de carri\u00e8re au Canada<\/em><\/a> et d&rsquo;une s\u00e9rie de balados Texttalks<\/li>\n<li>La publication d&rsquo;une nouvelle \u00e9dition de <a href=\"http:\/\/ceric.org\/fr\/resource\/career-crafting-the-decade-after-high-school-professionals-guide-2015\/\"><em>La d\u00e9cennie apr\u00e8s l&rsquo;\u00e9cole secondaire : Guide du professionnel<\/em><\/a><\/li>\n<li>L&rsquo;ajout des conf\u00e9rences Spark! (pr\u00e9sentations de style TED) <a href=\"http:\/\/cannexus.ca\/fr\/\" target=\"_blank\">au programme du congr\u00e8s national en d\u00e9veloppement de carri\u00e8re Cannexus<\/a><\/li>\n<li>Une s\u00e9rie de<a href=\"http:\/\/ceric.org\/fr\/webinaires\/\"> webinaires anniversaire<\/a> gratuits en collaboration avec nos partenaires de projets<\/li>\n<li>Une collaboration avec <a href=\"http:\/\/contactpoint.ca\/groups\/contactpoint-glossary-career-development\/wikis\/\" target=\"_blank\">le Conseil canadien pour le d\u00e9veloppement de carri\u00e8re (CCDC)<\/a> pour lancer le Lexique du d\u00e9veloppement de carri\u00e8re (en anglais)<\/li>\n<li>Le d\u00e9veloppement de la <a href=\"http:\/\/ceric.org\/fr\/la-base-de-donnees-des-chercheurs-canadiens-en-developpement-de-carriere-2\/\">Base de donn\u00e9es des chercheurs canadiens en d\u00e9veloppement de carri\u00e8re<\/a><\/li>\n<li>La production d&rsquo;une \u00e9dition anniversiare du magazine <em><a href=\"http:\/\/contactpoint.ca\/careering\/\" target=\"_blank\">Careering<\/a><\/em>, sur le th\u00e8me \u00ab Du souvenir \u00e0 l&rsquo;avenir \u00bb<\/li>\n<\/ol>\n<p>Nous vous invitons \u00e0 lire notre <a href=\"http:\/\/ceric.ca\/10years\/fr\/\" target=\"_blank\">carte d&rsquo;anniversaire<\/a> pour voir le point de vue des professionnels du d\u00e9veloppement de carri\u00e8re sur la fa\u00e7on dont le CERIC a influenc\u00e9 leur travail.[\/vc_column_text][\/vc_column][\/vc_row]<\/p>\n<\/div>","protected":false},"excerpt":{"rendered":"<p>[vc_row full_width=\u00a0\u00bb\u00a0\u00bb parallax=\u00a0\u00bb\u00a0\u00bb parallax_image=\u00a0\u00bb\u00a0\u00bb row_type=\u00a0\u00bbrow\u00a0\u00bb type=\u00a0\u00bbgrid\u00a0\u00bb text_align=\u00a0\u00bbleft\u00a0\u00bb background_image=\u00a0\u00bb\u00a0\u00bb background_image_as_pattern=\u00a0\u00bbwithout_pattern\u00a0\u00bb section_height=\u00a0\u00bb\u00a0\u00bb parallax_speed=\u00a0\u00bb\u00a0\u00bb background_color=\u00a0\u00bb\u00a0\u00bb border_color=\u00a0\u00bb\u00a0\u00bb side_padding=\u00a0\u00bb\u00a0\u00bb padding_top=\u00a0\u00bb40&Prime; padding_bottom=\u00a0\u00bb40&Prime; color=\u00a0\u00bb\u00a0\u00bb hover_color=\u00a0\u00bb\u00a0\u00bb more_button_label=\u00a0\u00bb\u00a0\u00bb less_button_label=\u00a0\u00bb\u00a0\u00bb button_position=\u00a0\u00bb\u00a0\u00bb][vc_column width=\u00a0\u00bb1\/1&Prime;][vc_column_text][\/vc_column_text][\/vc_column][\/vc_row][vc_row][vc_column][vc_column_text]En 2014, le CERIC a<span class=\"excerpt-hellip\"> [\u2026]<\/span><\/p>\n","protected":false},"author":30,"featured_media":0,"parent":0,"menu_order":0,"comment_status":"closed","ping_status":"closed","template":"","meta":{"h5ap_radio_sources":[],"footnotes":""},"class_list":["post-13908","page","type-page","status-publish","hentry"],"yoast_head":"<!-- This site is optimized with the Yoast SEO Premium plugin v27.3 (Yoast SEO v27.3) - https:\/\/yoast.com\/product\/yoast-seo-premium-wordpress\/ -->\n<title>Dixi\u00e8me anniversaire du CERIC - CERIC<\/title>\n<meta name=\"robots\" content=\"index, follow, max-snippet:-1, max-image-preview:large, max-video-preview:-1\" \/>\n<link rel=\"canonical\" href=\"https:\/\/ceric.ca\/fr\/ceric-10th-anniversary\/\" \/>\n<meta property=\"og:locale\" content=\"fr_FR\" \/>\n<meta property=\"og:type\" content=\"article\" \/>\n<meta property=\"og:title\" content=\"Dixi\u00e8me anniversaire du CERIC\" \/>\n<meta property=\"og:description\" content=\"[vc_row full_width=\u00a0\u00bb\u00a0\u00bb parallax=\u00a0\u00bb\u00a0\u00bb parallax_image=\u00a0\u00bb\u00a0\u00bb row_type=\u00a0\u00bbrow\u00a0\u00bb type=\u00a0\u00bbgrid\u00a0\u00bb text_align=\u00a0\u00bbleft\u00a0\u00bb background_image=\u00a0\u00bb\u00a0\u00bb background_image_as_pattern=\u00a0\u00bbwithout_pattern\u00a0\u00bb section_height=\u00a0\u00bb\u00a0\u00bb parallax_speed=\u00a0\u00bb\u00a0\u00bb background_color=\u00a0\u00bb\u00a0\u00bb border_color=\u00a0\u00bb\u00a0\u00bb side_padding=\u00a0\u00bb\u00a0\u00bb padding_top=\u00a0\u00bb40&Prime; padding_bottom=\u00a0\u00bb40&Prime; color=\u00a0\u00bb\u00a0\u00bb hover_color=\u00a0\u00bb\u00a0\u00bb more_button_label=\u00a0\u00bb\u00a0\u00bb less_button_label=\u00a0\u00bb\u00a0\u00bb button_position=\u00a0\u00bb\u00a0\u00bb][vc_column width=\u00a0\u00bb1\/1&Prime;][vc_column_text][\/vc_column_text][\/vc_column][\/vc_row][vc_row][vc_column][vc_column_text]En 2014, le CERIC a [\u2026]\" \/>\n<meta property=\"og:url\" content=\"https:\/\/ceric.ca\/fr\/ceric-10th-anniversary\/\" \/>\n<meta property=\"og:site_name\" content=\"CERIC\" \/>\n<meta property=\"article:modified_time\" content=\"2015-08-13T21:57:29+00:00\" \/>\n<meta property=\"og:image\" content=\"http:\/\/ceric.org\/wp-content\/uploads\/2015\/06\/Untitled-11.png\" \/>\n<meta name=\"twitter:card\" content=\"summary_large_image\" \/>\n<meta name=\"twitter:label1\" content=\"Dur\u00e9e de lecture estim\u00e9e\" \/>\n\t<meta name=\"twitter:data1\" content=\"2 minutes\" \/>\n<script type=\"application\/ld+json\" class=\"yoast-schema-graph\">{\"@context\":\"https:\\\/\\\/schema.org\",\"@graph\":[{\"@type\":\"WebPage\",\"@id\":\"https:\\\/\\\/ceric.ca\\\/fr\\\/ceric-10th-anniversary\\\/\",\"url\":\"https:\\\/\\\/ceric.ca\\\/fr\\\/ceric-10th-anniversary\\\/\",\"name\":\"Dixi\u00e8me anniversaire du CERIC - CERIC\",\"isPartOf\":{\"@id\":\"https:\\\/\\\/ceric.ca\\\/#website\"},\"primaryImageOfPage\":{\"@id\":\"https:\\\/\\\/ceric.ca\\\/fr\\\/ceric-10th-anniversary\\\/#primaryimage\"},\"image\":{\"@id\":\"https:\\\/\\\/ceric.ca\\\/fr\\\/ceric-10th-anniversary\\\/#primaryimage\"},\"thumbnailUrl\":\"http:\\\/\\\/ceric.org\\\/wp-content\\\/uploads\\\/2015\\\/06\\\/Untitled-11.png\",\"datePublished\":\"2015-06-24T19:41:29+00:00\",\"dateModified\":\"2015-08-13T21:57:29+00:00\",\"breadcrumb\":{\"@id\":\"https:\\\/\\\/ceric.ca\\\/fr\\\/ceric-10th-anniversary\\\/#breadcrumb\"},\"inLanguage\":\"fr-FR\",\"potentialAction\":[{\"@type\":\"ReadAction\",\"target\":[\"https:\\\/\\\/ceric.ca\\\/fr\\\/ceric-10th-anniversary\\\/\"]}]},{\"@type\":\"ImageObject\",\"inLanguage\":\"fr-FR\",\"@id\":\"https:\\\/\\\/ceric.ca\\\/fr\\\/ceric-10th-anniversary\\\/#primaryimage\",\"url\":\"http:\\\/\\\/ceric.org\\\/wp-content\\\/uploads\\\/2015\\\/06\\\/Untitled-11.png\",\"contentUrl\":\"http:\\\/\\\/ceric.org\\\/wp-content\\\/uploads\\\/2015\\\/06\\\/Untitled-11.png\"},{\"@type\":\"BreadcrumbList\",\"@id\":\"https:\\\/\\\/ceric.ca\\\/fr\\\/ceric-10th-anniversary\\\/#breadcrumb\",\"itemListElement\":[{\"@type\":\"ListItem\",\"position\":1,\"name\":\"Home\",\"item\":\"https:\\\/\\\/ceric.ca\\\/fr\\\/ceric-homepage-2025\\\/\"},{\"@type\":\"ListItem\",\"position\":2,\"name\":\"Dixi\u00e8me anniversaire du CERIC\"}]},{\"@type\":\"WebSite\",\"@id\":\"https:\\\/\\\/ceric.ca\\\/#website\",\"url\":\"https:\\\/\\\/ceric.ca\\\/\",\"name\":\"CERIC\",\"description\":\"\",\"publisher\":{\"@id\":\"https:\\\/\\\/ceric.ca\\\/#organization\"},\"potentialAction\":[{\"@type\":\"SearchAction\",\"target\":{\"@type\":\"EntryPoint\",\"urlTemplate\":\"https:\\\/\\\/ceric.ca\\\/?s={search_term_string}\"},\"query-input\":{\"@type\":\"PropertyValueSpecification\",\"valueRequired\":true,\"valueName\":\"search_term_string\"}}],\"inLanguage\":\"fr-FR\"},{\"@type\":\"Organization\",\"@id\":\"https:\\\/\\\/ceric.ca\\\/#organization\",\"name\":\"CERIC\",\"url\":\"https:\\\/\\\/ceric.ca\\\/\",\"logo\":{\"@type\":\"ImageObject\",\"inLanguage\":\"fr-FR\",\"@id\":\"https:\\\/\\\/ceric.ca\\\/#\\\/schema\\\/logo\\\/image\\\/\",\"url\":\"\",\"contentUrl\":\"\",\"caption\":\"CERIC\"},\"image\":{\"@id\":\"https:\\\/\\\/ceric.ca\\\/#\\\/schema\\\/logo\\\/image\\\/\"}}]}<\/script>\n<!-- \/ Yoast SEO Premium plugin. -->","yoast_head_json":{"title":"Dixi\u00e8me anniversaire du CERIC - CERIC","robots":{"index":"index","follow":"follow","max-snippet":"max-snippet:-1","max-image-preview":"max-image-preview:large","max-video-preview":"max-video-preview:-1"},"canonical":"https:\/\/ceric.ca\/fr\/ceric-10th-anniversary\/","og_locale":"fr_FR","og_type":"article","og_title":"Dixi\u00e8me anniversaire du CERIC","og_description":"[vc_row full_width=\u00a0\u00bb\u00a0\u00bb parallax=\u00a0\u00bb\u00a0\u00bb parallax_image=\u00a0\u00bb\u00a0\u00bb row_type=\u00a0\u00bbrow\u00a0\u00bb type=\u00a0\u00bbgrid\u00a0\u00bb text_align=\u00a0\u00bbleft\u00a0\u00bb background_image=\u00a0\u00bb\u00a0\u00bb background_image_as_pattern=\u00a0\u00bbwithout_pattern\u00a0\u00bb section_height=\u00a0\u00bb\u00a0\u00bb parallax_speed=\u00a0\u00bb\u00a0\u00bb background_color=\u00a0\u00bb\u00a0\u00bb border_color=\u00a0\u00bb\u00a0\u00bb side_padding=\u00a0\u00bb\u00a0\u00bb padding_top=\u00a0\u00bb40&Prime; padding_bottom=\u00a0\u00bb40&Prime; color=\u00a0\u00bb\u00a0\u00bb hover_color=\u00a0\u00bb\u00a0\u00bb more_button_label=\u00a0\u00bb\u00a0\u00bb less_button_label=\u00a0\u00bb\u00a0\u00bb button_position=\u00a0\u00bb\u00a0\u00bb][vc_column width=\u00a0\u00bb1\/1&Prime;][vc_column_text][\/vc_column_text][\/vc_column][\/vc_row][vc_row][vc_column][vc_column_text]En 2014, le CERIC a [\u2026]","og_url":"https:\/\/ceric.ca\/fr\/ceric-10th-anniversary\/","og_site_name":"CERIC","article_modified_time":"2015-08-13T21:57:29+00:00","og_image":[{"url":"http:\/\/ceric.org\/wp-content\/uploads\/2015\/06\/Untitled-11.png","type":"","width":"","height":""}],"twitter_card":"summary_large_image","twitter_misc":{"Dur\u00e9e de lecture estim\u00e9e":"2 minutes"},"schema":{"@context":"https:\/\/schema.org","@graph":[{"@type":"WebPage","@id":"https:\/\/ceric.ca\/fr\/ceric-10th-anniversary\/","url":"https:\/\/ceric.ca\/fr\/ceric-10th-anniversary\/","name":"Dixi\u00e8me anniversaire du CERIC - CERIC","isPartOf":{"@id":"https:\/\/ceric.ca\/#website"},"primaryImageOfPage":{"@id":"https:\/\/ceric.ca\/fr\/ceric-10th-anniversary\/#primaryimage"},"image":{"@id":"https:\/\/ceric.ca\/fr\/ceric-10th-anniversary\/#primaryimage"},"thumbnailUrl":"http:\/\/ceric.org\/wp-content\/uploads\/2015\/06\/Untitled-11.png","datePublished":"2015-06-24T19:41:29+00:00","dateModified":"2015-08-13T21:57:29+00:00","breadcrumb":{"@id":"https:\/\/ceric.ca\/fr\/ceric-10th-anniversary\/#breadcrumb"},"inLanguage":"fr-FR","potentialAction":[{"@type":"ReadAction","target":["https:\/\/ceric.ca\/fr\/ceric-10th-anniversary\/"]}]},{"@type":"ImageObject","inLanguage":"fr-FR","@id":"https:\/\/ceric.ca\/fr\/ceric-10th-anniversary\/#primaryimage","url":"http:\/\/ceric.org\/wp-content\/uploads\/2015\/06\/Untitled-11.png","contentUrl":"http:\/\/ceric.org\/wp-content\/uploads\/2015\/06\/Untitled-11.png"},{"@type":"BreadcrumbList","@id":"https:\/\/ceric.ca\/fr\/ceric-10th-anniversary\/#breadcrumb","itemListElement":[{"@type":"ListItem","position":1,"name":"Home","item":"https:\/\/ceric.ca\/fr\/ceric-homepage-2025\/"},{"@type":"ListItem","position":2,"name":"Dixi\u00e8me anniversaire du CERIC"}]},{"@type":"WebSite","@id":"https:\/\/ceric.ca\/#website","url":"https:\/\/ceric.ca\/","name":"CERIC","description":"","publisher":{"@id":"https:\/\/ceric.ca\/#organization"},"potentialAction":[{"@type":"SearchAction","target":{"@type":"EntryPoint","urlTemplate":"https:\/\/ceric.ca\/?s={search_term_string}"},"query-input":{"@type":"PropertyValueSpecification","valueRequired":true,"valueName":"search_term_string"}}],"inLanguage":"fr-FR"},{"@type":"Organization","@id":"https:\/\/ceric.ca\/#organization","name":"CERIC","url":"https:\/\/ceric.ca\/","logo":{"@type":"ImageObject","inLanguage":"fr-FR","@id":"https:\/\/ceric.ca\/#\/schema\/logo\/image\/","url":"","contentUrl":"","caption":"CERIC"},"image":{"@id":"https:\/\/ceric.ca\/#\/schema\/logo\/image\/"}}]}},"_links":{"self":[{"href":"https:\/\/ceric.ca\/fr\/wp-json\/wp\/v2\/pages\/13908","targetHints":{"allow":["GET"]}}],"collection":[{"href":"https:\/\/ceric.ca\/fr\/wp-json\/wp\/v2\/pages"}],"about":[{"href":"https:\/\/ceric.ca\/fr\/wp-json\/wp\/v2\/types\/page"}],"author":[{"embeddable":true,"href":"https:\/\/ceric.ca\/fr\/wp-json\/wp\/v2\/users\/30"}],"replies":[{"embeddable":true,"href":"https:\/\/ceric.ca\/fr\/wp-json\/wp\/v2\/comments?post=13908"}],"version-history":[{"count":0,"href":"https:\/\/ceric.ca\/fr\/wp-json\/wp\/v2\/pages\/13908\/revisions"}],"wp:attachment":[{"href":"https:\/\/ceric.ca\/fr\/wp-json\/wp\/v2\/media?parent=13908"}],"curies":[{"name":"wp","href":"https:\/\/api.w.org\/{rel}","templated":true}]}}