{"id":13957,"date":"2015-06-24T16:09:43","date_gmt":"2015-06-24T20:09:43","guid":{"rendered":"http:\/\/ceric.org\/fr\/?page_id=13957"},"modified":"2021-04-29T09:52:13","modified_gmt":"2021-04-29T13:52:13","slug":"sondage-national-sur-lacces-aux-services-demploi-et-dorientation-professionnelle","status":"publish","type":"page","link":"https:\/\/ceric.ca\/fr\/sondages\/sondage-national-sur-lacces-aux-services-demploi-et-dorientation-professionnelle\/","title":{"rendered":"Sondage national sur l\u2019acc\u00e8s aux services d\u2019emploi et d&rsquo;orientation professionnelle"},"content":{"rendered":"<div class=\"wpb-content-wrapper\"><p>[vc_row][vc_column][vc_column_text]Le march\u00e9 du travail est en \u00e9volution constante, tout comme les besoins et attitudes des Canadiens. En vue d&rsquo;obtenir une nouvelle perspective sur la fa\u00e7on dont les Canadiens acc\u00e8dent aux services de consultation en planification de carri\u00e8re et d\u2019emploi et les utilisent, le CERIC et la Counselling Foundation of Canada ont command\u00e9 un sondage national aupr\u00e8s des Canadiens d\u2019\u00e2ge adulte.<\/p>\n<p>Les r\u00e9sultats r\u00e9v\u00e8lent qui sont les personnes les plus susceptibles d\u2019avoir recours aux services de planification de carri\u00e8re\u00a0: celles qui se d\u00e9finissent comme ayant une \u00ab\u00a0carri\u00e8re\u00a0\u00bb, qui disent occuper un \u00ab\u00a0emploi\u00a0\u00bb ou qui sont aux \u00e9tudes. L\u2019enqu\u00eate portait \u00e9galement sur les types de professionnels du d\u00e9veloppement de carri\u00e8re que les Canadiens rencontrent le plus souvent, ainsi que sur les perceptions concernant l\u2019efficacit\u00e9 des services d\u2019orientation professionnelle et les obstacles qui emp\u00eachent certaines personnes d&rsquo;y acc\u00e9der.<\/p>\n<p>Navigator Ltd. a men\u00e9 ce sondage en ligne aupr\u00e8s de 1\u00a0500\u00a0Canadiens en novembre\u00a02014.<\/p>\n<ul>\n<li><a href=\"http:\/\/ceric.ca\/fr\/2015\/03\/la-moitie-des-canadiens-auraient-aime-obtenir-plus-de-conseils-en-planification-de-carriere-selon-un-sondage\/\">Communiqu\u00e9 de presse<\/a><\/li>\n<\/ul>\n<p>[\/vc_column_text][\/vc_column][\/vc_row][vc_row][vc_column][wpfd_file_shortcode wpfd_file_random=\u00a0\u00bb0.462475775074757&Prime; wpfd_file_related_category_id=\u00a0\u00bb957&Prime; wpfd_file_id=\u00a0\u00bb45943&Prime; wpfd_file_title=\u00a0\u00bbSondage national sur l\u2019acc\u00e8s aux services d\u2019emploi et d&rsquo;orientation professionnelle &#8211; R\u00e9sum\u00e9 infographique\u00a0\u00bb]<\/p>\n<div class=\"selected-file-control-section\"><span style=\"font-weight: bold;\">File Title: <\/span>Sondage national sur l\u2019acc\u00e8s aux services d\u2019emploi et d&rsquo;orientation professionnelle &#8211; R\u00e9sum\u00e9 infographique<\/div>\n<p>[\/wpfd_file_shortcode][\/vc_column][\/vc_row][vc_row][vc_column][wpfd_file_shortcode wpfd_file_random=\u00a0\u00bb0.7916737586625908&Prime; wpfd_file_related_category_id=\u00a0\u00bb957&Prime; wpfd_file_id=\u00a0\u00bb45944&Prime; wpfd_file_title=\u00a0\u00bbSondage national sur l\u2019acc\u00e8s aux services d\u2019emploi et d&rsquo;orientation professionnelle &#8211; Rapport final\u00a0\u00bb]<\/p>\n<div class=\"selected-file-control-section\"><span style=\"font-weight: bold;\">File Title: <\/span>Sondage national sur l\u2019acc\u00e8s aux services d\u2019emploi et d&rsquo;orientation professionnelle &#8211; Rapport final<\/div>\n<p>[\/wpfd_file_shortcode][\/vc_column][\/vc_row]<\/p>\n<\/div>","protected":false},"excerpt":{"rendered":"<p>[vc_row][vc_column][vc_column_text]Le march\u00e9 du travail est en \u00e9volution constante, tout comme les besoins et attitudes des Canadiens. En vue d&rsquo;obtenir une nouvelle perspective sur la fa\u00e7on dont<span class=\"excerpt-hellip\"> [\u2026]<\/span><\/p>\n","protected":false},"author":30,"featured_media":0,"parent":8182,"menu_order":0,"comment_status":"closed","ping_status":"closed","template":"","meta":{"h5ap_radio_sources":[],"footnotes":""},"class_list":["post-13957","page","type-page","status-publish","hentry"],"yoast_head":"<!-- This site is optimized with the Yoast SEO Premium plugin v27.3 (Yoast SEO v27.3) - https:\/\/yoast.com\/product\/yoast-seo-premium-wordpress\/ -->\n<title>Sondage national sur l\u2019acc\u00e8s aux services d\u2019emploi et d&#039;orientation professionnelle - CERIC<\/title>\n<meta name=\"robots\" content=\"index, follow, max-snippet:-1, max-image-preview:large, max-video-preview:-1\" \/>\n<link rel=\"canonical\" href=\"https:\/\/ceric.ca\/fr\/sondages\/sondage-national-sur-lacces-aux-services-demploi-et-dorientation-professionnelle\/\" \/>\n<meta property=\"og:locale\" content=\"fr_FR\" \/>\n<meta property=\"og:type\" content=\"article\" \/>\n<meta property=\"og:title\" content=\"Sondage national sur l\u2019acc\u00e8s aux services d\u2019emploi et d&#039;orientation professionnelle\" \/>\n<meta property=\"og:description\" content=\"[vc_row][vc_column][vc_column_text]Le march\u00e9 du travail est en \u00e9volution constante, tout comme les besoins et attitudes des Canadiens. En vue d&rsquo;obtenir une nouvelle perspective sur la fa\u00e7on dont [\u2026]\" \/>\n<meta property=\"og:url\" content=\"https:\/\/ceric.ca\/fr\/sondages\/sondage-national-sur-lacces-aux-services-demploi-et-dorientation-professionnelle\/\" \/>\n<meta property=\"og:site_name\" content=\"CERIC\" \/>\n<meta property=\"article:modified_time\" content=\"2021-04-29T13:52:13+00:00\" \/>\n<meta name=\"twitter:card\" content=\"summary_large_image\" \/>\n<meta name=\"twitter:label1\" content=\"Dur\u00e9e de lecture estim\u00e9e\" \/>\n\t<meta name=\"twitter:data1\" content=\"1 minute\" \/>\n<script type=\"application\/ld+json\" class=\"yoast-schema-graph\">{\"@context\":\"https:\\\/\\\/schema.org\",\"@graph\":[{\"@type\":\"WebPage\",\"@id\":\"https:\\\/\\\/ceric.ca\\\/fr\\\/sondages\\\/sondage-national-sur-lacces-aux-services-demploi-et-dorientation-professionnelle\\\/\",\"url\":\"https:\\\/\\\/ceric.ca\\\/fr\\\/sondages\\\/sondage-national-sur-lacces-aux-services-demploi-et-dorientation-professionnelle\\\/\",\"name\":\"Sondage national sur l\u2019acc\u00e8s aux services d\u2019emploi et d'orientation professionnelle - CERIC\",\"isPartOf\":{\"@id\":\"https:\\\/\\\/ceric.ca\\\/#website\"},\"datePublished\":\"2015-06-24T20:09:43+00:00\",\"dateModified\":\"2021-04-29T13:52:13+00:00\",\"breadcrumb\":{\"@id\":\"https:\\\/\\\/ceric.ca\\\/fr\\\/sondages\\\/sondage-national-sur-lacces-aux-services-demploi-et-dorientation-professionnelle\\\/#breadcrumb\"},\"inLanguage\":\"fr-FR\",\"potentialAction\":[{\"@type\":\"ReadAction\",\"target\":[\"https:\\\/\\\/ceric.ca\\\/fr\\\/sondages\\\/sondage-national-sur-lacces-aux-services-demploi-et-dorientation-professionnelle\\\/\"]}]},{\"@type\":\"BreadcrumbList\",\"@id\":\"https:\\\/\\\/ceric.ca\\\/fr\\\/sondages\\\/sondage-national-sur-lacces-aux-services-demploi-et-dorientation-professionnelle\\\/#breadcrumb\",\"itemListElement\":[{\"@type\":\"ListItem\",\"position\":1,\"name\":\"Home\",\"item\":\"https:\\\/\\\/ceric.ca\\\/fr\\\/ceric-homepage-2025\\\/\"},{\"@type\":\"ListItem\",\"position\":2,\"name\":\"Sondages\",\"item\":\"https:\\\/\\\/ceric.ca\\\/fr\\\/sondages\\\/\"},{\"@type\":\"ListItem\",\"position\":3,\"name\":\"Sondage national sur l\u2019acc\u00e8s aux services d\u2019emploi et d&rsquo;orientation professionnelle\"}]},{\"@type\":\"WebSite\",\"@id\":\"https:\\\/\\\/ceric.ca\\\/#website\",\"url\":\"https:\\\/\\\/ceric.ca\\\/\",\"name\":\"CERIC\",\"description\":\"\",\"publisher\":{\"@id\":\"https:\\\/\\\/ceric.ca\\\/#organization\"},\"potentialAction\":[{\"@type\":\"SearchAction\",\"target\":{\"@type\":\"EntryPoint\",\"urlTemplate\":\"https:\\\/\\\/ceric.ca\\\/?s={search_term_string}\"},\"query-input\":{\"@type\":\"PropertyValueSpecification\",\"valueRequired\":true,\"valueName\":\"search_term_string\"}}],\"inLanguage\":\"fr-FR\"},{\"@type\":\"Organization\",\"@id\":\"https:\\\/\\\/ceric.ca\\\/#organization\",\"name\":\"CERIC\",\"url\":\"https:\\\/\\\/ceric.ca\\\/\",\"logo\":{\"@type\":\"ImageObject\",\"inLanguage\":\"fr-FR\",\"@id\":\"https:\\\/\\\/ceric.ca\\\/#\\\/schema\\\/logo\\\/image\\\/\",\"url\":\"\",\"contentUrl\":\"\",\"caption\":\"CERIC\"},\"image\":{\"@id\":\"https:\\\/\\\/ceric.ca\\\/#\\\/schema\\\/logo\\\/image\\\/\"}}]}<\/script>\n<!-- \/ Yoast SEO Premium plugin. -->","yoast_head_json":{"title":"Sondage national sur l\u2019acc\u00e8s aux services d\u2019emploi et d'orientation professionnelle - CERIC","robots":{"index":"index","follow":"follow","max-snippet":"max-snippet:-1","max-image-preview":"max-image-preview:large","max-video-preview":"max-video-preview:-1"},"canonical":"https:\/\/ceric.ca\/fr\/sondages\/sondage-national-sur-lacces-aux-services-demploi-et-dorientation-professionnelle\/","og_locale":"fr_FR","og_type":"article","og_title":"Sondage national sur l\u2019acc\u00e8s aux services d\u2019emploi et d'orientation professionnelle","og_description":"[vc_row][vc_column][vc_column_text]Le march\u00e9 du travail est en \u00e9volution constante, tout comme les besoins et attitudes des Canadiens. En vue d&rsquo;obtenir une nouvelle perspective sur la fa\u00e7on dont [\u2026]","og_url":"https:\/\/ceric.ca\/fr\/sondages\/sondage-national-sur-lacces-aux-services-demploi-et-dorientation-professionnelle\/","og_site_name":"CERIC","article_modified_time":"2021-04-29T13:52:13+00:00","twitter_card":"summary_large_image","twitter_misc":{"Dur\u00e9e de lecture estim\u00e9e":"1 minute"},"schema":{"@context":"https:\/\/schema.org","@graph":[{"@type":"WebPage","@id":"https:\/\/ceric.ca\/fr\/sondages\/sondage-national-sur-lacces-aux-services-demploi-et-dorientation-professionnelle\/","url":"https:\/\/ceric.ca\/fr\/sondages\/sondage-national-sur-lacces-aux-services-demploi-et-dorientation-professionnelle\/","name":"Sondage national sur l\u2019acc\u00e8s aux services d\u2019emploi et d'orientation professionnelle - CERIC","isPartOf":{"@id":"https:\/\/ceric.ca\/#website"},"datePublished":"2015-06-24T20:09:43+00:00","dateModified":"2021-04-29T13:52:13+00:00","breadcrumb":{"@id":"https:\/\/ceric.ca\/fr\/sondages\/sondage-national-sur-lacces-aux-services-demploi-et-dorientation-professionnelle\/#breadcrumb"},"inLanguage":"fr-FR","potentialAction":[{"@type":"ReadAction","target":["https:\/\/ceric.ca\/fr\/sondages\/sondage-national-sur-lacces-aux-services-demploi-et-dorientation-professionnelle\/"]}]},{"@type":"BreadcrumbList","@id":"https:\/\/ceric.ca\/fr\/sondages\/sondage-national-sur-lacces-aux-services-demploi-et-dorientation-professionnelle\/#breadcrumb","itemListElement":[{"@type":"ListItem","position":1,"name":"Home","item":"https:\/\/ceric.ca\/fr\/ceric-homepage-2025\/"},{"@type":"ListItem","position":2,"name":"Sondages","item":"https:\/\/ceric.ca\/fr\/sondages\/"},{"@type":"ListItem","position":3,"name":"Sondage national sur l\u2019acc\u00e8s aux services d\u2019emploi et d&rsquo;orientation professionnelle"}]},{"@type":"WebSite","@id":"https:\/\/ceric.ca\/#website","url":"https:\/\/ceric.ca\/","name":"CERIC","description":"","publisher":{"@id":"https:\/\/ceric.ca\/#organization"},"potentialAction":[{"@type":"SearchAction","target":{"@type":"EntryPoint","urlTemplate":"https:\/\/ceric.ca\/?s={search_term_string}"},"query-input":{"@type":"PropertyValueSpecification","valueRequired":true,"valueName":"search_term_string"}}],"inLanguage":"fr-FR"},{"@type":"Organization","@id":"https:\/\/ceric.ca\/#organization","name":"CERIC","url":"https:\/\/ceric.ca\/","logo":{"@type":"ImageObject","inLanguage":"fr-FR","@id":"https:\/\/ceric.ca\/#\/schema\/logo\/image\/","url":"","contentUrl":"","caption":"CERIC"},"image":{"@id":"https:\/\/ceric.ca\/#\/schema\/logo\/image\/"}}]}},"_links":{"self":[{"href":"https:\/\/ceric.ca\/fr\/wp-json\/wp\/v2\/pages\/13957","targetHints":{"allow":["GET"]}}],"collection":[{"href":"https:\/\/ceric.ca\/fr\/wp-json\/wp\/v2\/pages"}],"about":[{"href":"https:\/\/ceric.ca\/fr\/wp-json\/wp\/v2\/types\/page"}],"author":[{"embeddable":true,"href":"https:\/\/ceric.ca\/fr\/wp-json\/wp\/v2\/users\/30"}],"replies":[{"embeddable":true,"href":"https:\/\/ceric.ca\/fr\/wp-json\/wp\/v2\/comments?post=13957"}],"version-history":[{"count":0,"href":"https:\/\/ceric.ca\/fr\/wp-json\/wp\/v2\/pages\/13957\/revisions"}],"up":[{"embeddable":true,"href":"https:\/\/ceric.ca\/fr\/wp-json\/wp\/v2\/pages\/8182"}],"wp:attachment":[{"href":"https:\/\/ceric.ca\/fr\/wp-json\/wp\/v2\/media?parent=13957"}],"curies":[{"name":"wp","href":"https:\/\/api.w.org\/{rel}","templated":true}]}}