{"id":14362,"date":"2015-06-30T15:34:02","date_gmt":"2015-06-30T19:34:02","guid":{"rendered":"http:\/\/ceric.org\/fr\/?page_id=14362"},"modified":"2024-02-15T14:06:06","modified_gmt":"2024-02-15T19:06:06","slug":"image-de-marque","status":"publish","type":"page","link":"https:\/\/ceric.ca\/fr\/image-de-marque\/","title":{"rendered":"Image de marque"},"content":{"rendered":"<p>Le CERIC permet aux organismes qu&rsquo;il soutient et\/ou \u00e0 ses partenaires de projet d&rsquo;utiliser son image de marque (par exemple, sur du mat\u00e9riel promotionnel au sujet d&rsquo;une initiative rendue possible par le CERIC ou r\u00e9alis\u00e9e conjointement avec le CERIC).<\/p>\n<p>L&rsquo;image de marque du CERIC est compos\u00e9e de deux \u00e9l\u00e9ments :<\/p>\n<ol>\n<li>Symbole : Un cercle concentrique de mains orient\u00e9es les unes vers les autres, illustrant un effort collectif, un soutien mutuel et la force de l&rsquo;union. Les espaces n\u00e9gatifs forment une \u00e9toile, symbole de r\u00e9ussite et d&rsquo;autorit\u00e9.<\/li>\n<li>Logotype : La typographie du CERIC est en Montserrat Regular. Il n&rsquo;est pas permis de redessiner le symbole, recomposer le logotype ou modifier la signature, d&rsquo;aucune fa\u00e7on que ce soit. Ensemble, ces \u00e9l\u00e9ments composent notre signature corporative.<\/li>\n<\/ol>\n<p><img fetchpriority=\"high\" decoding=\"async\" class=\"wp-image-21386 aligncenter\" src=\"http:\/\/ceric.ca\/wp-content\/uploads\/2015\/06\/CERIC-branding.png\" alt=\"\" width=\"536\" height=\"214\" \/><\/p>\n<p>Veuillez respecter les directives suivantes lorsque vous utilisez notre image de marque :<\/p>\n<ul>\n<li>Les deux \u00e9l\u00e9ments doivent \u00eatre utilis\u00e9s dans le format et les proportions exactes stipul\u00e9es dans ces directives, et ne peuvent \u00eatre modifi\u00e9s d&rsquo;aucune fa\u00e7on. Ne remplacez pas par une autre police de caract\u00e8re et n&rsquo;essayez pas de recr\u00e9er le logotype. Les \u00e9l\u00e9ments individuels ne peuvent \u00eatre utilis\u00e9s s\u00e9par\u00e9ment.<\/li>\n<li>Notre image de marque a des proportions sp\u00e9cifiques. Ne changez pas les dimensions ou l&rsquo;orientation d&rsquo;aucune fa\u00e7on; il n&rsquo;est pas permis d&rsquo;\u00e9diter, de retoucher, de redessiner, d&rsquo;incliner, de retourner, de basculer, d&rsquo;effectuer une rotation ou de d\u00e9former les \u00e9l\u00e9ments de notre image de marque. Il n&rsquo;est pas permis de changer les \u00e9l\u00e9ments de position, de grandeur ou de forme l&rsquo;un par rapport \u00e0 l&rsquo;autre.<\/li>\n<li>La repr\u00e9sentation de notre image de marque est renforc\u00e9e en s&rsquo;assurant qu&rsquo;un minimum d&rsquo;espace vide, sans images, graphiques, bordures ou autre \u00e9l\u00e9ment visuel, est maintenu tout autour. Cet espace vide autour de l&rsquo;image de marque est \u00e9gal \u00e0 la largeur de l&rsquo;une des mains dans le symbole inclus dans le logo du CERIC.<\/li>\n<\/ul>\n<p>Vous pouvez t\u00e9l\u00e9charger deux versions approuv\u00e9es du logo du CERIC, disponibles en couleur, en noir et en blanc :<\/p>\n<p>Configuration horizontale\u2014couleur (<a href=\"http:\/\/ceric.ca\/files\/logos\/CERIC-HOR-BIL_CMYK.eps\" target=\"_blank\" rel=\"noopener noreferrer\">T\u00e9l\u00e9charger en format .eps<\/a>) (<a href=\"http:\/\/ceric.ca\/files\/logos\/CERIC-HOR-BIL_RGB.png\" target=\"_blank\" rel=\"noopener noreferrer\">T\u00e9l\u00e9charger en format .png<\/a>)<br \/>\nConfiguration verticale\u2014couleur (<a href=\"http:\/\/ceric.ca\/files\/logos\/CERIC-VERT-BIL_CMYK.eps\" target=\"_blank\" rel=\"noopener noreferrer\">T\u00e9l\u00e9charger en format .eps<\/a>) (<a href=\"http:\/\/ceric.ca\/files\/logos\/CERIC-VERT-BIL_RGB.png\" target=\"_blank\" rel=\"noopener noreferrer\">T\u00e9l\u00e9charger en format .png<\/a>)<\/p>\n<p>Configuration horizontale\u2014noir (<a href=\"http:\/\/ceric.ca\/files\/logos\/CERIC-HOR-BIL-K.eps\" target=\"_blank\" rel=\"noopener noreferrer\">T\u00e9l\u00e9charger en format .eps<\/a>) (<a href=\"http:\/\/ceric.ca\/files\/logos\/CERIC-HOR-BIL-K.png\" target=\"_blank\" rel=\"noopener noreferrer\">T\u00e9l\u00e9charger en format .png<\/a>)<br \/>\nConfiguration verticale\u2014noir (<a href=\"http:\/\/ceric.ca\/files\/logos\/CERIC-VERT-BIL_K.eps\" target=\"_blank\" rel=\"noopener noreferrer\">T\u00e9l\u00e9charger en format .eps<\/a>) (<a href=\"http:\/\/ceric.ca\/files\/logos\/CERIC-VERT-BIL_K.png\" target=\"_blank\" rel=\"noopener noreferrer\">T\u00e9l\u00e9charger en format .png<\/a>)<\/p>\n<p>Configuration horizontale\u2014blanc (<a href=\"http:\/\/ceric.ca\/files\/logos\/CERIC-HOR-BIL-WHITE.eps\" target=\"_blank\" rel=\"noopener noreferrer\">T\u00e9l\u00e9charger en format .eps<\/a>)\u00a0(<a href=\"http:\/\/ceric.ca\/files\/logos\/CERIC-HOR-BIL-WHITE.png\" target=\"_blank\" rel=\"noopener noreferrer\">T\u00e9l\u00e9charger en format .png<\/a>)<br \/>\nConfiguration verticale\u2014blanc (<a href=\"http:\/\/ceric.ca\/files\/logos\/CERIC-VERT-BIL_WHITE.eps\" target=\"_blank\" rel=\"noopener noreferrer\">T\u00e9l\u00e9charger en format .eps<\/a>)\u00a0(<a href=\"http:\/\/ceric.ca\/files\/logos\/CERIC-VERT-BIL_WHITE.png\" target=\"_blank\" rel=\"noopener noreferrer\">T\u00e9l\u00e9charger en format .png<\/a>)<\/p>\n","protected":false},"excerpt":{"rendered":"<p>Le CERIC permet aux organismes qu&rsquo;il soutient et\/ou \u00e0 ses partenaires de projet d&rsquo;utiliser son image de marque (par exemple, sur du mat\u00e9riel promotionnel au sujet<span class=\"excerpt-hellip\"> [\u2026]<\/span><\/p>\n","protected":false},"author":4,"featured_media":0,"parent":0,"menu_order":0,"comment_status":"closed","ping_status":"closed","template":"","meta":{"h5ap_radio_sources":[],"footnotes":""},"class_list":["post-14362","page","type-page","status-publish","hentry"],"yoast_head":"<!-- This site is optimized with the Yoast SEO Premium plugin v27.5 (Yoast SEO v27.5) - https:\/\/yoast.com\/product\/yoast-seo-premium-wordpress\/ -->\n<title>Image de marque - CERIC<\/title>\n<meta name=\"robots\" content=\"index, follow, max-snippet:-1, max-image-preview:large, max-video-preview:-1\" \/>\n<link rel=\"canonical\" href=\"https:\/\/ceric.ca\/fr\/image-de-marque\/\" \/>\n<meta property=\"og:locale\" content=\"fr_FR\" \/>\n<meta property=\"og:type\" content=\"article\" \/>\n<meta property=\"og:title\" content=\"Image de marque\" \/>\n<meta property=\"og:description\" content=\"Le CERIC permet aux organismes qu&rsquo;il soutient et\/ou \u00e0 ses partenaires de projet d&rsquo;utiliser son image de marque (par exemple, sur du mat\u00e9riel promotionnel au sujet [\u2026]\" \/>\n<meta property=\"og:url\" content=\"https:\/\/ceric.ca\/fr\/image-de-marque\/\" \/>\n<meta property=\"og:site_name\" content=\"CERIC\" \/>\n<meta property=\"article:modified_time\" content=\"2024-02-15T19:06:06+00:00\" \/>\n<meta property=\"og:image\" content=\"http:\/\/ceric.ca\/wp-content\/uploads\/2015\/06\/CERIC-branding.png\" \/>\n<meta name=\"twitter:card\" content=\"summary_large_image\" \/>\n<meta name=\"twitter:label1\" content=\"Dur\u00e9e de lecture estim\u00e9e\" \/>\n\t<meta name=\"twitter:data1\" content=\"2 minutes\" \/>\n<script type=\"application\/ld+json\" class=\"yoast-schema-graph\">{\"@context\":\"https:\\\/\\\/schema.org\",\"@graph\":[{\"@type\":\"WebPage\",\"@id\":\"https:\\\/\\\/ceric.ca\\\/fr\\\/image-de-marque\\\/\",\"url\":\"https:\\\/\\\/ceric.ca\\\/fr\\\/image-de-marque\\\/\",\"name\":\"Image de marque - CERIC\",\"isPartOf\":{\"@id\":\"https:\\\/\\\/ceric.ca\\\/#website\"},\"primaryImageOfPage\":{\"@id\":\"https:\\\/\\\/ceric.ca\\\/fr\\\/image-de-marque\\\/#primaryimage\"},\"image\":{\"@id\":\"https:\\\/\\\/ceric.ca\\\/fr\\\/image-de-marque\\\/#primaryimage\"},\"thumbnailUrl\":\"http:\\\/\\\/ceric.ca\\\/wp-content\\\/uploads\\\/2015\\\/06\\\/CERIC-branding.png\",\"datePublished\":\"2015-06-30T19:34:02+00:00\",\"dateModified\":\"2024-02-15T19:06:06+00:00\",\"breadcrumb\":{\"@id\":\"https:\\\/\\\/ceric.ca\\\/fr\\\/image-de-marque\\\/#breadcrumb\"},\"inLanguage\":\"fr-FR\",\"potentialAction\":[{\"@type\":\"ReadAction\",\"target\":[\"https:\\\/\\\/ceric.ca\\\/fr\\\/image-de-marque\\\/\"]}]},{\"@type\":\"ImageObject\",\"inLanguage\":\"fr-FR\",\"@id\":\"https:\\\/\\\/ceric.ca\\\/fr\\\/image-de-marque\\\/#primaryimage\",\"url\":\"http:\\\/\\\/ceric.ca\\\/wp-content\\\/uploads\\\/2015\\\/06\\\/CERIC-branding.png\",\"contentUrl\":\"http:\\\/\\\/ceric.ca\\\/wp-content\\\/uploads\\\/2015\\\/06\\\/CERIC-branding.png\"},{\"@type\":\"BreadcrumbList\",\"@id\":\"https:\\\/\\\/ceric.ca\\\/fr\\\/image-de-marque\\\/#breadcrumb\",\"itemListElement\":[{\"@type\":\"ListItem\",\"position\":1,\"name\":\"Home\",\"item\":\"https:\\\/\\\/ceric.ca\\\/fr\\\/ceric-homepage-2025\\\/\"},{\"@type\":\"ListItem\",\"position\":2,\"name\":\"Image de marque\"}]},{\"@type\":\"WebSite\",\"@id\":\"https:\\\/\\\/ceric.ca\\\/#website\",\"url\":\"https:\\\/\\\/ceric.ca\\\/\",\"name\":\"CERIC\",\"description\":\"\",\"publisher\":{\"@id\":\"https:\\\/\\\/ceric.ca\\\/#organization\"},\"potentialAction\":[{\"@type\":\"SearchAction\",\"target\":{\"@type\":\"EntryPoint\",\"urlTemplate\":\"https:\\\/\\\/ceric.ca\\\/?s={search_term_string}\"},\"query-input\":{\"@type\":\"PropertyValueSpecification\",\"valueRequired\":true,\"valueName\":\"search_term_string\"}}],\"inLanguage\":\"fr-FR\"},{\"@type\":\"Organization\",\"@id\":\"https:\\\/\\\/ceric.ca\\\/#organization\",\"name\":\"CERIC\",\"url\":\"https:\\\/\\\/ceric.ca\\\/\",\"logo\":{\"@type\":\"ImageObject\",\"inLanguage\":\"fr-FR\",\"@id\":\"https:\\\/\\\/ceric.ca\\\/#\\\/schema\\\/logo\\\/image\\\/\",\"url\":\"\",\"contentUrl\":\"\",\"caption\":\"CERIC\"},\"image\":{\"@id\":\"https:\\\/\\\/ceric.ca\\\/#\\\/schema\\\/logo\\\/image\\\/\"}}]}<\/script>\n<!-- \/ Yoast SEO Premium plugin. -->","yoast_head_json":{"title":"Image de marque - CERIC","robots":{"index":"index","follow":"follow","max-snippet":"max-snippet:-1","max-image-preview":"max-image-preview:large","max-video-preview":"max-video-preview:-1"},"canonical":"https:\/\/ceric.ca\/fr\/image-de-marque\/","og_locale":"fr_FR","og_type":"article","og_title":"Image de marque","og_description":"Le CERIC permet aux organismes qu&rsquo;il soutient et\/ou \u00e0 ses partenaires de projet d&rsquo;utiliser son image de marque (par exemple, sur du mat\u00e9riel promotionnel au sujet [\u2026]","og_url":"https:\/\/ceric.ca\/fr\/image-de-marque\/","og_site_name":"CERIC","article_modified_time":"2024-02-15T19:06:06+00:00","og_image":[{"url":"http:\/\/ceric.ca\/wp-content\/uploads\/2015\/06\/CERIC-branding.png","type":"","width":"","height":""}],"twitter_card":"summary_large_image","twitter_misc":{"Dur\u00e9e de lecture estim\u00e9e":"2 minutes"},"schema":{"@context":"https:\/\/schema.org","@graph":[{"@type":"WebPage","@id":"https:\/\/ceric.ca\/fr\/image-de-marque\/","url":"https:\/\/ceric.ca\/fr\/image-de-marque\/","name":"Image de marque - CERIC","isPartOf":{"@id":"https:\/\/ceric.ca\/#website"},"primaryImageOfPage":{"@id":"https:\/\/ceric.ca\/fr\/image-de-marque\/#primaryimage"},"image":{"@id":"https:\/\/ceric.ca\/fr\/image-de-marque\/#primaryimage"},"thumbnailUrl":"http:\/\/ceric.ca\/wp-content\/uploads\/2015\/06\/CERIC-branding.png","datePublished":"2015-06-30T19:34:02+00:00","dateModified":"2024-02-15T19:06:06+00:00","breadcrumb":{"@id":"https:\/\/ceric.ca\/fr\/image-de-marque\/#breadcrumb"},"inLanguage":"fr-FR","potentialAction":[{"@type":"ReadAction","target":["https:\/\/ceric.ca\/fr\/image-de-marque\/"]}]},{"@type":"ImageObject","inLanguage":"fr-FR","@id":"https:\/\/ceric.ca\/fr\/image-de-marque\/#primaryimage","url":"http:\/\/ceric.ca\/wp-content\/uploads\/2015\/06\/CERIC-branding.png","contentUrl":"http:\/\/ceric.ca\/wp-content\/uploads\/2015\/06\/CERIC-branding.png"},{"@type":"BreadcrumbList","@id":"https:\/\/ceric.ca\/fr\/image-de-marque\/#breadcrumb","itemListElement":[{"@type":"ListItem","position":1,"name":"Home","item":"https:\/\/ceric.ca\/fr\/ceric-homepage-2025\/"},{"@type":"ListItem","position":2,"name":"Image de marque"}]},{"@type":"WebSite","@id":"https:\/\/ceric.ca\/#website","url":"https:\/\/ceric.ca\/","name":"CERIC","description":"","publisher":{"@id":"https:\/\/ceric.ca\/#organization"},"potentialAction":[{"@type":"SearchAction","target":{"@type":"EntryPoint","urlTemplate":"https:\/\/ceric.ca\/?s={search_term_string}"},"query-input":{"@type":"PropertyValueSpecification","valueRequired":true,"valueName":"search_term_string"}}],"inLanguage":"fr-FR"},{"@type":"Organization","@id":"https:\/\/ceric.ca\/#organization","name":"CERIC","url":"https:\/\/ceric.ca\/","logo":{"@type":"ImageObject","inLanguage":"fr-FR","@id":"https:\/\/ceric.ca\/#\/schema\/logo\/image\/","url":"","contentUrl":"","caption":"CERIC"},"image":{"@id":"https:\/\/ceric.ca\/#\/schema\/logo\/image\/"}}]}},"_links":{"self":[{"href":"https:\/\/ceric.ca\/fr\/wp-json\/wp\/v2\/pages\/14362","targetHints":{"allow":["GET"]}}],"collection":[{"href":"https:\/\/ceric.ca\/fr\/wp-json\/wp\/v2\/pages"}],"about":[{"href":"https:\/\/ceric.ca\/fr\/wp-json\/wp\/v2\/types\/page"}],"author":[{"embeddable":true,"href":"https:\/\/ceric.ca\/fr\/wp-json\/wp\/v2\/users\/4"}],"replies":[{"embeddable":true,"href":"https:\/\/ceric.ca\/fr\/wp-json\/wp\/v2\/comments?post=14362"}],"version-history":[{"count":0,"href":"https:\/\/ceric.ca\/fr\/wp-json\/wp\/v2\/pages\/14362\/revisions"}],"wp:attachment":[{"href":"https:\/\/ceric.ca\/fr\/wp-json\/wp\/v2\/media?parent=14362"}],"curies":[{"name":"wp","href":"https:\/\/api.w.org\/{rel}","templated":true}]}}