{"id":14500,"date":"2015-07-07T14:49:11","date_gmt":"2015-07-07T18:49:11","guid":{"rendered":"http:\/\/ceric.org\/fr\/?page_id=14500"},"modified":"2021-05-05T11:30:48","modified_gmt":"2021-05-05T15:30:48","slug":"employer-size-analysis","status":"publish","type":"page","link":"https:\/\/ceric.ca\/fr\/sondages\/employer-size-analysis\/","title":{"rendered":"Analyse bas\u00e9e sur la taille de l&rsquo;entreprise"},"content":{"rendered":"<div class=\"wpb-content-wrapper\"><p>[vc_row][vc_column][vc_column_text]La plus r\u00e9cente analyse du Sondage national des employeurs du CERIC pr\u00e9sente une ventilation des r\u00e9sultats selon la taille de l&rsquo;entreprise (moins de 10 employ\u00e9s, de 10 \u00e0 49 employ\u00e9s, de 50 \u00e0 99 employ\u00e9s, de 100 \u00e0 499 employ\u00e9s, plus de 500 employ\u00e9s) et souligne les diff\u00e9rences de point de vue sur le march\u00e9 du travail, les obligations en mati\u00e8re de formation et les comp\u00e9tences g\u00e9n\u00e9rales.<\/p>\n<p>&nbsp;<\/p>\n<div class=\"img_left\">\n<table cellspacing=\"6\" cellpadding=\"6\" align=\"center\">\n<tbody>\n<tr>\n<td style=\"text-align: center;\"><a id=\"atlantic\" name=\"atlantic\"><\/a> <iframe style=\"border: 1px solid #CCC; border-width: 1px; margin-bottom: 5px; max-width: 100%;\" src=\"\/\/www.slideshare.net\/slideshow\/embed_code\/key\/fIyLNv7z65FzIs\" width=\"425\" height=\"355\" frameborder=\"0\" marginwidth=\"0\" marginheight=\"0\" scrolling=\"no\" allowfullscreen=\"allowfullscreen\"> <\/iframe><\/td>\n<td style=\"text-align: left;\"><\/td>\n<\/tr>\n<\/tbody>\n<\/table>\n<\/div>\n<p>[\/vc_column_text]\r\n\t<div class=\"wprt-spacer clearfix\" data-desktop=\"20\" data-mobi=\"0\" data-smobi=\"0\"><\/div>[vc_column_text]<strong>Analyse bas\u00e9e sur la taille de l\u2019entreprise <\/strong>(en anglais)[\/vc_column_text]\r\n\t<div class=\"wprt-spacer clearfix\" data-desktop=\"20\" data-mobi=\"0\" data-smobi=\"0\"><\/div>[vc_column_text]<img decoding=\"async\" style=\"background: url('https:\/\/ceric.ca\/wp-content\/plugins\/wp-file-download\/app\/admin\/assets\/images\/file_download.png') no-repeat scroll center center #D6D6D6; border: 2px dashed #888888; height: 100px; border-radius: 10px; width: 99%;\" src=\"https:\/\/ceric.ca\/wp-content\/plugins\/wp-file-download\/app\/admin\/assets\/images\/t.gif\" data-file=\"46540\" data-wpfdfile=\"46540\" data-category=\"956\" \/>[\/vc_column_text][\/vc_column][\/vc_row]<\/p>\n<\/div>","protected":false},"excerpt":{"rendered":"<p>[vc_row][vc_column][vc_column_text]La plus r\u00e9cente analyse du Sondage national des employeurs du CERIC pr\u00e9sente une ventilation des r\u00e9sultats selon la taille de l&rsquo;entreprise (moins de 10 employ\u00e9s, de<span class=\"excerpt-hellip\"> [\u2026]<\/span><\/p>\n","protected":false},"author":30,"featured_media":0,"parent":8182,"menu_order":0,"comment_status":"closed","ping_status":"closed","template":"","meta":{"h5ap_radio_sources":[],"footnotes":""},"class_list":["post-14500","page","type-page","status-publish","hentry"],"yoast_head":"<!-- This site is optimized with the Yoast SEO Premium plugin v27.4 (Yoast SEO v27.4) - https:\/\/yoast.com\/product\/yoast-seo-premium-wordpress\/ -->\n<title>Analyse bas\u00e9e sur la taille de l&#039;entreprise - CERIC<\/title>\n<meta name=\"robots\" content=\"index, follow, max-snippet:-1, max-image-preview:large, max-video-preview:-1\" \/>\n<link rel=\"canonical\" href=\"https:\/\/ceric.ca\/fr\/sondages\/employer-size-analysis\/\" \/>\n<meta property=\"og:locale\" content=\"fr_FR\" \/>\n<meta property=\"og:type\" content=\"article\" \/>\n<meta property=\"og:title\" content=\"Analyse bas\u00e9e sur la taille de l&#039;entreprise\" \/>\n<meta property=\"og:description\" content=\"[vc_row][vc_column][vc_column_text]La plus r\u00e9cente analyse du Sondage national des employeurs du CERIC pr\u00e9sente une ventilation des r\u00e9sultats selon la taille de l&rsquo;entreprise (moins de 10 employ\u00e9s, de [\u2026]\" \/>\n<meta property=\"og:url\" content=\"https:\/\/ceric.ca\/fr\/sondages\/employer-size-analysis\/\" \/>\n<meta property=\"og:site_name\" content=\"CERIC\" \/>\n<meta property=\"article:modified_time\" content=\"2021-05-05T15:30:48+00:00\" \/>\n<meta property=\"og:image\" content=\"https:\/\/ceric.ca\/wp-content\/plugins\/wp-file-download\/app\/admin\/assets\/images\/t.gif\" \/>\n<meta name=\"twitter:card\" content=\"summary_large_image\" \/>\n<meta name=\"twitter:label1\" content=\"Dur\u00e9e de lecture estim\u00e9e\" \/>\n\t<meta name=\"twitter:data1\" content=\"1 minute\" \/>\n<script type=\"application\/ld+json\" class=\"yoast-schema-graph\">{\"@context\":\"https:\\\/\\\/schema.org\",\"@graph\":[{\"@type\":\"WebPage\",\"@id\":\"https:\\\/\\\/ceric.ca\\\/fr\\\/sondages\\\/employer-size-analysis\\\/\",\"url\":\"https:\\\/\\\/ceric.ca\\\/fr\\\/sondages\\\/employer-size-analysis\\\/\",\"name\":\"Analyse bas\u00e9e sur la taille de l'entreprise - CERIC\",\"isPartOf\":{\"@id\":\"https:\\\/\\\/ceric.ca\\\/#website\"},\"primaryImageOfPage\":{\"@id\":\"https:\\\/\\\/ceric.ca\\\/fr\\\/sondages\\\/employer-size-analysis\\\/#primaryimage\"},\"image\":{\"@id\":\"https:\\\/\\\/ceric.ca\\\/fr\\\/sondages\\\/employer-size-analysis\\\/#primaryimage\"},\"thumbnailUrl\":\"https:\\\/\\\/ceric.ca\\\/wp-content\\\/plugins\\\/wp-file-download\\\/app\\\/admin\\\/assets\\\/images\\\/t.gif\",\"datePublished\":\"2015-07-07T18:49:11+00:00\",\"dateModified\":\"2021-05-05T15:30:48+00:00\",\"breadcrumb\":{\"@id\":\"https:\\\/\\\/ceric.ca\\\/fr\\\/sondages\\\/employer-size-analysis\\\/#breadcrumb\"},\"inLanguage\":\"fr-FR\",\"potentialAction\":[{\"@type\":\"ReadAction\",\"target\":[\"https:\\\/\\\/ceric.ca\\\/fr\\\/sondages\\\/employer-size-analysis\\\/\"]}]},{\"@type\":\"ImageObject\",\"inLanguage\":\"fr-FR\",\"@id\":\"https:\\\/\\\/ceric.ca\\\/fr\\\/sondages\\\/employer-size-analysis\\\/#primaryimage\",\"url\":\"https:\\\/\\\/ceric.ca\\\/wp-content\\\/plugins\\\/wp-file-download\\\/app\\\/admin\\\/assets\\\/images\\\/t.gif\",\"contentUrl\":\"https:\\\/\\\/ceric.ca\\\/wp-content\\\/plugins\\\/wp-file-download\\\/app\\\/admin\\\/assets\\\/images\\\/t.gif\"},{\"@type\":\"BreadcrumbList\",\"@id\":\"https:\\\/\\\/ceric.ca\\\/fr\\\/sondages\\\/employer-size-analysis\\\/#breadcrumb\",\"itemListElement\":[{\"@type\":\"ListItem\",\"position\":1,\"name\":\"Home\",\"item\":\"https:\\\/\\\/ceric.ca\\\/fr\\\/ceric-homepage-2025\\\/\"},{\"@type\":\"ListItem\",\"position\":2,\"name\":\"Sondages\",\"item\":\"https:\\\/\\\/ceric.ca\\\/fr\\\/sondages\\\/\"},{\"@type\":\"ListItem\",\"position\":3,\"name\":\"Analyse bas\u00e9e sur la taille de l&rsquo;entreprise\"}]},{\"@type\":\"WebSite\",\"@id\":\"https:\\\/\\\/ceric.ca\\\/#website\",\"url\":\"https:\\\/\\\/ceric.ca\\\/\",\"name\":\"CERIC\",\"description\":\"\",\"publisher\":{\"@id\":\"https:\\\/\\\/ceric.ca\\\/#organization\"},\"potentialAction\":[{\"@type\":\"SearchAction\",\"target\":{\"@type\":\"EntryPoint\",\"urlTemplate\":\"https:\\\/\\\/ceric.ca\\\/?s={search_term_string}\"},\"query-input\":{\"@type\":\"PropertyValueSpecification\",\"valueRequired\":true,\"valueName\":\"search_term_string\"}}],\"inLanguage\":\"fr-FR\"},{\"@type\":\"Organization\",\"@id\":\"https:\\\/\\\/ceric.ca\\\/#organization\",\"name\":\"CERIC\",\"url\":\"https:\\\/\\\/ceric.ca\\\/\",\"logo\":{\"@type\":\"ImageObject\",\"inLanguage\":\"fr-FR\",\"@id\":\"https:\\\/\\\/ceric.ca\\\/#\\\/schema\\\/logo\\\/image\\\/\",\"url\":\"\",\"contentUrl\":\"\",\"caption\":\"CERIC\"},\"image\":{\"@id\":\"https:\\\/\\\/ceric.ca\\\/#\\\/schema\\\/logo\\\/image\\\/\"}}]}<\/script>\n<!-- \/ Yoast SEO Premium plugin. -->","yoast_head_json":{"title":"Analyse bas\u00e9e sur la taille de l'entreprise - CERIC","robots":{"index":"index","follow":"follow","max-snippet":"max-snippet:-1","max-image-preview":"max-image-preview:large","max-video-preview":"max-video-preview:-1"},"canonical":"https:\/\/ceric.ca\/fr\/sondages\/employer-size-analysis\/","og_locale":"fr_FR","og_type":"article","og_title":"Analyse bas\u00e9e sur la taille de l'entreprise","og_description":"[vc_row][vc_column][vc_column_text]La plus r\u00e9cente analyse du Sondage national des employeurs du CERIC pr\u00e9sente une ventilation des r\u00e9sultats selon la taille de l&rsquo;entreprise (moins de 10 employ\u00e9s, de [\u2026]","og_url":"https:\/\/ceric.ca\/fr\/sondages\/employer-size-analysis\/","og_site_name":"CERIC","article_modified_time":"2021-05-05T15:30:48+00:00","og_image":[{"url":"https:\/\/ceric.ca\/wp-content\/plugins\/wp-file-download\/app\/admin\/assets\/images\/t.gif","type":"","width":"","height":""}],"twitter_card":"summary_large_image","twitter_misc":{"Dur\u00e9e de lecture estim\u00e9e":"1 minute"},"schema":{"@context":"https:\/\/schema.org","@graph":[{"@type":"WebPage","@id":"https:\/\/ceric.ca\/fr\/sondages\/employer-size-analysis\/","url":"https:\/\/ceric.ca\/fr\/sondages\/employer-size-analysis\/","name":"Analyse bas\u00e9e sur la taille de l'entreprise - CERIC","isPartOf":{"@id":"https:\/\/ceric.ca\/#website"},"primaryImageOfPage":{"@id":"https:\/\/ceric.ca\/fr\/sondages\/employer-size-analysis\/#primaryimage"},"image":{"@id":"https:\/\/ceric.ca\/fr\/sondages\/employer-size-analysis\/#primaryimage"},"thumbnailUrl":"https:\/\/ceric.ca\/wp-content\/plugins\/wp-file-download\/app\/admin\/assets\/images\/t.gif","datePublished":"2015-07-07T18:49:11+00:00","dateModified":"2021-05-05T15:30:48+00:00","breadcrumb":{"@id":"https:\/\/ceric.ca\/fr\/sondages\/employer-size-analysis\/#breadcrumb"},"inLanguage":"fr-FR","potentialAction":[{"@type":"ReadAction","target":["https:\/\/ceric.ca\/fr\/sondages\/employer-size-analysis\/"]}]},{"@type":"ImageObject","inLanguage":"fr-FR","@id":"https:\/\/ceric.ca\/fr\/sondages\/employer-size-analysis\/#primaryimage","url":"https:\/\/ceric.ca\/wp-content\/plugins\/wp-file-download\/app\/admin\/assets\/images\/t.gif","contentUrl":"https:\/\/ceric.ca\/wp-content\/plugins\/wp-file-download\/app\/admin\/assets\/images\/t.gif"},{"@type":"BreadcrumbList","@id":"https:\/\/ceric.ca\/fr\/sondages\/employer-size-analysis\/#breadcrumb","itemListElement":[{"@type":"ListItem","position":1,"name":"Home","item":"https:\/\/ceric.ca\/fr\/ceric-homepage-2025\/"},{"@type":"ListItem","position":2,"name":"Sondages","item":"https:\/\/ceric.ca\/fr\/sondages\/"},{"@type":"ListItem","position":3,"name":"Analyse bas\u00e9e sur la taille de l&rsquo;entreprise"}]},{"@type":"WebSite","@id":"https:\/\/ceric.ca\/#website","url":"https:\/\/ceric.ca\/","name":"CERIC","description":"","publisher":{"@id":"https:\/\/ceric.ca\/#organization"},"potentialAction":[{"@type":"SearchAction","target":{"@type":"EntryPoint","urlTemplate":"https:\/\/ceric.ca\/?s={search_term_string}"},"query-input":{"@type":"PropertyValueSpecification","valueRequired":true,"valueName":"search_term_string"}}],"inLanguage":"fr-FR"},{"@type":"Organization","@id":"https:\/\/ceric.ca\/#organization","name":"CERIC","url":"https:\/\/ceric.ca\/","logo":{"@type":"ImageObject","inLanguage":"fr-FR","@id":"https:\/\/ceric.ca\/#\/schema\/logo\/image\/","url":"","contentUrl":"","caption":"CERIC"},"image":{"@id":"https:\/\/ceric.ca\/#\/schema\/logo\/image\/"}}]}},"_links":{"self":[{"href":"https:\/\/ceric.ca\/fr\/wp-json\/wp\/v2\/pages\/14500","targetHints":{"allow":["GET"]}}],"collection":[{"href":"https:\/\/ceric.ca\/fr\/wp-json\/wp\/v2\/pages"}],"about":[{"href":"https:\/\/ceric.ca\/fr\/wp-json\/wp\/v2\/types\/page"}],"author":[{"embeddable":true,"href":"https:\/\/ceric.ca\/fr\/wp-json\/wp\/v2\/users\/30"}],"replies":[{"embeddable":true,"href":"https:\/\/ceric.ca\/fr\/wp-json\/wp\/v2\/comments?post=14500"}],"version-history":[{"count":0,"href":"https:\/\/ceric.ca\/fr\/wp-json\/wp\/v2\/pages\/14500\/revisions"}],"up":[{"embeddable":true,"href":"https:\/\/ceric.ca\/fr\/wp-json\/wp\/v2\/pages\/8182"}],"wp:attachment":[{"href":"https:\/\/ceric.ca\/fr\/wp-json\/wp\/v2\/media?parent=14500"}],"curies":[{"name":"wp","href":"https:\/\/api.w.org\/{rel}","templated":true}]}}