{"id":14983,"date":"2015-07-13T11:42:08","date_gmt":"2015-07-13T15:42:08","guid":{"rendered":"http:\/\/ceric.org\/fr\/?page_id=14983"},"modified":"2017-06-30T12:43:17","modified_gmt":"2017-06-30T16:43:17","slug":"lisa-taylor","status":"publish","type":"page","link":"https:\/\/ceric.ca\/fr\/lisa-taylor\/","title":{"rendered":"Lisa Taylor"},"content":{"rendered":"<p><img decoding=\"async\" class=\"alignleft wp-image-15143 size-full\" src=\"http:\/\/ceric.ca\/wp-content\/uploads\/2015\/07\/Lisa_T.png\" alt=\"\" width=\"128\" height=\"140\" srcset=\"https:\/\/ceric.ca\/wp-content\/uploads\/2015\/07\/Lisa_T.png 128w, https:\/\/ceric.ca\/wp-content\/uploads\/2015\/07\/Lisa_T-98x107.png 98w\" sizes=\"(max-width:767px) 128px, 128px\" \/>Lisa Taylor est pr\u00e9sidente de Challenge Factory, un groupe de r\u00e9flexion nord-am\u00e9ricain proactif qui s\u2019int\u00e9resse \u00e0 l\u2019avenir du travail. Elle a fond\u00e9 Challenge Factory pour offrir un leadership \u00e9clair\u00e9, des outils et des services aux organismes et aux personnes qui songent \u00e0 miser sur cinq tendances cl\u00e9s en main-d\u2019\u0153uvre\u00a0: le vieillissement et la long\u00e9vit\u00e9, la responsabilisation en mati\u00e8re de carri\u00e8re, l\u2019\u00e9conomie ax\u00e9e sur le travail \u00e0 la pige, l\u2019augmentation des plateformes et les emplois de l\u2019avenir. Lisa donne des conf\u00e9rences et est l\u2019auteure du guide <em>Fid\u00e9liser et mobiliser\u00a0: la gestion de carri\u00e8re dans les petites entreprises<\/em>, une publication du CERIC. Son deuxi\u00e8me livre, <em>The Talent Revolution<\/em>, sera publi\u00e9 en\u00a02018 par University of Toronto Press (Rotman Imprint).<\/p>\n<p>Lisa est titulaire d\u2019une ma\u00eetrise en administration des affaires (en gestion publique et strat\u00e9gique) de la Schulich School of Business de l\u2019Universit\u00e9 York. Elle a occup\u00e9 des postes de consultation et de direction chez Deloitte et Hewlett-Packard. L\u2019Urban Land Institute l\u2019a class\u00e9e parmi les 100\u00a0premi\u00e8res Canadiennes en mati\u00e8re de d\u00e9veloppement urbain, pour son travail dans le domaine de l\u2019emploi et des carri\u00e8res. De plus, Les professionnels de la carri\u00e8re du Canada ont salu\u00e9 sa carri\u00e8re professionnelle exceptionnelle en\u00a02015. Elle si\u00e8ge actuellement au conseil d\u2019administration de l\u2019Association du R\u00e9giment d\u2019op\u00e9rations sp\u00e9ciales du Canada ainsi qu\u2019au comit\u00e9 consultatif du doyen, \u00e0 la G.\u00a0Raymond Chang School of Continuing Education de l\u2019Universit\u00e9 Ryerson.<\/p>\n","protected":false},"excerpt":{"rendered":"<p>Lisa Taylor est pr\u00e9sidente de Challenge Factory, un groupe de r\u00e9flexion nord-am\u00e9ricain proactif qui s\u2019int\u00e9resse \u00e0 l\u2019avenir du travail. Elle a fond\u00e9 Challenge Factory pour offrir<span class=\"excerpt-hellip\"> [\u2026]<\/span><\/p>\n","protected":false},"author":30,"featured_media":0,"parent":0,"menu_order":0,"comment_status":"closed","ping_status":"closed","template":"","meta":{"h5ap_radio_sources":[],"footnotes":""},"class_list":["post-14983","page","type-page","status-publish","hentry"],"yoast_head":"<!-- This site is optimized with the Yoast SEO Premium plugin v27.5 (Yoast SEO v27.5) - https:\/\/yoast.com\/product\/yoast-seo-premium-wordpress\/ -->\n<title>Lisa Taylor - CERIC<\/title>\n<meta name=\"robots\" content=\"index, follow, max-snippet:-1, max-image-preview:large, max-video-preview:-1\" \/>\n<link rel=\"canonical\" href=\"https:\/\/ceric.ca\/fr\/lisa-taylor\/\" \/>\n<meta property=\"og:locale\" content=\"fr_FR\" \/>\n<meta property=\"og:type\" content=\"article\" \/>\n<meta property=\"og:title\" content=\"Lisa Taylor\" \/>\n<meta property=\"og:description\" content=\"Lisa Taylor est pr\u00e9sidente de Challenge Factory, un groupe de r\u00e9flexion nord-am\u00e9ricain proactif qui s\u2019int\u00e9resse \u00e0 l\u2019avenir du travail. Elle a fond\u00e9 Challenge Factory pour offrir [\u2026]\" \/>\n<meta property=\"og:url\" content=\"https:\/\/ceric.ca\/fr\/lisa-taylor\/\" \/>\n<meta property=\"og:site_name\" content=\"CERIC\" \/>\n<meta property=\"article:modified_time\" content=\"2017-06-30T16:43:17+00:00\" \/>\n<meta property=\"og:image\" content=\"http:\/\/ceric.ca\/wp-content\/uploads\/2015\/07\/Lisa_T.png\" \/>\n<meta name=\"twitter:card\" content=\"summary_large_image\" \/>\n<meta name=\"twitter:label1\" content=\"Dur\u00e9e de lecture estim\u00e9e\" \/>\n\t<meta name=\"twitter:data1\" content=\"1 minute\" \/>\n<script type=\"application\/ld+json\" class=\"yoast-schema-graph\">{\"@context\":\"https:\\\/\\\/schema.org\",\"@graph\":[{\"@type\":\"WebPage\",\"@id\":\"https:\\\/\\\/ceric.ca\\\/fr\\\/lisa-taylor\\\/\",\"url\":\"https:\\\/\\\/ceric.ca\\\/fr\\\/lisa-taylor\\\/\",\"name\":\"Lisa Taylor - CERIC\",\"isPartOf\":{\"@id\":\"https:\\\/\\\/ceric.ca\\\/#website\"},\"primaryImageOfPage\":{\"@id\":\"https:\\\/\\\/ceric.ca\\\/fr\\\/lisa-taylor\\\/#primaryimage\"},\"image\":{\"@id\":\"https:\\\/\\\/ceric.ca\\\/fr\\\/lisa-taylor\\\/#primaryimage\"},\"thumbnailUrl\":\"http:\\\/\\\/ceric.ca\\\/wp-content\\\/uploads\\\/2015\\\/07\\\/Lisa_T.png\",\"datePublished\":\"2015-07-13T15:42:08+00:00\",\"dateModified\":\"2017-06-30T16:43:17+00:00\",\"breadcrumb\":{\"@id\":\"https:\\\/\\\/ceric.ca\\\/fr\\\/lisa-taylor\\\/#breadcrumb\"},\"inLanguage\":\"fr-FR\",\"potentialAction\":[{\"@type\":\"ReadAction\",\"target\":[\"https:\\\/\\\/ceric.ca\\\/fr\\\/lisa-taylor\\\/\"]}]},{\"@type\":\"ImageObject\",\"inLanguage\":\"fr-FR\",\"@id\":\"https:\\\/\\\/ceric.ca\\\/fr\\\/lisa-taylor\\\/#primaryimage\",\"url\":\"http:\\\/\\\/ceric.ca\\\/wp-content\\\/uploads\\\/2015\\\/07\\\/Lisa_T.png\",\"contentUrl\":\"http:\\\/\\\/ceric.ca\\\/wp-content\\\/uploads\\\/2015\\\/07\\\/Lisa_T.png\"},{\"@type\":\"BreadcrumbList\",\"@id\":\"https:\\\/\\\/ceric.ca\\\/fr\\\/lisa-taylor\\\/#breadcrumb\",\"itemListElement\":[{\"@type\":\"ListItem\",\"position\":1,\"name\":\"Home\",\"item\":\"https:\\\/\\\/ceric.ca\\\/fr\\\/ceric-homepage-2025\\\/\"},{\"@type\":\"ListItem\",\"position\":2,\"name\":\"Lisa Taylor\"}]},{\"@type\":\"WebSite\",\"@id\":\"https:\\\/\\\/ceric.ca\\\/#website\",\"url\":\"https:\\\/\\\/ceric.ca\\\/\",\"name\":\"CERIC\",\"description\":\"\",\"publisher\":{\"@id\":\"https:\\\/\\\/ceric.ca\\\/#organization\"},\"potentialAction\":[{\"@type\":\"SearchAction\",\"target\":{\"@type\":\"EntryPoint\",\"urlTemplate\":\"https:\\\/\\\/ceric.ca\\\/?s={search_term_string}\"},\"query-input\":{\"@type\":\"PropertyValueSpecification\",\"valueRequired\":true,\"valueName\":\"search_term_string\"}}],\"inLanguage\":\"fr-FR\"},{\"@type\":\"Organization\",\"@id\":\"https:\\\/\\\/ceric.ca\\\/#organization\",\"name\":\"CERIC\",\"url\":\"https:\\\/\\\/ceric.ca\\\/\",\"logo\":{\"@type\":\"ImageObject\",\"inLanguage\":\"fr-FR\",\"@id\":\"https:\\\/\\\/ceric.ca\\\/#\\\/schema\\\/logo\\\/image\\\/\",\"url\":\"\",\"contentUrl\":\"\",\"caption\":\"CERIC\"},\"image\":{\"@id\":\"https:\\\/\\\/ceric.ca\\\/#\\\/schema\\\/logo\\\/image\\\/\"}}]}<\/script>\n<!-- \/ Yoast SEO Premium plugin. -->","yoast_head_json":{"title":"Lisa Taylor - CERIC","robots":{"index":"index","follow":"follow","max-snippet":"max-snippet:-1","max-image-preview":"max-image-preview:large","max-video-preview":"max-video-preview:-1"},"canonical":"https:\/\/ceric.ca\/fr\/lisa-taylor\/","og_locale":"fr_FR","og_type":"article","og_title":"Lisa Taylor","og_description":"Lisa Taylor est pr\u00e9sidente de Challenge Factory, un groupe de r\u00e9flexion nord-am\u00e9ricain proactif qui s\u2019int\u00e9resse \u00e0 l\u2019avenir du travail. Elle a fond\u00e9 Challenge Factory pour offrir [\u2026]","og_url":"https:\/\/ceric.ca\/fr\/lisa-taylor\/","og_site_name":"CERIC","article_modified_time":"2017-06-30T16:43:17+00:00","og_image":[{"url":"http:\/\/ceric.ca\/wp-content\/uploads\/2015\/07\/Lisa_T.png","type":"","width":"","height":""}],"twitter_card":"summary_large_image","twitter_misc":{"Dur\u00e9e de lecture estim\u00e9e":"1 minute"},"schema":{"@context":"https:\/\/schema.org","@graph":[{"@type":"WebPage","@id":"https:\/\/ceric.ca\/fr\/lisa-taylor\/","url":"https:\/\/ceric.ca\/fr\/lisa-taylor\/","name":"Lisa Taylor - CERIC","isPartOf":{"@id":"https:\/\/ceric.ca\/#website"},"primaryImageOfPage":{"@id":"https:\/\/ceric.ca\/fr\/lisa-taylor\/#primaryimage"},"image":{"@id":"https:\/\/ceric.ca\/fr\/lisa-taylor\/#primaryimage"},"thumbnailUrl":"http:\/\/ceric.ca\/wp-content\/uploads\/2015\/07\/Lisa_T.png","datePublished":"2015-07-13T15:42:08+00:00","dateModified":"2017-06-30T16:43:17+00:00","breadcrumb":{"@id":"https:\/\/ceric.ca\/fr\/lisa-taylor\/#breadcrumb"},"inLanguage":"fr-FR","potentialAction":[{"@type":"ReadAction","target":["https:\/\/ceric.ca\/fr\/lisa-taylor\/"]}]},{"@type":"ImageObject","inLanguage":"fr-FR","@id":"https:\/\/ceric.ca\/fr\/lisa-taylor\/#primaryimage","url":"http:\/\/ceric.ca\/wp-content\/uploads\/2015\/07\/Lisa_T.png","contentUrl":"http:\/\/ceric.ca\/wp-content\/uploads\/2015\/07\/Lisa_T.png"},{"@type":"BreadcrumbList","@id":"https:\/\/ceric.ca\/fr\/lisa-taylor\/#breadcrumb","itemListElement":[{"@type":"ListItem","position":1,"name":"Home","item":"https:\/\/ceric.ca\/fr\/ceric-homepage-2025\/"},{"@type":"ListItem","position":2,"name":"Lisa Taylor"}]},{"@type":"WebSite","@id":"https:\/\/ceric.ca\/#website","url":"https:\/\/ceric.ca\/","name":"CERIC","description":"","publisher":{"@id":"https:\/\/ceric.ca\/#organization"},"potentialAction":[{"@type":"SearchAction","target":{"@type":"EntryPoint","urlTemplate":"https:\/\/ceric.ca\/?s={search_term_string}"},"query-input":{"@type":"PropertyValueSpecification","valueRequired":true,"valueName":"search_term_string"}}],"inLanguage":"fr-FR"},{"@type":"Organization","@id":"https:\/\/ceric.ca\/#organization","name":"CERIC","url":"https:\/\/ceric.ca\/","logo":{"@type":"ImageObject","inLanguage":"fr-FR","@id":"https:\/\/ceric.ca\/#\/schema\/logo\/image\/","url":"","contentUrl":"","caption":"CERIC"},"image":{"@id":"https:\/\/ceric.ca\/#\/schema\/logo\/image\/"}}]}},"_links":{"self":[{"href":"https:\/\/ceric.ca\/fr\/wp-json\/wp\/v2\/pages\/14983","targetHints":{"allow":["GET"]}}],"collection":[{"href":"https:\/\/ceric.ca\/fr\/wp-json\/wp\/v2\/pages"}],"about":[{"href":"https:\/\/ceric.ca\/fr\/wp-json\/wp\/v2\/types\/page"}],"author":[{"embeddable":true,"href":"https:\/\/ceric.ca\/fr\/wp-json\/wp\/v2\/users\/30"}],"replies":[{"embeddable":true,"href":"https:\/\/ceric.ca\/fr\/wp-json\/wp\/v2\/comments?post=14983"}],"version-history":[{"count":0,"href":"https:\/\/ceric.ca\/fr\/wp-json\/wp\/v2\/pages\/14983\/revisions"}],"wp:attachment":[{"href":"https:\/\/ceric.ca\/fr\/wp-json\/wp\/v2\/media?parent=14983"}],"curies":[{"name":"wp","href":"https:\/\/api.w.org\/{rel}","templated":true}]}}