{"id":14990,"date":"2015-07-13T12:01:35","date_gmt":"2015-07-13T16:01:35","guid":{"rendered":"http:\/\/ceric.org\/fr\/?page_id=14990"},"modified":"2017-06-30T12:32:51","modified_gmt":"2017-06-30T16:32:51","slug":"rhonda-joy","status":"publish","type":"page","link":"https:\/\/ceric.ca\/fr\/rhonda-joy\/","title":{"rendered":"Rhonda Joy"},"content":{"rendered":"<p><img decoding=\"async\" class=\"alignleft size-full wp-image-15003\" src=\"http:\/\/ceric.org\/wp-content\/uploads\/2015\/07\/Rhonda-J1.png\" alt=\"Rhonda-J\" width=\"128\" height=\"140\" srcset=\"https:\/\/ceric.ca\/wp-content\/uploads\/2015\/07\/Rhonda-J1.png 128w, https:\/\/ceric.ca\/wp-content\/uploads\/2015\/07\/Rhonda-J1-98x107.png 98w\" sizes=\"(max-width:767px) 128px, 128px\" \/>Rhonda Joy est doyenne associ\u00e9e de la recherche et des programmes d\u2019\u00e9tudes sup\u00e9rieures, et professeure agr\u00e9g\u00e9e \u00e0 la facult\u00e9 de l\u2019\u00e9ducation de l\u2019Universit\u00e9 Memorial. Avant d\u2019\u0153uvrer dans le secteur universitaire, elle a travaill\u00e9 pendant plus de 20\u00a0ans comme conseill\u00e8re dans le syst\u00e8me scolaire. Depuis le d\u00e9but de son mandat \u00e0 l\u2019universit\u00e9, en\u00a02007, Rhonda est membre du groupe de programmes de psychologie de l\u2019orientation. De plus, elle a pr\u00e9sid\u00e9 le programme de ce groupe pendant quatre ans. En tant que membre du corps professoral, elle a enseign\u00e9 au premier et au deuxi\u00e8me cycle, en plus de mener des recherches et d\u2019assurer des services. \u00c0 son poste actuel, elle continue d\u2019offrir son aide et sa collaboration aux \u00e9tudiants et \u00e0 la facult\u00e9. Sa passion pour aider les autres et soutenir les \u00e9tudiants \u00e0 tous les stades de leur d\u00e9veloppement a servi de catalyseur pour une grande partie de sa recherche. Le domaine du d\u00e9veloppement de carri\u00e8re constitue l\u2019un de ses centres d\u2019int\u00e9r\u00eat. L\u2019importance qu\u2019elle accorde au d\u00e9veloppement de carri\u00e8re se manifeste dans l\u2019utilisation de l\u2019apprentissage exp\u00e9rientiel et de la pratique r\u00e9flective dans ses cours. Elle a \u00e9galement particip\u00e9 \u00e0 un projet de recherche novateur, Career Integrated Learning (CIL), qui aide les \u00e9tudiants \u00e0 r\u00e9fl\u00e9chir et \u00e0 articuler certaines comp\u00e9tences qu\u2019ils peuvent acqu\u00e9rir dans leur apprentissage en classe.<\/p>\n","protected":false},"excerpt":{"rendered":"<p>Rhonda Joy est doyenne associ\u00e9e de la recherche et des programmes d\u2019\u00e9tudes sup\u00e9rieures, et professeure agr\u00e9g\u00e9e \u00e0 la facult\u00e9 de l\u2019\u00e9ducation de l\u2019Universit\u00e9 Memorial. Avant d\u2019\u0153uvrer<span class=\"excerpt-hellip\"> [\u2026]<\/span><\/p>\n","protected":false},"author":30,"featured_media":0,"parent":0,"menu_order":0,"comment_status":"closed","ping_status":"closed","template":"","meta":{"h5ap_radio_sources":[],"footnotes":""},"class_list":["post-14990","page","type-page","status-publish","hentry"],"yoast_head":"<!-- This site is optimized with the Yoast SEO Premium plugin v27.4 (Yoast SEO v27.4) - https:\/\/yoast.com\/product\/yoast-seo-premium-wordpress\/ -->\n<title>Rhonda Joy - CERIC<\/title>\n<meta name=\"robots\" content=\"index, follow, max-snippet:-1, max-image-preview:large, max-video-preview:-1\" \/>\n<link rel=\"canonical\" href=\"https:\/\/ceric.ca\/fr\/rhonda-joy\/\" \/>\n<meta property=\"og:locale\" content=\"fr_FR\" \/>\n<meta property=\"og:type\" content=\"article\" \/>\n<meta property=\"og:title\" content=\"Rhonda Joy\" \/>\n<meta property=\"og:description\" content=\"Rhonda Joy est doyenne associ\u00e9e de la recherche et des programmes d\u2019\u00e9tudes sup\u00e9rieures, et professeure agr\u00e9g\u00e9e \u00e0 la facult\u00e9 de l\u2019\u00e9ducation de l\u2019Universit\u00e9 Memorial. Avant d\u2019\u0153uvrer [\u2026]\" \/>\n<meta property=\"og:url\" content=\"https:\/\/ceric.ca\/fr\/rhonda-joy\/\" \/>\n<meta property=\"og:site_name\" content=\"CERIC\" \/>\n<meta property=\"article:modified_time\" content=\"2017-06-30T16:32:51+00:00\" \/>\n<meta property=\"og:image\" content=\"http:\/\/ceric.org\/wp-content\/uploads\/2015\/07\/Rhonda-J1.png\" \/>\n<meta name=\"twitter:card\" content=\"summary_large_image\" \/>\n<meta name=\"twitter:label1\" content=\"Dur\u00e9e de lecture estim\u00e9e\" \/>\n\t<meta name=\"twitter:data1\" content=\"1 minute\" \/>\n<script type=\"application\/ld+json\" class=\"yoast-schema-graph\">{\"@context\":\"https:\\\/\\\/schema.org\",\"@graph\":[{\"@type\":\"WebPage\",\"@id\":\"https:\\\/\\\/ceric.ca\\\/fr\\\/rhonda-joy\\\/\",\"url\":\"https:\\\/\\\/ceric.ca\\\/fr\\\/rhonda-joy\\\/\",\"name\":\"Rhonda Joy - CERIC\",\"isPartOf\":{\"@id\":\"https:\\\/\\\/ceric.ca\\\/#website\"},\"primaryImageOfPage\":{\"@id\":\"https:\\\/\\\/ceric.ca\\\/fr\\\/rhonda-joy\\\/#primaryimage\"},\"image\":{\"@id\":\"https:\\\/\\\/ceric.ca\\\/fr\\\/rhonda-joy\\\/#primaryimage\"},\"thumbnailUrl\":\"http:\\\/\\\/ceric.org\\\/wp-content\\\/uploads\\\/2015\\\/07\\\/Rhonda-J1.png\",\"datePublished\":\"2015-07-13T16:01:35+00:00\",\"dateModified\":\"2017-06-30T16:32:51+00:00\",\"breadcrumb\":{\"@id\":\"https:\\\/\\\/ceric.ca\\\/fr\\\/rhonda-joy\\\/#breadcrumb\"},\"inLanguage\":\"fr-FR\",\"potentialAction\":[{\"@type\":\"ReadAction\",\"target\":[\"https:\\\/\\\/ceric.ca\\\/fr\\\/rhonda-joy\\\/\"]}]},{\"@type\":\"ImageObject\",\"inLanguage\":\"fr-FR\",\"@id\":\"https:\\\/\\\/ceric.ca\\\/fr\\\/rhonda-joy\\\/#primaryimage\",\"url\":\"http:\\\/\\\/ceric.org\\\/wp-content\\\/uploads\\\/2015\\\/07\\\/Rhonda-J1.png\",\"contentUrl\":\"http:\\\/\\\/ceric.org\\\/wp-content\\\/uploads\\\/2015\\\/07\\\/Rhonda-J1.png\"},{\"@type\":\"BreadcrumbList\",\"@id\":\"https:\\\/\\\/ceric.ca\\\/fr\\\/rhonda-joy\\\/#breadcrumb\",\"itemListElement\":[{\"@type\":\"ListItem\",\"position\":1,\"name\":\"Home\",\"item\":\"https:\\\/\\\/ceric.ca\\\/fr\\\/ceric-homepage-2025\\\/\"},{\"@type\":\"ListItem\",\"position\":2,\"name\":\"Rhonda Joy\"}]},{\"@type\":\"WebSite\",\"@id\":\"https:\\\/\\\/ceric.ca\\\/#website\",\"url\":\"https:\\\/\\\/ceric.ca\\\/\",\"name\":\"CERIC\",\"description\":\"\",\"publisher\":{\"@id\":\"https:\\\/\\\/ceric.ca\\\/#organization\"},\"potentialAction\":[{\"@type\":\"SearchAction\",\"target\":{\"@type\":\"EntryPoint\",\"urlTemplate\":\"https:\\\/\\\/ceric.ca\\\/?s={search_term_string}\"},\"query-input\":{\"@type\":\"PropertyValueSpecification\",\"valueRequired\":true,\"valueName\":\"search_term_string\"}}],\"inLanguage\":\"fr-FR\"},{\"@type\":\"Organization\",\"@id\":\"https:\\\/\\\/ceric.ca\\\/#organization\",\"name\":\"CERIC\",\"url\":\"https:\\\/\\\/ceric.ca\\\/\",\"logo\":{\"@type\":\"ImageObject\",\"inLanguage\":\"fr-FR\",\"@id\":\"https:\\\/\\\/ceric.ca\\\/#\\\/schema\\\/logo\\\/image\\\/\",\"url\":\"\",\"contentUrl\":\"\",\"caption\":\"CERIC\"},\"image\":{\"@id\":\"https:\\\/\\\/ceric.ca\\\/#\\\/schema\\\/logo\\\/image\\\/\"}}]}<\/script>\n<!-- \/ Yoast SEO Premium plugin. -->","yoast_head_json":{"title":"Rhonda Joy - CERIC","robots":{"index":"index","follow":"follow","max-snippet":"max-snippet:-1","max-image-preview":"max-image-preview:large","max-video-preview":"max-video-preview:-1"},"canonical":"https:\/\/ceric.ca\/fr\/rhonda-joy\/","og_locale":"fr_FR","og_type":"article","og_title":"Rhonda Joy","og_description":"Rhonda Joy est doyenne associ\u00e9e de la recherche et des programmes d\u2019\u00e9tudes sup\u00e9rieures, et professeure agr\u00e9g\u00e9e \u00e0 la facult\u00e9 de l\u2019\u00e9ducation de l\u2019Universit\u00e9 Memorial. Avant d\u2019\u0153uvrer [\u2026]","og_url":"https:\/\/ceric.ca\/fr\/rhonda-joy\/","og_site_name":"CERIC","article_modified_time":"2017-06-30T16:32:51+00:00","og_image":[{"url":"http:\/\/ceric.org\/wp-content\/uploads\/2015\/07\/Rhonda-J1.png","type":"","width":"","height":""}],"twitter_card":"summary_large_image","twitter_misc":{"Dur\u00e9e de lecture estim\u00e9e":"1 minute"},"schema":{"@context":"https:\/\/schema.org","@graph":[{"@type":"WebPage","@id":"https:\/\/ceric.ca\/fr\/rhonda-joy\/","url":"https:\/\/ceric.ca\/fr\/rhonda-joy\/","name":"Rhonda Joy - CERIC","isPartOf":{"@id":"https:\/\/ceric.ca\/#website"},"primaryImageOfPage":{"@id":"https:\/\/ceric.ca\/fr\/rhonda-joy\/#primaryimage"},"image":{"@id":"https:\/\/ceric.ca\/fr\/rhonda-joy\/#primaryimage"},"thumbnailUrl":"http:\/\/ceric.org\/wp-content\/uploads\/2015\/07\/Rhonda-J1.png","datePublished":"2015-07-13T16:01:35+00:00","dateModified":"2017-06-30T16:32:51+00:00","breadcrumb":{"@id":"https:\/\/ceric.ca\/fr\/rhonda-joy\/#breadcrumb"},"inLanguage":"fr-FR","potentialAction":[{"@type":"ReadAction","target":["https:\/\/ceric.ca\/fr\/rhonda-joy\/"]}]},{"@type":"ImageObject","inLanguage":"fr-FR","@id":"https:\/\/ceric.ca\/fr\/rhonda-joy\/#primaryimage","url":"http:\/\/ceric.org\/wp-content\/uploads\/2015\/07\/Rhonda-J1.png","contentUrl":"http:\/\/ceric.org\/wp-content\/uploads\/2015\/07\/Rhonda-J1.png"},{"@type":"BreadcrumbList","@id":"https:\/\/ceric.ca\/fr\/rhonda-joy\/#breadcrumb","itemListElement":[{"@type":"ListItem","position":1,"name":"Home","item":"https:\/\/ceric.ca\/fr\/ceric-homepage-2025\/"},{"@type":"ListItem","position":2,"name":"Rhonda Joy"}]},{"@type":"WebSite","@id":"https:\/\/ceric.ca\/#website","url":"https:\/\/ceric.ca\/","name":"CERIC","description":"","publisher":{"@id":"https:\/\/ceric.ca\/#organization"},"potentialAction":[{"@type":"SearchAction","target":{"@type":"EntryPoint","urlTemplate":"https:\/\/ceric.ca\/?s={search_term_string}"},"query-input":{"@type":"PropertyValueSpecification","valueRequired":true,"valueName":"search_term_string"}}],"inLanguage":"fr-FR"},{"@type":"Organization","@id":"https:\/\/ceric.ca\/#organization","name":"CERIC","url":"https:\/\/ceric.ca\/","logo":{"@type":"ImageObject","inLanguage":"fr-FR","@id":"https:\/\/ceric.ca\/#\/schema\/logo\/image\/","url":"","contentUrl":"","caption":"CERIC"},"image":{"@id":"https:\/\/ceric.ca\/#\/schema\/logo\/image\/"}}]}},"_links":{"self":[{"href":"https:\/\/ceric.ca\/fr\/wp-json\/wp\/v2\/pages\/14990","targetHints":{"allow":["GET"]}}],"collection":[{"href":"https:\/\/ceric.ca\/fr\/wp-json\/wp\/v2\/pages"}],"about":[{"href":"https:\/\/ceric.ca\/fr\/wp-json\/wp\/v2\/types\/page"}],"author":[{"embeddable":true,"href":"https:\/\/ceric.ca\/fr\/wp-json\/wp\/v2\/users\/30"}],"replies":[{"embeddable":true,"href":"https:\/\/ceric.ca\/fr\/wp-json\/wp\/v2\/comments?post=14990"}],"version-history":[{"count":0,"href":"https:\/\/ceric.ca\/fr\/wp-json\/wp\/v2\/pages\/14990\/revisions"}],"wp:attachment":[{"href":"https:\/\/ceric.ca\/fr\/wp-json\/wp\/v2\/media?parent=14990"}],"curies":[{"name":"wp","href":"https:\/\/api.w.org\/{rel}","templated":true}]}}