{"id":15163,"date":"2015-07-17T12:37:11","date_gmt":"2015-07-17T16:37:11","guid":{"rendered":"http:\/\/ceric.ca\/fr\/?page_id=15163"},"modified":"2017-05-29T15:28:05","modified_gmt":"2017-05-29T19:28:05","slug":"rob-straby","status":"publish","type":"page","link":"https:\/\/ceric.ca\/fr\/rob-straby\/","title":{"rendered":"Rob Straby"},"content":{"rendered":"<p><img decoding=\"async\" class=\"alignleft size-full wp-image-14948\" src=\"http:\/\/ceric.ca\/wp-content\/uploads\/2015\/07\/Rob-S.png\" alt=\"Rob-S\" width=\"128\" height=\"140\" srcset=\"https:\/\/ceric.ca\/wp-content\/uploads\/2015\/07\/Rob-S.png 128w, https:\/\/ceric.ca\/wp-content\/uploads\/2015\/07\/Rob-S-98x107.png 98w\" sizes=\"(max-width:767px) 128px, 128px\" \/>Rob\u00a0Straby est passionn\u00e9 par l\u2019innovation et le d\u00e9veloppement de syst\u00e8mes avant-gardistes d\u2019encadrement, d\u2019animation et de formation en d\u00e9veloppement professionnel depuis 1986. Il a assur\u00e9 la prestation de ces services \u00e0 des particuliers, des \u00e9quipes et des services au sein d\u2019entreprises, ainsi qu&rsquo;\u00e0 des organismes de services sociaux, des \u00e9tablissements d\u2019enseignement et des services gouvernementaux. Rob enseigne dans le programme de formation des praticiens en d\u00e9veloppement de carri\u00e8re du Coll\u00e8ge Conestoga. Ce programme unique forme les professionnels du d\u00e9veloppement de carri\u00e8re du Canada en ligne, au moyen de webinaires interactifs.<\/p>\n<p>Rob aime la nature et la course en sentier, sait jouer du piano et compose des po\u00e8mes ha\u00efku. Il habite sur la p\u00e9ninsule Bruce, en Ontario, avec sa femme et ses filles Erica, Elizabeth et Michelle.<\/p>\n","protected":false},"excerpt":{"rendered":"<p>Rob\u00a0Straby est passionn\u00e9 par l\u2019innovation et le d\u00e9veloppement de syst\u00e8mes avant-gardistes d\u2019encadrement, d\u2019animation et de formation en d\u00e9veloppement professionnel depuis 1986. Il a assur\u00e9 la prestation<span class=\"excerpt-hellip\"> [\u2026]<\/span><\/p>\n","protected":false},"author":30,"featured_media":0,"parent":0,"menu_order":0,"comment_status":"closed","ping_status":"closed","template":"","meta":{"h5ap_radio_sources":[],"footnotes":""},"class_list":["post-15163","page","type-page","status-publish","hentry"],"yoast_head":"<!-- This site is optimized with the Yoast SEO Premium plugin v27.3 (Yoast SEO v27.3) - https:\/\/yoast.com\/product\/yoast-seo-premium-wordpress\/ -->\n<title>Rob Straby - CERIC<\/title>\n<meta name=\"robots\" content=\"index, follow, max-snippet:-1, max-image-preview:large, max-video-preview:-1\" \/>\n<link rel=\"canonical\" href=\"https:\/\/ceric.ca\/fr\/rob-straby\/\" \/>\n<meta property=\"og:locale\" content=\"fr_FR\" \/>\n<meta property=\"og:type\" content=\"article\" \/>\n<meta property=\"og:title\" content=\"Rob Straby\" \/>\n<meta property=\"og:description\" content=\"Rob\u00a0Straby est passionn\u00e9 par l\u2019innovation et le d\u00e9veloppement de syst\u00e8mes avant-gardistes d\u2019encadrement, d\u2019animation et de formation en d\u00e9veloppement professionnel depuis 1986. Il a assur\u00e9 la prestation [\u2026]\" \/>\n<meta property=\"og:url\" content=\"https:\/\/ceric.ca\/fr\/rob-straby\/\" \/>\n<meta property=\"og:site_name\" content=\"CERIC\" \/>\n<meta property=\"article:modified_time\" content=\"2017-05-29T19:28:05+00:00\" \/>\n<meta property=\"og:image\" content=\"http:\/\/ceric.ca\/wp-content\/uploads\/2015\/07\/Rob-S.png\" \/>\n<meta name=\"twitter:card\" content=\"summary_large_image\" \/>\n<meta name=\"twitter:label1\" content=\"Dur\u00e9e de lecture estim\u00e9e\" \/>\n\t<meta name=\"twitter:data1\" content=\"1 minute\" \/>\n<script type=\"application\/ld+json\" class=\"yoast-schema-graph\">{\"@context\":\"https:\\\/\\\/schema.org\",\"@graph\":[{\"@type\":\"WebPage\",\"@id\":\"https:\\\/\\\/ceric.ca\\\/fr\\\/rob-straby\\\/\",\"url\":\"https:\\\/\\\/ceric.ca\\\/fr\\\/rob-straby\\\/\",\"name\":\"Rob Straby - CERIC\",\"isPartOf\":{\"@id\":\"https:\\\/\\\/ceric.ca\\\/#website\"},\"primaryImageOfPage\":{\"@id\":\"https:\\\/\\\/ceric.ca\\\/fr\\\/rob-straby\\\/#primaryimage\"},\"image\":{\"@id\":\"https:\\\/\\\/ceric.ca\\\/fr\\\/rob-straby\\\/#primaryimage\"},\"thumbnailUrl\":\"http:\\\/\\\/ceric.ca\\\/wp-content\\\/uploads\\\/2015\\\/07\\\/Rob-S.png\",\"datePublished\":\"2015-07-17T16:37:11+00:00\",\"dateModified\":\"2017-05-29T19:28:05+00:00\",\"breadcrumb\":{\"@id\":\"https:\\\/\\\/ceric.ca\\\/fr\\\/rob-straby\\\/#breadcrumb\"},\"inLanguage\":\"fr-FR\",\"potentialAction\":[{\"@type\":\"ReadAction\",\"target\":[\"https:\\\/\\\/ceric.ca\\\/fr\\\/rob-straby\\\/\"]}]},{\"@type\":\"ImageObject\",\"inLanguage\":\"fr-FR\",\"@id\":\"https:\\\/\\\/ceric.ca\\\/fr\\\/rob-straby\\\/#primaryimage\",\"url\":\"http:\\\/\\\/ceric.ca\\\/wp-content\\\/uploads\\\/2015\\\/07\\\/Rob-S.png\",\"contentUrl\":\"http:\\\/\\\/ceric.ca\\\/wp-content\\\/uploads\\\/2015\\\/07\\\/Rob-S.png\"},{\"@type\":\"BreadcrumbList\",\"@id\":\"https:\\\/\\\/ceric.ca\\\/fr\\\/rob-straby\\\/#breadcrumb\",\"itemListElement\":[{\"@type\":\"ListItem\",\"position\":1,\"name\":\"Home\",\"item\":\"https:\\\/\\\/ceric.ca\\\/fr\\\/ceric-homepage-2025\\\/\"},{\"@type\":\"ListItem\",\"position\":2,\"name\":\"Rob Straby\"}]},{\"@type\":\"WebSite\",\"@id\":\"https:\\\/\\\/ceric.ca\\\/#website\",\"url\":\"https:\\\/\\\/ceric.ca\\\/\",\"name\":\"CERIC\",\"description\":\"\",\"publisher\":{\"@id\":\"https:\\\/\\\/ceric.ca\\\/#organization\"},\"potentialAction\":[{\"@type\":\"SearchAction\",\"target\":{\"@type\":\"EntryPoint\",\"urlTemplate\":\"https:\\\/\\\/ceric.ca\\\/?s={search_term_string}\"},\"query-input\":{\"@type\":\"PropertyValueSpecification\",\"valueRequired\":true,\"valueName\":\"search_term_string\"}}],\"inLanguage\":\"fr-FR\"},{\"@type\":\"Organization\",\"@id\":\"https:\\\/\\\/ceric.ca\\\/#organization\",\"name\":\"CERIC\",\"url\":\"https:\\\/\\\/ceric.ca\\\/\",\"logo\":{\"@type\":\"ImageObject\",\"inLanguage\":\"fr-FR\",\"@id\":\"https:\\\/\\\/ceric.ca\\\/#\\\/schema\\\/logo\\\/image\\\/\",\"url\":\"\",\"contentUrl\":\"\",\"caption\":\"CERIC\"},\"image\":{\"@id\":\"https:\\\/\\\/ceric.ca\\\/#\\\/schema\\\/logo\\\/image\\\/\"}}]}<\/script>\n<!-- \/ Yoast SEO Premium plugin. -->","yoast_head_json":{"title":"Rob Straby - CERIC","robots":{"index":"index","follow":"follow","max-snippet":"max-snippet:-1","max-image-preview":"max-image-preview:large","max-video-preview":"max-video-preview:-1"},"canonical":"https:\/\/ceric.ca\/fr\/rob-straby\/","og_locale":"fr_FR","og_type":"article","og_title":"Rob Straby","og_description":"Rob\u00a0Straby est passionn\u00e9 par l\u2019innovation et le d\u00e9veloppement de syst\u00e8mes avant-gardistes d\u2019encadrement, d\u2019animation et de formation en d\u00e9veloppement professionnel depuis 1986. Il a assur\u00e9 la prestation [\u2026]","og_url":"https:\/\/ceric.ca\/fr\/rob-straby\/","og_site_name":"CERIC","article_modified_time":"2017-05-29T19:28:05+00:00","og_image":[{"url":"http:\/\/ceric.ca\/wp-content\/uploads\/2015\/07\/Rob-S.png","type":"","width":"","height":""}],"twitter_card":"summary_large_image","twitter_misc":{"Dur\u00e9e de lecture estim\u00e9e":"1 minute"},"schema":{"@context":"https:\/\/schema.org","@graph":[{"@type":"WebPage","@id":"https:\/\/ceric.ca\/fr\/rob-straby\/","url":"https:\/\/ceric.ca\/fr\/rob-straby\/","name":"Rob Straby - CERIC","isPartOf":{"@id":"https:\/\/ceric.ca\/#website"},"primaryImageOfPage":{"@id":"https:\/\/ceric.ca\/fr\/rob-straby\/#primaryimage"},"image":{"@id":"https:\/\/ceric.ca\/fr\/rob-straby\/#primaryimage"},"thumbnailUrl":"http:\/\/ceric.ca\/wp-content\/uploads\/2015\/07\/Rob-S.png","datePublished":"2015-07-17T16:37:11+00:00","dateModified":"2017-05-29T19:28:05+00:00","breadcrumb":{"@id":"https:\/\/ceric.ca\/fr\/rob-straby\/#breadcrumb"},"inLanguage":"fr-FR","potentialAction":[{"@type":"ReadAction","target":["https:\/\/ceric.ca\/fr\/rob-straby\/"]}]},{"@type":"ImageObject","inLanguage":"fr-FR","@id":"https:\/\/ceric.ca\/fr\/rob-straby\/#primaryimage","url":"http:\/\/ceric.ca\/wp-content\/uploads\/2015\/07\/Rob-S.png","contentUrl":"http:\/\/ceric.ca\/wp-content\/uploads\/2015\/07\/Rob-S.png"},{"@type":"BreadcrumbList","@id":"https:\/\/ceric.ca\/fr\/rob-straby\/#breadcrumb","itemListElement":[{"@type":"ListItem","position":1,"name":"Home","item":"https:\/\/ceric.ca\/fr\/ceric-homepage-2025\/"},{"@type":"ListItem","position":2,"name":"Rob Straby"}]},{"@type":"WebSite","@id":"https:\/\/ceric.ca\/#website","url":"https:\/\/ceric.ca\/","name":"CERIC","description":"","publisher":{"@id":"https:\/\/ceric.ca\/#organization"},"potentialAction":[{"@type":"SearchAction","target":{"@type":"EntryPoint","urlTemplate":"https:\/\/ceric.ca\/?s={search_term_string}"},"query-input":{"@type":"PropertyValueSpecification","valueRequired":true,"valueName":"search_term_string"}}],"inLanguage":"fr-FR"},{"@type":"Organization","@id":"https:\/\/ceric.ca\/#organization","name":"CERIC","url":"https:\/\/ceric.ca\/","logo":{"@type":"ImageObject","inLanguage":"fr-FR","@id":"https:\/\/ceric.ca\/#\/schema\/logo\/image\/","url":"","contentUrl":"","caption":"CERIC"},"image":{"@id":"https:\/\/ceric.ca\/#\/schema\/logo\/image\/"}}]}},"_links":{"self":[{"href":"https:\/\/ceric.ca\/fr\/wp-json\/wp\/v2\/pages\/15163","targetHints":{"allow":["GET"]}}],"collection":[{"href":"https:\/\/ceric.ca\/fr\/wp-json\/wp\/v2\/pages"}],"about":[{"href":"https:\/\/ceric.ca\/fr\/wp-json\/wp\/v2\/types\/page"}],"author":[{"embeddable":true,"href":"https:\/\/ceric.ca\/fr\/wp-json\/wp\/v2\/users\/30"}],"replies":[{"embeddable":true,"href":"https:\/\/ceric.ca\/fr\/wp-json\/wp\/v2\/comments?post=15163"}],"version-history":[{"count":0,"href":"https:\/\/ceric.ca\/fr\/wp-json\/wp\/v2\/pages\/15163\/revisions"}],"wp:attachment":[{"href":"https:\/\/ceric.ca\/fr\/wp-json\/wp\/v2\/media?parent=15163"}],"curies":[{"name":"wp","href":"https:\/\/api.w.org\/{rel}","templated":true}]}}