{"id":15167,"date":"2015-07-17T12:43:35","date_gmt":"2015-07-17T16:43:35","guid":{"rendered":"http:\/\/ceric.ca\/fr\/?page_id=15167"},"modified":"2017-06-30T12:52:53","modified_gmt":"2017-06-30T16:52:53","slug":"barbara-wilson","status":"publish","type":"page","link":"https:\/\/ceric.ca\/fr\/barbara-wilson\/","title":{"rendered":"Barbara Wilson"},"content":{"rendered":"<p><img decoding=\"async\" class=\"alignleft size-full wp-image-14953\" src=\"http:\/\/ceric.ca\/wp-content\/uploads\/2015\/07\/Barb_M.png\" alt=\"Barb_M\" width=\"128\" height=\"140\" srcset=\"https:\/\/ceric.ca\/wp-content\/uploads\/2015\/07\/Barb_M.png 128w, https:\/\/ceric.ca\/wp-content\/uploads\/2015\/07\/Barb_M-98x107.png 98w\" sizes=\"(max-width:767px) 128px, 128px\" \/>Barbara Wilson est une professionnelle du d\u00e9veloppement de carri\u00e8re et de l\u2019apprentissage qui compte plus de 20\u00a0ans d\u2019exp\u00e9rience en cr\u00e9ation de capital humain et social au sein de grandes entreprises.<\/p>\n<p>Barbara a \u00e9volu\u00e9 \u00e0 la fois dans le secteur des entreprises priv\u00e9es et dans celui des organismes sans but lucratif. Elle y a occup\u00e9 divers postes ax\u00e9s sur le d\u00e9veloppement de carri\u00e8re, l\u2019\u00e9laboration de programmes, la consultation, la conception de cours, la gestion de programmes et les conf\u00e9rences. \u00c0 tous ces postes, elle a r\u00e9ussi \u00e0 am\u00e9liorer l\u2019exp\u00e9rience des employ\u00e9s et \u00e0 constituer des capacit\u00e9s individuelles et strat\u00e9giques.\u00a0Barbara est propri\u00e9taire de B.\u00a0Wilson Consulting, et elle travaille comme conseill\u00e8re ind\u00e9pendante en d\u00e9veloppement et transition de carri\u00e8re.<\/p>\n<p>Elle est titulaire d\u2019un baccalaur\u00e9at en \u00e9tudes de l\u2019environnement de l\u2019Universit\u00e9 de Waterloo, d\u2019un certificat en formation et d\u00e9veloppement de l\u2019Universit\u00e9 Ryerson et d\u2019un certificat en gestion de b\u00e9n\u00e9voles du Coll\u00e8ge Humber.<\/p>\n<p>&nbsp;<\/p>\n","protected":false},"excerpt":{"rendered":"<p>Barbara Wilson est une professionnelle du d\u00e9veloppement de carri\u00e8re et de l\u2019apprentissage qui compte plus de 20\u00a0ans d\u2019exp\u00e9rience en cr\u00e9ation de capital humain et social au<span class=\"excerpt-hellip\"> [\u2026]<\/span><\/p>\n","protected":false},"author":30,"featured_media":0,"parent":0,"menu_order":0,"comment_status":"closed","ping_status":"closed","template":"","meta":{"h5ap_radio_sources":[],"footnotes":""},"class_list":["post-15167","page","type-page","status-publish","hentry"],"yoast_head":"<!-- This site is optimized with the Yoast SEO Premium plugin v27.3 (Yoast SEO v27.3) - https:\/\/yoast.com\/product\/yoast-seo-premium-wordpress\/ -->\n<title>Barbara Wilson - CERIC<\/title>\n<meta name=\"robots\" content=\"index, follow, max-snippet:-1, max-image-preview:large, max-video-preview:-1\" \/>\n<link rel=\"canonical\" href=\"https:\/\/ceric.ca\/fr\/barbara-wilson\/\" \/>\n<meta property=\"og:locale\" content=\"fr_FR\" \/>\n<meta property=\"og:type\" content=\"article\" \/>\n<meta property=\"og:title\" content=\"Barbara Wilson\" \/>\n<meta property=\"og:description\" content=\"Barbara Wilson est une professionnelle du d\u00e9veloppement de carri\u00e8re et de l\u2019apprentissage qui compte plus de 20\u00a0ans d\u2019exp\u00e9rience en cr\u00e9ation de capital humain et social au [\u2026]\" \/>\n<meta property=\"og:url\" content=\"https:\/\/ceric.ca\/fr\/barbara-wilson\/\" \/>\n<meta property=\"og:site_name\" content=\"CERIC\" \/>\n<meta property=\"article:modified_time\" content=\"2017-06-30T16:52:53+00:00\" \/>\n<meta property=\"og:image\" content=\"http:\/\/ceric.ca\/wp-content\/uploads\/2015\/07\/Barb_M.png\" \/>\n<meta name=\"twitter:card\" content=\"summary_large_image\" \/>\n<meta name=\"twitter:label1\" content=\"Dur\u00e9e de lecture estim\u00e9e\" \/>\n\t<meta name=\"twitter:data1\" content=\"1 minute\" \/>\n<script type=\"application\/ld+json\" class=\"yoast-schema-graph\">{\"@context\":\"https:\\\/\\\/schema.org\",\"@graph\":[{\"@type\":\"WebPage\",\"@id\":\"https:\\\/\\\/ceric.ca\\\/fr\\\/barbara-wilson\\\/\",\"url\":\"https:\\\/\\\/ceric.ca\\\/fr\\\/barbara-wilson\\\/\",\"name\":\"Barbara Wilson - CERIC\",\"isPartOf\":{\"@id\":\"https:\\\/\\\/ceric.ca\\\/#website\"},\"primaryImageOfPage\":{\"@id\":\"https:\\\/\\\/ceric.ca\\\/fr\\\/barbara-wilson\\\/#primaryimage\"},\"image\":{\"@id\":\"https:\\\/\\\/ceric.ca\\\/fr\\\/barbara-wilson\\\/#primaryimage\"},\"thumbnailUrl\":\"http:\\\/\\\/ceric.ca\\\/wp-content\\\/uploads\\\/2015\\\/07\\\/Barb_M.png\",\"datePublished\":\"2015-07-17T16:43:35+00:00\",\"dateModified\":\"2017-06-30T16:52:53+00:00\",\"breadcrumb\":{\"@id\":\"https:\\\/\\\/ceric.ca\\\/fr\\\/barbara-wilson\\\/#breadcrumb\"},\"inLanguage\":\"fr-FR\",\"potentialAction\":[{\"@type\":\"ReadAction\",\"target\":[\"https:\\\/\\\/ceric.ca\\\/fr\\\/barbara-wilson\\\/\"]}]},{\"@type\":\"ImageObject\",\"inLanguage\":\"fr-FR\",\"@id\":\"https:\\\/\\\/ceric.ca\\\/fr\\\/barbara-wilson\\\/#primaryimage\",\"url\":\"http:\\\/\\\/ceric.ca\\\/wp-content\\\/uploads\\\/2015\\\/07\\\/Barb_M.png\",\"contentUrl\":\"http:\\\/\\\/ceric.ca\\\/wp-content\\\/uploads\\\/2015\\\/07\\\/Barb_M.png\"},{\"@type\":\"BreadcrumbList\",\"@id\":\"https:\\\/\\\/ceric.ca\\\/fr\\\/barbara-wilson\\\/#breadcrumb\",\"itemListElement\":[{\"@type\":\"ListItem\",\"position\":1,\"name\":\"Home\",\"item\":\"https:\\\/\\\/ceric.ca\\\/fr\\\/ceric-homepage-2025\\\/\"},{\"@type\":\"ListItem\",\"position\":2,\"name\":\"Barbara Wilson\"}]},{\"@type\":\"WebSite\",\"@id\":\"https:\\\/\\\/ceric.ca\\\/#website\",\"url\":\"https:\\\/\\\/ceric.ca\\\/\",\"name\":\"CERIC\",\"description\":\"\",\"publisher\":{\"@id\":\"https:\\\/\\\/ceric.ca\\\/#organization\"},\"potentialAction\":[{\"@type\":\"SearchAction\",\"target\":{\"@type\":\"EntryPoint\",\"urlTemplate\":\"https:\\\/\\\/ceric.ca\\\/?s={search_term_string}\"},\"query-input\":{\"@type\":\"PropertyValueSpecification\",\"valueRequired\":true,\"valueName\":\"search_term_string\"}}],\"inLanguage\":\"fr-FR\"},{\"@type\":\"Organization\",\"@id\":\"https:\\\/\\\/ceric.ca\\\/#organization\",\"name\":\"CERIC\",\"url\":\"https:\\\/\\\/ceric.ca\\\/\",\"logo\":{\"@type\":\"ImageObject\",\"inLanguage\":\"fr-FR\",\"@id\":\"https:\\\/\\\/ceric.ca\\\/#\\\/schema\\\/logo\\\/image\\\/\",\"url\":\"\",\"contentUrl\":\"\",\"caption\":\"CERIC\"},\"image\":{\"@id\":\"https:\\\/\\\/ceric.ca\\\/#\\\/schema\\\/logo\\\/image\\\/\"}}]}<\/script>\n<!-- \/ Yoast SEO Premium plugin. -->","yoast_head_json":{"title":"Barbara Wilson - CERIC","robots":{"index":"index","follow":"follow","max-snippet":"max-snippet:-1","max-image-preview":"max-image-preview:large","max-video-preview":"max-video-preview:-1"},"canonical":"https:\/\/ceric.ca\/fr\/barbara-wilson\/","og_locale":"fr_FR","og_type":"article","og_title":"Barbara Wilson","og_description":"Barbara Wilson est une professionnelle du d\u00e9veloppement de carri\u00e8re et de l\u2019apprentissage qui compte plus de 20\u00a0ans d\u2019exp\u00e9rience en cr\u00e9ation de capital humain et social au [\u2026]","og_url":"https:\/\/ceric.ca\/fr\/barbara-wilson\/","og_site_name":"CERIC","article_modified_time":"2017-06-30T16:52:53+00:00","og_image":[{"url":"http:\/\/ceric.ca\/wp-content\/uploads\/2015\/07\/Barb_M.png","type":"","width":"","height":""}],"twitter_card":"summary_large_image","twitter_misc":{"Dur\u00e9e de lecture estim\u00e9e":"1 minute"},"schema":{"@context":"https:\/\/schema.org","@graph":[{"@type":"WebPage","@id":"https:\/\/ceric.ca\/fr\/barbara-wilson\/","url":"https:\/\/ceric.ca\/fr\/barbara-wilson\/","name":"Barbara Wilson - CERIC","isPartOf":{"@id":"https:\/\/ceric.ca\/#website"},"primaryImageOfPage":{"@id":"https:\/\/ceric.ca\/fr\/barbara-wilson\/#primaryimage"},"image":{"@id":"https:\/\/ceric.ca\/fr\/barbara-wilson\/#primaryimage"},"thumbnailUrl":"http:\/\/ceric.ca\/wp-content\/uploads\/2015\/07\/Barb_M.png","datePublished":"2015-07-17T16:43:35+00:00","dateModified":"2017-06-30T16:52:53+00:00","breadcrumb":{"@id":"https:\/\/ceric.ca\/fr\/barbara-wilson\/#breadcrumb"},"inLanguage":"fr-FR","potentialAction":[{"@type":"ReadAction","target":["https:\/\/ceric.ca\/fr\/barbara-wilson\/"]}]},{"@type":"ImageObject","inLanguage":"fr-FR","@id":"https:\/\/ceric.ca\/fr\/barbara-wilson\/#primaryimage","url":"http:\/\/ceric.ca\/wp-content\/uploads\/2015\/07\/Barb_M.png","contentUrl":"http:\/\/ceric.ca\/wp-content\/uploads\/2015\/07\/Barb_M.png"},{"@type":"BreadcrumbList","@id":"https:\/\/ceric.ca\/fr\/barbara-wilson\/#breadcrumb","itemListElement":[{"@type":"ListItem","position":1,"name":"Home","item":"https:\/\/ceric.ca\/fr\/ceric-homepage-2025\/"},{"@type":"ListItem","position":2,"name":"Barbara Wilson"}]},{"@type":"WebSite","@id":"https:\/\/ceric.ca\/#website","url":"https:\/\/ceric.ca\/","name":"CERIC","description":"","publisher":{"@id":"https:\/\/ceric.ca\/#organization"},"potentialAction":[{"@type":"SearchAction","target":{"@type":"EntryPoint","urlTemplate":"https:\/\/ceric.ca\/?s={search_term_string}"},"query-input":{"@type":"PropertyValueSpecification","valueRequired":true,"valueName":"search_term_string"}}],"inLanguage":"fr-FR"},{"@type":"Organization","@id":"https:\/\/ceric.ca\/#organization","name":"CERIC","url":"https:\/\/ceric.ca\/","logo":{"@type":"ImageObject","inLanguage":"fr-FR","@id":"https:\/\/ceric.ca\/#\/schema\/logo\/image\/","url":"","contentUrl":"","caption":"CERIC"},"image":{"@id":"https:\/\/ceric.ca\/#\/schema\/logo\/image\/"}}]}},"_links":{"self":[{"href":"https:\/\/ceric.ca\/fr\/wp-json\/wp\/v2\/pages\/15167","targetHints":{"allow":["GET"]}}],"collection":[{"href":"https:\/\/ceric.ca\/fr\/wp-json\/wp\/v2\/pages"}],"about":[{"href":"https:\/\/ceric.ca\/fr\/wp-json\/wp\/v2\/types\/page"}],"author":[{"embeddable":true,"href":"https:\/\/ceric.ca\/fr\/wp-json\/wp\/v2\/users\/30"}],"replies":[{"embeddable":true,"href":"https:\/\/ceric.ca\/fr\/wp-json\/wp\/v2\/comments?post=15167"}],"version-history":[{"count":0,"href":"https:\/\/ceric.ca\/fr\/wp-json\/wp\/v2\/pages\/15167\/revisions"}],"wp:attachment":[{"href":"https:\/\/ceric.ca\/fr\/wp-json\/wp\/v2\/media?parent=15167"}],"curies":[{"name":"wp","href":"https:\/\/api.w.org\/{rel}","templated":true}]}}