{"id":15170,"date":"2015-07-17T12:46:47","date_gmt":"2015-07-17T16:46:47","guid":{"rendered":"http:\/\/ceric.ca\/fr\/?page_id=15170"},"modified":"2017-07-04T11:49:20","modified_gmt":"2017-07-04T15:49:20","slug":"ann-bowen","status":"publish","type":"page","link":"https:\/\/ceric.ca\/fr\/ann-bowen\/","title":{"rendered":"Ann Bowen"},"content":{"rendered":"<p><img decoding=\"async\" class=\"alignleft  wp-image-20680\" src=\"http:\/\/ceric.ca\/wp-content\/uploads\/2015\/07\/Ann-Bowen.png\" alt=\"\" width=\"129\" height=\"128\" srcset=\"https:\/\/ceric.ca\/wp-content\/uploads\/2015\/07\/Ann-Bowen.png 137w, https:\/\/ceric.ca\/wp-content\/uploads\/2015\/07\/Ann-Bowen-108x107.png 108w\" sizes=\"(max-width:767px) 129px, 129px\" \/>Ann\u00a0Bowen est sp\u00e9cialis\u00e9e en d\u00e9veloppement de carri\u00e8re dans le Nord du Canada. Par l\u2019entremise du minist\u00e8re de l\u2019\u00c9ducation du Yukon et du Coll\u00e8ge du Yukon, elle renseigne les jeunes et les perp\u00e9tuels apprenants sur les occasions de carri\u00e8re. Ann conseille les chercheurs d\u2019emploi postsecondaires, les adultes \u00e0 mi-carri\u00e8re et les nouveaux arrivants au Canada \u00e0 la recherche d\u2019employeurs qui reconna\u00eetront leurs dipl\u00f4mes \u00e9trangers. Auparavant, Ann a \u0153uvr\u00e9 dans les secteurs du recrutement, du marketing et des communications au Coll\u00e8ge Yukon. Elle travaille en \u00e9troite collaboration avec les groupes communautaires et d\u2019employeurs, mais conna\u00eet aussi les grandes entreprises et les centres urbains, car elle est originaire de Montr\u00e9al et a travaill\u00e9 dans le secteur de l\u2019aviation. Elle est titulaire d\u2019un baccalaur\u00e9at et d\u2019une ma\u00eetrise, et poursuit son apprentissage. Ann adore pratiquer la raquette et le tra\u00eeneau \u00e0 chiens. Ayant habit\u00e9 aux Territoires du Nord-Ouest et maintenant au Yukon depuis plus de 25\u00a0ans, elle consid\u00e8re le Nord comme son chez-soi.<\/p>\n","protected":false},"excerpt":{"rendered":"<p>Ann\u00a0Bowen est sp\u00e9cialis\u00e9e en d\u00e9veloppement de carri\u00e8re dans le Nord du Canada. Par l\u2019entremise du minist\u00e8re de l\u2019\u00c9ducation du Yukon et du Coll\u00e8ge du Yukon, elle<span class=\"excerpt-hellip\"> [\u2026]<\/span><\/p>\n","protected":false},"author":30,"featured_media":0,"parent":0,"menu_order":0,"comment_status":"closed","ping_status":"closed","template":"","meta":{"h5ap_radio_sources":[],"footnotes":""},"class_list":["post-15170","page","type-page","status-publish","hentry"],"yoast_head":"<!-- This site is optimized with the Yoast SEO Premium plugin v27.3 (Yoast SEO v27.3) - https:\/\/yoast.com\/product\/yoast-seo-premium-wordpress\/ -->\n<title>Ann Bowen - CERIC<\/title>\n<meta name=\"robots\" content=\"index, follow, max-snippet:-1, max-image-preview:large, max-video-preview:-1\" \/>\n<link rel=\"canonical\" href=\"https:\/\/ceric.ca\/fr\/ann-bowen\/\" \/>\n<meta property=\"og:locale\" content=\"fr_FR\" \/>\n<meta property=\"og:type\" content=\"article\" \/>\n<meta property=\"og:title\" content=\"Ann Bowen\" \/>\n<meta property=\"og:description\" content=\"Ann\u00a0Bowen est sp\u00e9cialis\u00e9e en d\u00e9veloppement de carri\u00e8re dans le Nord du Canada. Par l\u2019entremise du minist\u00e8re de l\u2019\u00c9ducation du Yukon et du Coll\u00e8ge du Yukon, elle [\u2026]\" \/>\n<meta property=\"og:url\" content=\"https:\/\/ceric.ca\/fr\/ann-bowen\/\" \/>\n<meta property=\"og:site_name\" content=\"CERIC\" \/>\n<meta property=\"article:modified_time\" content=\"2017-07-04T15:49:20+00:00\" \/>\n<meta property=\"og:image\" content=\"http:\/\/ceric.ca\/wp-content\/uploads\/2015\/07\/Ann-Bowen.png\" \/>\n<meta name=\"twitter:card\" content=\"summary_large_image\" \/>\n<meta name=\"twitter:label1\" content=\"Dur\u00e9e de lecture estim\u00e9e\" \/>\n\t<meta name=\"twitter:data1\" content=\"1 minute\" \/>\n<script type=\"application\/ld+json\" class=\"yoast-schema-graph\">{\"@context\":\"https:\\\/\\\/schema.org\",\"@graph\":[{\"@type\":\"WebPage\",\"@id\":\"https:\\\/\\\/ceric.ca\\\/fr\\\/ann-bowen\\\/\",\"url\":\"https:\\\/\\\/ceric.ca\\\/fr\\\/ann-bowen\\\/\",\"name\":\"Ann Bowen - CERIC\",\"isPartOf\":{\"@id\":\"https:\\\/\\\/ceric.ca\\\/#website\"},\"primaryImageOfPage\":{\"@id\":\"https:\\\/\\\/ceric.ca\\\/fr\\\/ann-bowen\\\/#primaryimage\"},\"image\":{\"@id\":\"https:\\\/\\\/ceric.ca\\\/fr\\\/ann-bowen\\\/#primaryimage\"},\"thumbnailUrl\":\"http:\\\/\\\/ceric.ca\\\/wp-content\\\/uploads\\\/2015\\\/07\\\/Ann-Bowen.png\",\"datePublished\":\"2015-07-17T16:46:47+00:00\",\"dateModified\":\"2017-07-04T15:49:20+00:00\",\"breadcrumb\":{\"@id\":\"https:\\\/\\\/ceric.ca\\\/fr\\\/ann-bowen\\\/#breadcrumb\"},\"inLanguage\":\"fr-FR\",\"potentialAction\":[{\"@type\":\"ReadAction\",\"target\":[\"https:\\\/\\\/ceric.ca\\\/fr\\\/ann-bowen\\\/\"]}]},{\"@type\":\"ImageObject\",\"inLanguage\":\"fr-FR\",\"@id\":\"https:\\\/\\\/ceric.ca\\\/fr\\\/ann-bowen\\\/#primaryimage\",\"url\":\"http:\\\/\\\/ceric.ca\\\/wp-content\\\/uploads\\\/2015\\\/07\\\/Ann-Bowen.png\",\"contentUrl\":\"http:\\\/\\\/ceric.ca\\\/wp-content\\\/uploads\\\/2015\\\/07\\\/Ann-Bowen.png\"},{\"@type\":\"BreadcrumbList\",\"@id\":\"https:\\\/\\\/ceric.ca\\\/fr\\\/ann-bowen\\\/#breadcrumb\",\"itemListElement\":[{\"@type\":\"ListItem\",\"position\":1,\"name\":\"Home\",\"item\":\"https:\\\/\\\/ceric.ca\\\/fr\\\/ceric-homepage-2025\\\/\"},{\"@type\":\"ListItem\",\"position\":2,\"name\":\"Ann Bowen\"}]},{\"@type\":\"WebSite\",\"@id\":\"https:\\\/\\\/ceric.ca\\\/#website\",\"url\":\"https:\\\/\\\/ceric.ca\\\/\",\"name\":\"CERIC\",\"description\":\"\",\"publisher\":{\"@id\":\"https:\\\/\\\/ceric.ca\\\/#organization\"},\"potentialAction\":[{\"@type\":\"SearchAction\",\"target\":{\"@type\":\"EntryPoint\",\"urlTemplate\":\"https:\\\/\\\/ceric.ca\\\/?s={search_term_string}\"},\"query-input\":{\"@type\":\"PropertyValueSpecification\",\"valueRequired\":true,\"valueName\":\"search_term_string\"}}],\"inLanguage\":\"fr-FR\"},{\"@type\":\"Organization\",\"@id\":\"https:\\\/\\\/ceric.ca\\\/#organization\",\"name\":\"CERIC\",\"url\":\"https:\\\/\\\/ceric.ca\\\/\",\"logo\":{\"@type\":\"ImageObject\",\"inLanguage\":\"fr-FR\",\"@id\":\"https:\\\/\\\/ceric.ca\\\/#\\\/schema\\\/logo\\\/image\\\/\",\"url\":\"\",\"contentUrl\":\"\",\"caption\":\"CERIC\"},\"image\":{\"@id\":\"https:\\\/\\\/ceric.ca\\\/#\\\/schema\\\/logo\\\/image\\\/\"}}]}<\/script>\n<!-- \/ Yoast SEO Premium plugin. -->","yoast_head_json":{"title":"Ann Bowen - CERIC","robots":{"index":"index","follow":"follow","max-snippet":"max-snippet:-1","max-image-preview":"max-image-preview:large","max-video-preview":"max-video-preview:-1"},"canonical":"https:\/\/ceric.ca\/fr\/ann-bowen\/","og_locale":"fr_FR","og_type":"article","og_title":"Ann Bowen","og_description":"Ann\u00a0Bowen est sp\u00e9cialis\u00e9e en d\u00e9veloppement de carri\u00e8re dans le Nord du Canada. Par l\u2019entremise du minist\u00e8re de l\u2019\u00c9ducation du Yukon et du Coll\u00e8ge du Yukon, elle [\u2026]","og_url":"https:\/\/ceric.ca\/fr\/ann-bowen\/","og_site_name":"CERIC","article_modified_time":"2017-07-04T15:49:20+00:00","og_image":[{"url":"http:\/\/ceric.ca\/wp-content\/uploads\/2015\/07\/Ann-Bowen.png","type":"","width":"","height":""}],"twitter_card":"summary_large_image","twitter_misc":{"Dur\u00e9e de lecture estim\u00e9e":"1 minute"},"schema":{"@context":"https:\/\/schema.org","@graph":[{"@type":"WebPage","@id":"https:\/\/ceric.ca\/fr\/ann-bowen\/","url":"https:\/\/ceric.ca\/fr\/ann-bowen\/","name":"Ann Bowen - CERIC","isPartOf":{"@id":"https:\/\/ceric.ca\/#website"},"primaryImageOfPage":{"@id":"https:\/\/ceric.ca\/fr\/ann-bowen\/#primaryimage"},"image":{"@id":"https:\/\/ceric.ca\/fr\/ann-bowen\/#primaryimage"},"thumbnailUrl":"http:\/\/ceric.ca\/wp-content\/uploads\/2015\/07\/Ann-Bowen.png","datePublished":"2015-07-17T16:46:47+00:00","dateModified":"2017-07-04T15:49:20+00:00","breadcrumb":{"@id":"https:\/\/ceric.ca\/fr\/ann-bowen\/#breadcrumb"},"inLanguage":"fr-FR","potentialAction":[{"@type":"ReadAction","target":["https:\/\/ceric.ca\/fr\/ann-bowen\/"]}]},{"@type":"ImageObject","inLanguage":"fr-FR","@id":"https:\/\/ceric.ca\/fr\/ann-bowen\/#primaryimage","url":"http:\/\/ceric.ca\/wp-content\/uploads\/2015\/07\/Ann-Bowen.png","contentUrl":"http:\/\/ceric.ca\/wp-content\/uploads\/2015\/07\/Ann-Bowen.png"},{"@type":"BreadcrumbList","@id":"https:\/\/ceric.ca\/fr\/ann-bowen\/#breadcrumb","itemListElement":[{"@type":"ListItem","position":1,"name":"Home","item":"https:\/\/ceric.ca\/fr\/ceric-homepage-2025\/"},{"@type":"ListItem","position":2,"name":"Ann Bowen"}]},{"@type":"WebSite","@id":"https:\/\/ceric.ca\/#website","url":"https:\/\/ceric.ca\/","name":"CERIC","description":"","publisher":{"@id":"https:\/\/ceric.ca\/#organization"},"potentialAction":[{"@type":"SearchAction","target":{"@type":"EntryPoint","urlTemplate":"https:\/\/ceric.ca\/?s={search_term_string}"},"query-input":{"@type":"PropertyValueSpecification","valueRequired":true,"valueName":"search_term_string"}}],"inLanguage":"fr-FR"},{"@type":"Organization","@id":"https:\/\/ceric.ca\/#organization","name":"CERIC","url":"https:\/\/ceric.ca\/","logo":{"@type":"ImageObject","inLanguage":"fr-FR","@id":"https:\/\/ceric.ca\/#\/schema\/logo\/image\/","url":"","contentUrl":"","caption":"CERIC"},"image":{"@id":"https:\/\/ceric.ca\/#\/schema\/logo\/image\/"}}]}},"_links":{"self":[{"href":"https:\/\/ceric.ca\/fr\/wp-json\/wp\/v2\/pages\/15170","targetHints":{"allow":["GET"]}}],"collection":[{"href":"https:\/\/ceric.ca\/fr\/wp-json\/wp\/v2\/pages"}],"about":[{"href":"https:\/\/ceric.ca\/fr\/wp-json\/wp\/v2\/types\/page"}],"author":[{"embeddable":true,"href":"https:\/\/ceric.ca\/fr\/wp-json\/wp\/v2\/users\/30"}],"replies":[{"embeddable":true,"href":"https:\/\/ceric.ca\/fr\/wp-json\/wp\/v2\/comments?post=15170"}],"version-history":[{"count":0,"href":"https:\/\/ceric.ca\/fr\/wp-json\/wp\/v2\/pages\/15170\/revisions"}],"wp:attachment":[{"href":"https:\/\/ceric.ca\/fr\/wp-json\/wp\/v2\/media?parent=15170"}],"curies":[{"name":"wp","href":"https:\/\/api.w.org\/{rel}","templated":true}]}}