{"id":15173,"date":"2015-07-17T12:50:09","date_gmt":"2015-07-17T16:50:09","guid":{"rendered":"http:\/\/ceric.ca\/fr\/?page_id=15173"},"modified":"2015-08-14T12:26:26","modified_gmt":"2015-08-14T16:26:26","slug":"analise-anderson","status":"publish","type":"page","link":"https:\/\/ceric.ca\/fr\/analise-anderson\/","title":{"rendered":"Analise Anderson"},"content":{"rendered":"<p><img decoding=\"async\" class=\"alignleft size-full wp-image-15279\" src=\"http:\/\/ceric.ca\/wp-content\/uploads\/2015\/07\/Analise_A.png\" alt=\"Analise_A\" width=\"128\" height=\"140\" srcset=\"https:\/\/ceric.ca\/wp-content\/uploads\/2015\/07\/Analise_A.png 128w, https:\/\/ceric.ca\/wp-content\/uploads\/2015\/07\/Analise_A-98x107.png 98w\" sizes=\"(max-width:767px) 128px, 128px\" \/>Analise\u00a0Anderson travaille \u00e0 l\u2019obtention d\u2019une ma\u00eetrise \u00e8s arts en \u00e9ducation sup\u00e9rieure, avec sp\u00e9cialisation en d\u00e9veloppement des \u00e9tudiants. Ses recherches visent \u00e0 d\u00e9terminer si les pairs conseillers dans un centre de carri\u00e8re d\u00e9veloppent des comp\u00e9tences et une lucidit\u00e9 professionnelle et comment ils le font. Analise travaille dans un centre de carri\u00e8re. Elle fournit du leadership \u00e0 l\u2019\u00e9quipe de pairs conseillers en r\u00e9vision du curriculum vit\u00e6. Elle a aussi travaill\u00e9 dans le secteur des ressources humaines et est titulaire d\u2019une ma\u00eetrise en \u00e9ducation des adultes, avec sp\u00e9cialisation en travail et carri\u00e8re.<\/p>\n","protected":false},"excerpt":{"rendered":"<p>Analise\u00a0Anderson travaille \u00e0 l\u2019obtention d\u2019une ma\u00eetrise \u00e8s arts en \u00e9ducation sup\u00e9rieure, avec sp\u00e9cialisation en d\u00e9veloppement des \u00e9tudiants. Ses recherches visent \u00e0 d\u00e9terminer si les pairs conseillers<span class=\"excerpt-hellip\"> [\u2026]<\/span><\/p>\n","protected":false},"author":30,"featured_media":0,"parent":0,"menu_order":0,"comment_status":"closed","ping_status":"closed","template":"","meta":{"h5ap_radio_sources":[],"footnotes":""},"class_list":["post-15173","page","type-page","status-publish","hentry"],"yoast_head":"<!-- This site is optimized with the Yoast SEO Premium plugin v27.3 (Yoast SEO v27.3) - https:\/\/yoast.com\/product\/yoast-seo-premium-wordpress\/ -->\n<title>Analise Anderson - CERIC<\/title>\n<meta name=\"robots\" content=\"index, follow, max-snippet:-1, max-image-preview:large, max-video-preview:-1\" \/>\n<link rel=\"canonical\" href=\"https:\/\/ceric.ca\/fr\/analise-anderson\/\" \/>\n<meta property=\"og:locale\" content=\"fr_FR\" \/>\n<meta property=\"og:type\" content=\"article\" \/>\n<meta property=\"og:title\" content=\"Analise Anderson\" \/>\n<meta property=\"og:description\" content=\"Analise\u00a0Anderson travaille \u00e0 l\u2019obtention d\u2019une ma\u00eetrise \u00e8s arts en \u00e9ducation sup\u00e9rieure, avec sp\u00e9cialisation en d\u00e9veloppement des \u00e9tudiants. Ses recherches visent \u00e0 d\u00e9terminer si les pairs conseillers [\u2026]\" \/>\n<meta property=\"og:url\" content=\"https:\/\/ceric.ca\/fr\/analise-anderson\/\" \/>\n<meta property=\"og:site_name\" content=\"CERIC\" \/>\n<meta property=\"article:modified_time\" content=\"2015-08-14T16:26:26+00:00\" \/>\n<meta property=\"og:image\" content=\"http:\/\/ceric.ca\/wp-content\/uploads\/2015\/07\/Analise_A.png\" \/>\n<meta name=\"twitter:card\" content=\"summary_large_image\" \/>\n<meta name=\"twitter:label1\" content=\"Dur\u00e9e de lecture estim\u00e9e\" \/>\n\t<meta name=\"twitter:data1\" content=\"1 minute\" \/>\n<script type=\"application\/ld+json\" class=\"yoast-schema-graph\">{\"@context\":\"https:\\\/\\\/schema.org\",\"@graph\":[{\"@type\":\"WebPage\",\"@id\":\"https:\\\/\\\/ceric.ca\\\/fr\\\/analise-anderson\\\/\",\"url\":\"https:\\\/\\\/ceric.ca\\\/fr\\\/analise-anderson\\\/\",\"name\":\"Analise Anderson - CERIC\",\"isPartOf\":{\"@id\":\"https:\\\/\\\/ceric.ca\\\/#website\"},\"primaryImageOfPage\":{\"@id\":\"https:\\\/\\\/ceric.ca\\\/fr\\\/analise-anderson\\\/#primaryimage\"},\"image\":{\"@id\":\"https:\\\/\\\/ceric.ca\\\/fr\\\/analise-anderson\\\/#primaryimage\"},\"thumbnailUrl\":\"http:\\\/\\\/ceric.ca\\\/wp-content\\\/uploads\\\/2015\\\/07\\\/Analise_A.png\",\"datePublished\":\"2015-07-17T16:50:09+00:00\",\"dateModified\":\"2015-08-14T16:26:26+00:00\",\"breadcrumb\":{\"@id\":\"https:\\\/\\\/ceric.ca\\\/fr\\\/analise-anderson\\\/#breadcrumb\"},\"inLanguage\":\"fr-FR\",\"potentialAction\":[{\"@type\":\"ReadAction\",\"target\":[\"https:\\\/\\\/ceric.ca\\\/fr\\\/analise-anderson\\\/\"]}]},{\"@type\":\"ImageObject\",\"inLanguage\":\"fr-FR\",\"@id\":\"https:\\\/\\\/ceric.ca\\\/fr\\\/analise-anderson\\\/#primaryimage\",\"url\":\"http:\\\/\\\/ceric.ca\\\/wp-content\\\/uploads\\\/2015\\\/07\\\/Analise_A.png\",\"contentUrl\":\"http:\\\/\\\/ceric.ca\\\/wp-content\\\/uploads\\\/2015\\\/07\\\/Analise_A.png\"},{\"@type\":\"BreadcrumbList\",\"@id\":\"https:\\\/\\\/ceric.ca\\\/fr\\\/analise-anderson\\\/#breadcrumb\",\"itemListElement\":[{\"@type\":\"ListItem\",\"position\":1,\"name\":\"Home\",\"item\":\"https:\\\/\\\/ceric.ca\\\/fr\\\/ceric-homepage-2025\\\/\"},{\"@type\":\"ListItem\",\"position\":2,\"name\":\"Analise Anderson\"}]},{\"@type\":\"WebSite\",\"@id\":\"https:\\\/\\\/ceric.ca\\\/#website\",\"url\":\"https:\\\/\\\/ceric.ca\\\/\",\"name\":\"CERIC\",\"description\":\"\",\"publisher\":{\"@id\":\"https:\\\/\\\/ceric.ca\\\/#organization\"},\"potentialAction\":[{\"@type\":\"SearchAction\",\"target\":{\"@type\":\"EntryPoint\",\"urlTemplate\":\"https:\\\/\\\/ceric.ca\\\/?s={search_term_string}\"},\"query-input\":{\"@type\":\"PropertyValueSpecification\",\"valueRequired\":true,\"valueName\":\"search_term_string\"}}],\"inLanguage\":\"fr-FR\"},{\"@type\":\"Organization\",\"@id\":\"https:\\\/\\\/ceric.ca\\\/#organization\",\"name\":\"CERIC\",\"url\":\"https:\\\/\\\/ceric.ca\\\/\",\"logo\":{\"@type\":\"ImageObject\",\"inLanguage\":\"fr-FR\",\"@id\":\"https:\\\/\\\/ceric.ca\\\/#\\\/schema\\\/logo\\\/image\\\/\",\"url\":\"\",\"contentUrl\":\"\",\"caption\":\"CERIC\"},\"image\":{\"@id\":\"https:\\\/\\\/ceric.ca\\\/#\\\/schema\\\/logo\\\/image\\\/\"}}]}<\/script>\n<!-- \/ Yoast SEO Premium plugin. -->","yoast_head_json":{"title":"Analise Anderson - CERIC","robots":{"index":"index","follow":"follow","max-snippet":"max-snippet:-1","max-image-preview":"max-image-preview:large","max-video-preview":"max-video-preview:-1"},"canonical":"https:\/\/ceric.ca\/fr\/analise-anderson\/","og_locale":"fr_FR","og_type":"article","og_title":"Analise Anderson","og_description":"Analise\u00a0Anderson travaille \u00e0 l\u2019obtention d\u2019une ma\u00eetrise \u00e8s arts en \u00e9ducation sup\u00e9rieure, avec sp\u00e9cialisation en d\u00e9veloppement des \u00e9tudiants. Ses recherches visent \u00e0 d\u00e9terminer si les pairs conseillers [\u2026]","og_url":"https:\/\/ceric.ca\/fr\/analise-anderson\/","og_site_name":"CERIC","article_modified_time":"2015-08-14T16:26:26+00:00","og_image":[{"url":"http:\/\/ceric.ca\/wp-content\/uploads\/2015\/07\/Analise_A.png","type":"","width":"","height":""}],"twitter_card":"summary_large_image","twitter_misc":{"Dur\u00e9e de lecture estim\u00e9e":"1 minute"},"schema":{"@context":"https:\/\/schema.org","@graph":[{"@type":"WebPage","@id":"https:\/\/ceric.ca\/fr\/analise-anderson\/","url":"https:\/\/ceric.ca\/fr\/analise-anderson\/","name":"Analise Anderson - CERIC","isPartOf":{"@id":"https:\/\/ceric.ca\/#website"},"primaryImageOfPage":{"@id":"https:\/\/ceric.ca\/fr\/analise-anderson\/#primaryimage"},"image":{"@id":"https:\/\/ceric.ca\/fr\/analise-anderson\/#primaryimage"},"thumbnailUrl":"http:\/\/ceric.ca\/wp-content\/uploads\/2015\/07\/Analise_A.png","datePublished":"2015-07-17T16:50:09+00:00","dateModified":"2015-08-14T16:26:26+00:00","breadcrumb":{"@id":"https:\/\/ceric.ca\/fr\/analise-anderson\/#breadcrumb"},"inLanguage":"fr-FR","potentialAction":[{"@type":"ReadAction","target":["https:\/\/ceric.ca\/fr\/analise-anderson\/"]}]},{"@type":"ImageObject","inLanguage":"fr-FR","@id":"https:\/\/ceric.ca\/fr\/analise-anderson\/#primaryimage","url":"http:\/\/ceric.ca\/wp-content\/uploads\/2015\/07\/Analise_A.png","contentUrl":"http:\/\/ceric.ca\/wp-content\/uploads\/2015\/07\/Analise_A.png"},{"@type":"BreadcrumbList","@id":"https:\/\/ceric.ca\/fr\/analise-anderson\/#breadcrumb","itemListElement":[{"@type":"ListItem","position":1,"name":"Home","item":"https:\/\/ceric.ca\/fr\/ceric-homepage-2025\/"},{"@type":"ListItem","position":2,"name":"Analise Anderson"}]},{"@type":"WebSite","@id":"https:\/\/ceric.ca\/#website","url":"https:\/\/ceric.ca\/","name":"CERIC","description":"","publisher":{"@id":"https:\/\/ceric.ca\/#organization"},"potentialAction":[{"@type":"SearchAction","target":{"@type":"EntryPoint","urlTemplate":"https:\/\/ceric.ca\/?s={search_term_string}"},"query-input":{"@type":"PropertyValueSpecification","valueRequired":true,"valueName":"search_term_string"}}],"inLanguage":"fr-FR"},{"@type":"Organization","@id":"https:\/\/ceric.ca\/#organization","name":"CERIC","url":"https:\/\/ceric.ca\/","logo":{"@type":"ImageObject","inLanguage":"fr-FR","@id":"https:\/\/ceric.ca\/#\/schema\/logo\/image\/","url":"","contentUrl":"","caption":"CERIC"},"image":{"@id":"https:\/\/ceric.ca\/#\/schema\/logo\/image\/"}}]}},"_links":{"self":[{"href":"https:\/\/ceric.ca\/fr\/wp-json\/wp\/v2\/pages\/15173","targetHints":{"allow":["GET"]}}],"collection":[{"href":"https:\/\/ceric.ca\/fr\/wp-json\/wp\/v2\/pages"}],"about":[{"href":"https:\/\/ceric.ca\/fr\/wp-json\/wp\/v2\/types\/page"}],"author":[{"embeddable":true,"href":"https:\/\/ceric.ca\/fr\/wp-json\/wp\/v2\/users\/30"}],"replies":[{"embeddable":true,"href":"https:\/\/ceric.ca\/fr\/wp-json\/wp\/v2\/comments?post=15173"}],"version-history":[{"count":0,"href":"https:\/\/ceric.ca\/fr\/wp-json\/wp\/v2\/pages\/15173\/revisions"}],"wp:attachment":[{"href":"https:\/\/ceric.ca\/fr\/wp-json\/wp\/v2\/media?parent=15173"}],"curies":[{"name":"wp","href":"https:\/\/api.w.org\/{rel}","templated":true}]}}