{"id":16424,"date":"2016-01-27T11:12:32","date_gmt":"2016-01-27T16:12:32","guid":{"rendered":"http:\/\/ceric.ca\/fr\/?page_id=16424"},"modified":"2021-04-29T17:37:57","modified_gmt":"2021-04-29T21:37:57","slug":"2015-sondage-des-specialistes-de-lorientation-professionnelle","status":"publish","type":"page","link":"https:\/\/ceric.ca\/fr\/sondages\/2015-sondage-des-specialistes-de-lorientation-professionnelle\/","title":{"rendered":"2015 Sondage des sp\u00e9cialistes de l\u2019orientation professionnelle"},"content":{"rendered":"<div class=\"wpb-content-wrapper\"><p>[vc_row][vc_column][vc_column_text]Le Sondage\u00a02015 des sp\u00e9cialistes de l\u2019orientation professionnelle r\u00e9alis\u00e9 par le CERIC \u2013 auquel ont r\u00e9pondu plus de 1000 professionnels du milieu de partout au Canada \u2013 pr\u00e9sente un aper\u00e7u d\u00e9mographique (formation, exp\u00e9rience, r\u00e9mun\u00e9ration) du milieu, en plus d\u2019examiner les besoins et les tendances de la recherche en mati\u00e8re de perfectionnement professionnel. Le sondage a \u00e9t\u00e9 men\u00e9 en ligne entre le 19\u00a0octobre et le 20\u00a0novembre 2015.<\/p>\n<p>Les r\u00e9sultats de ce sondage permettent au CERIC et aux intervenants du milieu de mieux comprendre les int\u00e9r\u00eats des sp\u00e9cialistes de l\u2019orientation professionnelle et de cibler les enjeux auxquels ils font face, notamment\u00a0:<\/p>\n<ul>\n<li>Les d\u00e9marches entreprises par les sp\u00e9cialistes de l\u2019orientation professionnelle pour am\u00e9liorer leurs comp\u00e9tences et leur mobilit\u00e9 professionnelles<\/li>\n<li>Les sources de pr\u00e9occupations des sp\u00e9cialistes de l\u2019orientation professionnelle<\/li>\n<li>L\u2019\u00e9volution de la perception du public quant \u00e0 la valeur du d\u00e9veloppement de carri\u00e8re<\/li>\n<\/ul>\n<p>Vous pouvez consulter le Sondage 2015 des sp\u00e9cialistes de l\u2019orientation professionnelle <a href=\"\/?page_id=19172\">par r\u00e9gion<\/a> ainsi que <a href=\"\/?page_id=19210\">par secteur<\/a>.<\/p>\n<p>Consultez l&rsquo;article intitul\u00e9 <a href=\"https:\/\/ceric.ca\/2016\/06\/canadian-career-service-professionals-how-is-the-field-changing\/\">\u00ab Canadian Career Service Professionals: How is the Field Changing? \u00bb<\/a> dans le num\u00e9ro Printemps-\u00c9t\u00e9 2016 du magazine <em>Careering<\/em>.<\/p>\n<p>Consultez l&rsquo;article intitul\u00e9 <a href=\"https:\/\/ceric.ca\/2016\/10\/canadas-career-service-professionals-how-do-they-differ-across-canada\/\" target=\"_blank\" rel=\"noopener\">\u00ab Canada\u2019s Career Service Professionals: How Do They Differ Across Canada? \u00bb<\/a> dans le num\u00e9ro Automne 2016 du magazine <em>Careering<\/em>.[\/vc_column_text]\r\n\t<div class=\"wprt-spacer clearfix\" data-desktop=\"20\" data-mobi=\"0\" data-smobi=\"0\"><\/div>[\/vc_column][\/vc_row][vc_row][vc_column width=\u00a0\u00bb1\/2&Prime;][vc_column_text]<\/p>\n<h4 style=\"text-align: center;\">Sondage de 2015 du CERIC aupr\u00e8s des sp\u00e9cialistes de l\u2019orientation professionnelle et de la gestion de carri\u00e8re &#8211; Version d\u00e9taill\u00e9e<\/h4>\n<p>[\/vc_column_text][vc_column_text]<\/p>\n<p><iframe style=\"border: 1px solid #CCC; border-width: 1px; margin-bottom: 5px; max-width: 100%;\" src=\"\/\/www.slideshare.net\/slideshow\/embed_code\/key\/eAdOjOqXaSoyOm\" width=\"340\" height=\"290\" frameborder=\"0\" marginwidth=\"0\" marginheight=\"0\" scrolling=\"no\" allowfullscreen=\"allowfullscreen\"> <\/iframe><\/p>\n<p>[\/vc_column_text]\r\n\t<div class=\"wprt-spacer clearfix\" data-desktop=\"40\" data-mobi=\"30\" data-smobi=\"0\"><\/div>[\/vc_column][vc_column width=\u00a0\u00bb1\/2&Prime;][vc_column_text]<\/p>\n<h4 style=\"text-align: center;\">Sondage de 2015 du CERIC aupr\u00e8s des sp\u00e9cialistes de l\u2019orientation professionnelle et de la gestion de carri\u00e8re &#8211; Infographic<\/h4>\n<p>[\/vc_column_text][vc_single_image image=\u00a0\u00bb17124&Prime; img_size=\u00a0\u00bbmedium\u00a0\u00bb alignment=\u00a0\u00bbcenter\u00a0\u00bb onclick=\u00a0\u00bbcustom_link\u00a0\u00bb link=\u00a0\u00bbhttp:\/\/ceric.ca\/wp-content\/uploads\/2012\/10\/Sondage-de-2015-du-CERIC-aupr\u00e8s-des-sp\u00e9cialistes-de-l\u2019orientation-professionnelle-et-de-la-gestion-de-carri\u00e8re-Infographic.jpeg\u00a0\u00bb]\r\n\t<div class=\"wprt-spacer clearfix\" data-desktop=\"35\" data-mobi=\"25\" data-smobi=\"0\"><\/div>[\/vc_column][\/vc_row][vc_row][vc_column css=\u00a0\u00bb.vc_custom_1457556736765{margin-top: -50px !important;margin-bottom: -50px !important;}\u00a0\u00bb]\r\n\t<div class=\"wprt-spacer clearfix\" data-desktop=\"20\" data-mobi=\"30\" data-smobi=\"0\"><\/div>[vc_column_text]<img decoding=\"async\" style=\"background: url('https:\/\/ceric.ca\/wp-content\/plugins\/wp-file-download\/app\/admin\/assets\/images\/file_download.png') no-repeat scroll center center #D6D6D6; border: 2px dashed #888888; height: 100px; border-radius: 10px; width: 99%;\" src=\"https:\/\/ceric.ca\/wp-content\/plugins\/wp-file-download\/app\/admin\/assets\/images\/t.gif\" data-file=\"45976\" data-wpfdfile=\"45976\" data-category=\"957\" \/>[\/vc_column_text]\r\n\t<div class=\"wprt-spacer clearfix\" data-desktop=\"20\" data-mobi=\"30\" data-smobi=\"0\"><\/div>[\/vc_column][\/vc_row][vc_row][vc_column width=\u00a0\u00bb1\/2&Prime;]\r\n\t<div class=\"wprt-spacer clearfix\" data-desktop=\"20\" data-mobi=\"0\" data-smobi=\"0\"><\/div>[vc_video link=\u00a0\u00bbhttps:\/\/vimeo.com\/163260576&Prime; el_width=\u00a0\u00bb70&Prime; align=\u00a0\u00bbcenter\u00a0\u00bb css=\u00a0\u00bb.vc_custom_1619732086808{margin-top: 30px !important;}\u00a0\u00bb][\/vc_column][vc_column width=\u00a0\u00bb1\/2&Prime;]\r\n\t<div class=\"wprt-spacer clearfix\" data-desktop=\"35\" data-mobi=\"0\" data-smobi=\"0\"><\/div>[vc_video link=\u00a0\u00bbhttps:\/\/vimeo.com\/162579802&Prime; el_width=\u00a0\u00bb70&Prime; align=\u00a0\u00bbcenter\u00a0\u00bb][\/vc_column][\/vc_row][vc_row][vc_column]\r\n\t<div class=\"wprt-spacer clearfix\" data-desktop=\"20\" data-mobi=\"0\" data-smobi=\"0\"><\/div>[vc_column_text css=\u00a0\u00bb.vc_custom_1619732100135{margin-top: 5px !important;}\u00a0\u00bb]<\/p>\n<p style=\"text-align: center;\">Ce sondage est men\u00e9 tous les quatre ans. Consultez le <a href=\"\/?page_id=8150\">Sondage\u00a02011 des sp\u00e9cialistes de l\u2019orientation professionnelle r\u00e9alis\u00e9 par le CERIC<\/a>.<\/p>\n<p>[\/vc_column_text][\/vc_column][\/vc_row]<\/p>\n<\/div>","protected":false},"excerpt":{"rendered":"<p>[vc_row][vc_column][vc_column_text]Le Sondage\u00a02015 des sp\u00e9cialistes de l\u2019orientation professionnelle r\u00e9alis\u00e9 par le CERIC \u2013 auquel ont r\u00e9pondu plus de 1000 professionnels du milieu de partout au Canada \u2013<span class=\"excerpt-hellip\"> [\u2026]<\/span><\/p>\n","protected":false},"author":1,"featured_media":0,"parent":8182,"menu_order":0,"comment_status":"closed","ping_status":"closed","template":"","meta":{"h5ap_radio_sources":[],"footnotes":""},"class_list":["post-16424","page","type-page","status-publish","hentry"],"yoast_head":"<!-- This site is optimized with the Yoast SEO Premium plugin v27.3 (Yoast SEO v27.3) - https:\/\/yoast.com\/product\/yoast-seo-premium-wordpress\/ -->\n<title>2015 Sondage des sp\u00e9cialistes de l\u2019orientation professionnelle - CERIC<\/title>\n<meta name=\"robots\" content=\"index, follow, max-snippet:-1, max-image-preview:large, max-video-preview:-1\" \/>\n<link rel=\"canonical\" href=\"https:\/\/ceric.ca\/fr\/sondages\/2015-sondage-des-specialistes-de-lorientation-professionnelle\/\" \/>\n<meta property=\"og:locale\" content=\"fr_FR\" \/>\n<meta property=\"og:type\" content=\"article\" \/>\n<meta property=\"og:title\" content=\"2015 Sondage des sp\u00e9cialistes de l\u2019orientation professionnelle\" \/>\n<meta property=\"og:description\" content=\"[vc_row][vc_column][vc_column_text]Le Sondage\u00a02015 des sp\u00e9cialistes de l\u2019orientation professionnelle r\u00e9alis\u00e9 par le CERIC \u2013 auquel ont r\u00e9pondu plus de 1000 professionnels du milieu de partout au Canada \u2013 [\u2026]\" \/>\n<meta property=\"og:url\" content=\"https:\/\/ceric.ca\/fr\/sondages\/2015-sondage-des-specialistes-de-lorientation-professionnelle\/\" \/>\n<meta property=\"og:site_name\" content=\"CERIC\" \/>\n<meta property=\"article:modified_time\" content=\"2021-04-29T21:37:57+00:00\" \/>\n<meta property=\"og:image\" content=\"https:\/\/ceric.ca\/wp-content\/plugins\/wp-file-download\/app\/admin\/assets\/images\/t.gif\" \/>\n<meta name=\"twitter:card\" content=\"summary_large_image\" \/>\n<meta name=\"twitter:label1\" content=\"Dur\u00e9e de lecture estim\u00e9e\" \/>\n\t<meta name=\"twitter:data1\" content=\"2 minutes\" \/>\n<script type=\"application\/ld+json\" class=\"yoast-schema-graph\">{\"@context\":\"https:\\\/\\\/schema.org\",\"@graph\":[{\"@type\":\"WebPage\",\"@id\":\"https:\\\/\\\/ceric.ca\\\/fr\\\/sondages\\\/2015-sondage-des-specialistes-de-lorientation-professionnelle\\\/\",\"url\":\"https:\\\/\\\/ceric.ca\\\/fr\\\/sondages\\\/2015-sondage-des-specialistes-de-lorientation-professionnelle\\\/\",\"name\":\"2015 Sondage des sp\u00e9cialistes de l\u2019orientation professionnelle - CERIC\",\"isPartOf\":{\"@id\":\"https:\\\/\\\/ceric.ca\\\/#website\"},\"primaryImageOfPage\":{\"@id\":\"https:\\\/\\\/ceric.ca\\\/fr\\\/sondages\\\/2015-sondage-des-specialistes-de-lorientation-professionnelle\\\/#primaryimage\"},\"image\":{\"@id\":\"https:\\\/\\\/ceric.ca\\\/fr\\\/sondages\\\/2015-sondage-des-specialistes-de-lorientation-professionnelle\\\/#primaryimage\"},\"thumbnailUrl\":\"https:\\\/\\\/ceric.ca\\\/wp-content\\\/plugins\\\/wp-file-download\\\/app\\\/admin\\\/assets\\\/images\\\/t.gif\",\"datePublished\":\"2016-01-27T16:12:32+00:00\",\"dateModified\":\"2021-04-29T21:37:57+00:00\",\"breadcrumb\":{\"@id\":\"https:\\\/\\\/ceric.ca\\\/fr\\\/sondages\\\/2015-sondage-des-specialistes-de-lorientation-professionnelle\\\/#breadcrumb\"},\"inLanguage\":\"fr-FR\",\"potentialAction\":[{\"@type\":\"ReadAction\",\"target\":[\"https:\\\/\\\/ceric.ca\\\/fr\\\/sondages\\\/2015-sondage-des-specialistes-de-lorientation-professionnelle\\\/\"]}]},{\"@type\":\"ImageObject\",\"inLanguage\":\"fr-FR\",\"@id\":\"https:\\\/\\\/ceric.ca\\\/fr\\\/sondages\\\/2015-sondage-des-specialistes-de-lorientation-professionnelle\\\/#primaryimage\",\"url\":\"https:\\\/\\\/ceric.ca\\\/wp-content\\\/plugins\\\/wp-file-download\\\/app\\\/admin\\\/assets\\\/images\\\/t.gif\",\"contentUrl\":\"https:\\\/\\\/ceric.ca\\\/wp-content\\\/plugins\\\/wp-file-download\\\/app\\\/admin\\\/assets\\\/images\\\/t.gif\"},{\"@type\":\"BreadcrumbList\",\"@id\":\"https:\\\/\\\/ceric.ca\\\/fr\\\/sondages\\\/2015-sondage-des-specialistes-de-lorientation-professionnelle\\\/#breadcrumb\",\"itemListElement\":[{\"@type\":\"ListItem\",\"position\":1,\"name\":\"Home\",\"item\":\"https:\\\/\\\/ceric.ca\\\/fr\\\/ceric-homepage-2025\\\/\"},{\"@type\":\"ListItem\",\"position\":2,\"name\":\"Sondages\",\"item\":\"https:\\\/\\\/ceric.ca\\\/fr\\\/sondages\\\/\"},{\"@type\":\"ListItem\",\"position\":3,\"name\":\"2015 Sondage des sp\u00e9cialistes de l\u2019orientation professionnelle\"}]},{\"@type\":\"WebSite\",\"@id\":\"https:\\\/\\\/ceric.ca\\\/#website\",\"url\":\"https:\\\/\\\/ceric.ca\\\/\",\"name\":\"CERIC\",\"description\":\"\",\"publisher\":{\"@id\":\"https:\\\/\\\/ceric.ca\\\/#organization\"},\"potentialAction\":[{\"@type\":\"SearchAction\",\"target\":{\"@type\":\"EntryPoint\",\"urlTemplate\":\"https:\\\/\\\/ceric.ca\\\/?s={search_term_string}\"},\"query-input\":{\"@type\":\"PropertyValueSpecification\",\"valueRequired\":true,\"valueName\":\"search_term_string\"}}],\"inLanguage\":\"fr-FR\"},{\"@type\":\"Organization\",\"@id\":\"https:\\\/\\\/ceric.ca\\\/#organization\",\"name\":\"CERIC\",\"url\":\"https:\\\/\\\/ceric.ca\\\/\",\"logo\":{\"@type\":\"ImageObject\",\"inLanguage\":\"fr-FR\",\"@id\":\"https:\\\/\\\/ceric.ca\\\/#\\\/schema\\\/logo\\\/image\\\/\",\"url\":\"\",\"contentUrl\":\"\",\"caption\":\"CERIC\"},\"image\":{\"@id\":\"https:\\\/\\\/ceric.ca\\\/#\\\/schema\\\/logo\\\/image\\\/\"}}]}<\/script>\n<!-- \/ Yoast SEO Premium plugin. -->","yoast_head_json":{"title":"2015 Sondage des sp\u00e9cialistes de l\u2019orientation professionnelle - CERIC","robots":{"index":"index","follow":"follow","max-snippet":"max-snippet:-1","max-image-preview":"max-image-preview:large","max-video-preview":"max-video-preview:-1"},"canonical":"https:\/\/ceric.ca\/fr\/sondages\/2015-sondage-des-specialistes-de-lorientation-professionnelle\/","og_locale":"fr_FR","og_type":"article","og_title":"2015 Sondage des sp\u00e9cialistes de l\u2019orientation professionnelle","og_description":"[vc_row][vc_column][vc_column_text]Le Sondage\u00a02015 des sp\u00e9cialistes de l\u2019orientation professionnelle r\u00e9alis\u00e9 par le CERIC \u2013 auquel ont r\u00e9pondu plus de 1000 professionnels du milieu de partout au Canada \u2013 [\u2026]","og_url":"https:\/\/ceric.ca\/fr\/sondages\/2015-sondage-des-specialistes-de-lorientation-professionnelle\/","og_site_name":"CERIC","article_modified_time":"2021-04-29T21:37:57+00:00","og_image":[{"url":"https:\/\/ceric.ca\/wp-content\/plugins\/wp-file-download\/app\/admin\/assets\/images\/t.gif","type":"","width":"","height":""}],"twitter_card":"summary_large_image","twitter_misc":{"Dur\u00e9e de lecture estim\u00e9e":"2 minutes"},"schema":{"@context":"https:\/\/schema.org","@graph":[{"@type":"WebPage","@id":"https:\/\/ceric.ca\/fr\/sondages\/2015-sondage-des-specialistes-de-lorientation-professionnelle\/","url":"https:\/\/ceric.ca\/fr\/sondages\/2015-sondage-des-specialistes-de-lorientation-professionnelle\/","name":"2015 Sondage des sp\u00e9cialistes de l\u2019orientation professionnelle - CERIC","isPartOf":{"@id":"https:\/\/ceric.ca\/#website"},"primaryImageOfPage":{"@id":"https:\/\/ceric.ca\/fr\/sondages\/2015-sondage-des-specialistes-de-lorientation-professionnelle\/#primaryimage"},"image":{"@id":"https:\/\/ceric.ca\/fr\/sondages\/2015-sondage-des-specialistes-de-lorientation-professionnelle\/#primaryimage"},"thumbnailUrl":"https:\/\/ceric.ca\/wp-content\/plugins\/wp-file-download\/app\/admin\/assets\/images\/t.gif","datePublished":"2016-01-27T16:12:32+00:00","dateModified":"2021-04-29T21:37:57+00:00","breadcrumb":{"@id":"https:\/\/ceric.ca\/fr\/sondages\/2015-sondage-des-specialistes-de-lorientation-professionnelle\/#breadcrumb"},"inLanguage":"fr-FR","potentialAction":[{"@type":"ReadAction","target":["https:\/\/ceric.ca\/fr\/sondages\/2015-sondage-des-specialistes-de-lorientation-professionnelle\/"]}]},{"@type":"ImageObject","inLanguage":"fr-FR","@id":"https:\/\/ceric.ca\/fr\/sondages\/2015-sondage-des-specialistes-de-lorientation-professionnelle\/#primaryimage","url":"https:\/\/ceric.ca\/wp-content\/plugins\/wp-file-download\/app\/admin\/assets\/images\/t.gif","contentUrl":"https:\/\/ceric.ca\/wp-content\/plugins\/wp-file-download\/app\/admin\/assets\/images\/t.gif"},{"@type":"BreadcrumbList","@id":"https:\/\/ceric.ca\/fr\/sondages\/2015-sondage-des-specialistes-de-lorientation-professionnelle\/#breadcrumb","itemListElement":[{"@type":"ListItem","position":1,"name":"Home","item":"https:\/\/ceric.ca\/fr\/ceric-homepage-2025\/"},{"@type":"ListItem","position":2,"name":"Sondages","item":"https:\/\/ceric.ca\/fr\/sondages\/"},{"@type":"ListItem","position":3,"name":"2015 Sondage des sp\u00e9cialistes de l\u2019orientation professionnelle"}]},{"@type":"WebSite","@id":"https:\/\/ceric.ca\/#website","url":"https:\/\/ceric.ca\/","name":"CERIC","description":"","publisher":{"@id":"https:\/\/ceric.ca\/#organization"},"potentialAction":[{"@type":"SearchAction","target":{"@type":"EntryPoint","urlTemplate":"https:\/\/ceric.ca\/?s={search_term_string}"},"query-input":{"@type":"PropertyValueSpecification","valueRequired":true,"valueName":"search_term_string"}}],"inLanguage":"fr-FR"},{"@type":"Organization","@id":"https:\/\/ceric.ca\/#organization","name":"CERIC","url":"https:\/\/ceric.ca\/","logo":{"@type":"ImageObject","inLanguage":"fr-FR","@id":"https:\/\/ceric.ca\/#\/schema\/logo\/image\/","url":"","contentUrl":"","caption":"CERIC"},"image":{"@id":"https:\/\/ceric.ca\/#\/schema\/logo\/image\/"}}]}},"_links":{"self":[{"href":"https:\/\/ceric.ca\/fr\/wp-json\/wp\/v2\/pages\/16424","targetHints":{"allow":["GET"]}}],"collection":[{"href":"https:\/\/ceric.ca\/fr\/wp-json\/wp\/v2\/pages"}],"about":[{"href":"https:\/\/ceric.ca\/fr\/wp-json\/wp\/v2\/types\/page"}],"author":[{"embeddable":true,"href":"https:\/\/ceric.ca\/fr\/wp-json\/wp\/v2\/users\/1"}],"replies":[{"embeddable":true,"href":"https:\/\/ceric.ca\/fr\/wp-json\/wp\/v2\/comments?post=16424"}],"version-history":[{"count":0,"href":"https:\/\/ceric.ca\/fr\/wp-json\/wp\/v2\/pages\/16424\/revisions"}],"up":[{"embeddable":true,"href":"https:\/\/ceric.ca\/fr\/wp-json\/wp\/v2\/pages\/8182"}],"wp:attachment":[{"href":"https:\/\/ceric.ca\/fr\/wp-json\/wp\/v2\/media?parent=16424"}],"curies":[{"name":"wp","href":"https:\/\/api.w.org\/{rel}","templated":true}]}}