{"id":18513,"date":"2016-09-12T09:37:54","date_gmt":"2016-09-12T13:37:54","guid":{"rendered":"http:\/\/ceric.ca\/fr\/?page_id=18513"},"modified":"2016-09-12T09:37:54","modified_gmt":"2016-09-12T13:37:54","slug":"maxine-clarke","status":"publish","type":"page","link":"https:\/\/ceric.ca\/fr\/maxine-clarke\/","title":{"rendered":"Maxine Clarke"},"content":{"rendered":"<p><img decoding=\"async\" class=\"alignleft size-full wp-image-18433\" src=\"http:\/\/ceric.ca\/wp-content\/uploads\/2016\/09\/Maxine-C.png\" alt=\"Maxine-C\" width=\"128\" height=\"140\" srcset=\"https:\/\/ceric.ca\/wp-content\/uploads\/2016\/09\/Maxine-C.png 128w, https:\/\/ceric.ca\/wp-content\/uploads\/2016\/09\/Maxine-C-98x107.png 98w\" sizes=\"(max-width:767px) 128px, 128px\" \/>L\u2019objectif de Maxine\u00a0Clarke est d\u2019aider les \u00e9tudiants \u00e0 perfectionner leurs comp\u00e9tences, \u00e0 \u00e9tendre leur r\u00e9seau, \u00e0 approfondir leurs connaissances et \u00e0 renforcer leur confiance afin de favoriser la r\u00e9ussite de leur cheminement de carri\u00e8re. M<sup>me<\/sup> Clarke aime cr\u00e9er des exp\u00e9riences d\u2019apprentissage et de perfectionnement significatives \u00e0 l\u2019intention des \u00e9tudiants, et aider ces derniers \u00e0 d\u00e9passer leurs attentes, tant dans leur vie professionnelle que leur vie personnelle. Parmi ses ant\u00e9c\u00e9dents, M<sup>me<\/sup> Clarke compte le recrutement pour les cadres sup\u00e9rieurs, la conception de programmes de d\u00e9veloppement du leadership et la direction de diff\u00e9rentes \u00e9quipes.<\/p>\n<p>M<sup>me <\/sup>Clarke poss\u00e8de un baccalaur\u00e9at en commerce, un certificat en accompagnement des cadres, une ma\u00eetrise en sciences en d\u00e9veloppement organisationnel (en cours), ainsi que des certifications professionnelles. M<sup>me<\/sup> Clarke aime s\u2019engager dans sa communaut\u00e9 en faisant du b\u00e9n\u00e9volat et \u00e9tait membre de nombreux conseils d\u2019administration d\u2019organismes \u00e0 but non lucratif au cours des derni\u00e8res ann\u00e9es.<\/p>\n","protected":false},"excerpt":{"rendered":"<p>L\u2019objectif de Maxine\u00a0Clarke est d\u2019aider les \u00e9tudiants \u00e0 perfectionner leurs comp\u00e9tences, \u00e0 \u00e9tendre leur r\u00e9seau, \u00e0 approfondir leurs connaissances et \u00e0 renforcer leur confiance afin de<span class=\"excerpt-hellip\"> [\u2026]<\/span><\/p>\n","protected":false},"author":30,"featured_media":0,"parent":0,"menu_order":0,"comment_status":"closed","ping_status":"closed","template":"","meta":{"h5ap_radio_sources":[],"footnotes":""},"class_list":["post-18513","page","type-page","status-publish","hentry"],"yoast_head":"<!-- This site is optimized with the Yoast SEO Premium plugin v27.3 (Yoast SEO v27.3) - https:\/\/yoast.com\/product\/yoast-seo-premium-wordpress\/ -->\n<title>Maxine Clarke - CERIC<\/title>\n<meta name=\"robots\" content=\"index, follow, max-snippet:-1, max-image-preview:large, max-video-preview:-1\" \/>\n<link rel=\"canonical\" href=\"https:\/\/ceric.ca\/fr\/maxine-clarke\/\" \/>\n<meta property=\"og:locale\" content=\"fr_FR\" \/>\n<meta property=\"og:type\" content=\"article\" \/>\n<meta property=\"og:title\" content=\"Maxine Clarke\" \/>\n<meta property=\"og:description\" content=\"L\u2019objectif de Maxine\u00a0Clarke est d\u2019aider les \u00e9tudiants \u00e0 perfectionner leurs comp\u00e9tences, \u00e0 \u00e9tendre leur r\u00e9seau, \u00e0 approfondir leurs connaissances et \u00e0 renforcer leur confiance afin de [\u2026]\" \/>\n<meta property=\"og:url\" content=\"https:\/\/ceric.ca\/fr\/maxine-clarke\/\" \/>\n<meta property=\"og:site_name\" content=\"CERIC\" \/>\n<meta property=\"og:image\" content=\"http:\/\/ceric.ca\/wp-content\/uploads\/2016\/09\/Maxine-C.png\" \/>\n<meta name=\"twitter:card\" content=\"summary_large_image\" \/>\n<meta name=\"twitter:label1\" content=\"Dur\u00e9e de lecture estim\u00e9e\" \/>\n\t<meta name=\"twitter:data1\" content=\"1 minute\" \/>\n<script type=\"application\/ld+json\" class=\"yoast-schema-graph\">{\"@context\":\"https:\\\/\\\/schema.org\",\"@graph\":[{\"@type\":\"WebPage\",\"@id\":\"https:\\\/\\\/ceric.ca\\\/fr\\\/maxine-clarke\\\/\",\"url\":\"https:\\\/\\\/ceric.ca\\\/fr\\\/maxine-clarke\\\/\",\"name\":\"Maxine Clarke - CERIC\",\"isPartOf\":{\"@id\":\"https:\\\/\\\/ceric.ca\\\/#website\"},\"primaryImageOfPage\":{\"@id\":\"https:\\\/\\\/ceric.ca\\\/fr\\\/maxine-clarke\\\/#primaryimage\"},\"image\":{\"@id\":\"https:\\\/\\\/ceric.ca\\\/fr\\\/maxine-clarke\\\/#primaryimage\"},\"thumbnailUrl\":\"http:\\\/\\\/ceric.ca\\\/wp-content\\\/uploads\\\/2016\\\/09\\\/Maxine-C.png\",\"datePublished\":\"2016-09-12T13:37:54+00:00\",\"breadcrumb\":{\"@id\":\"https:\\\/\\\/ceric.ca\\\/fr\\\/maxine-clarke\\\/#breadcrumb\"},\"inLanguage\":\"fr-FR\",\"potentialAction\":[{\"@type\":\"ReadAction\",\"target\":[\"https:\\\/\\\/ceric.ca\\\/fr\\\/maxine-clarke\\\/\"]}]},{\"@type\":\"ImageObject\",\"inLanguage\":\"fr-FR\",\"@id\":\"https:\\\/\\\/ceric.ca\\\/fr\\\/maxine-clarke\\\/#primaryimage\",\"url\":\"http:\\\/\\\/ceric.ca\\\/wp-content\\\/uploads\\\/2016\\\/09\\\/Maxine-C.png\",\"contentUrl\":\"http:\\\/\\\/ceric.ca\\\/wp-content\\\/uploads\\\/2016\\\/09\\\/Maxine-C.png\"},{\"@type\":\"BreadcrumbList\",\"@id\":\"https:\\\/\\\/ceric.ca\\\/fr\\\/maxine-clarke\\\/#breadcrumb\",\"itemListElement\":[{\"@type\":\"ListItem\",\"position\":1,\"name\":\"Home\",\"item\":\"https:\\\/\\\/ceric.ca\\\/fr\\\/ceric-homepage-2025\\\/\"},{\"@type\":\"ListItem\",\"position\":2,\"name\":\"Maxine Clarke\"}]},{\"@type\":\"WebSite\",\"@id\":\"https:\\\/\\\/ceric.ca\\\/#website\",\"url\":\"https:\\\/\\\/ceric.ca\\\/\",\"name\":\"CERIC\",\"description\":\"\",\"publisher\":{\"@id\":\"https:\\\/\\\/ceric.ca\\\/#organization\"},\"potentialAction\":[{\"@type\":\"SearchAction\",\"target\":{\"@type\":\"EntryPoint\",\"urlTemplate\":\"https:\\\/\\\/ceric.ca\\\/?s={search_term_string}\"},\"query-input\":{\"@type\":\"PropertyValueSpecification\",\"valueRequired\":true,\"valueName\":\"search_term_string\"}}],\"inLanguage\":\"fr-FR\"},{\"@type\":\"Organization\",\"@id\":\"https:\\\/\\\/ceric.ca\\\/#organization\",\"name\":\"CERIC\",\"url\":\"https:\\\/\\\/ceric.ca\\\/\",\"logo\":{\"@type\":\"ImageObject\",\"inLanguage\":\"fr-FR\",\"@id\":\"https:\\\/\\\/ceric.ca\\\/#\\\/schema\\\/logo\\\/image\\\/\",\"url\":\"\",\"contentUrl\":\"\",\"caption\":\"CERIC\"},\"image\":{\"@id\":\"https:\\\/\\\/ceric.ca\\\/#\\\/schema\\\/logo\\\/image\\\/\"}}]}<\/script>\n<!-- \/ Yoast SEO Premium plugin. -->","yoast_head_json":{"title":"Maxine Clarke - CERIC","robots":{"index":"index","follow":"follow","max-snippet":"max-snippet:-1","max-image-preview":"max-image-preview:large","max-video-preview":"max-video-preview:-1"},"canonical":"https:\/\/ceric.ca\/fr\/maxine-clarke\/","og_locale":"fr_FR","og_type":"article","og_title":"Maxine Clarke","og_description":"L\u2019objectif de Maxine\u00a0Clarke est d\u2019aider les \u00e9tudiants \u00e0 perfectionner leurs comp\u00e9tences, \u00e0 \u00e9tendre leur r\u00e9seau, \u00e0 approfondir leurs connaissances et \u00e0 renforcer leur confiance afin de [\u2026]","og_url":"https:\/\/ceric.ca\/fr\/maxine-clarke\/","og_site_name":"CERIC","og_image":[{"url":"http:\/\/ceric.ca\/wp-content\/uploads\/2016\/09\/Maxine-C.png","type":"","width":"","height":""}],"twitter_card":"summary_large_image","twitter_misc":{"Dur\u00e9e de lecture estim\u00e9e":"1 minute"},"schema":{"@context":"https:\/\/schema.org","@graph":[{"@type":"WebPage","@id":"https:\/\/ceric.ca\/fr\/maxine-clarke\/","url":"https:\/\/ceric.ca\/fr\/maxine-clarke\/","name":"Maxine Clarke - CERIC","isPartOf":{"@id":"https:\/\/ceric.ca\/#website"},"primaryImageOfPage":{"@id":"https:\/\/ceric.ca\/fr\/maxine-clarke\/#primaryimage"},"image":{"@id":"https:\/\/ceric.ca\/fr\/maxine-clarke\/#primaryimage"},"thumbnailUrl":"http:\/\/ceric.ca\/wp-content\/uploads\/2016\/09\/Maxine-C.png","datePublished":"2016-09-12T13:37:54+00:00","breadcrumb":{"@id":"https:\/\/ceric.ca\/fr\/maxine-clarke\/#breadcrumb"},"inLanguage":"fr-FR","potentialAction":[{"@type":"ReadAction","target":["https:\/\/ceric.ca\/fr\/maxine-clarke\/"]}]},{"@type":"ImageObject","inLanguage":"fr-FR","@id":"https:\/\/ceric.ca\/fr\/maxine-clarke\/#primaryimage","url":"http:\/\/ceric.ca\/wp-content\/uploads\/2016\/09\/Maxine-C.png","contentUrl":"http:\/\/ceric.ca\/wp-content\/uploads\/2016\/09\/Maxine-C.png"},{"@type":"BreadcrumbList","@id":"https:\/\/ceric.ca\/fr\/maxine-clarke\/#breadcrumb","itemListElement":[{"@type":"ListItem","position":1,"name":"Home","item":"https:\/\/ceric.ca\/fr\/ceric-homepage-2025\/"},{"@type":"ListItem","position":2,"name":"Maxine Clarke"}]},{"@type":"WebSite","@id":"https:\/\/ceric.ca\/#website","url":"https:\/\/ceric.ca\/","name":"CERIC","description":"","publisher":{"@id":"https:\/\/ceric.ca\/#organization"},"potentialAction":[{"@type":"SearchAction","target":{"@type":"EntryPoint","urlTemplate":"https:\/\/ceric.ca\/?s={search_term_string}"},"query-input":{"@type":"PropertyValueSpecification","valueRequired":true,"valueName":"search_term_string"}}],"inLanguage":"fr-FR"},{"@type":"Organization","@id":"https:\/\/ceric.ca\/#organization","name":"CERIC","url":"https:\/\/ceric.ca\/","logo":{"@type":"ImageObject","inLanguage":"fr-FR","@id":"https:\/\/ceric.ca\/#\/schema\/logo\/image\/","url":"","contentUrl":"","caption":"CERIC"},"image":{"@id":"https:\/\/ceric.ca\/#\/schema\/logo\/image\/"}}]}},"_links":{"self":[{"href":"https:\/\/ceric.ca\/fr\/wp-json\/wp\/v2\/pages\/18513","targetHints":{"allow":["GET"]}}],"collection":[{"href":"https:\/\/ceric.ca\/fr\/wp-json\/wp\/v2\/pages"}],"about":[{"href":"https:\/\/ceric.ca\/fr\/wp-json\/wp\/v2\/types\/page"}],"author":[{"embeddable":true,"href":"https:\/\/ceric.ca\/fr\/wp-json\/wp\/v2\/users\/30"}],"replies":[{"embeddable":true,"href":"https:\/\/ceric.ca\/fr\/wp-json\/wp\/v2\/comments?post=18513"}],"version-history":[{"count":0,"href":"https:\/\/ceric.ca\/fr\/wp-json\/wp\/v2\/pages\/18513\/revisions"}],"wp:attachment":[{"href":"https:\/\/ceric.ca\/fr\/wp-json\/wp\/v2\/media?parent=18513"}],"curies":[{"name":"wp","href":"https:\/\/api.w.org\/{rel}","templated":true}]}}