{"id":18519,"date":"2016-09-12T09:43:46","date_gmt":"2016-09-12T13:43:46","guid":{"rendered":"http:\/\/ceric.ca\/fr\/?page_id=18519"},"modified":"2016-09-12T09:43:46","modified_gmt":"2016-09-12T13:43:46","slug":"laura-dokis","status":"publish","type":"page","link":"https:\/\/ceric.ca\/fr\/laura-dokis\/","title":{"rendered":"Laura Dokis"},"content":{"rendered":"<p><img decoding=\"async\" class=\"alignleft size-full wp-image-18448\" src=\"http:\/\/ceric.ca\/wp-content\/uploads\/2016\/09\/Laura.png\" alt=\"Laura\" width=\"128\" height=\"140\" srcset=\"https:\/\/ceric.ca\/wp-content\/uploads\/2016\/09\/Laura.png 128w, https:\/\/ceric.ca\/wp-content\/uploads\/2016\/09\/Laura-98x107.png 98w\" sizes=\"(max-width:767px) 128px, 128px\" \/>Laura\u00a0Dokis compte plus de 25\u00a0ans d\u2019exp\u00e9rience en tant qu\u2019administratrice principale et administratrice de haute direction de l\u2019enseignement, notamment comme professionnelle des ressources humaines. Elle a travaill\u00e9 au Canadore\u00a0College, \u00e0 l&rsquo;Anishinabek Educational Institute et aux conseils scolaires de Sudbury et de Peel. M<sup>me<\/sup> Dokis a mis de l\u2019avant l\u2019Anishinabek Career Centre en\u00a01991, reconnu comme \u00e9tant le premier en son genre. Elle a pr\u00e9sent\u00e9 des documents relatifs \u00e0 l&rsquo;\u00e9ducation sur le choix de carri\u00e8re, lors de congr\u00e8s et de s\u00e9minaires nationaux et internationaux. M<sup>me<\/sup> Dokis a fait partie d\u2019\u00e9quipes \u00e0 l\u2019origine d\u2019initiatives ayant re\u00e7u plusieurs r\u00e9compenses visant \u00e0 reconna\u00eetre des r\u00e9alisations exemplaires. Elle a r\u00e9cemment commenc\u00e9 \u00e0 travailler comme professionnelle ind\u00e9pendante de l\u2019\u00e9ducation pour de nombreux projets de formation, et comme r\u00e9dactrice pigiste pour le journal Anishinabek News. M<sup>me<\/sup> Dokis est b\u00e9n\u00e9vole avec l\u2019organisme Near North Palliative Care Network. Elle s\u2019est jointe au CERIC en juin\u00a02016.<\/p>\n","protected":false},"excerpt":{"rendered":"<p>Laura\u00a0Dokis compte plus de 25\u00a0ans d\u2019exp\u00e9rience en tant qu\u2019administratrice principale et administratrice de haute direction de l\u2019enseignement, notamment comme professionnelle des ressources humaines. Elle a travaill\u00e9<span class=\"excerpt-hellip\"> [\u2026]<\/span><\/p>\n","protected":false},"author":30,"featured_media":0,"parent":0,"menu_order":0,"comment_status":"closed","ping_status":"closed","template":"","meta":{"h5ap_radio_sources":[],"footnotes":""},"class_list":["post-18519","page","type-page","status-publish","hentry"],"yoast_head":"<!-- This site is optimized with the Yoast SEO Premium plugin v27.3 (Yoast SEO v27.3) - https:\/\/yoast.com\/product\/yoast-seo-premium-wordpress\/ -->\n<title>Laura Dokis - CERIC<\/title>\n<meta name=\"robots\" content=\"index, follow, max-snippet:-1, max-image-preview:large, max-video-preview:-1\" \/>\n<link rel=\"canonical\" href=\"https:\/\/ceric.ca\/fr\/laura-dokis\/\" \/>\n<meta property=\"og:locale\" content=\"fr_FR\" \/>\n<meta property=\"og:type\" content=\"article\" \/>\n<meta property=\"og:title\" content=\"Laura Dokis\" \/>\n<meta property=\"og:description\" content=\"Laura\u00a0Dokis compte plus de 25\u00a0ans d\u2019exp\u00e9rience en tant qu\u2019administratrice principale et administratrice de haute direction de l\u2019enseignement, notamment comme professionnelle des ressources humaines. Elle a travaill\u00e9 [\u2026]\" \/>\n<meta property=\"og:url\" content=\"https:\/\/ceric.ca\/fr\/laura-dokis\/\" \/>\n<meta property=\"og:site_name\" content=\"CERIC\" \/>\n<meta property=\"og:image\" content=\"http:\/\/ceric.ca\/wp-content\/uploads\/2016\/09\/Laura.png\" \/>\n<meta name=\"twitter:card\" content=\"summary_large_image\" \/>\n<meta name=\"twitter:label1\" content=\"Dur\u00e9e de lecture estim\u00e9e\" \/>\n\t<meta name=\"twitter:data1\" content=\"1 minute\" \/>\n<script type=\"application\/ld+json\" class=\"yoast-schema-graph\">{\"@context\":\"https:\\\/\\\/schema.org\",\"@graph\":[{\"@type\":\"WebPage\",\"@id\":\"https:\\\/\\\/ceric.ca\\\/fr\\\/laura-dokis\\\/\",\"url\":\"https:\\\/\\\/ceric.ca\\\/fr\\\/laura-dokis\\\/\",\"name\":\"Laura Dokis - CERIC\",\"isPartOf\":{\"@id\":\"https:\\\/\\\/ceric.ca\\\/#website\"},\"primaryImageOfPage\":{\"@id\":\"https:\\\/\\\/ceric.ca\\\/fr\\\/laura-dokis\\\/#primaryimage\"},\"image\":{\"@id\":\"https:\\\/\\\/ceric.ca\\\/fr\\\/laura-dokis\\\/#primaryimage\"},\"thumbnailUrl\":\"http:\\\/\\\/ceric.ca\\\/wp-content\\\/uploads\\\/2016\\\/09\\\/Laura.png\",\"datePublished\":\"2016-09-12T13:43:46+00:00\",\"breadcrumb\":{\"@id\":\"https:\\\/\\\/ceric.ca\\\/fr\\\/laura-dokis\\\/#breadcrumb\"},\"inLanguage\":\"fr-FR\",\"potentialAction\":[{\"@type\":\"ReadAction\",\"target\":[\"https:\\\/\\\/ceric.ca\\\/fr\\\/laura-dokis\\\/\"]}]},{\"@type\":\"ImageObject\",\"inLanguage\":\"fr-FR\",\"@id\":\"https:\\\/\\\/ceric.ca\\\/fr\\\/laura-dokis\\\/#primaryimage\",\"url\":\"http:\\\/\\\/ceric.ca\\\/wp-content\\\/uploads\\\/2016\\\/09\\\/Laura.png\",\"contentUrl\":\"http:\\\/\\\/ceric.ca\\\/wp-content\\\/uploads\\\/2016\\\/09\\\/Laura.png\"},{\"@type\":\"BreadcrumbList\",\"@id\":\"https:\\\/\\\/ceric.ca\\\/fr\\\/laura-dokis\\\/#breadcrumb\",\"itemListElement\":[{\"@type\":\"ListItem\",\"position\":1,\"name\":\"Home\",\"item\":\"https:\\\/\\\/ceric.ca\\\/fr\\\/ceric-homepage-2025\\\/\"},{\"@type\":\"ListItem\",\"position\":2,\"name\":\"Laura Dokis\"}]},{\"@type\":\"WebSite\",\"@id\":\"https:\\\/\\\/ceric.ca\\\/#website\",\"url\":\"https:\\\/\\\/ceric.ca\\\/\",\"name\":\"CERIC\",\"description\":\"\",\"publisher\":{\"@id\":\"https:\\\/\\\/ceric.ca\\\/#organization\"},\"potentialAction\":[{\"@type\":\"SearchAction\",\"target\":{\"@type\":\"EntryPoint\",\"urlTemplate\":\"https:\\\/\\\/ceric.ca\\\/?s={search_term_string}\"},\"query-input\":{\"@type\":\"PropertyValueSpecification\",\"valueRequired\":true,\"valueName\":\"search_term_string\"}}],\"inLanguage\":\"fr-FR\"},{\"@type\":\"Organization\",\"@id\":\"https:\\\/\\\/ceric.ca\\\/#organization\",\"name\":\"CERIC\",\"url\":\"https:\\\/\\\/ceric.ca\\\/\",\"logo\":{\"@type\":\"ImageObject\",\"inLanguage\":\"fr-FR\",\"@id\":\"https:\\\/\\\/ceric.ca\\\/#\\\/schema\\\/logo\\\/image\\\/\",\"url\":\"\",\"contentUrl\":\"\",\"caption\":\"CERIC\"},\"image\":{\"@id\":\"https:\\\/\\\/ceric.ca\\\/#\\\/schema\\\/logo\\\/image\\\/\"}}]}<\/script>\n<!-- \/ Yoast SEO Premium plugin. -->","yoast_head_json":{"title":"Laura Dokis - CERIC","robots":{"index":"index","follow":"follow","max-snippet":"max-snippet:-1","max-image-preview":"max-image-preview:large","max-video-preview":"max-video-preview:-1"},"canonical":"https:\/\/ceric.ca\/fr\/laura-dokis\/","og_locale":"fr_FR","og_type":"article","og_title":"Laura Dokis","og_description":"Laura\u00a0Dokis compte plus de 25\u00a0ans d\u2019exp\u00e9rience en tant qu\u2019administratrice principale et administratrice de haute direction de l\u2019enseignement, notamment comme professionnelle des ressources humaines. Elle a travaill\u00e9 [\u2026]","og_url":"https:\/\/ceric.ca\/fr\/laura-dokis\/","og_site_name":"CERIC","og_image":[{"url":"http:\/\/ceric.ca\/wp-content\/uploads\/2016\/09\/Laura.png","type":"","width":"","height":""}],"twitter_card":"summary_large_image","twitter_misc":{"Dur\u00e9e de lecture estim\u00e9e":"1 minute"},"schema":{"@context":"https:\/\/schema.org","@graph":[{"@type":"WebPage","@id":"https:\/\/ceric.ca\/fr\/laura-dokis\/","url":"https:\/\/ceric.ca\/fr\/laura-dokis\/","name":"Laura Dokis - CERIC","isPartOf":{"@id":"https:\/\/ceric.ca\/#website"},"primaryImageOfPage":{"@id":"https:\/\/ceric.ca\/fr\/laura-dokis\/#primaryimage"},"image":{"@id":"https:\/\/ceric.ca\/fr\/laura-dokis\/#primaryimage"},"thumbnailUrl":"http:\/\/ceric.ca\/wp-content\/uploads\/2016\/09\/Laura.png","datePublished":"2016-09-12T13:43:46+00:00","breadcrumb":{"@id":"https:\/\/ceric.ca\/fr\/laura-dokis\/#breadcrumb"},"inLanguage":"fr-FR","potentialAction":[{"@type":"ReadAction","target":["https:\/\/ceric.ca\/fr\/laura-dokis\/"]}]},{"@type":"ImageObject","inLanguage":"fr-FR","@id":"https:\/\/ceric.ca\/fr\/laura-dokis\/#primaryimage","url":"http:\/\/ceric.ca\/wp-content\/uploads\/2016\/09\/Laura.png","contentUrl":"http:\/\/ceric.ca\/wp-content\/uploads\/2016\/09\/Laura.png"},{"@type":"BreadcrumbList","@id":"https:\/\/ceric.ca\/fr\/laura-dokis\/#breadcrumb","itemListElement":[{"@type":"ListItem","position":1,"name":"Home","item":"https:\/\/ceric.ca\/fr\/ceric-homepage-2025\/"},{"@type":"ListItem","position":2,"name":"Laura Dokis"}]},{"@type":"WebSite","@id":"https:\/\/ceric.ca\/#website","url":"https:\/\/ceric.ca\/","name":"CERIC","description":"","publisher":{"@id":"https:\/\/ceric.ca\/#organization"},"potentialAction":[{"@type":"SearchAction","target":{"@type":"EntryPoint","urlTemplate":"https:\/\/ceric.ca\/?s={search_term_string}"},"query-input":{"@type":"PropertyValueSpecification","valueRequired":true,"valueName":"search_term_string"}}],"inLanguage":"fr-FR"},{"@type":"Organization","@id":"https:\/\/ceric.ca\/#organization","name":"CERIC","url":"https:\/\/ceric.ca\/","logo":{"@type":"ImageObject","inLanguage":"fr-FR","@id":"https:\/\/ceric.ca\/#\/schema\/logo\/image\/","url":"","contentUrl":"","caption":"CERIC"},"image":{"@id":"https:\/\/ceric.ca\/#\/schema\/logo\/image\/"}}]}},"_links":{"self":[{"href":"https:\/\/ceric.ca\/fr\/wp-json\/wp\/v2\/pages\/18519","targetHints":{"allow":["GET"]}}],"collection":[{"href":"https:\/\/ceric.ca\/fr\/wp-json\/wp\/v2\/pages"}],"about":[{"href":"https:\/\/ceric.ca\/fr\/wp-json\/wp\/v2\/types\/page"}],"author":[{"embeddable":true,"href":"https:\/\/ceric.ca\/fr\/wp-json\/wp\/v2\/users\/30"}],"replies":[{"embeddable":true,"href":"https:\/\/ceric.ca\/fr\/wp-json\/wp\/v2\/comments?post=18519"}],"version-history":[{"count":0,"href":"https:\/\/ceric.ca\/fr\/wp-json\/wp\/v2\/pages\/18519\/revisions"}],"wp:attachment":[{"href":"https:\/\/ceric.ca\/fr\/wp-json\/wp\/v2\/media?parent=18519"}],"curies":[{"name":"wp","href":"https:\/\/api.w.org\/{rel}","templated":true}]}}