{"id":18521,"date":"2016-09-12T09:45:33","date_gmt":"2016-09-12T13:45:33","guid":{"rendered":"http:\/\/ceric.ca\/fr\/?page_id=18521"},"modified":"2016-09-12T09:45:55","modified_gmt":"2016-09-12T13:45:55","slug":"frances-humphreys","status":"publish","type":"page","link":"https:\/\/ceric.ca\/fr\/frances-humphreys\/","title":{"rendered":"Frances Humphreys"},"content":{"rendered":"<p><img decoding=\"async\" class=\"alignleft size-full wp-image-18452\" src=\"http:\/\/ceric.ca\/wp-content\/uploads\/2016\/09\/Frances.png\" alt=\"Frances\" width=\"128\" height=\"140\" srcset=\"https:\/\/ceric.ca\/wp-content\/uploads\/2016\/09\/Frances.png 128w, https:\/\/ceric.ca\/wp-content\/uploads\/2016\/09\/Frances-98x107.png 98w\" sizes=\"(max-width:767px) 128px, 128px\" \/>Frances\u00a0Humphreys est directrice, D\u00e9veloppement de carri\u00e8re \u00e0 l&rsquo;Universit\u00e9 Wilfrid-Laurier, o\u00f9 elle assume la responsabilit\u00e9 op\u00e9rationnelle des services d&rsquo;orientation professionnelle et des relations avec l&#8217;employeur pour les programmes d&rsquo;\u00e9tudes sup\u00e9rieures de la Lazaridis School of Business &amp; Economics. Elle g\u00e8re aussi l&rsquo;unit\u00e9 des services de consultation de carri\u00e8re au Centre de carri\u00e8res central. M<sup>me<\/sup> Humphreys facilite les partenariats de la facult\u00e9 et l\u2019int\u00e9gration de programmes et de services de d\u00e9veloppement de carri\u00e8re complets sur le campus, \u00e0 l\u2019intention des \u00e9tudiants actuels et des anciens \u00e9tudiants.<\/p>\n<p>Depuis\u00a02005, M<sup>me<\/sup> Humphreys a contribu\u00e9 au domaine du d\u00e9veloppement de carri\u00e8re \u00e0 titre de membre active de\u00a0MBA Career Services and Employer Alliance (MBACSEA) et de l&rsquo;Association canadienne des sp\u00e9cialistes en emploi et des employeurs (ACSEE). Elle a acquis une solide r\u00e9putation en mati\u00e8re de mise \u00e0 profit des r\u00e9seaux et d\u2019\u00e9tablissement de relations strat\u00e9giques, et a appuy\u00e9 les initiatives de marketing, de communications et de recherche de ces organisations. Avant de se joindre \u00e0 l\u2019\u00e9quipe de d\u00e9veloppement de carri\u00e8re, M<sup>me<\/sup> Humphreys avait travaill\u00e9 au Laurier Institute, la branche de gestion et de perfectionnement des cadres de la School of Business &amp; Economics.<\/p>\n","protected":false},"excerpt":{"rendered":"<p>Frances\u00a0Humphreys est directrice, D\u00e9veloppement de carri\u00e8re \u00e0 l&rsquo;Universit\u00e9 Wilfrid-Laurier, o\u00f9 elle assume la responsabilit\u00e9 op\u00e9rationnelle des services d&rsquo;orientation professionnelle et des relations avec l&#8217;employeur pour les<span class=\"excerpt-hellip\"> [\u2026]<\/span><\/p>\n","protected":false},"author":30,"featured_media":0,"parent":0,"menu_order":0,"comment_status":"closed","ping_status":"closed","template":"","meta":{"h5ap_radio_sources":[],"footnotes":""},"class_list":["post-18521","page","type-page","status-publish","hentry"],"yoast_head":"<!-- This site is optimized with the Yoast SEO Premium plugin v27.3 (Yoast SEO v27.3) - https:\/\/yoast.com\/product\/yoast-seo-premium-wordpress\/ -->\n<title>Frances Humphreys - CERIC<\/title>\n<meta name=\"robots\" content=\"index, follow, max-snippet:-1, max-image-preview:large, max-video-preview:-1\" \/>\n<link rel=\"canonical\" href=\"https:\/\/ceric.ca\/fr\/frances-humphreys\/\" \/>\n<meta property=\"og:locale\" content=\"fr_FR\" \/>\n<meta property=\"og:type\" content=\"article\" \/>\n<meta property=\"og:title\" content=\"Frances Humphreys\" \/>\n<meta property=\"og:description\" content=\"Frances\u00a0Humphreys est directrice, D\u00e9veloppement de carri\u00e8re \u00e0 l&rsquo;Universit\u00e9 Wilfrid-Laurier, o\u00f9 elle assume la responsabilit\u00e9 op\u00e9rationnelle des services d&rsquo;orientation professionnelle et des relations avec l&#8217;employeur pour les [\u2026]\" \/>\n<meta property=\"og:url\" content=\"https:\/\/ceric.ca\/fr\/frances-humphreys\/\" \/>\n<meta property=\"og:site_name\" content=\"CERIC\" \/>\n<meta property=\"article:modified_time\" content=\"2016-09-12T13:45:55+00:00\" \/>\n<meta property=\"og:image\" content=\"http:\/\/ceric.ca\/wp-content\/uploads\/2016\/09\/Frances.png\" \/>\n<meta name=\"twitter:card\" content=\"summary_large_image\" \/>\n<meta name=\"twitter:label1\" content=\"Dur\u00e9e de lecture estim\u00e9e\" \/>\n\t<meta name=\"twitter:data1\" content=\"1 minute\" \/>\n<script type=\"application\/ld+json\" class=\"yoast-schema-graph\">{\"@context\":\"https:\\\/\\\/schema.org\",\"@graph\":[{\"@type\":\"WebPage\",\"@id\":\"https:\\\/\\\/ceric.ca\\\/fr\\\/frances-humphreys\\\/\",\"url\":\"https:\\\/\\\/ceric.ca\\\/fr\\\/frances-humphreys\\\/\",\"name\":\"Frances Humphreys - CERIC\",\"isPartOf\":{\"@id\":\"https:\\\/\\\/ceric.ca\\\/#website\"},\"primaryImageOfPage\":{\"@id\":\"https:\\\/\\\/ceric.ca\\\/fr\\\/frances-humphreys\\\/#primaryimage\"},\"image\":{\"@id\":\"https:\\\/\\\/ceric.ca\\\/fr\\\/frances-humphreys\\\/#primaryimage\"},\"thumbnailUrl\":\"http:\\\/\\\/ceric.ca\\\/wp-content\\\/uploads\\\/2016\\\/09\\\/Frances.png\",\"datePublished\":\"2016-09-12T13:45:33+00:00\",\"dateModified\":\"2016-09-12T13:45:55+00:00\",\"breadcrumb\":{\"@id\":\"https:\\\/\\\/ceric.ca\\\/fr\\\/frances-humphreys\\\/#breadcrumb\"},\"inLanguage\":\"fr-FR\",\"potentialAction\":[{\"@type\":\"ReadAction\",\"target\":[\"https:\\\/\\\/ceric.ca\\\/fr\\\/frances-humphreys\\\/\"]}]},{\"@type\":\"ImageObject\",\"inLanguage\":\"fr-FR\",\"@id\":\"https:\\\/\\\/ceric.ca\\\/fr\\\/frances-humphreys\\\/#primaryimage\",\"url\":\"http:\\\/\\\/ceric.ca\\\/wp-content\\\/uploads\\\/2016\\\/09\\\/Frances.png\",\"contentUrl\":\"http:\\\/\\\/ceric.ca\\\/wp-content\\\/uploads\\\/2016\\\/09\\\/Frances.png\"},{\"@type\":\"BreadcrumbList\",\"@id\":\"https:\\\/\\\/ceric.ca\\\/fr\\\/frances-humphreys\\\/#breadcrumb\",\"itemListElement\":[{\"@type\":\"ListItem\",\"position\":1,\"name\":\"Home\",\"item\":\"https:\\\/\\\/ceric.ca\\\/fr\\\/ceric-homepage-2025\\\/\"},{\"@type\":\"ListItem\",\"position\":2,\"name\":\"Frances Humphreys\"}]},{\"@type\":\"WebSite\",\"@id\":\"https:\\\/\\\/ceric.ca\\\/#website\",\"url\":\"https:\\\/\\\/ceric.ca\\\/\",\"name\":\"CERIC\",\"description\":\"\",\"publisher\":{\"@id\":\"https:\\\/\\\/ceric.ca\\\/#organization\"},\"potentialAction\":[{\"@type\":\"SearchAction\",\"target\":{\"@type\":\"EntryPoint\",\"urlTemplate\":\"https:\\\/\\\/ceric.ca\\\/?s={search_term_string}\"},\"query-input\":{\"@type\":\"PropertyValueSpecification\",\"valueRequired\":true,\"valueName\":\"search_term_string\"}}],\"inLanguage\":\"fr-FR\"},{\"@type\":\"Organization\",\"@id\":\"https:\\\/\\\/ceric.ca\\\/#organization\",\"name\":\"CERIC\",\"url\":\"https:\\\/\\\/ceric.ca\\\/\",\"logo\":{\"@type\":\"ImageObject\",\"inLanguage\":\"fr-FR\",\"@id\":\"https:\\\/\\\/ceric.ca\\\/#\\\/schema\\\/logo\\\/image\\\/\",\"url\":\"\",\"contentUrl\":\"\",\"caption\":\"CERIC\"},\"image\":{\"@id\":\"https:\\\/\\\/ceric.ca\\\/#\\\/schema\\\/logo\\\/image\\\/\"}}]}<\/script>\n<!-- \/ Yoast SEO Premium plugin. -->","yoast_head_json":{"title":"Frances Humphreys - CERIC","robots":{"index":"index","follow":"follow","max-snippet":"max-snippet:-1","max-image-preview":"max-image-preview:large","max-video-preview":"max-video-preview:-1"},"canonical":"https:\/\/ceric.ca\/fr\/frances-humphreys\/","og_locale":"fr_FR","og_type":"article","og_title":"Frances Humphreys","og_description":"Frances\u00a0Humphreys est directrice, D\u00e9veloppement de carri\u00e8re \u00e0 l&rsquo;Universit\u00e9 Wilfrid-Laurier, o\u00f9 elle assume la responsabilit\u00e9 op\u00e9rationnelle des services d&rsquo;orientation professionnelle et des relations avec l&#8217;employeur pour les [\u2026]","og_url":"https:\/\/ceric.ca\/fr\/frances-humphreys\/","og_site_name":"CERIC","article_modified_time":"2016-09-12T13:45:55+00:00","og_image":[{"url":"http:\/\/ceric.ca\/wp-content\/uploads\/2016\/09\/Frances.png","type":"","width":"","height":""}],"twitter_card":"summary_large_image","twitter_misc":{"Dur\u00e9e de lecture estim\u00e9e":"1 minute"},"schema":{"@context":"https:\/\/schema.org","@graph":[{"@type":"WebPage","@id":"https:\/\/ceric.ca\/fr\/frances-humphreys\/","url":"https:\/\/ceric.ca\/fr\/frances-humphreys\/","name":"Frances Humphreys - CERIC","isPartOf":{"@id":"https:\/\/ceric.ca\/#website"},"primaryImageOfPage":{"@id":"https:\/\/ceric.ca\/fr\/frances-humphreys\/#primaryimage"},"image":{"@id":"https:\/\/ceric.ca\/fr\/frances-humphreys\/#primaryimage"},"thumbnailUrl":"http:\/\/ceric.ca\/wp-content\/uploads\/2016\/09\/Frances.png","datePublished":"2016-09-12T13:45:33+00:00","dateModified":"2016-09-12T13:45:55+00:00","breadcrumb":{"@id":"https:\/\/ceric.ca\/fr\/frances-humphreys\/#breadcrumb"},"inLanguage":"fr-FR","potentialAction":[{"@type":"ReadAction","target":["https:\/\/ceric.ca\/fr\/frances-humphreys\/"]}]},{"@type":"ImageObject","inLanguage":"fr-FR","@id":"https:\/\/ceric.ca\/fr\/frances-humphreys\/#primaryimage","url":"http:\/\/ceric.ca\/wp-content\/uploads\/2016\/09\/Frances.png","contentUrl":"http:\/\/ceric.ca\/wp-content\/uploads\/2016\/09\/Frances.png"},{"@type":"BreadcrumbList","@id":"https:\/\/ceric.ca\/fr\/frances-humphreys\/#breadcrumb","itemListElement":[{"@type":"ListItem","position":1,"name":"Home","item":"https:\/\/ceric.ca\/fr\/ceric-homepage-2025\/"},{"@type":"ListItem","position":2,"name":"Frances Humphreys"}]},{"@type":"WebSite","@id":"https:\/\/ceric.ca\/#website","url":"https:\/\/ceric.ca\/","name":"CERIC","description":"","publisher":{"@id":"https:\/\/ceric.ca\/#organization"},"potentialAction":[{"@type":"SearchAction","target":{"@type":"EntryPoint","urlTemplate":"https:\/\/ceric.ca\/?s={search_term_string}"},"query-input":{"@type":"PropertyValueSpecification","valueRequired":true,"valueName":"search_term_string"}}],"inLanguage":"fr-FR"},{"@type":"Organization","@id":"https:\/\/ceric.ca\/#organization","name":"CERIC","url":"https:\/\/ceric.ca\/","logo":{"@type":"ImageObject","inLanguage":"fr-FR","@id":"https:\/\/ceric.ca\/#\/schema\/logo\/image\/","url":"","contentUrl":"","caption":"CERIC"},"image":{"@id":"https:\/\/ceric.ca\/#\/schema\/logo\/image\/"}}]}},"_links":{"self":[{"href":"https:\/\/ceric.ca\/fr\/wp-json\/wp\/v2\/pages\/18521","targetHints":{"allow":["GET"]}}],"collection":[{"href":"https:\/\/ceric.ca\/fr\/wp-json\/wp\/v2\/pages"}],"about":[{"href":"https:\/\/ceric.ca\/fr\/wp-json\/wp\/v2\/types\/page"}],"author":[{"embeddable":true,"href":"https:\/\/ceric.ca\/fr\/wp-json\/wp\/v2\/users\/30"}],"replies":[{"embeddable":true,"href":"https:\/\/ceric.ca\/fr\/wp-json\/wp\/v2\/comments?post=18521"}],"version-history":[{"count":0,"href":"https:\/\/ceric.ca\/fr\/wp-json\/wp\/v2\/pages\/18521\/revisions"}],"wp:attachment":[{"href":"https:\/\/ceric.ca\/fr\/wp-json\/wp\/v2\/media?parent=18521"}],"curies":[{"name":"wp","href":"https:\/\/api.w.org\/{rel}","templated":true}]}}