{"id":19135,"date":"2016-12-02T11:45:46","date_gmt":"2016-12-02T16:45:46","guid":{"rendered":"http:\/\/ceric.ca\/fr\/?page_id=19135"},"modified":"2017-06-30T12:51:24","modified_gmt":"2017-06-30T16:51:24","slug":"carrie-badame","status":"publish","type":"page","link":"https:\/\/ceric.ca\/fr\/carrie-badame\/","title":{"rendered":"Carrie Badame"},"content":{"rendered":"<p><img decoding=\"async\" class=\"alignleft  wp-image-19121\" src=\"http:\/\/ceric.ca\/wp-content\/uploads\/2016\/09\/CarrieBadame_headshotfinal.jpeg\" alt=\"carriebadame_headshotfinal\" width=\"132\" height=\"136\" \/>Carrie Badame offre des solutions en transition et d\u00e9veloppement de carri\u00e8re aux entreprises et \u00e0 titre individuel. Elle se passionne pour l\u2019accompagnement de haut niveau et l\u2019animation de groupe. Son exp\u00e9rience de plus de 18\u00a0ans en marketing et gestion de la marque lui permet d\u2019offrir un point de vue unique sur la strat\u00e9gie de marque personnelle, la promotion sur les m\u00e9dias sociaux, et la r\u00e9alit\u00e9 d\u2019un milieu de travail en constante \u00e9volution. Carrie exploite l\u2019entreprise Niche Career Solutions (<a href=\"http:\/\/findyourniche.ca\/\" target=\"_blank\" rel=\"noopener noreferrer\">findyourniche.ca<\/a>), qui offre des services d\u2019accompagnement, des webinaires et des ateliers relatifs \u00e0 la strat\u00e9gie de carri\u00e8re, ainsi que des ressources de recherche d\u2019emploi modernes.<\/p>\n","protected":false},"excerpt":{"rendered":"<p>Carrie Badame offre des solutions en transition et d\u00e9veloppement de carri\u00e8re aux entreprises et \u00e0 titre individuel. Elle se passionne pour l\u2019accompagnement de haut niveau et<span class=\"excerpt-hellip\"> [\u2026]<\/span><\/p>\n","protected":false},"author":30,"featured_media":0,"parent":0,"menu_order":0,"comment_status":"closed","ping_status":"closed","template":"","meta":{"h5ap_radio_sources":[],"footnotes":""},"class_list":["post-19135","page","type-page","status-publish","hentry"],"yoast_head":"<!-- This site is optimized with the Yoast SEO Premium plugin v27.3 (Yoast SEO v27.3) - https:\/\/yoast.com\/product\/yoast-seo-premium-wordpress\/ -->\n<title>Carrie Badame - CERIC<\/title>\n<meta name=\"robots\" content=\"index, follow, max-snippet:-1, max-image-preview:large, max-video-preview:-1\" \/>\n<link rel=\"canonical\" href=\"https:\/\/ceric.ca\/fr\/carrie-badame\/\" \/>\n<meta property=\"og:locale\" content=\"fr_FR\" \/>\n<meta property=\"og:type\" content=\"article\" \/>\n<meta property=\"og:title\" content=\"Carrie Badame\" \/>\n<meta property=\"og:description\" content=\"Carrie Badame offre des solutions en transition et d\u00e9veloppement de carri\u00e8re aux entreprises et \u00e0 titre individuel. Elle se passionne pour l\u2019accompagnement de haut niveau et [\u2026]\" \/>\n<meta property=\"og:url\" content=\"https:\/\/ceric.ca\/fr\/carrie-badame\/\" \/>\n<meta property=\"og:site_name\" content=\"CERIC\" \/>\n<meta property=\"article:modified_time\" content=\"2017-06-30T16:51:24+00:00\" \/>\n<meta property=\"og:image\" content=\"http:\/\/ceric.ca\/wp-content\/uploads\/2016\/09\/CarrieBadame_headshotfinal.jpeg\" \/>\n<meta name=\"twitter:card\" content=\"summary_large_image\" \/>\n<meta name=\"twitter:label1\" content=\"Dur\u00e9e de lecture estim\u00e9e\" \/>\n\t<meta name=\"twitter:data1\" content=\"1 minute\" \/>\n<script type=\"application\/ld+json\" class=\"yoast-schema-graph\">{\"@context\":\"https:\\\/\\\/schema.org\",\"@graph\":[{\"@type\":\"WebPage\",\"@id\":\"https:\\\/\\\/ceric.ca\\\/fr\\\/carrie-badame\\\/\",\"url\":\"https:\\\/\\\/ceric.ca\\\/fr\\\/carrie-badame\\\/\",\"name\":\"Carrie Badame - CERIC\",\"isPartOf\":{\"@id\":\"https:\\\/\\\/ceric.ca\\\/#website\"},\"primaryImageOfPage\":{\"@id\":\"https:\\\/\\\/ceric.ca\\\/fr\\\/carrie-badame\\\/#primaryimage\"},\"image\":{\"@id\":\"https:\\\/\\\/ceric.ca\\\/fr\\\/carrie-badame\\\/#primaryimage\"},\"thumbnailUrl\":\"http:\\\/\\\/ceric.ca\\\/wp-content\\\/uploads\\\/2016\\\/09\\\/CarrieBadame_headshotfinal.jpeg\",\"datePublished\":\"2016-12-02T16:45:46+00:00\",\"dateModified\":\"2017-06-30T16:51:24+00:00\",\"breadcrumb\":{\"@id\":\"https:\\\/\\\/ceric.ca\\\/fr\\\/carrie-badame\\\/#breadcrumb\"},\"inLanguage\":\"fr-FR\",\"potentialAction\":[{\"@type\":\"ReadAction\",\"target\":[\"https:\\\/\\\/ceric.ca\\\/fr\\\/carrie-badame\\\/\"]}]},{\"@type\":\"ImageObject\",\"inLanguage\":\"fr-FR\",\"@id\":\"https:\\\/\\\/ceric.ca\\\/fr\\\/carrie-badame\\\/#primaryimage\",\"url\":\"http:\\\/\\\/ceric.ca\\\/wp-content\\\/uploads\\\/2016\\\/09\\\/CarrieBadame_headshotfinal.jpeg\",\"contentUrl\":\"http:\\\/\\\/ceric.ca\\\/wp-content\\\/uploads\\\/2016\\\/09\\\/CarrieBadame_headshotfinal.jpeg\"},{\"@type\":\"BreadcrumbList\",\"@id\":\"https:\\\/\\\/ceric.ca\\\/fr\\\/carrie-badame\\\/#breadcrumb\",\"itemListElement\":[{\"@type\":\"ListItem\",\"position\":1,\"name\":\"Home\",\"item\":\"https:\\\/\\\/ceric.ca\\\/fr\\\/ceric-homepage-2025\\\/\"},{\"@type\":\"ListItem\",\"position\":2,\"name\":\"Carrie Badame\"}]},{\"@type\":\"WebSite\",\"@id\":\"https:\\\/\\\/ceric.ca\\\/#website\",\"url\":\"https:\\\/\\\/ceric.ca\\\/\",\"name\":\"CERIC\",\"description\":\"\",\"publisher\":{\"@id\":\"https:\\\/\\\/ceric.ca\\\/#organization\"},\"potentialAction\":[{\"@type\":\"SearchAction\",\"target\":{\"@type\":\"EntryPoint\",\"urlTemplate\":\"https:\\\/\\\/ceric.ca\\\/?s={search_term_string}\"},\"query-input\":{\"@type\":\"PropertyValueSpecification\",\"valueRequired\":true,\"valueName\":\"search_term_string\"}}],\"inLanguage\":\"fr-FR\"},{\"@type\":\"Organization\",\"@id\":\"https:\\\/\\\/ceric.ca\\\/#organization\",\"name\":\"CERIC\",\"url\":\"https:\\\/\\\/ceric.ca\\\/\",\"logo\":{\"@type\":\"ImageObject\",\"inLanguage\":\"fr-FR\",\"@id\":\"https:\\\/\\\/ceric.ca\\\/#\\\/schema\\\/logo\\\/image\\\/\",\"url\":\"\",\"contentUrl\":\"\",\"caption\":\"CERIC\"},\"image\":{\"@id\":\"https:\\\/\\\/ceric.ca\\\/#\\\/schema\\\/logo\\\/image\\\/\"}}]}<\/script>\n<!-- \/ Yoast SEO Premium plugin. -->","yoast_head_json":{"title":"Carrie Badame - CERIC","robots":{"index":"index","follow":"follow","max-snippet":"max-snippet:-1","max-image-preview":"max-image-preview:large","max-video-preview":"max-video-preview:-1"},"canonical":"https:\/\/ceric.ca\/fr\/carrie-badame\/","og_locale":"fr_FR","og_type":"article","og_title":"Carrie Badame","og_description":"Carrie Badame offre des solutions en transition et d\u00e9veloppement de carri\u00e8re aux entreprises et \u00e0 titre individuel. Elle se passionne pour l\u2019accompagnement de haut niveau et [\u2026]","og_url":"https:\/\/ceric.ca\/fr\/carrie-badame\/","og_site_name":"CERIC","article_modified_time":"2017-06-30T16:51:24+00:00","og_image":[{"url":"http:\/\/ceric.ca\/wp-content\/uploads\/2016\/09\/CarrieBadame_headshotfinal.jpeg","type":"","width":"","height":""}],"twitter_card":"summary_large_image","twitter_misc":{"Dur\u00e9e de lecture estim\u00e9e":"1 minute"},"schema":{"@context":"https:\/\/schema.org","@graph":[{"@type":"WebPage","@id":"https:\/\/ceric.ca\/fr\/carrie-badame\/","url":"https:\/\/ceric.ca\/fr\/carrie-badame\/","name":"Carrie Badame - CERIC","isPartOf":{"@id":"https:\/\/ceric.ca\/#website"},"primaryImageOfPage":{"@id":"https:\/\/ceric.ca\/fr\/carrie-badame\/#primaryimage"},"image":{"@id":"https:\/\/ceric.ca\/fr\/carrie-badame\/#primaryimage"},"thumbnailUrl":"http:\/\/ceric.ca\/wp-content\/uploads\/2016\/09\/CarrieBadame_headshotfinal.jpeg","datePublished":"2016-12-02T16:45:46+00:00","dateModified":"2017-06-30T16:51:24+00:00","breadcrumb":{"@id":"https:\/\/ceric.ca\/fr\/carrie-badame\/#breadcrumb"},"inLanguage":"fr-FR","potentialAction":[{"@type":"ReadAction","target":["https:\/\/ceric.ca\/fr\/carrie-badame\/"]}]},{"@type":"ImageObject","inLanguage":"fr-FR","@id":"https:\/\/ceric.ca\/fr\/carrie-badame\/#primaryimage","url":"http:\/\/ceric.ca\/wp-content\/uploads\/2016\/09\/CarrieBadame_headshotfinal.jpeg","contentUrl":"http:\/\/ceric.ca\/wp-content\/uploads\/2016\/09\/CarrieBadame_headshotfinal.jpeg"},{"@type":"BreadcrumbList","@id":"https:\/\/ceric.ca\/fr\/carrie-badame\/#breadcrumb","itemListElement":[{"@type":"ListItem","position":1,"name":"Home","item":"https:\/\/ceric.ca\/fr\/ceric-homepage-2025\/"},{"@type":"ListItem","position":2,"name":"Carrie Badame"}]},{"@type":"WebSite","@id":"https:\/\/ceric.ca\/#website","url":"https:\/\/ceric.ca\/","name":"CERIC","description":"","publisher":{"@id":"https:\/\/ceric.ca\/#organization"},"potentialAction":[{"@type":"SearchAction","target":{"@type":"EntryPoint","urlTemplate":"https:\/\/ceric.ca\/?s={search_term_string}"},"query-input":{"@type":"PropertyValueSpecification","valueRequired":true,"valueName":"search_term_string"}}],"inLanguage":"fr-FR"},{"@type":"Organization","@id":"https:\/\/ceric.ca\/#organization","name":"CERIC","url":"https:\/\/ceric.ca\/","logo":{"@type":"ImageObject","inLanguage":"fr-FR","@id":"https:\/\/ceric.ca\/#\/schema\/logo\/image\/","url":"","contentUrl":"","caption":"CERIC"},"image":{"@id":"https:\/\/ceric.ca\/#\/schema\/logo\/image\/"}}]}},"_links":{"self":[{"href":"https:\/\/ceric.ca\/fr\/wp-json\/wp\/v2\/pages\/19135","targetHints":{"allow":["GET"]}}],"collection":[{"href":"https:\/\/ceric.ca\/fr\/wp-json\/wp\/v2\/pages"}],"about":[{"href":"https:\/\/ceric.ca\/fr\/wp-json\/wp\/v2\/types\/page"}],"author":[{"embeddable":true,"href":"https:\/\/ceric.ca\/fr\/wp-json\/wp\/v2\/users\/30"}],"replies":[{"embeddable":true,"href":"https:\/\/ceric.ca\/fr\/wp-json\/wp\/v2\/comments?post=19135"}],"version-history":[{"count":0,"href":"https:\/\/ceric.ca\/fr\/wp-json\/wp\/v2\/pages\/19135\/revisions"}],"wp:attachment":[{"href":"https:\/\/ceric.ca\/fr\/wp-json\/wp\/v2\/media?parent=19135"}],"curies":[{"name":"wp","href":"https:\/\/api.w.org\/{rel}","templated":true}]}}