{"id":19172,"date":"2016-12-05T16:21:31","date_gmt":"2016-12-05T21:21:31","guid":{"rendered":"http:\/\/ceric.ca\/fr\/?page_id=19172"},"modified":"2021-05-03T15:08:04","modified_gmt":"2021-05-03T19:08:04","slug":"sondage-2015-des-specialistes-de-lorientation-professionnelle-ventilation-par-region","status":"publish","type":"page","link":"https:\/\/ceric.ca\/fr\/sondages\/sondage-2015-des-specialistes-de-lorientation-professionnelle-ventilation-par-region\/","title":{"rendered":"Sondage 2015 des sp\u00e9cialistes de l\u2019orientation professionnelle, ventilation par r\u00e9gion"},"content":{"rendered":"<div class=\"wpb-content-wrapper\"><p>[vc_row][vc_column][vc_column_text]Le CERIC met \u00e0 votre disposition la ventilation par r\u00e9gion de son Sondage\u00a02015 des sp\u00e9cialistes de l\u2019orientation professionnelle :<\/p>\n<ul>\n<li><a href=\"#atlantique\">R\u00e9gion Atlantique<\/a><\/li>\n<li><a href=\"#qu\u00e9bec\">Qu\u00e9bec<\/a><\/li>\n<li><a href=\"#ontario\">Ontario<\/a><\/li>\n<li><a href=\"#prairies\">R\u00e9gion des Prairies<\/a><\/li>\n<li><a href=\"#bc\">Colombie-Britannique<\/a><\/li>\n<\/ul>\n<p>[\/vc_column_text][vc_empty_space height=\u00a0\u00bb25px\u00a0\u00bb][vc_column_text]<a id=\"atlantique\"><\/a><iframe style=\"border: 1px solid #CCC; border-width: 1px; margin-bottom: 5px; max-width: 100%;\" src=\"\/\/www.slideshare.net\/slideshow\/embed_code\/key\/L68ABTFtwRS6wB\" width=\"595\" height=\"485\" frameborder=\"0\" marginwidth=\"0\" marginheight=\"0\" scrolling=\"no\" allowfullscreen=\"allowfullscreen\"> <\/iframe>[\/vc_column_text][vc_column_text]<img decoding=\"async\" style=\"background: url('https:\/\/ceric.ca\/wp-content\/plugins\/wp-file-download\/app\/admin\/assets\/images\/file_download.png') no-repeat scroll center center #D6D6D6; border: 2px dashed #888888; height: 100px; border-radius: 10px; width: 99%;\" src=\"https:\/\/ceric.ca\/wp-content\/plugins\/wp-file-download\/app\/admin\/assets\/images\/t.gif\" data-file=\"45987\" data-wpfdfile=\"45987\" data-category=\"957\" \/>[\/vc_column_text][vc_empty_space height=\u00a0\u00bb25px\u00a0\u00bb][vc_column_text]<a id=\"qu\u00e9bec\"><\/a><iframe style=\"border: 1px solid #CCC; border-width: 1px; margin-bottom: 5px; max-width: 100%;\" src=\"\/\/www.slideshare.net\/slideshow\/embed_code\/key\/I31uZEFlAu3nr\" width=\"595\" height=\"485\" frameborder=\"0\" marginwidth=\"0\" marginheight=\"0\" scrolling=\"no\" allowfullscreen=\"allowfullscreen\"> <\/iframe>[\/vc_column_text][vc_column_text]<img decoding=\"async\" style=\"background: url('https:\/\/ceric.ca\/wp-content\/plugins\/wp-file-download\/app\/admin\/assets\/images\/file_download.png') no-repeat scroll center center #D6D6D6; border: 2px dashed #888888; height: 100px; border-radius: 10px; width: 99%;\" src=\"https:\/\/ceric.ca\/wp-content\/plugins\/wp-file-download\/app\/admin\/assets\/images\/t.gif\" data-file=\"45986\" data-wpfdfile=\"45986\" data-category=\"957\" \/>[\/vc_column_text][vc_empty_space height=\u00a0\u00bb25px\u00a0\u00bb][vc_column_text]<a id=\"ontario\"><\/a><iframe style=\"border: 1px solid #CCC; border-width: 1px; margin-bottom: 5px; max-width: 100%;\" src=\"\/\/www.slideshare.net\/slideshow\/embed_code\/key\/xeBq3dSTmsFpY2\" width=\"595\" height=\"485\" frameborder=\"0\" marginwidth=\"0\" marginheight=\"0\" scrolling=\"no\" allowfullscreen=\"allowfullscreen\"> <\/iframe>[\/vc_column_text][vc_column_text]<img decoding=\"async\" style=\"background: url('https:\/\/ceric.ca\/wp-content\/plugins\/wp-file-download\/app\/admin\/assets\/images\/file_download.png') no-repeat scroll center center #D6D6D6; border: 2px dashed #888888; height: 100px; border-radius: 10px; width: 99%;\" src=\"https:\/\/ceric.ca\/wp-content\/plugins\/wp-file-download\/app\/admin\/assets\/images\/t.gif\" data-file=\"45983\" data-wpfdfile=\"45983\" data-category=\"957\" \/>[\/vc_column_text][vc_empty_space height=\u00a0\u00bb25px\u00a0\u00bb][vc_column_text]<a id=\"prairies\"><\/a><iframe style=\"border: 1px solid #CCC; border-width: 1px; margin-bottom: 5px; max-width: 100%;\" src=\"\/\/www.slideshare.net\/slideshow\/embed_code\/key\/zUkSlIuOUvFchk\" width=\"595\" height=\"485\" frameborder=\"0\" marginwidth=\"0\" marginheight=\"0\" scrolling=\"no\" allowfullscreen=\"allowfullscreen\"> <\/iframe>[\/vc_column_text][vc_column_text]<img decoding=\"async\" style=\"background: url('https:\/\/ceric.ca\/wp-content\/plugins\/wp-file-download\/app\/admin\/assets\/images\/file_download.png') no-repeat scroll center center #D6D6D6; border: 2px dashed #888888; height: 100px; border-radius: 10px; width: 99%;\" src=\"https:\/\/ceric.ca\/wp-content\/plugins\/wp-file-download\/app\/admin\/assets\/images\/t.gif\" data-file=\"45988\" data-wpfdfile=\"45988\" data-category=\"957\" \/>[\/vc_column_text][vc_empty_space height=\u00a0\u00bb25px\u00a0\u00bb][vc_column_text]<a id=\"bc\"><\/a><iframe style=\"border: 1px solid #CCC; border-width: 1px; margin-bottom: 5px; max-width: 100%;\" src=\"\/\/www.slideshare.net\/slideshow\/embed_code\/key\/3Z4wes18OarJ8j\" width=\"595\" height=\"485\" frameborder=\"0\" marginwidth=\"0\" marginheight=\"0\" scrolling=\"no\" allowfullscreen=\"allowfullscreen\"> <\/iframe>[\/vc_column_text][vc_column_text]<img decoding=\"async\" style=\"background: url('https:\/\/ceric.ca\/wp-content\/plugins\/wp-file-download\/app\/admin\/assets\/images\/file_download.png') no-repeat scroll center center #D6D6D6; border: 2px dashed #888888; height: 100px; border-radius: 10px; width: 99%;\" src=\"https:\/\/ceric.ca\/wp-content\/plugins\/wp-file-download\/app\/admin\/assets\/images\/t.gif\" data-file=\"45982\" data-wpfdfile=\"45982\" data-category=\"957\" \/>[\/vc_column_text][\/vc_column][\/vc_row]<\/p>\n<\/div>","protected":false},"excerpt":{"rendered":"<p>[vc_row][vc_column][vc_column_text]Le CERIC met \u00e0 votre disposition la ventilation par r\u00e9gion de son Sondage\u00a02015 des sp\u00e9cialistes de l\u2019orientation professionnelle : R\u00e9gion Atlantique Qu\u00e9bec Ontario R\u00e9gion des Prairies<span class=\"excerpt-hellip\"> [\u2026]<\/span><\/p>\n","protected":false},"author":30,"featured_media":0,"parent":8182,"menu_order":0,"comment_status":"closed","ping_status":"closed","template":"","meta":{"h5ap_radio_sources":[],"footnotes":""},"class_list":["post-19172","page","type-page","status-publish","hentry"],"yoast_head":"<!-- This site is optimized with the Yoast SEO Premium plugin v27.3 (Yoast SEO v27.3) - https:\/\/yoast.com\/product\/yoast-seo-premium-wordpress\/ -->\n<title>Sondage 2015 des sp\u00e9cialistes de l\u2019orientation professionnelle, ventilation par r\u00e9gion - CERIC<\/title>\n<meta name=\"robots\" content=\"index, follow, max-snippet:-1, max-image-preview:large, max-video-preview:-1\" \/>\n<link rel=\"canonical\" href=\"https:\/\/ceric.ca\/fr\/sondages\/sondage-2015-des-specialistes-de-lorientation-professionnelle-ventilation-par-region\/\" \/>\n<meta property=\"og:locale\" content=\"fr_FR\" \/>\n<meta property=\"og:type\" content=\"article\" \/>\n<meta property=\"og:title\" content=\"Sondage 2015 des sp\u00e9cialistes de l\u2019orientation professionnelle, ventilation par r\u00e9gion\" \/>\n<meta property=\"og:description\" content=\"[vc_row][vc_column][vc_column_text]Le CERIC met \u00e0 votre disposition la ventilation par r\u00e9gion de son Sondage\u00a02015 des sp\u00e9cialistes de l\u2019orientation professionnelle : R\u00e9gion Atlantique Qu\u00e9bec Ontario R\u00e9gion des Prairies [\u2026]\" \/>\n<meta property=\"og:url\" content=\"https:\/\/ceric.ca\/fr\/sondages\/sondage-2015-des-specialistes-de-lorientation-professionnelle-ventilation-par-region\/\" \/>\n<meta property=\"og:site_name\" content=\"CERIC\" \/>\n<meta property=\"article:modified_time\" content=\"2021-05-03T19:08:04+00:00\" \/>\n<meta property=\"og:image\" content=\"https:\/\/ceric.ca\/wp-content\/plugins\/wp-file-download\/app\/admin\/assets\/images\/t.gif\" \/>\n<meta name=\"twitter:card\" content=\"summary_large_image\" \/>\n<meta name=\"twitter:label1\" content=\"Dur\u00e9e de lecture estim\u00e9e\" \/>\n\t<meta name=\"twitter:data1\" content=\"2 minutes\" \/>\n<script type=\"application\/ld+json\" class=\"yoast-schema-graph\">{\"@context\":\"https:\\\/\\\/schema.org\",\"@graph\":[{\"@type\":\"WebPage\",\"@id\":\"https:\\\/\\\/ceric.ca\\\/fr\\\/sondages\\\/sondage-2015-des-specialistes-de-lorientation-professionnelle-ventilation-par-region\\\/\",\"url\":\"https:\\\/\\\/ceric.ca\\\/fr\\\/sondages\\\/sondage-2015-des-specialistes-de-lorientation-professionnelle-ventilation-par-region\\\/\",\"name\":\"Sondage 2015 des sp\u00e9cialistes de l\u2019orientation professionnelle, ventilation par r\u00e9gion - CERIC\",\"isPartOf\":{\"@id\":\"https:\\\/\\\/ceric.ca\\\/#website\"},\"primaryImageOfPage\":{\"@id\":\"https:\\\/\\\/ceric.ca\\\/fr\\\/sondages\\\/sondage-2015-des-specialistes-de-lorientation-professionnelle-ventilation-par-region\\\/#primaryimage\"},\"image\":{\"@id\":\"https:\\\/\\\/ceric.ca\\\/fr\\\/sondages\\\/sondage-2015-des-specialistes-de-lorientation-professionnelle-ventilation-par-region\\\/#primaryimage\"},\"thumbnailUrl\":\"https:\\\/\\\/ceric.ca\\\/wp-content\\\/plugins\\\/wp-file-download\\\/app\\\/admin\\\/assets\\\/images\\\/t.gif\",\"datePublished\":\"2016-12-05T21:21:31+00:00\",\"dateModified\":\"2021-05-03T19:08:04+00:00\",\"breadcrumb\":{\"@id\":\"https:\\\/\\\/ceric.ca\\\/fr\\\/sondages\\\/sondage-2015-des-specialistes-de-lorientation-professionnelle-ventilation-par-region\\\/#breadcrumb\"},\"inLanguage\":\"fr-FR\",\"potentialAction\":[{\"@type\":\"ReadAction\",\"target\":[\"https:\\\/\\\/ceric.ca\\\/fr\\\/sondages\\\/sondage-2015-des-specialistes-de-lorientation-professionnelle-ventilation-par-region\\\/\"]}]},{\"@type\":\"ImageObject\",\"inLanguage\":\"fr-FR\",\"@id\":\"https:\\\/\\\/ceric.ca\\\/fr\\\/sondages\\\/sondage-2015-des-specialistes-de-lorientation-professionnelle-ventilation-par-region\\\/#primaryimage\",\"url\":\"https:\\\/\\\/ceric.ca\\\/wp-content\\\/plugins\\\/wp-file-download\\\/app\\\/admin\\\/assets\\\/images\\\/t.gif\",\"contentUrl\":\"https:\\\/\\\/ceric.ca\\\/wp-content\\\/plugins\\\/wp-file-download\\\/app\\\/admin\\\/assets\\\/images\\\/t.gif\"},{\"@type\":\"BreadcrumbList\",\"@id\":\"https:\\\/\\\/ceric.ca\\\/fr\\\/sondages\\\/sondage-2015-des-specialistes-de-lorientation-professionnelle-ventilation-par-region\\\/#breadcrumb\",\"itemListElement\":[{\"@type\":\"ListItem\",\"position\":1,\"name\":\"Home\",\"item\":\"https:\\\/\\\/ceric.ca\\\/fr\\\/ceric-homepage-2025\\\/\"},{\"@type\":\"ListItem\",\"position\":2,\"name\":\"Sondages\",\"item\":\"https:\\\/\\\/ceric.ca\\\/fr\\\/sondages\\\/\"},{\"@type\":\"ListItem\",\"position\":3,\"name\":\"Sondage 2015 des sp\u00e9cialistes de l\u2019orientation professionnelle, ventilation par r\u00e9gion\"}]},{\"@type\":\"WebSite\",\"@id\":\"https:\\\/\\\/ceric.ca\\\/#website\",\"url\":\"https:\\\/\\\/ceric.ca\\\/\",\"name\":\"CERIC\",\"description\":\"\",\"publisher\":{\"@id\":\"https:\\\/\\\/ceric.ca\\\/#organization\"},\"potentialAction\":[{\"@type\":\"SearchAction\",\"target\":{\"@type\":\"EntryPoint\",\"urlTemplate\":\"https:\\\/\\\/ceric.ca\\\/?s={search_term_string}\"},\"query-input\":{\"@type\":\"PropertyValueSpecification\",\"valueRequired\":true,\"valueName\":\"search_term_string\"}}],\"inLanguage\":\"fr-FR\"},{\"@type\":\"Organization\",\"@id\":\"https:\\\/\\\/ceric.ca\\\/#organization\",\"name\":\"CERIC\",\"url\":\"https:\\\/\\\/ceric.ca\\\/\",\"logo\":{\"@type\":\"ImageObject\",\"inLanguage\":\"fr-FR\",\"@id\":\"https:\\\/\\\/ceric.ca\\\/#\\\/schema\\\/logo\\\/image\\\/\",\"url\":\"\",\"contentUrl\":\"\",\"caption\":\"CERIC\"},\"image\":{\"@id\":\"https:\\\/\\\/ceric.ca\\\/#\\\/schema\\\/logo\\\/image\\\/\"}}]}<\/script>\n<!-- \/ Yoast SEO Premium plugin. -->","yoast_head_json":{"title":"Sondage 2015 des sp\u00e9cialistes de l\u2019orientation professionnelle, ventilation par r\u00e9gion - CERIC","robots":{"index":"index","follow":"follow","max-snippet":"max-snippet:-1","max-image-preview":"max-image-preview:large","max-video-preview":"max-video-preview:-1"},"canonical":"https:\/\/ceric.ca\/fr\/sondages\/sondage-2015-des-specialistes-de-lorientation-professionnelle-ventilation-par-region\/","og_locale":"fr_FR","og_type":"article","og_title":"Sondage 2015 des sp\u00e9cialistes de l\u2019orientation professionnelle, ventilation par r\u00e9gion","og_description":"[vc_row][vc_column][vc_column_text]Le CERIC met \u00e0 votre disposition la ventilation par r\u00e9gion de son Sondage\u00a02015 des sp\u00e9cialistes de l\u2019orientation professionnelle : R\u00e9gion Atlantique Qu\u00e9bec Ontario R\u00e9gion des Prairies [\u2026]","og_url":"https:\/\/ceric.ca\/fr\/sondages\/sondage-2015-des-specialistes-de-lorientation-professionnelle-ventilation-par-region\/","og_site_name":"CERIC","article_modified_time":"2021-05-03T19:08:04+00:00","og_image":[{"url":"https:\/\/ceric.ca\/wp-content\/plugins\/wp-file-download\/app\/admin\/assets\/images\/t.gif","type":"","width":"","height":""}],"twitter_card":"summary_large_image","twitter_misc":{"Dur\u00e9e de lecture estim\u00e9e":"2 minutes"},"schema":{"@context":"https:\/\/schema.org","@graph":[{"@type":"WebPage","@id":"https:\/\/ceric.ca\/fr\/sondages\/sondage-2015-des-specialistes-de-lorientation-professionnelle-ventilation-par-region\/","url":"https:\/\/ceric.ca\/fr\/sondages\/sondage-2015-des-specialistes-de-lorientation-professionnelle-ventilation-par-region\/","name":"Sondage 2015 des sp\u00e9cialistes de l\u2019orientation professionnelle, ventilation par r\u00e9gion - CERIC","isPartOf":{"@id":"https:\/\/ceric.ca\/#website"},"primaryImageOfPage":{"@id":"https:\/\/ceric.ca\/fr\/sondages\/sondage-2015-des-specialistes-de-lorientation-professionnelle-ventilation-par-region\/#primaryimage"},"image":{"@id":"https:\/\/ceric.ca\/fr\/sondages\/sondage-2015-des-specialistes-de-lorientation-professionnelle-ventilation-par-region\/#primaryimage"},"thumbnailUrl":"https:\/\/ceric.ca\/wp-content\/plugins\/wp-file-download\/app\/admin\/assets\/images\/t.gif","datePublished":"2016-12-05T21:21:31+00:00","dateModified":"2021-05-03T19:08:04+00:00","breadcrumb":{"@id":"https:\/\/ceric.ca\/fr\/sondages\/sondage-2015-des-specialistes-de-lorientation-professionnelle-ventilation-par-region\/#breadcrumb"},"inLanguage":"fr-FR","potentialAction":[{"@type":"ReadAction","target":["https:\/\/ceric.ca\/fr\/sondages\/sondage-2015-des-specialistes-de-lorientation-professionnelle-ventilation-par-region\/"]}]},{"@type":"ImageObject","inLanguage":"fr-FR","@id":"https:\/\/ceric.ca\/fr\/sondages\/sondage-2015-des-specialistes-de-lorientation-professionnelle-ventilation-par-region\/#primaryimage","url":"https:\/\/ceric.ca\/wp-content\/plugins\/wp-file-download\/app\/admin\/assets\/images\/t.gif","contentUrl":"https:\/\/ceric.ca\/wp-content\/plugins\/wp-file-download\/app\/admin\/assets\/images\/t.gif"},{"@type":"BreadcrumbList","@id":"https:\/\/ceric.ca\/fr\/sondages\/sondage-2015-des-specialistes-de-lorientation-professionnelle-ventilation-par-region\/#breadcrumb","itemListElement":[{"@type":"ListItem","position":1,"name":"Home","item":"https:\/\/ceric.ca\/fr\/ceric-homepage-2025\/"},{"@type":"ListItem","position":2,"name":"Sondages","item":"https:\/\/ceric.ca\/fr\/sondages\/"},{"@type":"ListItem","position":3,"name":"Sondage 2015 des sp\u00e9cialistes de l\u2019orientation professionnelle, ventilation par r\u00e9gion"}]},{"@type":"WebSite","@id":"https:\/\/ceric.ca\/#website","url":"https:\/\/ceric.ca\/","name":"CERIC","description":"","publisher":{"@id":"https:\/\/ceric.ca\/#organization"},"potentialAction":[{"@type":"SearchAction","target":{"@type":"EntryPoint","urlTemplate":"https:\/\/ceric.ca\/?s={search_term_string}"},"query-input":{"@type":"PropertyValueSpecification","valueRequired":true,"valueName":"search_term_string"}}],"inLanguage":"fr-FR"},{"@type":"Organization","@id":"https:\/\/ceric.ca\/#organization","name":"CERIC","url":"https:\/\/ceric.ca\/","logo":{"@type":"ImageObject","inLanguage":"fr-FR","@id":"https:\/\/ceric.ca\/#\/schema\/logo\/image\/","url":"","contentUrl":"","caption":"CERIC"},"image":{"@id":"https:\/\/ceric.ca\/#\/schema\/logo\/image\/"}}]}},"_links":{"self":[{"href":"https:\/\/ceric.ca\/fr\/wp-json\/wp\/v2\/pages\/19172","targetHints":{"allow":["GET"]}}],"collection":[{"href":"https:\/\/ceric.ca\/fr\/wp-json\/wp\/v2\/pages"}],"about":[{"href":"https:\/\/ceric.ca\/fr\/wp-json\/wp\/v2\/types\/page"}],"author":[{"embeddable":true,"href":"https:\/\/ceric.ca\/fr\/wp-json\/wp\/v2\/users\/30"}],"replies":[{"embeddable":true,"href":"https:\/\/ceric.ca\/fr\/wp-json\/wp\/v2\/comments?post=19172"}],"version-history":[{"count":0,"href":"https:\/\/ceric.ca\/fr\/wp-json\/wp\/v2\/pages\/19172\/revisions"}],"up":[{"embeddable":true,"href":"https:\/\/ceric.ca\/fr\/wp-json\/wp\/v2\/pages\/8182"}],"wp:attachment":[{"href":"https:\/\/ceric.ca\/fr\/wp-json\/wp\/v2\/media?parent=19172"}],"curies":[{"name":"wp","href":"https:\/\/api.w.org\/{rel}","templated":true}]}}