{"id":19245,"date":"2016-12-20T11:35:18","date_gmt":"2016-12-20T16:35:18","guid":{"rendered":"http:\/\/ceric.ca\/fr\/?page_id=19245"},"modified":"2017-10-12T17:11:30","modified_gmt":"2017-10-12T21:11:30","slug":"valerie-roy","status":"publish","type":"page","link":"https:\/\/ceric.ca\/fr\/valerie-roy\/","title":{"rendered":"Val\u00e9rie Roy"},"content":{"rendered":"<p><img decoding=\"async\" class=\"alignleft  wp-image-19243\" src=\"http:\/\/ceric.ca\/wp-content\/uploads\/2016\/12\/Valarie.png\" alt=\"valarie\" width=\"110\" height=\"108\" \/>Val\u00e9rie Roy est la directrice g\u00e9n\u00e9rale de l&rsquo;AXTRA, l&rsquo;Alliance des centres-conseils en emploi. Val\u00e9rie travaille avec les membres et partenaires de l&rsquo;AXTRA pour \u00e9laborer de meilleures pratiques et accro\u00eetre le bassin de connaissances dans le secteur de l\u2019employabilit\u00e9 et de la formation. Elle si\u00e8ge aussi sur divers conseils d\u2019administration et comit\u00e9s \u00e0 l\u2019\u00e9chelle qu\u00e9b\u00e9coise, canadienne et internationale. Elle a travaill\u00e9 au cours des derni\u00e8res ann\u00e9es \u00e0 promouvoir le secteur du d\u00e9veloppement de carri\u00e8re et a coordonn\u00e9 plusieurs projets qu\u00e9b\u00e9cois et pancanadiens visant l\u2019am\u00e9lioration des pratiques en employabilit\u00e9 destin\u00e9es aux groupes sous-repr\u00e9sent\u00e9s sur le plan de l\u2019emploi.<\/p>\n","protected":false},"excerpt":{"rendered":"<p>Val\u00e9rie Roy est la directrice g\u00e9n\u00e9rale de l&rsquo;AXTRA, l&rsquo;Alliance des centres-conseils en emploi. Val\u00e9rie travaille avec les membres et partenaires de l&rsquo;AXTRA pour \u00e9laborer de meilleures<span class=\"excerpt-hellip\"> [\u2026]<\/span><\/p>\n","protected":false},"author":30,"featured_media":0,"parent":0,"menu_order":0,"comment_status":"closed","ping_status":"closed","template":"","meta":{"h5ap_radio_sources":[],"footnotes":""},"class_list":["post-19245","page","type-page","status-publish","hentry"],"yoast_head":"<!-- This site is optimized with the Yoast SEO Premium plugin v27.3 (Yoast SEO v27.3) - https:\/\/yoast.com\/product\/yoast-seo-premium-wordpress\/ -->\n<title>Val\u00e9rie Roy - CERIC<\/title>\n<meta name=\"robots\" content=\"index, follow, max-snippet:-1, max-image-preview:large, max-video-preview:-1\" \/>\n<link rel=\"canonical\" href=\"https:\/\/ceric.ca\/fr\/valerie-roy\/\" \/>\n<meta property=\"og:locale\" content=\"fr_FR\" \/>\n<meta property=\"og:type\" content=\"article\" \/>\n<meta property=\"og:title\" content=\"Val\u00e9rie Roy\" \/>\n<meta property=\"og:description\" content=\"Val\u00e9rie Roy est la directrice g\u00e9n\u00e9rale de l&rsquo;AXTRA, l&rsquo;Alliance des centres-conseils en emploi. Val\u00e9rie travaille avec les membres et partenaires de l&rsquo;AXTRA pour \u00e9laborer de meilleures [\u2026]\" \/>\n<meta property=\"og:url\" content=\"https:\/\/ceric.ca\/fr\/valerie-roy\/\" \/>\n<meta property=\"og:site_name\" content=\"CERIC\" \/>\n<meta property=\"article:modified_time\" content=\"2017-10-12T21:11:30+00:00\" \/>\n<meta property=\"og:image\" content=\"http:\/\/ceric.ca\/wp-content\/uploads\/2016\/12\/Valarie.png\" \/>\n<meta name=\"twitter:card\" content=\"summary_large_image\" \/>\n<meta name=\"twitter:label1\" content=\"Dur\u00e9e de lecture estim\u00e9e\" \/>\n\t<meta name=\"twitter:data1\" content=\"1 minute\" \/>\n<script type=\"application\/ld+json\" class=\"yoast-schema-graph\">{\"@context\":\"https:\\\/\\\/schema.org\",\"@graph\":[{\"@type\":\"WebPage\",\"@id\":\"https:\\\/\\\/ceric.ca\\\/fr\\\/valerie-roy\\\/\",\"url\":\"https:\\\/\\\/ceric.ca\\\/fr\\\/valerie-roy\\\/\",\"name\":\"Val\u00e9rie Roy - CERIC\",\"isPartOf\":{\"@id\":\"https:\\\/\\\/ceric.ca\\\/#website\"},\"primaryImageOfPage\":{\"@id\":\"https:\\\/\\\/ceric.ca\\\/fr\\\/valerie-roy\\\/#primaryimage\"},\"image\":{\"@id\":\"https:\\\/\\\/ceric.ca\\\/fr\\\/valerie-roy\\\/#primaryimage\"},\"thumbnailUrl\":\"http:\\\/\\\/ceric.ca\\\/wp-content\\\/uploads\\\/2016\\\/12\\\/Valarie.png\",\"datePublished\":\"2016-12-20T16:35:18+00:00\",\"dateModified\":\"2017-10-12T21:11:30+00:00\",\"breadcrumb\":{\"@id\":\"https:\\\/\\\/ceric.ca\\\/fr\\\/valerie-roy\\\/#breadcrumb\"},\"inLanguage\":\"fr-FR\",\"potentialAction\":[{\"@type\":\"ReadAction\",\"target\":[\"https:\\\/\\\/ceric.ca\\\/fr\\\/valerie-roy\\\/\"]}]},{\"@type\":\"ImageObject\",\"inLanguage\":\"fr-FR\",\"@id\":\"https:\\\/\\\/ceric.ca\\\/fr\\\/valerie-roy\\\/#primaryimage\",\"url\":\"http:\\\/\\\/ceric.ca\\\/wp-content\\\/uploads\\\/2016\\\/12\\\/Valarie.png\",\"contentUrl\":\"http:\\\/\\\/ceric.ca\\\/wp-content\\\/uploads\\\/2016\\\/12\\\/Valarie.png\"},{\"@type\":\"BreadcrumbList\",\"@id\":\"https:\\\/\\\/ceric.ca\\\/fr\\\/valerie-roy\\\/#breadcrumb\",\"itemListElement\":[{\"@type\":\"ListItem\",\"position\":1,\"name\":\"Home\",\"item\":\"https:\\\/\\\/ceric.ca\\\/fr\\\/ceric-homepage-2025\\\/\"},{\"@type\":\"ListItem\",\"position\":2,\"name\":\"Val\u00e9rie Roy\"}]},{\"@type\":\"WebSite\",\"@id\":\"https:\\\/\\\/ceric.ca\\\/#website\",\"url\":\"https:\\\/\\\/ceric.ca\\\/\",\"name\":\"CERIC\",\"description\":\"\",\"publisher\":{\"@id\":\"https:\\\/\\\/ceric.ca\\\/#organization\"},\"potentialAction\":[{\"@type\":\"SearchAction\",\"target\":{\"@type\":\"EntryPoint\",\"urlTemplate\":\"https:\\\/\\\/ceric.ca\\\/?s={search_term_string}\"},\"query-input\":{\"@type\":\"PropertyValueSpecification\",\"valueRequired\":true,\"valueName\":\"search_term_string\"}}],\"inLanguage\":\"fr-FR\"},{\"@type\":\"Organization\",\"@id\":\"https:\\\/\\\/ceric.ca\\\/#organization\",\"name\":\"CERIC\",\"url\":\"https:\\\/\\\/ceric.ca\\\/\",\"logo\":{\"@type\":\"ImageObject\",\"inLanguage\":\"fr-FR\",\"@id\":\"https:\\\/\\\/ceric.ca\\\/#\\\/schema\\\/logo\\\/image\\\/\",\"url\":\"\",\"contentUrl\":\"\",\"caption\":\"CERIC\"},\"image\":{\"@id\":\"https:\\\/\\\/ceric.ca\\\/#\\\/schema\\\/logo\\\/image\\\/\"}}]}<\/script>\n<!-- \/ Yoast SEO Premium plugin. -->","yoast_head_json":{"title":"Val\u00e9rie Roy - CERIC","robots":{"index":"index","follow":"follow","max-snippet":"max-snippet:-1","max-image-preview":"max-image-preview:large","max-video-preview":"max-video-preview:-1"},"canonical":"https:\/\/ceric.ca\/fr\/valerie-roy\/","og_locale":"fr_FR","og_type":"article","og_title":"Val\u00e9rie Roy","og_description":"Val\u00e9rie Roy est la directrice g\u00e9n\u00e9rale de l&rsquo;AXTRA, l&rsquo;Alliance des centres-conseils en emploi. Val\u00e9rie travaille avec les membres et partenaires de l&rsquo;AXTRA pour \u00e9laborer de meilleures [\u2026]","og_url":"https:\/\/ceric.ca\/fr\/valerie-roy\/","og_site_name":"CERIC","article_modified_time":"2017-10-12T21:11:30+00:00","og_image":[{"url":"http:\/\/ceric.ca\/wp-content\/uploads\/2016\/12\/Valarie.png","type":"","width":"","height":""}],"twitter_card":"summary_large_image","twitter_misc":{"Dur\u00e9e de lecture estim\u00e9e":"1 minute"},"schema":{"@context":"https:\/\/schema.org","@graph":[{"@type":"WebPage","@id":"https:\/\/ceric.ca\/fr\/valerie-roy\/","url":"https:\/\/ceric.ca\/fr\/valerie-roy\/","name":"Val\u00e9rie Roy - CERIC","isPartOf":{"@id":"https:\/\/ceric.ca\/#website"},"primaryImageOfPage":{"@id":"https:\/\/ceric.ca\/fr\/valerie-roy\/#primaryimage"},"image":{"@id":"https:\/\/ceric.ca\/fr\/valerie-roy\/#primaryimage"},"thumbnailUrl":"http:\/\/ceric.ca\/wp-content\/uploads\/2016\/12\/Valarie.png","datePublished":"2016-12-20T16:35:18+00:00","dateModified":"2017-10-12T21:11:30+00:00","breadcrumb":{"@id":"https:\/\/ceric.ca\/fr\/valerie-roy\/#breadcrumb"},"inLanguage":"fr-FR","potentialAction":[{"@type":"ReadAction","target":["https:\/\/ceric.ca\/fr\/valerie-roy\/"]}]},{"@type":"ImageObject","inLanguage":"fr-FR","@id":"https:\/\/ceric.ca\/fr\/valerie-roy\/#primaryimage","url":"http:\/\/ceric.ca\/wp-content\/uploads\/2016\/12\/Valarie.png","contentUrl":"http:\/\/ceric.ca\/wp-content\/uploads\/2016\/12\/Valarie.png"},{"@type":"BreadcrumbList","@id":"https:\/\/ceric.ca\/fr\/valerie-roy\/#breadcrumb","itemListElement":[{"@type":"ListItem","position":1,"name":"Home","item":"https:\/\/ceric.ca\/fr\/ceric-homepage-2025\/"},{"@type":"ListItem","position":2,"name":"Val\u00e9rie Roy"}]},{"@type":"WebSite","@id":"https:\/\/ceric.ca\/#website","url":"https:\/\/ceric.ca\/","name":"CERIC","description":"","publisher":{"@id":"https:\/\/ceric.ca\/#organization"},"potentialAction":[{"@type":"SearchAction","target":{"@type":"EntryPoint","urlTemplate":"https:\/\/ceric.ca\/?s={search_term_string}"},"query-input":{"@type":"PropertyValueSpecification","valueRequired":true,"valueName":"search_term_string"}}],"inLanguage":"fr-FR"},{"@type":"Organization","@id":"https:\/\/ceric.ca\/#organization","name":"CERIC","url":"https:\/\/ceric.ca\/","logo":{"@type":"ImageObject","inLanguage":"fr-FR","@id":"https:\/\/ceric.ca\/#\/schema\/logo\/image\/","url":"","contentUrl":"","caption":"CERIC"},"image":{"@id":"https:\/\/ceric.ca\/#\/schema\/logo\/image\/"}}]}},"_links":{"self":[{"href":"https:\/\/ceric.ca\/fr\/wp-json\/wp\/v2\/pages\/19245","targetHints":{"allow":["GET"]}}],"collection":[{"href":"https:\/\/ceric.ca\/fr\/wp-json\/wp\/v2\/pages"}],"about":[{"href":"https:\/\/ceric.ca\/fr\/wp-json\/wp\/v2\/types\/page"}],"author":[{"embeddable":true,"href":"https:\/\/ceric.ca\/fr\/wp-json\/wp\/v2\/users\/30"}],"replies":[{"embeddable":true,"href":"https:\/\/ceric.ca\/fr\/wp-json\/wp\/v2\/comments?post=19245"}],"version-history":[{"count":0,"href":"https:\/\/ceric.ca\/fr\/wp-json\/wp\/v2\/pages\/19245\/revisions"}],"wp:attachment":[{"href":"https:\/\/ceric.ca\/fr\/wp-json\/wp\/v2\/media?parent=19245"}],"curies":[{"name":"wp","href":"https:\/\/api.w.org\/{rel}","templated":true}]}}