{"id":20607,"date":"2017-06-30T13:01:07","date_gmt":"2017-06-30T17:01:07","guid":{"rendered":"http:\/\/ceric.ca\/?page_id=20607\/"},"modified":"2017-06-30T13:17:32","modified_gmt":"2017-06-30T17:17:32","slug":"adriano-magnifico","status":"publish","type":"page","link":"https:\/\/ceric.ca\/fr\/adriano-magnifico\/","title":{"rendered":"Adriano Magnifico"},"content":{"rendered":"<p><img decoding=\"async\" class=\"size-full wp-image-20612 alignleft\" src=\"http:\/\/ceric.ca\/wp-content\/uploads\/2017\/06\/Adriano-M.png\" alt=\"\" width=\"128\" height=\"140\" srcset=\"https:\/\/ceric.ca\/wp-content\/uploads\/2017\/06\/Adriano-M.png 128w, https:\/\/ceric.ca\/wp-content\/uploads\/2017\/06\/Adriano-M-98x107.png 98w\" sizes=\"(max-width:767px) 128px, 128px\" \/>Adriano Magnifico a consacr\u00e9 une grande partie de sa vie professionnelle \u00e0 l\u2019enseignement de l\u2019anglais dans des \u00e9coles secondaires de deuxi\u00e8me cycle. En\u00a01995, il a cr\u00e9\u00e9 le programme interdisciplinaire Career Internship Program (CIP), qui allie d\u00e9veloppement de carri\u00e8re et cours classiques. Le CIP a gagn\u00e9 de nombreux prix pour son approche novatrice de la p\u00e9dagogie en classe, de la mobilisation des \u00e9tudiants et du d\u00e9veloppement de carri\u00e8re dans les \u00e9coles secondaires.<\/p>\n<p>Par la suite, Adriano s\u2019est transform\u00e9 en sp\u00e9cialiste du d\u00e9veloppement de carri\u00e8re dans la Division scolaire Louis Riel, o\u00f9 il offre son leadership aux \u00e9coles secondaires en mati\u00e8re d\u2019\u00e9laboration de programmes de d\u00e9veloppement de carri\u00e8re. Il cherche sans cesse des moyens pour les \u00e9tudiants de cr\u00e9er des liens avec le milieu professionnel, d\u2019acqu\u00e9rir les comp\u00e9tences et les exp\u00e9riences n\u00e9cessaires pour une transition postsecondaire efficace et de se pr\u00e9senter de la mani\u00e8re la plus convaincante qui soit. Il pr\u00e9side le comit\u00e9 de d\u00e9veloppement de carri\u00e8re de la Division scolaire Louis Riel, fait partie de l\u2019\u00e9quipe de direction de la division, pr\u00e9side le symposium local sur la carri\u00e8re et les \u00e9tudes postsecondaires, et a mis sur pied la conf\u00e9rence sur l\u2019entrepreneuriat Tigers\u2019\u00a0Den. Il est membre de la direction provinciale du Rotary Career Symposium, de la Canadian Cyber Defence Challenge, de la Chambre de commerce de Winnipeg et des Manufacturiers et Exportateurs du Canada (MEC). B\u00e9n\u00e9vole actif pour JA Canada et Jeux Olympiques sp\u00e9ciaux Manitoba, il est entra\u00eeneur de hockey et de baseball dans sa communaut\u00e9 depuis 30\u00a0ans. Il copr\u00e9side la Manitoba Association of Teachers of English et a contribu\u00e9 \u00e0 la mise en place de programmes d\u2019alphab\u00e9tisation d\u2019\u00e9t\u00e9 qui s\u2019adressent aux \u00e9l\u00e8ves d\u2019\u00e9coles primaires marginalis\u00e9s. \u00c0 l\u2019occasion, Adriano publie des articles sur le d\u00e9veloppement de carri\u00e8re et \u00e9crit dans le journal local. Il a d\u00e9j\u00e0 gagn\u00e9 des prix pour quelques-unes de ses nouvelles. Il croit que toutes les histoires personnelles cachent des dons et des talents, qui se concr\u00e9tisent gr\u00e2ce \u00e0 l\u2019engagement, aux espaces d\u2019apprentissage et au mentorat.<\/p>\n","protected":false},"excerpt":{"rendered":"<p>Adriano Magnifico a consacr\u00e9 une grande partie de sa vie professionnelle \u00e0 l\u2019enseignement de l\u2019anglais dans des \u00e9coles secondaires de deuxi\u00e8me cycle. En\u00a01995, il a cr\u00e9\u00e9<span class=\"excerpt-hellip\"> [\u2026]<\/span><\/p>\n","protected":false},"author":30,"featured_media":0,"parent":0,"menu_order":0,"comment_status":"closed","ping_status":"closed","template":"","meta":{"h5ap_radio_sources":[],"footnotes":""},"class_list":["post-20607","page","type-page","status-publish","hentry"],"yoast_head":"<!-- This site is optimized with the Yoast SEO Premium plugin v27.3 (Yoast SEO v27.3) - https:\/\/yoast.com\/product\/yoast-seo-premium-wordpress\/ -->\n<title>Adriano Magnifico - CERIC<\/title>\n<meta name=\"robots\" content=\"index, follow, max-snippet:-1, max-image-preview:large, max-video-preview:-1\" \/>\n<link rel=\"canonical\" href=\"https:\/\/ceric.ca\/fr\/adriano-magnifico\/\" \/>\n<meta property=\"og:locale\" content=\"fr_FR\" \/>\n<meta property=\"og:type\" content=\"article\" \/>\n<meta property=\"og:title\" content=\"Adriano Magnifico\" \/>\n<meta property=\"og:description\" content=\"Adriano Magnifico a consacr\u00e9 une grande partie de sa vie professionnelle \u00e0 l\u2019enseignement de l\u2019anglais dans des \u00e9coles secondaires de deuxi\u00e8me cycle. En\u00a01995, il a cr\u00e9\u00e9 [\u2026]\" \/>\n<meta property=\"og:url\" content=\"https:\/\/ceric.ca\/fr\/adriano-magnifico\/\" \/>\n<meta property=\"og:site_name\" content=\"CERIC\" \/>\n<meta property=\"article:modified_time\" content=\"2017-06-30T17:17:32+00:00\" \/>\n<meta property=\"og:image\" content=\"http:\/\/ceric.ca\/wp-content\/uploads\/2017\/06\/Adriano-M.png\" \/>\n<meta name=\"twitter:card\" content=\"summary_large_image\" \/>\n<meta name=\"twitter:label1\" content=\"Dur\u00e9e de lecture estim\u00e9e\" \/>\n\t<meta name=\"twitter:data1\" content=\"2 minutes\" \/>\n<script type=\"application\/ld+json\" class=\"yoast-schema-graph\">{\"@context\":\"https:\\\/\\\/schema.org\",\"@graph\":[{\"@type\":\"WebPage\",\"@id\":\"https:\\\/\\\/ceric.ca\\\/fr\\\/adriano-magnifico\\\/\",\"url\":\"https:\\\/\\\/ceric.ca\\\/fr\\\/adriano-magnifico\\\/\",\"name\":\"Adriano Magnifico - CERIC\",\"isPartOf\":{\"@id\":\"https:\\\/\\\/ceric.ca\\\/#website\"},\"primaryImageOfPage\":{\"@id\":\"https:\\\/\\\/ceric.ca\\\/fr\\\/adriano-magnifico\\\/#primaryimage\"},\"image\":{\"@id\":\"https:\\\/\\\/ceric.ca\\\/fr\\\/adriano-magnifico\\\/#primaryimage\"},\"thumbnailUrl\":\"http:\\\/\\\/ceric.ca\\\/wp-content\\\/uploads\\\/2017\\\/06\\\/Adriano-M.png\",\"datePublished\":\"2017-06-30T17:01:07+00:00\",\"dateModified\":\"2017-06-30T17:17:32+00:00\",\"breadcrumb\":{\"@id\":\"https:\\\/\\\/ceric.ca\\\/fr\\\/adriano-magnifico\\\/#breadcrumb\"},\"inLanguage\":\"fr-FR\",\"potentialAction\":[{\"@type\":\"ReadAction\",\"target\":[\"https:\\\/\\\/ceric.ca\\\/fr\\\/adriano-magnifico\\\/\"]}]},{\"@type\":\"ImageObject\",\"inLanguage\":\"fr-FR\",\"@id\":\"https:\\\/\\\/ceric.ca\\\/fr\\\/adriano-magnifico\\\/#primaryimage\",\"url\":\"http:\\\/\\\/ceric.ca\\\/wp-content\\\/uploads\\\/2017\\\/06\\\/Adriano-M.png\",\"contentUrl\":\"http:\\\/\\\/ceric.ca\\\/wp-content\\\/uploads\\\/2017\\\/06\\\/Adriano-M.png\"},{\"@type\":\"BreadcrumbList\",\"@id\":\"https:\\\/\\\/ceric.ca\\\/fr\\\/adriano-magnifico\\\/#breadcrumb\",\"itemListElement\":[{\"@type\":\"ListItem\",\"position\":1,\"name\":\"Home\",\"item\":\"https:\\\/\\\/ceric.ca\\\/fr\\\/ceric-homepage-2025\\\/\"},{\"@type\":\"ListItem\",\"position\":2,\"name\":\"Adriano Magnifico\"}]},{\"@type\":\"WebSite\",\"@id\":\"https:\\\/\\\/ceric.ca\\\/#website\",\"url\":\"https:\\\/\\\/ceric.ca\\\/\",\"name\":\"CERIC\",\"description\":\"\",\"publisher\":{\"@id\":\"https:\\\/\\\/ceric.ca\\\/#organization\"},\"potentialAction\":[{\"@type\":\"SearchAction\",\"target\":{\"@type\":\"EntryPoint\",\"urlTemplate\":\"https:\\\/\\\/ceric.ca\\\/?s={search_term_string}\"},\"query-input\":{\"@type\":\"PropertyValueSpecification\",\"valueRequired\":true,\"valueName\":\"search_term_string\"}}],\"inLanguage\":\"fr-FR\"},{\"@type\":\"Organization\",\"@id\":\"https:\\\/\\\/ceric.ca\\\/#organization\",\"name\":\"CERIC\",\"url\":\"https:\\\/\\\/ceric.ca\\\/\",\"logo\":{\"@type\":\"ImageObject\",\"inLanguage\":\"fr-FR\",\"@id\":\"https:\\\/\\\/ceric.ca\\\/#\\\/schema\\\/logo\\\/image\\\/\",\"url\":\"\",\"contentUrl\":\"\",\"caption\":\"CERIC\"},\"image\":{\"@id\":\"https:\\\/\\\/ceric.ca\\\/#\\\/schema\\\/logo\\\/image\\\/\"}}]}<\/script>\n<!-- \/ Yoast SEO Premium plugin. -->","yoast_head_json":{"title":"Adriano Magnifico - CERIC","robots":{"index":"index","follow":"follow","max-snippet":"max-snippet:-1","max-image-preview":"max-image-preview:large","max-video-preview":"max-video-preview:-1"},"canonical":"https:\/\/ceric.ca\/fr\/adriano-magnifico\/","og_locale":"fr_FR","og_type":"article","og_title":"Adriano Magnifico","og_description":"Adriano Magnifico a consacr\u00e9 une grande partie de sa vie professionnelle \u00e0 l\u2019enseignement de l\u2019anglais dans des \u00e9coles secondaires de deuxi\u00e8me cycle. En\u00a01995, il a cr\u00e9\u00e9 [\u2026]","og_url":"https:\/\/ceric.ca\/fr\/adriano-magnifico\/","og_site_name":"CERIC","article_modified_time":"2017-06-30T17:17:32+00:00","og_image":[{"url":"http:\/\/ceric.ca\/wp-content\/uploads\/2017\/06\/Adriano-M.png","type":"","width":"","height":""}],"twitter_card":"summary_large_image","twitter_misc":{"Dur\u00e9e de lecture estim\u00e9e":"2 minutes"},"schema":{"@context":"https:\/\/schema.org","@graph":[{"@type":"WebPage","@id":"https:\/\/ceric.ca\/fr\/adriano-magnifico\/","url":"https:\/\/ceric.ca\/fr\/adriano-magnifico\/","name":"Adriano Magnifico - CERIC","isPartOf":{"@id":"https:\/\/ceric.ca\/#website"},"primaryImageOfPage":{"@id":"https:\/\/ceric.ca\/fr\/adriano-magnifico\/#primaryimage"},"image":{"@id":"https:\/\/ceric.ca\/fr\/adriano-magnifico\/#primaryimage"},"thumbnailUrl":"http:\/\/ceric.ca\/wp-content\/uploads\/2017\/06\/Adriano-M.png","datePublished":"2017-06-30T17:01:07+00:00","dateModified":"2017-06-30T17:17:32+00:00","breadcrumb":{"@id":"https:\/\/ceric.ca\/fr\/adriano-magnifico\/#breadcrumb"},"inLanguage":"fr-FR","potentialAction":[{"@type":"ReadAction","target":["https:\/\/ceric.ca\/fr\/adriano-magnifico\/"]}]},{"@type":"ImageObject","inLanguage":"fr-FR","@id":"https:\/\/ceric.ca\/fr\/adriano-magnifico\/#primaryimage","url":"http:\/\/ceric.ca\/wp-content\/uploads\/2017\/06\/Adriano-M.png","contentUrl":"http:\/\/ceric.ca\/wp-content\/uploads\/2017\/06\/Adriano-M.png"},{"@type":"BreadcrumbList","@id":"https:\/\/ceric.ca\/fr\/adriano-magnifico\/#breadcrumb","itemListElement":[{"@type":"ListItem","position":1,"name":"Home","item":"https:\/\/ceric.ca\/fr\/ceric-homepage-2025\/"},{"@type":"ListItem","position":2,"name":"Adriano Magnifico"}]},{"@type":"WebSite","@id":"https:\/\/ceric.ca\/#website","url":"https:\/\/ceric.ca\/","name":"CERIC","description":"","publisher":{"@id":"https:\/\/ceric.ca\/#organization"},"potentialAction":[{"@type":"SearchAction","target":{"@type":"EntryPoint","urlTemplate":"https:\/\/ceric.ca\/?s={search_term_string}"},"query-input":{"@type":"PropertyValueSpecification","valueRequired":true,"valueName":"search_term_string"}}],"inLanguage":"fr-FR"},{"@type":"Organization","@id":"https:\/\/ceric.ca\/#organization","name":"CERIC","url":"https:\/\/ceric.ca\/","logo":{"@type":"ImageObject","inLanguage":"fr-FR","@id":"https:\/\/ceric.ca\/#\/schema\/logo\/image\/","url":"","contentUrl":"","caption":"CERIC"},"image":{"@id":"https:\/\/ceric.ca\/#\/schema\/logo\/image\/"}}]}},"_links":{"self":[{"href":"https:\/\/ceric.ca\/fr\/wp-json\/wp\/v2\/pages\/20607","targetHints":{"allow":["GET"]}}],"collection":[{"href":"https:\/\/ceric.ca\/fr\/wp-json\/wp\/v2\/pages"}],"about":[{"href":"https:\/\/ceric.ca\/fr\/wp-json\/wp\/v2\/types\/page"}],"author":[{"embeddable":true,"href":"https:\/\/ceric.ca\/fr\/wp-json\/wp\/v2\/users\/30"}],"replies":[{"embeddable":true,"href":"https:\/\/ceric.ca\/fr\/wp-json\/wp\/v2\/comments?post=20607"}],"version-history":[{"count":0,"href":"https:\/\/ceric.ca\/fr\/wp-json\/wp\/v2\/pages\/20607\/revisions"}],"wp:attachment":[{"href":"https:\/\/ceric.ca\/fr\/wp-json\/wp\/v2\/media?parent=20607"}],"curies":[{"name":"wp","href":"https:\/\/api.w.org\/{rel}","templated":true}]}}