{"id":20616,"date":"2017-06-30T13:24:01","date_gmt":"2017-06-30T17:24:01","guid":{"rendered":"http:\/\/ceric.ca\/?page_id=20616\/"},"modified":"2017-06-30T13:24:01","modified_gmt":"2017-06-30T17:24:01","slug":"andrea-christensen","status":"publish","type":"page","link":"https:\/\/ceric.ca\/fr\/andrea-christensen\/","title":{"rendered":"Andrea Christensen"},"content":{"rendered":"<p><img decoding=\"async\" class=\"size-full wp-image-20619 alignleft\" src=\"http:\/\/ceric.ca\/wp-content\/uploads\/2017\/06\/Andrea-C.png\" alt=\"\" width=\"128\" height=\"140\" srcset=\"https:\/\/ceric.ca\/wp-content\/uploads\/2017\/06\/Andrea-C.png 128w, https:\/\/ceric.ca\/wp-content\/uploads\/2017\/06\/Andrea-C-98x107.png 98w\" sizes=\"(max-width:767px) 128px, 128px\" \/>Intervenante en d\u00e9veloppement de carri\u00e8re et sp\u00e9cialiste de l\u2019apprentissage, Andrea Christensen poss\u00e8de de l\u2019exp\u00e9rience en enseignement, en formation, en accompagnement et en administration des affaires. Elle travaille aupr\u00e8s des adultes et des \u00e9l\u00e8ves des \u00e9coles secondaires en planification de la carri\u00e8re et des \u00e9tudes, en gestion de carri\u00e8re et de vie et en pr\u00e9paration \u00e0 l\u2019emploi. Elle est titulaire d\u2019une ma\u00eetrise et d\u2019un baccalaur\u00e9at en enseignement, d\u2019un certificat en d\u00e9veloppement de carri\u00e8re, d\u2019un brevet d\u2019enseignement permanent et d\u2019une certification Strong Interest Inventory\u00ae. Andrea pense que chacun devrait prendre du plaisir \u00e0 son travail et mener sa vie en lui donnant un sens et un but.<\/p>\n","protected":false},"excerpt":{"rendered":"<p>Intervenante en d\u00e9veloppement de carri\u00e8re et sp\u00e9cialiste de l\u2019apprentissage, Andrea Christensen poss\u00e8de de l\u2019exp\u00e9rience en enseignement, en formation, en accompagnement et en administration des affaires. Elle<span class=\"excerpt-hellip\"> [\u2026]<\/span><\/p>\n","protected":false},"author":30,"featured_media":0,"parent":0,"menu_order":0,"comment_status":"closed","ping_status":"closed","template":"","meta":{"h5ap_radio_sources":[],"footnotes":""},"class_list":["post-20616","page","type-page","status-publish","hentry"],"yoast_head":"<!-- This site is optimized with the Yoast SEO Premium plugin v27.3 (Yoast SEO v27.3) - https:\/\/yoast.com\/product\/yoast-seo-premium-wordpress\/ -->\n<title>Andrea Christensen - CERIC<\/title>\n<meta name=\"robots\" content=\"index, follow, max-snippet:-1, max-image-preview:large, max-video-preview:-1\" \/>\n<link rel=\"canonical\" href=\"https:\/\/ceric.ca\/fr\/andrea-christensen\/\" \/>\n<meta property=\"og:locale\" content=\"fr_FR\" \/>\n<meta property=\"og:type\" content=\"article\" \/>\n<meta property=\"og:title\" content=\"Andrea Christensen\" \/>\n<meta property=\"og:description\" content=\"Intervenante en d\u00e9veloppement de carri\u00e8re et sp\u00e9cialiste de l\u2019apprentissage, Andrea Christensen poss\u00e8de de l\u2019exp\u00e9rience en enseignement, en formation, en accompagnement et en administration des affaires. Elle [\u2026]\" \/>\n<meta property=\"og:url\" content=\"https:\/\/ceric.ca\/fr\/andrea-christensen\/\" \/>\n<meta property=\"og:site_name\" content=\"CERIC\" \/>\n<meta property=\"og:image\" content=\"http:\/\/ceric.ca\/wp-content\/uploads\/2017\/06\/Andrea-C.png\" \/>\n<meta name=\"twitter:card\" content=\"summary_large_image\" \/>\n<meta name=\"twitter:label1\" content=\"Dur\u00e9e de lecture estim\u00e9e\" \/>\n\t<meta name=\"twitter:data1\" content=\"1 minute\" \/>\n<script type=\"application\/ld+json\" class=\"yoast-schema-graph\">{\"@context\":\"https:\\\/\\\/schema.org\",\"@graph\":[{\"@type\":\"WebPage\",\"@id\":\"https:\\\/\\\/ceric.ca\\\/fr\\\/andrea-christensen\\\/\",\"url\":\"https:\\\/\\\/ceric.ca\\\/fr\\\/andrea-christensen\\\/\",\"name\":\"Andrea Christensen - CERIC\",\"isPartOf\":{\"@id\":\"https:\\\/\\\/ceric.ca\\\/#website\"},\"primaryImageOfPage\":{\"@id\":\"https:\\\/\\\/ceric.ca\\\/fr\\\/andrea-christensen\\\/#primaryimage\"},\"image\":{\"@id\":\"https:\\\/\\\/ceric.ca\\\/fr\\\/andrea-christensen\\\/#primaryimage\"},\"thumbnailUrl\":\"http:\\\/\\\/ceric.ca\\\/wp-content\\\/uploads\\\/2017\\\/06\\\/Andrea-C.png\",\"datePublished\":\"2017-06-30T17:24:01+00:00\",\"breadcrumb\":{\"@id\":\"https:\\\/\\\/ceric.ca\\\/fr\\\/andrea-christensen\\\/#breadcrumb\"},\"inLanguage\":\"fr-FR\",\"potentialAction\":[{\"@type\":\"ReadAction\",\"target\":[\"https:\\\/\\\/ceric.ca\\\/fr\\\/andrea-christensen\\\/\"]}]},{\"@type\":\"ImageObject\",\"inLanguage\":\"fr-FR\",\"@id\":\"https:\\\/\\\/ceric.ca\\\/fr\\\/andrea-christensen\\\/#primaryimage\",\"url\":\"http:\\\/\\\/ceric.ca\\\/wp-content\\\/uploads\\\/2017\\\/06\\\/Andrea-C.png\",\"contentUrl\":\"http:\\\/\\\/ceric.ca\\\/wp-content\\\/uploads\\\/2017\\\/06\\\/Andrea-C.png\"},{\"@type\":\"BreadcrumbList\",\"@id\":\"https:\\\/\\\/ceric.ca\\\/fr\\\/andrea-christensen\\\/#breadcrumb\",\"itemListElement\":[{\"@type\":\"ListItem\",\"position\":1,\"name\":\"Home\",\"item\":\"https:\\\/\\\/ceric.ca\\\/fr\\\/ceric-homepage-2025\\\/\"},{\"@type\":\"ListItem\",\"position\":2,\"name\":\"Andrea Christensen\"}]},{\"@type\":\"WebSite\",\"@id\":\"https:\\\/\\\/ceric.ca\\\/#website\",\"url\":\"https:\\\/\\\/ceric.ca\\\/\",\"name\":\"CERIC\",\"description\":\"\",\"publisher\":{\"@id\":\"https:\\\/\\\/ceric.ca\\\/#organization\"},\"potentialAction\":[{\"@type\":\"SearchAction\",\"target\":{\"@type\":\"EntryPoint\",\"urlTemplate\":\"https:\\\/\\\/ceric.ca\\\/?s={search_term_string}\"},\"query-input\":{\"@type\":\"PropertyValueSpecification\",\"valueRequired\":true,\"valueName\":\"search_term_string\"}}],\"inLanguage\":\"fr-FR\"},{\"@type\":\"Organization\",\"@id\":\"https:\\\/\\\/ceric.ca\\\/#organization\",\"name\":\"CERIC\",\"url\":\"https:\\\/\\\/ceric.ca\\\/\",\"logo\":{\"@type\":\"ImageObject\",\"inLanguage\":\"fr-FR\",\"@id\":\"https:\\\/\\\/ceric.ca\\\/#\\\/schema\\\/logo\\\/image\\\/\",\"url\":\"\",\"contentUrl\":\"\",\"caption\":\"CERIC\"},\"image\":{\"@id\":\"https:\\\/\\\/ceric.ca\\\/#\\\/schema\\\/logo\\\/image\\\/\"}}]}<\/script>\n<!-- \/ Yoast SEO Premium plugin. -->","yoast_head_json":{"title":"Andrea Christensen - CERIC","robots":{"index":"index","follow":"follow","max-snippet":"max-snippet:-1","max-image-preview":"max-image-preview:large","max-video-preview":"max-video-preview:-1"},"canonical":"https:\/\/ceric.ca\/fr\/andrea-christensen\/","og_locale":"fr_FR","og_type":"article","og_title":"Andrea Christensen","og_description":"Intervenante en d\u00e9veloppement de carri\u00e8re et sp\u00e9cialiste de l\u2019apprentissage, Andrea Christensen poss\u00e8de de l\u2019exp\u00e9rience en enseignement, en formation, en accompagnement et en administration des affaires. Elle [\u2026]","og_url":"https:\/\/ceric.ca\/fr\/andrea-christensen\/","og_site_name":"CERIC","og_image":[{"url":"http:\/\/ceric.ca\/wp-content\/uploads\/2017\/06\/Andrea-C.png","type":"","width":"","height":""}],"twitter_card":"summary_large_image","twitter_misc":{"Dur\u00e9e de lecture estim\u00e9e":"1 minute"},"schema":{"@context":"https:\/\/schema.org","@graph":[{"@type":"WebPage","@id":"https:\/\/ceric.ca\/fr\/andrea-christensen\/","url":"https:\/\/ceric.ca\/fr\/andrea-christensen\/","name":"Andrea Christensen - CERIC","isPartOf":{"@id":"https:\/\/ceric.ca\/#website"},"primaryImageOfPage":{"@id":"https:\/\/ceric.ca\/fr\/andrea-christensen\/#primaryimage"},"image":{"@id":"https:\/\/ceric.ca\/fr\/andrea-christensen\/#primaryimage"},"thumbnailUrl":"http:\/\/ceric.ca\/wp-content\/uploads\/2017\/06\/Andrea-C.png","datePublished":"2017-06-30T17:24:01+00:00","breadcrumb":{"@id":"https:\/\/ceric.ca\/fr\/andrea-christensen\/#breadcrumb"},"inLanguage":"fr-FR","potentialAction":[{"@type":"ReadAction","target":["https:\/\/ceric.ca\/fr\/andrea-christensen\/"]}]},{"@type":"ImageObject","inLanguage":"fr-FR","@id":"https:\/\/ceric.ca\/fr\/andrea-christensen\/#primaryimage","url":"http:\/\/ceric.ca\/wp-content\/uploads\/2017\/06\/Andrea-C.png","contentUrl":"http:\/\/ceric.ca\/wp-content\/uploads\/2017\/06\/Andrea-C.png"},{"@type":"BreadcrumbList","@id":"https:\/\/ceric.ca\/fr\/andrea-christensen\/#breadcrumb","itemListElement":[{"@type":"ListItem","position":1,"name":"Home","item":"https:\/\/ceric.ca\/fr\/ceric-homepage-2025\/"},{"@type":"ListItem","position":2,"name":"Andrea Christensen"}]},{"@type":"WebSite","@id":"https:\/\/ceric.ca\/#website","url":"https:\/\/ceric.ca\/","name":"CERIC","description":"","publisher":{"@id":"https:\/\/ceric.ca\/#organization"},"potentialAction":[{"@type":"SearchAction","target":{"@type":"EntryPoint","urlTemplate":"https:\/\/ceric.ca\/?s={search_term_string}"},"query-input":{"@type":"PropertyValueSpecification","valueRequired":true,"valueName":"search_term_string"}}],"inLanguage":"fr-FR"},{"@type":"Organization","@id":"https:\/\/ceric.ca\/#organization","name":"CERIC","url":"https:\/\/ceric.ca\/","logo":{"@type":"ImageObject","inLanguage":"fr-FR","@id":"https:\/\/ceric.ca\/#\/schema\/logo\/image\/","url":"","contentUrl":"","caption":"CERIC"},"image":{"@id":"https:\/\/ceric.ca\/#\/schema\/logo\/image\/"}}]}},"_links":{"self":[{"href":"https:\/\/ceric.ca\/fr\/wp-json\/wp\/v2\/pages\/20616","targetHints":{"allow":["GET"]}}],"collection":[{"href":"https:\/\/ceric.ca\/fr\/wp-json\/wp\/v2\/pages"}],"about":[{"href":"https:\/\/ceric.ca\/fr\/wp-json\/wp\/v2\/types\/page"}],"author":[{"embeddable":true,"href":"https:\/\/ceric.ca\/fr\/wp-json\/wp\/v2\/users\/30"}],"replies":[{"embeddable":true,"href":"https:\/\/ceric.ca\/fr\/wp-json\/wp\/v2\/comments?post=20616"}],"version-history":[{"count":0,"href":"https:\/\/ceric.ca\/fr\/wp-json\/wp\/v2\/pages\/20616\/revisions"}],"wp:attachment":[{"href":"https:\/\/ceric.ca\/fr\/wp-json\/wp\/v2\/media?parent=20616"}],"curies":[{"name":"wp","href":"https:\/\/api.w.org\/{rel}","templated":true}]}}