{"id":20627,"date":"2017-06-30T13:31:19","date_gmt":"2017-06-30T17:31:19","guid":{"rendered":"http:\/\/ceric.ca\/?page_id=20627\/"},"modified":"2017-06-30T13:31:19","modified_gmt":"2017-06-30T17:31:19","slug":"janice-graham-migel","status":"publish","type":"page","link":"https:\/\/ceric.ca\/fr\/janice-graham-migel\/","title":{"rendered":"Janice Graham-Migel"},"content":{"rendered":"<p><img decoding=\"async\" class=\"size-full wp-image-20625 alignleft\" src=\"http:\/\/ceric.ca\/wp-content\/uploads\/2017\/06\/Janice-DR.png\" alt=\"\" width=\"128\" height=\"140\" srcset=\"https:\/\/ceric.ca\/wp-content\/uploads\/2017\/06\/Janice-DR.png 128w, https:\/\/ceric.ca\/wp-content\/uploads\/2017\/06\/Janice-DR-98x107.png 98w\" sizes=\"(max-width:767px) 128px, 128px\" \/>Janice Graham-Migel est conseill\u00e8re scolaire au Conseil scolaire r\u00e9gional de Halifax. Elle est professeure adjointe \u00e0 l\u2019Universit\u00e9 Acadia, o\u00f9 elle donne des cours de deuxi\u00e8me cycle \u00e0 temps partiel. En\u00a02008, Janice a obtenu un doctorat en administration scolaire de l\u2019Universit\u00e9 de Toronto. Sa recherche et son enseignement se concentrent sur les programmes complets d\u2019orientation en milieu scolaire et le leadership partag\u00e9, ainsi que sur la collaboration entre l\u2019enseignement et la sant\u00e9 dans le contexte de la r\u00e9forme scolaire. Janice a pr\u00e9sid\u00e9 la Nova Scotia School Counsellors Association et la Section des conseillers en milieu scolaire de l\u2019Association canadienne de counseling et de psychoth\u00e9rapie. Elle pr\u00e9side le Comit\u00e9 national de counseling scolaire de la Section. Janice d\u00e9tient les titres de conseill\u00e8re canadienne certifi\u00e9e (CCC) et de conseill\u00e8re canadienne certifi\u00e9e\u00a0\u2013 superviseure (CCC-S) de l\u2019Association canadienne de counseling et de psychoth\u00e9rapie, ainsi que le titre de th\u00e9rapeute d\u2019orientation autoris\u00e9e (Registered Counselling Therapist, RCT) du Nova Scotia College of Counselling Therapists.<\/p>\n","protected":false},"excerpt":{"rendered":"<p>Janice Graham-Migel est conseill\u00e8re scolaire au Conseil scolaire r\u00e9gional de Halifax. Elle est professeure adjointe \u00e0 l\u2019Universit\u00e9 Acadia, o\u00f9 elle donne des cours de deuxi\u00e8me cycle<span class=\"excerpt-hellip\"> [\u2026]<\/span><\/p>\n","protected":false},"author":30,"featured_media":0,"parent":0,"menu_order":0,"comment_status":"closed","ping_status":"closed","template":"","meta":{"h5ap_radio_sources":[],"footnotes":""},"class_list":["post-20627","page","type-page","status-publish","hentry"],"yoast_head":"<!-- This site is optimized with the Yoast SEO Premium plugin v27.3 (Yoast SEO v27.3) - https:\/\/yoast.com\/product\/yoast-seo-premium-wordpress\/ -->\n<title>Janice Graham-Migel - CERIC<\/title>\n<meta name=\"robots\" content=\"index, follow, max-snippet:-1, max-image-preview:large, max-video-preview:-1\" \/>\n<link rel=\"canonical\" href=\"https:\/\/ceric.ca\/fr\/janice-graham-migel\/\" \/>\n<meta property=\"og:locale\" content=\"fr_FR\" \/>\n<meta property=\"og:type\" content=\"article\" \/>\n<meta property=\"og:title\" content=\"Janice Graham-Migel\" \/>\n<meta property=\"og:description\" content=\"Janice Graham-Migel est conseill\u00e8re scolaire au Conseil scolaire r\u00e9gional de Halifax. Elle est professeure adjointe \u00e0 l\u2019Universit\u00e9 Acadia, o\u00f9 elle donne des cours de deuxi\u00e8me cycle [\u2026]\" \/>\n<meta property=\"og:url\" content=\"https:\/\/ceric.ca\/fr\/janice-graham-migel\/\" \/>\n<meta property=\"og:site_name\" content=\"CERIC\" \/>\n<meta property=\"og:image\" content=\"http:\/\/ceric.ca\/wp-content\/uploads\/2017\/06\/Janice-DR.png\" \/>\n<meta name=\"twitter:card\" content=\"summary_large_image\" \/>\n<meta name=\"twitter:label1\" content=\"Dur\u00e9e de lecture estim\u00e9e\" \/>\n\t<meta name=\"twitter:data1\" content=\"1 minute\" \/>\n<script type=\"application\/ld+json\" class=\"yoast-schema-graph\">{\"@context\":\"https:\\\/\\\/schema.org\",\"@graph\":[{\"@type\":\"WebPage\",\"@id\":\"https:\\\/\\\/ceric.ca\\\/fr\\\/janice-graham-migel\\\/\",\"url\":\"https:\\\/\\\/ceric.ca\\\/fr\\\/janice-graham-migel\\\/\",\"name\":\"Janice Graham-Migel - CERIC\",\"isPartOf\":{\"@id\":\"https:\\\/\\\/ceric.ca\\\/#website\"},\"primaryImageOfPage\":{\"@id\":\"https:\\\/\\\/ceric.ca\\\/fr\\\/janice-graham-migel\\\/#primaryimage\"},\"image\":{\"@id\":\"https:\\\/\\\/ceric.ca\\\/fr\\\/janice-graham-migel\\\/#primaryimage\"},\"thumbnailUrl\":\"http:\\\/\\\/ceric.ca\\\/wp-content\\\/uploads\\\/2017\\\/06\\\/Janice-DR.png\",\"datePublished\":\"2017-06-30T17:31:19+00:00\",\"breadcrumb\":{\"@id\":\"https:\\\/\\\/ceric.ca\\\/fr\\\/janice-graham-migel\\\/#breadcrumb\"},\"inLanguage\":\"fr-FR\",\"potentialAction\":[{\"@type\":\"ReadAction\",\"target\":[\"https:\\\/\\\/ceric.ca\\\/fr\\\/janice-graham-migel\\\/\"]}]},{\"@type\":\"ImageObject\",\"inLanguage\":\"fr-FR\",\"@id\":\"https:\\\/\\\/ceric.ca\\\/fr\\\/janice-graham-migel\\\/#primaryimage\",\"url\":\"http:\\\/\\\/ceric.ca\\\/wp-content\\\/uploads\\\/2017\\\/06\\\/Janice-DR.png\",\"contentUrl\":\"http:\\\/\\\/ceric.ca\\\/wp-content\\\/uploads\\\/2017\\\/06\\\/Janice-DR.png\"},{\"@type\":\"BreadcrumbList\",\"@id\":\"https:\\\/\\\/ceric.ca\\\/fr\\\/janice-graham-migel\\\/#breadcrumb\",\"itemListElement\":[{\"@type\":\"ListItem\",\"position\":1,\"name\":\"Home\",\"item\":\"https:\\\/\\\/ceric.ca\\\/fr\\\/ceric-homepage-2025\\\/\"},{\"@type\":\"ListItem\",\"position\":2,\"name\":\"Janice Graham-Migel\"}]},{\"@type\":\"WebSite\",\"@id\":\"https:\\\/\\\/ceric.ca\\\/#website\",\"url\":\"https:\\\/\\\/ceric.ca\\\/\",\"name\":\"CERIC\",\"description\":\"\",\"publisher\":{\"@id\":\"https:\\\/\\\/ceric.ca\\\/#organization\"},\"potentialAction\":[{\"@type\":\"SearchAction\",\"target\":{\"@type\":\"EntryPoint\",\"urlTemplate\":\"https:\\\/\\\/ceric.ca\\\/?s={search_term_string}\"},\"query-input\":{\"@type\":\"PropertyValueSpecification\",\"valueRequired\":true,\"valueName\":\"search_term_string\"}}],\"inLanguage\":\"fr-FR\"},{\"@type\":\"Organization\",\"@id\":\"https:\\\/\\\/ceric.ca\\\/#organization\",\"name\":\"CERIC\",\"url\":\"https:\\\/\\\/ceric.ca\\\/\",\"logo\":{\"@type\":\"ImageObject\",\"inLanguage\":\"fr-FR\",\"@id\":\"https:\\\/\\\/ceric.ca\\\/#\\\/schema\\\/logo\\\/image\\\/\",\"url\":\"\",\"contentUrl\":\"\",\"caption\":\"CERIC\"},\"image\":{\"@id\":\"https:\\\/\\\/ceric.ca\\\/#\\\/schema\\\/logo\\\/image\\\/\"}}]}<\/script>\n<!-- \/ Yoast SEO Premium plugin. -->","yoast_head_json":{"title":"Janice Graham-Migel - CERIC","robots":{"index":"index","follow":"follow","max-snippet":"max-snippet:-1","max-image-preview":"max-image-preview:large","max-video-preview":"max-video-preview:-1"},"canonical":"https:\/\/ceric.ca\/fr\/janice-graham-migel\/","og_locale":"fr_FR","og_type":"article","og_title":"Janice Graham-Migel","og_description":"Janice Graham-Migel est conseill\u00e8re scolaire au Conseil scolaire r\u00e9gional de Halifax. Elle est professeure adjointe \u00e0 l\u2019Universit\u00e9 Acadia, o\u00f9 elle donne des cours de deuxi\u00e8me cycle [\u2026]","og_url":"https:\/\/ceric.ca\/fr\/janice-graham-migel\/","og_site_name":"CERIC","og_image":[{"url":"http:\/\/ceric.ca\/wp-content\/uploads\/2017\/06\/Janice-DR.png","type":"","width":"","height":""}],"twitter_card":"summary_large_image","twitter_misc":{"Dur\u00e9e de lecture estim\u00e9e":"1 minute"},"schema":{"@context":"https:\/\/schema.org","@graph":[{"@type":"WebPage","@id":"https:\/\/ceric.ca\/fr\/janice-graham-migel\/","url":"https:\/\/ceric.ca\/fr\/janice-graham-migel\/","name":"Janice Graham-Migel - CERIC","isPartOf":{"@id":"https:\/\/ceric.ca\/#website"},"primaryImageOfPage":{"@id":"https:\/\/ceric.ca\/fr\/janice-graham-migel\/#primaryimage"},"image":{"@id":"https:\/\/ceric.ca\/fr\/janice-graham-migel\/#primaryimage"},"thumbnailUrl":"http:\/\/ceric.ca\/wp-content\/uploads\/2017\/06\/Janice-DR.png","datePublished":"2017-06-30T17:31:19+00:00","breadcrumb":{"@id":"https:\/\/ceric.ca\/fr\/janice-graham-migel\/#breadcrumb"},"inLanguage":"fr-FR","potentialAction":[{"@type":"ReadAction","target":["https:\/\/ceric.ca\/fr\/janice-graham-migel\/"]}]},{"@type":"ImageObject","inLanguage":"fr-FR","@id":"https:\/\/ceric.ca\/fr\/janice-graham-migel\/#primaryimage","url":"http:\/\/ceric.ca\/wp-content\/uploads\/2017\/06\/Janice-DR.png","contentUrl":"http:\/\/ceric.ca\/wp-content\/uploads\/2017\/06\/Janice-DR.png"},{"@type":"BreadcrumbList","@id":"https:\/\/ceric.ca\/fr\/janice-graham-migel\/#breadcrumb","itemListElement":[{"@type":"ListItem","position":1,"name":"Home","item":"https:\/\/ceric.ca\/fr\/ceric-homepage-2025\/"},{"@type":"ListItem","position":2,"name":"Janice Graham-Migel"}]},{"@type":"WebSite","@id":"https:\/\/ceric.ca\/#website","url":"https:\/\/ceric.ca\/","name":"CERIC","description":"","publisher":{"@id":"https:\/\/ceric.ca\/#organization"},"potentialAction":[{"@type":"SearchAction","target":{"@type":"EntryPoint","urlTemplate":"https:\/\/ceric.ca\/?s={search_term_string}"},"query-input":{"@type":"PropertyValueSpecification","valueRequired":true,"valueName":"search_term_string"}}],"inLanguage":"fr-FR"},{"@type":"Organization","@id":"https:\/\/ceric.ca\/#organization","name":"CERIC","url":"https:\/\/ceric.ca\/","logo":{"@type":"ImageObject","inLanguage":"fr-FR","@id":"https:\/\/ceric.ca\/#\/schema\/logo\/image\/","url":"","contentUrl":"","caption":"CERIC"},"image":{"@id":"https:\/\/ceric.ca\/#\/schema\/logo\/image\/"}}]}},"_links":{"self":[{"href":"https:\/\/ceric.ca\/fr\/wp-json\/wp\/v2\/pages\/20627","targetHints":{"allow":["GET"]}}],"collection":[{"href":"https:\/\/ceric.ca\/fr\/wp-json\/wp\/v2\/pages"}],"about":[{"href":"https:\/\/ceric.ca\/fr\/wp-json\/wp\/v2\/types\/page"}],"author":[{"embeddable":true,"href":"https:\/\/ceric.ca\/fr\/wp-json\/wp\/v2\/users\/30"}],"replies":[{"embeddable":true,"href":"https:\/\/ceric.ca\/fr\/wp-json\/wp\/v2\/comments?post=20627"}],"version-history":[{"count":0,"href":"https:\/\/ceric.ca\/fr\/wp-json\/wp\/v2\/pages\/20627\/revisions"}],"wp:attachment":[{"href":"https:\/\/ceric.ca\/fr\/wp-json\/wp\/v2\/media?parent=20627"}],"curies":[{"name":"wp","href":"https:\/\/api.w.org\/{rel}","templated":true}]}}