{"id":20642,"date":"2017-06-30T13:39:25","date_gmt":"2017-06-30T17:39:25","guid":{"rendered":"http:\/\/ceric.ca\/?page_id=20642\/"},"modified":"2017-06-30T13:39:25","modified_gmt":"2017-06-30T17:39:25","slug":"zarina-giannone","status":"publish","type":"page","link":"https:\/\/ceric.ca\/fr\/zarina-giannone\/","title":{"rendered":"Zarina Giannone"},"content":{"rendered":"<p><img decoding=\"async\" class=\"alignleft size-full wp-image-20640\" src=\"http:\/\/ceric.ca\/wp-content\/uploads\/2017\/06\/Zarina-G.png\" alt=\"\" width=\"128\" height=\"140\" srcset=\"https:\/\/ceric.ca\/wp-content\/uploads\/2017\/06\/Zarina-G.png 128w, https:\/\/ceric.ca\/wp-content\/uploads\/2017\/06\/Zarina-G-98x107.png 98w\" sizes=\"(max-width:767px) 128px, 128px\" \/>Zarina Giannone est doctorante en psychologie de l\u2019orientation \u00e0 l\u2019Universit\u00e9 de la Colombie-Britannique, sous la supervision des docteurs David Kealy et Daniel Cox. Elle a \u00e9galement obtenu un baccalaur\u00e9at (en psychologie, en\u00a02012) et une ma\u00eetrise (en psychologie de l\u2019orientation, en\u00a02016) de l\u2019Universit\u00e9 de la Colombie-Britannique. Ses ant\u00e9c\u00e9dents d\u2019athl\u00e8te, dans l\u2019\u00c9quipe nationale canadienne de soccer (jeunesse) et l\u2019\u00e9quipe f\u00e9minine de soccer de l\u2019Universit\u00e9 ont inspir\u00e9 sa recherche et son travail clinique aupr\u00e8s des athl\u00e8tes. Zarina\u00a0est laur\u00e9ate de plusieurs prix universitaires prestigieux, dont la bourse Joseph-Armand Bombardier (bourse de ma\u00eetrise et de doctorat du CRSH) et une bourse de doctorat de quatre ans (Universit\u00e9 de la Colombie-Britannique).\u00a0Elle se passionne pour le leadership \u00e9tudiant et a r\u00e9cemment termin\u00e9 un mandat de trois ans en tant que membre du conseil d\u2019administration de la Soci\u00e9t\u00e9 canadienne de psychologie. Zarina exerce les fonctions d\u2019adjointe \u00e0 la recherche des cycles sup\u00e9rieurs \u00e0 l\u2019Institut de sant\u00e9 mentale du d\u00e9partement de psychiatrie de l\u2019Universit\u00e9 de la Colombie-Britannique.<\/p>\n","protected":false},"excerpt":{"rendered":"<p>Zarina Giannone est doctorante en psychologie de l\u2019orientation \u00e0 l\u2019Universit\u00e9 de la Colombie-Britannique, sous la supervision des docteurs David Kealy et Daniel Cox. Elle a \u00e9galement<span class=\"excerpt-hellip\"> [\u2026]<\/span><\/p>\n","protected":false},"author":30,"featured_media":0,"parent":0,"menu_order":0,"comment_status":"closed","ping_status":"closed","template":"","meta":{"h5ap_radio_sources":[],"footnotes":""},"class_list":["post-20642","page","type-page","status-publish","hentry"],"yoast_head":"<!-- This site is optimized with the Yoast SEO Premium plugin v27.3 (Yoast SEO v27.3) - https:\/\/yoast.com\/product\/yoast-seo-premium-wordpress\/ -->\n<title>Zarina Giannone - CERIC<\/title>\n<meta name=\"robots\" content=\"index, follow, max-snippet:-1, max-image-preview:large, max-video-preview:-1\" \/>\n<link rel=\"canonical\" href=\"https:\/\/ceric.ca\/fr\/zarina-giannone\/\" \/>\n<meta property=\"og:locale\" content=\"fr_FR\" \/>\n<meta property=\"og:type\" content=\"article\" \/>\n<meta property=\"og:title\" content=\"Zarina Giannone\" \/>\n<meta property=\"og:description\" content=\"Zarina Giannone est doctorante en psychologie de l\u2019orientation \u00e0 l\u2019Universit\u00e9 de la Colombie-Britannique, sous la supervision des docteurs David Kealy et Daniel Cox. Elle a \u00e9galement [\u2026]\" \/>\n<meta property=\"og:url\" content=\"https:\/\/ceric.ca\/fr\/zarina-giannone\/\" \/>\n<meta property=\"og:site_name\" content=\"CERIC\" \/>\n<meta property=\"og:image\" content=\"http:\/\/ceric.ca\/wp-content\/uploads\/2017\/06\/Zarina-G.png\" \/>\n<meta name=\"twitter:card\" content=\"summary_large_image\" \/>\n<meta name=\"twitter:label1\" content=\"Dur\u00e9e de lecture estim\u00e9e\" \/>\n\t<meta name=\"twitter:data1\" content=\"1 minute\" \/>\n<script type=\"application\/ld+json\" class=\"yoast-schema-graph\">{\"@context\":\"https:\\\/\\\/schema.org\",\"@graph\":[{\"@type\":\"WebPage\",\"@id\":\"https:\\\/\\\/ceric.ca\\\/fr\\\/zarina-giannone\\\/\",\"url\":\"https:\\\/\\\/ceric.ca\\\/fr\\\/zarina-giannone\\\/\",\"name\":\"Zarina Giannone - CERIC\",\"isPartOf\":{\"@id\":\"https:\\\/\\\/ceric.ca\\\/#website\"},\"primaryImageOfPage\":{\"@id\":\"https:\\\/\\\/ceric.ca\\\/fr\\\/zarina-giannone\\\/#primaryimage\"},\"image\":{\"@id\":\"https:\\\/\\\/ceric.ca\\\/fr\\\/zarina-giannone\\\/#primaryimage\"},\"thumbnailUrl\":\"http:\\\/\\\/ceric.ca\\\/wp-content\\\/uploads\\\/2017\\\/06\\\/Zarina-G.png\",\"datePublished\":\"2017-06-30T17:39:25+00:00\",\"breadcrumb\":{\"@id\":\"https:\\\/\\\/ceric.ca\\\/fr\\\/zarina-giannone\\\/#breadcrumb\"},\"inLanguage\":\"fr-FR\",\"potentialAction\":[{\"@type\":\"ReadAction\",\"target\":[\"https:\\\/\\\/ceric.ca\\\/fr\\\/zarina-giannone\\\/\"]}]},{\"@type\":\"ImageObject\",\"inLanguage\":\"fr-FR\",\"@id\":\"https:\\\/\\\/ceric.ca\\\/fr\\\/zarina-giannone\\\/#primaryimage\",\"url\":\"http:\\\/\\\/ceric.ca\\\/wp-content\\\/uploads\\\/2017\\\/06\\\/Zarina-G.png\",\"contentUrl\":\"http:\\\/\\\/ceric.ca\\\/wp-content\\\/uploads\\\/2017\\\/06\\\/Zarina-G.png\"},{\"@type\":\"BreadcrumbList\",\"@id\":\"https:\\\/\\\/ceric.ca\\\/fr\\\/zarina-giannone\\\/#breadcrumb\",\"itemListElement\":[{\"@type\":\"ListItem\",\"position\":1,\"name\":\"Home\",\"item\":\"https:\\\/\\\/ceric.ca\\\/fr\\\/ceric-homepage-2025\\\/\"},{\"@type\":\"ListItem\",\"position\":2,\"name\":\"Zarina Giannone\"}]},{\"@type\":\"WebSite\",\"@id\":\"https:\\\/\\\/ceric.ca\\\/#website\",\"url\":\"https:\\\/\\\/ceric.ca\\\/\",\"name\":\"CERIC\",\"description\":\"\",\"publisher\":{\"@id\":\"https:\\\/\\\/ceric.ca\\\/#organization\"},\"potentialAction\":[{\"@type\":\"SearchAction\",\"target\":{\"@type\":\"EntryPoint\",\"urlTemplate\":\"https:\\\/\\\/ceric.ca\\\/?s={search_term_string}\"},\"query-input\":{\"@type\":\"PropertyValueSpecification\",\"valueRequired\":true,\"valueName\":\"search_term_string\"}}],\"inLanguage\":\"fr-FR\"},{\"@type\":\"Organization\",\"@id\":\"https:\\\/\\\/ceric.ca\\\/#organization\",\"name\":\"CERIC\",\"url\":\"https:\\\/\\\/ceric.ca\\\/\",\"logo\":{\"@type\":\"ImageObject\",\"inLanguage\":\"fr-FR\",\"@id\":\"https:\\\/\\\/ceric.ca\\\/#\\\/schema\\\/logo\\\/image\\\/\",\"url\":\"\",\"contentUrl\":\"\",\"caption\":\"CERIC\"},\"image\":{\"@id\":\"https:\\\/\\\/ceric.ca\\\/#\\\/schema\\\/logo\\\/image\\\/\"}}]}<\/script>\n<!-- \/ Yoast SEO Premium plugin. -->","yoast_head_json":{"title":"Zarina Giannone - CERIC","robots":{"index":"index","follow":"follow","max-snippet":"max-snippet:-1","max-image-preview":"max-image-preview:large","max-video-preview":"max-video-preview:-1"},"canonical":"https:\/\/ceric.ca\/fr\/zarina-giannone\/","og_locale":"fr_FR","og_type":"article","og_title":"Zarina Giannone","og_description":"Zarina Giannone est doctorante en psychologie de l\u2019orientation \u00e0 l\u2019Universit\u00e9 de la Colombie-Britannique, sous la supervision des docteurs David Kealy et Daniel Cox. Elle a \u00e9galement [\u2026]","og_url":"https:\/\/ceric.ca\/fr\/zarina-giannone\/","og_site_name":"CERIC","og_image":[{"url":"http:\/\/ceric.ca\/wp-content\/uploads\/2017\/06\/Zarina-G.png","type":"","width":"","height":""}],"twitter_card":"summary_large_image","twitter_misc":{"Dur\u00e9e de lecture estim\u00e9e":"1 minute"},"schema":{"@context":"https:\/\/schema.org","@graph":[{"@type":"WebPage","@id":"https:\/\/ceric.ca\/fr\/zarina-giannone\/","url":"https:\/\/ceric.ca\/fr\/zarina-giannone\/","name":"Zarina Giannone - CERIC","isPartOf":{"@id":"https:\/\/ceric.ca\/#website"},"primaryImageOfPage":{"@id":"https:\/\/ceric.ca\/fr\/zarina-giannone\/#primaryimage"},"image":{"@id":"https:\/\/ceric.ca\/fr\/zarina-giannone\/#primaryimage"},"thumbnailUrl":"http:\/\/ceric.ca\/wp-content\/uploads\/2017\/06\/Zarina-G.png","datePublished":"2017-06-30T17:39:25+00:00","breadcrumb":{"@id":"https:\/\/ceric.ca\/fr\/zarina-giannone\/#breadcrumb"},"inLanguage":"fr-FR","potentialAction":[{"@type":"ReadAction","target":["https:\/\/ceric.ca\/fr\/zarina-giannone\/"]}]},{"@type":"ImageObject","inLanguage":"fr-FR","@id":"https:\/\/ceric.ca\/fr\/zarina-giannone\/#primaryimage","url":"http:\/\/ceric.ca\/wp-content\/uploads\/2017\/06\/Zarina-G.png","contentUrl":"http:\/\/ceric.ca\/wp-content\/uploads\/2017\/06\/Zarina-G.png"},{"@type":"BreadcrumbList","@id":"https:\/\/ceric.ca\/fr\/zarina-giannone\/#breadcrumb","itemListElement":[{"@type":"ListItem","position":1,"name":"Home","item":"https:\/\/ceric.ca\/fr\/ceric-homepage-2025\/"},{"@type":"ListItem","position":2,"name":"Zarina Giannone"}]},{"@type":"WebSite","@id":"https:\/\/ceric.ca\/#website","url":"https:\/\/ceric.ca\/","name":"CERIC","description":"","publisher":{"@id":"https:\/\/ceric.ca\/#organization"},"potentialAction":[{"@type":"SearchAction","target":{"@type":"EntryPoint","urlTemplate":"https:\/\/ceric.ca\/?s={search_term_string}"},"query-input":{"@type":"PropertyValueSpecification","valueRequired":true,"valueName":"search_term_string"}}],"inLanguage":"fr-FR"},{"@type":"Organization","@id":"https:\/\/ceric.ca\/#organization","name":"CERIC","url":"https:\/\/ceric.ca\/","logo":{"@type":"ImageObject","inLanguage":"fr-FR","@id":"https:\/\/ceric.ca\/#\/schema\/logo\/image\/","url":"","contentUrl":"","caption":"CERIC"},"image":{"@id":"https:\/\/ceric.ca\/#\/schema\/logo\/image\/"}}]}},"_links":{"self":[{"href":"https:\/\/ceric.ca\/fr\/wp-json\/wp\/v2\/pages\/20642","targetHints":{"allow":["GET"]}}],"collection":[{"href":"https:\/\/ceric.ca\/fr\/wp-json\/wp\/v2\/pages"}],"about":[{"href":"https:\/\/ceric.ca\/fr\/wp-json\/wp\/v2\/types\/page"}],"author":[{"embeddable":true,"href":"https:\/\/ceric.ca\/fr\/wp-json\/wp\/v2\/users\/30"}],"replies":[{"embeddable":true,"href":"https:\/\/ceric.ca\/fr\/wp-json\/wp\/v2\/comments?post=20642"}],"version-history":[{"count":0,"href":"https:\/\/ceric.ca\/fr\/wp-json\/wp\/v2\/pages\/20642\/revisions"}],"wp:attachment":[{"href":"https:\/\/ceric.ca\/fr\/wp-json\/wp\/v2\/media?parent=20642"}],"curies":[{"name":"wp","href":"https:\/\/api.w.org\/{rel}","templated":true}]}}