{"id":33358,"date":"2019-06-05T10:28:50","date_gmt":"2019-06-05T14:28:50","guid":{"rendered":"https:\/\/ceric.ca\/?page_id=33358"},"modified":"2022-04-06T12:07:29","modified_gmt":"2022-04-06T16:07:29","slug":"printemps-ete-2019","status":"publish","type":"page","link":"https:\/\/ceric.ca\/fr\/magazine-careering\/printemps-ete-2019\/","title":{"rendered":"Printemps-\u00e9t\u00e9 2019"},"content":{"rendered":"<div class=\"wpb-content-wrapper\"><p>[vc_row][vc_column width=\u00a0\u00bb1\/2&Prime;][vc_single_image image=\u00a0\u00bb33968&Prime; onclick=\u00a0\u00bbcustom_link\u00a0\u00bb img_link_target=\u00a0\u00bb_blank\u00a0\u00bb link=\u00a0\u00bbhttps:\/\/ceric.ca\/wp-content\/uploads\/2022\/04\/Careering-Spring-Summer-2019.pdf\u00a0\u00bb][\/vc_column][vc_column width=\u00a0\u00bb1\/2&Prime;]<div class=\"wprt-content-box clearfix \" data-margin=\"\" data-mobimargin=\"\">\r\n\t\t<div class=\"inner\" style=\"\">\r\n\t\t\t<p>[vc_column_text]<\/p>\n<h2>Printemps-\u00e9t\u00e9 2019 : \u00c9valuation de carri\u00e8re<\/h2>\n<p>[\/vc_column_text]<\/p>\n\r\n\t\t<\/div>\r\n\t<\/div>\r\n\t<div class=\"wprt-spacer clearfix\" data-desktop=\"40\" data-mobi=\"25\" data-smobi=\"0\"><\/div><div class=\"button-wrap icon-right has-icon\" style=\"\"><a href=\"https:\/\/www.tfaforms.com\/4736209\" target=\"_blank\" class=\"wprt-button big solid accent\" style=\"border-radius:10px;\">\r\n\t\t<span style=\"\">INSCRIVEZ-VOUS AU MAGAZINE CAREERING <span class=\"icon\" style=\"\"><i class=\"fa fa-envelope-open-o\"><\/i><\/span><\/span>\r\n\t<\/a><\/div><div class=\"wprt-content-box clearfix \" data-margin=\"\" data-mobimargin=\"\">\r\n\t\t<div class=\"inner\" style=\"\">\r\n\t\t\t<p>[vc_column_text](Ainsi qu\u2019aux autres publications du CERIC.)[\/vc_column_text]<\/p>\n\r\n\t\t<\/div>\r\n\t<\/div>\r\n\t<div class=\"wprt-spacer clearfix\" data-desktop=\"40\" data-mobi=\"25\" data-smobi=\"0\"><\/div><div class=\"wprt-content-box clearfix \" data-margin=\"\" data-mobimargin=\"\">\r\n\t\t<div class=\"inner\" style=\"\">\r\n\t\t\t<p>[vc_column_text]<\/p>\n<div class=\"vc_row wpb_row vc_row-fluid\">\n<div class=\"wpb_column vc_column_container vc_col-sm-6\">\n<div class=\"vc_column-inner\">\n<div class=\"wpb_wrapper\">\n<div class=\"wprt-content-box clearfix \" data-margin=\"\" data-mobimargin=\"\">\n<div class=\"inner\">\n<div class=\"wpb_text_column wpb_content_element \">\n<div class=\"wpb_wrapper\">\n<p>Cliquez sur l\u2019image ci-contre pour consulter la version en ligne du magazine\u00a0<em>Careering.<\/em><\/p>\n<\/div>\n<\/div>\n<\/div>\n<\/div>\n<\/div>\n<\/div>\n<\/div>\n<\/div>\n<p>[\/vc_column_text]<\/p>\n\r\n\t\t<\/div>\r\n\t<\/div>[\/vc_column][\/vc_row][vc_row][vc_column]\r\n\t<div class=\"wprt-spacer clearfix\" data-desktop=\"50\" data-mobi=\"35\" data-smobi=\"0\"><\/div>[\/vc_column][\/vc_row][vc_row][vc_column][vc_tta_tabs][vc_tta_section title=\u00a0\u00bbARTICLES DE FOND\u00a0\u00bb tab_id=\u00a0\u00bb1529440522245-b517b9d9-ac60&Prime;][vc_basic_grid post_type=\u00a0\u00bbpost\u00a0\u00bb max_items=\u00a0\u00bb10&Prime; element_width=\u00a0\u00bb6&Prime; item=\u00a0\u00bb49401&Prime; grid_id=\u00a0\u00bbvc_gid:1649261202817-bf92620c-1b92-10&Prime; taxonomies=\u00a0\u00bb802&Prime;][\/vc_tta_section][vc_tta_section title=\u00a0\u00bbSECTIONS\u00a0\u00bb tab_id=\u00a0\u00bb1529440522262-e514826d-ff6f\u00a0\u00bb][vc_basic_grid post_type=\u00a0\u00bbpost\u00a0\u00bb max_items=\u00a0\u00bb10&Prime; element_width=\u00a0\u00bb6&Prime; item=\u00a0\u00bb49401&Prime; grid_id=\u00a0\u00bbvc_gid:1649261202827-446a9ba4-c311-6&Prime; taxonomies=\u00a0\u00bb808&Prime;][\/vc_tta_section][\/vc_tta_tabs]\r\n\t<div class=\"wprt-spacer clearfix\" data-desktop=\"35\" data-mobi=\"25\" data-smobi=\"0\"><\/div><div class=\"wprt-content-box clearfix \" data-margin=\"\" data-mobimargin=\"\">\r\n\t\t<div class=\"inner\" style=\"\">\r\n\t\t\t<div class=\"wprt-spacer clearfix\" data-desktop=\"0\" data-mobi=\"0\" data-smobi=\"0\"><\/div>[vc_column_text]Le prochain num\u00e9ro du magazine <em>Careering<\/em> (automne 2019) portera sur le th\u00e8me des \u00ab\u00a0Changement climatique et carri\u00e8res\u00a0\u00bb.<\/p>\n<p>Nous sommes ouverts \u00e0 un large \u00e9ventail d\u2019articles en lien avec ce th\u00e8me : l\u2019interrelation entre le changement climatique et le d\u00e9veloppement de carri\u00e8re, l&rsquo;impact des changements climatiques sur les industrie existantes et \u00e9mergentes, les carri\u00e8res durables, etc. Veuillez consulter nos directives de soumission et envoyer votre suggestion d&rsquo;article \u00e0: <a href=\"mailto:lindsay@ceric.ca\" target=\"_blank\" rel=\"noopener noreferrer\">lindsay@ceric.ca<\/a> avant <strong>le 28 juin 2019<\/strong>. La date de tomb\u00e9e sera fix\u00e9e au mois de juillet en collaboration avec les auteurs.[\/vc_column_text]\r\n\t<div class=\"wprt-spacer clearfix\" data-desktop=\"50\" data-mobi=\"35\" data-smobi=\"0\"><\/div>[vc_column_text]<\/p>\n<div id=\"content\">\n<div id=\"post-content\">\n<div id=\"content\">\n<div id=\"post-content\">\n<div id=\"content\">\n<div id=\"post-content\">\n<div id=\"content\">\n<div id=\"post-content\">\n<p><em>Les opinions exprim\u00e9es par les contributeurs ne sont pas n\u00e9cessairement celles du CERIC. La mention des programmes, services, produits et initiatives ne constitue pas une approbation de ces \u00e9l\u00e9ments.<\/em><\/p>\n<\/div>\n<\/div>\n<\/div>\n<\/div>\n<\/div>\n<\/div>\n<\/div>\n<\/div>\n<p>[\/vc_column_text]<\/p>\n\r\n\t\t<\/div>\r\n\t<\/div>[\/vc_column][\/vc_row]<\/p>\n<\/div>","protected":false},"excerpt":{"rendered":"<p>[vc_row][vc_column width=\u00a0\u00bb1\/2&Prime;][vc_single_image image=\u00a0\u00bb33968&Prime; onclick=\u00a0\u00bbcustom_link\u00a0\u00bb img_link_target=\u00a0\u00bb_blank\u00a0\u00bb link=\u00a0\u00bbhttps:\/\/ceric.ca\/wp-content\/uploads\/2022\/04\/Careering-Spring-Summer-2019.pdf\u00a0\u00bb][\/vc_column][vc_column width=\u00a0\u00bb1\/2&Prime;][\/vc_column][\/vc_row][vc_row][vc_column][\/vc_column][\/vc_row][vc_row][vc_column][vc_tta_tabs][vc_tta_section title=\u00a0\u00bbARTICLES DE FOND\u00a0\u00bb tab_id=\u00a0\u00bb1529440522245-b517b9d9-ac60&Prime;][vc_basic_grid post_type=\u00a0\u00bbpost\u00a0\u00bb max_items=\u00a0\u00bb10&Prime; element_width=\u00a0\u00bb6&Prime; item=\u00a0\u00bb49401&Prime; grid_id=\u00a0\u00bbvc_gid:1649261202817-bf92620c-1b92-10&Prime; taxonomies=\u00a0\u00bb802&Prime;][\/vc_tta_section][vc_tta_section title=\u00a0\u00bbSECTIONS\u00a0\u00bb tab_id=\u00a0\u00bb1529440522262-e514826d-ff6f\u00a0\u00bb][vc_basic_grid post_type=\u00a0\u00bbpost\u00a0\u00bb max_items=\u00a0\u00bb10&Prime; element_width=\u00a0\u00bb6&Prime; item=\u00a0\u00bb49401&Prime; grid_id=\u00a0\u00bbvc_gid:1649261202827-446a9ba4-c311-6&Prime; taxonomies=\u00a0\u00bb808&Prime;][\/vc_tta_section][\/vc_tta_tabs][\/vc_column][\/vc_row]<\/p>\n","protected":false},"author":21,"featured_media":0,"parent":29190,"menu_order":0,"comment_status":"closed","ping_status":"closed","template":"","meta":{"h5ap_radio_sources":[],"footnotes":""},"class_list":["post-33358","page","type-page","status-publish","hentry"],"yoast_head":"<!-- This site is optimized with the Yoast SEO Premium plugin v27.4 (Yoast SEO v27.4) - https:\/\/yoast.com\/product\/yoast-seo-premium-wordpress\/ -->\n<title>Printemps-\u00e9t\u00e9 2019 - CERIC<\/title>\n<meta name=\"robots\" content=\"index, follow, max-snippet:-1, max-image-preview:large, max-video-preview:-1\" \/>\n<link rel=\"canonical\" href=\"https:\/\/ceric.ca\/fr\/magazine-careering\/printemps-ete-2019\/\" \/>\n<meta property=\"og:locale\" content=\"fr_FR\" \/>\n<meta property=\"og:type\" content=\"article\" \/>\n<meta property=\"og:title\" content=\"Printemps-\u00e9t\u00e9 2019\" \/>\n<meta property=\"og:description\" content=\"[vc_row][vc_column width=\u00a0\u00bb1\/2&Prime;][vc_single_image image=\u00a0\u00bb33968&Prime; onclick=\u00a0\u00bbcustom_link\u00a0\u00bb img_link_target=\u00a0\u00bb_blank\u00a0\u00bb link=\u00a0\u00bbhttps:\/\/ceric.ca\/wp-content\/uploads\/2022\/04\/Careering-Spring-Summer-2019.pdf\u00a0\u00bb][\/vc_column][vc_column width=\u00a0\u00bb1\/2&Prime;][\/vc_column][\/vc_row][vc_row][vc_column][\/vc_column][\/vc_row][vc_row][vc_column][vc_tta_tabs][vc_tta_section title=\u00a0\u00bbARTICLES DE FOND\u00a0\u00bb tab_id=\u00a0\u00bb1529440522245-b517b9d9-ac60&Prime;][vc_basic_grid post_type=\u00a0\u00bbpost\u00a0\u00bb max_items=\u00a0\u00bb10&Prime; element_width=\u00a0\u00bb6&Prime; item=\u00a0\u00bb49401&Prime; grid_id=\u00a0\u00bbvc_gid:1649261202817-bf92620c-1b92-10&Prime; taxonomies=\u00a0\u00bb802&Prime;][\/vc_tta_section][vc_tta_section title=\u00a0\u00bbSECTIONS\u00a0\u00bb tab_id=\u00a0\u00bb1529440522262-e514826d-ff6f\u00a0\u00bb][vc_basic_grid post_type=\u00a0\u00bbpost\u00a0\u00bb max_items=\u00a0\u00bb10&Prime; element_width=\u00a0\u00bb6&Prime; item=\u00a0\u00bb49401&Prime; grid_id=\u00a0\u00bbvc_gid:1649261202827-446a9ba4-c311-6&Prime; taxonomies=\u00a0\u00bb808&Prime;][\/vc_tta_section][\/vc_tta_tabs][\/vc_column][\/vc_row]\" \/>\n<meta property=\"og:url\" content=\"https:\/\/ceric.ca\/fr\/magazine-careering\/printemps-ete-2019\/\" \/>\n<meta property=\"og:site_name\" content=\"CERIC\" \/>\n<meta property=\"article:modified_time\" content=\"2022-04-06T16:07:29+00:00\" \/>\n<meta name=\"twitter:card\" content=\"summary_large_image\" \/>\n<meta name=\"twitter:label1\" content=\"Dur\u00e9e de lecture estim\u00e9e\" \/>\n\t<meta name=\"twitter:data1\" content=\"1 minute\" \/>\n<script type=\"application\/ld+json\" class=\"yoast-schema-graph\">{\"@context\":\"https:\\\/\\\/schema.org\",\"@graph\":[{\"@type\":\"WebPage\",\"@id\":\"https:\\\/\\\/ceric.ca\\\/fr\\\/magazine-careering\\\/printemps-ete-2019\\\/\",\"url\":\"https:\\\/\\\/ceric.ca\\\/fr\\\/magazine-careering\\\/printemps-ete-2019\\\/\",\"name\":\"Printemps-\u00e9t\u00e9 2019 - CERIC\",\"isPartOf\":{\"@id\":\"https:\\\/\\\/ceric.ca\\\/#website\"},\"datePublished\":\"2019-06-05T14:28:50+00:00\",\"dateModified\":\"2022-04-06T16:07:29+00:00\",\"breadcrumb\":{\"@id\":\"https:\\\/\\\/ceric.ca\\\/fr\\\/magazine-careering\\\/printemps-ete-2019\\\/#breadcrumb\"},\"inLanguage\":\"fr-FR\",\"potentialAction\":[{\"@type\":\"ReadAction\",\"target\":[\"https:\\\/\\\/ceric.ca\\\/fr\\\/magazine-careering\\\/printemps-ete-2019\\\/\"]}]},{\"@type\":\"BreadcrumbList\",\"@id\":\"https:\\\/\\\/ceric.ca\\\/fr\\\/magazine-careering\\\/printemps-ete-2019\\\/#breadcrumb\",\"itemListElement\":[{\"@type\":\"ListItem\",\"position\":1,\"name\":\"Home\",\"item\":\"https:\\\/\\\/ceric.ca\\\/fr\\\/ceric-homepage-2025\\\/\"},{\"@type\":\"ListItem\",\"position\":2,\"name\":\"Magazine Careering\",\"item\":\"https:\\\/\\\/ceric.ca\\\/fr\\\/magazine-careering\\\/\"},{\"@type\":\"ListItem\",\"position\":3,\"name\":\"Printemps-\u00e9t\u00e9 2019\"}]},{\"@type\":\"WebSite\",\"@id\":\"https:\\\/\\\/ceric.ca\\\/#website\",\"url\":\"https:\\\/\\\/ceric.ca\\\/\",\"name\":\"CERIC\",\"description\":\"\",\"publisher\":{\"@id\":\"https:\\\/\\\/ceric.ca\\\/#organization\"},\"potentialAction\":[{\"@type\":\"SearchAction\",\"target\":{\"@type\":\"EntryPoint\",\"urlTemplate\":\"https:\\\/\\\/ceric.ca\\\/?s={search_term_string}\"},\"query-input\":{\"@type\":\"PropertyValueSpecification\",\"valueRequired\":true,\"valueName\":\"search_term_string\"}}],\"inLanguage\":\"fr-FR\"},{\"@type\":\"Organization\",\"@id\":\"https:\\\/\\\/ceric.ca\\\/#organization\",\"name\":\"CERIC\",\"url\":\"https:\\\/\\\/ceric.ca\\\/\",\"logo\":{\"@type\":\"ImageObject\",\"inLanguage\":\"fr-FR\",\"@id\":\"https:\\\/\\\/ceric.ca\\\/#\\\/schema\\\/logo\\\/image\\\/\",\"url\":\"\",\"contentUrl\":\"\",\"caption\":\"CERIC\"},\"image\":{\"@id\":\"https:\\\/\\\/ceric.ca\\\/#\\\/schema\\\/logo\\\/image\\\/\"}}]}<\/script>\n<!-- \/ Yoast SEO Premium plugin. -->","yoast_head_json":{"title":"Printemps-\u00e9t\u00e9 2019 - CERIC","robots":{"index":"index","follow":"follow","max-snippet":"max-snippet:-1","max-image-preview":"max-image-preview:large","max-video-preview":"max-video-preview:-1"},"canonical":"https:\/\/ceric.ca\/fr\/magazine-careering\/printemps-ete-2019\/","og_locale":"fr_FR","og_type":"article","og_title":"Printemps-\u00e9t\u00e9 2019","og_description":"[vc_row][vc_column width=\u00a0\u00bb1\/2&Prime;][vc_single_image image=\u00a0\u00bb33968&Prime; onclick=\u00a0\u00bbcustom_link\u00a0\u00bb img_link_target=\u00a0\u00bb_blank\u00a0\u00bb link=\u00a0\u00bbhttps:\/\/ceric.ca\/wp-content\/uploads\/2022\/04\/Careering-Spring-Summer-2019.pdf\u00a0\u00bb][\/vc_column][vc_column width=\u00a0\u00bb1\/2&Prime;][\/vc_column][\/vc_row][vc_row][vc_column][\/vc_column][\/vc_row][vc_row][vc_column][vc_tta_tabs][vc_tta_section title=\u00a0\u00bbARTICLES DE FOND\u00a0\u00bb tab_id=\u00a0\u00bb1529440522245-b517b9d9-ac60&Prime;][vc_basic_grid post_type=\u00a0\u00bbpost\u00a0\u00bb max_items=\u00a0\u00bb10&Prime; element_width=\u00a0\u00bb6&Prime; item=\u00a0\u00bb49401&Prime; grid_id=\u00a0\u00bbvc_gid:1649261202817-bf92620c-1b92-10&Prime; taxonomies=\u00a0\u00bb802&Prime;][\/vc_tta_section][vc_tta_section title=\u00a0\u00bbSECTIONS\u00a0\u00bb tab_id=\u00a0\u00bb1529440522262-e514826d-ff6f\u00a0\u00bb][vc_basic_grid post_type=\u00a0\u00bbpost\u00a0\u00bb max_items=\u00a0\u00bb10&Prime; element_width=\u00a0\u00bb6&Prime; item=\u00a0\u00bb49401&Prime; grid_id=\u00a0\u00bbvc_gid:1649261202827-446a9ba4-c311-6&Prime; taxonomies=\u00a0\u00bb808&Prime;][\/vc_tta_section][\/vc_tta_tabs][\/vc_column][\/vc_row]","og_url":"https:\/\/ceric.ca\/fr\/magazine-careering\/printemps-ete-2019\/","og_site_name":"CERIC","article_modified_time":"2022-04-06T16:07:29+00:00","twitter_card":"summary_large_image","twitter_misc":{"Dur\u00e9e de lecture estim\u00e9e":"1 minute"},"schema":{"@context":"https:\/\/schema.org","@graph":[{"@type":"WebPage","@id":"https:\/\/ceric.ca\/fr\/magazine-careering\/printemps-ete-2019\/","url":"https:\/\/ceric.ca\/fr\/magazine-careering\/printemps-ete-2019\/","name":"Printemps-\u00e9t\u00e9 2019 - CERIC","isPartOf":{"@id":"https:\/\/ceric.ca\/#website"},"datePublished":"2019-06-05T14:28:50+00:00","dateModified":"2022-04-06T16:07:29+00:00","breadcrumb":{"@id":"https:\/\/ceric.ca\/fr\/magazine-careering\/printemps-ete-2019\/#breadcrumb"},"inLanguage":"fr-FR","potentialAction":[{"@type":"ReadAction","target":["https:\/\/ceric.ca\/fr\/magazine-careering\/printemps-ete-2019\/"]}]},{"@type":"BreadcrumbList","@id":"https:\/\/ceric.ca\/fr\/magazine-careering\/printemps-ete-2019\/#breadcrumb","itemListElement":[{"@type":"ListItem","position":1,"name":"Home","item":"https:\/\/ceric.ca\/fr\/ceric-homepage-2025\/"},{"@type":"ListItem","position":2,"name":"Magazine Careering","item":"https:\/\/ceric.ca\/fr\/magazine-careering\/"},{"@type":"ListItem","position":3,"name":"Printemps-\u00e9t\u00e9 2019"}]},{"@type":"WebSite","@id":"https:\/\/ceric.ca\/#website","url":"https:\/\/ceric.ca\/","name":"CERIC","description":"","publisher":{"@id":"https:\/\/ceric.ca\/#organization"},"potentialAction":[{"@type":"SearchAction","target":{"@type":"EntryPoint","urlTemplate":"https:\/\/ceric.ca\/?s={search_term_string}"},"query-input":{"@type":"PropertyValueSpecification","valueRequired":true,"valueName":"search_term_string"}}],"inLanguage":"fr-FR"},{"@type":"Organization","@id":"https:\/\/ceric.ca\/#organization","name":"CERIC","url":"https:\/\/ceric.ca\/","logo":{"@type":"ImageObject","inLanguage":"fr-FR","@id":"https:\/\/ceric.ca\/#\/schema\/logo\/image\/","url":"","contentUrl":"","caption":"CERIC"},"image":{"@id":"https:\/\/ceric.ca\/#\/schema\/logo\/image\/"}}]}},"_links":{"self":[{"href":"https:\/\/ceric.ca\/fr\/wp-json\/wp\/v2\/pages\/33358","targetHints":{"allow":["GET"]}}],"collection":[{"href":"https:\/\/ceric.ca\/fr\/wp-json\/wp\/v2\/pages"}],"about":[{"href":"https:\/\/ceric.ca\/fr\/wp-json\/wp\/v2\/types\/page"}],"author":[{"embeddable":true,"href":"https:\/\/ceric.ca\/fr\/wp-json\/wp\/v2\/users\/21"}],"replies":[{"embeddable":true,"href":"https:\/\/ceric.ca\/fr\/wp-json\/wp\/v2\/comments?post=33358"}],"version-history":[{"count":0,"href":"https:\/\/ceric.ca\/fr\/wp-json\/wp\/v2\/pages\/33358\/revisions"}],"up":[{"embeddable":true,"href":"https:\/\/ceric.ca\/fr\/wp-json\/wp\/v2\/pages\/29190"}],"wp:attachment":[{"href":"https:\/\/ceric.ca\/fr\/wp-json\/wp\/v2\/media?parent=33358"}],"curies":[{"name":"wp","href":"https:\/\/api.w.org\/{rel}","templated":true}]}}