{"id":33474,"date":"2019-05-10T15:13:04","date_gmt":"2019-05-10T19:13:04","guid":{"rendered":"https:\/\/ceric.ca\/?page_id=33474"},"modified":"2019-05-10T15:13:46","modified_gmt":"2019-05-10T19:13:46","slug":"gsep-ou-sont-ils-maintenant-jessica-londei-shortall","status":"publish","type":"page","link":"https:\/\/ceric.ca\/fr\/gsep-ou-sont-ils-maintenant-jessica-londei-shortall\/","title":{"rendered":"GSEP : O\u00f9 sont-ils maintenant? &#8211; Jessica Londei-Shortall"},"content":{"rendered":"<p><strong><img decoding=\"async\" class=\"size-full wp-image-33272 alignleft\" src=\"https:\/\/ceric.ca\/wp-content\/uploads\/2019\/05\/Jessica.png\" alt=\"\" width=\"150\" height=\"150\" \/>Nom : <\/strong>Jessica\u00a0Londei-Shortall<\/p>\n<p><strong>\u00c9ducation : <\/strong>Docteure en psychologie organisationnelle, Universit\u00e9 de Montr\u00e9al (2019)<\/p>\n<p><strong>Emploi actuel : <\/strong>Consultante en \u00e9valuation et d\u00e9veloppement du leadership pour Optimum Talent<\/p>\n<p>&nbsp;<\/p>\n<ul>\n<li>\n<h4><strong><strong>Enfant, que voulais-tu devenir quand tu serais grande?<\/strong><\/strong><\/h4>\n<\/li>\n<\/ul>\n<p>Tellement de choses\u2026 \u00c0 trois ans, je voulais tenir un magasin de bonbons. Ensuite j\u2019ai voulu \u00eatre \u00e9crivaine, enseignante, puis journaliste. C\u2019est au c\u00e9gep (dans le programme de deux ans d\u2019\u00e9tudes pr\u00e9paratoires \u00e0 l\u2019entr\u00e9e \u00e0 l\u2019universit\u00e9 au Qu\u00e9bec) que j\u2019ai d\u00e9couvert la psychologie et que j\u2019ai d\u00e9cid\u00e9 de devenir psychologue organisationnelle.<\/p>\n<ul>\n<li>\n<h4><strong>Comment t\u2019es-tu int\u00e9ress\u00e9e au d\u00e9veloppement de carri\u00e8re?<\/strong><\/h4>\n<\/li>\n<\/ul>\n<p>Comme j\u2019avais moi-m\u00eame eu du mal \u00e0 faire un choix (et que j\u2019avais constat\u00e9 la m\u00eame ind\u00e9cision chez mes coll\u00e8gues en psychologie), j\u2019ai d\u00e9cid\u00e9 que j\u2019allais aider les autres \u00e0 trouver leur voie. J\u2019ai choisi la psychologue organisationnelle parce qu\u2019elle me permet de toucher \u00e0 plusieurs domaines en plus de l\u2019orientation professionnelle.<\/p>\n<ul>\n<li>\n<h4><strong>Que fais-tu maintenant que tu n\u2019es plus \u00e9tudiante? <\/strong><\/h4>\n<\/li>\n<\/ul>\n<p>Mon r\u00f4le de consultante me donne l\u2019occasion de travailler avec de nombreux types de personnes\u00a0: des contrema\u00eetres, des analystes financiers, des gestionnaires de diff\u00e9rents niveaux \u2013 et j\u2019adore \u00e7a! J\u2019aide les organisations \u00e0 d\u00e9terminer si le titulaire d\u2019un poste donn\u00e9 est la personne qui convient, et je travaille ensuite avec cette personne afin qu\u2019elle comprenne les comp\u00e9tences qu\u2019elle doit acqu\u00e9rir. Ces conversations sont tr\u00e8s enrichissantes.<\/p>\n<ul>\n<li>\n<h4><strong>Comment est-ce que ta participation au programme GSEP a aid\u00e9 ta carri\u00e8re?<\/strong><\/h4>\n<\/li>\n<\/ul>\n<p>Ma participation au programme m\u2019a permis de tisser des liens avec d\u2019autres professionnels en orientation professionnelle, me motive \u00e0 continuer et me donne des outils concrets pour am\u00e9liorer l\u2019exp\u00e9rience des clients. J\u2019ai particip\u00e9 \u00e0 deux congr\u00e8s Cannexus et j\u2019ai tellement appris!<\/p>\n<ul>\n<li>\n<h4><strong>Dis-nous quelque chose de surprenant que tu as appris depuis que tu travailles dans le domaine du d\u00e9veloppement de carri\u00e8re?<\/strong><\/h4>\n<\/li>\n<\/ul>\n<p>Trouver sa route ne suffit pas. Au d\u00e9but de ma carri\u00e8re, je pensais que la majorit\u00e9 des gens avaient seulement besoin de conseils et qu\u2019ils pourraient ensuite r\u00e9aliser leurs r\u00eaves. J\u2019ai maintenant compris que beaucoup de personnes savent ce qui les motive, mais qu\u2019elles ont peur ou ne savent pas comment s\u2019y prendre pour atteindre leur but. Mon travail est de les accompagner \u00e0 chacune des \u00e9tapes de leur parcours, pas seulement de leur fournir une carte \u2013 elles peuvent avoir besoin d\u2019une boussole ou d\u2019une gourde d\u2019eau, par exemple.<\/p>\n","protected":false},"excerpt":{"rendered":"<p>Nom : Jessica\u00a0Londei-Shortall \u00c9ducation : Docteure en psychologie organisationnelle, Universit\u00e9 de Montr\u00e9al (2019) Emploi actuel : Consultante en \u00e9valuation et d\u00e9veloppement du leadership pour Optimum Talent<span class=\"excerpt-hellip\"> [\u2026]<\/span><\/p>\n","protected":false},"author":30,"featured_media":0,"parent":0,"menu_order":0,"comment_status":"closed","ping_status":"closed","template":"","meta":{"h5ap_radio_sources":[],"footnotes":""},"class_list":["post-33474","page","type-page","status-publish","hentry"],"yoast_head":"<!-- This site is optimized with the Yoast SEO Premium plugin v27.3 (Yoast SEO v27.3) - https:\/\/yoast.com\/product\/yoast-seo-premium-wordpress\/ -->\n<title>GSEP : O\u00f9 sont-ils maintenant? - Jessica Londei-Shortall - CERIC<\/title>\n<meta name=\"robots\" content=\"index, follow, max-snippet:-1, max-image-preview:large, max-video-preview:-1\" \/>\n<link rel=\"canonical\" href=\"https:\/\/ceric.ca\/fr\/gsep-ou-sont-ils-maintenant-jessica-londei-shortall\/\" \/>\n<meta property=\"og:locale\" content=\"fr_FR\" \/>\n<meta property=\"og:type\" content=\"article\" \/>\n<meta property=\"og:title\" content=\"GSEP : O\u00f9 sont-ils maintenant? - Jessica Londei-Shortall\" \/>\n<meta property=\"og:description\" content=\"Nom : Jessica\u00a0Londei-Shortall \u00c9ducation : Docteure en psychologie organisationnelle, Universit\u00e9 de Montr\u00e9al (2019) Emploi actuel : Consultante en \u00e9valuation et d\u00e9veloppement du leadership pour Optimum Talent [\u2026]\" \/>\n<meta property=\"og:url\" content=\"https:\/\/ceric.ca\/fr\/gsep-ou-sont-ils-maintenant-jessica-londei-shortall\/\" \/>\n<meta property=\"og:site_name\" content=\"CERIC\" \/>\n<meta property=\"article:modified_time\" content=\"2019-05-10T19:13:46+00:00\" \/>\n<meta property=\"og:image\" content=\"https:\/\/ceric.ca\/wp-content\/uploads\/2019\/05\/Jessica.png\" \/>\n<meta name=\"twitter:card\" content=\"summary_large_image\" \/>\n<meta name=\"twitter:label1\" content=\"Dur\u00e9e de lecture estim\u00e9e\" \/>\n\t<meta name=\"twitter:data1\" content=\"2 minutes\" \/>\n<script type=\"application\/ld+json\" class=\"yoast-schema-graph\">{\"@context\":\"https:\\\/\\\/schema.org\",\"@graph\":[{\"@type\":\"WebPage\",\"@id\":\"https:\\\/\\\/ceric.ca\\\/fr\\\/gsep-ou-sont-ils-maintenant-jessica-londei-shortall\\\/\",\"url\":\"https:\\\/\\\/ceric.ca\\\/fr\\\/gsep-ou-sont-ils-maintenant-jessica-londei-shortall\\\/\",\"name\":\"GSEP : O\u00f9 sont-ils maintenant? - Jessica Londei-Shortall - CERIC\",\"isPartOf\":{\"@id\":\"https:\\\/\\\/ceric.ca\\\/#website\"},\"primaryImageOfPage\":{\"@id\":\"https:\\\/\\\/ceric.ca\\\/fr\\\/gsep-ou-sont-ils-maintenant-jessica-londei-shortall\\\/#primaryimage\"},\"image\":{\"@id\":\"https:\\\/\\\/ceric.ca\\\/fr\\\/gsep-ou-sont-ils-maintenant-jessica-londei-shortall\\\/#primaryimage\"},\"thumbnailUrl\":\"https:\\\/\\\/ceric.ca\\\/wp-content\\\/uploads\\\/2019\\\/05\\\/Jessica.png\",\"datePublished\":\"2019-05-10T19:13:04+00:00\",\"dateModified\":\"2019-05-10T19:13:46+00:00\",\"breadcrumb\":{\"@id\":\"https:\\\/\\\/ceric.ca\\\/fr\\\/gsep-ou-sont-ils-maintenant-jessica-londei-shortall\\\/#breadcrumb\"},\"inLanguage\":\"fr-FR\",\"potentialAction\":[{\"@type\":\"ReadAction\",\"target\":[\"https:\\\/\\\/ceric.ca\\\/fr\\\/gsep-ou-sont-ils-maintenant-jessica-londei-shortall\\\/\"]}]},{\"@type\":\"ImageObject\",\"inLanguage\":\"fr-FR\",\"@id\":\"https:\\\/\\\/ceric.ca\\\/fr\\\/gsep-ou-sont-ils-maintenant-jessica-londei-shortall\\\/#primaryimage\",\"url\":\"https:\\\/\\\/ceric.ca\\\/wp-content\\\/uploads\\\/2019\\\/05\\\/Jessica.png\",\"contentUrl\":\"https:\\\/\\\/ceric.ca\\\/wp-content\\\/uploads\\\/2019\\\/05\\\/Jessica.png\"},{\"@type\":\"BreadcrumbList\",\"@id\":\"https:\\\/\\\/ceric.ca\\\/fr\\\/gsep-ou-sont-ils-maintenant-jessica-londei-shortall\\\/#breadcrumb\",\"itemListElement\":[{\"@type\":\"ListItem\",\"position\":1,\"name\":\"Home\",\"item\":\"https:\\\/\\\/ceric.ca\\\/fr\\\/ceric-homepage-2025\\\/\"},{\"@type\":\"ListItem\",\"position\":2,\"name\":\"GSEP : O\u00f9 sont-ils maintenant? &#8211; Jessica Londei-Shortall\"}]},{\"@type\":\"WebSite\",\"@id\":\"https:\\\/\\\/ceric.ca\\\/#website\",\"url\":\"https:\\\/\\\/ceric.ca\\\/\",\"name\":\"CERIC\",\"description\":\"\",\"publisher\":{\"@id\":\"https:\\\/\\\/ceric.ca\\\/#organization\"},\"potentialAction\":[{\"@type\":\"SearchAction\",\"target\":{\"@type\":\"EntryPoint\",\"urlTemplate\":\"https:\\\/\\\/ceric.ca\\\/?s={search_term_string}\"},\"query-input\":{\"@type\":\"PropertyValueSpecification\",\"valueRequired\":true,\"valueName\":\"search_term_string\"}}],\"inLanguage\":\"fr-FR\"},{\"@type\":\"Organization\",\"@id\":\"https:\\\/\\\/ceric.ca\\\/#organization\",\"name\":\"CERIC\",\"url\":\"https:\\\/\\\/ceric.ca\\\/\",\"logo\":{\"@type\":\"ImageObject\",\"inLanguage\":\"fr-FR\",\"@id\":\"https:\\\/\\\/ceric.ca\\\/#\\\/schema\\\/logo\\\/image\\\/\",\"url\":\"\",\"contentUrl\":\"\",\"caption\":\"CERIC\"},\"image\":{\"@id\":\"https:\\\/\\\/ceric.ca\\\/#\\\/schema\\\/logo\\\/image\\\/\"}}]}<\/script>\n<!-- \/ Yoast SEO Premium plugin. -->","yoast_head_json":{"title":"GSEP : O\u00f9 sont-ils maintenant? - Jessica Londei-Shortall - CERIC","robots":{"index":"index","follow":"follow","max-snippet":"max-snippet:-1","max-image-preview":"max-image-preview:large","max-video-preview":"max-video-preview:-1"},"canonical":"https:\/\/ceric.ca\/fr\/gsep-ou-sont-ils-maintenant-jessica-londei-shortall\/","og_locale":"fr_FR","og_type":"article","og_title":"GSEP : O\u00f9 sont-ils maintenant? - Jessica Londei-Shortall","og_description":"Nom : Jessica\u00a0Londei-Shortall \u00c9ducation : Docteure en psychologie organisationnelle, Universit\u00e9 de Montr\u00e9al (2019) Emploi actuel : Consultante en \u00e9valuation et d\u00e9veloppement du leadership pour Optimum Talent [\u2026]","og_url":"https:\/\/ceric.ca\/fr\/gsep-ou-sont-ils-maintenant-jessica-londei-shortall\/","og_site_name":"CERIC","article_modified_time":"2019-05-10T19:13:46+00:00","og_image":[{"url":"https:\/\/ceric.ca\/wp-content\/uploads\/2019\/05\/Jessica.png","type":"","width":"","height":""}],"twitter_card":"summary_large_image","twitter_misc":{"Dur\u00e9e de lecture estim\u00e9e":"2 minutes"},"schema":{"@context":"https:\/\/schema.org","@graph":[{"@type":"WebPage","@id":"https:\/\/ceric.ca\/fr\/gsep-ou-sont-ils-maintenant-jessica-londei-shortall\/","url":"https:\/\/ceric.ca\/fr\/gsep-ou-sont-ils-maintenant-jessica-londei-shortall\/","name":"GSEP : O\u00f9 sont-ils maintenant? - Jessica Londei-Shortall - CERIC","isPartOf":{"@id":"https:\/\/ceric.ca\/#website"},"primaryImageOfPage":{"@id":"https:\/\/ceric.ca\/fr\/gsep-ou-sont-ils-maintenant-jessica-londei-shortall\/#primaryimage"},"image":{"@id":"https:\/\/ceric.ca\/fr\/gsep-ou-sont-ils-maintenant-jessica-londei-shortall\/#primaryimage"},"thumbnailUrl":"https:\/\/ceric.ca\/wp-content\/uploads\/2019\/05\/Jessica.png","datePublished":"2019-05-10T19:13:04+00:00","dateModified":"2019-05-10T19:13:46+00:00","breadcrumb":{"@id":"https:\/\/ceric.ca\/fr\/gsep-ou-sont-ils-maintenant-jessica-londei-shortall\/#breadcrumb"},"inLanguage":"fr-FR","potentialAction":[{"@type":"ReadAction","target":["https:\/\/ceric.ca\/fr\/gsep-ou-sont-ils-maintenant-jessica-londei-shortall\/"]}]},{"@type":"ImageObject","inLanguage":"fr-FR","@id":"https:\/\/ceric.ca\/fr\/gsep-ou-sont-ils-maintenant-jessica-londei-shortall\/#primaryimage","url":"https:\/\/ceric.ca\/wp-content\/uploads\/2019\/05\/Jessica.png","contentUrl":"https:\/\/ceric.ca\/wp-content\/uploads\/2019\/05\/Jessica.png"},{"@type":"BreadcrumbList","@id":"https:\/\/ceric.ca\/fr\/gsep-ou-sont-ils-maintenant-jessica-londei-shortall\/#breadcrumb","itemListElement":[{"@type":"ListItem","position":1,"name":"Home","item":"https:\/\/ceric.ca\/fr\/ceric-homepage-2025\/"},{"@type":"ListItem","position":2,"name":"GSEP : O\u00f9 sont-ils maintenant? &#8211; Jessica Londei-Shortall"}]},{"@type":"WebSite","@id":"https:\/\/ceric.ca\/#website","url":"https:\/\/ceric.ca\/","name":"CERIC","description":"","publisher":{"@id":"https:\/\/ceric.ca\/#organization"},"potentialAction":[{"@type":"SearchAction","target":{"@type":"EntryPoint","urlTemplate":"https:\/\/ceric.ca\/?s={search_term_string}"},"query-input":{"@type":"PropertyValueSpecification","valueRequired":true,"valueName":"search_term_string"}}],"inLanguage":"fr-FR"},{"@type":"Organization","@id":"https:\/\/ceric.ca\/#organization","name":"CERIC","url":"https:\/\/ceric.ca\/","logo":{"@type":"ImageObject","inLanguage":"fr-FR","@id":"https:\/\/ceric.ca\/#\/schema\/logo\/image\/","url":"","contentUrl":"","caption":"CERIC"},"image":{"@id":"https:\/\/ceric.ca\/#\/schema\/logo\/image\/"}}]}},"_links":{"self":[{"href":"https:\/\/ceric.ca\/fr\/wp-json\/wp\/v2\/pages\/33474","targetHints":{"allow":["GET"]}}],"collection":[{"href":"https:\/\/ceric.ca\/fr\/wp-json\/wp\/v2\/pages"}],"about":[{"href":"https:\/\/ceric.ca\/fr\/wp-json\/wp\/v2\/types\/page"}],"author":[{"embeddable":true,"href":"https:\/\/ceric.ca\/fr\/wp-json\/wp\/v2\/users\/30"}],"replies":[{"embeddable":true,"href":"https:\/\/ceric.ca\/fr\/wp-json\/wp\/v2\/comments?post=33474"}],"version-history":[{"count":0,"href":"https:\/\/ceric.ca\/fr\/wp-json\/wp\/v2\/pages\/33474\/revisions"}],"wp:attachment":[{"href":"https:\/\/ceric.ca\/fr\/wp-json\/wp\/v2\/media?parent=33474"}],"curies":[{"name":"wp","href":"https:\/\/api.w.org\/{rel}","templated":true}]}}