{"id":34409,"date":"2019-07-15T14:50:28","date_gmt":"2019-07-15T18:50:28","guid":{"rendered":"https:\/\/ceric.ca\/?page_id=34409"},"modified":"2019-07-15T14:53:48","modified_gmt":"2019-07-15T18:53:48","slug":"recherche-et-apprentissage","status":"publish","type":"page","link":"https:\/\/ceric.ca\/fr\/recherche-et-apprentissage\/","title":{"rendered":"Recherche et apprentissage"},"content":{"rendered":"<div class=\"wpb-content-wrapper\"><p>[vc_row][vc_column][vc_single_image image=\u00a0\u00bb11168&Prime; img_size=\u00a0\u00bb609&#215;206&Prime;][\/vc_column][\/vc_row][vc_row][vc_column]\r\n\t<div class=\"wprt-spacer clearfix\" data-desktop=\"15\" data-mobi=\"0\" data-smobi=\"0\"><\/div>[vc_column_text]L&rsquo;une des priorit\u00e9s strat\u00e9giques du CERIC est d&rsquo;investir dans un programme ambitieux de recherche et d\u2019apprentissage qui, en favorisant un leadership \u00e9clair\u00e9, fera progresser le domaine du d\u00e9veloppement de carri\u00e8re et permettra d\u2019\u00e9tablir une base de connaissances et de comp\u00e9tences.<\/p>\n<ul>\n<li>Encourager les intervenants du domaine du d\u00e9veloppement de carri\u00e8re \u00e0 pr\u00e9senter des propositions de partenariat pour que celles-ci soient plus nombreuses et plus diversifi\u00e9es<\/li>\n<li>\u00c9largir les possibilit\u00e9s d\u2019acquisition de connaissances et de perfectionnement des comp\u00e9tences offertes aux professionnels du d\u00e9veloppement de carri\u00e8re<\/li>\n<li>Mieux faire conna\u00eetre au personnel enseignant et aux \u00e9tudiants du domaine les opportunit\u00e9s de collaboration avec le CERIC et les amener \u00e0 interagir les uns avec les autres<\/li>\n<\/ul>\n<p>[\/vc_column_text][\/vc_column][\/vc_row][vc_row][vc_column]\r\n\t<div class=\"wprt-spacer clearfix\" data-desktop=\"15\" data-mobi=\"0\" data-smobi=\"0\"><\/div>[vc_column_text]<\/p>\n<h3><strong>PROJETS<\/strong><\/h3>\n<p>Le CERIC pr\u00eate son concours financier et apporte d\u2019autres types de soutien pour favoriser la cr\u00e9ation de ressources novatrices en mati\u00e8re de recherche ou d\u2019apprentissage dans le domaine du d\u00e9veloppement de carri\u00e8re. Parall\u00e8lement, le CERIC entreprend des projets de recherche qui lui sont propres sous forme de sondages visant \u00e0 cerner les tendances en mati\u00e8re de d\u00e9veloppement de carri\u00e8re.<\/p>\n<p>Voici quelques-uns des projets que nous soutenons :[\/vc_column_text][\/vc_column][\/vc_row][vc_row][vc_column width=\u00a0\u00bb1\/3&Prime;][vc_single_image image=\u00a0\u00bb12484&Prime; img_size=\u00a0\u00bbmedium\u00a0\u00bb css_animation=\u00a0\u00bbappear\u00a0\u00bb][\/vc_column][vc_column width=\u00a0\u00bb2\/3&Prime;][vc_column_text]<strong><a href=\"http:\/\/ceric.org\/fr\/project\/des-services-de-developpement-de-carriere-adaptes-a-la-culture-pour-repondre-aux-besoins-des-enfants-refugies-ou-immigrants\/\">Des services de d\u00e9veloppement de carri\u00e8re adapt\u00e9s \u00e0 la culture pour r\u00e9pondre aux besoins des enfants r\u00e9fugi\u00e9s ou immigrants<\/a><\/strong><strong><br \/>\n<\/strong>Avec le soutien du CERIC et du Conseil de recherches en sciences humaines (CRSH), une \u00e9quipe de recherche dirig\u00e9e par l\u2019Universit\u00e9 de Winnipeg examinera les pratiques exemplaires pour aider les r\u00e9fugi\u00e9s dans les domaines du d\u00e9veloppement de carri\u00e8re, de la transition entre l\u2019\u00e9cole et la carri\u00e8re, et de la prise de d\u00e9cisions professionnelles.[\/vc_column_text]\r\n\t<div class=\"wprt-spacer clearfix\" data-desktop=\"10\" data-mobi=\"0\" data-smobi=\"0\"><\/div>[\/vc_column][\/vc_row][vc_row][vc_column width=\u00a0\u00bb1\/3&Prime;][vc_single_image image=\u00a0\u00bb12487&Prime; img_size=\u00a0\u00bbmedium\u00a0\u00bb css_animation=\u00a0\u00bbappear\u00a0\u00bb][\/vc_column][vc_column width=\u00a0\u00bb2\/3&Prime;][vc_column_text]<strong><a href=\"http:\/\/ceric.org\/fr\/project\/interventions-axees-sur-lespoir\/\">Interventions ax\u00e9es sur l\u2019espoir<\/a><\/strong><strong><br \/>\n<\/strong>Dirig\u00e9 par Tannis Goddard, Norman Amundson, Spencer Niles et Hyung Joon Yoon, ce projet vise \u00e0 \u00e9laborer une s\u00e9rie de m\u00e9thodes et d\u2019outils d\u2019intervention en orientation qui pourraient \u00eatre utilis\u00e9s par les intervenants en d\u00e9veloppement de carri\u00e8re lorsqu\u2019ils interagissent avec un client, que ce soit en personne ou en ligne.[\/vc_column_text][\/vc_column][\/vc_row][vc_row][vc_column width=\u00a0\u00bb1\/3&Prime;][vc_single_image image=\u00a0\u00bb12418&Prime; img_size=\u00a0\u00bbmedium\u00a0\u00bb css_animation=\u00a0\u00bbappear\u00a0\u00bb][\/vc_column][vc_column width=\u00a0\u00bb2\/3&Prime;][vc_column_text]<strong><a href=\"http:\/\/ceric.org\/fr\/project\/la-transition-de-carriere-supreme-guide-sur-les-conges-de-maternite-et-le-developpement-de-carriere\/\">Guide sur les cong\u00e9s de maternit\u00e9 et le d\u00e9veloppement de carri\u00e8re<\/a><\/strong><br \/>\nCe partenariat entre Canada Career Counselling et l\u2019Institut Vanier de la famille vise \u00e0 \u00e9laborer des ressources inclusives du point de vue social, propres au contexte canadien et faciles \u00e0 utiliser, pour les employeurs et les femmes qui vivent une transition professionnelle li\u00e9e \u00e0 un cong\u00e9 de maternit\u00e9.[\/vc_column_text][\/vc_column][\/vc_row][vc_row][vc_column width=\u00a0\u00bb1\/3&Prime;][vc_single_image image=\u00a0\u00bb13687&Prime; img_size=\u00a0\u00bbmedium\u00a0\u00bb css_animation=\u00a0\u00bbappear\u00a0\u00bb][\/vc_column][vc_column width=\u00a0\u00bb2\/3&Prime;][vc_column_text]<strong><a href=\"http:\/\/ceric.org\/fr\/project\/guide-a-lintention-des-centres-demploi-pour-soutenir-les-clients-ayant-un-trouble-de-sante-mentale\/\">Guide pour les centres de carri\u00e8res pour soutenir les gens aux prises avec des troubles de sant\u00e9 mentale<\/a><\/strong><strong><br \/>\n<\/strong>Le CERIC financera l\u2019\u00e9laboration d\u2019un manuel de formation en ligne destin\u00e9 aux sp\u00e9cialistes de l\u2019orientation professionnelle au Canada. L\u2019objectif est d\u2019am\u00e9liorer les r\u00e9sultats scolaires et professionnels des personnes ayant des probl\u00e8mes de sant\u00e9 mentale.[\/vc_column_text][\/vc_column][\/vc_row][vc_row][vc_column]\r\n\t<div class=\"wprt-spacer clearfix\" data-desktop=\"25\" data-mobi=\"0\" data-smobi=\"0\"><\/div>[vc_column_text]Le CERIC effectue ses propres recherches pour mieux comprendre le d\u00e9veloppement de carri\u00e8re du point de vue de diff\u00e9rents acteurs du domaine. Dans le pass\u00e9, le CERIC a sond\u00e9 la population canadienne ainsi que les professionnels du d\u00e9veloppement de carri\u00e8re au Canada. Le plus r\u00e9cent sondage du CERIC se concentre sur les employeurs.[\/vc_column_text]\r\n\t<div class=\"wprt-spacer clearfix\" data-desktop=\"20\" data-mobi=\"0\" data-smobi=\"0\"><\/div>[\/vc_column][\/vc_row][vc_row][vc_column width=\u00a0\u00bb1\/3&Prime;][vc_single_image image=\u00a0\u00bb12490&Prime; img_size=\u00a0\u00bbmedium\u00a0\u00bb css_animation=\u00a0\u00bbappear\u00a0\u00bb][\/vc_column][vc_column width=\u00a0\u00bb2\/3&Prime;][vc_column_text]<strong><a href=\"http:\/\/ceric.org\/fr\/le-developpement-de-carriere-en-milieu-de-travail-sondage-des-entreprises-canadiennes\/\">Le d\u00e9veloppement de carri\u00e8re en milieu de travail : sondage des entreprises canadiennes<\/a><\/strong><strong><br \/>\n<\/strong>Le CERIC a demand\u00e9 au Environics Research Group de sonder 500 leaders canadiens du monde des affaires au sujet de la p\u00e9nurie et de l\u2019inad\u00e9quation des comp\u00e9tences, de la formation des employ\u00e9s et du recrutement, ainsi que des pratiques en mati\u00e8re de gestion de carri\u00e8re. Les questions portaient sur les comp\u00e9tences g\u00e9n\u00e9rales et techniques, le taux de ch\u00f4mage chez les jeunes et si le curriculum vitae est toujours un document pertinent. Ce sondage fut co-commandit\u00e9 par le Groupe Banque TD.[\/vc_column_text][\/vc_column][\/vc_row][vc_row][vc_column]\r\n\t<div class=\"wprt-spacer clearfix\" data-desktop=\"20\" data-mobi=\"0\" data-smobi=\"0\"><\/div>[vc_column_text]Certains projets du CERIC produisent des publications qui sont rendues disponibles pour la communaut\u00e9 du d\u00e9veloppement de carri\u00e8re. Voici deux exemples :[\/vc_column_text][\/vc_column][\/vc_row][vc_row][vc_column width=\u00a0\u00bb1\/3&Prime;][vc_single_image image=\u00a0\u00bb12493&Prime; img_size=\u00a0\u00bbmedium\u00a0\u00bb css_animation=\u00a0\u00bbappear\u00a0\u00bb][\/vc_column][vc_column width=\u00a0\u00bb2\/3&Prime;][vc_column_text]<strong><a href=\"https:\/\/ceric.ca\/fr\/project\/career-crafting-the-decade-after-high-school-a-professionals-guide\/\">Cr\u00e9er sa carri\u00e8re pendant la d\u00e9cennie apr\u00e8s l&rsquo;\u00e9cole secondaire<\/a><\/strong><strong><br \/>\n<\/strong>Une nouvelle \u00e9dition revue et am\u00e9lior\u00e9e de l\u2019une de nos publications les plus populaires, <em>Career Crafting the Decade After High School: A Professional\u2019s Guide<\/em> examine en d\u00e9tail le contexte du cheminement de carri\u00e8re des jeunes adultes et introduit huit techniques pour les aider \u00e0 \u00eatre proactifs lorsque confront\u00e9s \u00e0 l\u2019incertitude.[\/vc_column_text][\/vc_column][\/vc_row][vc_row][vc_column width=\u00a0\u00bb1\/3&Prime;][vc_single_image image=\u00a0\u00bb12494&Prime; img_size=\u00a0\u00bbmedium\u00a0\u00bb css_animation=\u00a0\u00bbappear\u00a0\u00bb][\/vc_column][vc_column width=\u00a0\u00bb2\/3&Prime;][vc_column_text]<strong><a href=\"http:\/\/ceric.org\/fr\/resource\/le-developpement-de-carriere-au-canada-perspectives-principes-et-professionnalisme\/\">Le d\u00e9veloppement de carri\u00e8re au Canada : perspectives, principes et professionnalisme<\/a><\/strong><br \/>\nLe CERIC a publi\u00e9 le tout premier manuel scolaire en d\u00e9veloppement de carri\u00e8re au Canada, con\u00e7u pour \u00eatre un outil d&rsquo;apprentissage pour les \u00e9tudiants, une ressource pour les enseignants et une r\u00e9f\u00e9rence pour les professionnels du d\u00e9veloppement de carri\u00e8re. Les contributeurs sont des experts Canadiens reconnus \u00e0 l\u2019\u00e9chelle internationale dans le domaine du d\u00e9veloppement de carri\u00e8re, incluant Phil Jarvis, Roberta A. Neault, Nancy Arthur, Bryan Hiebert et Kris Magnusson.[\/vc_column_text][\/vc_column][\/vc_row][vc_row][vc_column]\r\n\t<div class=\"wprt-spacer clearfix\" data-desktop=\"15\" data-mobi=\"0\" data-smobi=\"0\"><\/div>[vc_column_text]<\/p>\n<h3><strong>Opportunit\u00e9s<\/strong><\/h3>\n<p>Le CERIC d\u00e9veloppe et pr\u00e9sente de nombreuses opportunit\u00e9s d\u2019apprentissage, am\u00e9liorant ainsi les comp\u00e9tences des professionnels du d\u00e9veloppement de carri\u00e8re en les \u00e9quipant pour faire face aux d\u00e9fis changeants de leurs clients pour b\u00e2tir des carriers porteuses de sens.[\/vc_column_text]\r\n\t<div class=\"wprt-spacer clearfix\" data-desktop=\"10\" data-mobi=\"0\" data-smobi=\"0\"><\/div>[\/vc_column][\/vc_row][vc_row][vc_column width=\u00a0\u00bb1\/3&Prime;][vc_single_image image=\u00a0\u00bb34284&Prime; img_size=\u00a0\u00bbmedium\u00a0\u00bb css_animation=\u00a0\u00bbappear\u00a0\u00bb][\/vc_column][vc_column width=\u00a0\u00bb2\/3&Prime;][vc_column_text]<a href=\"http:\/\/cannexus.ca\/fr\/\" target=\"_blank\" rel=\"noopener noreferrer\"><strong>Congr\u00e8s national en d\u00e9veloppement de carri\u00e8re Cannexus<\/strong><\/a><br \/>\n\u00c0 chaque mois de janvier \u00e0 Ottawa, pr\u00e8s de 1200 professionnels d\u2019un bout \u00e0 l\u2019autre du pays se rencontrent pour le plus important congr\u00e8s national bilingue en d\u00e9veloppement de carri\u00e8re au pays. Le congr\u00e8s est con\u00e7u pour favoriser l\u2019\u00e9change d\u2019information et l\u2019exploration d\u2019approches novatrices en orientation professionnelle et en d\u00e9veloppement de carri\u00e8re. Chaque congr\u00e8s pr\u00e9sente des allocutions m\u00e9morables, plus de 150 s\u00e9ances de formation, des opportunit\u00e9s de r\u00e9seautage et une aire d\u2019exposition.<\/p>\n<p>Cannexus est pr\u00e9sent\u00e9 par le CERIC avec le soutien de The Counselling Foundation of Canada et d\u2019un vaste r\u00e9seau d\u2019organisations collaboratives.[\/vc_column_text]\r\n\t<div class=\"wprt-spacer clearfix\" data-desktop=\"10\" data-mobi=\"0\" data-smobi=\"0\"><\/div>[\/vc_column][\/vc_row][vc_row][vc_column width=\u00a0\u00bb1\/3&Prime;][vc_single_image image=\u00a0\u00bb34282&Prime; img_size=\u00a0\u00bbmedium\u00a0\u00bb css_animation=\u00a0\u00bbappear\u00a0\u00bb][\/vc_column][vc_column width=\u00a0\u00bb2\/3&Prime;]\r\n\t<div class=\"wprt-spacer clearfix\" data-desktop=\"10\" data-mobi=\"0\" data-smobi=\"0\"><\/div>[vc_column_text]<strong><a href=\"http:\/\/ceric.org\/fr\/seminaires-dete\/\">S\u00e9minaires d\u2019\u00e9t\u00e9<\/a><\/strong><br \/>\nLe CERIC a introduit les s\u00e9minaires d\u2019\u00e9t\u00e9 (en anglais), un programme de s\u00e9minaires d\u2019une dur\u00e9e de deux jours qui r\u00e9pondent aux besoins des praticiens du d\u00e9veloppement de carri\u00e8re, des directeurs ex\u00e9cutifs et autres professionnels pour des s\u00e9minaires approfondis, donn\u00e9s en salle et adapt\u00e9s \u00e0 leur budget. Les s\u00e9minaires portent sur les techniques \u00e9mergentes, les tendances actuelles et les bases de la gestion.[\/vc_column_text]\r\n\t<div class=\"wprt-spacer clearfix\" data-desktop=\"10\" data-mobi=\"0\" data-smobi=\"0\"><\/div>[\/vc_column][\/vc_row][vc_row][vc_column width=\u00a0\u00bb1\/3&Prime;][vc_single_image image=\u00a0\u00bb12457&Prime; img_size=\u00a0\u00bbmedium\u00a0\u00bb css_animation=\u00a0\u00bbappear\u00a0\u00bb][\/vc_column][vc_column width=\u00a0\u00bb2\/3&Prime;]\r\n\t<div class=\"wprt-spacer clearfix\" data-desktop=\"10\" data-mobi=\"0\" data-smobi=\"0\"><\/div>[vc_column_text]<strong><a href=\"https:\/\/ceric.ca\/fr\/mini-forums\/\">Mini-Forums<\/a><\/strong><br \/>\nLe CERIC est entr\u00e9 en partenariat avec un certain nombre d\u2019associations et d\u2019organismes canadiens pour pr\u00e9senter une s\u00e9rie d\u2019\u00e9v\u00e9nements de formation continue. Ces mini-forums visent \u00e0 impliquer les praticiens de l\u2019orientation professionnelle dans les communaut\u00e9s o\u00f9 ils exercent et \u00e0 leur fournir des occasions d\u2019apprentissage int\u00e9ressantes et \u00e9conomiques.<\/p>\n<p>Des mini-forums ont \u00e9t\u00e9 organis\u00e9s dans le pass\u00e9 avec l\u2019Association of Career Professionals (ACP) International \u00e0 Toronto, ON, la British Columbia Career Development Association (BCCDA), Career Trek \u00e0 Winnipeg, MB, et la Newfoundland and Labrador Association of Career Practitioners (NLACP).[\/vc_column_text]\r\n\t<div class=\"wprt-spacer clearfix\" data-desktop=\"10\" data-mobi=\"0\" data-smobi=\"0\"><\/div>[\/vc_column][\/vc_row][vc_row][vc_column width=\u00a0\u00bb1\/3&Prime;][vc_single_image image=\u00a0\u00bb12478&Prime; img_size=\u00a0\u00bbmedium\u00a0\u00bb css_animation=\u00a0\u00bbappear\u00a0\u00bb][\/vc_column][vc_column width=\u00a0\u00bb2\/3&Prime;]\r\n\t<div class=\"wprt-spacer clearfix\" data-desktop=\"10\" data-mobi=\"0\" data-smobi=\"0\"><\/div>[vc_column_text]<strong><a href=\"http:\/\/ceric.org\/fr\/webinaires\/\">Webinaires<\/a><\/strong><br \/>\nLe CERIC, en partenariat avec des leaders dans le domaine du d\u00e9veloppement de carri\u00e8re, pr\u00e9sente des webinaires afin de remplir notre mandat de renforcer les connaissances et les comp\u00e9tences des professionnels dans le domaine. Les webinaires offrent une occasion de d\u00e9veloppement professionnel pratique, accessible et abordable aux praticiens de partout au Canada et \u00e0 l\u2019\u00e9tranger.[\/vc_column_text]\r\n\t<div class=\"wprt-spacer clearfix\" data-desktop=\"10\" data-mobi=\"0\" data-smobi=\"0\"><\/div>[\/vc_column][\/vc_row][vc_row][vc_column]\r\n\t<div class=\"wprt-spacer clearfix\" data-desktop=\"15\" data-mobi=\"0\" data-smobi=\"0\"><\/div>[vc_column_text]<\/p>\n<h3><strong>Collaboration<\/strong><\/h3>\n<p>Les gens qui sont impliqu\u00e9s dans la recherche en d\u00e9veloppement de carri\u00e8re, que ce soit les chercheurs ou les \u00e9tudiants aux cycles sup\u00e9rieurs, sont des partenaires cruciaux du CERIC. Leur recherche aide \u00e0 raffiner les th\u00e9ories, mod\u00e8les et approches qui soutiennent un d\u00e9veloppement de carri\u00e8re efficace.[\/vc_column_text][\/vc_column][\/vc_row][vc_row][vc_column width=\u00a0\u00bb1\/3&Prime;][vc_single_image image=\u00a0\u00bb34286&Prime; img_size=\u00a0\u00bbmedium\u00a0\u00bb css_animation=\u00a0\u00bbappear\u00a0\u00bb][\/vc_column][vc_column width=\u00a0\u00bb2\/3&Prime;][vc_column_text]<strong><a href=\"http:\/\/ceric.org\/fr\/programme_etudiants\/\">Programme de mobilisation des \u00e9tudiants aux cycles sup\u00e9rieurs<\/a><\/strong><br \/>\nLe CERIC poursuit son objectif de susciter la participation des \u00e9tudiants aux cycles sup\u00e9rieurs du Canada qui poursuivent leurs \u00e9tudes universitaires \u00e0 temps plein dans le domaine du d\u00e9veloppement de carri\u00e8re ou dans un domaine connexe, gr\u00e2ce au Programme de mobilisation des \u00e9tudiants aux cycles sup\u00e9rieurs. En travaillant avec les membres du corps professoral, les coordonnateurs de programme et les \u00e9tudiants, le CERIC initie la prochaine g\u00e9n\u00e9ration de chercheurs en d\u00e9veloppement de carri\u00e8re \u00e0 ses programmes.[\/vc_column_text][\/vc_column][\/vc_row][vc_row][vc_column width=\u00a0\u00bb1\/3&Prime;][vc_single_image image=\u00a0\u00bb12470&Prime; img_size=\u00a0\u00bbmedium\u00a0\u00bb css_animation=\u00a0\u00bbappear\u00a0\u00bb][\/vc_column][vc_column width=\u00a0\u00bb2\/3&Prime;]\r\n\t<div class=\"wprt-spacer clearfix\" data-desktop=\"10\" data-mobi=\"0\" data-smobi=\"0\"><\/div>[vc_column_text]<strong><a href=\"https:\/\/ceric.ca\/fr\/la-base-de-donnees-des-chercheurs-canadiens-en-developpement-de-carriere\/\">Base de donn\u00e9es des chercheurs canadiens en d\u00e9veloppement de carri\u00e8re<\/a><\/strong><br \/>\nNous avons des chercheurs de premier plan dans tous les coins du pays, que ce soit en contexte universitaire ou communautaire et dans toutes sortes de champs d\u2019int\u00e9r\u00eat du d\u00e9veloppement de carri\u00e8re. Facile \u00e0 consulter, la base de donn\u00e9es du CERIC offre une source d\u2019information en ligne sur le travail essentiel de ces chercheurs.[\/vc_column_text]\r\n\t<div class=\"wprt-spacer clearfix\" data-desktop=\"10\" data-mobi=\"0\" data-smobi=\"0\"><\/div>[\/vc_column][\/vc_row][vc_row][vc_column width=\u00a0\u00bb1\/3&Prime;][vc_single_image image=\u00a0\u00bb12504&Prime; img_size=\u00a0\u00bbmedium\u00a0\u00bb css_animation=\u00a0\u00bbappear\u00a0\u00bb][\/vc_column][vc_column width=\u00a0\u00bb2\/3&Prime;][vc_column_text]<strong><a href=\"http:\/\/ceric.org\/fr\/listes-de-documents\/\">Listes de documents<\/a><\/strong><br \/>\nLe CERIC compile et garde \u00e0 jour des listes de documents qui comprennent un inventaire des articles importants dans divers domaines du d\u00e9veloppement de carri\u00e8re. Organis\u00e9es autour de th\u00e8mes tels que l\u2019orientation professionnelle et les questions autochtones, ou encore troubles mentaux sur le lieu de travail, ces bibliographies peuvent \u00eatre utilis\u00e9es par les chercheurs et autres personnes int\u00e9ress\u00e9es par les id\u00e9es nouvelles dans le domaine.[\/vc_column_text][\/vc_column][\/vc_row][vc_row][vc_column][\/vc_column][\/vc_row][vc_row][vc_column][vc_column_text]<\/p>\n<p>[\/vc_column_text][\/vc_column][\/vc_row]<\/p>\n<\/div>","protected":false},"excerpt":{"rendered":"<p>[vc_row][vc_column][vc_single_image image=\u00a0\u00bb11168&Prime; img_size=\u00a0\u00bb609&#215;206&Prime;][\/vc_column][\/vc_row][vc_row][vc_column][vc_column_text]L&rsquo;une des priorit\u00e9s strat\u00e9giques du CERIC est d&rsquo;investir dans un programme ambitieux de recherche et d\u2019apprentissage qui, en favorisant un leadership \u00e9clair\u00e9, fera progresser<span class=\"excerpt-hellip\"> [\u2026]<\/span><\/p>\n","protected":false},"author":30,"featured_media":0,"parent":0,"menu_order":0,"comment_status":"closed","ping_status":"closed","template":"","meta":{"h5ap_radio_sources":[],"footnotes":""},"class_list":["post-34409","page","type-page","status-publish","hentry"],"yoast_head":"<!-- This site is optimized with the Yoast SEO Premium plugin v27.3 (Yoast SEO v27.3) - https:\/\/yoast.com\/product\/yoast-seo-premium-wordpress\/ -->\n<title>Recherche et apprentissage - CERIC<\/title>\n<meta name=\"robots\" content=\"index, follow, max-snippet:-1, max-image-preview:large, max-video-preview:-1\" \/>\n<link rel=\"canonical\" href=\"https:\/\/ceric.ca\/fr\/recherche-et-apprentissage\/\" \/>\n<meta property=\"og:locale\" content=\"fr_FR\" \/>\n<meta property=\"og:type\" content=\"article\" \/>\n<meta property=\"og:title\" content=\"Recherche et apprentissage\" \/>\n<meta property=\"og:description\" content=\"[vc_row][vc_column][vc_single_image image=\u00a0\u00bb11168&Prime; img_size=\u00a0\u00bb609&#215;206&Prime;][\/vc_column][\/vc_row][vc_row][vc_column][vc_column_text]L&rsquo;une des priorit\u00e9s strat\u00e9giques du CERIC est d&rsquo;investir dans un programme ambitieux de recherche et d\u2019apprentissage qui, en favorisant un leadership \u00e9clair\u00e9, fera progresser [\u2026]\" \/>\n<meta property=\"og:url\" content=\"https:\/\/ceric.ca\/fr\/recherche-et-apprentissage\/\" \/>\n<meta property=\"og:site_name\" content=\"CERIC\" \/>\n<meta property=\"article:modified_time\" content=\"2019-07-15T18:53:48+00:00\" \/>\n<meta name=\"twitter:card\" content=\"summary_large_image\" \/>\n<meta name=\"twitter:label1\" content=\"Dur\u00e9e de lecture estim\u00e9e\" \/>\n\t<meta name=\"twitter:data1\" content=\"11 minutes\" \/>\n<script type=\"application\/ld+json\" class=\"yoast-schema-graph\">{\"@context\":\"https:\\\/\\\/schema.org\",\"@graph\":[{\"@type\":\"WebPage\",\"@id\":\"https:\\\/\\\/ceric.ca\\\/fr\\\/recherche-et-apprentissage\\\/\",\"url\":\"https:\\\/\\\/ceric.ca\\\/fr\\\/recherche-et-apprentissage\\\/\",\"name\":\"Recherche et apprentissage - CERIC\",\"isPartOf\":{\"@id\":\"https:\\\/\\\/ceric.ca\\\/#website\"},\"datePublished\":\"2019-07-15T18:50:28+00:00\",\"dateModified\":\"2019-07-15T18:53:48+00:00\",\"breadcrumb\":{\"@id\":\"https:\\\/\\\/ceric.ca\\\/fr\\\/recherche-et-apprentissage\\\/#breadcrumb\"},\"inLanguage\":\"fr-FR\",\"potentialAction\":[{\"@type\":\"ReadAction\",\"target\":[\"https:\\\/\\\/ceric.ca\\\/fr\\\/recherche-et-apprentissage\\\/\"]}]},{\"@type\":\"BreadcrumbList\",\"@id\":\"https:\\\/\\\/ceric.ca\\\/fr\\\/recherche-et-apprentissage\\\/#breadcrumb\",\"itemListElement\":[{\"@type\":\"ListItem\",\"position\":1,\"name\":\"Home\",\"item\":\"https:\\\/\\\/ceric.ca\\\/fr\\\/ceric-homepage-2025\\\/\"},{\"@type\":\"ListItem\",\"position\":2,\"name\":\"Recherche et apprentissage\"}]},{\"@type\":\"WebSite\",\"@id\":\"https:\\\/\\\/ceric.ca\\\/#website\",\"url\":\"https:\\\/\\\/ceric.ca\\\/\",\"name\":\"CERIC\",\"description\":\"\",\"publisher\":{\"@id\":\"https:\\\/\\\/ceric.ca\\\/#organization\"},\"potentialAction\":[{\"@type\":\"SearchAction\",\"target\":{\"@type\":\"EntryPoint\",\"urlTemplate\":\"https:\\\/\\\/ceric.ca\\\/?s={search_term_string}\"},\"query-input\":{\"@type\":\"PropertyValueSpecification\",\"valueRequired\":true,\"valueName\":\"search_term_string\"}}],\"inLanguage\":\"fr-FR\"},{\"@type\":\"Organization\",\"@id\":\"https:\\\/\\\/ceric.ca\\\/#organization\",\"name\":\"CERIC\",\"url\":\"https:\\\/\\\/ceric.ca\\\/\",\"logo\":{\"@type\":\"ImageObject\",\"inLanguage\":\"fr-FR\",\"@id\":\"https:\\\/\\\/ceric.ca\\\/#\\\/schema\\\/logo\\\/image\\\/\",\"url\":\"\",\"contentUrl\":\"\",\"caption\":\"CERIC\"},\"image\":{\"@id\":\"https:\\\/\\\/ceric.ca\\\/#\\\/schema\\\/logo\\\/image\\\/\"}}]}<\/script>\n<!-- \/ Yoast SEO Premium plugin. -->","yoast_head_json":{"title":"Recherche et apprentissage - CERIC","robots":{"index":"index","follow":"follow","max-snippet":"max-snippet:-1","max-image-preview":"max-image-preview:large","max-video-preview":"max-video-preview:-1"},"canonical":"https:\/\/ceric.ca\/fr\/recherche-et-apprentissage\/","og_locale":"fr_FR","og_type":"article","og_title":"Recherche et apprentissage","og_description":"[vc_row][vc_column][vc_single_image image=\u00a0\u00bb11168&Prime; img_size=\u00a0\u00bb609&#215;206&Prime;][\/vc_column][\/vc_row][vc_row][vc_column][vc_column_text]L&rsquo;une des priorit\u00e9s strat\u00e9giques du CERIC est d&rsquo;investir dans un programme ambitieux de recherche et d\u2019apprentissage qui, en favorisant un leadership \u00e9clair\u00e9, fera progresser [\u2026]","og_url":"https:\/\/ceric.ca\/fr\/recherche-et-apprentissage\/","og_site_name":"CERIC","article_modified_time":"2019-07-15T18:53:48+00:00","twitter_card":"summary_large_image","twitter_misc":{"Dur\u00e9e de lecture estim\u00e9e":"11 minutes"},"schema":{"@context":"https:\/\/schema.org","@graph":[{"@type":"WebPage","@id":"https:\/\/ceric.ca\/fr\/recherche-et-apprentissage\/","url":"https:\/\/ceric.ca\/fr\/recherche-et-apprentissage\/","name":"Recherche et apprentissage - CERIC","isPartOf":{"@id":"https:\/\/ceric.ca\/#website"},"datePublished":"2019-07-15T18:50:28+00:00","dateModified":"2019-07-15T18:53:48+00:00","breadcrumb":{"@id":"https:\/\/ceric.ca\/fr\/recherche-et-apprentissage\/#breadcrumb"},"inLanguage":"fr-FR","potentialAction":[{"@type":"ReadAction","target":["https:\/\/ceric.ca\/fr\/recherche-et-apprentissage\/"]}]},{"@type":"BreadcrumbList","@id":"https:\/\/ceric.ca\/fr\/recherche-et-apprentissage\/#breadcrumb","itemListElement":[{"@type":"ListItem","position":1,"name":"Home","item":"https:\/\/ceric.ca\/fr\/ceric-homepage-2025\/"},{"@type":"ListItem","position":2,"name":"Recherche et apprentissage"}]},{"@type":"WebSite","@id":"https:\/\/ceric.ca\/#website","url":"https:\/\/ceric.ca\/","name":"CERIC","description":"","publisher":{"@id":"https:\/\/ceric.ca\/#organization"},"potentialAction":[{"@type":"SearchAction","target":{"@type":"EntryPoint","urlTemplate":"https:\/\/ceric.ca\/?s={search_term_string}"},"query-input":{"@type":"PropertyValueSpecification","valueRequired":true,"valueName":"search_term_string"}}],"inLanguage":"fr-FR"},{"@type":"Organization","@id":"https:\/\/ceric.ca\/#organization","name":"CERIC","url":"https:\/\/ceric.ca\/","logo":{"@type":"ImageObject","inLanguage":"fr-FR","@id":"https:\/\/ceric.ca\/#\/schema\/logo\/image\/","url":"","contentUrl":"","caption":"CERIC"},"image":{"@id":"https:\/\/ceric.ca\/#\/schema\/logo\/image\/"}}]}},"_links":{"self":[{"href":"https:\/\/ceric.ca\/fr\/wp-json\/wp\/v2\/pages\/34409","targetHints":{"allow":["GET"]}}],"collection":[{"href":"https:\/\/ceric.ca\/fr\/wp-json\/wp\/v2\/pages"}],"about":[{"href":"https:\/\/ceric.ca\/fr\/wp-json\/wp\/v2\/types\/page"}],"author":[{"embeddable":true,"href":"https:\/\/ceric.ca\/fr\/wp-json\/wp\/v2\/users\/30"}],"replies":[{"embeddable":true,"href":"https:\/\/ceric.ca\/fr\/wp-json\/wp\/v2\/comments?post=34409"}],"version-history":[{"count":0,"href":"https:\/\/ceric.ca\/fr\/wp-json\/wp\/v2\/pages\/34409\/revisions"}],"wp:attachment":[{"href":"https:\/\/ceric.ca\/fr\/wp-json\/wp\/v2\/media?parent=34409"}],"curies":[{"name":"wp","href":"https:\/\/api.w.org\/{rel}","templated":true}]}}