{"id":34420,"date":"2019-07-15T15:01:11","date_gmt":"2019-07-15T19:01:11","guid":{"rendered":"https:\/\/ceric.ca\/?page_id=34420"},"modified":"2019-07-15T15:03:35","modified_gmt":"2019-07-15T19:03:35","slug":"communaute-et-collaboration","status":"publish","type":"page","link":"https:\/\/ceric.ca\/fr\/communaute-et-collaboration\/","title":{"rendered":"Communaut\u00e9 et collaboration"},"content":{"rendered":"<div class=\"wpb-content-wrapper\"><p>[vc_row][vc_column][vc_single_image image=\u00a0\u00bb11171&Prime; img_size=\u00a0\u00bb609&#215;206&Prime;][\/vc_column][\/vc_row][vc_row][vc_column]\r\n\t<div class=\"wprt-spacer clearfix\" data-desktop=\"15\" data-mobi=\"0\" data-smobi=\"0\"><\/div>[vc_column_text]L&rsquo;une des priorit\u00e9s strat\u00e9giques du CERIC est de promouvoir et faciliter la communication et la collaboration multisectorielles avec les intervenants du d\u00e9veloppement de carri\u00e8re.<\/p>\n<ul>\n<li>D\u00e9velopper des plateformes en ligne qui utilisent la technologie afin de communiquer du contenu et d\u2019engager les professionnels du d\u00e9veloppement de carri\u00e8re<\/li>\n<li>Produire des publications qui sensibilisent, informent et rendent compte des divers points de vue du secteur<\/li>\n<li>\u00c9tablir des relations au-del\u00e0 des fronti\u00e8res du Canada pour que la recherche et la pratique mettent \u00e0 profit l\u2019apport international<\/li>\n<\/ul>\n<p>[\/vc_column_text][\/vc_column][\/vc_row][vc_row][vc_column]\r\n\t<div class=\"wprt-spacer clearfix\" data-desktop=\"15\" data-mobi=\"0\" data-smobi=\"0\"><\/div>[vc_column_text]<\/p>\n<h3><strong>Contenu<\/strong><\/h3>\n<p>Avec ses communaut\u00e9s en ligne OrientAction (en fran\u00e7ais) et ContactPoint (en anglais), le CERIC utilise la technologie pour rassembler les professionnels du d\u00e9veloppement de carri\u00e8re au Canada et ailleurs dans le monde et leur offrir des ressources, de la formation et du soutien.[\/vc_column_text]\r\n\t<div class=\"wprt-spacer clearfix\" data-desktop=\"10\" data-mobi=\"0\" data-smobi=\"0\"><\/div>[\/vc_column][\/vc_row][vc_row][vc_column width=\u00a0\u00bb1\/3&Prime;][vc_single_image image=\u00a0\u00bb34242&Prime; img_size=\u00a0\u00bbmedium\u00a0\u00bb css_animation=\u00a0\u00bbappear\u00a0\u00bb][\/vc_column][vc_column width=\u00a0\u00bb2\/3&Prime;][vc_column_text]<a href=\"https:\/\/orientaction.ceric.ca\/\" target=\"_blank\" rel=\"noopener noreferrer\"><strong>Sites web OrientAction et CareerWise<\/strong><\/a><br \/>\nOrientAction (en fran\u00e7ais) et CareerWise (en anglais) aident les professionnels du d\u00e9veloppement de carri\u00e8re canadiens \u00e0 rester au fait des derni\u00e8res nouvelles et tendances.<\/p>\n<p>Ils offrent une s\u00e9lection d\u2019articles pertinents et inspirants provenant de diverses publications sur l\u2019orientation, l\u2019emploi et le march\u00e9 du travail. Chaque bulletin d&rsquo;information gratuit rassemble les nouvelles et les points de vue les plus int\u00e9ressants pour informer les lecteurs, enrichir leur travail et\u00a0 leur faire gagner du temps<\/p>\n<p>OrientAction est le fruit d\u2019un partenariat entre le CERIC et la Soci\u00e9t\u00e9 GRICS.[\/vc_column_text][\/vc_column][\/vc_row][vc_row][vc_column width=\u00a0\u00bb1\/3&Prime;][vc_single_image image=\u00a0\u00bb34247&Prime; img_size=\u00a0\u00bbmedium\u00a0\u00bb css_animation=\u00a0\u00bbappear\u00a0\u00bb][\/vc_column][vc_column width=\u00a0\u00bb2\/3&Prime;]\r\n\t<div class=\"wprt-spacer clearfix\" data-desktop=\"15\" data-mobi=\"0\" data-smobi=\"0\"><\/div>[vc_column_text]<strong><a href=\"https:\/\/orientaction.ceric.ca\/\" target=\"_blank\" rel=\"noopener noreferrer\">OrientAction en bref et CareerWise Weekly<\/a><\/strong><br \/>\nLes bulletins \u00e9lectroniques d\u2019\u00e9dition de contenu du CERIC sont devenus des ressources essentielles et attendues chaque fois avec impatience par les professionnels canadiens du d\u00e9veloppement de carri\u00e8re.<\/p>\n<p>La version fran\u00e7aise est <em>OrientAction en bref\u00a0<\/em>et la version anglaise est <em>CareerWise Weekly<\/em>.<\/p>\n<p>Disponible gratuitement, chaque bulletin rassemble quelques-uns des articles les plus int\u00e9ressants du Web portant. Leur objectif est d\u2019informer nos lecteurs, d\u2019enrichir leur travail et de leur faire sauver du temps.[\/vc_column_text][\/vc_column][\/vc_row][vc_row][vc_column][vc_column_text]<\/p>\n<h3><strong>Perspectives<\/strong><\/h3>\n<p>Que ce soit par l\u2019entremise d\u2019un bulletin \u00e9lectronique, d\u2019un magazine ou d\u2019une revue sp\u00e9cialis\u00e9e, le CERIC s\u2019emploie non seulement \u00e0 enrichir le corpus de connaissances dans le domaine du d\u00e9veloppement de carri\u00e8re, mais \u00e9galement \u00e0 tirer parti de ces connaissances en les mettant \u00e0 la disposition des intervenants auxquels elles peuvent \u00eatre utiles pour qu\u2019ils les appliquent dans leur pratique.[\/vc_column_text]\r\n\t<div class=\"wprt-spacer clearfix\" data-desktop=\"10\" data-mobi=\"0\" data-smobi=\"0\"><\/div>[\/vc_column][\/vc_row][vc_row][vc_column width=\u00a0\u00bb1\/3&Prime;][vc_single_image image=\u00a0\u00bb34260&Prime; img_size=\u00a0\u00bbmedium\u00a0\u00bb css_animation=\u00a0\u00bbappear\u00a0\u00bb][\/vc_column][vc_column width=\u00a0\u00bb2\/3&Prime;]\r\n\t<div class=\"wprt-spacer clearfix\" data-desktop=\"10\" data-mobi=\"0\" data-smobi=\"0\"><\/div>[vc_column_text]<a href=\"https:\/\/ceric.ca\/fr\/magazine-careering\/\"><strong>Careering Magazine<\/strong><\/a><br \/>\nLe CERIC publie le magazine <em>Careering<\/em>, un magazine de conception professionnelle qui t\u00e9moigne de la maturit\u00e9 grandissante du domaine du d\u00e9veloppement de carri\u00e8re. Produit en partenariat avec MarketZone Publications, <em>Careering <\/em>est distribu\u00e9 trois fois par an sur support format papier glac\u00e9 et un format num\u00e9rique novateur, et inclut quelques articles en fran\u00e7ais.<\/p>\n<p>Chaque num\u00e9ro de <em>Careering<\/em> porte sur un th\u00e8me \u00e9mergent du d\u00e9veloppement de carri\u00e8re, tel que les transitions de carri\u00e8re ou les obstacles \u00e0 l\u2019emploi, et inclut des recensions et une entrevue en dix questions avec une personne faisant autorit\u00e9 dans le domaine.[\/vc_column_text][\/vc_column][\/vc_row][vc_row][vc_column width=\u00a0\u00bb1\/3&Prime;][vc_single_image image=\u00a0\u00bb34262&Prime; img_size=\u00a0\u00bbmedium\u00a0\u00bb css_animation=\u00a0\u00bbappear\u00a0\u00bb][\/vc_column][vc_column width=\u00a0\u00bb2\/3&Prime;]\r\n\t<div class=\"wprt-spacer clearfix\" data-desktop=\"10\" data-mobi=\"0\" data-smobi=\"0\"><\/div>[vc_column_text]<strong><a href=\"http:\/\/cjcdonline.ca\/?lang=fr\" target=\"_blank\" rel=\"noopener noreferrer\">Revue canadienne de d\u00e9veloppement de carri\u00e8re<\/a><\/strong><br \/>\nLa Revue canadienne de d\u00e9veloppement de carri\u00e8re (RCDC) est la seule revue universitaire canadienne sur le d\u00e9veloppement de carri\u00e8re. Il a pour mandat de pr\u00e9senter des articles dans des domaines de la recherche et de la pratique en carri\u00e8re qui int\u00e9ressent les praticiens du d\u00e9veloppement de carri\u00e8re.<\/p>\n<p>Le journal produit actuellement deux num\u00e9ros par an, un imprim\u00e9 et en ligne, ainsi qu&rsquo;un seul en ligne. Vous pouvez acc\u00e9der gratuitement en ligne aux publications actuelles et pass\u00e9es de CJCD. La RCDC a c\u00e9l\u00e9br\u00e9 son 10<sup>e<\/sup>\u00a0anniversaire en publiant le livre phare <em>Une approche multisectorielle du d\u00e9veloppement professionnel\u00a0: Une d\u00e9cennie de recherche au Canada<\/em>, que les lecteurs continuent de t\u00e9l\u00e9charger en raison de l\u2019int\u00e9r\u00eat qu\u2019ils lui portent.<\/p>\n<p><em>La Revue canadienne de d\u00e9veloppement de carri\u00e8re <\/em>est un projet de partenariat entre CERIC et l\u2019Universit\u00e9 M\u00e9morial de Terre-Neuve, avec le soutien de The Counselling Foundation of Canada.[\/vc_column_text][\/vc_column][\/vc_row][vc_row][vc_column][vc_column_text]<\/p>\n<h3><strong>Connexions<\/strong><\/h3>\n<p>Comme le domaine du d\u00e9veloppement de carri\u00e8re comporte de multiples facettes, le CERIC s\u2019efforce de jeter des ponts \u00e0 l\u2019\u00e9chelle nationale entre les secteurs, entre les chercheurs et les praticiens, Entre les collectivit\u00e9s de langue fran\u00e7aise et de langue anglaise et au niveau international.[\/vc_column_text][\/vc_column][\/vc_row][vc_row][vc_column]\r\n\t<div class=\"wprt-spacer clearfix\" data-desktop=\"10\" data-mobi=\"0\" data-smobi=\"0\"><\/div>[vc_column_text]<\/p>\n<h3><strong>Des connexions nationales et internationales<\/strong><\/h3>\n<p>Dans le cadre de tous ses programmes et projets, le CERIC exerce ses activit\u00e9s au-del\u00e0 des fronti\u00e8res, par exemple en \u00e9largissant les types d\u2019organismes qui peuvent faire partie des organisations collaboratives du congr\u00e8s Cannexus pour inclure des groupes tels que Skills\/Comp\u00e9tences Canada ou la Planification de main d&rsquo;oeuvre de l&rsquo;Ontario.<br \/>\nLe CERIC a d\u00e9velopp\u00e9 des connexions avec de nouveaux march\u00e9s gr\u00e2ce entre autres \u00e0 nos d\u00e9jeuners de r\u00e9seautage, incluant des agences de d\u00e9veloppement \u00e9conomique, des organismes de services sociaux municipaux et des organisations syndicales, chacune ayant un point de vue unique sur le d\u00e9veloppement de carri\u00e8re.<\/p>\n<p>En fournissant notre contenu \u00e0 des organismes tels que la Career Development Association of New Zealand, nous partageons le meilleur du d\u00e9veloppement de carri\u00e8re au Canada. Le CERIC a \u00e9galement import\u00e9 de nouvelles id\u00e9es en invitant des leaders en d\u00e9veloppement de carri\u00e8re de pays tels que la Finlande, la Cor\u00e9e ou la France \u00e0 \u00e9crire des articles pour nos publications et en participant au congr\u00e8s de l\u2019Association internationale d&rsquo;orientation scolaire et professionnelle.[\/vc_column_text][\/vc_column][\/vc_row][vc_row][vc_column][vc_column_text][\/vc_column_text][\/vc_column][\/vc_row]<\/p>\n<\/div>","protected":false},"excerpt":{"rendered":"<p>[vc_row][vc_column][vc_single_image image=\u00a0\u00bb11171&Prime; img_size=\u00a0\u00bb609&#215;206&Prime;][\/vc_column][\/vc_row][vc_row][vc_column][vc_column_text]L&rsquo;une des priorit\u00e9s strat\u00e9giques du CERIC est de promouvoir et faciliter la communication et la collaboration multisectorielles avec les intervenants du d\u00e9veloppement de carri\u00e8re.<span class=\"excerpt-hellip\"> [\u2026]<\/span><\/p>\n","protected":false},"author":30,"featured_media":0,"parent":0,"menu_order":0,"comment_status":"closed","ping_status":"closed","template":"","meta":{"h5ap_radio_sources":[],"footnotes":""},"class_list":["post-34420","page","type-page","status-publish","hentry"],"yoast_head":"<!-- This site is optimized with the Yoast SEO Premium plugin v27.3 (Yoast SEO v27.3) - https:\/\/yoast.com\/product\/yoast-seo-premium-wordpress\/ -->\n<title>Communaut\u00e9 et collaboration - CERIC<\/title>\n<meta name=\"robots\" content=\"index, follow, max-snippet:-1, max-image-preview:large, max-video-preview:-1\" \/>\n<link rel=\"canonical\" href=\"https:\/\/ceric.ca\/fr\/communaute-et-collaboration\/\" \/>\n<meta property=\"og:locale\" content=\"fr_FR\" \/>\n<meta property=\"og:type\" content=\"article\" \/>\n<meta property=\"og:title\" content=\"Communaut\u00e9 et collaboration\" \/>\n<meta property=\"og:description\" content=\"[vc_row][vc_column][vc_single_image image=\u00a0\u00bb11171&Prime; img_size=\u00a0\u00bb609&#215;206&Prime;][\/vc_column][\/vc_row][vc_row][vc_column][vc_column_text]L&rsquo;une des priorit\u00e9s strat\u00e9giques du CERIC est de promouvoir et faciliter la communication et la collaboration multisectorielles avec les intervenants du d\u00e9veloppement de carri\u00e8re. [\u2026]\" \/>\n<meta property=\"og:url\" content=\"https:\/\/ceric.ca\/fr\/communaute-et-collaboration\/\" \/>\n<meta property=\"og:site_name\" content=\"CERIC\" \/>\n<meta property=\"article:modified_time\" content=\"2019-07-15T19:03:35+00:00\" \/>\n<meta name=\"twitter:card\" content=\"summary_large_image\" \/>\n<meta name=\"twitter:label1\" content=\"Dur\u00e9e de lecture estim\u00e9e\" \/>\n\t<meta name=\"twitter:data1\" content=\"6 minutes\" \/>\n<script type=\"application\/ld+json\" class=\"yoast-schema-graph\">{\"@context\":\"https:\\\/\\\/schema.org\",\"@graph\":[{\"@type\":\"WebPage\",\"@id\":\"https:\\\/\\\/ceric.ca\\\/fr\\\/communaute-et-collaboration\\\/\",\"url\":\"https:\\\/\\\/ceric.ca\\\/fr\\\/communaute-et-collaboration\\\/\",\"name\":\"Communaut\u00e9 et collaboration - CERIC\",\"isPartOf\":{\"@id\":\"https:\\\/\\\/ceric.ca\\\/#website\"},\"datePublished\":\"2019-07-15T19:01:11+00:00\",\"dateModified\":\"2019-07-15T19:03:35+00:00\",\"breadcrumb\":{\"@id\":\"https:\\\/\\\/ceric.ca\\\/fr\\\/communaute-et-collaboration\\\/#breadcrumb\"},\"inLanguage\":\"fr-FR\",\"potentialAction\":[{\"@type\":\"ReadAction\",\"target\":[\"https:\\\/\\\/ceric.ca\\\/fr\\\/communaute-et-collaboration\\\/\"]}]},{\"@type\":\"BreadcrumbList\",\"@id\":\"https:\\\/\\\/ceric.ca\\\/fr\\\/communaute-et-collaboration\\\/#breadcrumb\",\"itemListElement\":[{\"@type\":\"ListItem\",\"position\":1,\"name\":\"Home\",\"item\":\"https:\\\/\\\/ceric.ca\\\/fr\\\/ceric-homepage-2025\\\/\"},{\"@type\":\"ListItem\",\"position\":2,\"name\":\"Communaut\u00e9 et collaboration\"}]},{\"@type\":\"WebSite\",\"@id\":\"https:\\\/\\\/ceric.ca\\\/#website\",\"url\":\"https:\\\/\\\/ceric.ca\\\/\",\"name\":\"CERIC\",\"description\":\"\",\"publisher\":{\"@id\":\"https:\\\/\\\/ceric.ca\\\/#organization\"},\"potentialAction\":[{\"@type\":\"SearchAction\",\"target\":{\"@type\":\"EntryPoint\",\"urlTemplate\":\"https:\\\/\\\/ceric.ca\\\/?s={search_term_string}\"},\"query-input\":{\"@type\":\"PropertyValueSpecification\",\"valueRequired\":true,\"valueName\":\"search_term_string\"}}],\"inLanguage\":\"fr-FR\"},{\"@type\":\"Organization\",\"@id\":\"https:\\\/\\\/ceric.ca\\\/#organization\",\"name\":\"CERIC\",\"url\":\"https:\\\/\\\/ceric.ca\\\/\",\"logo\":{\"@type\":\"ImageObject\",\"inLanguage\":\"fr-FR\",\"@id\":\"https:\\\/\\\/ceric.ca\\\/#\\\/schema\\\/logo\\\/image\\\/\",\"url\":\"\",\"contentUrl\":\"\",\"caption\":\"CERIC\"},\"image\":{\"@id\":\"https:\\\/\\\/ceric.ca\\\/#\\\/schema\\\/logo\\\/image\\\/\"}}]}<\/script>\n<!-- \/ Yoast SEO Premium plugin. -->","yoast_head_json":{"title":"Communaut\u00e9 et collaboration - CERIC","robots":{"index":"index","follow":"follow","max-snippet":"max-snippet:-1","max-image-preview":"max-image-preview:large","max-video-preview":"max-video-preview:-1"},"canonical":"https:\/\/ceric.ca\/fr\/communaute-et-collaboration\/","og_locale":"fr_FR","og_type":"article","og_title":"Communaut\u00e9 et collaboration","og_description":"[vc_row][vc_column][vc_single_image image=\u00a0\u00bb11171&Prime; img_size=\u00a0\u00bb609&#215;206&Prime;][\/vc_column][\/vc_row][vc_row][vc_column][vc_column_text]L&rsquo;une des priorit\u00e9s strat\u00e9giques du CERIC est de promouvoir et faciliter la communication et la collaboration multisectorielles avec les intervenants du d\u00e9veloppement de carri\u00e8re. [\u2026]","og_url":"https:\/\/ceric.ca\/fr\/communaute-et-collaboration\/","og_site_name":"CERIC","article_modified_time":"2019-07-15T19:03:35+00:00","twitter_card":"summary_large_image","twitter_misc":{"Dur\u00e9e de lecture estim\u00e9e":"6 minutes"},"schema":{"@context":"https:\/\/schema.org","@graph":[{"@type":"WebPage","@id":"https:\/\/ceric.ca\/fr\/communaute-et-collaboration\/","url":"https:\/\/ceric.ca\/fr\/communaute-et-collaboration\/","name":"Communaut\u00e9 et collaboration - CERIC","isPartOf":{"@id":"https:\/\/ceric.ca\/#website"},"datePublished":"2019-07-15T19:01:11+00:00","dateModified":"2019-07-15T19:03:35+00:00","breadcrumb":{"@id":"https:\/\/ceric.ca\/fr\/communaute-et-collaboration\/#breadcrumb"},"inLanguage":"fr-FR","potentialAction":[{"@type":"ReadAction","target":["https:\/\/ceric.ca\/fr\/communaute-et-collaboration\/"]}]},{"@type":"BreadcrumbList","@id":"https:\/\/ceric.ca\/fr\/communaute-et-collaboration\/#breadcrumb","itemListElement":[{"@type":"ListItem","position":1,"name":"Home","item":"https:\/\/ceric.ca\/fr\/ceric-homepage-2025\/"},{"@type":"ListItem","position":2,"name":"Communaut\u00e9 et collaboration"}]},{"@type":"WebSite","@id":"https:\/\/ceric.ca\/#website","url":"https:\/\/ceric.ca\/","name":"CERIC","description":"","publisher":{"@id":"https:\/\/ceric.ca\/#organization"},"potentialAction":[{"@type":"SearchAction","target":{"@type":"EntryPoint","urlTemplate":"https:\/\/ceric.ca\/?s={search_term_string}"},"query-input":{"@type":"PropertyValueSpecification","valueRequired":true,"valueName":"search_term_string"}}],"inLanguage":"fr-FR"},{"@type":"Organization","@id":"https:\/\/ceric.ca\/#organization","name":"CERIC","url":"https:\/\/ceric.ca\/","logo":{"@type":"ImageObject","inLanguage":"fr-FR","@id":"https:\/\/ceric.ca\/#\/schema\/logo\/image\/","url":"","contentUrl":"","caption":"CERIC"},"image":{"@id":"https:\/\/ceric.ca\/#\/schema\/logo\/image\/"}}]}},"_links":{"self":[{"href":"https:\/\/ceric.ca\/fr\/wp-json\/wp\/v2\/pages\/34420","targetHints":{"allow":["GET"]}}],"collection":[{"href":"https:\/\/ceric.ca\/fr\/wp-json\/wp\/v2\/pages"}],"about":[{"href":"https:\/\/ceric.ca\/fr\/wp-json\/wp\/v2\/types\/page"}],"author":[{"embeddable":true,"href":"https:\/\/ceric.ca\/fr\/wp-json\/wp\/v2\/users\/30"}],"replies":[{"embeddable":true,"href":"https:\/\/ceric.ca\/fr\/wp-json\/wp\/v2\/comments?post=34420"}],"version-history":[{"count":0,"href":"https:\/\/ceric.ca\/fr\/wp-json\/wp\/v2\/pages\/34420\/revisions"}],"wp:attachment":[{"href":"https:\/\/ceric.ca\/fr\/wp-json\/wp\/v2\/media?parent=34420"}],"curies":[{"name":"wp","href":"https:\/\/api.w.org\/{rel}","templated":true}]}}