{"id":35444,"date":"2019-10-04T13:41:52","date_gmt":"2019-10-04T17:41:52","guid":{"rendered":"https:\/\/ceric.ca\/?page_id=35444"},"modified":"2019-10-04T13:43:21","modified_gmt":"2019-10-04T17:43:21","slug":"decharge-de-responsabilite-concernant-les-communications-electroniques","status":"publish","type":"page","link":"https:\/\/ceric.ca\/fr\/decharge-de-responsabilite-concernant-les-communications-electroniques\/","title":{"rendered":"D\u00e9charge de responsabilit\u00e9 concernant les communications \u00e9lectroniques"},"content":{"rendered":"<pre>Derni\u00e8re mise \u00e0 jour le 4 octobre 2019<\/pre>\n<p>Ce courriel et ses fichiers joints, s\u2019il y a lieu, sont r\u00e9serv\u00e9s strictement \u00e0 son destinataire. Leurs contenus sont confidentiels et le destinataire ne doit les divulguer \u00e0 quiconque sans autorisation. L&rsquo;utilisation, la copie ou la divulgation de ces renseignements pourrait \u00eatre ill\u00e9gale. Si ce message vous est parvenu par erreur, veuillez s\u2019il-vous-pla\u00eet le supprimer de votre syst\u00e8me de gestion de courriel.<\/p>\n","protected":false},"excerpt":{"rendered":"<p>Derni\u00e8re mise \u00e0 jour le 4 octobre 2019 Ce courriel et ses fichiers joints, s\u2019il y a lieu, sont r\u00e9serv\u00e9s strictement \u00e0 son destinataire. Leurs contenus<span class=\"excerpt-hellip\"> [\u2026]<\/span><\/p>\n","protected":false},"author":1,"featured_media":0,"parent":0,"menu_order":0,"comment_status":"closed","ping_status":"closed","template":"","meta":{"h5ap_radio_sources":[],"footnotes":""},"class_list":["post-35444","page","type-page","status-publish","hentry"],"yoast_head":"<!-- This site is optimized with the Yoast SEO Premium plugin v27.3 (Yoast SEO v27.3) - https:\/\/yoast.com\/product\/yoast-seo-premium-wordpress\/ -->\n<title>D\u00e9charge de responsabilit\u00e9 concernant les communications \u00e9lectroniques - CERIC<\/title>\n<meta name=\"robots\" content=\"index, follow, max-snippet:-1, max-image-preview:large, max-video-preview:-1\" \/>\n<link rel=\"canonical\" href=\"https:\/\/ceric.ca\/fr\/decharge-de-responsabilite-concernant-les-communications-electroniques\/\" \/>\n<meta property=\"og:locale\" content=\"fr_FR\" \/>\n<meta property=\"og:type\" content=\"article\" \/>\n<meta property=\"og:title\" content=\"D\u00e9charge de responsabilit\u00e9 concernant les communications \u00e9lectroniques\" \/>\n<meta property=\"og:description\" content=\"Derni\u00e8re mise \u00e0 jour le 4 octobre 2019 Ce courriel et ses fichiers joints, s\u2019il y a lieu, sont r\u00e9serv\u00e9s strictement \u00e0 son destinataire. Leurs contenus [\u2026]\" \/>\n<meta property=\"og:url\" content=\"https:\/\/ceric.ca\/fr\/decharge-de-responsabilite-concernant-les-communications-electroniques\/\" \/>\n<meta property=\"og:site_name\" content=\"CERIC\" \/>\n<meta property=\"article:modified_time\" content=\"2019-10-04T17:43:21+00:00\" \/>\n<meta name=\"twitter:card\" content=\"summary_large_image\" \/>\n<script type=\"application\/ld+json\" class=\"yoast-schema-graph\">{\"@context\":\"https:\\\/\\\/schema.org\",\"@graph\":[{\"@type\":\"WebPage\",\"@id\":\"https:\\\/\\\/ceric.ca\\\/fr\\\/decharge-de-responsabilite-concernant-les-communications-electroniques\\\/\",\"url\":\"https:\\\/\\\/ceric.ca\\\/fr\\\/decharge-de-responsabilite-concernant-les-communications-electroniques\\\/\",\"name\":\"D\u00e9charge de responsabilit\u00e9 concernant les communications \u00e9lectroniques - CERIC\",\"isPartOf\":{\"@id\":\"https:\\\/\\\/ceric.ca\\\/#website\"},\"datePublished\":\"2019-10-04T17:41:52+00:00\",\"dateModified\":\"2019-10-04T17:43:21+00:00\",\"breadcrumb\":{\"@id\":\"https:\\\/\\\/ceric.ca\\\/fr\\\/decharge-de-responsabilite-concernant-les-communications-electroniques\\\/#breadcrumb\"},\"inLanguage\":\"fr-FR\",\"potentialAction\":[{\"@type\":\"ReadAction\",\"target\":[\"https:\\\/\\\/ceric.ca\\\/fr\\\/decharge-de-responsabilite-concernant-les-communications-electroniques\\\/\"]}]},{\"@type\":\"BreadcrumbList\",\"@id\":\"https:\\\/\\\/ceric.ca\\\/fr\\\/decharge-de-responsabilite-concernant-les-communications-electroniques\\\/#breadcrumb\",\"itemListElement\":[{\"@type\":\"ListItem\",\"position\":1,\"name\":\"Home\",\"item\":\"https:\\\/\\\/ceric.ca\\\/fr\\\/ceric-homepage-2025\\\/\"},{\"@type\":\"ListItem\",\"position\":2,\"name\":\"D\u00e9charge de responsabilit\u00e9 concernant les communications \u00e9lectroniques\"}]},{\"@type\":\"WebSite\",\"@id\":\"https:\\\/\\\/ceric.ca\\\/#website\",\"url\":\"https:\\\/\\\/ceric.ca\\\/\",\"name\":\"CERIC\",\"description\":\"\",\"publisher\":{\"@id\":\"https:\\\/\\\/ceric.ca\\\/#organization\"},\"potentialAction\":[{\"@type\":\"SearchAction\",\"target\":{\"@type\":\"EntryPoint\",\"urlTemplate\":\"https:\\\/\\\/ceric.ca\\\/?s={search_term_string}\"},\"query-input\":{\"@type\":\"PropertyValueSpecification\",\"valueRequired\":true,\"valueName\":\"search_term_string\"}}],\"inLanguage\":\"fr-FR\"},{\"@type\":\"Organization\",\"@id\":\"https:\\\/\\\/ceric.ca\\\/#organization\",\"name\":\"CERIC\",\"url\":\"https:\\\/\\\/ceric.ca\\\/\",\"logo\":{\"@type\":\"ImageObject\",\"inLanguage\":\"fr-FR\",\"@id\":\"https:\\\/\\\/ceric.ca\\\/#\\\/schema\\\/logo\\\/image\\\/\",\"url\":\"\",\"contentUrl\":\"\",\"caption\":\"CERIC\"},\"image\":{\"@id\":\"https:\\\/\\\/ceric.ca\\\/#\\\/schema\\\/logo\\\/image\\\/\"}}]}<\/script>\n<!-- \/ Yoast SEO Premium plugin. -->","yoast_head_json":{"title":"D\u00e9charge de responsabilit\u00e9 concernant les communications \u00e9lectroniques - CERIC","robots":{"index":"index","follow":"follow","max-snippet":"max-snippet:-1","max-image-preview":"max-image-preview:large","max-video-preview":"max-video-preview:-1"},"canonical":"https:\/\/ceric.ca\/fr\/decharge-de-responsabilite-concernant-les-communications-electroniques\/","og_locale":"fr_FR","og_type":"article","og_title":"D\u00e9charge de responsabilit\u00e9 concernant les communications \u00e9lectroniques","og_description":"Derni\u00e8re mise \u00e0 jour le 4 octobre 2019 Ce courriel et ses fichiers joints, s\u2019il y a lieu, sont r\u00e9serv\u00e9s strictement \u00e0 son destinataire. Leurs contenus [\u2026]","og_url":"https:\/\/ceric.ca\/fr\/decharge-de-responsabilite-concernant-les-communications-electroniques\/","og_site_name":"CERIC","article_modified_time":"2019-10-04T17:43:21+00:00","twitter_card":"summary_large_image","schema":{"@context":"https:\/\/schema.org","@graph":[{"@type":"WebPage","@id":"https:\/\/ceric.ca\/fr\/decharge-de-responsabilite-concernant-les-communications-electroniques\/","url":"https:\/\/ceric.ca\/fr\/decharge-de-responsabilite-concernant-les-communications-electroniques\/","name":"D\u00e9charge de responsabilit\u00e9 concernant les communications \u00e9lectroniques - CERIC","isPartOf":{"@id":"https:\/\/ceric.ca\/#website"},"datePublished":"2019-10-04T17:41:52+00:00","dateModified":"2019-10-04T17:43:21+00:00","breadcrumb":{"@id":"https:\/\/ceric.ca\/fr\/decharge-de-responsabilite-concernant-les-communications-electroniques\/#breadcrumb"},"inLanguage":"fr-FR","potentialAction":[{"@type":"ReadAction","target":["https:\/\/ceric.ca\/fr\/decharge-de-responsabilite-concernant-les-communications-electroniques\/"]}]},{"@type":"BreadcrumbList","@id":"https:\/\/ceric.ca\/fr\/decharge-de-responsabilite-concernant-les-communications-electroniques\/#breadcrumb","itemListElement":[{"@type":"ListItem","position":1,"name":"Home","item":"https:\/\/ceric.ca\/fr\/ceric-homepage-2025\/"},{"@type":"ListItem","position":2,"name":"D\u00e9charge de responsabilit\u00e9 concernant les communications \u00e9lectroniques"}]},{"@type":"WebSite","@id":"https:\/\/ceric.ca\/#website","url":"https:\/\/ceric.ca\/","name":"CERIC","description":"","publisher":{"@id":"https:\/\/ceric.ca\/#organization"},"potentialAction":[{"@type":"SearchAction","target":{"@type":"EntryPoint","urlTemplate":"https:\/\/ceric.ca\/?s={search_term_string}"},"query-input":{"@type":"PropertyValueSpecification","valueRequired":true,"valueName":"search_term_string"}}],"inLanguage":"fr-FR"},{"@type":"Organization","@id":"https:\/\/ceric.ca\/#organization","name":"CERIC","url":"https:\/\/ceric.ca\/","logo":{"@type":"ImageObject","inLanguage":"fr-FR","@id":"https:\/\/ceric.ca\/#\/schema\/logo\/image\/","url":"","contentUrl":"","caption":"CERIC"},"image":{"@id":"https:\/\/ceric.ca\/#\/schema\/logo\/image\/"}}]}},"_links":{"self":[{"href":"https:\/\/ceric.ca\/fr\/wp-json\/wp\/v2\/pages\/35444","targetHints":{"allow":["GET"]}}],"collection":[{"href":"https:\/\/ceric.ca\/fr\/wp-json\/wp\/v2\/pages"}],"about":[{"href":"https:\/\/ceric.ca\/fr\/wp-json\/wp\/v2\/types\/page"}],"author":[{"embeddable":true,"href":"https:\/\/ceric.ca\/fr\/wp-json\/wp\/v2\/users\/1"}],"replies":[{"embeddable":true,"href":"https:\/\/ceric.ca\/fr\/wp-json\/wp\/v2\/comments?post=35444"}],"version-history":[{"count":0,"href":"https:\/\/ceric.ca\/fr\/wp-json\/wp\/v2\/pages\/35444\/revisions"}],"wp:attachment":[{"href":"https:\/\/ceric.ca\/fr\/wp-json\/wp\/v2\/media?parent=35444"}],"curies":[{"name":"wp","href":"https:\/\/api.w.org\/{rel}","templated":true}]}}