{"id":36154,"date":"2020-02-04T15:02:54","date_gmt":"2020-02-04T20:02:54","guid":{"rendered":"https:\/\/ceric.ca\/?page_id=36154"},"modified":"2022-04-06T12:11:56","modified_gmt":"2022-04-06T16:11:56","slug":"hiver-2020","status":"publish","type":"page","link":"https:\/\/ceric.ca\/fr\/magazine-careering\/hiver-2020\/","title":{"rendered":"Hiver 2020"},"content":{"rendered":"<div class=\"wpb-content-wrapper\"><p>[vc_row][vc_column width=\u00a0\u00bb1\/2&Prime;][vc_single_image image=\u00a0\u00bb36700&Prime; onclick=\u00a0\u00bbcustom_link\u00a0\u00bb img_link_target=\u00a0\u00bb_blank\u00a0\u00bb link=\u00a0\u00bbhttps:\/\/ceric.ca\/wp-content\/uploads\/2022\/04\/Careering-Winter-2020.pdf\u00a0\u00bb][\/vc_column][vc_column width=\u00a0\u00bb1\/2&Prime;]<div class=\"wprt-content-box clearfix \" data-margin=\"\" data-mobimargin=\"\">\r\n\t\t<div class=\"inner\" style=\"\">\r\n\t\t\t<p>[vc_column_text]<\/p>\n<h2>Hiver 2020 : \u00c9thique et professionnalisme<\/h2>\n<p>[\/vc_column_text]<\/p>\n\r\n\t\t<\/div>\r\n\t<\/div>\r\n\t<div class=\"wprt-spacer clearfix\" data-desktop=\"40\" data-mobi=\"25\" data-smobi=\"0\"><\/div><div class=\"button-wrap icon-right has-icon\" style=\"\"><a href=\"https:\/\/www.tfaforms.com\/4723756\" target=\"_blank\" class=\"wprt-button big solid accent\" style=\"border-radius:10px;\">\r\n\t\t<span style=\"\">INSCRIVEZ-VOUS AU MAGAZINE CAREERING <span class=\"icon\" style=\"\"><i class=\"fa fa-envelope-open-o\"><\/i><\/span><\/span>\r\n\t<\/a><\/div><div class=\"wprt-content-box clearfix \" data-margin=\"\" data-mobimargin=\"\">\r\n\t\t<div class=\"inner\" style=\"\">\r\n\t\t\t<p>[vc_column_text](Ainsi qu\u2019aux autres publications du CERIC.)[\/vc_column_text]<\/p>\n\r\n\t\t<\/div>\r\n\t<\/div>\r\n\t<div class=\"wprt-spacer clearfix\" data-desktop=\"40\" data-mobi=\"25\" data-smobi=\"0\"><\/div><div class=\"wprt-content-box clearfix \" data-margin=\"\" data-mobimargin=\"\">\r\n\t\t<div class=\"inner\" style=\"\">\r\n\t\t\t<p>[vc_column_text]Cliquez sur l\u2019image ci-contre pour consulter la version en ligne du magazine\u00a0<em>Careering.<\/em>[\/vc_column_text]<\/p>\n\r\n\t\t<\/div>\r\n\t<\/div>[\/vc_column][\/vc_row][vc_row][vc_column]\r\n\t<div class=\"wprt-spacer clearfix\" data-desktop=\"50\" data-mobi=\"35\" data-smobi=\"0\"><\/div>[\/vc_column][\/vc_row][vc_row][vc_column][vc_tta_tabs][vc_tta_section title=\u00a0\u00bbARTICLES DE FOND\u00a0\u00bb tab_id=\u00a0\u00bb1529440522245-b517b9d9-ac60&Prime;][vc_basic_grid post_type=\u00a0\u00bbpost\u00a0\u00bb max_items=\u00a0\u00bb10&Prime; element_width=\u00a0\u00bb6&Prime; item=\u00a0\u00bb49401&Prime; grid_id=\u00a0\u00bbvc_gid:1649261497338-6da1e67f-c062-8&Prime; taxonomies=\u00a0\u00bb857&Prime;][\/vc_tta_section][vc_tta_section title=\u00a0\u00bbSECTIONS\u00a0\u00bb tab_id=\u00a0\u00bb1529440522262-e514826d-ff6f\u00a0\u00bb][vc_basic_grid post_type=\u00a0\u00bbpost\u00a0\u00bb max_items=\u00a0\u00bb10&Prime; element_width=\u00a0\u00bb6&Prime; item=\u00a0\u00bb49401&Prime; grid_id=\u00a0\u00bbvc_gid:1649261497340-15827eaf-ea54-10&Prime; taxonomies=\u00a0\u00bb858&Prime;][\/vc_tta_section][\/vc_tta_tabs]\r\n\t<div class=\"wprt-spacer clearfix\" data-desktop=\"35\" data-mobi=\"25\" data-smobi=\"0\"><\/div><div class=\"wprt-content-box clearfix \" data-margin=\"\" data-mobimargin=\"\">\r\n\t\t<div class=\"inner\" style=\"\">\r\n\t\t\t<div class=\"wprt-spacer clearfix\" data-desktop=\"0\" data-mobi=\"0\" data-smobi=\"0\"><\/div>[vc_column_text]Le prochain num\u00e9ro du magazine <em>Careering<\/em> (printemps-\u00e9t\u00e9 2020) portera sur le th\u00e8me de \u00ab le d\u00e9veloppement de la main d\u2019\u0153uvre rurale \u00bb.<\/p>\n<p>Nous vous invitons \u00e0 proposer des sujets d\u2019articles touchant un large \u00e9ventail d\u2019interpr\u00e9tations de ce th\u00e8me. Veuillez consulter nos <a href=\"https:\/\/ceric.ca\/fr\/directives-sur-la-presentation-darticles-pour-le-magazine-careering\/\" target=\"_blank\" rel=\"noopener noreferrer\">directives de soumission<\/a> et envoyer votre suggestion d&rsquo;article \u00e0: <a href=\"mailto:lindsay@ceric.ca\" target=\"_blank\" rel=\"noopener noreferrer\">lindsay@ceric.ca<\/a> avant <strong>le 14 f\u00e9vrier 2020<\/strong>.[\/vc_column_text]\r\n\t<div class=\"wprt-spacer clearfix\" data-desktop=\"50\" data-mobi=\"35\" data-smobi=\"0\"><\/div>[vc_column_text]<\/p>\n<div id=\"content\">\n<div id=\"post-content\">\n<div id=\"content\">\n<div id=\"post-content\">\n<p><em>Les opinions exprim\u00e9es par les contributeurs ne sont pas n\u00e9cessairement celles du CERIC. La mention des programmes, services, produits et initiatives ne constitue pas une approbation de ces \u00e9l\u00e9ments.<\/em><\/p>\n<\/div>\n<\/div>\n<\/div>\n<\/div>\n<p>[\/vc_column_text]<\/p>\n\r\n\t\t<\/div>\r\n\t<\/div>[\/vc_column][\/vc_row]<\/p>\n<\/div>","protected":false},"excerpt":{"rendered":"<p>[vc_row][vc_column width=\u00a0\u00bb1\/2&Prime;][vc_single_image image=\u00a0\u00bb36700&Prime; onclick=\u00a0\u00bbcustom_link\u00a0\u00bb img_link_target=\u00a0\u00bb_blank\u00a0\u00bb link=\u00a0\u00bbhttps:\/\/ceric.ca\/wp-content\/uploads\/2022\/04\/Careering-Winter-2020.pdf\u00a0\u00bb][\/vc_column][vc_column width=\u00a0\u00bb1\/2&Prime;][\/vc_column][\/vc_row][vc_row][vc_column][\/vc_column][\/vc_row][vc_row][vc_column][vc_tta_tabs][vc_tta_section title=\u00a0\u00bbARTICLES DE FOND\u00a0\u00bb tab_id=\u00a0\u00bb1529440522245-b517b9d9-ac60&Prime;][vc_basic_grid post_type=\u00a0\u00bbpost\u00a0\u00bb max_items=\u00a0\u00bb10&Prime; element_width=\u00a0\u00bb6&Prime; item=\u00a0\u00bb49401&Prime; grid_id=\u00a0\u00bbvc_gid:1649261497338-6da1e67f-c062-8&Prime; taxonomies=\u00a0\u00bb857&Prime;][\/vc_tta_section][vc_tta_section title=\u00a0\u00bbSECTIONS\u00a0\u00bb tab_id=\u00a0\u00bb1529440522262-e514826d-ff6f\u00a0\u00bb][vc_basic_grid post_type=\u00a0\u00bbpost\u00a0\u00bb max_items=\u00a0\u00bb10&Prime; element_width=\u00a0\u00bb6&Prime; item=\u00a0\u00bb49401&Prime; grid_id=\u00a0\u00bbvc_gid:1649261497340-15827eaf-ea54-10&Prime; taxonomies=\u00a0\u00bb858&Prime;][\/vc_tta_section][\/vc_tta_tabs][\/vc_column][\/vc_row]<\/p>\n","protected":false},"author":21,"featured_media":0,"parent":29190,"menu_order":0,"comment_status":"closed","ping_status":"closed","template":"","meta":{"h5ap_radio_sources":[],"footnotes":""},"class_list":["post-36154","page","type-page","status-publish","hentry"],"yoast_head":"<!-- This site is optimized with the Yoast SEO Premium plugin v27.5 (Yoast SEO v27.5) - https:\/\/yoast.com\/product\/yoast-seo-premium-wordpress\/ -->\n<title>Hiver 2020 - CERIC<\/title>\n<meta name=\"robots\" content=\"index, follow, max-snippet:-1, max-image-preview:large, max-video-preview:-1\" \/>\n<link rel=\"canonical\" href=\"https:\/\/ceric.ca\/fr\/magazine-careering\/hiver-2020\/\" \/>\n<meta property=\"og:locale\" content=\"fr_FR\" \/>\n<meta property=\"og:type\" content=\"article\" \/>\n<meta property=\"og:title\" content=\"Hiver 2020\" \/>\n<meta property=\"og:description\" content=\"[vc_row][vc_column width=\u00a0\u00bb1\/2&Prime;][vc_single_image image=\u00a0\u00bb36700&Prime; onclick=\u00a0\u00bbcustom_link\u00a0\u00bb img_link_target=\u00a0\u00bb_blank\u00a0\u00bb link=\u00a0\u00bbhttps:\/\/ceric.ca\/wp-content\/uploads\/2022\/04\/Careering-Winter-2020.pdf\u00a0\u00bb][\/vc_column][vc_column width=\u00a0\u00bb1\/2&Prime;][\/vc_column][\/vc_row][vc_row][vc_column][\/vc_column][\/vc_row][vc_row][vc_column][vc_tta_tabs][vc_tta_section title=\u00a0\u00bbARTICLES DE FOND\u00a0\u00bb tab_id=\u00a0\u00bb1529440522245-b517b9d9-ac60&Prime;][vc_basic_grid post_type=\u00a0\u00bbpost\u00a0\u00bb max_items=\u00a0\u00bb10&Prime; element_width=\u00a0\u00bb6&Prime; item=\u00a0\u00bb49401&Prime; grid_id=\u00a0\u00bbvc_gid:1649261497338-6da1e67f-c062-8&Prime; taxonomies=\u00a0\u00bb857&Prime;][\/vc_tta_section][vc_tta_section title=\u00a0\u00bbSECTIONS\u00a0\u00bb tab_id=\u00a0\u00bb1529440522262-e514826d-ff6f\u00a0\u00bb][vc_basic_grid post_type=\u00a0\u00bbpost\u00a0\u00bb max_items=\u00a0\u00bb10&Prime; element_width=\u00a0\u00bb6&Prime; item=\u00a0\u00bb49401&Prime; grid_id=\u00a0\u00bbvc_gid:1649261497340-15827eaf-ea54-10&Prime; taxonomies=\u00a0\u00bb858&Prime;][\/vc_tta_section][\/vc_tta_tabs][\/vc_column][\/vc_row]\" \/>\n<meta property=\"og:url\" content=\"https:\/\/ceric.ca\/fr\/magazine-careering\/hiver-2020\/\" \/>\n<meta property=\"og:site_name\" content=\"CERIC\" \/>\n<meta property=\"article:modified_time\" content=\"2022-04-06T16:11:56+00:00\" \/>\n<meta name=\"twitter:card\" content=\"summary_large_image\" \/>\n<meta name=\"twitter:label1\" content=\"Dur\u00e9e de lecture estim\u00e9e\" \/>\n\t<meta name=\"twitter:data1\" content=\"1 minute\" \/>\n<script type=\"application\/ld+json\" class=\"yoast-schema-graph\">{\"@context\":\"https:\\\/\\\/schema.org\",\"@graph\":[{\"@type\":\"WebPage\",\"@id\":\"https:\\\/\\\/ceric.ca\\\/fr\\\/magazine-careering\\\/hiver-2020\\\/\",\"url\":\"https:\\\/\\\/ceric.ca\\\/fr\\\/magazine-careering\\\/hiver-2020\\\/\",\"name\":\"Hiver 2020 - CERIC\",\"isPartOf\":{\"@id\":\"https:\\\/\\\/ceric.ca\\\/#website\"},\"datePublished\":\"2020-02-04T20:02:54+00:00\",\"dateModified\":\"2022-04-06T16:11:56+00:00\",\"breadcrumb\":{\"@id\":\"https:\\\/\\\/ceric.ca\\\/fr\\\/magazine-careering\\\/hiver-2020\\\/#breadcrumb\"},\"inLanguage\":\"fr-FR\",\"potentialAction\":[{\"@type\":\"ReadAction\",\"target\":[\"https:\\\/\\\/ceric.ca\\\/fr\\\/magazine-careering\\\/hiver-2020\\\/\"]}]},{\"@type\":\"BreadcrumbList\",\"@id\":\"https:\\\/\\\/ceric.ca\\\/fr\\\/magazine-careering\\\/hiver-2020\\\/#breadcrumb\",\"itemListElement\":[{\"@type\":\"ListItem\",\"position\":1,\"name\":\"Home\",\"item\":\"https:\\\/\\\/ceric.ca\\\/fr\\\/ceric-homepage-2025\\\/\"},{\"@type\":\"ListItem\",\"position\":2,\"name\":\"Magazine Careering\",\"item\":\"https:\\\/\\\/ceric.ca\\\/fr\\\/magazine-careering\\\/\"},{\"@type\":\"ListItem\",\"position\":3,\"name\":\"Hiver 2020\"}]},{\"@type\":\"WebSite\",\"@id\":\"https:\\\/\\\/ceric.ca\\\/#website\",\"url\":\"https:\\\/\\\/ceric.ca\\\/\",\"name\":\"CERIC\",\"description\":\"\",\"publisher\":{\"@id\":\"https:\\\/\\\/ceric.ca\\\/#organization\"},\"potentialAction\":[{\"@type\":\"SearchAction\",\"target\":{\"@type\":\"EntryPoint\",\"urlTemplate\":\"https:\\\/\\\/ceric.ca\\\/?s={search_term_string}\"},\"query-input\":{\"@type\":\"PropertyValueSpecification\",\"valueRequired\":true,\"valueName\":\"search_term_string\"}}],\"inLanguage\":\"fr-FR\"},{\"@type\":\"Organization\",\"@id\":\"https:\\\/\\\/ceric.ca\\\/#organization\",\"name\":\"CERIC\",\"url\":\"https:\\\/\\\/ceric.ca\\\/\",\"logo\":{\"@type\":\"ImageObject\",\"inLanguage\":\"fr-FR\",\"@id\":\"https:\\\/\\\/ceric.ca\\\/#\\\/schema\\\/logo\\\/image\\\/\",\"url\":\"\",\"contentUrl\":\"\",\"caption\":\"CERIC\"},\"image\":{\"@id\":\"https:\\\/\\\/ceric.ca\\\/#\\\/schema\\\/logo\\\/image\\\/\"}}]}<\/script>\n<!-- \/ Yoast SEO Premium plugin. -->","yoast_head_json":{"title":"Hiver 2020 - CERIC","robots":{"index":"index","follow":"follow","max-snippet":"max-snippet:-1","max-image-preview":"max-image-preview:large","max-video-preview":"max-video-preview:-1"},"canonical":"https:\/\/ceric.ca\/fr\/magazine-careering\/hiver-2020\/","og_locale":"fr_FR","og_type":"article","og_title":"Hiver 2020","og_description":"[vc_row][vc_column width=\u00a0\u00bb1\/2&Prime;][vc_single_image image=\u00a0\u00bb36700&Prime; onclick=\u00a0\u00bbcustom_link\u00a0\u00bb img_link_target=\u00a0\u00bb_blank\u00a0\u00bb link=\u00a0\u00bbhttps:\/\/ceric.ca\/wp-content\/uploads\/2022\/04\/Careering-Winter-2020.pdf\u00a0\u00bb][\/vc_column][vc_column width=\u00a0\u00bb1\/2&Prime;][\/vc_column][\/vc_row][vc_row][vc_column][\/vc_column][\/vc_row][vc_row][vc_column][vc_tta_tabs][vc_tta_section title=\u00a0\u00bbARTICLES DE FOND\u00a0\u00bb tab_id=\u00a0\u00bb1529440522245-b517b9d9-ac60&Prime;][vc_basic_grid post_type=\u00a0\u00bbpost\u00a0\u00bb max_items=\u00a0\u00bb10&Prime; element_width=\u00a0\u00bb6&Prime; item=\u00a0\u00bb49401&Prime; grid_id=\u00a0\u00bbvc_gid:1649261497338-6da1e67f-c062-8&Prime; taxonomies=\u00a0\u00bb857&Prime;][\/vc_tta_section][vc_tta_section title=\u00a0\u00bbSECTIONS\u00a0\u00bb tab_id=\u00a0\u00bb1529440522262-e514826d-ff6f\u00a0\u00bb][vc_basic_grid post_type=\u00a0\u00bbpost\u00a0\u00bb max_items=\u00a0\u00bb10&Prime; element_width=\u00a0\u00bb6&Prime; item=\u00a0\u00bb49401&Prime; grid_id=\u00a0\u00bbvc_gid:1649261497340-15827eaf-ea54-10&Prime; taxonomies=\u00a0\u00bb858&Prime;][\/vc_tta_section][\/vc_tta_tabs][\/vc_column][\/vc_row]","og_url":"https:\/\/ceric.ca\/fr\/magazine-careering\/hiver-2020\/","og_site_name":"CERIC","article_modified_time":"2022-04-06T16:11:56+00:00","twitter_card":"summary_large_image","twitter_misc":{"Dur\u00e9e de lecture estim\u00e9e":"1 minute"},"schema":{"@context":"https:\/\/schema.org","@graph":[{"@type":"WebPage","@id":"https:\/\/ceric.ca\/fr\/magazine-careering\/hiver-2020\/","url":"https:\/\/ceric.ca\/fr\/magazine-careering\/hiver-2020\/","name":"Hiver 2020 - CERIC","isPartOf":{"@id":"https:\/\/ceric.ca\/#website"},"datePublished":"2020-02-04T20:02:54+00:00","dateModified":"2022-04-06T16:11:56+00:00","breadcrumb":{"@id":"https:\/\/ceric.ca\/fr\/magazine-careering\/hiver-2020\/#breadcrumb"},"inLanguage":"fr-FR","potentialAction":[{"@type":"ReadAction","target":["https:\/\/ceric.ca\/fr\/magazine-careering\/hiver-2020\/"]}]},{"@type":"BreadcrumbList","@id":"https:\/\/ceric.ca\/fr\/magazine-careering\/hiver-2020\/#breadcrumb","itemListElement":[{"@type":"ListItem","position":1,"name":"Home","item":"https:\/\/ceric.ca\/fr\/ceric-homepage-2025\/"},{"@type":"ListItem","position":2,"name":"Magazine Careering","item":"https:\/\/ceric.ca\/fr\/magazine-careering\/"},{"@type":"ListItem","position":3,"name":"Hiver 2020"}]},{"@type":"WebSite","@id":"https:\/\/ceric.ca\/#website","url":"https:\/\/ceric.ca\/","name":"CERIC","description":"","publisher":{"@id":"https:\/\/ceric.ca\/#organization"},"potentialAction":[{"@type":"SearchAction","target":{"@type":"EntryPoint","urlTemplate":"https:\/\/ceric.ca\/?s={search_term_string}"},"query-input":{"@type":"PropertyValueSpecification","valueRequired":true,"valueName":"search_term_string"}}],"inLanguage":"fr-FR"},{"@type":"Organization","@id":"https:\/\/ceric.ca\/#organization","name":"CERIC","url":"https:\/\/ceric.ca\/","logo":{"@type":"ImageObject","inLanguage":"fr-FR","@id":"https:\/\/ceric.ca\/#\/schema\/logo\/image\/","url":"","contentUrl":"","caption":"CERIC"},"image":{"@id":"https:\/\/ceric.ca\/#\/schema\/logo\/image\/"}}]}},"_links":{"self":[{"href":"https:\/\/ceric.ca\/fr\/wp-json\/wp\/v2\/pages\/36154","targetHints":{"allow":["GET"]}}],"collection":[{"href":"https:\/\/ceric.ca\/fr\/wp-json\/wp\/v2\/pages"}],"about":[{"href":"https:\/\/ceric.ca\/fr\/wp-json\/wp\/v2\/types\/page"}],"author":[{"embeddable":true,"href":"https:\/\/ceric.ca\/fr\/wp-json\/wp\/v2\/users\/21"}],"replies":[{"embeddable":true,"href":"https:\/\/ceric.ca\/fr\/wp-json\/wp\/v2\/comments?post=36154"}],"version-history":[{"count":0,"href":"https:\/\/ceric.ca\/fr\/wp-json\/wp\/v2\/pages\/36154\/revisions"}],"up":[{"embeddable":true,"href":"https:\/\/ceric.ca\/fr\/wp-json\/wp\/v2\/pages\/29190"}],"wp:attachment":[{"href":"https:\/\/ceric.ca\/fr\/wp-json\/wp\/v2\/media?parent=36154"}],"curies":[{"name":"wp","href":"https:\/\/api.w.org\/{rel}","templated":true}]}}