{"id":37588,"date":"2020-03-27T16:20:05","date_gmt":"2020-03-27T20:20:05","guid":{"rendered":"https:\/\/ceric.ca\/?page_id=37588"},"modified":"2024-08-06T10:45:52","modified_gmt":"2024-08-06T14:45:52","slug":"directives-de-marketing-pour-les-partenaires-de-projets-du-ceric-2","status":"publish","type":"page","link":"https:\/\/ceric.ca\/fr\/directives-de-marketing-pour-les-partenaires-de-projets-du-ceric-2\/","title":{"rendered":"Directives de marketing pour les partenaires de projets du CERIC"},"content":{"rendered":"<p>Le pr\u00e9sent document a pour but d\u2019aider les partenaires de projets du CERIC \u00e0 faire conna\u00eetre leurs r\u00e9sultats et \u00e0 promouvoir les ressources produites dans le cadre du projet. Notre approche commune reconna\u00eet que les partenaires de projets sont probablement des chercheurs ou des intervenants en d\u00e9veloppement de carri\u00e8re tr\u00e8s occup\u00e9s et pas n\u00e9cessairement des sp\u00e9cialistes du marketing. Ces br\u00e8ves directives de marketing sont \u00e0 votre disposition pour que nous puissions collaborer le plus efficacement possible, avec l\u2019objectif commun de faire conna\u00eetre votre travail \u00e0 ceux qui ont besoin de le conna\u00eetre.<\/p>\n<p>[vc_btn title=\u00a0\u00bbDirectives de marketing pour les partenaires de projets du CERIC\u00a0\u00bb color=\u00a0\u00bbsandy-brown\u00a0\u00bb size=\u00a0\u00bblg\u00a0\u00bb i_icon_fontawesome=\u00a0\u00bbfa fa-file-pdf-o\u00a0\u00bb add_icon=\u00a0\u00bbtrue\u00a0\u00bb link=\u00a0\u00bburl:https%3A%2F%2Fceric.ca\/wp-content\/uploads\/2024\/08\/Directives-de-marketing-pour-les-partenaires-de-projets-Revisees-2024.pdf\u00a0\u00bb]<\/p>\n","protected":false},"excerpt":{"rendered":"<p>Le pr\u00e9sent document a pour but d\u2019aider les partenaires de projets du CERIC \u00e0 faire conna\u00eetre leurs r\u00e9sultats et \u00e0 promouvoir les ressources produites dans le<span class=\"excerpt-hellip\"> [\u2026]<\/span><\/p>\n","protected":false},"author":1,"featured_media":0,"parent":0,"menu_order":0,"comment_status":"closed","ping_status":"closed","template":"","meta":{"h5ap_radio_sources":[],"footnotes":""},"class_list":["post-37588","page","type-page","status-publish","hentry"],"yoast_head":"<!-- This site is optimized with the Yoast SEO Premium plugin v27.3 (Yoast SEO v27.3) - https:\/\/yoast.com\/product\/yoast-seo-premium-wordpress\/ -->\n<title>Directives de marketing pour les partenaires de projets du CERIC - CERIC<\/title>\n<meta name=\"robots\" content=\"index, follow, max-snippet:-1, max-image-preview:large, max-video-preview:-1\" \/>\n<link rel=\"canonical\" href=\"https:\/\/ceric.ca\/fr\/directives-de-marketing-pour-les-partenaires-de-projets-du-ceric-2\/\" \/>\n<meta property=\"og:locale\" content=\"fr_FR\" \/>\n<meta property=\"og:type\" content=\"article\" \/>\n<meta property=\"og:title\" content=\"Directives de marketing pour les partenaires de projets du CERIC\" \/>\n<meta property=\"og:description\" content=\"Le pr\u00e9sent document a pour but d\u2019aider les partenaires de projets du CERIC \u00e0 faire conna\u00eetre leurs r\u00e9sultats et \u00e0 promouvoir les ressources produites dans le [\u2026]\" \/>\n<meta property=\"og:url\" content=\"https:\/\/ceric.ca\/fr\/directives-de-marketing-pour-les-partenaires-de-projets-du-ceric-2\/\" \/>\n<meta property=\"og:site_name\" content=\"CERIC\" \/>\n<meta property=\"article:modified_time\" content=\"2024-08-06T14:45:52+00:00\" \/>\n<meta name=\"twitter:card\" content=\"summary_large_image\" \/>\n<meta name=\"twitter:label1\" content=\"Dur\u00e9e de lecture estim\u00e9e\" \/>\n\t<meta name=\"twitter:data1\" content=\"1 minute\" \/>\n<script type=\"application\/ld+json\" class=\"yoast-schema-graph\">{\"@context\":\"https:\\\/\\\/schema.org\",\"@graph\":[{\"@type\":\"WebPage\",\"@id\":\"https:\\\/\\\/ceric.ca\\\/fr\\\/directives-de-marketing-pour-les-partenaires-de-projets-du-ceric-2\\\/\",\"url\":\"https:\\\/\\\/ceric.ca\\\/fr\\\/directives-de-marketing-pour-les-partenaires-de-projets-du-ceric-2\\\/\",\"name\":\"Directives de marketing pour les partenaires de projets du CERIC - CERIC\",\"isPartOf\":{\"@id\":\"https:\\\/\\\/ceric.ca\\\/#website\"},\"datePublished\":\"2020-03-27T20:20:05+00:00\",\"dateModified\":\"2024-08-06T14:45:52+00:00\",\"breadcrumb\":{\"@id\":\"https:\\\/\\\/ceric.ca\\\/fr\\\/directives-de-marketing-pour-les-partenaires-de-projets-du-ceric-2\\\/#breadcrumb\"},\"inLanguage\":\"fr-FR\",\"potentialAction\":[{\"@type\":\"ReadAction\",\"target\":[\"https:\\\/\\\/ceric.ca\\\/fr\\\/directives-de-marketing-pour-les-partenaires-de-projets-du-ceric-2\\\/\"]}]},{\"@type\":\"BreadcrumbList\",\"@id\":\"https:\\\/\\\/ceric.ca\\\/fr\\\/directives-de-marketing-pour-les-partenaires-de-projets-du-ceric-2\\\/#breadcrumb\",\"itemListElement\":[{\"@type\":\"ListItem\",\"position\":1,\"name\":\"Home\",\"item\":\"https:\\\/\\\/ceric.ca\\\/fr\\\/ceric-homepage-2025\\\/\"},{\"@type\":\"ListItem\",\"position\":2,\"name\":\"Directives de marketing pour les partenaires de projets du CERIC\"}]},{\"@type\":\"WebSite\",\"@id\":\"https:\\\/\\\/ceric.ca\\\/#website\",\"url\":\"https:\\\/\\\/ceric.ca\\\/\",\"name\":\"CERIC\",\"description\":\"\",\"publisher\":{\"@id\":\"https:\\\/\\\/ceric.ca\\\/#organization\"},\"potentialAction\":[{\"@type\":\"SearchAction\",\"target\":{\"@type\":\"EntryPoint\",\"urlTemplate\":\"https:\\\/\\\/ceric.ca\\\/?s={search_term_string}\"},\"query-input\":{\"@type\":\"PropertyValueSpecification\",\"valueRequired\":true,\"valueName\":\"search_term_string\"}}],\"inLanguage\":\"fr-FR\"},{\"@type\":\"Organization\",\"@id\":\"https:\\\/\\\/ceric.ca\\\/#organization\",\"name\":\"CERIC\",\"url\":\"https:\\\/\\\/ceric.ca\\\/\",\"logo\":{\"@type\":\"ImageObject\",\"inLanguage\":\"fr-FR\",\"@id\":\"https:\\\/\\\/ceric.ca\\\/#\\\/schema\\\/logo\\\/image\\\/\",\"url\":\"\",\"contentUrl\":\"\",\"caption\":\"CERIC\"},\"image\":{\"@id\":\"https:\\\/\\\/ceric.ca\\\/#\\\/schema\\\/logo\\\/image\\\/\"}}]}<\/script>\n<!-- \/ Yoast SEO Premium plugin. -->","yoast_head_json":{"title":"Directives de marketing pour les partenaires de projets du CERIC - CERIC","robots":{"index":"index","follow":"follow","max-snippet":"max-snippet:-1","max-image-preview":"max-image-preview:large","max-video-preview":"max-video-preview:-1"},"canonical":"https:\/\/ceric.ca\/fr\/directives-de-marketing-pour-les-partenaires-de-projets-du-ceric-2\/","og_locale":"fr_FR","og_type":"article","og_title":"Directives de marketing pour les partenaires de projets du CERIC","og_description":"Le pr\u00e9sent document a pour but d\u2019aider les partenaires de projets du CERIC \u00e0 faire conna\u00eetre leurs r\u00e9sultats et \u00e0 promouvoir les ressources produites dans le [\u2026]","og_url":"https:\/\/ceric.ca\/fr\/directives-de-marketing-pour-les-partenaires-de-projets-du-ceric-2\/","og_site_name":"CERIC","article_modified_time":"2024-08-06T14:45:52+00:00","twitter_card":"summary_large_image","twitter_misc":{"Dur\u00e9e de lecture estim\u00e9e":"1 minute"},"schema":{"@context":"https:\/\/schema.org","@graph":[{"@type":"WebPage","@id":"https:\/\/ceric.ca\/fr\/directives-de-marketing-pour-les-partenaires-de-projets-du-ceric-2\/","url":"https:\/\/ceric.ca\/fr\/directives-de-marketing-pour-les-partenaires-de-projets-du-ceric-2\/","name":"Directives de marketing pour les partenaires de projets du CERIC - CERIC","isPartOf":{"@id":"https:\/\/ceric.ca\/#website"},"datePublished":"2020-03-27T20:20:05+00:00","dateModified":"2024-08-06T14:45:52+00:00","breadcrumb":{"@id":"https:\/\/ceric.ca\/fr\/directives-de-marketing-pour-les-partenaires-de-projets-du-ceric-2\/#breadcrumb"},"inLanguage":"fr-FR","potentialAction":[{"@type":"ReadAction","target":["https:\/\/ceric.ca\/fr\/directives-de-marketing-pour-les-partenaires-de-projets-du-ceric-2\/"]}]},{"@type":"BreadcrumbList","@id":"https:\/\/ceric.ca\/fr\/directives-de-marketing-pour-les-partenaires-de-projets-du-ceric-2\/#breadcrumb","itemListElement":[{"@type":"ListItem","position":1,"name":"Home","item":"https:\/\/ceric.ca\/fr\/ceric-homepage-2025\/"},{"@type":"ListItem","position":2,"name":"Directives de marketing pour les partenaires de projets du CERIC"}]},{"@type":"WebSite","@id":"https:\/\/ceric.ca\/#website","url":"https:\/\/ceric.ca\/","name":"CERIC","description":"","publisher":{"@id":"https:\/\/ceric.ca\/#organization"},"potentialAction":[{"@type":"SearchAction","target":{"@type":"EntryPoint","urlTemplate":"https:\/\/ceric.ca\/?s={search_term_string}"},"query-input":{"@type":"PropertyValueSpecification","valueRequired":true,"valueName":"search_term_string"}}],"inLanguage":"fr-FR"},{"@type":"Organization","@id":"https:\/\/ceric.ca\/#organization","name":"CERIC","url":"https:\/\/ceric.ca\/","logo":{"@type":"ImageObject","inLanguage":"fr-FR","@id":"https:\/\/ceric.ca\/#\/schema\/logo\/image\/","url":"","contentUrl":"","caption":"CERIC"},"image":{"@id":"https:\/\/ceric.ca\/#\/schema\/logo\/image\/"}}]}},"_links":{"self":[{"href":"https:\/\/ceric.ca\/fr\/wp-json\/wp\/v2\/pages\/37588","targetHints":{"allow":["GET"]}}],"collection":[{"href":"https:\/\/ceric.ca\/fr\/wp-json\/wp\/v2\/pages"}],"about":[{"href":"https:\/\/ceric.ca\/fr\/wp-json\/wp\/v2\/types\/page"}],"author":[{"embeddable":true,"href":"https:\/\/ceric.ca\/fr\/wp-json\/wp\/v2\/users\/1"}],"replies":[{"embeddable":true,"href":"https:\/\/ceric.ca\/fr\/wp-json\/wp\/v2\/comments?post=37588"}],"version-history":[{"count":0,"href":"https:\/\/ceric.ca\/fr\/wp-json\/wp\/v2\/pages\/37588\/revisions"}],"wp:attachment":[{"href":"https:\/\/ceric.ca\/fr\/wp-json\/wp\/v2\/media?parent=37588"}],"curies":[{"name":"wp","href":"https:\/\/api.w.org\/{rel}","templated":true}]}}