{"id":39544,"date":"2020-06-16T09:39:34","date_gmt":"2020-06-16T13:39:34","guid":{"rendered":"https:\/\/ceric.ca\/?page_id=39544"},"modified":"2020-06-16T09:39:34","modified_gmt":"2020-06-16T13:39:34","slug":"inscription-au-ceric","status":"publish","type":"page","link":"https:\/\/ceric.ca\/fr\/inscription-au-ceric\/","title":{"rendered":"Inscription au CERIC"},"content":{"rendered":"<p><!-- Begin Mailchimp Signup Form -->\n<link href=\"\/\/cdn-images.mailchimp.com\/embedcode\/classic-10_7.css\" rel=\"stylesheet\" type=\"text\/css\">\n<style type=\"text\/css\">\n\t#mc_embed_signup{background:#fff; clear:left; font:14px Helvetica,Arial,sans-serif; }\n\t\/* Add your own Mailchimp form style overrides in your site stylesheet or in this style block.\n\t   We recommend moving this block and the preceding CSS link to the HEAD of your HTML file. *\/\n<\/style>\n<div id=\"mc_embed_signup\">\n<form action=\"https:\/\/ceric.us2.list-manage.com\/subscribe\/post?u=9550ea692447259d38e0bcf4a&amp;id=1d052da7c8\" method=\"post\" id=\"mc-embedded-subscribe-form\" name=\"mc-embedded-subscribe-form\" class=\"validate\" target=\"_blank\" novalidate>\n<div id=\"mc_embed_signup_scroll\">\n<h2>Subscribe<\/h2>\n<div class=\"indicates-required\"><span class=\"asterisk\">*<\/span> indicates required<\/div>\n<div class=\"mc-field-group\">\n\t<label for=\"mce-EMAIL\">Email Address  <span class=\"asterisk\">*<\/span><br \/>\n<\/label><br \/>\n\t<input type=\"email\" value=\"\" name=\"EMAIL\" class=\"required email\" id=\"mce-EMAIL\">\n<\/div>\n<div class=\"mc-field-group\">\n\t<label for=\"mce-MMERGE15\">Language Preference <\/label><br \/>\n\t<select name=\"MMERGE15\" class=\"\" id=\"mce-MMERGE15\"><option value=\"\"><\/option><option value=\"English\">English<\/option><option value=\"Fran\u00e7ais\">Fran\u00e7ais<\/option><\/select>\n<\/div>\n<div class=\"mc-field-group\">\n\t<label for=\"mce-FNAME\">First Name  <span class=\"asterisk\">*<\/span><br \/>\n<\/label><br \/>\n\t<input type=\"text\" value=\"\" name=\"FNAME\" class=\"required\" id=\"mce-FNAME\">\n<\/div>\n<div class=\"mc-field-group\">\n\t<label for=\"mce-LNAME\">Last Name  <span class=\"asterisk\">*<\/span><br \/>\n<\/label><br \/>\n\t<input type=\"text\" value=\"\" name=\"LNAME\" class=\"required\" id=\"mce-LNAME\">\n<\/div>\n<div class=\"mc-field-group\">\n\t<label for=\"mce-MMERGE3\">Job Title <\/label><br \/>\n\t<input type=\"text\" value=\"\" name=\"MMERGE3\" class=\"\" id=\"mce-MMERGE3\">\n<\/div>\n<div class=\"mc-field-group\">\n\t<label for=\"mce-MMERGE4\">Organization <\/label><br \/>\n\t<input type=\"text\" value=\"\" name=\"MMERGE4\" class=\"\" id=\"mce-MMERGE4\">\n<\/div>\n<div class=\"mc-field-group\">\n\t<label for=\"mce-MMERGE5\">Address Line 1 <\/label><br \/>\n\t<input type=\"text\" value=\"\" name=\"MMERGE5\" class=\"\" id=\"mce-MMERGE5\">\n<\/div>\n<div class=\"mc-field-group\">\n\t<label for=\"mce-MMERGE6\">Address Line 2 <\/label><br \/>\n\t<input type=\"text\" value=\"\" name=\"MMERGE6\" class=\"\" id=\"mce-MMERGE6\">\n<\/div>\n<div class=\"mc-field-group\">\n\t<label for=\"mce-MMERGE7\">City <\/label><br \/>\n\t<input type=\"text\" value=\"\" name=\"MMERGE7\" class=\"\" id=\"mce-MMERGE7\">\n<\/div>\n<div class=\"mc-field-group\">\n\t<label for=\"mce-MMERGE8\">Province\/Territory <\/label><br \/>\n\t<input type=\"text\" value=\"\" name=\"MMERGE8\" class=\"\" id=\"mce-MMERGE8\">\n<\/div>\n<div class=\"mc-field-group\">\n\t<label for=\"mce-MMERGE9\">Country <\/label><br \/>\n\t<input type=\"text\" value=\"\" name=\"MMERGE9\" class=\"\" id=\"mce-MMERGE9\">\n<\/div>\n<div class=\"mc-field-group\">\n\t<label for=\"mce-MMERGE10\">Postal Code\/Zip <\/label><br \/>\n\t<input type=\"text\" value=\"\" name=\"MMERGE10\" class=\"\" id=\"mce-MMERGE10\">\n<\/div>\n<div class=\"mc-field-group\">\n\t<label for=\"mce-MMERGE11\">Phone Number <\/label><br \/>\n\t<input type=\"text\" value=\"\" name=\"MMERGE11\" class=\"\" id=\"mce-MMERGE11\">\n<\/div>\n<div class=\"mc-field-group\">\n\t<label for=\"mce-MMERGE12\">Sector <\/label><br \/>\n\t<select name=\"MMERGE12\" class=\"\" id=\"mce-MMERGE12\"><option value=\"\"><\/option><option value=\"Non-Profit Organization \/ Organisme \u00e0 but non-lucratif\">Non-Profit Organization \/ Organisme \u00e0 but non-lucratif<\/option><option value=\"K-12 Education \/ \u00c9ducation primaire et secondaire\">K-12 Education \/ \u00c9ducation primaire et secondaire<\/option><option value=\"Post-Secondary Education \/ \u00c9ducation postsecondaire\">Post-Secondary Education \/ \u00c9ducation postsecondaire<\/option><option value=\"Government \/ Gouvernement\">Government \/ Gouvernement<\/option><option value=\"Independent Practitioner\/Firm \/ Travailleur autonome \/ Pratique priv\u00e9e\">Independent Practitioner\/Firm \/ Travailleur autonome \/ Pratique priv\u00e9e<\/option><option value=\"Corporate \/ Corporatif\">Corporate \/ Corporatif<\/option><option value=\"Other (Please specify) \/ Other \/ Autre\">Other (Please specify) \/ Other \/ Autre<\/option><\/select>\n<\/div>\n<div class=\"mc-field-group\">\n\t<label for=\"mce-OTHERSECT\">Other sector <\/label><br \/>\n\t<input type=\"text\" value=\"\" name=\"OTHERSECT\" class=\"\" id=\"mce-OTHERSECT\">\n<\/div>\n<div class=\"mc-field-group input-group\">\n    <strong>Free Subscriptions (Please select) <\/strong><\/p>\n<ul>\n<li><input type=\"checkbox\" value=\"16\" name=\"group[9][16]\" id=\"mce-group[9]-9-0\"><label for=\"mce-group[9]-9-0\">Careering magazine<\/label><\/li>\n<li><input type=\"checkbox\" value=\"2\" name=\"group[9][2]\" id=\"mce-group[9]-9-1\"><label for=\"mce-group[9]-9-1\">Cannexus conference updates<\/label><\/li>\n<li><input type=\"checkbox\" value=\"4\" name=\"group[9][4]\" id=\"mce-group[9]-9-2\"><label for=\"mce-group[9]-9-2\">CareerWise Weekly<\/label><\/li>\n<li><input type=\"checkbox\" value=\"8\" name=\"group[9][8]\" id=\"mce-group[9]-9-3\"><label for=\"mce-group[9]-9-3\">OrientAction en bref (French)<\/label><\/li>\n<li><input type=\"checkbox\" value=\"1\" name=\"group[9][1]\" id=\"mce-group[9]-9-4\"><label for=\"mce-group[9]-9-4\">Canadian Journal of Career Development (CJCD)<\/label><\/li>\n<li><input type=\"checkbox\" value=\"32\" name=\"group[9][32]\" id=\"mce-group[9]-9-5\"><label for=\"mce-group[9]-9-5\">Other CERIC updates (eg. publications, webinars, surveys, requests for proposals)<\/label><\/li>\n<\/ul>\n<\/div>\n<div id=\"mce-responses\" class=\"clear\">\n<div class=\"response\" id=\"mce-error-response\" style=\"display:none\"><\/div>\n<div class=\"response\" id=\"mce-success-response\" style=\"display:none\"><\/div><\/div>\n<p>    <!-- real people should not fill this in and expect good things - do not remove this or risk form bot signups--><\/p>\n<div style=\"position: absolute; left: -5000px;\" aria-hidden=\"true\"><input type=\"text\" name=\"b_9550ea692447259d38e0bcf4a_1d052da7c8\" tabindex=\"-1\" value=\"\"><\/div>\n<div class=\"clear\"><input type=\"submit\" value=\"Subscribe\" name=\"subscribe\" id=\"mc-embedded-subscribe\" class=\"button\"><\/div><\/div>\n<\/form>\n<\/div>\n<p><script type='text\/javascript' src='\/\/s3.amazonaws.com\/downloads.mailchimp.com\/js\/mc-validate.js'><\/script><script type='text\/javascript'>(function($) {window.fnames = new Array(); window.ftypes = new Array();fnames[0]='EMAIL';ftypes[0]='email';fnames[15]='MMERGE15';ftypes[15]='dropdown';fnames[1]='FNAME';ftypes[1]='text';fnames[2]='LNAME';ftypes[2]='text';fnames[3]='MMERGE3';ftypes[3]='text';fnames[4]='MMERGE4';ftypes[4]='text';fnames[5]='MMERGE5';ftypes[5]='text';fnames[6]='MMERGE6';ftypes[6]='text';fnames[7]='MMERGE7';ftypes[7]='text';fnames[8]='MMERGE8';ftypes[8]='text';fnames[9]='MMERGE9';ftypes[9]='text';fnames[10]='MMERGE10';ftypes[10]='text';fnames[11]='MMERGE11';ftypes[11]='text';fnames[12]='MMERGE12';ftypes[12]='dropdown';fnames[13]='OTHERSECT';ftypes[13]='text';fnames[14]='MMERGE14';ftypes[14]='dropdown';fnames[16]='MMERGE16';ftypes[16]='text';fnames[17]='MMERGE17';ftypes[17]='dropdown';fnames[19]='MMERGE19';ftypes[19]='text';fnames[20]='MMERGE20';ftypes[20]='text';fnames[18]='MMERGE18';ftypes[18]='text'; \/*\n * Translated default messages for the $ validation plugin.\n * Locale: FR\n *\/\n$.extend($.validator.messages, {\n        required: \"Ce champ est requis.\",\n        remote: \"Veuillez remplir ce champ pour continuer.\",\n        email: \"Veuillez entrer une adresse email valide.\",\n        url: \"Veuillez entrer une URL valide.\",\n        date: \"Veuillez entrer une date valide.\",\n        dateISO: \"Veuillez entrer une date valide (ISO).\",\n        number: \"Veuillez entrer un nombre valide.\",\n        digits: \"Veuillez entrer (seulement) une valeur num\u00e9rique.\",\n        creditcard: \"Veuillez entrer un num\u00e9ro de carte de cr\u00e9dit valide.\",\n        equalTo: \"Veuillez entrer une nouvelle fois la m\u00eame valeur.\",\n        accept: \"Veuillez entrer une valeur avec une extension valide.\",\n        maxlength: $.validator.format(\"Veuillez ne pas entrer plus de {0} caract\u00e8res.\"),\n        minlength: $.validator.format(\"Veuillez entrer au moins {0} caract\u00e8res.\"),\n        rangelength: $.validator.format(\"Veuillez entrer entre {0} et {1} caract\u00e8res.\"),\n        range: $.validator.format(\"Veuillez entrer une valeur entre {0} et {1}.\"),\n        max: $.validator.format(\"Veuillez entrer une valeur inf\u00e9rieure ou \u00e9gale \u00e0 {0}.\"),\n        min: $.validator.format(\"Veuillez entrer une valeur sup\u00e9rieure ou \u00e9gale \u00e0 {0}.\")\n});}(jQuery));var $mcj = jQuery.noConflict(true);<\/script><br \/>\n<!--End mc_embed_signup--><\/p>\n","protected":false},"excerpt":{"rendered":"<p>Subscribe * indicates required Email Address * Language Preference EnglishFran\u00e7ais First Name * Last Name * Job Title Organization Address Line 1 Address Line 2 City<span class=\"excerpt-hellip\"> [\u2026]<\/span><\/p>\n","protected":false},"author":1,"featured_media":0,"parent":0,"menu_order":0,"comment_status":"closed","ping_status":"closed","template":"","meta":{"h5ap_radio_sources":[],"footnotes":""},"class_list":["post-39544","page","type-page","status-publish","hentry"],"yoast_head":"<!-- This site is optimized with the Yoast SEO Premium plugin v27.3 (Yoast SEO v27.3) - https:\/\/yoast.com\/product\/yoast-seo-premium-wordpress\/ -->\n<title>Inscription au CERIC - CERIC<\/title>\n<meta name=\"robots\" content=\"index, follow, max-snippet:-1, max-image-preview:large, max-video-preview:-1\" \/>\n<link rel=\"canonical\" href=\"https:\/\/ceric.ca\/fr\/inscription-au-ceric\/\" \/>\n<meta property=\"og:locale\" content=\"fr_FR\" \/>\n<meta property=\"og:type\" content=\"article\" \/>\n<meta property=\"og:title\" content=\"Inscription au CERIC\" \/>\n<meta property=\"og:description\" content=\"Subscribe * indicates required Email Address * Language Preference EnglishFran\u00e7ais First Name * Last Name * Job Title Organization Address Line 1 Address Line 2 City [\u2026]\" \/>\n<meta property=\"og:url\" content=\"https:\/\/ceric.ca\/fr\/inscription-au-ceric\/\" \/>\n<meta property=\"og:site_name\" content=\"CERIC\" \/>\n<meta name=\"twitter:card\" content=\"summary_large_image\" \/>\n<script type=\"application\/ld+json\" class=\"yoast-schema-graph\">{\"@context\":\"https:\\\/\\\/schema.org\",\"@graph\":[{\"@type\":\"WebPage\",\"@id\":\"https:\\\/\\\/ceric.ca\\\/fr\\\/inscription-au-ceric\\\/\",\"url\":\"https:\\\/\\\/ceric.ca\\\/fr\\\/inscription-au-ceric\\\/\",\"name\":\"Inscription au CERIC - CERIC\",\"isPartOf\":{\"@id\":\"https:\\\/\\\/ceric.ca\\\/#website\"},\"datePublished\":\"2020-06-16T13:39:34+00:00\",\"breadcrumb\":{\"@id\":\"https:\\\/\\\/ceric.ca\\\/fr\\\/inscription-au-ceric\\\/#breadcrumb\"},\"inLanguage\":\"fr-FR\",\"potentialAction\":[{\"@type\":\"ReadAction\",\"target\":[\"https:\\\/\\\/ceric.ca\\\/fr\\\/inscription-au-ceric\\\/\"]}]},{\"@type\":\"BreadcrumbList\",\"@id\":\"https:\\\/\\\/ceric.ca\\\/fr\\\/inscription-au-ceric\\\/#breadcrumb\",\"itemListElement\":[{\"@type\":\"ListItem\",\"position\":1,\"name\":\"Home\",\"item\":\"https:\\\/\\\/ceric.ca\\\/fr\\\/ceric-homepage-2025\\\/\"},{\"@type\":\"ListItem\",\"position\":2,\"name\":\"Inscription au CERIC\"}]},{\"@type\":\"WebSite\",\"@id\":\"https:\\\/\\\/ceric.ca\\\/#website\",\"url\":\"https:\\\/\\\/ceric.ca\\\/\",\"name\":\"CERIC\",\"description\":\"\",\"publisher\":{\"@id\":\"https:\\\/\\\/ceric.ca\\\/#organization\"},\"potentialAction\":[{\"@type\":\"SearchAction\",\"target\":{\"@type\":\"EntryPoint\",\"urlTemplate\":\"https:\\\/\\\/ceric.ca\\\/?s={search_term_string}\"},\"query-input\":{\"@type\":\"PropertyValueSpecification\",\"valueRequired\":true,\"valueName\":\"search_term_string\"}}],\"inLanguage\":\"fr-FR\"},{\"@type\":\"Organization\",\"@id\":\"https:\\\/\\\/ceric.ca\\\/#organization\",\"name\":\"CERIC\",\"url\":\"https:\\\/\\\/ceric.ca\\\/\",\"logo\":{\"@type\":\"ImageObject\",\"inLanguage\":\"fr-FR\",\"@id\":\"https:\\\/\\\/ceric.ca\\\/#\\\/schema\\\/logo\\\/image\\\/\",\"url\":\"\",\"contentUrl\":\"\",\"caption\":\"CERIC\"},\"image\":{\"@id\":\"https:\\\/\\\/ceric.ca\\\/#\\\/schema\\\/logo\\\/image\\\/\"}}]}<\/script>\n<!-- \/ Yoast SEO Premium plugin. -->","yoast_head_json":{"title":"Inscription au CERIC - CERIC","robots":{"index":"index","follow":"follow","max-snippet":"max-snippet:-1","max-image-preview":"max-image-preview:large","max-video-preview":"max-video-preview:-1"},"canonical":"https:\/\/ceric.ca\/fr\/inscription-au-ceric\/","og_locale":"fr_FR","og_type":"article","og_title":"Inscription au CERIC","og_description":"Subscribe * indicates required Email Address * Language Preference EnglishFran\u00e7ais First Name * Last Name * Job Title Organization Address Line 1 Address Line 2 City [\u2026]","og_url":"https:\/\/ceric.ca\/fr\/inscription-au-ceric\/","og_site_name":"CERIC","twitter_card":"summary_large_image","schema":{"@context":"https:\/\/schema.org","@graph":[{"@type":"WebPage","@id":"https:\/\/ceric.ca\/fr\/inscription-au-ceric\/","url":"https:\/\/ceric.ca\/fr\/inscription-au-ceric\/","name":"Inscription au CERIC - CERIC","isPartOf":{"@id":"https:\/\/ceric.ca\/#website"},"datePublished":"2020-06-16T13:39:34+00:00","breadcrumb":{"@id":"https:\/\/ceric.ca\/fr\/inscription-au-ceric\/#breadcrumb"},"inLanguage":"fr-FR","potentialAction":[{"@type":"ReadAction","target":["https:\/\/ceric.ca\/fr\/inscription-au-ceric\/"]}]},{"@type":"BreadcrumbList","@id":"https:\/\/ceric.ca\/fr\/inscription-au-ceric\/#breadcrumb","itemListElement":[{"@type":"ListItem","position":1,"name":"Home","item":"https:\/\/ceric.ca\/fr\/ceric-homepage-2025\/"},{"@type":"ListItem","position":2,"name":"Inscription au CERIC"}]},{"@type":"WebSite","@id":"https:\/\/ceric.ca\/#website","url":"https:\/\/ceric.ca\/","name":"CERIC","description":"","publisher":{"@id":"https:\/\/ceric.ca\/#organization"},"potentialAction":[{"@type":"SearchAction","target":{"@type":"EntryPoint","urlTemplate":"https:\/\/ceric.ca\/?s={search_term_string}"},"query-input":{"@type":"PropertyValueSpecification","valueRequired":true,"valueName":"search_term_string"}}],"inLanguage":"fr-FR"},{"@type":"Organization","@id":"https:\/\/ceric.ca\/#organization","name":"CERIC","url":"https:\/\/ceric.ca\/","logo":{"@type":"ImageObject","inLanguage":"fr-FR","@id":"https:\/\/ceric.ca\/#\/schema\/logo\/image\/","url":"","contentUrl":"","caption":"CERIC"},"image":{"@id":"https:\/\/ceric.ca\/#\/schema\/logo\/image\/"}}]}},"_links":{"self":[{"href":"https:\/\/ceric.ca\/fr\/wp-json\/wp\/v2\/pages\/39544","targetHints":{"allow":["GET"]}}],"collection":[{"href":"https:\/\/ceric.ca\/fr\/wp-json\/wp\/v2\/pages"}],"about":[{"href":"https:\/\/ceric.ca\/fr\/wp-json\/wp\/v2\/types\/page"}],"author":[{"embeddable":true,"href":"https:\/\/ceric.ca\/fr\/wp-json\/wp\/v2\/users\/1"}],"replies":[{"embeddable":true,"href":"https:\/\/ceric.ca\/fr\/wp-json\/wp\/v2\/comments?post=39544"}],"version-history":[{"count":0,"href":"https:\/\/ceric.ca\/fr\/wp-json\/wp\/v2\/pages\/39544\/revisions"}],"wp:attachment":[{"href":"https:\/\/ceric.ca\/fr\/wp-json\/wp\/v2\/media?parent=39544"}],"curies":[{"name":"wp","href":"https:\/\/api.w.org\/{rel}","templated":true}]}}