{"id":43743,"date":"2021-01-19T11:47:09","date_gmt":"2021-01-19T16:47:09","guid":{"rendered":"https:\/\/ceric.ca\/?page_id=43743"},"modified":"2022-04-06T12:21:08","modified_gmt":"2022-04-06T16:21:08","slug":"hiver-2021","status":"publish","type":"page","link":"https:\/\/ceric.ca\/fr\/magazine-careering\/hiver-2021\/","title":{"rendered":"Hiver 2021"},"content":{"rendered":"<div class=\"wpb-content-wrapper\"><p>[vc_row][vc_column width=\u00a0\u00bb1\/2&Prime;][vc_single_image image=\u00a0\u00bb44363&Prime; onclick=\u00a0\u00bbcustom_link\u00a0\u00bb img_link_target=\u00a0\u00bb_blank\u00a0\u00bb link=\u00a0\u00bbhttps:\/\/www.careeringmagazine-digital.com\/ceric\/0121_winter_2021\/MobilePagedReplica.action?pm=2&amp;folio=1#pg1&Prime;][\/vc_column][vc_column width=\u00a0\u00bb1\/2&Prime;]<div class=\"wprt-content-box clearfix \" data-margin=\"\" data-mobimargin=\"\">\r\n\t\t<div class=\"inner\" style=\"\">\r\n\t\t\t<p>[vc_column_text]<\/p>\n<h2><strong>Hiver 2021: La justice sociale<\/strong><\/h2>\n<p>[\/vc_column_text]<\/p>\n\r\n\t\t<\/div>\r\n\t<\/div>\r\n\t<div class=\"wprt-spacer clearfix\" data-desktop=\"40\" data-mobi=\"25\" data-smobi=\"0\"><\/div><div class=\"button-wrap icon-right has-icon\" style=\"\"><a href=\"https:\/\/www.tfaforms.com\/4723756\" target=\"_blank\" class=\"wprt-button big solid accent\" style=\"border-radius:10px;\">\r\n\t\t<span style=\"\">INSCRIVEZ-VOUS AU MAGAZINE CAREERING <span class=\"icon\" style=\"\"><i class=\"fa fa-envelope-open-o\"><\/i><\/span><\/span>\r\n\t<\/a><\/div><div class=\"wprt-content-box clearfix \" data-margin=\"\" data-mobimargin=\"\">\r\n\t\t<div class=\"inner\" style=\"\">\r\n\t\t\t<p>[vc_column_text](Ainsi qu\u2019aux autres publications du CERIC.)[\/vc_column_text]<\/p>\n\r\n\t\t<\/div>\r\n\t<\/div>\r\n\t<div class=\"wprt-spacer clearfix\" data-desktop=\"40\" data-mobi=\"25\" data-smobi=\"0\"><\/div><div class=\"wprt-content-box clearfix \" data-margin=\"\" data-mobimargin=\"\">\r\n\t\t<div class=\"inner\" style=\"\">\r\n\t\t\t<p>[vc_column_text]<\/p>\n<div class=\"vc_row wpb_row vc_row-fluid\">\n<div class=\"wpb_column vc_column_container vc_col-sm-6\">\n<div class=\"vc_column-inner\">\n<div class=\"wpb_wrapper\">\n<div class=\"wprt-content-box clearfix \" data-margin=\"\" data-mobimargin=\"\">\n<div class=\"inner\">\n<div class=\"wpb_text_column wpb_content_element \">\n<div class=\"wpb_wrapper\">\n<p>Cliquez sur l\u2019image ci-contre pour consulter la version en ligne du magazine\u00a0<em>Careering.<\/em><\/p>\n<\/div>\n<\/div>\n<\/div>\n<\/div>\n<\/div>\n<\/div>\n<\/div>\n<\/div>\n<p>[\/vc_column_text]<\/p>\n\r\n\t\t<\/div>\r\n\t<\/div>[\/vc_column][\/vc_row][vc_row][vc_column]\r\n\t<div class=\"wprt-spacer clearfix\" data-desktop=\"50\" data-mobi=\"35\" data-smobi=\"0\"><\/div>[\/vc_column][\/vc_row][vc_row][vc_column][vc_tta_tabs][vc_tta_section title=\u00a0\u00bbARTICLES\u00a0\u00bb tab_id=\u00a0\u00bb1529440522245-b517b9d9-ac60&Prime;][vc_basic_grid post_type=\u00a0\u00bbpost\u00a0\u00bb max_items=\u00a0\u00bb30&Prime; element_width=\u00a0\u00bb6&Prime; item=\u00a0\u00bb49401&Prime; grid_id=\u00a0\u00bbvc_gid:1649262055673-31692836-8fef-6&Prime; taxonomies=\u00a0\u00bb935&Prime;][\/vc_tta_section][\/vc_tta_tabs]\r\n\t<div class=\"wprt-spacer clearfix\" data-desktop=\"35\" data-mobi=\"25\" data-smobi=\"0\"><\/div><div class=\"wprt-content-box clearfix \" data-margin=\"\" data-mobimargin=\"\">\r\n\t\t<div class=\"inner\" style=\"\">\r\n\t\t\t<div class=\"wprt-spacer clearfix\" data-desktop=\"0\" data-mobi=\"0\" data-smobi=\"0\"><\/div>[vc_column_text]<em>L\u2019\u00e9dition printemps-\u00e9t\u00e9 2021 du magazine <\/em>Careering<em> sera ax\u00e9e sur le th\u00e8me des \u00ab pivots dans la gestion de carri\u00e8re \u00bb. Les nouveaux collaborateurs sont les bienvenus et peuvent nous soumettre leurs articles en fran\u00e7ais, en anglais ou dans les deux langues. Veuillez prendre connaissance de nos directives sur la pr\u00e9sentation d\u2019articles et envoyer une proposition d\u2019un ou deux paragraphes d\u00e9crivant votre id\u00e9e d\u2019article \u00e0 Lindsay Purchase, r\u00e9dactrice en chef, \u00e0 l\u2019adresse <a href=\"mailto:lindsay@ceric.ca\" target=\"_blank\" rel=\"noopener\" data-cke-saved-href=\"mailto:lindsay@ceric.ca\">lindsay@ceric.ca<\/a>, au plus tard <strong>le 29 janvier<\/strong>.<\/em><\/p>\n<p>Nous sommes \u00e0 la recherche d\u2019id\u00e9es refl\u00e9tant une grande diversit\u00e9 de points de vue sur ce th\u00e8me, notamment sur les sujets suivants, mais sans s\u2019y limiter :<\/p>\n<ul>\n<li><em>Changement de carri\u00e8re, curriculum vit\u00e6 et recherche d\u2019emploi<\/em><\/li>\n<li><em>Changements et innovations dans les services d\u2019orientation professionnelle<\/em><\/li>\n<li><em>Motivation des clients<\/em><\/li>\n<li><em>Faire face \u00e0 la perte d\u2019emploi<\/em><\/li>\n<li><em>Comment aider les diff\u00e9rentes client\u00e8les \u00e0 cultiver un \u00e9tat d\u2019esprit favorable au d\u00e9veloppement de carri\u00e8re<\/em><\/li>\n<li><em>Formation permanente et microcertifications<\/em><\/li>\n<li><em>Comprendre les tendances et les perturbations du march\u00e9 du travail<\/em><\/li>\n<li><em>Pr\u00e9paration au march\u00e9 du travail de la maternelle \u00e0 la 12e ann\u00e9e<\/em><\/li>\n<li><em>Transition des \u00e9tudes au travail ou du travail aux \u00e9tudes<\/em><\/li>\n<li><em>Strat\u00e9gies de d\u00e9veloppement des talents<\/em><\/li>\n<\/ul>\n<p>[\/vc_column_text]\r\n\t<div class=\"wprt-spacer clearfix\" data-desktop=\"50\" data-mobi=\"35\" data-smobi=\"0\"><\/div>[vc_column_text]<\/p>\n<div id=\"content\">\n<div id=\"post-content\">\n<div id=\"content\">\n<div id=\"post-content\">\n<div id=\"content\">\n<div id=\"post-content\">\n<div id=\"content\">\n<div id=\"post-content\">\n<p><em>Les opinions exprim\u00e9es par les contributeurs ne sont pas n\u00e9cessairement celles du CERIC. La mention des programmes, services, produits et initiatives ne constitue pas une approbation de ces \u00e9l\u00e9ments.<\/em><\/p>\n<\/div>\n<\/div>\n<\/div>\n<\/div>\n<\/div>\n<\/div>\n<\/div>\n<\/div>\n<p>[\/vc_column_text]<\/p>\n\r\n\t\t<\/div>\r\n\t<\/div>[\/vc_column][\/vc_row]<\/p>\n<\/div>","protected":false},"excerpt":{"rendered":"<p>[vc_row][vc_column width=\u00a0\u00bb1\/2&Prime;][vc_single_image image=\u00a0\u00bb44363&Prime; onclick=\u00a0\u00bbcustom_link\u00a0\u00bb img_link_target=\u00a0\u00bb_blank\u00a0\u00bb link=\u00a0\u00bbhttps:\/\/www.careeringmagazine-digital.com\/ceric\/0121_winter_2021\/MobilePagedReplica.action?pm=2&amp;folio=1#pg1&Prime;][\/vc_column][vc_column width=\u00a0\u00bb1\/2&Prime;][\/vc_column][\/vc_row][vc_row][vc_column][\/vc_column][\/vc_row][vc_row][vc_column][vc_tta_tabs][vc_tta_section title=\u00a0\u00bbARTICLES\u00a0\u00bb tab_id=\u00a0\u00bb1529440522245-b517b9d9-ac60&Prime;][vc_basic_grid post_type=\u00a0\u00bbpost\u00a0\u00bb max_items=\u00a0\u00bb30&Prime; element_width=\u00a0\u00bb6&Prime; item=\u00a0\u00bb49401&Prime; grid_id=\u00a0\u00bbvc_gid:1649262055673-31692836-8fef-6&Prime; taxonomies=\u00a0\u00bb935&Prime;][\/vc_tta_section][\/vc_tta_tabs][\/vc_column][\/vc_row]<\/p>\n","protected":false},"author":21,"featured_media":0,"parent":29190,"menu_order":0,"comment_status":"closed","ping_status":"closed","template":"","meta":{"h5ap_radio_sources":[],"footnotes":""},"class_list":["post-43743","page","type-page","status-publish","hentry"],"yoast_head":"<!-- This site is optimized with the Yoast SEO Premium plugin v27.3 (Yoast SEO v27.3) - https:\/\/yoast.com\/product\/yoast-seo-premium-wordpress\/ -->\n<title>Hiver 2021 - CERIC<\/title>\n<meta name=\"robots\" content=\"index, follow, max-snippet:-1, max-image-preview:large, max-video-preview:-1\" \/>\n<link rel=\"canonical\" href=\"https:\/\/ceric.ca\/fr\/magazine-careering\/hiver-2021\/\" \/>\n<meta property=\"og:locale\" content=\"fr_FR\" \/>\n<meta property=\"og:type\" content=\"article\" \/>\n<meta property=\"og:title\" content=\"Hiver 2021\" \/>\n<meta property=\"og:description\" content=\"[vc_row][vc_column width=\u00a0\u00bb1\/2&Prime;][vc_single_image image=\u00a0\u00bb44363&Prime; onclick=\u00a0\u00bbcustom_link\u00a0\u00bb img_link_target=\u00a0\u00bb_blank\u00a0\u00bb link=\u00a0\u00bbhttps:\/\/www.careeringmagazine-digital.com\/ceric\/0121_winter_2021\/MobilePagedReplica.action?pm=2&amp;folio=1#pg1&Prime;][\/vc_column][vc_column width=\u00a0\u00bb1\/2&Prime;][\/vc_column][\/vc_row][vc_row][vc_column][\/vc_column][\/vc_row][vc_row][vc_column][vc_tta_tabs][vc_tta_section title=\u00a0\u00bbARTICLES\u00a0\u00bb tab_id=\u00a0\u00bb1529440522245-b517b9d9-ac60&Prime;][vc_basic_grid post_type=\u00a0\u00bbpost\u00a0\u00bb max_items=\u00a0\u00bb30&Prime; element_width=\u00a0\u00bb6&Prime; item=\u00a0\u00bb49401&Prime; grid_id=\u00a0\u00bbvc_gid:1649262055673-31692836-8fef-6&Prime; taxonomies=\u00a0\u00bb935&Prime;][\/vc_tta_section][\/vc_tta_tabs][\/vc_column][\/vc_row]\" \/>\n<meta property=\"og:url\" content=\"https:\/\/ceric.ca\/fr\/magazine-careering\/hiver-2021\/\" \/>\n<meta property=\"og:site_name\" content=\"CERIC\" \/>\n<meta property=\"article:modified_time\" content=\"2022-04-06T16:21:08+00:00\" \/>\n<meta name=\"twitter:card\" content=\"summary_large_image\" \/>\n<meta name=\"twitter:label1\" content=\"Dur\u00e9e de lecture estim\u00e9e\" \/>\n\t<meta name=\"twitter:data1\" content=\"2 minutes\" \/>\n<script type=\"application\/ld+json\" class=\"yoast-schema-graph\">{\"@context\":\"https:\\\/\\\/schema.org\",\"@graph\":[{\"@type\":\"WebPage\",\"@id\":\"https:\\\/\\\/ceric.ca\\\/fr\\\/magazine-careering\\\/hiver-2021\\\/\",\"url\":\"https:\\\/\\\/ceric.ca\\\/fr\\\/magazine-careering\\\/hiver-2021\\\/\",\"name\":\"Hiver 2021 - CERIC\",\"isPartOf\":{\"@id\":\"https:\\\/\\\/ceric.ca\\\/#website\"},\"datePublished\":\"2021-01-19T16:47:09+00:00\",\"dateModified\":\"2022-04-06T16:21:08+00:00\",\"breadcrumb\":{\"@id\":\"https:\\\/\\\/ceric.ca\\\/fr\\\/magazine-careering\\\/hiver-2021\\\/#breadcrumb\"},\"inLanguage\":\"fr-FR\",\"potentialAction\":[{\"@type\":\"ReadAction\",\"target\":[\"https:\\\/\\\/ceric.ca\\\/fr\\\/magazine-careering\\\/hiver-2021\\\/\"]}]},{\"@type\":\"BreadcrumbList\",\"@id\":\"https:\\\/\\\/ceric.ca\\\/fr\\\/magazine-careering\\\/hiver-2021\\\/#breadcrumb\",\"itemListElement\":[{\"@type\":\"ListItem\",\"position\":1,\"name\":\"Home\",\"item\":\"https:\\\/\\\/ceric.ca\\\/fr\\\/ceric-homepage-2025\\\/\"},{\"@type\":\"ListItem\",\"position\":2,\"name\":\"Magazine Careering\",\"item\":\"https:\\\/\\\/ceric.ca\\\/fr\\\/magazine-careering\\\/\"},{\"@type\":\"ListItem\",\"position\":3,\"name\":\"Hiver 2021\"}]},{\"@type\":\"WebSite\",\"@id\":\"https:\\\/\\\/ceric.ca\\\/#website\",\"url\":\"https:\\\/\\\/ceric.ca\\\/\",\"name\":\"CERIC\",\"description\":\"\",\"publisher\":{\"@id\":\"https:\\\/\\\/ceric.ca\\\/#organization\"},\"potentialAction\":[{\"@type\":\"SearchAction\",\"target\":{\"@type\":\"EntryPoint\",\"urlTemplate\":\"https:\\\/\\\/ceric.ca\\\/?s={search_term_string}\"},\"query-input\":{\"@type\":\"PropertyValueSpecification\",\"valueRequired\":true,\"valueName\":\"search_term_string\"}}],\"inLanguage\":\"fr-FR\"},{\"@type\":\"Organization\",\"@id\":\"https:\\\/\\\/ceric.ca\\\/#organization\",\"name\":\"CERIC\",\"url\":\"https:\\\/\\\/ceric.ca\\\/\",\"logo\":{\"@type\":\"ImageObject\",\"inLanguage\":\"fr-FR\",\"@id\":\"https:\\\/\\\/ceric.ca\\\/#\\\/schema\\\/logo\\\/image\\\/\",\"url\":\"\",\"contentUrl\":\"\",\"caption\":\"CERIC\"},\"image\":{\"@id\":\"https:\\\/\\\/ceric.ca\\\/#\\\/schema\\\/logo\\\/image\\\/\"}}]}<\/script>\n<!-- \/ Yoast SEO Premium plugin. -->","yoast_head_json":{"title":"Hiver 2021 - CERIC","robots":{"index":"index","follow":"follow","max-snippet":"max-snippet:-1","max-image-preview":"max-image-preview:large","max-video-preview":"max-video-preview:-1"},"canonical":"https:\/\/ceric.ca\/fr\/magazine-careering\/hiver-2021\/","og_locale":"fr_FR","og_type":"article","og_title":"Hiver 2021","og_description":"[vc_row][vc_column width=\u00a0\u00bb1\/2&Prime;][vc_single_image image=\u00a0\u00bb44363&Prime; onclick=\u00a0\u00bbcustom_link\u00a0\u00bb img_link_target=\u00a0\u00bb_blank\u00a0\u00bb link=\u00a0\u00bbhttps:\/\/www.careeringmagazine-digital.com\/ceric\/0121_winter_2021\/MobilePagedReplica.action?pm=2&amp;folio=1#pg1&Prime;][\/vc_column][vc_column width=\u00a0\u00bb1\/2&Prime;][\/vc_column][\/vc_row][vc_row][vc_column][\/vc_column][\/vc_row][vc_row][vc_column][vc_tta_tabs][vc_tta_section title=\u00a0\u00bbARTICLES\u00a0\u00bb tab_id=\u00a0\u00bb1529440522245-b517b9d9-ac60&Prime;][vc_basic_grid post_type=\u00a0\u00bbpost\u00a0\u00bb max_items=\u00a0\u00bb30&Prime; element_width=\u00a0\u00bb6&Prime; item=\u00a0\u00bb49401&Prime; grid_id=\u00a0\u00bbvc_gid:1649262055673-31692836-8fef-6&Prime; taxonomies=\u00a0\u00bb935&Prime;][\/vc_tta_section][\/vc_tta_tabs][\/vc_column][\/vc_row]","og_url":"https:\/\/ceric.ca\/fr\/magazine-careering\/hiver-2021\/","og_site_name":"CERIC","article_modified_time":"2022-04-06T16:21:08+00:00","twitter_card":"summary_large_image","twitter_misc":{"Dur\u00e9e de lecture estim\u00e9e":"2 minutes"},"schema":{"@context":"https:\/\/schema.org","@graph":[{"@type":"WebPage","@id":"https:\/\/ceric.ca\/fr\/magazine-careering\/hiver-2021\/","url":"https:\/\/ceric.ca\/fr\/magazine-careering\/hiver-2021\/","name":"Hiver 2021 - CERIC","isPartOf":{"@id":"https:\/\/ceric.ca\/#website"},"datePublished":"2021-01-19T16:47:09+00:00","dateModified":"2022-04-06T16:21:08+00:00","breadcrumb":{"@id":"https:\/\/ceric.ca\/fr\/magazine-careering\/hiver-2021\/#breadcrumb"},"inLanguage":"fr-FR","potentialAction":[{"@type":"ReadAction","target":["https:\/\/ceric.ca\/fr\/magazine-careering\/hiver-2021\/"]}]},{"@type":"BreadcrumbList","@id":"https:\/\/ceric.ca\/fr\/magazine-careering\/hiver-2021\/#breadcrumb","itemListElement":[{"@type":"ListItem","position":1,"name":"Home","item":"https:\/\/ceric.ca\/fr\/ceric-homepage-2025\/"},{"@type":"ListItem","position":2,"name":"Magazine Careering","item":"https:\/\/ceric.ca\/fr\/magazine-careering\/"},{"@type":"ListItem","position":3,"name":"Hiver 2021"}]},{"@type":"WebSite","@id":"https:\/\/ceric.ca\/#website","url":"https:\/\/ceric.ca\/","name":"CERIC","description":"","publisher":{"@id":"https:\/\/ceric.ca\/#organization"},"potentialAction":[{"@type":"SearchAction","target":{"@type":"EntryPoint","urlTemplate":"https:\/\/ceric.ca\/?s={search_term_string}"},"query-input":{"@type":"PropertyValueSpecification","valueRequired":true,"valueName":"search_term_string"}}],"inLanguage":"fr-FR"},{"@type":"Organization","@id":"https:\/\/ceric.ca\/#organization","name":"CERIC","url":"https:\/\/ceric.ca\/","logo":{"@type":"ImageObject","inLanguage":"fr-FR","@id":"https:\/\/ceric.ca\/#\/schema\/logo\/image\/","url":"","contentUrl":"","caption":"CERIC"},"image":{"@id":"https:\/\/ceric.ca\/#\/schema\/logo\/image\/"}}]}},"_links":{"self":[{"href":"https:\/\/ceric.ca\/fr\/wp-json\/wp\/v2\/pages\/43743","targetHints":{"allow":["GET"]}}],"collection":[{"href":"https:\/\/ceric.ca\/fr\/wp-json\/wp\/v2\/pages"}],"about":[{"href":"https:\/\/ceric.ca\/fr\/wp-json\/wp\/v2\/types\/page"}],"author":[{"embeddable":true,"href":"https:\/\/ceric.ca\/fr\/wp-json\/wp\/v2\/users\/21"}],"replies":[{"embeddable":true,"href":"https:\/\/ceric.ca\/fr\/wp-json\/wp\/v2\/comments?post=43743"}],"version-history":[{"count":0,"href":"https:\/\/ceric.ca\/fr\/wp-json\/wp\/v2\/pages\/43743\/revisions"}],"up":[{"embeddable":true,"href":"https:\/\/ceric.ca\/fr\/wp-json\/wp\/v2\/pages\/29190"}],"wp:attachment":[{"href":"https:\/\/ceric.ca\/fr\/wp-json\/wp\/v2\/media?parent=43743"}],"curies":[{"name":"wp","href":"https:\/\/api.w.org\/{rel}","templated":true}]}}