{"id":45701,"date":"2021-04-19T17:09:08","date_gmt":"2021-04-19T21:09:08","guid":{"rendered":"https:\/\/ceric.ca\/?page_id=45701"},"modified":"2022-07-28T16:41:04","modified_gmt":"2022-07-28T20:41:04","slug":"guide-fideliser-et-mobiliser-la-gestion-de-carriere-dans-le-secteur-public","status":"publish","type":"page","link":"https:\/\/ceric.ca\/fr\/projets\/guide-fideliser-et-mobiliser-la-gestion-de-carriere-dans-le-secteur-public\/","title":{"rendered":"Guide fid\u00e9liser et mobiliser : la gestion de carri\u00e8re dans le secteur public"},"content":{"rendered":"<div class=\"wpb-content-wrapper\"><p>[vc_row][vc_column width=\u00a0\u00bb1\/2&Prime;][vc_single_image image=\u00a0\u00bb45702&Prime;][\/vc_column][vc_column width=\u00a0\u00bb1\/2&Prime;]<div class=\"wprt-list clearfix icon-left icon-middle\">\r\n\t\t<div style=\"padding:;margin-bottom:10px;background-color:#f8f8f8;\">\r\n\t\t\t<span style=\"padding-left:30px;\"><span class=\"icon \">\r\n\t\t\t<i class=\"typcn typcn-group\" style=\"color:#898989;font-size:20px;\"><\/i>\r\n\t\t<\/span> <span style=\"font-weight:700;\">Partenaire du projet : Challenge Factory<\/span><\/span>\r\n\t\t<\/div>\r\n\t<\/div><div class=\"wprt-list clearfix icon-left icon-middle\">\r\n\t\t<div style=\"padding:;margin-bottom:10px;background-color:#f8f8f8;\">\r\n\t\t\t<span style=\"padding-left:30px;\"><span class=\"icon \">\r\n\t\t\t<i class=\"typcn typcn-flag\" style=\"color:#898989;font-size:20px;\"><\/i>\r\n\t\t<\/span> <span style=\"font-weight:700;\">Langues : Anglais et fran\u00e7ais<\/span><\/span>\r\n\t\t<\/div>\r\n\t<\/div>[vc_message message_box_color=\u00a0\u00bbalert-success\u00a0\u00bb icon_type=\u00a0\u00bbentypo\u00a0\u00bb icon_entypo=\u00a0\u00bbentypo-icon entypo-icon-progress-3&Prime;]<strong>TERMIN\u00c9<\/strong>[\/vc_message][\/vc_column][\/vc_row][vc_row][vc_column]\r\n\t<div class=\"wprt-spacer clearfix\" data-desktop=\"40\" data-mobi=\"30\" data-smobi=\"30\"><\/div>[vc_column_text]<\/p>\n<div class=\"wpb_text_column wpb_content_element \">\n<div class=\"wpb_wrapper\">\n<p>Dans le cadre de ce projet, nous produirons un guide bilingue unique dans le but de soutenir la croissance des talents \u00e0 tous les niveaux du secteur public, selon une perspective consistant \u00e0 repenser les r\u00f4les, \u00e0 encourager l\u2019innovation et \u00e0 acc\u00e9der \u00e0 de nouveaux bassins de candidats. Cette publication mise sur le succ\u00e8s de nos deux pr\u00e9c\u00e9dents guides\u00a0:\u00a0<em>Fid\u00e9liser et mobiliser\u00a0: la gestion de carri\u00e8re dans les petites entreprises<\/em>\u00a0(2017) et\u00a0<em>Fid\u00e9liser et mobiliser\u00a0: la gestion de carri\u00e8re dans les organismes \u00e0 but non lucratif et de bienfaisance<\/em>\u00a0(2018). Ce nouveau document est destin\u00e9 aux gestionnaires de premi\u00e8re ligne afin de les aider \u00e0 soutenir la mobilisation et le d\u00e9veloppement du personnel dans un environnement de service public.<\/p>\n<\/div>\n<\/div>\n<p>[\/vc_column_text]\r\n\t<div class=\"wprt-spacer clearfix\" data-desktop=\"20\" data-mobi=\"0\" data-smobi=\"0\"><\/div>[vc_row_inner][vc_column_inner width=\u00a0\u00bb1\/2&Prime;]\r\n\t<div class=\"wprt-spacer clearfix\" data-desktop=\"20\" data-mobi=\"0\" data-smobi=\"0\"><\/div>\r\n\t<div class=\"wprt-spacer clearfix\" data-desktop=\"20\" data-mobi=\"0\" data-smobi=\"0\"><\/div>[vc_video link=\u00a0\u00bbhttps:\/\/vimeo.com\/546150516&Prime; el_width=\u00a0\u00bb70&Prime; align=\u00a0\u00bbcenter\u00a0\u00bb]\r\n\t<div class=\"wprt-spacer clearfix\" data-desktop=\"20\" data-mobi=\"0\" data-smobi=\"0\"><\/div>[vc_column_text]<\/p>\n<p style=\"text-align: center;\"><em><strong>*Veuillez cliquer sur le bouton CC pour obtenir la traduction en fran\u00e7ais.<\/strong><\/em><\/p>\n<p>[\/vc_column_text][\/vc_column_inner][vc_column_inner width=\u00a0\u00bb1\/2&Prime;][vc_column_text]<\/p>\n<div class=\"wpb_text_column wpb_content_element \">\n<div class=\"wpb_wrapper\">\n<p>Ce guide est r\u00e9dig\u00e9 par Lisa\u00a0Taylor, pr\u00e9sidente de\u00a0<a href=\"https:\/\/challengefactory.ca\/\" target=\"_blank\" rel=\"noopener noreferrer\">Challenge Factory<\/a>\u00a0et experte en mati\u00e8re d\u2019adaptation aux changements du monde du travail actuel. Il sera le fruit d\u2019un travail ax\u00e9 sur la recherche et effectu\u00e9 selon les directives d\u2019un comit\u00e9 consultatif form\u00e9 de leaders et de gestionnaires du secteur public. Selon les premi\u00e8res \u00e9tudes r\u00e9alis\u00e9es pour valider les donn\u00e9es de cette publication, les gestionnaires \u00e0 l\u2019\u00e9chelle des agences gouvernementales indiquent qu\u2019ils ont de la difficult\u00e9 \u00e0 avoir des discussions sur la carri\u00e8re avec les employ\u00e9s, en raison du manque de formation, de structure et de temps. Les \u00e9tudes d\u00e9montrent \u00e9galement que les employ\u00e9s manquent de possibilit\u00e9s d\u2019avancement correspondant \u00e0 leurs comp\u00e9tences et r\u00e9pondant \u00e0 leurs besoins. Dans ce guide, on proposera des solutions \u00e0 ces lacunes sous forme d\u2019outils concrets permettant de comprendre comment le d\u00e9veloppement de carri\u00e8re favorise un meilleur rendement individuel, de groupe et au sein d\u2019un service.<\/p>\n<\/div>\n<\/div>\n<p>[\/vc_column_text][\/vc_column_inner][\/vc_row_inner]\r\n\t<div class=\"wprt-spacer clearfix\" data-desktop=\"20\" data-mobi=\"0\" data-smobi=\"0\"><\/div>[vc_row_inner][vc_column_inner]\r\n\t<div class=\"wprt-spacer clearfix\" data-desktop=\"30\" data-mobi=\"0\" data-smobi=\"0\"><\/div>[vc_column_text]<\/p>\n<div class=\"wpb_text_column wpb_content_element \">\n<div class=\"wpb_wrapper\">\n<p><strong>Points saillants du guide\u00a0<em>Fid\u00e9liser et mobiliser\u00a0: la gestion de carri\u00e8re dans le secteur public<\/em>\u00a0:<\/strong><\/p>\n<ul>\n<li>Plus de 40\u00a0astuces, activit\u00e9s et mesures \u00e0 faible co\u00fbt pour mobiliser et fid\u00e9liser les employ\u00e9s du secteur public<\/li>\n<li>Reconnaissance des conditions distinctes relatives \u00e0 la main-d\u2019\u0153uvre et au milieu du travail dans le secteur public, sections sp\u00e9ciales, gabarits et liens vers des ressources uniques<\/li>\n<li>Une attention particuli\u00e8re sera accord\u00e9e \u00e0 l\u2019\u00e9quit\u00e9 et \u00e0 l\u2019inclusion, en soulignant comment les approches du d\u00e9veloppement de carri\u00e8re peuvent faire face \u00e0 l\u2019impact des barri\u00e8res syst\u00e9miques et de la discrimination<\/li>\n<li>Document d\u2019environ 60\u00a0pages, ax\u00e9 sur les graphiques et pr\u00e9sent\u00e9 dans le nouveau format \u00ab\u00a0guide de voyage\u00a0\u00bb utilis\u00e9 pour les versions pr\u00e9c\u00e9dentes<\/li>\n<li>Disponible en fran\u00e7ais et en anglais<\/li>\n<li>Offert en t\u00e9l\u00e9chargement gratuit et disponible \u00e0 la vente en format papier et num\u00e9rique<\/li>\n<li>Publication au printemps 2021<\/li>\n<\/ul>\n<\/div>\n<\/div>\n<p>[\/vc_column_text][\/vc_column_inner][\/vc_row_inner]\r\n\t<div class=\"wprt-spacer clearfix\" data-desktop=\"25\" data-mobi=\"0\" data-smobi=\"0\"><\/div>[vc_row_inner][vc_column_inner width=\u00a0\u00bb1\/4&Prime;][vc_single_image image=\u00a0\u00bb46914&Prime; img_size=\u00a0\u00bbmedium\u00a0\u00bb][\/vc_column_inner][vc_column_inner width=\u00a0\u00bb3\/4&Prime;][vc_column_text]<div class='w3eden wpdm_package_shortcode'><!-- WPDM Link Template: Default Template -->\n\n<div class=\"link-template-default card mb-2\">\n    <div class=\"card-body\">\n        <div class=\"media\">\n            <div class=\"mr-3 img-48\"><img decoding=\"async\" class=\"wpdm_icon\" alt=\"Ic\u00f4ne\" src=\"https:\/\/ceric.ca\/wp-content\/plugins\/download-manager\/assets\/file-type-icons\/pdf.svg\" \/><\/div>\n            <div class=\"media-body\">\n                <h3 class=\"package-title\"><a href='https:\/\/ceric.ca\/fr\/wpdm-package\/fideliser-et-mobiliser-la-gestion-de-carriere-dans-le-secteur-public\/'>Fide\u0301liser et mobiliser : la gestion de carrie\u0300re dans le secteur public<\/a><\/h3>\n                <div class=\"text-muted text-small\"><i class=\"fas fa-copy\"><\/i> 1 fichier\u00b7s <i class=\"fas fa-hdd ml-3\"><\/i> 4.07 MB<\/div>\n            <\/div>\n            <div class=\"ml-3\">\n                <a class='wpdm-download-link download-on-click btn btn-primary '  rel='nofollow' href='#' data-downloadurl=\"https:\/\/ceric.ca\/fr\/wpdm-package\/fideliser-et-mobiliser-la-gestion-de-carriere-dans-le-secteur-public\/?wpdmdl=47132&refresh=6a04a5adae0951778689453\">T\u00e9l\u00e9charger<\/a>\n            <\/div>\n        <\/div>\n    <\/div>\n<\/div>\n\n<\/div>[\/vc_column_text][\/vc_column_inner][\/vc_row_inner]\r\n\t<div class=\"wprt-spacer clearfix\" data-desktop=\"25\" data-mobi=\"0\" data-smobi=\"0\"><\/div>[vc_row_inner][vc_column_inner width=\u00a0\u00bb1\/4&Prime;][vc_single_image image=\u00a0\u00bb46912&Prime; img_size=\u00a0\u00bbmedium\u00a0\u00bb][\/vc_column_inner][vc_column_inner width=\u00a0\u00bb3\/4&Prime;][vc_column_text]<div class='w3eden wpdm_package_shortcode'><!-- WPDM Link Template: Default Template -->\n\n<div class=\"link-template-default card mb-2\">\n    <div class=\"card-body\">\n        <div class=\"media\">\n            <div class=\"mr-3 img-48\"><img decoding=\"async\" class=\"wpdm_icon\" alt=\"Ic\u00f4ne\" src=\"https:\/\/ceric.ca\/wp-content\/plugins\/download-manager\/assets\/file-type-icons\/pdf.svg\" \/><\/div>\n            <div class=\"media-body\">\n                <h3 class=\"package-title\"><a href='https:\/\/ceric.ca\/wpdm-package\/retain-and-gain-career-management-for-the-public-sector\/'>Retain and Gain: Career Management for the Public Sector<\/a><\/h3>\n                <div class=\"text-muted text-small\"><i class=\"fas fa-copy\"><\/i> 1 fichier\u00b7s <i class=\"fas fa-hdd ml-3\"><\/i> 4.11 MB<\/div>\n            <\/div>\n            <div class=\"ml-3\">\n                <a class='wpdm-download-link download-on-click btn btn-primary '  rel='nofollow' href='#' data-downloadurl=\"https:\/\/ceric.ca\/wpdm-package\/retain-and-gain-career-management-for-the-public-sector\/?wpdmdl=47129&refresh=6a04a5adf08aa1778689453\">T\u00e9l\u00e9charger<\/a>\n            <\/div>\n        <\/div>\n    <\/div>\n<\/div>\n\n<\/div>[\/vc_column_text][\/vc_column_inner][\/vc_row_inner]\r\n\t<div class=\"wprt-spacer clearfix\" data-desktop=\"25\" data-mobi=\"0\" data-smobi=\"0\"><\/div>[vc_column_text]<\/p>\n<div class=\"wpb_text_column wpb_content_element \">\n<div class=\"wpb_wrapper\">\n<p>En plus d\u2019aider les gestionnaires \u00e0 \u00e9tablir un lien entre le d\u00e9veloppement de carri\u00e8re et la r\u00e9ussite des employ\u00e9s, ce guide mettra \u00e9galement en relief les liens existant entre le travail politique et l\u2019importance du d\u00e9veloppement de carri\u00e8re. En apprenant par l\u2019exp\u00e9rience l\u2019incidence qu\u2019une meilleure gestion de carri\u00e8re peut avoir sur le bien-\u00eatre social et \u00e9conomique de leur propre personnel, les gestionnaires du secteur public pourront \u00e9galement am\u00e9liorer leur compr\u00e9hension globale du d\u00e9veloppement de carri\u00e8re en tant qu\u2019utilit\u00e9 publique ayant des r\u00e9percussions positives sur tous les Canadiens.<\/p>\n<p><strong>Champions des connaissances<\/strong><\/p>\n<p>Les champions des connaissances consistent en un certain nombre d\u2019organismes qui soutiennent le d\u00e9veloppement et la distribution du guide. Si vous souhaitez contribuer \u00e0 la cr\u00e9ation de cette ressource, veuillez communiquer avec Sharon\u00a0Ferriss, directrice principale, Marketing et communications du CERIC, \u00e0 l\u2019adresse\u00a0<a href=\"mailto:sharon@ceric.ca\">sharon@ceric.ca<\/a>.<\/p>\n<\/div>\n<\/div>\n<p>[\/vc_column_text][\/vc_column][\/vc_row]<\/p>\n<\/div>","protected":false},"excerpt":{"rendered":"<p>[vc_row][vc_column width=\u00a0\u00bb1\/2&Prime;][vc_single_image image=\u00a0\u00bb45702&Prime;][\/vc_column][vc_column width=\u00a0\u00bb1\/2&Prime;][vc_message message_box_color=\u00a0\u00bbalert-success\u00a0\u00bb icon_type=\u00a0\u00bbentypo\u00a0\u00bb icon_entypo=\u00a0\u00bbentypo-icon entypo-icon-progress-3&Prime;]TERMIN\u00c9[\/vc_message][\/vc_column][\/vc_row][vc_row][vc_column][vc_column_text] Dans le cadre de ce projet, nous produirons un guide bilingue unique dans le but de soutenir la<span class=\"excerpt-hellip\"> [\u2026]<\/span><\/p>\n","protected":false},"author":1,"featured_media":45678,"parent":9559,"menu_order":0,"comment_status":"closed","ping_status":"closed","template":"","meta":{"h5ap_radio_sources":[],"footnotes":""},"class_list":["post-45701","page","type-page","status-publish","has-post-thumbnail","hentry"],"yoast_head":"<!-- This site is optimized with the Yoast SEO Premium plugin v27.5 (Yoast SEO v27.5) - https:\/\/yoast.com\/product\/yoast-seo-premium-wordpress\/ -->\n<title>Guide fid\u00e9liser et mobiliser : la gestion de carri\u00e8re dans le secteur public - CERIC<\/title>\n<meta name=\"robots\" content=\"index, follow, max-snippet:-1, max-image-preview:large, max-video-preview:-1\" \/>\n<link rel=\"canonical\" href=\"https:\/\/ceric.ca\/fr\/projets\/guide-fideliser-et-mobiliser-la-gestion-de-carriere-dans-le-secteur-public\/\" \/>\n<meta property=\"og:locale\" content=\"fr_FR\" \/>\n<meta property=\"og:type\" content=\"article\" \/>\n<meta property=\"og:title\" content=\"Guide fid\u00e9liser et mobiliser : la gestion de carri\u00e8re dans le secteur public\" \/>\n<meta property=\"og:description\" content=\"[vc_row][vc_column width=\u00a0\u00bb1\/2&Prime;][vc_single_image image=\u00a0\u00bb45702&Prime;][\/vc_column][vc_column width=\u00a0\u00bb1\/2&Prime;][vc_message message_box_color=\u00a0\u00bbalert-success\u00a0\u00bb icon_type=\u00a0\u00bbentypo\u00a0\u00bb icon_entypo=\u00a0\u00bbentypo-icon entypo-icon-progress-3&Prime;]TERMIN\u00c9[\/vc_message][\/vc_column][\/vc_row][vc_row][vc_column][vc_column_text] Dans le cadre de ce projet, nous produirons un guide bilingue unique dans le but de soutenir la [\u2026]\" \/>\n<meta property=\"og:url\" content=\"https:\/\/ceric.ca\/fr\/projets\/guide-fideliser-et-mobiliser-la-gestion-de-carriere-dans-le-secteur-public\/\" \/>\n<meta property=\"og:site_name\" content=\"CERIC\" \/>\n<meta property=\"article:modified_time\" content=\"2022-07-28T20:41:04+00:00\" \/>\n<meta property=\"og:image\" content=\"https:\/\/ceric.ca\/wp-content\/uploads\/2021\/04\/rg-project-cover.png\" \/>\n\t<meta property=\"og:image:width\" content=\"620\" \/>\n\t<meta property=\"og:image:height\" content=\"275\" \/>\n\t<meta property=\"og:image:type\" content=\"image\/png\" \/>\n<meta name=\"twitter:card\" content=\"summary_large_image\" \/>\n<meta name=\"twitter:label1\" content=\"Dur\u00e9e de lecture estim\u00e9e\" \/>\n\t<meta name=\"twitter:data1\" content=\"3 minutes\" \/>\n<script type=\"application\/ld+json\" class=\"yoast-schema-graph\">{\"@context\":\"https:\\\/\\\/schema.org\",\"@graph\":[{\"@type\":\"WebPage\",\"@id\":\"https:\\\/\\\/ceric.ca\\\/fr\\\/projets\\\/guide-fideliser-et-mobiliser-la-gestion-de-carriere-dans-le-secteur-public\\\/\",\"url\":\"https:\\\/\\\/ceric.ca\\\/fr\\\/projets\\\/guide-fideliser-et-mobiliser-la-gestion-de-carriere-dans-le-secteur-public\\\/\",\"name\":\"Guide fid\u00e9liser et mobiliser : la gestion de carri\u00e8re dans le secteur public - CERIC\",\"isPartOf\":{\"@id\":\"https:\\\/\\\/ceric.ca\\\/#website\"},\"primaryImageOfPage\":{\"@id\":\"https:\\\/\\\/ceric.ca\\\/fr\\\/projets\\\/guide-fideliser-et-mobiliser-la-gestion-de-carriere-dans-le-secteur-public\\\/#primaryimage\"},\"image\":{\"@id\":\"https:\\\/\\\/ceric.ca\\\/fr\\\/projets\\\/guide-fideliser-et-mobiliser-la-gestion-de-carriere-dans-le-secteur-public\\\/#primaryimage\"},\"thumbnailUrl\":\"https:\\\/\\\/ceric.ca\\\/wp-content\\\/uploads\\\/2021\\\/04\\\/rg-project-cover.png\",\"datePublished\":\"2021-04-19T21:09:08+00:00\",\"dateModified\":\"2022-07-28T20:41:04+00:00\",\"breadcrumb\":{\"@id\":\"https:\\\/\\\/ceric.ca\\\/fr\\\/projets\\\/guide-fideliser-et-mobiliser-la-gestion-de-carriere-dans-le-secteur-public\\\/#breadcrumb\"},\"inLanguage\":\"fr-FR\",\"potentialAction\":[{\"@type\":\"ReadAction\",\"target\":[\"https:\\\/\\\/ceric.ca\\\/fr\\\/projets\\\/guide-fideliser-et-mobiliser-la-gestion-de-carriere-dans-le-secteur-public\\\/\"]}]},{\"@type\":\"ImageObject\",\"inLanguage\":\"fr-FR\",\"@id\":\"https:\\\/\\\/ceric.ca\\\/fr\\\/projets\\\/guide-fideliser-et-mobiliser-la-gestion-de-carriere-dans-le-secteur-public\\\/#primaryimage\",\"url\":\"https:\\\/\\\/ceric.ca\\\/wp-content\\\/uploads\\\/2021\\\/04\\\/rg-project-cover.png\",\"contentUrl\":\"https:\\\/\\\/ceric.ca\\\/wp-content\\\/uploads\\\/2021\\\/04\\\/rg-project-cover.png\",\"width\":620,\"height\":275},{\"@type\":\"BreadcrumbList\",\"@id\":\"https:\\\/\\\/ceric.ca\\\/fr\\\/projets\\\/guide-fideliser-et-mobiliser-la-gestion-de-carriere-dans-le-secteur-public\\\/#breadcrumb\",\"itemListElement\":[{\"@type\":\"ListItem\",\"position\":1,\"name\":\"Home\",\"item\":\"https:\\\/\\\/ceric.ca\\\/fr\\\/ceric-homepage-2025\\\/\"},{\"@type\":\"ListItem\",\"position\":2,\"name\":\"Projets\",\"item\":\"https:\\\/\\\/ceric.ca\\\/fr\\\/projets\\\/\"},{\"@type\":\"ListItem\",\"position\":3,\"name\":\"Guide fid\u00e9liser et mobiliser : la gestion de carri\u00e8re dans le secteur public\"}]},{\"@type\":\"WebSite\",\"@id\":\"https:\\\/\\\/ceric.ca\\\/#website\",\"url\":\"https:\\\/\\\/ceric.ca\\\/\",\"name\":\"CERIC\",\"description\":\"\",\"publisher\":{\"@id\":\"https:\\\/\\\/ceric.ca\\\/#organization\"},\"potentialAction\":[{\"@type\":\"SearchAction\",\"target\":{\"@type\":\"EntryPoint\",\"urlTemplate\":\"https:\\\/\\\/ceric.ca\\\/?s={search_term_string}\"},\"query-input\":{\"@type\":\"PropertyValueSpecification\",\"valueRequired\":true,\"valueName\":\"search_term_string\"}}],\"inLanguage\":\"fr-FR\"},{\"@type\":\"Organization\",\"@id\":\"https:\\\/\\\/ceric.ca\\\/#organization\",\"name\":\"CERIC\",\"url\":\"https:\\\/\\\/ceric.ca\\\/\",\"logo\":{\"@type\":\"ImageObject\",\"inLanguage\":\"fr-FR\",\"@id\":\"https:\\\/\\\/ceric.ca\\\/#\\\/schema\\\/logo\\\/image\\\/\",\"url\":\"\",\"contentUrl\":\"\",\"caption\":\"CERIC\"},\"image\":{\"@id\":\"https:\\\/\\\/ceric.ca\\\/#\\\/schema\\\/logo\\\/image\\\/\"}}]}<\/script>\n<!-- \/ Yoast SEO Premium plugin. -->","yoast_head_json":{"title":"Guide fid\u00e9liser et mobiliser : la gestion de carri\u00e8re dans le secteur public - CERIC","robots":{"index":"index","follow":"follow","max-snippet":"max-snippet:-1","max-image-preview":"max-image-preview:large","max-video-preview":"max-video-preview:-1"},"canonical":"https:\/\/ceric.ca\/fr\/projets\/guide-fideliser-et-mobiliser-la-gestion-de-carriere-dans-le-secteur-public\/","og_locale":"fr_FR","og_type":"article","og_title":"Guide fid\u00e9liser et mobiliser : la gestion de carri\u00e8re dans le secteur public","og_description":"[vc_row][vc_column width=\u00a0\u00bb1\/2&Prime;][vc_single_image image=\u00a0\u00bb45702&Prime;][\/vc_column][vc_column width=\u00a0\u00bb1\/2&Prime;][vc_message message_box_color=\u00a0\u00bbalert-success\u00a0\u00bb icon_type=\u00a0\u00bbentypo\u00a0\u00bb icon_entypo=\u00a0\u00bbentypo-icon entypo-icon-progress-3&Prime;]TERMIN\u00c9[\/vc_message][\/vc_column][\/vc_row][vc_row][vc_column][vc_column_text] Dans le cadre de ce projet, nous produirons un guide bilingue unique dans le but de soutenir la [\u2026]","og_url":"https:\/\/ceric.ca\/fr\/projets\/guide-fideliser-et-mobiliser-la-gestion-de-carriere-dans-le-secteur-public\/","og_site_name":"CERIC","article_modified_time":"2022-07-28T20:41:04+00:00","og_image":[{"width":620,"height":275,"url":"https:\/\/ceric.ca\/wp-content\/uploads\/2021\/04\/rg-project-cover.png","type":"image\/png"}],"twitter_card":"summary_large_image","twitter_misc":{"Dur\u00e9e de lecture estim\u00e9e":"3 minutes"},"schema":{"@context":"https:\/\/schema.org","@graph":[{"@type":"WebPage","@id":"https:\/\/ceric.ca\/fr\/projets\/guide-fideliser-et-mobiliser-la-gestion-de-carriere-dans-le-secteur-public\/","url":"https:\/\/ceric.ca\/fr\/projets\/guide-fideliser-et-mobiliser-la-gestion-de-carriere-dans-le-secteur-public\/","name":"Guide fid\u00e9liser et mobiliser : la gestion de carri\u00e8re dans le secteur public - CERIC","isPartOf":{"@id":"https:\/\/ceric.ca\/#website"},"primaryImageOfPage":{"@id":"https:\/\/ceric.ca\/fr\/projets\/guide-fideliser-et-mobiliser-la-gestion-de-carriere-dans-le-secteur-public\/#primaryimage"},"image":{"@id":"https:\/\/ceric.ca\/fr\/projets\/guide-fideliser-et-mobiliser-la-gestion-de-carriere-dans-le-secteur-public\/#primaryimage"},"thumbnailUrl":"https:\/\/ceric.ca\/wp-content\/uploads\/2021\/04\/rg-project-cover.png","datePublished":"2021-04-19T21:09:08+00:00","dateModified":"2022-07-28T20:41:04+00:00","breadcrumb":{"@id":"https:\/\/ceric.ca\/fr\/projets\/guide-fideliser-et-mobiliser-la-gestion-de-carriere-dans-le-secteur-public\/#breadcrumb"},"inLanguage":"fr-FR","potentialAction":[{"@type":"ReadAction","target":["https:\/\/ceric.ca\/fr\/projets\/guide-fideliser-et-mobiliser-la-gestion-de-carriere-dans-le-secteur-public\/"]}]},{"@type":"ImageObject","inLanguage":"fr-FR","@id":"https:\/\/ceric.ca\/fr\/projets\/guide-fideliser-et-mobiliser-la-gestion-de-carriere-dans-le-secteur-public\/#primaryimage","url":"https:\/\/ceric.ca\/wp-content\/uploads\/2021\/04\/rg-project-cover.png","contentUrl":"https:\/\/ceric.ca\/wp-content\/uploads\/2021\/04\/rg-project-cover.png","width":620,"height":275},{"@type":"BreadcrumbList","@id":"https:\/\/ceric.ca\/fr\/projets\/guide-fideliser-et-mobiliser-la-gestion-de-carriere-dans-le-secteur-public\/#breadcrumb","itemListElement":[{"@type":"ListItem","position":1,"name":"Home","item":"https:\/\/ceric.ca\/fr\/ceric-homepage-2025\/"},{"@type":"ListItem","position":2,"name":"Projets","item":"https:\/\/ceric.ca\/fr\/projets\/"},{"@type":"ListItem","position":3,"name":"Guide fid\u00e9liser et mobiliser : la gestion de carri\u00e8re dans le secteur public"}]},{"@type":"WebSite","@id":"https:\/\/ceric.ca\/#website","url":"https:\/\/ceric.ca\/","name":"CERIC","description":"","publisher":{"@id":"https:\/\/ceric.ca\/#organization"},"potentialAction":[{"@type":"SearchAction","target":{"@type":"EntryPoint","urlTemplate":"https:\/\/ceric.ca\/?s={search_term_string}"},"query-input":{"@type":"PropertyValueSpecification","valueRequired":true,"valueName":"search_term_string"}}],"inLanguage":"fr-FR"},{"@type":"Organization","@id":"https:\/\/ceric.ca\/#organization","name":"CERIC","url":"https:\/\/ceric.ca\/","logo":{"@type":"ImageObject","inLanguage":"fr-FR","@id":"https:\/\/ceric.ca\/#\/schema\/logo\/image\/","url":"","contentUrl":"","caption":"CERIC"},"image":{"@id":"https:\/\/ceric.ca\/#\/schema\/logo\/image\/"}}]}},"_links":{"self":[{"href":"https:\/\/ceric.ca\/fr\/wp-json\/wp\/v2\/pages\/45701","targetHints":{"allow":["GET"]}}],"collection":[{"href":"https:\/\/ceric.ca\/fr\/wp-json\/wp\/v2\/pages"}],"about":[{"href":"https:\/\/ceric.ca\/fr\/wp-json\/wp\/v2\/types\/page"}],"author":[{"embeddable":true,"href":"https:\/\/ceric.ca\/fr\/wp-json\/wp\/v2\/users\/1"}],"replies":[{"embeddable":true,"href":"https:\/\/ceric.ca\/fr\/wp-json\/wp\/v2\/comments?post=45701"}],"version-history":[{"count":0,"href":"https:\/\/ceric.ca\/fr\/wp-json\/wp\/v2\/pages\/45701\/revisions"}],"up":[{"embeddable":true,"href":"https:\/\/ceric.ca\/fr\/wp-json\/wp\/v2\/pages\/9559"}],"wp:featuredmedia":[{"embeddable":true,"href":"https:\/\/ceric.ca\/fr\/wp-json\/wp\/v2\/media\/45678"}],"wp:attachment":[{"href":"https:\/\/ceric.ca\/fr\/wp-json\/wp\/v2\/media?parent=45701"}],"curies":[{"name":"wp","href":"https:\/\/api.w.org\/{rel}","templated":true}]}}