{"id":45785,"date":"2021-04-21T15:50:05","date_gmt":"2021-04-21T19:50:05","guid":{"rendered":"https:\/\/ceric.ca\/?page_id=45785"},"modified":"2024-08-22T13:23:35","modified_gmt":"2024-08-22T17:23:35","slug":"developpement-de-carriere-et-sante-mentale","status":"publish","type":"page","link":"https:\/\/ceric.ca\/fr\/projets\/developpement-de-carriere-et-sante-mentale\/","title":{"rendered":"D\u00e9veloppement de carri\u00e8re et sant\u00e9 mentale"},"content":{"rendered":"<div class=\"wpb-content-wrapper\"><p>[vc_row][vc_column width=\u00a0\u00bb1\/2&Prime;][vc_single_image image=\u00a0\u00bb45766&Prime;][\/vc_column][vc_column width=\u00a0\u00bb1\/2&Prime;]<div class=\"wprt-list clearfix icon-left icon-middle\">\r\n\t\t<div style=\"padding:;margin-bottom:10px;background-color:#f8f8f8;\">\r\n\t\t\t<span style=\"padding-left:30px;\"><span class=\"icon \">\r\n\t\t\t<i class=\"typcn typcn-group\" style=\"color:#898989;font-size:20px;\"><\/i>\r\n\t\t<\/span> <span style=\"font-weight:700;\">Partenaires du projet : Life-Role Development Group Ltd., Simon Fraser University et Career Education Association of Victoria (Australia)<\/span><\/span>\r\n\t\t<\/div>\r\n\t<\/div><div class=\"wprt-list clearfix icon-left icon-middle\">\r\n\t\t<div style=\"padding:;margin-bottom:10px;background-color:#f8f8f8;\">\r\n\t\t\t<span style=\"padding-left:30px;\"><span class=\"icon \">\r\n\t\t\t<i class=\"typcn typcn-flag\" style=\"color:#898989;font-size:20px;\"><\/i>\r\n\t\t<\/span> <span style=\"font-weight:700;\">Langue : Anglais<\/span><\/span>\r\n\t\t<\/div>\r\n\t<\/div>[vc_message message_box_color=\u00a0\u00bbalert-success\u00a0\u00bb icon_type=\u00a0\u00bbentypo\u00a0\u00bb icon_entypo=\u00a0\u00bbentypo-icon entypo-icon-progress-3&Prime;]<strong>TERMIN\u00c9<\/strong>[\/vc_message][\/vc_column][\/vc_row][vc_row][vc_column]\r\n\t<div class=\"wprt-spacer clearfix\" data-desktop=\"40\" data-mobi=\"30\" data-smobi=\"30\"><\/div>[vc_column_text]Au cours de la derni\u00e8re d\u00e9cennie, nous avons tous \u00e9t\u00e9 touch\u00e9s et influenc\u00e9s de fa\u00e7on positive par un mouvement mondial visant une meilleure sant\u00e9 mentale. Les personnes, les gouvernements et les organisations en parlent et y pensent de plus en plus souvent, \u00e9crivent des articles \u00e0 ce sujet et voient la sant\u00e9 mentale dans son sens large et profond. Les ressources sont canalis\u00e9es vers les efforts de promotion de la sant\u00e9 mentale dans les collectivit\u00e9s, les \u00e9coles, les \u00e9tablissements postsecondaires et les lieux de travail. La promotion de la sant\u00e9 mentale m\u00e9rite cette attention et ce financement. Cependant, cette vague d\u2019int\u00e9r\u00eat et d\u2019activit\u00e9s pourrait n\u00e9gliger et m\u00eame \u00e9roder par inadvertance la pierre angulaire de la sant\u00e9 mentale : le d\u00e9veloppement de carri\u00e8re. Sensibiliser les intervenants en d\u00e9veloppement de carri\u00e8re de tous les horizons \u00e0 l\u2019impact de leur travail sur la sant\u00e9 mentale est le grand objectif de ce projet. Le livre rappellera d\u2019abord leur influence et en fera la d\u00e9monstration, puis il aidera les intervenants \u00e0 augmenter, \u00e0 mesurer et \u00e0 communiquer cet impact.[\/vc_column_text][\/vc_column][\/vc_row][vc_row][vc_column]\r\n\t<div class=\"wprt-spacer clearfix\" data-desktop=\"40\" data-mobi=\"30\" data-smobi=\"30\"><\/div>[vc_separator color=\u00a0\u00bbcustom\u00a0\u00bb style=\u00a0\u00bbdashed\u00a0\u00bb border_width=\u00a0\u00bb2&Prime; accent_color=\u00a0\u00bb#cccccc\u00a0\u00bb]\r\n\t<div class=\"wprt-spacer clearfix\" data-desktop=\"40\" data-mobi=\"30\" data-smobi=\"30\"><\/div>[\/vc_column][\/vc_row][vc_row][vc_column width=\u00a0\u00bb1\/5&Prime;][vc_single_image image=\u00a0\u00bb45345&Prime; img_size=\u00a0\u00bbmedium\u00a0\u00bb][\/vc_column][vc_column width=\u00a0\u00bb4\/5&Prime;][vc_column_text css=\u00a0\u00bb\u00a0\u00bb]<div class='w3eden wpdm_package_shortcode'><div class=\"media well link-template-widget\">\n    <div class=\"media-body\">\n        <a href=\"https:\/\/ceric.ca\/wpdm-package\/strengthening-mental-health-through-effective-career-development-a-practitioners-guide\/?wpdmdl=36477&refresh=69dedb726f2871776212850\" style=\"display: block;clear: bottom;font-size: 11pt;font-weight: bold;\">Strengthening Mental Health Through Effective Career Development: A Practitioner\u2019s Guide<\/a>\n        <div style=\"font-size: 9pt;\">\n            <i class=\"fas fa-hdd color-green\"><\/i> 4.17 MB <i class=\"fa fa-copy ml-3\"><\/i>\n            1 file(s)\n        <\/div>\n    <\/div>\n<\/div>\n\n<\/div>[\/vc_column_text][\/vc_column][\/vc_row][vc_row][vc_column]\r\n\t<div class=\"wprt-spacer clearfix\" data-desktop=\"40\" data-mobi=\"30\" data-smobi=\"30\"><\/div>[vc_separator color=\u00a0\u00bbcustom\u00a0\u00bb style=\u00a0\u00bbdashed\u00a0\u00bb border_width=\u00a0\u00bb2&Prime; accent_color=\u00a0\u00bb#cccccc\u00a0\u00bb]\r\n\t<div class=\"wprt-spacer clearfix\" data-desktop=\"20\" data-mobi=\"30\" data-smobi=\"30\"><\/div>[\/vc_column][\/vc_row][vc_row][vc_column width=\u00a0\u00bb1\/5&Prime;][vc_single_image image=\u00a0\u00bb46865&Prime; onclick=\u00a0\u00bbcustom_link\u00a0\u00bb img_link_target=\u00a0\u00bb_blank\u00a0\u00bb link=\u00a0\u00bbhttps:\/\/ceric.ca\/wp-content\/uploads\/2021\/05\/CDMH-Project-Partnership-Final-Report.pdf\u00a0\u00bb][\/vc_column][vc_column width=\u00a0\u00bb4\/5&Prime;]\r\n\t<div class=\"wprt-spacer clearfix\" data-desktop=\"20\" data-mobi=\"0\" data-smobi=\"0\"><\/div>[vc_column_text css=\u00a0\u00bb\u00a0\u00bb]<div class='w3eden wpdm_package_shortcode'><div class=\"media well link-template-widget\">\n    <div class=\"media-body\">\n        <a href=\"https:\/\/ceric.ca\/wpdm-package\/project-partnership-final-report-strengthening-mental-health-through-effective-career-development-a-practitioners-guide\/?wpdmdl=66640&refresh=69dedb72b22c51776212850\" style=\"display: block;clear: bottom;font-size: 11pt;font-weight: bold;\">Project Partnership Final Report - Strengthening Mental Health Through Effective Career Development: a Practitioner\u2019s Guide<\/a>\n        <div style=\"font-size: 9pt;\">\n            <i class=\"fas fa-hdd color-green\"><\/i> 1.68 MB <i class=\"fa fa-copy ml-3\"><\/i>\n            1 file(s)\n        <\/div>\n    <\/div>\n<\/div>\n\n<\/div>[\/vc_column_text][\/vc_column][\/vc_row][vc_row][vc_column][vc_separator color=\u00a0\u00bbcustom\u00a0\u00bb style=\u00a0\u00bbdashed\u00a0\u00bb border_width=\u00a0\u00bb2&Prime; accent_color=\u00a0\u00bb#cccccc\u00a0\u00bb]\r\n\t<div class=\"wprt-spacer clearfix\" data-desktop=\"20\" data-mobi=\"30\" data-smobi=\"30\"><\/div>[\/vc_column][\/vc_row][vc_row][vc_column][vc_column_text]Le projet conduira \u00e0 l\u2019\u00e9laboration d\u2019un livre, dont le titre provisoire est\u00a0<em>D\u00e9veloppement de carri\u00e8re et sant\u00e9 mentale<\/em>, destin\u00e9 aux intervenants en d\u00e9veloppement de carri\u00e8re. Il abordera le r\u00f4le qu\u2019ils jouent pour soutenir ou pour am\u00e9liorer la sant\u00e9 mentale et pour tenter de pr\u00e9venir les maladies mentales ou d\u2019en diminuer la gravit\u00e9. Toutefois, l\u2019accent sera mis sur la sant\u00e9 mentale et non sur la maladie mentale. C\u2019est pourquoi nous faisons la distinction entre la sant\u00e9 mentale et la maladie mentale, deux concepts distincts, bien que li\u00e9s. Le livre compl\u00e9tera le guide du CERIC\u00a0<em>Guide \u00e0 l\u2019intention des centres d\u2019emploi\u00a0: aider les personnes atteintes de probl\u00e8mes de sant\u00e9 mentale<\/em>, une ressource qui s\u2019int\u00e9resse \u00e0 la maladie mentale dans un contexte de d\u00e9veloppement de carri\u00e8re.<\/p>\n<p>Le livre abordera les impacts de la sant\u00e9 mentale sur le d\u00e9veloppement de carri\u00e8re. Il fournira aux intervenants en d\u00e9veloppement de carri\u00e8re des mod\u00e8les conceptuels fond\u00e9s sur des donn\u00e9es probantes et des strat\u00e9gies d\u2019interventions efficaces et \u00e9thiques. Les intervenants apprendront ce qui suit\u00a0:<\/p>\n<ul>\n<li>comment leur travail soutient d\u00e9j\u00e0 la sant\u00e9 mentale;<\/li>\n<li>comment leur travail a le potentiel d\u2019intervenir, directement ou non, sur la maladie mentale;<\/li>\n<li>comment ils peuvent, de fa\u00e7on \u00e9thique, et ce, dans le cadre de leur champ de pratique, aider les clients \u00e0 am\u00e9liorer leur sant\u00e9 mentale;<\/li>\n<li>comment \u00e9valuer les probl\u00e8mes de sant\u00e9 mentale dans leur pratique;<\/li>\n<li>comment communiquer aux intervenants le r\u00f4le vital du d\u00e9veloppement de carri\u00e8re dans la protection et l\u2019am\u00e9lioration de la sant\u00e9 mentale.<\/li>\n<\/ul>\n<p>Les strat\u00e9gies concr\u00e8tes s\u2019appuieront sur des r\u00e9f\u00e9rences \u00e0 un nombre grandissant de donn\u00e9es sur les liens directs et indirects entre le d\u00e9veloppement de carri\u00e8re et la sant\u00e9 mentale, et sur un mod\u00e8le conceptuel de l\u2019impact du d\u00e9veloppement de carri\u00e8re sur la sant\u00e9 mentale. Les probl\u00e8mes li\u00e9s \u00e0 l\u2019\u00e9thique, aux comp\u00e9tences et au champ de pratique seront aussi examin\u00e9s en profondeur, afin que les intervenants puissent intervenir avec assurance et diriger les clients vers d\u2019autres ressources et services au besoin. Des exemples d\u2019outils de mesure de la sant\u00e9 mentale et de communications seront aussi fournis.<\/p>\n<p>Le livre s\u2019inscrit dans le cadre d\u2019une initiative internationale portant sur la recherche, les produits et les services qui vise \u00e0\u00a0:<\/p>\n<ul>\n<li>approfondir la recherche sur les liens entre le d\u00e9veloppement de carri\u00e8re et la sant\u00e9 mentale;<\/li>\n<li>\u00e9laborer des mod\u00e8les et des pratiques de d\u00e9veloppement de carri\u00e8re et de sant\u00e9 mentale fond\u00e9s sur d\u2019importantes donn\u00e9es probantes;<\/li>\n<li>cr\u00e9er une communaut\u00e9 de pratique qui r\u00e9unit des intervenants en d\u00e9veloppement de carri\u00e8re qui veulent \u00e9tablir des liens entre le d\u00e9veloppement de carri\u00e8re et la sant\u00e9 mentale;<\/li>\n<li>promouvoir la collecte de preuves et l\u2019\u00e9valuation des probl\u00e8mes de sant\u00e9 mentale li\u00e9s aux pratiques de d\u00e9veloppement de carri\u00e8re;<\/li>\n<li>faire conna\u00eetre le r\u00f4le du d\u00e9veloppement de carri\u00e8re par rapport \u00e0 la sant\u00e9 mentale aux clients, aux \u00e9tudiants, aux organismes de financement, aux d\u00e9cideurs politiques, au public en g\u00e9n\u00e9ral et aux autres intervenants importants;<\/li>\n<li>donner un nouveau souffle aux intervenants en d\u00e9veloppement de carri\u00e8re en leur rappelant l\u2019impact significatif qu\u2019ils ont sur la vie de leurs clients et de leurs \u00e9tudiants, un impact qui va bien au-del\u00e0 de l\u2019obtention d\u2019un emploi, du choix d\u2019une mati\u00e8re principale ou d\u2019une transition professionnelle.<\/li>\n<\/ul>\n<p>[\/vc_column_text]\r\n\t<div class=\"wprt-spacer clearfix\" data-desktop=\"40\" data-mobi=\"30\" data-smobi=\"30\"><\/div>[\/vc_column][\/vc_row][vc_row][vc_column][vc_column_text]<\/p>\n<h4>Champions des Connaissances<\/h4>\n<p>Un grand merci \u00e0 nos champions des connaissances pour la sant\u00e9 mentale et le d\u00e9veloppement de carri\u00e8re qui contribuent \u00e0 rendre possible la publication de ce livre :[\/vc_column_text][\/vc_column][\/vc_row][vc_row][vc_column width=\u00a0\u00bb1\/4&Prime;][vc_single_image image=\u00a0\u00bb45775&Prime; onclick=\u00a0\u00bbcustom_link\u00a0\u00bb img_link_target=\u00a0\u00bb_blank\u00a0\u00bb link=\u00a0\u00bbhttps:\/\/www.sfu.ca\/\u00a0\u00bb][\/vc_column][vc_column width=\u00a0\u00bb1\/4&Prime;][vc_single_image image=\u00a0\u00bb45777&Prime; onclick=\u00a0\u00bbcustom_link\u00a0\u00bb img_link_target=\u00a0\u00bb_blank\u00a0\u00bb link=\u00a0\u00bbhttps:\/\/www.ryerson.ca\/\u00a0\u00bb][\/vc_column][vc_column width=\u00a0\u00bb1\/4&Prime;][vc_single_image image=\u00a0\u00bb45779&Prime; onclick=\u00a0\u00bbcustom_link\u00a0\u00bb img_link_target=\u00a0\u00bb_blank\u00a0\u00bb link=\u00a0\u00bbhttps:\/\/www.ceav.vic.edu.au\/\u00a0\u00bb][\/vc_column][vc_column width=\u00a0\u00bb1\/4&Prime;][vc_single_image image=\u00a0\u00bb45781&Prime; onclick=\u00a0\u00bbcustom_link\u00a0\u00bb img_link_target=\u00a0\u00bb_blank\u00a0\u00bb link=\u00a0\u00bbhttps:\/\/www.wlu.ca\/\u00a0\u00bb][\/vc_column][\/vc_row][vc_row][vc_column][vc_column_text]Pour savoir comment vous pouvez faire partie de nos champions champions des connaissances, communiquez avec\u00a0<a class=\"c-link\" href=\"mailto:sharon@ceric.ca\" target=\"_blank\" rel=\"noopener noreferrer\" data-stringify-link=\"mailto:sharon@ceric.ca\" data-sk=\"tooltip_parent\">sharon@ceric.ca<\/a>.[\/vc_column_text][\/vc_column][\/vc_row]<\/p>\n<\/div>","protected":false},"excerpt":{"rendered":"<p>[vc_row][vc_column width=\u00a0\u00bb1\/2&Prime;][vc_single_image image=\u00a0\u00bb45766&Prime;][\/vc_column][vc_column width=\u00a0\u00bb1\/2&Prime;][vc_message message_box_color=\u00a0\u00bbalert-success\u00a0\u00bb icon_type=\u00a0\u00bbentypo\u00a0\u00bb icon_entypo=\u00a0\u00bbentypo-icon entypo-icon-progress-3&Prime;]TERMIN\u00c9[\/vc_message][\/vc_column][\/vc_row][vc_row][vc_column][vc_column_text]Au cours de la derni\u00e8re d\u00e9cennie, nous avons tous \u00e9t\u00e9 touch\u00e9s et influenc\u00e9s de fa\u00e7on positive par un mouvement<span class=\"excerpt-hellip\"> [\u2026]<\/span><\/p>\n","protected":false},"author":1,"featured_media":0,"parent":9559,"menu_order":0,"comment_status":"closed","ping_status":"closed","template":"","meta":{"h5ap_radio_sources":[],"footnotes":""},"class_list":["post-45785","page","type-page","status-publish","hentry"],"yoast_head":"<!-- This site is optimized with the Yoast SEO Premium plugin v27.3 (Yoast SEO v27.3) - https:\/\/yoast.com\/product\/yoast-seo-premium-wordpress\/ -->\n<title>D\u00e9veloppement de carri\u00e8re et sant\u00e9 mentale - CERIC<\/title>\n<meta name=\"robots\" content=\"index, follow, max-snippet:-1, max-image-preview:large, max-video-preview:-1\" \/>\n<link rel=\"canonical\" href=\"https:\/\/ceric.ca\/fr\/projets\/developpement-de-carriere-et-sante-mentale\/\" \/>\n<meta property=\"og:locale\" content=\"fr_FR\" \/>\n<meta property=\"og:type\" content=\"article\" \/>\n<meta property=\"og:title\" content=\"D\u00e9veloppement de carri\u00e8re et sant\u00e9 mentale\" \/>\n<meta property=\"og:description\" content=\"[vc_row][vc_column width=\u00a0\u00bb1\/2&Prime;][vc_single_image image=\u00a0\u00bb45766&Prime;][\/vc_column][vc_column width=\u00a0\u00bb1\/2&Prime;][vc_message message_box_color=\u00a0\u00bbalert-success\u00a0\u00bb icon_type=\u00a0\u00bbentypo\u00a0\u00bb icon_entypo=\u00a0\u00bbentypo-icon entypo-icon-progress-3&Prime;]TERMIN\u00c9[\/vc_message][\/vc_column][\/vc_row][vc_row][vc_column][vc_column_text]Au cours de la derni\u00e8re d\u00e9cennie, nous avons tous \u00e9t\u00e9 touch\u00e9s et influenc\u00e9s de fa\u00e7on positive par un mouvement [\u2026]\" \/>\n<meta property=\"og:url\" content=\"https:\/\/ceric.ca\/fr\/projets\/developpement-de-carriere-et-sante-mentale\/\" \/>\n<meta property=\"og:site_name\" content=\"CERIC\" \/>\n<meta property=\"article:modified_time\" content=\"2024-08-22T17:23:35+00:00\" \/>\n<meta name=\"twitter:card\" content=\"summary_large_image\" \/>\n<meta name=\"twitter:label1\" content=\"Dur\u00e9e de lecture estim\u00e9e\" \/>\n\t<meta name=\"twitter:data1\" content=\"6 minutes\" \/>\n<script type=\"application\/ld+json\" class=\"yoast-schema-graph\">{\"@context\":\"https:\\\/\\\/schema.org\",\"@graph\":[{\"@type\":\"WebPage\",\"@id\":\"https:\\\/\\\/ceric.ca\\\/fr\\\/projets\\\/developpement-de-carriere-et-sante-mentale\\\/\",\"url\":\"https:\\\/\\\/ceric.ca\\\/fr\\\/projets\\\/developpement-de-carriere-et-sante-mentale\\\/\",\"name\":\"D\u00e9veloppement de carri\u00e8re et sant\u00e9 mentale - CERIC\",\"isPartOf\":{\"@id\":\"https:\\\/\\\/ceric.ca\\\/#website\"},\"datePublished\":\"2021-04-21T19:50:05+00:00\",\"dateModified\":\"2024-08-22T17:23:35+00:00\",\"breadcrumb\":{\"@id\":\"https:\\\/\\\/ceric.ca\\\/fr\\\/projets\\\/developpement-de-carriere-et-sante-mentale\\\/#breadcrumb\"},\"inLanguage\":\"fr-FR\",\"potentialAction\":[{\"@type\":\"ReadAction\",\"target\":[\"https:\\\/\\\/ceric.ca\\\/fr\\\/projets\\\/developpement-de-carriere-et-sante-mentale\\\/\"]}]},{\"@type\":\"BreadcrumbList\",\"@id\":\"https:\\\/\\\/ceric.ca\\\/fr\\\/projets\\\/developpement-de-carriere-et-sante-mentale\\\/#breadcrumb\",\"itemListElement\":[{\"@type\":\"ListItem\",\"position\":1,\"name\":\"Home\",\"item\":\"https:\\\/\\\/ceric.ca\\\/fr\\\/ceric-homepage-2025\\\/\"},{\"@type\":\"ListItem\",\"position\":2,\"name\":\"Projets\",\"item\":\"https:\\\/\\\/ceric.ca\\\/fr\\\/projets\\\/\"},{\"@type\":\"ListItem\",\"position\":3,\"name\":\"D\u00e9veloppement de carri\u00e8re et sant\u00e9 mentale\"}]},{\"@type\":\"WebSite\",\"@id\":\"https:\\\/\\\/ceric.ca\\\/#website\",\"url\":\"https:\\\/\\\/ceric.ca\\\/\",\"name\":\"CERIC\",\"description\":\"\",\"publisher\":{\"@id\":\"https:\\\/\\\/ceric.ca\\\/#organization\"},\"potentialAction\":[{\"@type\":\"SearchAction\",\"target\":{\"@type\":\"EntryPoint\",\"urlTemplate\":\"https:\\\/\\\/ceric.ca\\\/?s={search_term_string}\"},\"query-input\":{\"@type\":\"PropertyValueSpecification\",\"valueRequired\":true,\"valueName\":\"search_term_string\"}}],\"inLanguage\":\"fr-FR\"},{\"@type\":\"Organization\",\"@id\":\"https:\\\/\\\/ceric.ca\\\/#organization\",\"name\":\"CERIC\",\"url\":\"https:\\\/\\\/ceric.ca\\\/\",\"logo\":{\"@type\":\"ImageObject\",\"inLanguage\":\"fr-FR\",\"@id\":\"https:\\\/\\\/ceric.ca\\\/#\\\/schema\\\/logo\\\/image\\\/\",\"url\":\"\",\"contentUrl\":\"\",\"caption\":\"CERIC\"},\"image\":{\"@id\":\"https:\\\/\\\/ceric.ca\\\/#\\\/schema\\\/logo\\\/image\\\/\"}}]}<\/script>\n<!-- \/ Yoast SEO Premium plugin. -->","yoast_head_json":{"title":"D\u00e9veloppement de carri\u00e8re et sant\u00e9 mentale - CERIC","robots":{"index":"index","follow":"follow","max-snippet":"max-snippet:-1","max-image-preview":"max-image-preview:large","max-video-preview":"max-video-preview:-1"},"canonical":"https:\/\/ceric.ca\/fr\/projets\/developpement-de-carriere-et-sante-mentale\/","og_locale":"fr_FR","og_type":"article","og_title":"D\u00e9veloppement de carri\u00e8re et sant\u00e9 mentale","og_description":"[vc_row][vc_column width=\u00a0\u00bb1\/2&Prime;][vc_single_image image=\u00a0\u00bb45766&Prime;][\/vc_column][vc_column width=\u00a0\u00bb1\/2&Prime;][vc_message message_box_color=\u00a0\u00bbalert-success\u00a0\u00bb icon_type=\u00a0\u00bbentypo\u00a0\u00bb icon_entypo=\u00a0\u00bbentypo-icon entypo-icon-progress-3&Prime;]TERMIN\u00c9[\/vc_message][\/vc_column][\/vc_row][vc_row][vc_column][vc_column_text]Au cours de la derni\u00e8re d\u00e9cennie, nous avons tous \u00e9t\u00e9 touch\u00e9s et influenc\u00e9s de fa\u00e7on positive par un mouvement [\u2026]","og_url":"https:\/\/ceric.ca\/fr\/projets\/developpement-de-carriere-et-sante-mentale\/","og_site_name":"CERIC","article_modified_time":"2024-08-22T17:23:35+00:00","twitter_card":"summary_large_image","twitter_misc":{"Dur\u00e9e de lecture estim\u00e9e":"6 minutes"},"schema":{"@context":"https:\/\/schema.org","@graph":[{"@type":"WebPage","@id":"https:\/\/ceric.ca\/fr\/projets\/developpement-de-carriere-et-sante-mentale\/","url":"https:\/\/ceric.ca\/fr\/projets\/developpement-de-carriere-et-sante-mentale\/","name":"D\u00e9veloppement de carri\u00e8re et sant\u00e9 mentale - CERIC","isPartOf":{"@id":"https:\/\/ceric.ca\/#website"},"datePublished":"2021-04-21T19:50:05+00:00","dateModified":"2024-08-22T17:23:35+00:00","breadcrumb":{"@id":"https:\/\/ceric.ca\/fr\/projets\/developpement-de-carriere-et-sante-mentale\/#breadcrumb"},"inLanguage":"fr-FR","potentialAction":[{"@type":"ReadAction","target":["https:\/\/ceric.ca\/fr\/projets\/developpement-de-carriere-et-sante-mentale\/"]}]},{"@type":"BreadcrumbList","@id":"https:\/\/ceric.ca\/fr\/projets\/developpement-de-carriere-et-sante-mentale\/#breadcrumb","itemListElement":[{"@type":"ListItem","position":1,"name":"Home","item":"https:\/\/ceric.ca\/fr\/ceric-homepage-2025\/"},{"@type":"ListItem","position":2,"name":"Projets","item":"https:\/\/ceric.ca\/fr\/projets\/"},{"@type":"ListItem","position":3,"name":"D\u00e9veloppement de carri\u00e8re et sant\u00e9 mentale"}]},{"@type":"WebSite","@id":"https:\/\/ceric.ca\/#website","url":"https:\/\/ceric.ca\/","name":"CERIC","description":"","publisher":{"@id":"https:\/\/ceric.ca\/#organization"},"potentialAction":[{"@type":"SearchAction","target":{"@type":"EntryPoint","urlTemplate":"https:\/\/ceric.ca\/?s={search_term_string}"},"query-input":{"@type":"PropertyValueSpecification","valueRequired":true,"valueName":"search_term_string"}}],"inLanguage":"fr-FR"},{"@type":"Organization","@id":"https:\/\/ceric.ca\/#organization","name":"CERIC","url":"https:\/\/ceric.ca\/","logo":{"@type":"ImageObject","inLanguage":"fr-FR","@id":"https:\/\/ceric.ca\/#\/schema\/logo\/image\/","url":"","contentUrl":"","caption":"CERIC"},"image":{"@id":"https:\/\/ceric.ca\/#\/schema\/logo\/image\/"}}]}},"_links":{"self":[{"href":"https:\/\/ceric.ca\/fr\/wp-json\/wp\/v2\/pages\/45785","targetHints":{"allow":["GET"]}}],"collection":[{"href":"https:\/\/ceric.ca\/fr\/wp-json\/wp\/v2\/pages"}],"about":[{"href":"https:\/\/ceric.ca\/fr\/wp-json\/wp\/v2\/types\/page"}],"author":[{"embeddable":true,"href":"https:\/\/ceric.ca\/fr\/wp-json\/wp\/v2\/users\/1"}],"replies":[{"embeddable":true,"href":"https:\/\/ceric.ca\/fr\/wp-json\/wp\/v2\/comments?post=45785"}],"version-history":[{"count":0,"href":"https:\/\/ceric.ca\/fr\/wp-json\/wp\/v2\/pages\/45785\/revisions"}],"up":[{"embeddable":true,"href":"https:\/\/ceric.ca\/fr\/wp-json\/wp\/v2\/pages\/9559"}],"wp:attachment":[{"href":"https:\/\/ceric.ca\/fr\/wp-json\/wp\/v2\/media?parent=45785"}],"curies":[{"name":"wp","href":"https:\/\/api.w.org\/{rel}","templated":true}]}}