{"id":45814,"date":"2021-04-23T10:43:15","date_gmt":"2021-04-23T14:43:15","guid":{"rendered":"https:\/\/ceric.ca\/?page_id=45814"},"modified":"2024-11-06T17:23:06","modified_gmt":"2024-11-06T22:23:06","slug":"concevoir-des-prestations-de-services-axees-sur-lutilisateur-proposition-dune-demarche-constructiviste","status":"publish","type":"page","link":"https:\/\/ceric.ca\/fr\/projets\/concevoir-des-prestations-de-services-axees-sur-lutilisateur-proposition-dune-demarche-constructiviste\/","title":{"rendered":"Concevoir des prestations de services ax\u00e9es sur l\u2019utilisateur : proposition d\u2019une d\u00e9marche constructiviste"},"content":{"rendered":"<div class=\"wpb-content-wrapper\"><p>[vc_row][vc_column width=\u00a0\u00bb1\/2&Prime;][vc_single_image image=\u00a0\u00bb60595&Prime;][\/vc_column][vc_column width=\u00a0\u00bb1\/2&Prime;]<div class=\"wprt-list clearfix icon-left icon-middle\">\r\n\t\t<div style=\"padding:;margin-bottom:10px;background-color:#f8f8f8;\">\r\n\t\t\t<span style=\"padding-left:30px;\"><span class=\"icon \">\r\n\t\t\t<i class=\"typcn typcn-group\" style=\"color:#898989;font-size:20px;\"><\/i>\r\n\t\t<\/span> <span style=\"font-weight:700;\">Partenaires du projet : Universit\u00e9 Laval, Service d\u2019Orientation et d\u2019Int\u00e9gration des Immigrants au Travail (SOIT) et Centre Louis-Jolliet<\/span><\/span>\r\n\t\t<\/div>\r\n\t<\/div><div class=\"wprt-list clearfix icon-left icon-middle\">\r\n\t\t<div style=\"padding:;margin-bottom:10px;background-color:#f8f8f8;\">\r\n\t\t\t<span style=\"padding-left:30px;\"><span class=\"icon \">\r\n\t\t\t<i class=\"typcn typcn-flag\" style=\"color:#898989;font-size:20px;\"><\/i>\r\n\t\t<\/span> <span style=\"font-weight:700;\">Langues : Fran\u00e7ais et anglais<\/span><\/span>\r\n\t\t<\/div>\r\n\t<\/div>[vc_message message_box_color=\u00a0\u00bbalert-success\u00a0\u00bb icon_type=\u00a0\u00bbentypo\u00a0\u00bb css=\u00a0\u00bb\u00a0\u00bb icon_entypo=\u00a0\u00bbentypo-icon entypo-icon-progress-3&Prime;]<strong>TERMIN\u00c9<\/strong>[\/vc_message][\/vc_column][\/vc_row][vc_row][vc_column]\r\n\t<div class=\"wprt-spacer clearfix\" data-desktop=\"40\" data-mobi=\"30\" data-smobi=\"30\"><\/div>[vc_column_text]<\/p>\n<p data-pm-slice=\"1 1 []\">Ce projet,\u00a0cofinanc\u00e9 par le <a class=\"ProsemirrorEditor-link\" href=\"https:\/\/www.sshrc-crsh.gc.ca\/funding-financement\/programs-programmes\/partnership_engage_grants-subventions_d_engagement_partenarial-fra.aspx\" target=\"_blank\" rel=\"noopener\">CRSH<\/a> et le CERIC a \u00e9t\u00e9 mis en \u0153uvre en partenariat avec le <a class=\"ProsemirrorEditor-link\" href=\"https:\/\/www.soit.quebec\/\" target=\"_blank\" rel=\"noopener\">Service d\u2019Orientation et d\u2019Int\u00e9gration des Immigrants au Travail (SOIT)<\/a> et le <a class=\"ProsemirrorEditor-link\" href=\"https:\/\/clj.cssc.gouv.qc.ca\/\" target=\"_blank\" rel=\"noopener\">Centre Louis-Jolliet<\/a> tous deux situ\u00e9s \u00e0 Qu\u00e9bec. Pilot\u00e9 par\u00a0<a class=\"ProsemirrorEditor-link\" href=\"https:\/\/www.fse.ulaval.ca\/cv\/marcelline.bangali\/\" target=\"_blank\" rel=\"noopener\">Marcelline Bengaly<\/a>\u00a0professeure \u00e0 l\u2019Universit\u00e9 Laval, ce projet a pour objectif l\u2019am\u00e9lioration des prestations de services offertes en orientation aux personnes immigrantes. Les r\u00e9sultats des diff\u00e9rentes \u00e9tudes permettront de mieux r\u00e9pondre aux besoins de ces personnes relativement \u00e0 leur insertion durable dans un emploi qu\u2019elles jugent d\u00e9cent et qui contribue pleinement \u00e0 la r\u00e9alisation de leurs besoins et choix de vie fondamentaux. Cela apportera une contribution aux prises de d\u00e9cisions politiques visant l\u2019am\u00e9lioration des services offerts aux personnes immigrantes. Lors de sa mise en \u0153uvre, l\u2019\u00e9quipe de recherche a \u00e9t\u00e9 interpell\u00e9e sur des questionnements sp\u00e9cifiques \u00e0 la situation des personnes r\u00e9fugi\u00e9es faiblement scolaris\u00e9es. Les travaux relatifs \u00e0 ce 2e volet du projet ont abouti \u00e0 la r\u00e9daction d\u2019un ouvrage qui sera publi\u00e9 en fran\u00e7ais et en anglais (pr\u00e9vu pour automne 2023) \u00e0 l\u2019intention des personnes qui interviennent aupr\u00e8s des personnes r\u00e9fugi\u00e9es faiblement scolaris\u00e9es et de celles en formation dans les universit\u00e9s. L\u2019objectif est de mieux comprendre les particularit\u00e9s de l\u2019accompagnement en orientation et en insertion socioprofessionnelle de ce profil de client\u00e8le et proposer une perspective interculturelle ainsi que des pistes de r\u00e9flexion et d\u2019action. Le projet sera conclu par l\u2019organisation de diff\u00e9rentes activit\u00e9s de transfert des connaissances.<\/p>\n<p>[\/vc_column_text][\/vc_column][\/vc_row][vc_row][vc_column]\r\n\t<div class=\"wprt-spacer clearfix\" data-desktop=\"40\" data-mobi=\"20\" data-smobi=\"20\"><\/div>[vc_row_inner][vc_column_inner width=\u00a0\u00bb1\/5&Prime;][vc_single_image image=\u00a0\u00bb67283&Prime; css=\u00a0\u00bb\u00a0\u00bb][\/vc_column_inner][vc_column_inner width=\u00a0\u00bb4\/5&Prime;][vc_column_text]<div class='w3eden wpdm_package_shortcode'><div class=\"media well link-template-widget\">\n    <div class=\"media-body\">\n        <a href=\"https:\/\/ceric.ca\/fr\/wpdm-package\/laccompagnement-visant-lintegration-des-personnes-refugiees-faiblement-scolarisees-une-perspective-interculturelle-en-orientation-french-only\/?wpdmdl=64095&refresh=69d3464cb21611775453772\" style=\"display: block;clear: bottom;font-size: 11pt;font-weight: bold;\">L\u2019accompagnement visant l\u2019int\u00e9gration des personnes r\u00e9fugi\u00e9es faiblement scolaris\u00e9es : une perspective interculturelle en orientation<\/a>\n        <div style=\"font-size: 9pt;\">\n            <i class=\"fas fa-hdd color-green\"><\/i> 5.31 MB <i class=\"fa fa-copy ml-3\"><\/i>\n            1 file(s)\n        <\/div>\n    <\/div>\n<\/div>\n\n<\/div>[\/vc_column_text][\/vc_column_inner][\/vc_row_inner]\r\n\t<div class=\"wprt-spacer clearfix\" data-desktop=\"40\" data-mobi=\"20\" data-smobi=\"20\"><\/div>[vc_row_inner][vc_column_inner width=\u00a0\u00bb1\/5&Prime;][vc_single_image image=\u00a0\u00bb67261&Prime; css=\u00a0\u00bb\u00a0\u00bb][\/vc_column_inner][vc_column_inner width=\u00a0\u00bb4\/5&Prime;][vc_column_text css=\u00a0\u00bb\u00a0\u00bb]<div class='w3eden wpdm_package_shortcode'><div class=\"media well link-template-widget\">\n    <div class=\"media-body\">\n        <a href=\"https:\/\/ceric.ca\/wpdm-package\/supporting-the-integration-of-refugees-with-little-formal-education-an-intercultural-approach-2\/?wpdmdl=67266&refresh=69d3464ce11bc1775453772\" style=\"display: block;clear: bottom;font-size: 11pt;font-weight: bold;\">Supporting the Integration of Refugees with Little Formal Education - An Intercultural Approach<\/a>\n        <div style=\"font-size: 9pt;\">\n            <i class=\"fas fa-hdd color-green\"><\/i> 1.61 MB <i class=\"fa fa-copy ml-3\"><\/i>\n            1 file(s)\n        <\/div>\n    <\/div>\n<\/div>\n\n<\/div>[\/vc_column_text][\/vc_column_inner][\/vc_row_inner]\r\n\t<div class=\"wprt-spacer clearfix\" data-desktop=\"40\" data-mobi=\"20\" data-smobi=\"20\"><\/div>[vc_row_inner][vc_column_inner width=\u00a0\u00bb1\/5&Prime;][vc_single_image image=\u00a0\u00bb65138&Prime;][\/vc_column_inner][vc_column_inner width=\u00a0\u00bb4\/5&Prime;][vc_column_text]<div class='w3eden wpdm_package_shortcode'><div class=\"media well link-template-widget\">\n    <div class=\"media-body\">\n        <a href=\"https:\/\/ceric.ca\/fr\/wpdm-package\/rapport-final-concevoir-des-prestations-de-services-axees-sur-lutilisateur\/?wpdmdl=65103&refresh=69d3464d204c61775453773\" style=\"display: block;clear: bottom;font-size: 11pt;font-weight: bold;\">Rapport final - Apprenez-en davantage sur l'exp\u00e9rience de notre partenaire avec la mise en oeuvre de ce projet, ce qu'ils ont appris et les principales conclusions du projet<\/a>\n        <div style=\"font-size: 9pt;\">\n            <i class=\"fas fa-hdd color-green\"><\/i> 1.81 MB <i class=\"fa fa-copy ml-3\"><\/i>\n            1 file(s)\n        <\/div>\n    <\/div>\n<\/div>\n\n<\/div>[\/vc_column_text][\/vc_column_inner][\/vc_row_inner][\/vc_column][\/vc_row]<\/p>\n<\/div>","protected":false},"excerpt":{"rendered":"<p>[vc_row][vc_column width=\u00a0\u00bb1\/2&Prime;][vc_single_image image=\u00a0\u00bb60595&Prime;][\/vc_column][vc_column width=\u00a0\u00bb1\/2&Prime;][vc_message message_box_color=\u00a0\u00bbalert-success\u00a0\u00bb icon_type=\u00a0\u00bbentypo\u00a0\u00bb css=\u00a0\u00bb\u00a0\u00bb icon_entypo=\u00a0\u00bbentypo-icon entypo-icon-progress-3&Prime;]TERMIN\u00c9[\/vc_message][\/vc_column][\/vc_row][vc_row][vc_column][vc_column_text] Ce projet,\u00a0cofinanc\u00e9 par le CRSH et le CERIC a \u00e9t\u00e9 mis en \u0153uvre en partenariat avec le<span class=\"excerpt-hellip\"> [\u2026]<\/span><\/p>\n","protected":false},"author":1,"featured_media":0,"parent":9559,"menu_order":0,"comment_status":"closed","ping_status":"closed","template":"","meta":{"h5ap_radio_sources":[],"footnotes":""},"class_list":["post-45814","page","type-page","status-publish","hentry"],"yoast_head":"<!-- This site is optimized with the Yoast SEO Premium plugin v27.3 (Yoast SEO v27.3) - https:\/\/yoast.com\/product\/yoast-seo-premium-wordpress\/ -->\n<title>Concevoir des prestations de services ax\u00e9es sur l\u2019utilisateur : proposition d\u2019une d\u00e9marche constructiviste - CERIC<\/title>\n<meta name=\"robots\" content=\"index, follow, max-snippet:-1, max-image-preview:large, max-video-preview:-1\" \/>\n<link rel=\"canonical\" href=\"https:\/\/ceric.ca\/fr\/projets\/concevoir-des-prestations-de-services-axees-sur-lutilisateur-proposition-dune-demarche-constructiviste\/\" \/>\n<meta property=\"og:locale\" content=\"fr_FR\" \/>\n<meta property=\"og:type\" content=\"article\" \/>\n<meta property=\"og:title\" content=\"Concevoir des prestations de services ax\u00e9es sur l\u2019utilisateur : proposition d\u2019une d\u00e9marche constructiviste\" \/>\n<meta property=\"og:description\" content=\"[vc_row][vc_column width=\u00a0\u00bb1\/2&Prime;][vc_single_image image=\u00a0\u00bb60595&Prime;][\/vc_column][vc_column width=\u00a0\u00bb1\/2&Prime;][vc_message message_box_color=\u00a0\u00bbalert-success\u00a0\u00bb icon_type=\u00a0\u00bbentypo\u00a0\u00bb css=\u00a0\u00bb\u00a0\u00bb icon_entypo=\u00a0\u00bbentypo-icon entypo-icon-progress-3&Prime;]TERMIN\u00c9[\/vc_message][\/vc_column][\/vc_row][vc_row][vc_column][vc_column_text] Ce projet,\u00a0cofinanc\u00e9 par le CRSH et le CERIC a \u00e9t\u00e9 mis en \u0153uvre en partenariat avec le [\u2026]\" \/>\n<meta property=\"og:url\" content=\"https:\/\/ceric.ca\/fr\/projets\/concevoir-des-prestations-de-services-axees-sur-lutilisateur-proposition-dune-demarche-constructiviste\/\" \/>\n<meta property=\"og:site_name\" content=\"CERIC\" \/>\n<meta property=\"article:modified_time\" content=\"2024-11-06T22:23:06+00:00\" \/>\n<meta name=\"twitter:card\" content=\"summary_large_image\" \/>\n<meta name=\"twitter:label1\" content=\"Dur\u00e9e de lecture estim\u00e9e\" \/>\n\t<meta name=\"twitter:data1\" content=\"3 minutes\" \/>\n<script type=\"application\/ld+json\" class=\"yoast-schema-graph\">{\"@context\":\"https:\\\/\\\/schema.org\",\"@graph\":[{\"@type\":\"WebPage\",\"@id\":\"https:\\\/\\\/ceric.ca\\\/fr\\\/projets\\\/concevoir-des-prestations-de-services-axees-sur-lutilisateur-proposition-dune-demarche-constructiviste\\\/\",\"url\":\"https:\\\/\\\/ceric.ca\\\/fr\\\/projets\\\/concevoir-des-prestations-de-services-axees-sur-lutilisateur-proposition-dune-demarche-constructiviste\\\/\",\"name\":\"Concevoir des prestations de services ax\u00e9es sur l\u2019utilisateur : proposition d\u2019une d\u00e9marche constructiviste - CERIC\",\"isPartOf\":{\"@id\":\"https:\\\/\\\/ceric.ca\\\/#website\"},\"datePublished\":\"2021-04-23T14:43:15+00:00\",\"dateModified\":\"2024-11-06T22:23:06+00:00\",\"breadcrumb\":{\"@id\":\"https:\\\/\\\/ceric.ca\\\/fr\\\/projets\\\/concevoir-des-prestations-de-services-axees-sur-lutilisateur-proposition-dune-demarche-constructiviste\\\/#breadcrumb\"},\"inLanguage\":\"fr-FR\",\"potentialAction\":[{\"@type\":\"ReadAction\",\"target\":[\"https:\\\/\\\/ceric.ca\\\/fr\\\/projets\\\/concevoir-des-prestations-de-services-axees-sur-lutilisateur-proposition-dune-demarche-constructiviste\\\/\"]}]},{\"@type\":\"BreadcrumbList\",\"@id\":\"https:\\\/\\\/ceric.ca\\\/fr\\\/projets\\\/concevoir-des-prestations-de-services-axees-sur-lutilisateur-proposition-dune-demarche-constructiviste\\\/#breadcrumb\",\"itemListElement\":[{\"@type\":\"ListItem\",\"position\":1,\"name\":\"Home\",\"item\":\"https:\\\/\\\/ceric.ca\\\/fr\\\/ceric-homepage-2025\\\/\"},{\"@type\":\"ListItem\",\"position\":2,\"name\":\"Projets\",\"item\":\"https:\\\/\\\/ceric.ca\\\/fr\\\/projets\\\/\"},{\"@type\":\"ListItem\",\"position\":3,\"name\":\"Concevoir des prestations de services ax\u00e9es sur l\u2019utilisateur : proposition d\u2019une d\u00e9marche constructiviste\"}]},{\"@type\":\"WebSite\",\"@id\":\"https:\\\/\\\/ceric.ca\\\/#website\",\"url\":\"https:\\\/\\\/ceric.ca\\\/\",\"name\":\"CERIC\",\"description\":\"\",\"publisher\":{\"@id\":\"https:\\\/\\\/ceric.ca\\\/#organization\"},\"potentialAction\":[{\"@type\":\"SearchAction\",\"target\":{\"@type\":\"EntryPoint\",\"urlTemplate\":\"https:\\\/\\\/ceric.ca\\\/?s={search_term_string}\"},\"query-input\":{\"@type\":\"PropertyValueSpecification\",\"valueRequired\":true,\"valueName\":\"search_term_string\"}}],\"inLanguage\":\"fr-FR\"},{\"@type\":\"Organization\",\"@id\":\"https:\\\/\\\/ceric.ca\\\/#organization\",\"name\":\"CERIC\",\"url\":\"https:\\\/\\\/ceric.ca\\\/\",\"logo\":{\"@type\":\"ImageObject\",\"inLanguage\":\"fr-FR\",\"@id\":\"https:\\\/\\\/ceric.ca\\\/#\\\/schema\\\/logo\\\/image\\\/\",\"url\":\"\",\"contentUrl\":\"\",\"caption\":\"CERIC\"},\"image\":{\"@id\":\"https:\\\/\\\/ceric.ca\\\/#\\\/schema\\\/logo\\\/image\\\/\"}}]}<\/script>\n<!-- \/ Yoast SEO Premium plugin. -->","yoast_head_json":{"title":"Concevoir des prestations de services ax\u00e9es sur l\u2019utilisateur : proposition d\u2019une d\u00e9marche constructiviste - CERIC","robots":{"index":"index","follow":"follow","max-snippet":"max-snippet:-1","max-image-preview":"max-image-preview:large","max-video-preview":"max-video-preview:-1"},"canonical":"https:\/\/ceric.ca\/fr\/projets\/concevoir-des-prestations-de-services-axees-sur-lutilisateur-proposition-dune-demarche-constructiviste\/","og_locale":"fr_FR","og_type":"article","og_title":"Concevoir des prestations de services ax\u00e9es sur l\u2019utilisateur : proposition d\u2019une d\u00e9marche constructiviste","og_description":"[vc_row][vc_column width=\u00a0\u00bb1\/2&Prime;][vc_single_image image=\u00a0\u00bb60595&Prime;][\/vc_column][vc_column width=\u00a0\u00bb1\/2&Prime;][vc_message message_box_color=\u00a0\u00bbalert-success\u00a0\u00bb icon_type=\u00a0\u00bbentypo\u00a0\u00bb css=\u00a0\u00bb\u00a0\u00bb icon_entypo=\u00a0\u00bbentypo-icon entypo-icon-progress-3&Prime;]TERMIN\u00c9[\/vc_message][\/vc_column][\/vc_row][vc_row][vc_column][vc_column_text] Ce projet,\u00a0cofinanc\u00e9 par le CRSH et le CERIC a \u00e9t\u00e9 mis en \u0153uvre en partenariat avec le [\u2026]","og_url":"https:\/\/ceric.ca\/fr\/projets\/concevoir-des-prestations-de-services-axees-sur-lutilisateur-proposition-dune-demarche-constructiviste\/","og_site_name":"CERIC","article_modified_time":"2024-11-06T22:23:06+00:00","twitter_card":"summary_large_image","twitter_misc":{"Dur\u00e9e de lecture estim\u00e9e":"3 minutes"},"schema":{"@context":"https:\/\/schema.org","@graph":[{"@type":"WebPage","@id":"https:\/\/ceric.ca\/fr\/projets\/concevoir-des-prestations-de-services-axees-sur-lutilisateur-proposition-dune-demarche-constructiviste\/","url":"https:\/\/ceric.ca\/fr\/projets\/concevoir-des-prestations-de-services-axees-sur-lutilisateur-proposition-dune-demarche-constructiviste\/","name":"Concevoir des prestations de services ax\u00e9es sur l\u2019utilisateur : proposition d\u2019une d\u00e9marche constructiviste - CERIC","isPartOf":{"@id":"https:\/\/ceric.ca\/#website"},"datePublished":"2021-04-23T14:43:15+00:00","dateModified":"2024-11-06T22:23:06+00:00","breadcrumb":{"@id":"https:\/\/ceric.ca\/fr\/projets\/concevoir-des-prestations-de-services-axees-sur-lutilisateur-proposition-dune-demarche-constructiviste\/#breadcrumb"},"inLanguage":"fr-FR","potentialAction":[{"@type":"ReadAction","target":["https:\/\/ceric.ca\/fr\/projets\/concevoir-des-prestations-de-services-axees-sur-lutilisateur-proposition-dune-demarche-constructiviste\/"]}]},{"@type":"BreadcrumbList","@id":"https:\/\/ceric.ca\/fr\/projets\/concevoir-des-prestations-de-services-axees-sur-lutilisateur-proposition-dune-demarche-constructiviste\/#breadcrumb","itemListElement":[{"@type":"ListItem","position":1,"name":"Home","item":"https:\/\/ceric.ca\/fr\/ceric-homepage-2025\/"},{"@type":"ListItem","position":2,"name":"Projets","item":"https:\/\/ceric.ca\/fr\/projets\/"},{"@type":"ListItem","position":3,"name":"Concevoir des prestations de services ax\u00e9es sur l\u2019utilisateur : proposition d\u2019une d\u00e9marche constructiviste"}]},{"@type":"WebSite","@id":"https:\/\/ceric.ca\/#website","url":"https:\/\/ceric.ca\/","name":"CERIC","description":"","publisher":{"@id":"https:\/\/ceric.ca\/#organization"},"potentialAction":[{"@type":"SearchAction","target":{"@type":"EntryPoint","urlTemplate":"https:\/\/ceric.ca\/?s={search_term_string}"},"query-input":{"@type":"PropertyValueSpecification","valueRequired":true,"valueName":"search_term_string"}}],"inLanguage":"fr-FR"},{"@type":"Organization","@id":"https:\/\/ceric.ca\/#organization","name":"CERIC","url":"https:\/\/ceric.ca\/","logo":{"@type":"ImageObject","inLanguage":"fr-FR","@id":"https:\/\/ceric.ca\/#\/schema\/logo\/image\/","url":"","contentUrl":"","caption":"CERIC"},"image":{"@id":"https:\/\/ceric.ca\/#\/schema\/logo\/image\/"}}]}},"_links":{"self":[{"href":"https:\/\/ceric.ca\/fr\/wp-json\/wp\/v2\/pages\/45814","targetHints":{"allow":["GET"]}}],"collection":[{"href":"https:\/\/ceric.ca\/fr\/wp-json\/wp\/v2\/pages"}],"about":[{"href":"https:\/\/ceric.ca\/fr\/wp-json\/wp\/v2\/types\/page"}],"author":[{"embeddable":true,"href":"https:\/\/ceric.ca\/fr\/wp-json\/wp\/v2\/users\/1"}],"replies":[{"embeddable":true,"href":"https:\/\/ceric.ca\/fr\/wp-json\/wp\/v2\/comments?post=45814"}],"version-history":[{"count":0,"href":"https:\/\/ceric.ca\/fr\/wp-json\/wp\/v2\/pages\/45814\/revisions"}],"up":[{"embeddable":true,"href":"https:\/\/ceric.ca\/fr\/wp-json\/wp\/v2\/pages\/9559"}],"wp:attachment":[{"href":"https:\/\/ceric.ca\/fr\/wp-json\/wp\/v2\/media?parent=45814"}],"curies":[{"name":"wp","href":"https:\/\/api.w.org\/{rel}","templated":true}]}}