{"id":45823,"date":"2021-04-23T12:10:09","date_gmt":"2021-04-23T16:10:09","guid":{"rendered":"https:\/\/ceric.ca\/?page_id=45823"},"modified":"2021-06-30T14:52:58","modified_gmt":"2021-06-30T18:52:58","slug":"theories-et-modeles-orientes-sur-la-carriere-des-idees-pour-la-pratique","status":"publish","type":"page","link":"https:\/\/ceric.ca\/fr\/projets\/theories-et-modeles-orientes-sur-la-carriere-des-idees-pour-la-pratique\/","title":{"rendered":"Th\u00e9ories et mod\u00e8les orient\u00e9s sur la carri\u00e8re : des id\u00e9es pour la pratique"},"content":{"rendered":"<div class=\"wpb-content-wrapper\"><p>[vc_row][vc_column width=\u00a0\u00bb1\/2&Prime;][vc_single_image image=\u00a0\u00bb46360&Prime;][\/vc_column][vc_column width=\u00a0\u00bb1\/2&Prime;]<div class=\"wprt-list clearfix icon-left icon-middle\">\r\n\t\t<div style=\"padding:;margin-bottom:10px;background-color:#f8f8f8;\">\r\n\t\t\t<span style=\"padding-left:30px;\"><span class=\"icon \">\r\n\t\t\t<i class=\"typcn typcn-flag\" style=\"color:#898989;font-size:20px;\"><\/i>\r\n\t\t<\/span> <span style=\"font-weight:700;\">Langue : Fran\u00e7ais<\/span><\/span>\r\n\t\t<\/div>\r\n\t<\/div>[vc_message message_box_color=\u00a0\u00bbalert-success\u00a0\u00bb icon_type=\u00a0\u00bbentypo\u00a0\u00bb icon_entypo=\u00a0\u00bbentypo-icon entypo-icon-progress-3&Prime;]<strong>TERMINER<\/strong>[\/vc_message][\/vc_column][\/vc_row][vc_row][vc_column width=\u00a0\u00bb3\/4&Prime;]\r\n\t<div class=\"wprt-spacer clearfix\" data-desktop=\"80\" data-mobi=\"30\" data-smobi=\"30\"><\/div>[vc_column_text]<\/p>\n<div class=\"vc_row wpb_row vc_row-fluid\">\n<div class=\"wpb_column vc_column_container vc_col-sm-9\">\n<div class=\"vc_column-inner\">\n<div class=\"wpb_wrapper\">\n<div class=\"wpb_text_column wpb_content_element \">\n<div class=\"wpb_wrapper\">\n<p>&nbsp;<\/p>\n<p><strong>Ce projet consiste \u00e0 entreprendre une traduction en fran\u00e7ais de l\u2019ouvrage populaire anglais\u00a0<a href=\"https:\/\/ceric.ca\/publications\/career-theories-and-models-at-work-ideas-for-practice\/\"><em>Career Theories and Models at Work<\/em><\/a>, publi\u00e9 en 2019, avec des partenaires du projet, l\u2019Universit\u00e9 de Calgary (Nancy Arthur), Life Strategies (Roberta Neault) et l\u2019Universit\u00e9 de Queensland \u2013 Australie (Mary McMahon).<\/strong><\/p>\n<\/div>\n<\/div>\n<\/div>\n<\/div>\n<\/div>\n<\/div>\n<div class=\"vc_row wpb_row vc_row-fluid\">\n<div class=\"wpb_column vc_column_container vc_col-sm-12\">\n<div class=\"vc_column-inner\">\n<div class=\"wpb_wrapper\">\n<div class=\"wpb_text_column wpb_content_element \">\n<div class=\"wpb_wrapper\">\n<p>&nbsp;<\/p>\n<p>Une \u00e9quipe internationale de personnes professeures-chercheures et de doctorant.e.s travaillent \u00e0 un projet de traduction et de r\u00e9vision linguistique de l\u2019ouvrage, \u00ab en fran\u00e7ais \u00bb.\u00a0 L\u2019ensemble des 43 chapitres de l\u2019\u00e9dition originale seront traduits avec l\u2019ajout d\u2019une pr\u00e9face compl\u00e9mentaire rendant compte de distinctions conceptuelles et r\u00e9glementaires sur le plan des pratiques du counseling de carri\u00e8re dans la francophonie canadienne, europ\u00e9enne et d\u2019ailleurs dans le monde.<\/p>\n<p>Les personnes lectrices pourront donc d\u00e9couvrir une pluralit\u00e9 de th\u00e9ories et de mod\u00e8les reconnus et \u00e9mergents du counseling de carri\u00e8re. Proposant une perspective th\u00e9orique sp\u00e9cifique de la\u00a0conception\u00a0et de la pratique de l\u2019orientation, chaque chapitre inclut\u00a0la pr\u00e9sentation d\u2019une \u00e9tude de cas accompagn\u00e9e d\u2019une proposition d\u2019intervention adapt\u00e9e, et ce, dans le but d\u2019aider les \u00e9tudiant.e.s, les praticien.ne.s ou encore les personnes chercheuses travaillant en fran\u00e7ais \u00e0 mieux concevoir leur application concr\u00e8te en contexte de pratique.<\/p>\n<p>Louis Cournoyer (Universit\u00e9 du Qu\u00e9bec \u00e0 Montr\u00e9al) assure la coordination du projet de traduction et de r\u00e9vision francophone de l\u2019ouvrage, avec la collaboration de Patricia Dionne (Universit\u00e9 de Sherbrooke) et de Simon Viviers (Universit\u00e9 Laval). L\u2019\u00e9quipe d\u2019universitaire assurant la r\u00e9vision de la traduction fran\u00e7aise est compl\u00e9t\u00e9e par Sabruna Dorceus (Universit\u00e9 de Sherbrooke), \u00c9milie Gigu\u00e8re (Universit\u00e9 Laval), Liette Goyer (Universit\u00e9 Laval), Philippe Jacquin (Universit\u00e9 de Moncton), Lise Lachance (Universit\u00e9 du Qu\u00e9bec \u00e0 Montr\u00e9al), Jonas Masdonati (Universit\u00e9 de Lausanne), Sh\u00e9kina Rochat (University of British Columbia), J\u00e9r\u00f4me Rossier (Universit\u00e9 de Lausanne) et Michel Turcotte (Universit\u00e9 Laval).<\/p>\n<\/div>\n<\/div>\n<\/div>\n<\/div>\n<\/div>\n<\/div>\n<p>[\/vc_column_text][\/vc_column][vc_column width=\u00a0\u00bb1\/4&Prime;]\r\n\t<div class=\"wprt-spacer clearfix\" data-desktop=\"40\" data-mobi=\"30\" data-smobi=\"30\"><\/div>[vc_single_image image=\u00a0\u00bb48107&Prime; img_size=\u00a0\u00bblarge\u00a0\u00bb]\r\n\t<div class=\"wprt-spacer clearfix\" data-desktop=\"0\" data-mobi=\"0\" data-smobi=\"0\"><\/div>[vc_single_image image=\u00a0\u00bb48109&Prime; img_size=\u00a0\u00bblarge\u00a0\u00bb][\/vc_column][\/vc_row][vc_row][vc_column]\r\n\t<div class=\"wprt-spacer clearfix\" data-desktop=\"60\" data-mobi=\"30\" data-smobi=\"30\"><\/div>[vc_message message_box_style=\u00a0\u00bbsolid\u00a0\u00bb message_box_color=\u00a0\u00bborange\u00a0\u00bb]<\/p>\n<h4>L\u2019\u00e9dition fran\u00e7aise de Th\u00e9ories et mod\u00e8les orient\u00e9s sur la carri\u00e8re est maintenant offerte. <a href=\"https:\/\/ceric.ca\/fr\/publications\/theories-et-modeles-orientes-sur-la-carriere-des-idees-pour-la-pratique\/\">Commandez votre exemplaire!<\/a><\/h4>\n<p>[\/vc_message]\r\n\t<div class=\"wprt-spacer clearfix\" data-desktop=\"60\" data-mobi=\"30\" data-smobi=\"30\"><\/div>[\/vc_column][\/vc_row][vc_row][vc_column][vc_column_text]<strong>Le projet<\/strong><\/p>\n<p>\u00c0 quoi sert la th\u00e9orie? Qui en a besoin? Comment s\u2019applique-t-elle \u00e0 la pratique? Ce sont des questions que posent couramment des \u00e9tudiants et des professionnels du d\u00e9veloppement de carri\u00e8re. Pour servir efficacement leurs clients et le public, les conseillers d\u2019orientation doivent conna\u00eetre les plus r\u00e9cents mod\u00e8les et th\u00e9ories de leur domaine. Les conseillers d\u2019orientation qui exercent leur profession de fa\u00e7on \u00e9thique doivent tenir leurs connaissances th\u00e9oriques \u00e0 jour et savoir les appliquer concr\u00e8tement.<\/p>\n<p>Ce projet a pour objectif d\u2019\u00e9laborer un recueil facile \u00e0 consulter, regroupant les th\u00e9ories et les mod\u00e8les les plus r\u00e9cents et les plus prometteurs dans les domaines de l\u2019orientation professionnelle et de la gestion de carri\u00e8re. Ce recueil, qui s\u2019adresse aux professionnels d\u00e9butants ou chevronn\u00e9s, constitue une ressource pratique pour mettre en lien la th\u00e9orie et la pratique. Chaque chapitre pr\u00e9sente un aper\u00e7u d\u2019une th\u00e9orie ou d\u2019un mod\u00e8le, ainsi qu\u2019une \u00e9tude de cas, une analyse, des notes pratiques et des strat\u00e9gies.<\/p>\n<p>Le projet fera appel \u00e0 la contribution d\u2019auteurs du Canada et de plusieurs autres pays. Les principaux collaborateurs comprendront les auteurs des th\u00e9ories et mod\u00e8les pr\u00e9sent\u00e9s, ainsi que les personnes qui se sont inspir\u00e9es de leur travail pour guider la pratique du d\u00e9veloppement de carri\u00e8re.<\/p>\n<p>Les objectifs du projet sont les suivants\u00a0:<\/p>\n<ul>\n<li>Renseigner les conseillers d\u2019orientation sur les plus r\u00e9cents mod\u00e8les et th\u00e9ories dans les domaines du d\u00e9veloppement et de la gestion de carri\u00e8re;<\/li>\n<li>Soutenir les conseillers d\u2019orientation en facilitant l\u2019application des th\u00e9ories dans leur intervention aupr\u00e8s des clients;<\/li>\n<li>\u00c9largir les connaissances internationales des conseillers d\u2019orientation, en leur donnant acc\u00e8s \u00e0 une ressource contemporaine enrichie par les points de vue d\u2019auteurs provenant de divers pays.<\/li>\n<\/ul>\n<p>[\/vc_column_text][\/vc_column][\/vc_row][vc_row][vc_column]\r\n\t<div class=\"wprt-spacer clearfix\" data-desktop=\"40\" data-mobi=\"30\" data-smobi=\"30\"><\/div>[vc_column_text]D\u00e9tails de l\u2019ouvrage\u00a0:<\/p>\n<ul>\n<li>Comprend des chapitres sign\u00e9s par 60 des plus importants chercheurs et praticiens en d\u00e9veloppement de carri\u00e8re, \u00e9tablis sur quatre\u00a0continents et dans neuf\u00a0pays\u00a0: Australie, Canada, Angleterre, Finlande, Inde, Pays-Bas, Nouvelle-Z\u00e9lande, Afrique du Sud et \u00c9tats-Unis.<\/li>\n<li>Parmi les principaux collaborateurs se trouvent les chercheurs \u00e0 l\u2019origine des th\u00e9ories pr\u00e9sent\u00e9es dans l\u2019ouvrage, ainsi que des professionnels qui s\u2019en sont inspir\u00e9s de mani\u00e8re originale pour guider leur pratique du d\u00e9veloppement de carri\u00e8re.<\/li>\n<li>En plus d\u2019\u00eatre utile \u00e0 la fois aux nouveaux conseillers d\u2019orientation et aux conseillers d\u2019exp\u00e9rience, le recueil pourra servir d\u2019ouvrage de r\u00e9f\u00e9rence pour les cours universitaires de premier et de deuxi\u00e8me cycles en orientation de carri\u00e8re.<\/li>\n<\/ul>\n<p>La publication de la version francophone de l\u2019ouvrage est pr\u00e9vue pour le printemps 2021.<\/p>\n<p>Pour en savoir plus sur l\u2019acc\u00e8s ou le soutien \u00e0 cette publication, veuillez-nous contacter \u00e0\u00a0<a href=\"mailto:marketing@ceric.ca\">marketing@ceric.ca<\/a>.[\/vc_column_text][\/vc_column][\/vc_row][vc_row][vc_column]\r\n\t<div class=\"wprt-spacer clearfix\" data-desktop=\"30\" data-mobi=\"30\" data-smobi=\"30\"><\/div>\r\n\t<div class=\"wprt-spacer clearfix\" data-desktop=\"40\" data-mobi=\"30\" data-smobi=\"30\"><\/div>[vc_column_text]<b data-stringify-type=\"bold\">Champions des connaissances<\/b><\/p>\n<p>Les champions des connaissances consistent en un certain nombre d\u2019organismes qui soutiennent le d\u00e9veloppement et la distribution du guide. Nous souhaitons remercier tout particuli\u00e8rement les champions des connaissances suivants pour le r\u00f4le de leader qu\u2019ils ont assum\u00e9 :[\/vc_column_text]\r\n\t<div class=\"wprt-spacer clearfix\" data-desktop=\"40\" data-mobi=\"30\" data-smobi=\"30\"><\/div>[\/vc_column][\/vc_row][vc_row][vc_column width=\u00a0\u00bb1\/3&Prime;][vc_column_text]<a href=\"https:\/\/www.brissonlegris.com\/\" target=\"_blank\" rel=\"noopener\"><img fetchpriority=\"high\" decoding=\"async\" class=\"size-medium wp-image-46343 aligncenter\" src=\"https:\/\/ceric.ca\/wp-content\/uploads\/2021\/05\/2-300x250.png\" alt=\"\" width=\"300\" height=\"250\" srcset=\"https:\/\/ceric.ca\/wp-content\/uploads\/2021\/05\/2-300x250.png 300w, https:\/\/ceric.ca\/wp-content\/uploads\/2021\/05\/2-480x400.png 480w, https:\/\/ceric.ca\/wp-content\/uploads\/2021\/05\/2.png 600w\" sizes=\"(max-width:767px) 300px, 300px\" \/><\/a>[\/vc_column_text][\/vc_column][vc_column width=\u00a0\u00bb1\/3&Prime;][vc_column_text]<a href=\"https:\/\/axtra.ca\/\" target=\"_blank\" rel=\"noopener\"><img decoding=\"async\" class=\"size-medium wp-image-46345 aligncenter\" src=\"https:\/\/ceric.ca\/wp-content\/uploads\/2021\/05\/1-300x250.png\" alt=\"\" width=\"300\" height=\"250\" srcset=\"https:\/\/ceric.ca\/wp-content\/uploads\/2021\/05\/1-300x250.png 300w, https:\/\/ceric.ca\/wp-content\/uploads\/2021\/05\/1-480x400.png 480w, https:\/\/ceric.ca\/wp-content\/uploads\/2021\/05\/1.png 600w\" sizes=\"(max-width:767px) 300px, 300px\" \/><\/a>[\/vc_column_text][\/vc_column][vc_column width=\u00a0\u00bb1\/3&Prime;]\r\n\t<div class=\"wprt-spacer clearfix\" data-desktop=\"55\" data-mobi=\"0\" data-smobi=\"0\"><\/div>[vc_column_text]<a href=\"https:\/\/trima.ca\/accueil\/\" target=\"_blank\" rel=\"noopener\"><img decoding=\"async\" class=\"aligncenter wp-image-47370 size-full\" src=\"https:\/\/ceric.ca\/wp-content\/uploads\/2021\/06\/logo-TRIMA-hor-1.png\" alt=\"\" width=\"278\" height=\"87\" \/><\/a>[\/vc_column_text][\/vc_column][\/vc_row]<\/p>\n<\/div>","protected":false},"excerpt":{"rendered":"<p>[vc_row][vc_column width=\u00a0\u00bb1\/2&Prime;][vc_single_image image=\u00a0\u00bb46360&Prime;][\/vc_column][vc_column width=\u00a0\u00bb1\/2&Prime;][vc_message message_box_color=\u00a0\u00bbalert-success\u00a0\u00bb icon_type=\u00a0\u00bbentypo\u00a0\u00bb icon_entypo=\u00a0\u00bbentypo-icon entypo-icon-progress-3&Prime;]TERMINER[\/vc_message][\/vc_column][\/vc_row][vc_row][vc_column width=\u00a0\u00bb3\/4&Prime;][vc_column_text] &nbsp; Ce projet consiste \u00e0 entreprendre une traduction en fran\u00e7ais de l\u2019ouvrage populaire anglais\u00a0Career Theories and Models<span class=\"excerpt-hellip\"> [\u2026]<\/span><\/p>\n","protected":false},"author":1,"featured_media":0,"parent":9559,"menu_order":0,"comment_status":"closed","ping_status":"closed","template":"","meta":{"h5ap_radio_sources":[],"footnotes":""},"class_list":["post-45823","page","type-page","status-publish","hentry"],"yoast_head":"<!-- This site is optimized with the Yoast SEO Premium plugin v27.3 (Yoast SEO v27.3) - https:\/\/yoast.com\/product\/yoast-seo-premium-wordpress\/ -->\n<title>Th\u00e9ories et mod\u00e8les orient\u00e9s sur la carri\u00e8re : des id\u00e9es pour la pratique - CERIC<\/title>\n<meta name=\"robots\" content=\"index, follow, max-snippet:-1, max-image-preview:large, max-video-preview:-1\" \/>\n<link rel=\"canonical\" href=\"https:\/\/ceric.ca\/fr\/projets\/theories-et-modeles-orientes-sur-la-carriere-des-idees-pour-la-pratique\/\" \/>\n<meta property=\"og:locale\" content=\"fr_FR\" \/>\n<meta property=\"og:type\" content=\"article\" \/>\n<meta property=\"og:title\" content=\"Th\u00e9ories et mod\u00e8les orient\u00e9s sur la carri\u00e8re : des id\u00e9es pour la pratique\" \/>\n<meta property=\"og:description\" content=\"[vc_row][vc_column width=\u00a0\u00bb1\/2&Prime;][vc_single_image image=\u00a0\u00bb46360&Prime;][\/vc_column][vc_column width=\u00a0\u00bb1\/2&Prime;][vc_message message_box_color=\u00a0\u00bbalert-success\u00a0\u00bb icon_type=\u00a0\u00bbentypo\u00a0\u00bb icon_entypo=\u00a0\u00bbentypo-icon entypo-icon-progress-3&Prime;]TERMINER[\/vc_message][\/vc_column][\/vc_row][vc_row][vc_column width=\u00a0\u00bb3\/4&Prime;][vc_column_text] &nbsp; Ce projet consiste \u00e0 entreprendre une traduction en fran\u00e7ais de l\u2019ouvrage populaire anglais\u00a0Career Theories and Models [\u2026]\" \/>\n<meta property=\"og:url\" content=\"https:\/\/ceric.ca\/fr\/projets\/theories-et-modeles-orientes-sur-la-carriere-des-idees-pour-la-pratique\/\" \/>\n<meta property=\"og:site_name\" content=\"CERIC\" \/>\n<meta property=\"article:modified_time\" content=\"2021-06-30T18:52:58+00:00\" \/>\n<meta property=\"og:image\" content=\"https:\/\/ceric.ca\/wp-content\/uploads\/2021\/05\/Career-Theories-French-Cover-1.png\" \/>\n\t<meta property=\"og:image:width\" content=\"1506\" \/>\n\t<meta property=\"og:image:height\" content=\"2049\" \/>\n\t<meta property=\"og:image:type\" content=\"image\/png\" \/>\n<meta name=\"twitter:card\" content=\"summary_large_image\" \/>\n<meta name=\"twitter:label1\" content=\"Dur\u00e9e de lecture estim\u00e9e\" \/>\n\t<meta name=\"twitter:data1\" content=\"5 minutes\" \/>\n<script type=\"application\/ld+json\" class=\"yoast-schema-graph\">{\"@context\":\"https:\\\/\\\/schema.org\",\"@graph\":[{\"@type\":\"WebPage\",\"@id\":\"https:\\\/\\\/ceric.ca\\\/fr\\\/projets\\\/theories-et-modeles-orientes-sur-la-carriere-des-idees-pour-la-pratique\\\/\",\"url\":\"https:\\\/\\\/ceric.ca\\\/fr\\\/projets\\\/theories-et-modeles-orientes-sur-la-carriere-des-idees-pour-la-pratique\\\/\",\"name\":\"Th\u00e9ories et mod\u00e8les orient\u00e9s sur la carri\u00e8re : des id\u00e9es pour la pratique - CERIC\",\"isPartOf\":{\"@id\":\"https:\\\/\\\/ceric.ca\\\/#website\"},\"primaryImageOfPage\":{\"@id\":\"https:\\\/\\\/ceric.ca\\\/fr\\\/projets\\\/theories-et-modeles-orientes-sur-la-carriere-des-idees-pour-la-pratique\\\/#primaryimage\"},\"image\":{\"@id\":\"https:\\\/\\\/ceric.ca\\\/fr\\\/projets\\\/theories-et-modeles-orientes-sur-la-carriere-des-idees-pour-la-pratique\\\/#primaryimage\"},\"thumbnailUrl\":\"https:\\\/\\\/ceric.ca\\\/wp-content\\\/uploads\\\/2021\\\/05\\\/2-300x250.png\",\"datePublished\":\"2021-04-23T16:10:09+00:00\",\"dateModified\":\"2021-06-30T18:52:58+00:00\",\"breadcrumb\":{\"@id\":\"https:\\\/\\\/ceric.ca\\\/fr\\\/projets\\\/theories-et-modeles-orientes-sur-la-carriere-des-idees-pour-la-pratique\\\/#breadcrumb\"},\"inLanguage\":\"fr-FR\",\"potentialAction\":[{\"@type\":\"ReadAction\",\"target\":[\"https:\\\/\\\/ceric.ca\\\/fr\\\/projets\\\/theories-et-modeles-orientes-sur-la-carriere-des-idees-pour-la-pratique\\\/\"]}]},{\"@type\":\"ImageObject\",\"inLanguage\":\"fr-FR\",\"@id\":\"https:\\\/\\\/ceric.ca\\\/fr\\\/projets\\\/theories-et-modeles-orientes-sur-la-carriere-des-idees-pour-la-pratique\\\/#primaryimage\",\"url\":\"https:\\\/\\\/ceric.ca\\\/wp-content\\\/uploads\\\/2021\\\/05\\\/2-300x250.png\",\"contentUrl\":\"https:\\\/\\\/ceric.ca\\\/wp-content\\\/uploads\\\/2021\\\/05\\\/2-300x250.png\"},{\"@type\":\"BreadcrumbList\",\"@id\":\"https:\\\/\\\/ceric.ca\\\/fr\\\/projets\\\/theories-et-modeles-orientes-sur-la-carriere-des-idees-pour-la-pratique\\\/#breadcrumb\",\"itemListElement\":[{\"@type\":\"ListItem\",\"position\":1,\"name\":\"Home\",\"item\":\"https:\\\/\\\/ceric.ca\\\/fr\\\/ceric-homepage-2025\\\/\"},{\"@type\":\"ListItem\",\"position\":2,\"name\":\"Projets\",\"item\":\"https:\\\/\\\/ceric.ca\\\/fr\\\/projets\\\/\"},{\"@type\":\"ListItem\",\"position\":3,\"name\":\"Th\u00e9ories et mod\u00e8les orient\u00e9s sur la carri\u00e8re : des id\u00e9es pour la pratique\"}]},{\"@type\":\"WebSite\",\"@id\":\"https:\\\/\\\/ceric.ca\\\/#website\",\"url\":\"https:\\\/\\\/ceric.ca\\\/\",\"name\":\"CERIC\",\"description\":\"\",\"publisher\":{\"@id\":\"https:\\\/\\\/ceric.ca\\\/#organization\"},\"potentialAction\":[{\"@type\":\"SearchAction\",\"target\":{\"@type\":\"EntryPoint\",\"urlTemplate\":\"https:\\\/\\\/ceric.ca\\\/?s={search_term_string}\"},\"query-input\":{\"@type\":\"PropertyValueSpecification\",\"valueRequired\":true,\"valueName\":\"search_term_string\"}}],\"inLanguage\":\"fr-FR\"},{\"@type\":\"Organization\",\"@id\":\"https:\\\/\\\/ceric.ca\\\/#organization\",\"name\":\"CERIC\",\"url\":\"https:\\\/\\\/ceric.ca\\\/\",\"logo\":{\"@type\":\"ImageObject\",\"inLanguage\":\"fr-FR\",\"@id\":\"https:\\\/\\\/ceric.ca\\\/#\\\/schema\\\/logo\\\/image\\\/\",\"url\":\"\",\"contentUrl\":\"\",\"caption\":\"CERIC\"},\"image\":{\"@id\":\"https:\\\/\\\/ceric.ca\\\/#\\\/schema\\\/logo\\\/image\\\/\"}}]}<\/script>\n<!-- \/ Yoast SEO Premium plugin. -->","yoast_head_json":{"title":"Th\u00e9ories et mod\u00e8les orient\u00e9s sur la carri\u00e8re : des id\u00e9es pour la pratique - CERIC","robots":{"index":"index","follow":"follow","max-snippet":"max-snippet:-1","max-image-preview":"max-image-preview:large","max-video-preview":"max-video-preview:-1"},"canonical":"https:\/\/ceric.ca\/fr\/projets\/theories-et-modeles-orientes-sur-la-carriere-des-idees-pour-la-pratique\/","og_locale":"fr_FR","og_type":"article","og_title":"Th\u00e9ories et mod\u00e8les orient\u00e9s sur la carri\u00e8re : des id\u00e9es pour la pratique","og_description":"[vc_row][vc_column width=\u00a0\u00bb1\/2&Prime;][vc_single_image image=\u00a0\u00bb46360&Prime;][\/vc_column][vc_column width=\u00a0\u00bb1\/2&Prime;][vc_message message_box_color=\u00a0\u00bbalert-success\u00a0\u00bb icon_type=\u00a0\u00bbentypo\u00a0\u00bb icon_entypo=\u00a0\u00bbentypo-icon entypo-icon-progress-3&Prime;]TERMINER[\/vc_message][\/vc_column][\/vc_row][vc_row][vc_column width=\u00a0\u00bb3\/4&Prime;][vc_column_text] &nbsp; Ce projet consiste \u00e0 entreprendre une traduction en fran\u00e7ais de l\u2019ouvrage populaire anglais\u00a0Career Theories and Models [\u2026]","og_url":"https:\/\/ceric.ca\/fr\/projets\/theories-et-modeles-orientes-sur-la-carriere-des-idees-pour-la-pratique\/","og_site_name":"CERIC","article_modified_time":"2021-06-30T18:52:58+00:00","og_image":[{"width":1506,"height":2049,"url":"https:\/\/ceric.ca\/wp-content\/uploads\/2021\/05\/Career-Theories-French-Cover-1.png","type":"image\/png"}],"twitter_card":"summary_large_image","twitter_misc":{"Dur\u00e9e de lecture estim\u00e9e":"5 minutes"},"schema":{"@context":"https:\/\/schema.org","@graph":[{"@type":"WebPage","@id":"https:\/\/ceric.ca\/fr\/projets\/theories-et-modeles-orientes-sur-la-carriere-des-idees-pour-la-pratique\/","url":"https:\/\/ceric.ca\/fr\/projets\/theories-et-modeles-orientes-sur-la-carriere-des-idees-pour-la-pratique\/","name":"Th\u00e9ories et mod\u00e8les orient\u00e9s sur la carri\u00e8re : des id\u00e9es pour la pratique - CERIC","isPartOf":{"@id":"https:\/\/ceric.ca\/#website"},"primaryImageOfPage":{"@id":"https:\/\/ceric.ca\/fr\/projets\/theories-et-modeles-orientes-sur-la-carriere-des-idees-pour-la-pratique\/#primaryimage"},"image":{"@id":"https:\/\/ceric.ca\/fr\/projets\/theories-et-modeles-orientes-sur-la-carriere-des-idees-pour-la-pratique\/#primaryimage"},"thumbnailUrl":"https:\/\/ceric.ca\/wp-content\/uploads\/2021\/05\/2-300x250.png","datePublished":"2021-04-23T16:10:09+00:00","dateModified":"2021-06-30T18:52:58+00:00","breadcrumb":{"@id":"https:\/\/ceric.ca\/fr\/projets\/theories-et-modeles-orientes-sur-la-carriere-des-idees-pour-la-pratique\/#breadcrumb"},"inLanguage":"fr-FR","potentialAction":[{"@type":"ReadAction","target":["https:\/\/ceric.ca\/fr\/projets\/theories-et-modeles-orientes-sur-la-carriere-des-idees-pour-la-pratique\/"]}]},{"@type":"ImageObject","inLanguage":"fr-FR","@id":"https:\/\/ceric.ca\/fr\/projets\/theories-et-modeles-orientes-sur-la-carriere-des-idees-pour-la-pratique\/#primaryimage","url":"https:\/\/ceric.ca\/wp-content\/uploads\/2021\/05\/2-300x250.png","contentUrl":"https:\/\/ceric.ca\/wp-content\/uploads\/2021\/05\/2-300x250.png"},{"@type":"BreadcrumbList","@id":"https:\/\/ceric.ca\/fr\/projets\/theories-et-modeles-orientes-sur-la-carriere-des-idees-pour-la-pratique\/#breadcrumb","itemListElement":[{"@type":"ListItem","position":1,"name":"Home","item":"https:\/\/ceric.ca\/fr\/ceric-homepage-2025\/"},{"@type":"ListItem","position":2,"name":"Projets","item":"https:\/\/ceric.ca\/fr\/projets\/"},{"@type":"ListItem","position":3,"name":"Th\u00e9ories et mod\u00e8les orient\u00e9s sur la carri\u00e8re : des id\u00e9es pour la pratique"}]},{"@type":"WebSite","@id":"https:\/\/ceric.ca\/#website","url":"https:\/\/ceric.ca\/","name":"CERIC","description":"","publisher":{"@id":"https:\/\/ceric.ca\/#organization"},"potentialAction":[{"@type":"SearchAction","target":{"@type":"EntryPoint","urlTemplate":"https:\/\/ceric.ca\/?s={search_term_string}"},"query-input":{"@type":"PropertyValueSpecification","valueRequired":true,"valueName":"search_term_string"}}],"inLanguage":"fr-FR"},{"@type":"Organization","@id":"https:\/\/ceric.ca\/#organization","name":"CERIC","url":"https:\/\/ceric.ca\/","logo":{"@type":"ImageObject","inLanguage":"fr-FR","@id":"https:\/\/ceric.ca\/#\/schema\/logo\/image\/","url":"","contentUrl":"","caption":"CERIC"},"image":{"@id":"https:\/\/ceric.ca\/#\/schema\/logo\/image\/"}}]}},"_links":{"self":[{"href":"https:\/\/ceric.ca\/fr\/wp-json\/wp\/v2\/pages\/45823","targetHints":{"allow":["GET"]}}],"collection":[{"href":"https:\/\/ceric.ca\/fr\/wp-json\/wp\/v2\/pages"}],"about":[{"href":"https:\/\/ceric.ca\/fr\/wp-json\/wp\/v2\/types\/page"}],"author":[{"embeddable":true,"href":"https:\/\/ceric.ca\/fr\/wp-json\/wp\/v2\/users\/1"}],"replies":[{"embeddable":true,"href":"https:\/\/ceric.ca\/fr\/wp-json\/wp\/v2\/comments?post=45823"}],"version-history":[{"count":0,"href":"https:\/\/ceric.ca\/fr\/wp-json\/wp\/v2\/pages\/45823\/revisions"}],"up":[{"embeddable":true,"href":"https:\/\/ceric.ca\/fr\/wp-json\/wp\/v2\/pages\/9559"}],"wp:attachment":[{"href":"https:\/\/ceric.ca\/fr\/wp-json\/wp\/v2\/media?parent=45823"}],"curies":[{"name":"wp","href":"https:\/\/api.w.org\/{rel}","templated":true}]}}