{"id":45876,"date":"2021-04-26T17:25:41","date_gmt":"2021-04-26T21:25:41","guid":{"rendered":"https:\/\/ceric.ca\/?page_id=45876"},"modified":"2022-08-15T10:39:09","modified_gmt":"2022-08-15T14:39:09","slug":"le-role-de-leducation-au-choix-de-carriere-dans-le-choix-de-programme-des-etudiants-au-secondaire-et-leurs-resultats-postsecondaires","status":"publish","type":"page","link":"https:\/\/ceric.ca\/fr\/projets\/le-role-de-leducation-au-choix-de-carriere-dans-le-choix-de-programme-des-etudiants-au-secondaire-et-leurs-resultats-postsecondaires\/","title":{"rendered":"Le r\u00f4le de l\u2019\u00e9ducation au choix de carri\u00e8re dans le choix de programme des \u00e9tudiants au secondaire et leurs r\u00e9sultats postsecondaires"},"content":{"rendered":"<div class=\"wpb-content-wrapper\"><p>[vc_row][vc_column width=\u00a0\u00bb1\/2&Prime;][vc_single_image image=\u00a0\u00bb45851&Prime;][\/vc_column][vc_column width=\u00a0\u00bb1\/2&Prime;]<div class=\"wprt-list clearfix icon-left icon-middle\">\r\n\t\t<div style=\"padding:;margin-bottom:10px;background-color:#f8f8f8;\">\r\n\t\t\t<span style=\"padding-left:30px;\"><span class=\"icon \">\r\n\t\t\t<i class=\"typcn typcn-group\" style=\"color:#898989;font-size:20px;\"><\/i>\r\n\t\t<\/span> <span style=\"font-weight:700;\">Partenaire du projet : Soci\u00e9t\u00e9 de recherche sociale appliqu\u00e9e (SRSA)<\/span><\/span>\r\n\t\t<\/div>\r\n\t<\/div><div class=\"wprt-list clearfix icon-left icon-middle\">\r\n\t\t<div style=\"padding:;margin-bottom:10px;background-color:#f8f8f8;\">\r\n\t\t\t<span style=\"padding-left:30px;\"><span class=\"icon \">\r\n\t\t\t<i class=\"typcn typcn-flag\" style=\"color:#898989;font-size:20px;\"><\/i>\r\n\t\t<\/span> <span style=\"font-weight:700;\">Langue : Anglais<\/span><\/span>\r\n\t\t<\/div>\r\n\t<\/div>[vc_message message_box_color=\u00a0\u00bbalert-success\u00a0\u00bb icon_type=\u00a0\u00bbentypo\u00a0\u00bb icon_entypo=\u00a0\u00bbentypo-icon entypo-icon-progress-3&Prime;]<strong>TERMIN\u00c9<\/strong>[\/vc_message][\/vc_column][\/vc_row][vc_row][vc_column]\r\n\t<div class=\"wprt-spacer clearfix\" data-desktop=\"40\" data-mobi=\"30\" data-smobi=\"30\"><\/div>[vc_column_text]Ce projet vise \u00e0 trouver de meilleures fa\u00e7ons d\u2019accompagner les jeunes dans leurs choix de carri\u00e8re et \u00e0 promouvoir les politiques qui ont pour but de prolonger leur apprentissage dans des programmes postsecondaires qui leur conviennent. La Soci\u00e9t\u00e9 de recherche sociale appliqu\u00e9e (SRSA) utilisera deux importantes sources de donn\u00e9es longitudinales pour v\u00e9rifier l\u2019effet de certaines interventions exp\u00e9rimentales en d\u00e9veloppement de carri\u00e8re en mettant en relation les dossiers scolaires et des sondages men\u00e9s aupr\u00e8s de jeunes et de leurs parents. Les donn\u00e9es fournissent des renseignements sur 7\u00a0000\u00a0jeunes Canadiens de trois provinces, dont leurs aspirations professionnelles en tant qu\u2019\u00e9tudiants au secondaire \u00e0 l\u2019\u00e2ge de 14\u00a0ans, leurs \u00e9tudes postsecondaires et leurs revenus sur 10\u00a0ans.<\/p>\n<p>Le projet comprend la mise en relation des aspirations professionnelles des \u00e9tudiants et leurs choix de cours et de programmes, ainsi que l\u2019\u00e9tude des cons\u00e9quences du choix de quitter l\u2019\u00e9cole secondaire. Outre cette m\u00e9thodologie exp\u00e9rimentale, les chercheurs de la SRSA feront appel \u00e0 des m\u00e9thodes non exp\u00e9rimentales pour analyser les facteurs qui, au cours de cette p\u00e9riode cruciale, ont provoqu\u00e9 des changements dans les choix de carri\u00e8re et modifi\u00e9 le cheminement professionnel. Nous examinerons le r\u00f4le m\u00e9diateur de certains facteurs d\u2019influence \u2013 comme le niveau d\u2019engagement des parents et la fr\u00e9quence des conseils donn\u00e9s par les conseillers scolaires, les professeurs et autres intervenants (tels que mentionn\u00e9s par les jeunes de 12<sup>e<\/sup>\u00a0ann\u00e9e) \u2013 dans la relation entre les aspirations, les diff\u00e9rentes sources de conseils et la trajectoire professionnelle.<\/p>\n<p>L\u2019\u00e9tude enrichira consid\u00e9rablement les connaissances sur (a) la fa\u00e7on et le moment d\u2019intervenir pour aider les jeunes dans leur choix de carri\u00e8re, et (b) les personnes dont le soutien est efficace, mais actuellement d\u00e9ficient. Le but est d\u2019aider la profession de conseiller en orientation professionnelle \u00e0 r\u00e9pondre avec autorit\u00e9 aux questions politiques de plus en plus urgentes en mati\u00e8re de planification optimale de l\u2019\u00e9ducation au choix de carri\u00e8re offerte aux jeunes. Les effets positifs et n\u00e9gatifs des interventions et les r\u00e9sultats des avis des m\u00e9diateurs (parents, professeurs, conseillers, pairs) serviront \u00e0 \u00e9laborer des pratiques exemplaires et des outils visant \u00e0 soutenir le travail des conseillers et \u00e0 guider les \u00e9tudiants dans la planification de leur carri\u00e8re du d\u00e9but \u00e0 la fin de leurs \u00e9tudes secondaires.[\/vc_column_text][\/vc_column][\/vc_row][vc_row][vc_column]\r\n\t<div class=\"wprt-spacer clearfix\" data-desktop=\"40\" data-mobi=\"30\" data-smobi=\"30\"><\/div>[vc_separator color=\u00a0\u00bbcustom\u00a0\u00bb style=\u00a0\u00bbdashed\u00a0\u00bb border_width=\u00a0\u00bb2&Prime; accent_color=\u00a0\u00bb#cccccc\u00a0\u00bb]\r\n\t<div class=\"wprt-spacer clearfix\" data-desktop=\"40\" data-mobi=\"30\" data-smobi=\"30\"><\/div>[\/vc_column][\/vc_row][vc_row][vc_column width=\u00a0\u00bb1\/5&Prime;][vc_single_image image=\u00a0\u00bb45855&Prime; img_size=\u00a0\u00bbmedium\u00a0\u00bb][\/vc_column][vc_column width=\u00a0\u00bb4\/5&Prime;][vc_column_text][wpfd_file_shortcode wpfd_file_random=\u00a0\u00bb0.7121346757528872&Prime; wpfd_file_related_category_id=\u00a0\u00bb882&Prime; wpfd_file_id=\u00a0\u00bb43252&Prime; wpfd_file_title=\u00a0\u00bbThe role of career education on students&rsquo; education choices and post-secondary outcomes: Final research report\u00a0\u00bb]<\/p>\n<div class=\"selected-file-control-section\"><span style=\"font-weight: bold;\">File Title: <\/span>The role of career education on students&rsquo; education choices and post-secondary outcomes: Final research report<\/div>\n<p>[\/wpfd_file_shortcode][\/vc_column_text][\/vc_column][\/vc_row][vc_row][vc_column]\r\n\t<div class=\"wprt-spacer clearfix\" data-desktop=\"40\" data-mobi=\"30\" data-smobi=\"30\"><\/div>[vc_separator color=\u00a0\u00bbcustom\u00a0\u00bb style=\u00a0\u00bbdashed\u00a0\u00bb border_width=\u00a0\u00bb2&Prime; accent_color=\u00a0\u00bb#cccccc\u00a0\u00bb]\r\n\t<div class=\"wprt-spacer clearfix\" data-desktop=\"40\" data-mobi=\"30\" data-smobi=\"30\"><\/div>[\/vc_column][\/vc_row][vc_row][vc_column width=\u00a0\u00bb1\/5&Prime;][vc_single_image image=\u00a0\u00bb45858&Prime; img_size=\u00a0\u00bbmedium\u00a0\u00bb][\/vc_column][vc_column width=\u00a0\u00bb4\/5&Prime;][vc_column_text][wpfd_file_shortcode wpfd_file_random=\u00a0\u00bb0.4527546033259182&Prime; wpfd_file_related_category_id=\u00a0\u00bb882&Prime; wpfd_file_id=\u00a0\u00bb38651&Prime; wpfd_file_title=\u00a0\u00bbThe role of career education on students\u2019 education choices and postsecondary outcomes: Theoretical and evidence base preparation\u00a0\u00bb]<\/p>\n<div class=\"selected-file-control-section\"><span style=\"font-weight: bold;\">File Title: <\/span>The role of career education on students\u2019 education choices and postsecondary outcomes: Theoretical and evidence base preparation<\/div>\n<p>[\/wpfd_file_shortcode][\/vc_column_text][\/vc_column][\/vc_row][vc_row][vc_column]\r\n\t<div class=\"wprt-spacer clearfix\" data-desktop=\"40\" data-mobi=\"30\" data-smobi=\"30\"><\/div>[vc_separator color=\u00a0\u00bbcustom\u00a0\u00bb style=\u00a0\u00bbdashed\u00a0\u00bb border_width=\u00a0\u00bb2&Prime; accent_color=\u00a0\u00bb#cccccc\u00a0\u00bb]\r\n\t<div class=\"wprt-spacer clearfix\" data-desktop=\"40\" data-mobi=\"30\" data-smobi=\"30\"><\/div>[\/vc_column][\/vc_row][vc_row][vc_column width=\u00a0\u00bb1\/5&Prime;][vc_single_image image=\u00a0\u00bb47417&Prime; img_size=\u00a0\u00bbmedium\u00a0\u00bb onclick=\u00a0\u00bbcustom_link\u00a0\u00bb img_link_target=\u00a0\u00bb_blank\u00a0\u00bb link=\u00a0\u00bbhttps:\/\/ceric.ca\/wp-content\/uploads\/2021\/06\/SRDC-Report-1.pdf\u00a0\u00bb][\/vc_column][vc_column width=\u00a0\u00bb4\/5&Prime;][vc_column_text]<\/p>\n<h3><a href=\"https:\/\/ceric.ca\/wp-content\/uploads\/2021\/06\/SRDC-Report-1.pdf\" target=\"_blank\" rel=\"noopener\">Rapport final<\/a>\u00a0(en anglais) \u2013 Apprenez-en davantage sur l\u2019exp\u00e9rience de notre partenaire avec la mise en oeuvre de ce projet, ce qu\u2019ils ont appris et les principales conclusions du projet.<\/h3>\n<p>[\/vc_column_text][\/vc_column][\/vc_row][vc_row][vc_column]\r\n\t<div class=\"wprt-spacer clearfix\" data-desktop=\"40\" data-mobi=\"30\" data-smobi=\"30\"><\/div>[vc_column_text]Ce projet vise \u00e0 trouver de meilleures fa\u00e7ons d\u2019accompagner les jeunes dans leurs choix de carri\u00e8re et \u00e0 promouvoir les politiques qui ont pour but de prolonger leur apprentissage dans des programmes postsecondaires qui leur conviennent. La Soci\u00e9t\u00e9 de recherche sociale appliqu\u00e9e (SRSA) utilisera deux importantes sources de donn\u00e9es longitudinales pour v\u00e9rifier l\u2019effet de certaines interventions exp\u00e9rimentales en d\u00e9veloppement de carri\u00e8re en mettant en relation les dossiers scolaires et des sondages men\u00e9s aupr\u00e8s de jeunes et de leurs parents. Les donn\u00e9es fournissent des renseignements sur 7\u00a0000\u00a0jeunes Canadiens de trois provinces, dont leurs aspirations professionnelles en tant qu\u2019\u00e9tudiants au secondaire \u00e0 l\u2019\u00e2ge de 14\u00a0ans, leurs \u00e9tudes postsecondaires et leurs revenus sur 10\u00a0ans.<\/p>\n<p>Le projet comprend la mise en relation des aspirations professionnelles des \u00e9tudiants et leurs choix de cours et de programmes, ainsi que l\u2019\u00e9tude des cons\u00e9quences du choix de quitter l\u2019\u00e9cole secondaire. Outre cette m\u00e9thodologie exp\u00e9rimentale, les chercheurs de la SRSA feront appel \u00e0 des m\u00e9thodes non exp\u00e9rimentales pour analyser les facteurs qui, au cours de cette p\u00e9riode cruciale, ont provoqu\u00e9 des changements dans les choix de carri\u00e8re et modifi\u00e9 le cheminement professionnel. Nous examinerons le r\u00f4le m\u00e9diateur de certains facteurs d\u2019influence \u2013 comme le niveau d\u2019engagement des parents et la fr\u00e9quence des conseils donn\u00e9s par les conseillers scolaires, les professeurs et autres intervenants (tels que mentionn\u00e9s par les jeunes de 12<sup>e<\/sup>\u00a0ann\u00e9e) \u2013 dans la relation entre les aspirations, les diff\u00e9rentes sources de conseils et la trajectoire professionnelle.<\/p>\n<p>L\u2019\u00e9tude enrichira consid\u00e9rablement les connaissances sur (a) la fa\u00e7on et le moment d\u2019intervenir pour aider les jeunes dans leur choix de carri\u00e8re, et (b) les personnes dont le soutien est efficace, mais actuellement d\u00e9ficient. Le but est d\u2019aider la profession de conseiller en orientation professionnelle \u00e0 r\u00e9pondre avec autorit\u00e9 aux questions politiques de plus en plus urgentes en mati\u00e8re de planification optimale de l\u2019\u00e9ducation au choix de carri\u00e8re offerte aux jeunes. Les effets positifs et n\u00e9gatifs des interventions et les r\u00e9sultats des avis des m\u00e9diateurs (parents, professeurs, conseillers, pairs) serviront \u00e0 \u00e9laborer des pratiques exemplaires et des outils visant \u00e0 soutenir le travail des conseillers et \u00e0 guider les \u00e9tudiants dans la planification de leur carri\u00e8re du d\u00e9but \u00e0 la fin de leurs \u00e9tudes secondaires.[\/vc_column_text][\/vc_column][\/vc_row]<\/p>\n<\/div>","protected":false},"excerpt":{"rendered":"<p>[vc_row][vc_column width=\u00a0\u00bb1\/2&Prime;][vc_single_image image=\u00a0\u00bb45851&Prime;][\/vc_column][vc_column width=\u00a0\u00bb1\/2&Prime;][vc_message message_box_color=\u00a0\u00bbalert-success\u00a0\u00bb icon_type=\u00a0\u00bbentypo\u00a0\u00bb icon_entypo=\u00a0\u00bbentypo-icon entypo-icon-progress-3&Prime;]TERMIN\u00c9[\/vc_message][\/vc_column][\/vc_row][vc_row][vc_column][vc_column_text]Ce projet vise \u00e0 trouver de meilleures fa\u00e7ons d\u2019accompagner les jeunes dans leurs choix de carri\u00e8re et \u00e0 promouvoir<span class=\"excerpt-hellip\"> [\u2026]<\/span><\/p>\n","protected":false},"author":1,"featured_media":0,"parent":9559,"menu_order":0,"comment_status":"closed","ping_status":"closed","template":"","meta":{"h5ap_radio_sources":[],"footnotes":""},"class_list":["post-45876","page","type-page","status-publish","hentry"],"yoast_head":"<!-- This site is optimized with the Yoast SEO Premium plugin v27.3 (Yoast SEO v27.3) - https:\/\/yoast.com\/product\/yoast-seo-premium-wordpress\/ -->\n<title>Le r\u00f4le de l\u2019\u00e9ducation au choix de carri\u00e8re dans le choix de programme des \u00e9tudiants au secondaire et leurs r\u00e9sultats postsecondaires - CERIC<\/title>\n<meta name=\"robots\" content=\"index, follow, max-snippet:-1, max-image-preview:large, max-video-preview:-1\" \/>\n<link rel=\"canonical\" href=\"https:\/\/ceric.ca\/fr\/projets\/le-role-de-leducation-au-choix-de-carriere-dans-le-choix-de-programme-des-etudiants-au-secondaire-et-leurs-resultats-postsecondaires\/\" \/>\n<meta property=\"og:locale\" content=\"fr_FR\" \/>\n<meta property=\"og:type\" content=\"article\" \/>\n<meta property=\"og:title\" content=\"Le r\u00f4le de l\u2019\u00e9ducation au choix de carri\u00e8re dans le choix de programme des \u00e9tudiants au secondaire et leurs r\u00e9sultats postsecondaires\" \/>\n<meta property=\"og:description\" content=\"[vc_row][vc_column width=\u00a0\u00bb1\/2&Prime;][vc_single_image image=\u00a0\u00bb45851&Prime;][\/vc_column][vc_column width=\u00a0\u00bb1\/2&Prime;][vc_message message_box_color=\u00a0\u00bbalert-success\u00a0\u00bb icon_type=\u00a0\u00bbentypo\u00a0\u00bb icon_entypo=\u00a0\u00bbentypo-icon entypo-icon-progress-3&Prime;]TERMIN\u00c9[\/vc_message][\/vc_column][\/vc_row][vc_row][vc_column][vc_column_text]Ce projet vise \u00e0 trouver de meilleures fa\u00e7ons d\u2019accompagner les jeunes dans leurs choix de carri\u00e8re et \u00e0 promouvoir [\u2026]\" \/>\n<meta property=\"og:url\" content=\"https:\/\/ceric.ca\/fr\/projets\/le-role-de-leducation-au-choix-de-carriere-dans-le-choix-de-programme-des-etudiants-au-secondaire-et-leurs-resultats-postsecondaires\/\" \/>\n<meta property=\"og:site_name\" content=\"CERIC\" \/>\n<meta property=\"article:modified_time\" content=\"2022-08-15T14:39:09+00:00\" \/>\n<meta name=\"twitter:card\" content=\"summary_large_image\" \/>\n<meta name=\"twitter:label1\" content=\"Dur\u00e9e de lecture estim\u00e9e\" \/>\n\t<meta name=\"twitter:data1\" content=\"5 minutes\" \/>\n<script type=\"application\/ld+json\" class=\"yoast-schema-graph\">{\"@context\":\"https:\\\/\\\/schema.org\",\"@graph\":[{\"@type\":\"WebPage\",\"@id\":\"https:\\\/\\\/ceric.ca\\\/fr\\\/projets\\\/le-role-de-leducation-au-choix-de-carriere-dans-le-choix-de-programme-des-etudiants-au-secondaire-et-leurs-resultats-postsecondaires\\\/\",\"url\":\"https:\\\/\\\/ceric.ca\\\/fr\\\/projets\\\/le-role-de-leducation-au-choix-de-carriere-dans-le-choix-de-programme-des-etudiants-au-secondaire-et-leurs-resultats-postsecondaires\\\/\",\"name\":\"Le r\u00f4le de l\u2019\u00e9ducation au choix de carri\u00e8re dans le choix de programme des \u00e9tudiants au secondaire et leurs r\u00e9sultats postsecondaires - CERIC\",\"isPartOf\":{\"@id\":\"https:\\\/\\\/ceric.ca\\\/#website\"},\"datePublished\":\"2021-04-26T21:25:41+00:00\",\"dateModified\":\"2022-08-15T14:39:09+00:00\",\"breadcrumb\":{\"@id\":\"https:\\\/\\\/ceric.ca\\\/fr\\\/projets\\\/le-role-de-leducation-au-choix-de-carriere-dans-le-choix-de-programme-des-etudiants-au-secondaire-et-leurs-resultats-postsecondaires\\\/#breadcrumb\"},\"inLanguage\":\"fr-FR\",\"potentialAction\":[{\"@type\":\"ReadAction\",\"target\":[\"https:\\\/\\\/ceric.ca\\\/fr\\\/projets\\\/le-role-de-leducation-au-choix-de-carriere-dans-le-choix-de-programme-des-etudiants-au-secondaire-et-leurs-resultats-postsecondaires\\\/\"]}]},{\"@type\":\"BreadcrumbList\",\"@id\":\"https:\\\/\\\/ceric.ca\\\/fr\\\/projets\\\/le-role-de-leducation-au-choix-de-carriere-dans-le-choix-de-programme-des-etudiants-au-secondaire-et-leurs-resultats-postsecondaires\\\/#breadcrumb\",\"itemListElement\":[{\"@type\":\"ListItem\",\"position\":1,\"name\":\"Home\",\"item\":\"https:\\\/\\\/ceric.ca\\\/fr\\\/ceric-homepage-2025\\\/\"},{\"@type\":\"ListItem\",\"position\":2,\"name\":\"Projets\",\"item\":\"https:\\\/\\\/ceric.ca\\\/fr\\\/projets\\\/\"},{\"@type\":\"ListItem\",\"position\":3,\"name\":\"Le r\u00f4le de l\u2019\u00e9ducation au choix de carri\u00e8re dans le choix de programme des \u00e9tudiants au secondaire et leurs r\u00e9sultats postsecondaires\"}]},{\"@type\":\"WebSite\",\"@id\":\"https:\\\/\\\/ceric.ca\\\/#website\",\"url\":\"https:\\\/\\\/ceric.ca\\\/\",\"name\":\"CERIC\",\"description\":\"\",\"publisher\":{\"@id\":\"https:\\\/\\\/ceric.ca\\\/#organization\"},\"potentialAction\":[{\"@type\":\"SearchAction\",\"target\":{\"@type\":\"EntryPoint\",\"urlTemplate\":\"https:\\\/\\\/ceric.ca\\\/?s={search_term_string}\"},\"query-input\":{\"@type\":\"PropertyValueSpecification\",\"valueRequired\":true,\"valueName\":\"search_term_string\"}}],\"inLanguage\":\"fr-FR\"},{\"@type\":\"Organization\",\"@id\":\"https:\\\/\\\/ceric.ca\\\/#organization\",\"name\":\"CERIC\",\"url\":\"https:\\\/\\\/ceric.ca\\\/\",\"logo\":{\"@type\":\"ImageObject\",\"inLanguage\":\"fr-FR\",\"@id\":\"https:\\\/\\\/ceric.ca\\\/#\\\/schema\\\/logo\\\/image\\\/\",\"url\":\"\",\"contentUrl\":\"\",\"caption\":\"CERIC\"},\"image\":{\"@id\":\"https:\\\/\\\/ceric.ca\\\/#\\\/schema\\\/logo\\\/image\\\/\"}}]}<\/script>\n<!-- \/ Yoast SEO Premium plugin. -->","yoast_head_json":{"title":"Le r\u00f4le de l\u2019\u00e9ducation au choix de carri\u00e8re dans le choix de programme des \u00e9tudiants au secondaire et leurs r\u00e9sultats postsecondaires - CERIC","robots":{"index":"index","follow":"follow","max-snippet":"max-snippet:-1","max-image-preview":"max-image-preview:large","max-video-preview":"max-video-preview:-1"},"canonical":"https:\/\/ceric.ca\/fr\/projets\/le-role-de-leducation-au-choix-de-carriere-dans-le-choix-de-programme-des-etudiants-au-secondaire-et-leurs-resultats-postsecondaires\/","og_locale":"fr_FR","og_type":"article","og_title":"Le r\u00f4le de l\u2019\u00e9ducation au choix de carri\u00e8re dans le choix de programme des \u00e9tudiants au secondaire et leurs r\u00e9sultats postsecondaires","og_description":"[vc_row][vc_column width=\u00a0\u00bb1\/2&Prime;][vc_single_image image=\u00a0\u00bb45851&Prime;][\/vc_column][vc_column width=\u00a0\u00bb1\/2&Prime;][vc_message message_box_color=\u00a0\u00bbalert-success\u00a0\u00bb icon_type=\u00a0\u00bbentypo\u00a0\u00bb icon_entypo=\u00a0\u00bbentypo-icon entypo-icon-progress-3&Prime;]TERMIN\u00c9[\/vc_message][\/vc_column][\/vc_row][vc_row][vc_column][vc_column_text]Ce projet vise \u00e0 trouver de meilleures fa\u00e7ons d\u2019accompagner les jeunes dans leurs choix de carri\u00e8re et \u00e0 promouvoir [\u2026]","og_url":"https:\/\/ceric.ca\/fr\/projets\/le-role-de-leducation-au-choix-de-carriere-dans-le-choix-de-programme-des-etudiants-au-secondaire-et-leurs-resultats-postsecondaires\/","og_site_name":"CERIC","article_modified_time":"2022-08-15T14:39:09+00:00","twitter_card":"summary_large_image","twitter_misc":{"Dur\u00e9e de lecture estim\u00e9e":"5 minutes"},"schema":{"@context":"https:\/\/schema.org","@graph":[{"@type":"WebPage","@id":"https:\/\/ceric.ca\/fr\/projets\/le-role-de-leducation-au-choix-de-carriere-dans-le-choix-de-programme-des-etudiants-au-secondaire-et-leurs-resultats-postsecondaires\/","url":"https:\/\/ceric.ca\/fr\/projets\/le-role-de-leducation-au-choix-de-carriere-dans-le-choix-de-programme-des-etudiants-au-secondaire-et-leurs-resultats-postsecondaires\/","name":"Le r\u00f4le de l\u2019\u00e9ducation au choix de carri\u00e8re dans le choix de programme des \u00e9tudiants au secondaire et leurs r\u00e9sultats postsecondaires - CERIC","isPartOf":{"@id":"https:\/\/ceric.ca\/#website"},"datePublished":"2021-04-26T21:25:41+00:00","dateModified":"2022-08-15T14:39:09+00:00","breadcrumb":{"@id":"https:\/\/ceric.ca\/fr\/projets\/le-role-de-leducation-au-choix-de-carriere-dans-le-choix-de-programme-des-etudiants-au-secondaire-et-leurs-resultats-postsecondaires\/#breadcrumb"},"inLanguage":"fr-FR","potentialAction":[{"@type":"ReadAction","target":["https:\/\/ceric.ca\/fr\/projets\/le-role-de-leducation-au-choix-de-carriere-dans-le-choix-de-programme-des-etudiants-au-secondaire-et-leurs-resultats-postsecondaires\/"]}]},{"@type":"BreadcrumbList","@id":"https:\/\/ceric.ca\/fr\/projets\/le-role-de-leducation-au-choix-de-carriere-dans-le-choix-de-programme-des-etudiants-au-secondaire-et-leurs-resultats-postsecondaires\/#breadcrumb","itemListElement":[{"@type":"ListItem","position":1,"name":"Home","item":"https:\/\/ceric.ca\/fr\/ceric-homepage-2025\/"},{"@type":"ListItem","position":2,"name":"Projets","item":"https:\/\/ceric.ca\/fr\/projets\/"},{"@type":"ListItem","position":3,"name":"Le r\u00f4le de l\u2019\u00e9ducation au choix de carri\u00e8re dans le choix de programme des \u00e9tudiants au secondaire et leurs r\u00e9sultats postsecondaires"}]},{"@type":"WebSite","@id":"https:\/\/ceric.ca\/#website","url":"https:\/\/ceric.ca\/","name":"CERIC","description":"","publisher":{"@id":"https:\/\/ceric.ca\/#organization"},"potentialAction":[{"@type":"SearchAction","target":{"@type":"EntryPoint","urlTemplate":"https:\/\/ceric.ca\/?s={search_term_string}"},"query-input":{"@type":"PropertyValueSpecification","valueRequired":true,"valueName":"search_term_string"}}],"inLanguage":"fr-FR"},{"@type":"Organization","@id":"https:\/\/ceric.ca\/#organization","name":"CERIC","url":"https:\/\/ceric.ca\/","logo":{"@type":"ImageObject","inLanguage":"fr-FR","@id":"https:\/\/ceric.ca\/#\/schema\/logo\/image\/","url":"","contentUrl":"","caption":"CERIC"},"image":{"@id":"https:\/\/ceric.ca\/#\/schema\/logo\/image\/"}}]}},"_links":{"self":[{"href":"https:\/\/ceric.ca\/fr\/wp-json\/wp\/v2\/pages\/45876","targetHints":{"allow":["GET"]}}],"collection":[{"href":"https:\/\/ceric.ca\/fr\/wp-json\/wp\/v2\/pages"}],"about":[{"href":"https:\/\/ceric.ca\/fr\/wp-json\/wp\/v2\/types\/page"}],"author":[{"embeddable":true,"href":"https:\/\/ceric.ca\/fr\/wp-json\/wp\/v2\/users\/1"}],"replies":[{"embeddable":true,"href":"https:\/\/ceric.ca\/fr\/wp-json\/wp\/v2\/comments?post=45876"}],"version-history":[{"count":0,"href":"https:\/\/ceric.ca\/fr\/wp-json\/wp\/v2\/pages\/45876\/revisions"}],"up":[{"embeddable":true,"href":"https:\/\/ceric.ca\/fr\/wp-json\/wp\/v2\/pages\/9559"}],"wp:attachment":[{"href":"https:\/\/ceric.ca\/fr\/wp-json\/wp\/v2\/media?parent=45876"}],"curies":[{"name":"wp","href":"https:\/\/api.w.org\/{rel}","templated":true}]}}