{"id":45939,"date":"2021-05-03T11:00:23","date_gmt":"2021-05-03T15:00:23","guid":{"rendered":"https:\/\/ceric.ca\/?page_id=45939"},"modified":"2022-08-15T10:42:16","modified_gmt":"2022-08-15T14:42:16","slug":"guide-fideliser-et-mobiliser-la-gestion-de-carriere-dans-les-organismes-a-but-non-lucratif-et-de-bienfaisance","status":"publish","type":"page","link":"https:\/\/ceric.ca\/fr\/projets\/guide-fideliser-et-mobiliser-la-gestion-de-carriere-dans-les-organismes-a-but-non-lucratif-et-de-bienfaisance\/","title":{"rendered":"Guide Fid\u00e9liser et mobiliser : la gestion de carri\u00e8re dans les organismes \u00e0 but non lucratif et de bienfaisance"},"content":{"rendered":"<div class=\"wpb-content-wrapper\"><p>[vc_row][vc_column width=\u00a0\u00bb1\/2&Prime;][vc_single_image image=\u00a0\u00bb46295&Prime;][\/vc_column][vc_column width=\u00a0\u00bb1\/2&Prime;]<div class=\"wprt-list clearfix icon-left icon-middle\">\r\n\t\t<div style=\"padding:;margin-bottom:10px;background-color:#f8f8f8;\">\r\n\t\t\t<span style=\"padding-left:30px;\"><span class=\"icon \">\r\n\t\t\t<i class=\"typcn typcn-group\" style=\"color:#898989;font-size:20px;\"><\/i>\r\n\t\t<\/span> <span style=\"font-weight:700;\">Partenaire du projet : Lisa Taylor (Challenge Factory)<\/span><\/span>\r\n\t\t<\/div>\r\n\t<\/div><div class=\"wprt-list clearfix icon-left icon-middle\">\r\n\t\t<div style=\"padding:;margin-bottom:10px;background-color:#f8f8f8;\">\r\n\t\t\t<span style=\"padding-left:30px;\"><span class=\"icon \">\r\n\t\t\t<i class=\"typcn typcn-flag\" style=\"color:#898989;font-size:20px;\"><\/i>\r\n\t\t<\/span> <span style=\"font-weight:700;\">Langues : Anglais et fran\u00e7ais<\/span><\/span>\r\n\t\t<\/div>\r\n\t<\/div>[vc_message message_box_color=\u00a0\u00bbalert-success\u00a0\u00bb icon_type=\u00a0\u00bbentypo\u00a0\u00bb icon_entypo=\u00a0\u00bbentypo-icon entypo-icon-progress-3&Prime;]<strong>TERMIN\u00c9 &#8211; 2018<\/strong>[\/vc_message][\/vc_column][\/vc_row][vc_row][vc_column]\r\n\t<div class=\"wprt-spacer clearfix\" data-desktop=\"40\" data-mobi=\"30\" data-smobi=\"30\"><\/div>[vc_column_text]Cet outil bilingue aidera le secteur canadien des organismes \u00e0 but non lucratif et des \u0153uvres de bienfaisance \u00e0 fid\u00e9liser ses employ\u00e9s et \u00e0 renforcer ses capacit\u00e9s gr\u00e2ce \u00e0 la gestion de carri\u00e8re. Il s\u2019agira d\u2019une adaptation du populaire guide publi\u00e9 en 2017\u00a0<em><a href=\"https:\/\/web.archive.org\/web\/20201101023651\/https:\/\/ceric.ca\/fr\/resource\/fideliser-et-mobiliser-la-gestion-de-carriere-dans-les-petites-entreprises\/\">Fid\u00e9liser et mobiliser\u00a0: la gestion de carri\u00e8re dans les petites entreprises<\/a><\/em>. Les OBNL, qui comptent en majorit\u00e9 moins de 500\u00a0employ\u00e9s, font face aux m\u00eames difficult\u00e9s que les petites entreprises au chapitre des ressources humaines (que l\u2019on pense aux possibilit\u00e9s d\u2019avancement limit\u00e9es), mais ont aussi des caract\u00e9ristiques propres (comme des parcours professionnels diff\u00e9renci\u00e9s selon le genre).<\/p>\n<p>Ce court guide s\u2019adressera aux directeurs g\u00e9n\u00e9raux et aux gestionnaires des ressources humaines d\u2019organismes \u00e0 but non lucratif et de bienfaisance, qui y trouveront un outil pratique de gestion de carri\u00e8re pour leurs employ\u00e9s. Selon\u00a0<a href=\"https:\/\/web.archive.org\/web\/20201101023651\/http:\/\/imaginecanada.ca\/fr\" target=\"_blank\" rel=\"noopener noreferrer\">Imagine Canada<\/a>, deux millions de Canadiens travaillent dans le secteur \u00e0 but non lucratif. La port\u00e9e du guide s\u2019\u00e9tend donc \u00e0 une proportion non n\u00e9gligeable de la population active au pays. La publication du guide original s\u2019\u00e9tait impos\u00e9e \u00e0 la suite d\u2019un\u00a0<a href=\"https:\/\/web.archive.org\/web\/20201101023651\/https:\/\/ceric.ca\/?page_id=8102\">sondage Environics du CERIC<\/a>, dans lequel 71\u00a0% des employeurs avaient affirm\u00e9 d\u00e9tenir des responsabilit\u00e9s en mati\u00e8re de d\u00e9veloppement de carri\u00e8re, alors que seulement 29\u00a0% avaient d\u00e9clar\u00e9 prendre des mesures en cons\u00e9quence.<\/p>\n<p>Le guide, qui est en cours de r\u00e9daction par Lisa Taylor, pr\u00e9sidente de\u00a0<a href=\"https:\/\/web.archive.org\/web\/20201101023651\/http:\/\/www.challengefactory.ca\/\" target=\"_blank\" rel=\"noopener noreferrer\">Challenge Factory<\/a>\u00a0et sp\u00e9cialiste de la gestion de carri\u00e8re, profite du soutien des champions des connaissances que sont\u00a0<a href=\"https:\/\/web.archive.org\/web\/20201101023651\/http:\/\/www.counselling.net\/jnew\/\" target=\"_blank\" rel=\"noopener noreferrer\">The Counselling Foundation of Canada<\/a>,\u00a0<a href=\"https:\/\/web.archive.org\/web\/20201101023651\/http:\/\/lawson.ca\/\" target=\"_blank\" rel=\"noopener noreferrer\">The Lawson Foundation<\/a>,\u00a0<a href=\"https:\/\/web.archive.org\/web\/20201101023651\/https:\/\/www.muttart.org\/\" target=\"_blank\" rel=\"noopener noreferrer\">The Muttart Foundation<\/a>,\u00a0<a href=\"https:\/\/web.archive.org\/web\/20201101023651\/http:\/\/www.imaginecanada.ca\/fr\" target=\"_blank\" rel=\"noopener noreferrer\">Imagine Canada<\/a>\u00a0et l\u2019<a href=\"https:\/\/web.archive.org\/web\/20201101023651\/http:\/\/theonn.ca\/\" target=\"_blank\" rel=\"noopener noreferrer\">Ontario Nonprofit Network<\/a>. Un comit\u00e9 consultatif participe au choix du contenu de la publication, qui pr\u00e9sentera les constatations tir\u00e9es d\u2019entrevues men\u00e9es aupr\u00e8s de directeurs et de gestionnaires d\u2019organismes \u00e0 but non lucratif au Canada.<\/p>\n<p>Dans ce guide\u00a0:<\/p>\n<ul>\n<li>R\u00e9sultats d\u2019\u00e9tudes et statistiques en mati\u00e8re de d\u00e9veloppement de carri\u00e8re (s\u2019appliquant aux organismes \u00e0 but non lucratif et de bienfaisance canadiens)<\/li>\n<li>Strat\u00e9gies pour offrir au personnel \u00e0 temps plein et \u00e0 temps partiel des possibilit\u00e9s d\u2019avancement, de perfectionnement et d\u2019\u00e9panouissement professionnel dans le secteur<\/li>\n<li>Plus de 40\u00a0astuces, activit\u00e9s et mesures \u00e0 faible co\u00fbt pouvant \u00eatre mises en pratique en aussi peu de temps que 10\u00a0minutes par jour<\/li>\n<li>Sections sp\u00e9ciales abordant des probl\u00e9matiques particuli\u00e8rement pertinentes pour les organismes \u00e0 but non lucratif, comme la pr\u00e9carit\u00e9 d\u2019emploi<\/li>\n<li>Format novateur de \u00ab\u00a0guide de voyage\u00a0\u00bb, feuilles de travail et r\u00e9f\u00e9rences suppl\u00e9mentaires<\/li>\n<\/ul>\n<p>Le guide pourra \u00eatre t\u00e9l\u00e9charg\u00e9 gratuitement et sera offert en version imprim\u00e9e (15,95 $) et \u00e9lectronique (6,50 $) sur Amazon.ca et Chapters.Indigo.ca. Pour toute commande par lot d\u2019au moins 10 exemplaires aupr\u00e8s du CERIC, vous obtiendrez un rabais de 30 %.[\/vc_column_text][\/vc_column][\/vc_row][vc_row][vc_column]\r\n\t<div class=\"wprt-spacer clearfix\" data-desktop=\"40\" data-mobi=\"30\" data-smobi=\"30\"><\/div>[vc_separator color=\u00a0\u00bbcustom\u00a0\u00bb style=\u00a0\u00bbdashed\u00a0\u00bb border_width=\u00a0\u00bb2&Prime; accent_color=\u00a0\u00bb#cccccc\u00a0\u00bb]\r\n\t<div class=\"wprt-spacer clearfix\" data-desktop=\"40\" data-mobi=\"30\" data-smobi=\"30\"><\/div>[\/vc_column][\/vc_row][vc_row][vc_column width=\u00a0\u00bb1\/5&Prime;][vc_single_image image=\u00a0\u00bb45536&Prime; img_size=\u00a0\u00bbmedium\u00a0\u00bb][\/vc_column][vc_column width=\u00a0\u00bb4\/5&Prime;][vc_column_text]<\/p>\n<h3 class=\"selected-file-control-section\">Fid\u00e9liser et mobiliser : la gestion de carri\u00e8re dans les organismes \u00e0 but non lucratif et de bienfaisance<\/h3>\n<p>[\/vc_column_text][vc_column_text]<div class='w3eden wpdm_package_shortcode'><div class=\"media well link-template-widget\">\n    <div class=\"media-body\">\n        <a href=\"https:\/\/ceric.ca\/fr\/wpdm-package\/fideliser-et-mobiliser-la-gestion-de-carriere-dans-les-organismes-a-but-non-lucratif-et-de-bienfaisance\/?wpdmdl=30655&refresh=6a0152a2185e71778471586\" style=\"display: block;clear: bottom;font-size: 11pt;font-weight: bold;\">Fid\u00e9liser et mobiliser : la gestion de carri\u00e8re dans les organismes \u00e0 but non lucratif et de bienfaisance<\/a>\n        <div style=\"font-size: 9pt;\">\n            <i class=\"fas fa-hdd color-green\"><\/i> 1.51 MB <i class=\"fa fa-copy ml-3\"><\/i>\n            1 file(s)\n        <\/div>\n    <\/div>\n<\/div>\n\n<\/div>[\/vc_column_text][\/vc_column][\/vc_row][vc_row][vc_column]\r\n\t<div class=\"wprt-spacer clearfix\" data-desktop=\"40\" data-mobi=\"30\" data-smobi=\"30\"><\/div>[vc_separator color=\u00a0\u00bbcustom\u00a0\u00bb style=\u00a0\u00bbdashed\u00a0\u00bb border_width=\u00a0\u00bb2&Prime; accent_color=\u00a0\u00bb#cccccc\u00a0\u00bb]\r\n\t<div class=\"wprt-spacer clearfix\" data-desktop=\"40\" data-mobi=\"30\" data-smobi=\"30\"><\/div>[\/vc_column][\/vc_row][vc_row][vc_column width=\u00a0\u00bb1\/5&Prime;][vc_single_image image=\u00a0\u00bb45436&Prime; img_size=\u00a0\u00bbmedium\u00a0\u00bb][\/vc_column][vc_column width=\u00a0\u00bb4\/5&Prime;][vc_column_text]<\/p>\n<h3 class=\"selected-file-control-section\">Retain and Gain: Career Management for Non-Profits and Charities Playbook<\/h3>\n<p>[\/vc_column_text][vc_column_text]<div class='w3eden wpdm_package_shortcode'><div class=\"media well link-template-widget\">\n    <div class=\"media-body\">\n        <a href=\"https:\/\/ceric.ca\/wpdm-package\/retain-and-gain-career-management-for-non-profits-and-charities-playbook\/?wpdmdl=30638&refresh=6a0152a2536f21778471586\" style=\"display: block;clear: bottom;font-size: 11pt;font-weight: bold;\">Retain and Gain: Career Management for Non-Profits and Charities Playbook<\/a>\n        <div style=\"font-size: 9pt;\">\n            <i class=\"fas fa-hdd color-green\"><\/i> 1.43 MB <i class=\"fa fa-copy ml-3\"><\/i>\n            1 file(s)\n        <\/div>\n    <\/div>\n<\/div>\n\n<\/div>[\/vc_column_text][\/vc_column][\/vc_row][vc_row][vc_column]\r\n\t<div class=\"wprt-spacer clearfix\" data-desktop=\"40\" data-mobi=\"30\" data-smobi=\"30\"><\/div>[vc_separator color=\u00a0\u00bbcustom\u00a0\u00bb style=\u00a0\u00bbdashed\u00a0\u00bb border_width=\u00a0\u00bb2&Prime; accent_color=\u00a0\u00bb#cccccc\u00a0\u00bb]\r\n\t<div class=\"wprt-spacer clearfix\" data-desktop=\"40\" data-mobi=\"30\" data-smobi=\"30\"><\/div>[\/vc_column][\/vc_row][vc_row][vc_column]\r\n\t<div class=\"wprt-spacer clearfix\" data-desktop=\"40\" data-mobi=\"30\" data-smobi=\"30\"><\/div>[vc_column_text]<\/p>\n<div class=\"wpb_text_column wpb_content_element \">\n<div class=\"wpb_wrapper\">\n<h3><strong>Champions des connaissances<\/strong><\/h3>\n<p>Les champions des connaissances consistent en un certain nombre d\u2019organismes qui soutiennent le d\u00e9veloppement et la distribution du guide.<\/p>\n<p>Nous souhaitons remercier tout particuli\u00e8rement les champions des connaissances suivants pour le r\u00f4le de leader qu\u2019ils ont assum\u00e9\u00a0:<\/p>\n<\/div>\n<\/div>\n<p>[\/vc_column_text][\/vc_column][\/vc_row][vc_row][vc_column width=\u00a0\u00bb1\/3&Prime;][vc_single_image image=\u00a0\u00bb45922&Prime; onclick=\u00a0\u00bbcustom_link\u00a0\u00bb link=\u00a0\u00bbhttps:\/\/counselling.foundation\/\u00a0\u00bb][\/vc_column][vc_column width=\u00a0\u00bb1\/3&Prime;][vc_single_image image=\u00a0\u00bb45924&Prime; onclick=\u00a0\u00bbcustom_link\u00a0\u00bb link=\u00a0\u00bbhttp:\/\/www.imaginecanada.ca\/\u00a0\u00bb][\/vc_column][vc_column width=\u00a0\u00bb1\/3&Prime;][vc_single_image image=\u00a0\u00bb45926&Prime; onclick=\u00a0\u00bbcustom_link\u00a0\u00bb link=\u00a0\u00bbhttps:\/\/lawson.ca\/\u00a0\u00bb][\/vc_column][\/vc_row][vc_row][vc_column width=\u00a0\u00bb1\/2&Prime;][vc_single_image image=\u00a0\u00bb45931&Prime; onclick=\u00a0\u00bbcustom_link\u00a0\u00bb link=\u00a0\u00bbhttps:\/\/www.muttart.org\/\u00a0\u00bb][\/vc_column][vc_column width=\u00a0\u00bb1\/2&Prime;][vc_single_image image=\u00a0\u00bb45933&Prime; onclick=\u00a0\u00bbcustom_link\u00a0\u00bb link=\u00a0\u00bbhttp:\/\/theonn.ca\/\u00a0\u00bb][\/vc_column][\/vc_row]<\/p>\n<\/div>","protected":false},"excerpt":{"rendered":"<p>[vc_row][vc_column width=\u00a0\u00bb1\/2&Prime;][vc_single_image image=\u00a0\u00bb46295&Prime;][\/vc_column][vc_column width=\u00a0\u00bb1\/2&Prime;][vc_message message_box_color=\u00a0\u00bbalert-success\u00a0\u00bb icon_type=\u00a0\u00bbentypo\u00a0\u00bb icon_entypo=\u00a0\u00bbentypo-icon entypo-icon-progress-3&Prime;]TERMIN\u00c9 &#8211; 2018[\/vc_message][\/vc_column][\/vc_row][vc_row][vc_column][vc_column_text]Cet outil bilingue aidera le secteur canadien des organismes \u00e0 but non lucratif et des \u0153uvres de<span class=\"excerpt-hellip\"> [\u2026]<\/span><\/p>\n","protected":false},"author":1,"featured_media":0,"parent":9559,"menu_order":0,"comment_status":"closed","ping_status":"closed","template":"","meta":{"h5ap_radio_sources":[],"footnotes":""},"class_list":["post-45939","page","type-page","status-publish","hentry"],"yoast_head":"<!-- This site is optimized with the Yoast SEO Premium plugin v27.5 (Yoast SEO v27.5) - https:\/\/yoast.com\/product\/yoast-seo-premium-wordpress\/ -->\n<title>Guide Fid\u00e9liser et mobiliser : la gestion de carri\u00e8re dans les organismes \u00e0 but non lucratif et de bienfaisance - CERIC<\/title>\n<meta name=\"robots\" content=\"index, follow, max-snippet:-1, max-image-preview:large, max-video-preview:-1\" \/>\n<link rel=\"canonical\" href=\"https:\/\/ceric.ca\/fr\/projets\/guide-fideliser-et-mobiliser-la-gestion-de-carriere-dans-les-organismes-a-but-non-lucratif-et-de-bienfaisance\/\" \/>\n<meta property=\"og:locale\" content=\"fr_FR\" \/>\n<meta property=\"og:type\" content=\"article\" \/>\n<meta property=\"og:title\" content=\"Guide Fid\u00e9liser et mobiliser : la gestion de carri\u00e8re dans les organismes \u00e0 but non lucratif et de bienfaisance\" \/>\n<meta property=\"og:description\" content=\"[vc_row][vc_column width=\u00a0\u00bb1\/2&Prime;][vc_single_image image=\u00a0\u00bb46295&Prime;][\/vc_column][vc_column width=\u00a0\u00bb1\/2&Prime;][vc_message message_box_color=\u00a0\u00bbalert-success\u00a0\u00bb icon_type=\u00a0\u00bbentypo\u00a0\u00bb icon_entypo=\u00a0\u00bbentypo-icon entypo-icon-progress-3&Prime;]TERMIN\u00c9 &#8211; 2018[\/vc_message][\/vc_column][\/vc_row][vc_row][vc_column][vc_column_text]Cet outil bilingue aidera le secteur canadien des organismes \u00e0 but non lucratif et des \u0153uvres de [\u2026]\" \/>\n<meta property=\"og:url\" content=\"https:\/\/ceric.ca\/fr\/projets\/guide-fideliser-et-mobiliser-la-gestion-de-carriere-dans-les-organismes-a-but-non-lucratif-et-de-bienfaisance\/\" \/>\n<meta property=\"og:site_name\" content=\"CERIC\" \/>\n<meta property=\"article:modified_time\" content=\"2022-08-15T14:42:16+00:00\" \/>\n<meta name=\"twitter:card\" content=\"summary_large_image\" \/>\n<meta name=\"twitter:label1\" content=\"Dur\u00e9e de lecture estim\u00e9e\" \/>\n\t<meta name=\"twitter:data1\" content=\"3 minutes\" \/>\n<script type=\"application\/ld+json\" class=\"yoast-schema-graph\">{\"@context\":\"https:\\\/\\\/schema.org\",\"@graph\":[{\"@type\":\"WebPage\",\"@id\":\"https:\\\/\\\/ceric.ca\\\/fr\\\/projets\\\/guide-fideliser-et-mobiliser-la-gestion-de-carriere-dans-les-organismes-a-but-non-lucratif-et-de-bienfaisance\\\/\",\"url\":\"https:\\\/\\\/ceric.ca\\\/fr\\\/projets\\\/guide-fideliser-et-mobiliser-la-gestion-de-carriere-dans-les-organismes-a-but-non-lucratif-et-de-bienfaisance\\\/\",\"name\":\"Guide Fid\u00e9liser et mobiliser : la gestion de carri\u00e8re dans les organismes \u00e0 but non lucratif et de bienfaisance - CERIC\",\"isPartOf\":{\"@id\":\"https:\\\/\\\/ceric.ca\\\/#website\"},\"datePublished\":\"2021-05-03T15:00:23+00:00\",\"dateModified\":\"2022-08-15T14:42:16+00:00\",\"breadcrumb\":{\"@id\":\"https:\\\/\\\/ceric.ca\\\/fr\\\/projets\\\/guide-fideliser-et-mobiliser-la-gestion-de-carriere-dans-les-organismes-a-but-non-lucratif-et-de-bienfaisance\\\/#breadcrumb\"},\"inLanguage\":\"fr-FR\",\"potentialAction\":[{\"@type\":\"ReadAction\",\"target\":[\"https:\\\/\\\/ceric.ca\\\/fr\\\/projets\\\/guide-fideliser-et-mobiliser-la-gestion-de-carriere-dans-les-organismes-a-but-non-lucratif-et-de-bienfaisance\\\/\"]}]},{\"@type\":\"BreadcrumbList\",\"@id\":\"https:\\\/\\\/ceric.ca\\\/fr\\\/projets\\\/guide-fideliser-et-mobiliser-la-gestion-de-carriere-dans-les-organismes-a-but-non-lucratif-et-de-bienfaisance\\\/#breadcrumb\",\"itemListElement\":[{\"@type\":\"ListItem\",\"position\":1,\"name\":\"Home\",\"item\":\"https:\\\/\\\/ceric.ca\\\/fr\\\/ceric-homepage-2025\\\/\"},{\"@type\":\"ListItem\",\"position\":2,\"name\":\"Projets\",\"item\":\"https:\\\/\\\/ceric.ca\\\/fr\\\/projets\\\/\"},{\"@type\":\"ListItem\",\"position\":3,\"name\":\"Guide Fid\u00e9liser et mobiliser : la gestion de carri\u00e8re dans les organismes \u00e0 but non lucratif et de bienfaisance\"}]},{\"@type\":\"WebSite\",\"@id\":\"https:\\\/\\\/ceric.ca\\\/#website\",\"url\":\"https:\\\/\\\/ceric.ca\\\/\",\"name\":\"CERIC\",\"description\":\"\",\"publisher\":{\"@id\":\"https:\\\/\\\/ceric.ca\\\/#organization\"},\"potentialAction\":[{\"@type\":\"SearchAction\",\"target\":{\"@type\":\"EntryPoint\",\"urlTemplate\":\"https:\\\/\\\/ceric.ca\\\/?s={search_term_string}\"},\"query-input\":{\"@type\":\"PropertyValueSpecification\",\"valueRequired\":true,\"valueName\":\"search_term_string\"}}],\"inLanguage\":\"fr-FR\"},{\"@type\":\"Organization\",\"@id\":\"https:\\\/\\\/ceric.ca\\\/#organization\",\"name\":\"CERIC\",\"url\":\"https:\\\/\\\/ceric.ca\\\/\",\"logo\":{\"@type\":\"ImageObject\",\"inLanguage\":\"fr-FR\",\"@id\":\"https:\\\/\\\/ceric.ca\\\/#\\\/schema\\\/logo\\\/image\\\/\",\"url\":\"\",\"contentUrl\":\"\",\"caption\":\"CERIC\"},\"image\":{\"@id\":\"https:\\\/\\\/ceric.ca\\\/#\\\/schema\\\/logo\\\/image\\\/\"}}]}<\/script>\n<!-- \/ Yoast SEO Premium plugin. -->","yoast_head_json":{"title":"Guide Fid\u00e9liser et mobiliser : la gestion de carri\u00e8re dans les organismes \u00e0 but non lucratif et de bienfaisance - CERIC","robots":{"index":"index","follow":"follow","max-snippet":"max-snippet:-1","max-image-preview":"max-image-preview:large","max-video-preview":"max-video-preview:-1"},"canonical":"https:\/\/ceric.ca\/fr\/projets\/guide-fideliser-et-mobiliser-la-gestion-de-carriere-dans-les-organismes-a-but-non-lucratif-et-de-bienfaisance\/","og_locale":"fr_FR","og_type":"article","og_title":"Guide Fid\u00e9liser et mobiliser : la gestion de carri\u00e8re dans les organismes \u00e0 but non lucratif et de bienfaisance","og_description":"[vc_row][vc_column width=\u00a0\u00bb1\/2&Prime;][vc_single_image image=\u00a0\u00bb46295&Prime;][\/vc_column][vc_column width=\u00a0\u00bb1\/2&Prime;][vc_message message_box_color=\u00a0\u00bbalert-success\u00a0\u00bb icon_type=\u00a0\u00bbentypo\u00a0\u00bb icon_entypo=\u00a0\u00bbentypo-icon entypo-icon-progress-3&Prime;]TERMIN\u00c9 &#8211; 2018[\/vc_message][\/vc_column][\/vc_row][vc_row][vc_column][vc_column_text]Cet outil bilingue aidera le secteur canadien des organismes \u00e0 but non lucratif et des \u0153uvres de [\u2026]","og_url":"https:\/\/ceric.ca\/fr\/projets\/guide-fideliser-et-mobiliser-la-gestion-de-carriere-dans-les-organismes-a-but-non-lucratif-et-de-bienfaisance\/","og_site_name":"CERIC","article_modified_time":"2022-08-15T14:42:16+00:00","twitter_card":"summary_large_image","twitter_misc":{"Dur\u00e9e de lecture estim\u00e9e":"3 minutes"},"schema":{"@context":"https:\/\/schema.org","@graph":[{"@type":"WebPage","@id":"https:\/\/ceric.ca\/fr\/projets\/guide-fideliser-et-mobiliser-la-gestion-de-carriere-dans-les-organismes-a-but-non-lucratif-et-de-bienfaisance\/","url":"https:\/\/ceric.ca\/fr\/projets\/guide-fideliser-et-mobiliser-la-gestion-de-carriere-dans-les-organismes-a-but-non-lucratif-et-de-bienfaisance\/","name":"Guide Fid\u00e9liser et mobiliser : la gestion de carri\u00e8re dans les organismes \u00e0 but non lucratif et de bienfaisance - CERIC","isPartOf":{"@id":"https:\/\/ceric.ca\/#website"},"datePublished":"2021-05-03T15:00:23+00:00","dateModified":"2022-08-15T14:42:16+00:00","breadcrumb":{"@id":"https:\/\/ceric.ca\/fr\/projets\/guide-fideliser-et-mobiliser-la-gestion-de-carriere-dans-les-organismes-a-but-non-lucratif-et-de-bienfaisance\/#breadcrumb"},"inLanguage":"fr-FR","potentialAction":[{"@type":"ReadAction","target":["https:\/\/ceric.ca\/fr\/projets\/guide-fideliser-et-mobiliser-la-gestion-de-carriere-dans-les-organismes-a-but-non-lucratif-et-de-bienfaisance\/"]}]},{"@type":"BreadcrumbList","@id":"https:\/\/ceric.ca\/fr\/projets\/guide-fideliser-et-mobiliser-la-gestion-de-carriere-dans-les-organismes-a-but-non-lucratif-et-de-bienfaisance\/#breadcrumb","itemListElement":[{"@type":"ListItem","position":1,"name":"Home","item":"https:\/\/ceric.ca\/fr\/ceric-homepage-2025\/"},{"@type":"ListItem","position":2,"name":"Projets","item":"https:\/\/ceric.ca\/fr\/projets\/"},{"@type":"ListItem","position":3,"name":"Guide Fid\u00e9liser et mobiliser : la gestion de carri\u00e8re dans les organismes \u00e0 but non lucratif et de bienfaisance"}]},{"@type":"WebSite","@id":"https:\/\/ceric.ca\/#website","url":"https:\/\/ceric.ca\/","name":"CERIC","description":"","publisher":{"@id":"https:\/\/ceric.ca\/#organization"},"potentialAction":[{"@type":"SearchAction","target":{"@type":"EntryPoint","urlTemplate":"https:\/\/ceric.ca\/?s={search_term_string}"},"query-input":{"@type":"PropertyValueSpecification","valueRequired":true,"valueName":"search_term_string"}}],"inLanguage":"fr-FR"},{"@type":"Organization","@id":"https:\/\/ceric.ca\/#organization","name":"CERIC","url":"https:\/\/ceric.ca\/","logo":{"@type":"ImageObject","inLanguage":"fr-FR","@id":"https:\/\/ceric.ca\/#\/schema\/logo\/image\/","url":"","contentUrl":"","caption":"CERIC"},"image":{"@id":"https:\/\/ceric.ca\/#\/schema\/logo\/image\/"}}]}},"_links":{"self":[{"href":"https:\/\/ceric.ca\/fr\/wp-json\/wp\/v2\/pages\/45939","targetHints":{"allow":["GET"]}}],"collection":[{"href":"https:\/\/ceric.ca\/fr\/wp-json\/wp\/v2\/pages"}],"about":[{"href":"https:\/\/ceric.ca\/fr\/wp-json\/wp\/v2\/types\/page"}],"author":[{"embeddable":true,"href":"https:\/\/ceric.ca\/fr\/wp-json\/wp\/v2\/users\/1"}],"replies":[{"embeddable":true,"href":"https:\/\/ceric.ca\/fr\/wp-json\/wp\/v2\/comments?post=45939"}],"version-history":[{"count":0,"href":"https:\/\/ceric.ca\/fr\/wp-json\/wp\/v2\/pages\/45939\/revisions"}],"up":[{"embeddable":true,"href":"https:\/\/ceric.ca\/fr\/wp-json\/wp\/v2\/pages\/9559"}],"wp:attachment":[{"href":"https:\/\/ceric.ca\/fr\/wp-json\/wp\/v2\/media?parent=45939"}],"curies":[{"name":"wp","href":"https:\/\/api.w.org\/{rel}","templated":true}]}}