{"id":46417,"date":"2021-05-03T15:26:17","date_gmt":"2021-05-03T19:26:17","guid":{"rendered":"https:\/\/ceric.ca\/?page_id=46417"},"modified":"2021-09-01T17:25:10","modified_gmt":"2021-09-01T21:25:10","slug":"reflexion-conceptuelle-pour-le-developpement-de-carriere-en-anglais","status":"publish","type":"page","link":"https:\/\/ceric.ca\/fr\/recherches-documentaires\/reflexion-conceptuelle-pour-le-developpement-de-carriere-en-anglais\/","title":{"rendered":"R\u00e9flexion conceptuelle pour le d\u00e9veloppement de carri\u00e8re (en anglais)"},"content":{"rendered":"<div class=\"wpb-content-wrapper\"><p>[vc_row][vc_column][vc_column_text]<span style=\"color: #808080;\"><em>Derni\u00e8re mise \u00e0 jour : Mai 2020<\/em><\/span>[\/vc_column_text]\r\n\t<div class=\"wprt-spacer clearfix\" data-desktop=\"40\" data-mobi=\"20\" data-smobi=\"20\"><\/div>[\/vc_column][\/vc_row][vc_row][vc_column][vc_column_text]<div class='w3eden wpdm_package_shortcode'><div class=\"media well link-template-widget\">\n    <div class=\"media-body\">\n        <a href=\"https:\/\/ceric.ca\/fr\/wpdm-package\/reflexion-conceptuelle-pour-le-developpement-de-carriere-en-anglais\/?wpdmdl=50074&refresh=69d95296c4ea21775850134\" style=\"display: block;clear: bottom;font-size: 11pt;font-weight: bold;\">R\u00e9flexion conceptuelle pour le d\u00e9veloppement de carri\u00e8re (en anglais)<\/a>\n        <div style=\"font-size: 9pt;\">\n            <i class=\"fas fa-hdd color-green\"><\/i> 184.17 KB <i class=\"fa fa-copy ml-3\"><\/i>\n            1 file(s)\n        <\/div>\n    <\/div>\n<\/div>\n\n<\/div>[\/vc_column_text][vc_column_text][\/vc_column_text][\/vc_column][\/vc_row][vc_row][vc_column][vc_column_text]AGSM, (2018). <a href=\"https:\/\/www.business.unsw.edu.au\/AGSM-Site\/The-Leader-Site\/Pages\/Design-thinking-could-upgrade-your-career-path--Here%E2%80%99s-how--.aspx\"><em>Design thinking could upgrade your career path. Here\u2019s how\u2026<\/em><\/a> UNSW Business School.<\/p>\n<p>Anderson, A. (2015). <a href=\"https:\/\/news.sap.com\/2015\/08\/shaped-career-leader-design-thinking\/\"><em>What Shaped My Career as a Leader in Design Thinking.<\/em><\/a> SAP.<\/p>\n<p>Brewer, A.M. (2020). <a href=\"https:\/\/www.amazon.ca\/Careers-Thinking-Strategising-Prototyping-Future-ebook\/dp\/B07XY3MZT1\"><em>Careers: Thinking, Strategizing and Prototyping.<\/em><\/a> Emerald.<\/p>\n<p>Brzezinski, G. (2019). <a href=\"https:\/\/www.nbcnews.com\/know-your-value\/feature\/design-thinking-can-help-you-forge-new-career-path-ncna964491\"><em>Design Thinking can help you forge a new career path.<\/em><\/a> Career Growth.<\/p>\n<p>Buchanan, J. (2017). <a href=\"https:\/\/blogs.lt.vt.edu\/joshbuchanandesign\/2017\/10\/20\/career-path-design-thinking\/\"><em>Carving Out a Career Path Using Design thinking<\/em><\/a>. JWB\/Design.<\/p>\n<p>Burgman, R. (2019). <a href=\"https:\/\/www.insidehighered.com\/advice\/2019\/03\/28\/how-effectively-apply-design-thinking-advance-your-career-opinion\"><em>Is Your Career a Wicked Problem<\/em><\/a>. Inside High Ed.<\/p>\n<p>Burnett, B. (2018). <a href=\"https:\/\/wiki.ubc.ca\/Documentation:Design_Your_Life_and_Career\/Framework\"><em>Documentation: Design Your Life and Career and Framework<\/em><\/a>. UBC.<\/p>\n<p>Clark, T. (2014). <a href=\"https:\/\/www.udemy.com\/course\/redesign-your-career\/\"><em>Redesign Your Career with a New Personal Business Model<\/em><\/a>. Udemy.<\/p>\n<p>Clark, S\/ (2020). <a href=\"https:\/\/www.cmswire.com\/digital-workplace\/what-design-thinking-can-bring-to-employee-experience-programs\/\"><em>What Design Thinking Can Bring to Employee Experience Programs<\/em><\/a><em>.<\/em> CMS WIRE.<\/p>\n<p>Davis-Laack, P. (2019). <a href=\"https:\/\/www.fastcompany.com\/40481175\/i-used-design-thinking-to-reinvent-my-career-heres-why-it-worked\">How I <em>used design Thinking to reinvent My Career \u2013 Here\u2019s Why It Worked.<\/em><\/a> Career Evolution.<\/p>\n<p>De Palma. (2016). <a href=\"http:\/\/cometaresearch.org\/educationvet\/__trashed\/\"><em>Mentoring and design thinking for entrepreneurship learning<\/em><\/a>. Cometare Research.<\/p>\n<p>Dowd-Higgins, C. (2019). <a href=\"https:\/\/carolinedowdhiggins.com\/reinvent-your-career-with-design-thinking\/\"><em>Reinvent Your Career with Design Thinking<\/em><\/a>. Carolyn Dowd-Higgins.<\/p>\n<p>Dunne, D. (2019). <a href=\"https:\/\/www.theglobeandmail.com\/business\/careers\/leadership\/article-think-twice-about-design-thinking\/\">Think twice about \u2018design thinking\u2019.<\/a> The Globe and Mail.<\/p>\n<p>Fan, D. (2019). <a href=\"https:\/\/www.chieflearningofficer.com\/2019\/12\/30\/embrace-design-thinking-to-advance-diversity-equity-and-inclusion\/\"><em>Embrace design thinking to advance diversity, equity and inclusion<\/em><\/a>. Talent Management.<\/p>\n<p>Firebrand Talent, (2017). <a href=\"https:\/\/firebrandtalent.com\/blog\/2017\/11\/design-thinking-career-success\/\"><em>How to Apply Design Thinking Principles for Your Career Success.<\/em><\/a> Firebrand Ideas Ignition Blog.<\/p>\n<p>Gale, A. (2019). <a href=\"https:\/\/www.managementtoday.co.uk\/design-thinking-transform-career\/your-career\/article\/1409325\"><em>Can design thinking transform your career.<\/em><\/a> Management Today.<\/p>\n<p>GlobalizeIt Staff. (2019). <a href=\"https:\/\/medium.com\/globalized-ltd\/career-development-creating-an-action-plan-with-design-thinking-b14aef49950b\"><em>Career Development: Creating an Action Plan with Design Thinking<\/em><\/a>. GlobalizeIt.<\/p>\n<p>Goodman, G. (2017). <a href=\"https:\/\/career.du.edu\/blog\/2017\/03\/23\/design-thinking-more-than-a-buzz-word\/\"><em>Design Thinking More Than a Buzz Word<\/em><\/a>. University of Denver.<\/p>\n<p>Hirsch, A.S. (2017). <a href=\"https:\/\/www.shrm.org\/resourcesandtools\/hr-topics\/organizational-and-employee-development\/pages\/use-design-thinking-to-better-your-career.aspx\"><em>Use Design Thinking to Better Your Career<\/em><\/a>. SHRM.<\/p>\n<p>Hunter Miller, B. (2017). <a href=\"https:\/\/medium.com\/@bhmiller0712\/what-is-design-thinking-and-what-are-the-5-stages-associated-with-it-d628152cf220\"><em>What is Design thinking? The 5 Phases Explained (Definition and Example).<\/em><\/a> Career Guide.<\/p>\n<p>Interaction Design Foundation. (2019). \u00a0<a href=\"https:\/\/www.interaction-design.org\/literature\/article\/the-design-career-map-learn-how-to-get-ahead-in-your-work\"><em>The Design Career Map \u2013 Learn How to Get Ahead in Your Work.<\/em><\/a> Interaction Design Org.<\/p>\n<p>Jongbloet, M. (2017). <a href=\"https:\/\/uxdesign.cc\/shaping-your-career-with-design-thinking-ffd263e22d14\"><em>Shaping your career with design thinking.<\/em><\/a> UX Collective.<\/p>\n<p>Lamia, E. (2017). <a href=\"https:\/\/www.idealist.org\/en\/careers\/career-move-design-thinking\"><em>Next Time You\u2019re Making a Career Move, Try Design Thinking<\/em><\/a>. Career Planning.<\/p>\n<p>Lauff, C. (2017). <a href=\"https:\/\/blog.usejournal.com\/applying-design-thinking-to-your-life-4ff87047b332\"><em>Applying Design Thinking to Your Life.<\/em><\/a> Noteworthy, The Journal Blog.<\/p>\n<p>Liedtka, J. (2018). <a href=\"https:\/\/hbr.org\/2018\/09\/why-design-thinking-works\"><em>Why Design Thinking Works.<\/em><\/a> University of Virginia Darden School of Business.<\/p>\n<p>Magidson, C. (2017). <a href=\"https:\/\/carey.jhu.edu\/carey-the-torch\/2017\/04\/design-thinking-in-career-and-life\/\"><em>Design Thinking in Career and Life.<\/em><\/a> John Hopkins. Career Business School.<\/p>\n<p>Marten, M.M. (2014). <a href=\"https:\/\/www.michelemmartin.com\/thebambooprojectblog\/2014\/07\/using-design-thinking-to-craft-your-career-an-introduction.html\"><em>Using Design Thinking to Craft Your Career: An Introduction<\/em><\/a> . The Bamboo Project.<\/p>\n<p>McDermott, B. (2020). <a href=\"https:\/\/www.renewhr.com\/design-thinking-process\/\"><em>Design Thinking Process<\/em><\/a>. Renew HR.<\/p>\n<p>Meier Mercer, O. (2019). <a href=\"https:\/\/mobilityexchange.mercer.com\/Insights\/article\/Applying-Design-Thinking-to-Talent-Mobility-Management-How-to-Get-Started\"><em>Applying design thinking to talent mobility management: how to get started.<\/em><\/a> Mobility Exchange.<\/p>\n<p>Misra, A. (2019). <a href=\"https:\/\/www.peoplemattersglobal.com\/article\/employee-engagement\/leveraging-design-thinking-for-enhancing-employee-engagement-15993\"><em>Leveraging design thinking for enhancing employee engagement<\/em><\/a>. People Matter.<\/p>\n<p>Most, C., Gordon, L. (2019). <a href=\"https:\/\/medium.com\/@c_the_most\/design-thinking-methods-for-career-planning-7af7e5b27cd1\"><em>Design Thinking Methods for Career Planning<\/em><\/a>. Medium.<\/p>\n<p>Prevette S. (2019). <a href=\"https:\/\/www.pinterest.ca\/pin\/189010515594171183\/\"><em>Career Development: Creating an Action Plan with Design Thinking.<\/em><\/a> Skillshare.<\/p>\n<p>Robson, P. (2018). <a href=\"https:\/\/www.cdaa.org.au\/blog\/design-thinking-and-careers\"><em>Design Thinking &amp; Careers<\/em><\/a>. CDAA.<\/p>\n<p>Saraf, D. (2017). <a href=\"https:\/\/www.linkedin.com\/pulse\/how-apply-design-thinking-career-management-dilip-saraf\"><em>How to Apply Design Thinking to Career Management<\/em><\/a>. LinkedIn.<\/p>\n<p>Stevens, E. (2019). <a href=\"http:\/\/www.verse-co.com\/journal\/2016\/11\/16\/design-process-a-comprehensive-beginners-guide-to-design-thinking\"><em>What is Design Thinking? A Comprehensive Beginner\u2019s Guide.<\/em><\/a> Career Foundry.<\/p>\n<p>Sweet, J. (2019). <a href=\"https:\/\/www.forbes.com\/sites\/forbescoachescouncil\/2017\/07\/14\/how-to-create-colossal-career-success-with-design-thinking\/#8b89f954c5d1\"><em>How to Create Colossal Career Success with Design Thinking<\/em><\/a>. Forbes Coaches Council.[\/vc_column_text][\/vc_column][\/vc_row]<\/p>\n<\/div>","protected":false},"excerpt":{"rendered":"<p>[vc_row][vc_column][vc_column_text]Derni\u00e8re mise \u00e0 jour : Mai 2020[\/vc_column_text][\/vc_column][\/vc_row][vc_row][vc_column][vc_column_text][\/vc_column_text][vc_column_text][\/vc_column_text][\/vc_column][\/vc_row][vc_row][vc_column][vc_column_text]AGSM, (2018). Design thinking could upgrade your career path. Here\u2019s how\u2026 UNSW Business School. Anderson, A. (2015). What Shaped My<span class=\"excerpt-hellip\"> [\u2026]<\/span><\/p>\n","protected":false},"author":1,"featured_media":0,"parent":46133,"menu_order":0,"comment_status":"closed","ping_status":"closed","template":"","meta":{"h5ap_radio_sources":[],"footnotes":""},"class_list":["post-46417","page","type-page","status-publish","hentry"],"yoast_head":"<!-- This site is optimized with the Yoast SEO Premium plugin v27.3 (Yoast SEO v27.3) - https:\/\/yoast.com\/product\/yoast-seo-premium-wordpress\/ -->\n<title>R\u00e9flexion conceptuelle pour le d\u00e9veloppement de carri\u00e8re (en anglais) - CERIC<\/title>\n<meta name=\"robots\" content=\"index, follow, max-snippet:-1, max-image-preview:large, max-video-preview:-1\" \/>\n<link rel=\"canonical\" href=\"https:\/\/ceric.ca\/fr\/recherches-documentaires\/reflexion-conceptuelle-pour-le-developpement-de-carriere-en-anglais\/\" \/>\n<meta property=\"og:locale\" content=\"fr_FR\" \/>\n<meta property=\"og:type\" content=\"article\" \/>\n<meta property=\"og:title\" content=\"R\u00e9flexion conceptuelle pour le d\u00e9veloppement de carri\u00e8re (en anglais)\" \/>\n<meta property=\"og:description\" content=\"[vc_row][vc_column][vc_column_text]Derni\u00e8re mise \u00e0 jour : Mai 2020[\/vc_column_text][\/vc_column][\/vc_row][vc_row][vc_column][vc_column_text][\/vc_column_text][vc_column_text][\/vc_column_text][\/vc_column][\/vc_row][vc_row][vc_column][vc_column_text]AGSM, (2018). Design thinking could upgrade your career path. Here\u2019s how\u2026 UNSW Business School. Anderson, A. (2015). What Shaped My [\u2026]\" \/>\n<meta property=\"og:url\" content=\"https:\/\/ceric.ca\/fr\/recherches-documentaires\/reflexion-conceptuelle-pour-le-developpement-de-carriere-en-anglais\/\" \/>\n<meta property=\"og:site_name\" content=\"CERIC\" \/>\n<meta property=\"article:modified_time\" content=\"2021-09-01T21:25:10+00:00\" \/>\n<meta name=\"twitter:card\" content=\"summary_large_image\" \/>\n<meta name=\"twitter:label1\" content=\"Dur\u00e9e de lecture estim\u00e9e\" \/>\n\t<meta name=\"twitter:data1\" content=\"3 minutes\" \/>\n<script type=\"application\/ld+json\" class=\"yoast-schema-graph\">{\"@context\":\"https:\\\/\\\/schema.org\",\"@graph\":[{\"@type\":\"WebPage\",\"@id\":\"https:\\\/\\\/ceric.ca\\\/fr\\\/recherches-documentaires\\\/reflexion-conceptuelle-pour-le-developpement-de-carriere-en-anglais\\\/\",\"url\":\"https:\\\/\\\/ceric.ca\\\/fr\\\/recherches-documentaires\\\/reflexion-conceptuelle-pour-le-developpement-de-carriere-en-anglais\\\/\",\"name\":\"R\u00e9flexion conceptuelle pour le d\u00e9veloppement de carri\u00e8re (en anglais) - CERIC\",\"isPartOf\":{\"@id\":\"https:\\\/\\\/ceric.ca\\\/#website\"},\"datePublished\":\"2021-05-03T19:26:17+00:00\",\"dateModified\":\"2021-09-01T21:25:10+00:00\",\"breadcrumb\":{\"@id\":\"https:\\\/\\\/ceric.ca\\\/fr\\\/recherches-documentaires\\\/reflexion-conceptuelle-pour-le-developpement-de-carriere-en-anglais\\\/#breadcrumb\"},\"inLanguage\":\"fr-FR\",\"potentialAction\":[{\"@type\":\"ReadAction\",\"target\":[\"https:\\\/\\\/ceric.ca\\\/fr\\\/recherches-documentaires\\\/reflexion-conceptuelle-pour-le-developpement-de-carriere-en-anglais\\\/\"]}]},{\"@type\":\"BreadcrumbList\",\"@id\":\"https:\\\/\\\/ceric.ca\\\/fr\\\/recherches-documentaires\\\/reflexion-conceptuelle-pour-le-developpement-de-carriere-en-anglais\\\/#breadcrumb\",\"itemListElement\":[{\"@type\":\"ListItem\",\"position\":1,\"name\":\"Home\",\"item\":\"https:\\\/\\\/ceric.ca\\\/fr\\\/ceric-homepage-2025\\\/\"},{\"@type\":\"ListItem\",\"position\":2,\"name\":\"Recherches documentaires\",\"item\":\"https:\\\/\\\/ceric.ca\\\/fr\\\/recherches-documentaires\\\/\"},{\"@type\":\"ListItem\",\"position\":3,\"name\":\"R\u00e9flexion conceptuelle pour le d\u00e9veloppement de carri\u00e8re (en anglais)\"}]},{\"@type\":\"WebSite\",\"@id\":\"https:\\\/\\\/ceric.ca\\\/#website\",\"url\":\"https:\\\/\\\/ceric.ca\\\/\",\"name\":\"CERIC\",\"description\":\"\",\"publisher\":{\"@id\":\"https:\\\/\\\/ceric.ca\\\/#organization\"},\"potentialAction\":[{\"@type\":\"SearchAction\",\"target\":{\"@type\":\"EntryPoint\",\"urlTemplate\":\"https:\\\/\\\/ceric.ca\\\/?s={search_term_string}\"},\"query-input\":{\"@type\":\"PropertyValueSpecification\",\"valueRequired\":true,\"valueName\":\"search_term_string\"}}],\"inLanguage\":\"fr-FR\"},{\"@type\":\"Organization\",\"@id\":\"https:\\\/\\\/ceric.ca\\\/#organization\",\"name\":\"CERIC\",\"url\":\"https:\\\/\\\/ceric.ca\\\/\",\"logo\":{\"@type\":\"ImageObject\",\"inLanguage\":\"fr-FR\",\"@id\":\"https:\\\/\\\/ceric.ca\\\/#\\\/schema\\\/logo\\\/image\\\/\",\"url\":\"\",\"contentUrl\":\"\",\"caption\":\"CERIC\"},\"image\":{\"@id\":\"https:\\\/\\\/ceric.ca\\\/#\\\/schema\\\/logo\\\/image\\\/\"}}]}<\/script>\n<!-- \/ Yoast SEO Premium plugin. -->","yoast_head_json":{"title":"R\u00e9flexion conceptuelle pour le d\u00e9veloppement de carri\u00e8re (en anglais) - CERIC","robots":{"index":"index","follow":"follow","max-snippet":"max-snippet:-1","max-image-preview":"max-image-preview:large","max-video-preview":"max-video-preview:-1"},"canonical":"https:\/\/ceric.ca\/fr\/recherches-documentaires\/reflexion-conceptuelle-pour-le-developpement-de-carriere-en-anglais\/","og_locale":"fr_FR","og_type":"article","og_title":"R\u00e9flexion conceptuelle pour le d\u00e9veloppement de carri\u00e8re (en anglais)","og_description":"[vc_row][vc_column][vc_column_text]Derni\u00e8re mise \u00e0 jour : Mai 2020[\/vc_column_text][\/vc_column][\/vc_row][vc_row][vc_column][vc_column_text][\/vc_column_text][vc_column_text][\/vc_column_text][\/vc_column][\/vc_row][vc_row][vc_column][vc_column_text]AGSM, (2018). Design thinking could upgrade your career path. Here\u2019s how\u2026 UNSW Business School. Anderson, A. (2015). What Shaped My [\u2026]","og_url":"https:\/\/ceric.ca\/fr\/recherches-documentaires\/reflexion-conceptuelle-pour-le-developpement-de-carriere-en-anglais\/","og_site_name":"CERIC","article_modified_time":"2021-09-01T21:25:10+00:00","twitter_card":"summary_large_image","twitter_misc":{"Dur\u00e9e de lecture estim\u00e9e":"3 minutes"},"schema":{"@context":"https:\/\/schema.org","@graph":[{"@type":"WebPage","@id":"https:\/\/ceric.ca\/fr\/recherches-documentaires\/reflexion-conceptuelle-pour-le-developpement-de-carriere-en-anglais\/","url":"https:\/\/ceric.ca\/fr\/recherches-documentaires\/reflexion-conceptuelle-pour-le-developpement-de-carriere-en-anglais\/","name":"R\u00e9flexion conceptuelle pour le d\u00e9veloppement de carri\u00e8re (en anglais) - CERIC","isPartOf":{"@id":"https:\/\/ceric.ca\/#website"},"datePublished":"2021-05-03T19:26:17+00:00","dateModified":"2021-09-01T21:25:10+00:00","breadcrumb":{"@id":"https:\/\/ceric.ca\/fr\/recherches-documentaires\/reflexion-conceptuelle-pour-le-developpement-de-carriere-en-anglais\/#breadcrumb"},"inLanguage":"fr-FR","potentialAction":[{"@type":"ReadAction","target":["https:\/\/ceric.ca\/fr\/recherches-documentaires\/reflexion-conceptuelle-pour-le-developpement-de-carriere-en-anglais\/"]}]},{"@type":"BreadcrumbList","@id":"https:\/\/ceric.ca\/fr\/recherches-documentaires\/reflexion-conceptuelle-pour-le-developpement-de-carriere-en-anglais\/#breadcrumb","itemListElement":[{"@type":"ListItem","position":1,"name":"Home","item":"https:\/\/ceric.ca\/fr\/ceric-homepage-2025\/"},{"@type":"ListItem","position":2,"name":"Recherches documentaires","item":"https:\/\/ceric.ca\/fr\/recherches-documentaires\/"},{"@type":"ListItem","position":3,"name":"R\u00e9flexion conceptuelle pour le d\u00e9veloppement de carri\u00e8re (en anglais)"}]},{"@type":"WebSite","@id":"https:\/\/ceric.ca\/#website","url":"https:\/\/ceric.ca\/","name":"CERIC","description":"","publisher":{"@id":"https:\/\/ceric.ca\/#organization"},"potentialAction":[{"@type":"SearchAction","target":{"@type":"EntryPoint","urlTemplate":"https:\/\/ceric.ca\/?s={search_term_string}"},"query-input":{"@type":"PropertyValueSpecification","valueRequired":true,"valueName":"search_term_string"}}],"inLanguage":"fr-FR"},{"@type":"Organization","@id":"https:\/\/ceric.ca\/#organization","name":"CERIC","url":"https:\/\/ceric.ca\/","logo":{"@type":"ImageObject","inLanguage":"fr-FR","@id":"https:\/\/ceric.ca\/#\/schema\/logo\/image\/","url":"","contentUrl":"","caption":"CERIC"},"image":{"@id":"https:\/\/ceric.ca\/#\/schema\/logo\/image\/"}}]}},"_links":{"self":[{"href":"https:\/\/ceric.ca\/fr\/wp-json\/wp\/v2\/pages\/46417","targetHints":{"allow":["GET"]}}],"collection":[{"href":"https:\/\/ceric.ca\/fr\/wp-json\/wp\/v2\/pages"}],"about":[{"href":"https:\/\/ceric.ca\/fr\/wp-json\/wp\/v2\/types\/page"}],"author":[{"embeddable":true,"href":"https:\/\/ceric.ca\/fr\/wp-json\/wp\/v2\/users\/1"}],"replies":[{"embeddable":true,"href":"https:\/\/ceric.ca\/fr\/wp-json\/wp\/v2\/comments?post=46417"}],"version-history":[{"count":0,"href":"https:\/\/ceric.ca\/fr\/wp-json\/wp\/v2\/pages\/46417\/revisions"}],"up":[{"embeddable":true,"href":"https:\/\/ceric.ca\/fr\/wp-json\/wp\/v2\/pages\/46133"}],"wp:attachment":[{"href":"https:\/\/ceric.ca\/fr\/wp-json\/wp\/v2\/media?parent=46417"}],"curies":[{"name":"wp","href":"https:\/\/api.w.org\/{rel}","templated":true}]}}