{"id":46444,"date":"2021-05-04T10:59:56","date_gmt":"2021-05-04T14:59:56","guid":{"rendered":"https:\/\/ceric.ca\/?page_id=46444"},"modified":"2021-09-01T17:30:26","modified_gmt":"2021-09-01T21:30:26","slug":"economie-numerique-et-le-developpement-de-carriere-en-anglais","status":"publish","type":"page","link":"https:\/\/ceric.ca\/fr\/recherches-documentaires\/economie-numerique-et-le-developpement-de-carriere-en-anglais\/","title":{"rendered":"\u00c9conomie num\u00e9rique et le d\u00e9veloppement de carri\u00e8re (en anglais)"},"content":{"rendered":"<div class=\"wpb-content-wrapper\"><p>[vc_row][vc_column][vc_column_text]<span style=\"color: #808080;\"><em>Derni\u00e8re mise \u00e0 jour : Juin 2018<\/em><\/span>[\/vc_column_text]\r\n\t<div class=\"wprt-spacer clearfix\" data-desktop=\"40\" data-mobi=\"20\" data-smobi=\"20\"><\/div>[\/vc_column][\/vc_row][vc_row][vc_column][vc_column_text]<div class='w3eden wpdm_package_shortcode'><div class=\"media well link-template-widget\">\n    <div class=\"media-body\">\n        <a href=\"https:\/\/ceric.ca\/fr\/wpdm-package\/economie-numerique-et-le-developpement-de-carriere-en-anglais\/?wpdmdl=50078&refresh=6a059d09738d21778752777\" style=\"display: block;clear: bottom;font-size: 11pt;font-weight: bold;\">\u00c9conomie num\u00e9rique et le d\u00e9veloppement de carri\u00e8re (en anglais)<\/a>\n        <div style=\"font-size: 9pt;\">\n            <i class=\"fas fa-hdd color-green\"><\/i> 563.68 KB <i class=\"fa fa-copy ml-3\"><\/i>\n            1 file(s)\n        <\/div>\n    <\/div>\n<\/div>\n\n<\/div>[\/vc_column_text][\/vc_column][\/vc_row][vc_row][vc_column][vc_column_text]Andersen, P., Vandehey, M. (2005). <a href=\"https:\/\/www.amazon.com\/Career-Counseling-Development-Global-Economy\/dp\/0840034598\">Career Counselling and Development in a Global Economy.<\/a> Houghton Mifflin Company.<\/p>\n<p>Anderson, L., and Wladawsky-Berger, I. (2016). <a href=\"https:\/\/hbr.org\/2016\/03\/the-4-things-it-takes-to-succeed-in-the-digital-economy\">The 4 Things It Takes to Succeed in the Digital Economy.<\/a> Harvard Business Review.<\/p>\n<p>Anderson, M. (2016). <a href=\"http:\/\/www.pewresearch.org\/fact-tank\/2016\/05\/19\/digital-economy-key-facts\/\">Americans and the new digital economy: 8 key findings<\/a>. Pew research Center.<\/p>\n<p>Arthur, W.B., (2003). <a href=\"http:\/\/tuvalu.santafe.edu\/~wbarthur\/Papers\/HowTechEvolvesNYAS.pdf\">Why Tech is Still the Future<\/a>. Fortune.<\/p>\n<p>Asliturk, E., Cameron, A., Faisal, S. (2016). <a href=\"https:\/\/www.ictc-ctic.ca\/wp-content\/uploads\/2016\/05\/Skills-in-the-Digital-Economy-Where-Canada-Stands-and-the-Way-Forward-.pdf\">Skills in the Digital Economy. Where Canada Stands and the Way Forward.<\/a> The Information and Communications Technology Council.<\/p>\n<p>Atkinson, R.D., &amp; McKay, A.S. (2007). <a href=\"http:\/\/www.itif.org\/files\/digital_prosperity.pdf\">Digital Prosperity. Understanding the Economic Benefits of the Information Technology Revolution<\/a>. ITIF<\/p>\n<p>Bartel, A.P., Ichniowski, C. and Shaw, K.L. (2005). <a href=\"http:\/\/www.nber.org\/papers\/w11773\">How Does Information Technology Really Affect Productivity?<\/a> National Bureau of Economic Research.<\/p>\n<p>Blake Johnson, N. (2018). <a href=\"https:\/\/www.govloop.com\/resources\/government-can-thrive-digital-economy\/\">How Government Can Thrive in the Digital Economy.<\/a> GovLoop.<\/p>\n<p>Bock, W., Vasishth, N., Wilms, M., and Mohan, M. (2015). <a href=\"https:\/\/www.bcg.com\/publications\/2015\/infrastructure-needs-of-the-digital-economy.aspx\">The Infrastructure Needs of the Digital Economy.<\/a> BCG.<\/p>\n<p>Bolen, A. (2018). <a href=\"https:\/\/www.sas.com\/en_us\/insights\/articles\/analytics\/the-analytics-economy-powers-the-digital-economy.html\">What\u2019s powering the digital economy? The analytics economy<\/a>. SAS<\/p>\n<p>Bolles, G. (2016). <a href=\"https:\/\/www.csc.gov.sg\/articles\/the-digital-work-economy-and-our-human-future\">The Digital Work Economy and Our Human Future.<\/a> Civil Service College.<\/p>\n<p>Brown, J.R. and Goolsbee, A. (2002). <a href=\"http:\/\/faculty.chicagobooth.edu\/austan.goolsbee\/research\/insure.pdf\">Does the Internet Make Markets More Competitive?<\/a> <em>Journal of Political Economy<\/em> 110.31<\/p>\n<p>Brynjolfsson, E., and <a href=\"http:\/\/ebusiness.mit.edu\/research\/Briefs\/VanAlstyne_Info_Productivity_Final_VI.pdf\">Van<\/a> Alstyne, M. (2005). <a href=\"http:\/\/www.academia.edu\/2662679\/Information_Worker_Productivity_Evidence_from_Worker_Output_Compensation_and_Email_Traffic_Data\">Information Worker Productivity: Evidence from Worker Output, Compensation, and E-mail Traffic Data.<\/a> Center for eBusiness: MIT Sloan School of Management.<\/p>\n<p>Brynjolfsson, E., Kahin, B. (Eds.). (2000). <a href=\"http:\/\/www.downloadbooks.live\/list\/2782110\/books-s1s11730331s-1ss2s35cd4df5s-2s\">Understanding the Digital Economy: Data, Tools, And Research.<\/a> DMCA.<\/p>\n<p>Burrow, S., Byhovskaya, A. (2016). <a href=\"https:\/\/www.justjobsnetwork.org\/assessing-the-social-dimension-of-the-digital-economy\/\">Assessing the Social Dimension of the Digital Economy.<\/a> JustJobs.<\/p>\n<p>Cadigan, S. (2017). <a href=\"https:\/\/www.forbes.com\/forbes\/welcome\/?toURL=https:\/\/www.forbes.com\/sites\/stevecadigan\/2017\/03\/21\/how-to-thrive-in-an-evolving-digital-landscape\/&amp;refURL=https:\/\/qc.search.yahoo.com\/&amp;referrer=https:\/\/qc.search.yahoo.com\/\">How to Future-Proof Your Career in a Digital Economy<\/a>. Forbes.<\/p>\n<p>Carlsson, B. (2004). <a href=\"https:\/\/www.researchgate.net\/publication\/4935583_The_Digital_Economy_What_is_new_and_what_is_not\">The Digital Economy: What is new and what is not?<\/a> <em>Structural Change and Economic Dynamics<\/em> 15(3): 245-264.<\/p>\n<p>Caruana, A. (2017). <a href=\"https:\/\/www.cso.com.au\/article\/620578\/cybersecurity-digital-economy\/\">Cybersecurity and the digital economy.<\/a> CSO.<\/p>\n<p>Chakravorti, B., Tunnard, C., and Shankar Chaturvedi, R. (2015). <a href=\"https:\/\/hbr.org\/2015\/02\/where-the-digital-economy-is-moving-the-fastest\">Where the Digital Economy is Moving the Fastest.<\/a> Harvard Business Review.<\/p>\n<p>Chambers, J., and Doerr, J. (2017). <a href=\"http:\/\/thehill.com\/blogs\/pundits-blog\/technology\/330694-job-creation-in-the-digital-economy-needs-a-jumpstart\">Job creation in the digital economy needs a jumpstart<\/a>. The Hill.<\/p>\n<p>Dahlman, C., Mealy, S., &amp; Wermelinger, M. (2016). <a href=\"https:\/\/www.oecd-ilibrary.org\/development\/harnessing-the-digital-economy-for-developing-countries_4adffb24-en\">Harnessing the digital economy for developing countries.<\/a> OECD Development Centre Working Papers.<\/p>\n<p>Daveri, F. (2003). <a href=\"http:\/\/www.academia.edu\/14526864\/Information_Technology_and_Productivity_Growth_Across_Countries_and_Sectors\">IT and Productivity Growth Across Countries and Sectors.<\/a> In <em>The Economy Handbook<\/em>. E. D. Jones. Academic Press.<\/p>\n<p>Dollar, B., Dacy, A., Hernandez, D. (2015). <a href=\"http:\/\/www.digitalistmag.com\/executive-research\/the-future-of-work-in-the-digital-economy\">The Future of Work in the Digital Economy<\/a>. Digitalist.<\/p>\n<p>Escribano, E. (2017). <a href=\"https:\/\/www.academia.edu\/36798975\/A_preliminary_assessment_of_the_EU_proposal_on_significant_digital_presence_a_brave_attempt_that_requires_and_deserves_further_analysis\">A preliminary assessment of the EU proposal on significant digital presence: a brave attempt that requires and deserves further analysis.<\/a> Tableau.<\/p>\n<p>Feretic, E. (2016). <a href=\"https:\/\/www.straitstimes.com\/singapore\/services-and-digital-economy\">What is Driving the Digital Economy.<\/a> Baseline.<\/p>\n<p>Goldfarb, A., Greenstein, S.M., and Tucker, C.E. (Eds.), (2015). <a href=\"http:\/\/www.nber.org\/chapters\/c12987\">Economic Analysis of the Digital Economy.<\/a> The University of Chicago Press.<\/p>\n<p>Gumah, M.E., and Jamaluddin, Z. (2016). <a href=\"http:\/\/www.kmice.cms.net.my\/ProcKMICe\/KMICe2006\/Pdf\/378.pdf\">What is the Digital Economy, and How to Measure it.<\/a> University Utara Malaysia.<\/p>\n<p>Hadziristic, T. (2017). <a href=\"http:\/\/brookfieldinstitute.ca\/research-analysis\/digital-literacy-literature-review-canada\/\">The State of Digital Literacy: A Literature Review.<\/a> Brookfield.<\/p>\n<p>Hakmeh, J. (2017). <a href=\"https:\/\/www.chathamhouse.org\/publication\/cybercrime-and-digital-economy-gcc-countries\">Cybercrime and the Digital Economy in the GCC Countries.<\/a> The Royal Institute of International Affairs.<\/p>\n<p>Heeks, R. (2017). <a href=\"http:\/\/hummedia.manchester.ac.uk\/institutes\/gdi\/publications\/workingpapers\/di\/di_wp70.pdf\">Digital Economy and Digital Labour Terminology: Making Sense of the \u201cGig Economy\u201d, \u201cOnline Labour\u201d, \u201cCrowd Work\u201d, \u201cMicrowork\u201d, \u201cPlatform Labour\u201d, Etc.<\/a> E.S.R.C.<\/p>\n<p>Higginbottom, K. (2015). <a href=\"https:\/\/www.forbes.com\/sites\/karenhigginbottom\/2015\/02\/17\/the-impact-of-a-digital-economy-on-leadership\/#78e27463f019\">The Impact of a Digital Economy on Leadership<\/a>. Forbes.<\/p>\n<p>Hill, S. (2016). <a href=\"http:\/\/www.steven-hill.com\/the-future-of-work-in-the-digital-economy-promise-and-peril\/\">The Future of Work in the Digital Economy: Promise and Peril.<\/a> Start-up Illusion.<\/p>\n<p>Hio, L. (2016). <a href=\"https:\/\/www.straitstimes.com\/singapore\/services-and-digital-economy\">Services and digital economy<\/a>. The Straits Times.<\/p>\n<p>Howe, J. (2006). <a href=\"https:\/\/www.wired.com\/2006\/06\/crowds\/\">The Rise of Crowdsourcing.<\/a> Wired Magazine 14.06.<\/p>\n<p>Information and Communications Technology Council, (2017). <a href=\"https:\/\/www.ictc-ctic.ca\/wp-content\/uploads\/2012\/06\/ICTC_BizAnalystWP_EN_04-12.pdf\">Business Analysts and the Digital Economy.<\/a> ICTC.<\/p>\n<p>Jallouli, R., Zaiane, O., Tobji, M.A.B., Nijholt, A. (Eds.). \u00a0(2017). <a href=\"http:\/\/link.lib.umanitoba.ca\/portal\/Digital-Economy.-Emerging-Technologies-and\/d-EiHqIv5RE\/\">Digital Economy: Emerging Technologies and Business Innovation.<\/a> Springer.<\/p>\n<p>Knickrehm, M. (2016). <a href=\"https:\/\/www.forbes.com\/sites\/valleyvoices\/2016\/01\/20\/three-reasons-youre-underestimating-the-impact-of-digital-on-business\/#7a3e549840de\">Three reasons You\u2019re Underestimating the Impact of Digital on Business.<\/a> Forbes.<\/p>\n<p>Lee, J. (2018). <a href=\"https:\/\/www.deseretnews.com\/article\/900020211\/creating-a-pathway-to-career-and-economic-prosperity.html\">Creating a pathway to career and economic prosperity.<\/a> Deseret News.<\/p>\n<p>Levitt, C. (2009). <a href=\"http:\/\/www.personalbrandingblog.com\/personal-branding-and-the-digital-economy\/\">Personal Branding and the Digital Economy.<\/a> Personal Branding Blog.<\/p>\n<p>McKinnon, M. (2016). <a href=\"https:\/\/canadiansinternet.com\/canadians-digital-economy\/\">Canadians and the Digital Economy. <\/a>Canadians Internet.<\/p>\n<p>Meister, J. (2017). <a href=\"https:\/\/www.forbes.com\/sites\/jeannemeister\/2017\/01\/05\/the-employee-experience-is-the-future-of-work-10-hr-trends-for-2017\/#f3356b20a6cb\">The Employee Experience is the Future of Work: 10 HR Trends for 2017.<\/a> Forbes.<\/p>\n<p>MicroStartups, (2016). <a href=\"https:\/\/www.microstartups.org\/digital-economy-changing-job-market\/\">How the Digital Economy is Changing Our Job Market.<\/a> MicroStartups.<\/p>\n<p>Muench, F. (2010). <a href=\"https:\/\/www.psychologytoday.com\/ca\/blog\/more-tech-support\/201004\/technology-and-mental-health-using-technology-improve-our-lives\">Technology and Mental Health: Using Technology to Improve Lives.<\/a> Psychology Today.<\/p>\n<p>Ng, I.C. (2013). <a href=\"https:\/\/link.springer.com\/article\/10.1057\/rpm.2013.27\">New Business and Economic Models in the Connected Digital Economy<\/a><em>. <\/em>Springer.<\/p>\n<p>O\u2019Halloran, D. (2016). <a href=\"https:\/\/www.weforum.org\/communities\/the-future-of-the-digital-economy-and-society\">The Future of Digital Economy and Society<\/a>. World Economic Forum.<\/p>\n<p>Oncioiu, I. (Ed.), (2018). <a href=\"https:\/\/www.igi-global.com\/journal\/international-journal-innovation-digital-economy\/1133\">International Journal of Innovation in the Digital Economy<\/a>. IJIDE.<\/p>\n<p>Ovadia, E. (2016). <a href=\"https:\/\/www1.nbnco.com.au\/blog\/career\/changing-your-career-trajectory-in-a-digital-economy.html\">Changing your career trajectory in a digital economy.<\/a> NBN<\/p>\n<p>Rohman, I.K. (2017). <a href=\"http:\/\/www.thejakartapost.com\/academia\/2017\/11\/03\/research-and-development-key-to-promoting-digital-economy.html\">Research and development key to promoting digital economy.<\/a> HeJakarta Post.<\/p>\n<p>Rosen, E., Simonson, I. (2014). <a href=\"https:\/\/www.gsb.stanford.edu\/insights\/how-digital-age-rewrites-rule-book-consumer-behavior\">How the Digital Age Rewrites the Rule Book on Consumer.<\/a> Stanford Business.<\/p>\n<p>Salman, A., Ibrahim, F., Hj.Abdullah, M.Y., Mustaffa, N., &amp; Mahbob, M.H. (2011). <a href=\"http:\/\/www.innovation.cc\/scholarly-style\/ali_samman_new%2Bmedia_impac116v3i7a.pdf\">The Impact of New Media on Traditional Mainstream Mass Media.<\/a> <em>The Innovation Journal: The Public Sector Innovation Journal,<\/em> Vol. 16(3), article 7.<\/p>\n<p>Schrage, M. (2016). <em>Rethinking the Value of Customers in a Digital Economy<\/em>. MITSLOAN, Management Review.<a href=\"https:\/\/sloanreview.mit.edu\/article\/rethinking-the-value-of-customers-in-a-digital-economy\/\">https:\/\/sloanreview.mit.edu\/article\/rethinking-the-value-of-customers-in-a-digital-economy\/<\/a><\/p>\n<p>Sharma, D., Cortes, F., Swabey, P. (2015). <a href=\"http:\/\/www.digitalistmag.com\/executive-research\/the-digital-economy-how-organizations-adapt\">The Digital Economy: How Organizations Adapt.<\/a> Digitalist.<\/p>\n<p>Sheehy, A. (2016). <a href=\"https:\/\/www.forbes.com\/sites\/andrewsheehy\/2016\/06\/06\/gdp-cannot-explain-the-digital-economy\/#70d8998118db\">GDP Cannot Explain the Digital Economy.<\/a> Forbes.<\/p>\n<p>Sinha, K. (2005). <a href=\"https:\/\/www.wattpad.com\/story\/61481807-the-future-of-technology-and-its-impact-on-our\">The Future of Technology and its Impact on Our Lives.<\/a> WPP.<\/p>\n<p>Smith, A. (2016). <a href=\"https:\/\/www.unboundedition.com\/shared-collaborative-and-on-demand-the-new-digital-economy\/\">Shared, Collaborative and On Demand: The New Digital Economy<\/a>. Pew Research Center.<\/p>\n<p>Spiezia, V. (2016). <a href=\"http:\/\/oecdobserver.org\/news\/fullstory.php\/aid\/5586\/Jobs_and_skills_in_the_digital_economy.html\">Jobs and Skills in the digital economy<\/a>. OECD Observer.<\/p>\n<p>Sundararajan, A. (2017). <a href=\"http:\/\/www.imf.org\/external\/pubs\/ft\/fandd\/2017\/06\/sundararajan.htm\">The Future of Work<\/a>. International Monetary Fund.<\/p>\n<p>Sussan, F. (2018). <a href=\"https:\/\/research.phoenix.edu\/center-global-business-and-information-technology-research\/blog\/digital-economy-and-entrepreneurship\">Digital Economy and Entrepreneurship Research Agenda.<\/a> University of Phoenix.<\/p>\n<p>Taylor, T. (2018). <a href=\"http:\/\/conversableeconomist.blogspot.com\/2018\/01\/measuring-free-digital-economy.html\">Measuring the \u201cFree\u201d Digital Economy.<\/a> Conversable Economist.<\/p>\n<p>Teoh, C.S., Mahmood, A.K. (2017). <a href=\"http:\/\/www.hillpublisher.com\/UpFile\/201801\/2018013047687157.pdf\">Cybersecurity Workforce Development for Digital Economy.<\/a> Hill Publishing.<\/p>\n<p>Wentworth, D. (2014). <a href=\"https:\/\/trainingmag.com\/5-trends-future-learning-and-development\">5 Trends for the Future of Learning and Development<\/a>. Training.<\/p>\n<p>Wight, M. (2016). <a href=\"https:\/\/www.business2community.com\/small-business\/digital-economy-several-impacts-small-businesses-01474308\">Digital Economy and Its Several Impacts on Small Businesses.<\/a> Business2Community.<\/p>\n<p>Wladawsky-Berger, I. (2017). <a href=\"https:\/\/blogs.wsj.com\/cio\/2017\/12\/08\/digital-economy-and-its-discontents-ongoing-crisis-or-precursor-to-golden-age\/\">Digital Economy and Its Discontents: Ongoing Crisis or Precursor to Golden Age?<\/a> The Wall Street Journal.<\/p>\n<p>Ziemer, A. (2015). <a href=\"http:\/\/www.sladereport.com.au\/9-chilling-facts-about-your-workplace-and-this-digital-economy\/\">9 chilling facts about your workplace and this digital economy<\/a><em>. <\/em>The Slade Report.[\/vc_column_text][\/vc_column][\/vc_row]<\/p>\n<\/div>","protected":false},"excerpt":{"rendered":"<p>[vc_row][vc_column][vc_column_text]Derni\u00e8re mise \u00e0 jour : Juin 2018[\/vc_column_text][\/vc_column][\/vc_row][vc_row][vc_column][vc_column_text][\/vc_column_text][\/vc_column][\/vc_row][vc_row][vc_column][vc_column_text]Andersen, P., Vandehey, M. (2005). Career Counselling and Development in a Global Economy. Houghton Mifflin Company. Anderson, L., and Wladawsky-Berger,<span class=\"excerpt-hellip\"> [\u2026]<\/span><\/p>\n","protected":false},"author":1,"featured_media":0,"parent":46133,"menu_order":0,"comment_status":"closed","ping_status":"closed","template":"","meta":{"h5ap_radio_sources":[],"footnotes":""},"class_list":["post-46444","page","type-page","status-publish","hentry"],"yoast_head":"<!-- This site is optimized with the Yoast SEO Premium plugin v27.5 (Yoast SEO v27.5) - https:\/\/yoast.com\/product\/yoast-seo-premium-wordpress\/ -->\n<title>\u00c9conomie num\u00e9rique et le d\u00e9veloppement de carri\u00e8re (en anglais) - CERIC<\/title>\n<meta name=\"robots\" content=\"index, follow, max-snippet:-1, max-image-preview:large, max-video-preview:-1\" \/>\n<link rel=\"canonical\" href=\"https:\/\/ceric.ca\/fr\/recherches-documentaires\/economie-numerique-et-le-developpement-de-carriere-en-anglais\/\" \/>\n<meta property=\"og:locale\" content=\"fr_FR\" \/>\n<meta property=\"og:type\" content=\"article\" \/>\n<meta property=\"og:title\" content=\"\u00c9conomie num\u00e9rique et le d\u00e9veloppement de carri\u00e8re (en anglais)\" \/>\n<meta property=\"og:description\" content=\"[vc_row][vc_column][vc_column_text]Derni\u00e8re mise \u00e0 jour : Juin 2018[\/vc_column_text][\/vc_column][\/vc_row][vc_row][vc_column][vc_column_text][\/vc_column_text][\/vc_column][\/vc_row][vc_row][vc_column][vc_column_text]Andersen, P., Vandehey, M. (2005). Career Counselling and Development in a Global Economy. Houghton Mifflin Company. Anderson, L., and Wladawsky-Berger, [\u2026]\" \/>\n<meta property=\"og:url\" content=\"https:\/\/ceric.ca\/fr\/recherches-documentaires\/economie-numerique-et-le-developpement-de-carriere-en-anglais\/\" \/>\n<meta property=\"og:site_name\" content=\"CERIC\" \/>\n<meta property=\"article:modified_time\" content=\"2021-09-01T21:30:26+00:00\" \/>\n<meta name=\"twitter:card\" content=\"summary_large_image\" \/>\n<meta name=\"twitter:label1\" content=\"Dur\u00e9e de lecture estim\u00e9e\" \/>\n\t<meta name=\"twitter:data1\" content=\"5 minutes\" \/>\n<script type=\"application\/ld+json\" class=\"yoast-schema-graph\">{\"@context\":\"https:\\\/\\\/schema.org\",\"@graph\":[{\"@type\":\"WebPage\",\"@id\":\"https:\\\/\\\/ceric.ca\\\/fr\\\/recherches-documentaires\\\/economie-numerique-et-le-developpement-de-carriere-en-anglais\\\/\",\"url\":\"https:\\\/\\\/ceric.ca\\\/fr\\\/recherches-documentaires\\\/economie-numerique-et-le-developpement-de-carriere-en-anglais\\\/\",\"name\":\"\u00c9conomie num\u00e9rique et le d\u00e9veloppement de carri\u00e8re (en anglais) - CERIC\",\"isPartOf\":{\"@id\":\"https:\\\/\\\/ceric.ca\\\/#website\"},\"datePublished\":\"2021-05-04T14:59:56+00:00\",\"dateModified\":\"2021-09-01T21:30:26+00:00\",\"breadcrumb\":{\"@id\":\"https:\\\/\\\/ceric.ca\\\/fr\\\/recherches-documentaires\\\/economie-numerique-et-le-developpement-de-carriere-en-anglais\\\/#breadcrumb\"},\"inLanguage\":\"fr-FR\",\"potentialAction\":[{\"@type\":\"ReadAction\",\"target\":[\"https:\\\/\\\/ceric.ca\\\/fr\\\/recherches-documentaires\\\/economie-numerique-et-le-developpement-de-carriere-en-anglais\\\/\"]}]},{\"@type\":\"BreadcrumbList\",\"@id\":\"https:\\\/\\\/ceric.ca\\\/fr\\\/recherches-documentaires\\\/economie-numerique-et-le-developpement-de-carriere-en-anglais\\\/#breadcrumb\",\"itemListElement\":[{\"@type\":\"ListItem\",\"position\":1,\"name\":\"Home\",\"item\":\"https:\\\/\\\/ceric.ca\\\/fr\\\/ceric-homepage-2025\\\/\"},{\"@type\":\"ListItem\",\"position\":2,\"name\":\"Recherches documentaires\",\"item\":\"https:\\\/\\\/ceric.ca\\\/fr\\\/recherches-documentaires\\\/\"},{\"@type\":\"ListItem\",\"position\":3,\"name\":\"\u00c9conomie num\u00e9rique et le d\u00e9veloppement de carri\u00e8re (en anglais)\"}]},{\"@type\":\"WebSite\",\"@id\":\"https:\\\/\\\/ceric.ca\\\/#website\",\"url\":\"https:\\\/\\\/ceric.ca\\\/\",\"name\":\"CERIC\",\"description\":\"\",\"publisher\":{\"@id\":\"https:\\\/\\\/ceric.ca\\\/#organization\"},\"potentialAction\":[{\"@type\":\"SearchAction\",\"target\":{\"@type\":\"EntryPoint\",\"urlTemplate\":\"https:\\\/\\\/ceric.ca\\\/?s={search_term_string}\"},\"query-input\":{\"@type\":\"PropertyValueSpecification\",\"valueRequired\":true,\"valueName\":\"search_term_string\"}}],\"inLanguage\":\"fr-FR\"},{\"@type\":\"Organization\",\"@id\":\"https:\\\/\\\/ceric.ca\\\/#organization\",\"name\":\"CERIC\",\"url\":\"https:\\\/\\\/ceric.ca\\\/\",\"logo\":{\"@type\":\"ImageObject\",\"inLanguage\":\"fr-FR\",\"@id\":\"https:\\\/\\\/ceric.ca\\\/#\\\/schema\\\/logo\\\/image\\\/\",\"url\":\"\",\"contentUrl\":\"\",\"caption\":\"CERIC\"},\"image\":{\"@id\":\"https:\\\/\\\/ceric.ca\\\/#\\\/schema\\\/logo\\\/image\\\/\"}}]}<\/script>\n<!-- \/ Yoast SEO Premium plugin. -->","yoast_head_json":{"title":"\u00c9conomie num\u00e9rique et le d\u00e9veloppement de carri\u00e8re (en anglais) - CERIC","robots":{"index":"index","follow":"follow","max-snippet":"max-snippet:-1","max-image-preview":"max-image-preview:large","max-video-preview":"max-video-preview:-1"},"canonical":"https:\/\/ceric.ca\/fr\/recherches-documentaires\/economie-numerique-et-le-developpement-de-carriere-en-anglais\/","og_locale":"fr_FR","og_type":"article","og_title":"\u00c9conomie num\u00e9rique et le d\u00e9veloppement de carri\u00e8re (en anglais)","og_description":"[vc_row][vc_column][vc_column_text]Derni\u00e8re mise \u00e0 jour : Juin 2018[\/vc_column_text][\/vc_column][\/vc_row][vc_row][vc_column][vc_column_text][\/vc_column_text][\/vc_column][\/vc_row][vc_row][vc_column][vc_column_text]Andersen, P., Vandehey, M. (2005). Career Counselling and Development in a Global Economy. Houghton Mifflin Company. Anderson, L., and Wladawsky-Berger, [\u2026]","og_url":"https:\/\/ceric.ca\/fr\/recherches-documentaires\/economie-numerique-et-le-developpement-de-carriere-en-anglais\/","og_site_name":"CERIC","article_modified_time":"2021-09-01T21:30:26+00:00","twitter_card":"summary_large_image","twitter_misc":{"Dur\u00e9e de lecture estim\u00e9e":"5 minutes"},"schema":{"@context":"https:\/\/schema.org","@graph":[{"@type":"WebPage","@id":"https:\/\/ceric.ca\/fr\/recherches-documentaires\/economie-numerique-et-le-developpement-de-carriere-en-anglais\/","url":"https:\/\/ceric.ca\/fr\/recherches-documentaires\/economie-numerique-et-le-developpement-de-carriere-en-anglais\/","name":"\u00c9conomie num\u00e9rique et le d\u00e9veloppement de carri\u00e8re (en anglais) - CERIC","isPartOf":{"@id":"https:\/\/ceric.ca\/#website"},"datePublished":"2021-05-04T14:59:56+00:00","dateModified":"2021-09-01T21:30:26+00:00","breadcrumb":{"@id":"https:\/\/ceric.ca\/fr\/recherches-documentaires\/economie-numerique-et-le-developpement-de-carriere-en-anglais\/#breadcrumb"},"inLanguage":"fr-FR","potentialAction":[{"@type":"ReadAction","target":["https:\/\/ceric.ca\/fr\/recherches-documentaires\/economie-numerique-et-le-developpement-de-carriere-en-anglais\/"]}]},{"@type":"BreadcrumbList","@id":"https:\/\/ceric.ca\/fr\/recherches-documentaires\/economie-numerique-et-le-developpement-de-carriere-en-anglais\/#breadcrumb","itemListElement":[{"@type":"ListItem","position":1,"name":"Home","item":"https:\/\/ceric.ca\/fr\/ceric-homepage-2025\/"},{"@type":"ListItem","position":2,"name":"Recherches documentaires","item":"https:\/\/ceric.ca\/fr\/recherches-documentaires\/"},{"@type":"ListItem","position":3,"name":"\u00c9conomie num\u00e9rique et le d\u00e9veloppement de carri\u00e8re (en anglais)"}]},{"@type":"WebSite","@id":"https:\/\/ceric.ca\/#website","url":"https:\/\/ceric.ca\/","name":"CERIC","description":"","publisher":{"@id":"https:\/\/ceric.ca\/#organization"},"potentialAction":[{"@type":"SearchAction","target":{"@type":"EntryPoint","urlTemplate":"https:\/\/ceric.ca\/?s={search_term_string}"},"query-input":{"@type":"PropertyValueSpecification","valueRequired":true,"valueName":"search_term_string"}}],"inLanguage":"fr-FR"},{"@type":"Organization","@id":"https:\/\/ceric.ca\/#organization","name":"CERIC","url":"https:\/\/ceric.ca\/","logo":{"@type":"ImageObject","inLanguage":"fr-FR","@id":"https:\/\/ceric.ca\/#\/schema\/logo\/image\/","url":"","contentUrl":"","caption":"CERIC"},"image":{"@id":"https:\/\/ceric.ca\/#\/schema\/logo\/image\/"}}]}},"_links":{"self":[{"href":"https:\/\/ceric.ca\/fr\/wp-json\/wp\/v2\/pages\/46444","targetHints":{"allow":["GET"]}}],"collection":[{"href":"https:\/\/ceric.ca\/fr\/wp-json\/wp\/v2\/pages"}],"about":[{"href":"https:\/\/ceric.ca\/fr\/wp-json\/wp\/v2\/types\/page"}],"author":[{"embeddable":true,"href":"https:\/\/ceric.ca\/fr\/wp-json\/wp\/v2\/users\/1"}],"replies":[{"embeddable":true,"href":"https:\/\/ceric.ca\/fr\/wp-json\/wp\/v2\/comments?post=46444"}],"version-history":[{"count":0,"href":"https:\/\/ceric.ca\/fr\/wp-json\/wp\/v2\/pages\/46444\/revisions"}],"up":[{"embeddable":true,"href":"https:\/\/ceric.ca\/fr\/wp-json\/wp\/v2\/pages\/46133"}],"wp:attachment":[{"href":"https:\/\/ceric.ca\/fr\/wp-json\/wp\/v2\/media?parent=46444"}],"curies":[{"name":"wp","href":"https:\/\/api.w.org\/{rel}","templated":true}]}}